{"id":116319,"date":"2023-02-28T22:15:42","date_gmt":"2023-02-28T21:15:42","guid":{"rendered":"https:\/\/shop.bantam.ch\/produit\/satfinder-sf-200-schwarz\/"},"modified":"2026-04-18T21:46:09","modified_gmt":"2026-04-18T19:46:09","slug":"satfinder-sf-200-schwarz","status":"publish","type":"product","link":"https:\/\/shop.bantam.ch\/de\/produkt\/satfinder-sf-200-schwarz\/","title":{"rendered":"Satfinder MEGASAT SF 200 Farbe schwarz"},"content":{"rendered":"<p>Der Satfinder besitzt eine akustische und optische Signalanzeige zur Ausrichtung der Satellitenanlage. Mit der integrierten Hintergrundbeleuchtung des Displays kann die Anlage auch bei Dunkelheit eingestellt werden. Zus\u00e4tzlich bietet der Satfinder einen D\u00e4mpfungsregler mit dem eine optimale Feinjustierung durchgef\u00fchrt werden kann.<\/p>\n<p>Ausstattung und Funktionen:<br \/>&#8211; Akustische und analoge Pegelanzeige<br \/>&#8211; Display mit Hintergrund\u00adbeleuchtung<br \/>&#8211; D\u00e4mpfungsregler zur Feinjustierung<br \/>&#8211; DC Stromversorgung vom Receiver<\/p>\n","protected":false},"excerpt":{"rendered":"<p>Der Satfinder besitzt eine akustische und optische Signalanzeige zur Ausrichtung der Satellitenanlage. Mit der integrierten Hintergrundbeleuchtung des Displays kann die Anlage auch bei Dunkelheit eingestellt werden. Zus\u00e4tzlich bietet der Satfinder einen D\u00e4mpfungsregler mit dem eine optimale Feinjustierung durchgef\u00fchrt werden kann. Ausstattung und Funktionen:&#8211; Akustische und analoge Pegelanzeige&#8211; Display mit Hintergrund\u00adbeleuchtung&#8211; D\u00e4mpfungsregler zur Feinjustierung&#8211; DC Stromversorgung [&hellip;]<\/p>\n","protected":false},"featured_media":116317,"template":"","meta":{"_acf_changed":false},"product_featured_cat":[],"product_brand":[3201],"product_cat":[4526],"product_tag":[],"class_list":{"0":"post-116319","1":"product","2":"type-product","3":"status-publish","4":"has-post-thumbnail","6":"product_brand-megasat-de","7":"product_cat-sat-finder","9":"first","10":"instock","11":"taxable","12":"shipping-taxable","13":"purchasable","14":"product-type-simple"},"acf":[],"yoast_head":"<!-- This site is optimized with the Yoast SEO plugin v27.4 - https:\/\/yoast.com\/product\/yoast-seo-wordpress\/ -->\n<title>Satfinder MEGASAT SF 200 Farbe schwarz - Bantam Camping AG<\/title>\n<meta name=\"robots\" content=\"index, follow, max-snippet:-1, max-image-preview:large, max-video-preview:-1\" \/>\n<link rel=\"canonical\" href=\"https:\/\/shop.bantam.ch\/de\/produkt\/satfinder-sf-200-schwarz\/\" \/>\n<meta property=\"og:locale\" content=\"de_DE\" \/>\n<meta property=\"og:type\" content=\"article\" \/>\n<meta property=\"og:title\" content=\"Satfinder MEGASAT SF 200 Farbe schwarz - Bantam Camping AG\" \/>\n<meta property=\"og:description\" content=\"Der Satfinder besitzt eine akustische und optische Signalanzeige zur Ausrichtung der Satellitenanlage. Mit der integrierten Hintergrundbeleuchtung des Displays kann die Anlage auch bei Dunkelheit eingestellt werden. Zus\u00e4tzlich bietet der Satfinder einen D\u00e4mpfungsregler mit dem eine optimale Feinjustierung durchgef\u00fchrt werden kann. Ausstattung und Funktionen:&#8211; Akustische und analoge Pegelanzeige&#8211; Display mit Hintergrund\u00adbeleuchtung&#8211; D\u00e4mpfungsregler zur Feinjustierung&#8211; DC Stromversorgung [&hellip;]\" \/>\n<meta property=\"og:url\" content=\"https:\/\/shop.bantam.ch\/de\/produkt\/satfinder-sf-200-schwarz\/\" \/>\n<meta property=\"og:site_name\" content=\"Bantam Camping AG\" \/>\n<meta property=\"article:modified_time\" content=\"2026-04-18T19:46:09+00:00\" \/>\n<meta property=\"og:image\" content=\"https:\/\/shop.bantam.ch\/wp-content\/uploads\/2023\/02\/996119811.jpg\" \/>\n\t<meta property=\"og:image:width\" content=\"1000\" \/>\n\t<meta property=\"og:image:height\" content=\"781\" \/>\n\t<meta property=\"og:image:type\" content=\"image\/jpeg\" \/>\n<meta name=\"twitter:card\" content=\"summary_large_image\" \/>\n<script type=\"application\/ld+json\" class=\"yoast-schema-graph\">{\"@context\":\"https:\\\/\\\/schema.org\",\"@graph\":[{\"@type\":\"WebPage\",\"@id\":\"https:\\\/\\\/shop.bantam.ch\\\/de\\\/produkt\\\/satfinder-sf-200-schwarz\\\/\",\"url\":\"https:\\\/\\\/shop.bantam.ch\\\/de\\\/produkt\\\/satfinder-sf-200-schwarz\\\/\",\"name\":\"Satfinder MEGASAT SF 200 Farbe schwarz - Bantam Camping AG\",\"isPartOf\":{\"@id\":\"https:\\\/\\\/shop.bantam.ch\\\/de\\\/#website\"},\"primaryImageOfPage\":{\"@id\":\"https:\\\/\\\/shop.bantam.ch\\\/de\\\/produkt\\\/satfinder-sf-200-schwarz\\\/#primaryimage\"},\"image\":{\"@id\":\"https:\\\/\\\/shop.bantam.ch\\\/de\\\/produkt\\\/satfinder-sf-200-schwarz\\\/#primaryimage\"},\"thumbnailUrl\":\"https:\\\/\\\/shop.bantam.ch\\\/wp-content\\\/uploads\\\/2023\\\/02\\\/996119811.jpg\",\"datePublished\":\"2023-02-28T21:15:42+00:00\",\"dateModified\":\"2026-04-18T19:46:09+00:00\",\"breadcrumb\":{\"@id\":\"https:\\\/\\\/shop.bantam.ch\\\/de\\\/produkt\\\/satfinder-sf-200-schwarz\\\/#breadcrumb\"},\"inLanguage\":\"de\",\"potentialAction\":[{\"@type\":\"ReadAction\",\"target\":[\"https:\\\/\\\/shop.bantam.ch\\\/de\\\/produkt\\\/satfinder-sf-200-schwarz\\\/\"]}]},{\"@type\":\"ImageObject\",\"inLanguage\":\"de\",\"@id\":\"https:\\\/\\\/shop.bantam.ch\\\/de\\\/produkt\\\/satfinder-sf-200-schwarz\\\/#primaryimage\",\"url\":\"https:\\\/\\\/shop.bantam.ch\\\/wp-content\\\/uploads\\\/2023\\\/02\\\/996119811.jpg\",\"contentUrl\":\"https:\\\/\\\/shop.bantam.ch\\\/wp-content\\\/uploads\\\/2023\\\/02\\\/996119811.jpg\",\"width\":1000,\"height\":781},{\"@type\":\"BreadcrumbList\",\"@id\":\"https:\\\/\\\/shop.bantam.ch\\\/de\\\/produkt\\\/satfinder-sf-200-schwarz\\\/#breadcrumb\",\"itemListElement\":[{\"@type\":\"ListItem\",\"position\":1,\"name\":\"Accueil\",\"item\":\"https:\\\/\\\/shop.bantam.ch\\\/de\\\/\"},{\"@type\":\"ListItem\",\"position\":2,\"name\":\"Shop\",\"item\":\"https:\\\/\\\/shop.bantam.ch\\\/de\\\/shop\\\/\"},{\"@type\":\"ListItem\",\"position\":3,\"name\":\"Satfinder MEGASAT SF 200 Farbe schwarz\"}]},{\"@type\":\"WebSite\",\"@id\":\"https:\\\/\\\/shop.bantam.ch\\\/de\\\/#website\",\"url\":\"https:\\\/\\\/shop.bantam.ch\\\/de\\\/\",\"name\":\"Bantam Camping AG\",\"description\":\"\",\"publisher\":{\"@id\":\"https:\\\/\\\/shop.bantam.ch\\\/de\\\/#organization\"},\"inLanguage\":\"de\"},{\"@type\":\"Organization\",\"@id\":\"https:\\\/\\\/shop.bantam.ch\\\/de\\\/#organization\",\"name\":\"Bantam Camping AG\",\"url\":\"https:\\\/\\\/shop.bantam.ch\\\/de\\\/\",\"logo\":{\"@type\":\"ImageObject\",\"inLanguage\":\"de\",\"@id\":\"https:\\\/\\\/shop.bantam.ch\\\/de\\\/#\\\/schema\\\/logo\\\/image\\\/\",\"url\":\"https:\\\/\\\/shop.bantam.ch\\\/wp-content\\\/uploads\\\/2022\\\/12\\\/bantam-logo.png\",\"contentUrl\":\"https:\\\/\\\/shop.bantam.ch\\\/wp-content\\\/uploads\\\/2022\\\/12\\\/bantam-logo.png\",\"width\":320,\"height\":71,\"caption\":\"Bantam Camping AG\"},\"image\":{\"@id\":\"https:\\\/\\\/shop.bantam.ch\\\/de\\\/#\\\/schema\\\/logo\\\/image\\\/\"}}]}<\/script>\n<!-- \/ Yoast SEO plugin. -->","yoast_head_json":{"title":"Satfinder MEGASAT SF 200 Farbe schwarz - Bantam Camping AG","robots":{"index":"index","follow":"follow","max-snippet":"max-snippet:-1","max-image-preview":"max-image-preview:large","max-video-preview":"max-video-preview:-1"},"canonical":"https:\/\/shop.bantam.ch\/de\/produkt\/satfinder-sf-200-schwarz\/","og_locale":"de_DE","og_type":"article","og_title":"Satfinder MEGASAT SF 200 Farbe schwarz - Bantam Camping AG","og_description":"Der Satfinder besitzt eine akustische und optische Signalanzeige zur Ausrichtung der Satellitenanlage. Mit der integrierten Hintergrundbeleuchtung des Displays kann die Anlage auch bei Dunkelheit eingestellt werden. Zus\u00e4tzlich bietet der Satfinder einen D\u00e4mpfungsregler mit dem eine optimale Feinjustierung durchgef\u00fchrt werden kann. Ausstattung und Funktionen:&#8211; Akustische und analoge Pegelanzeige&#8211; Display mit Hintergrund\u00adbeleuchtung&#8211; D\u00e4mpfungsregler zur Feinjustierung&#8211; DC Stromversorgung [&hellip;]","og_url":"https:\/\/shop.bantam.ch\/de\/produkt\/satfinder-sf-200-schwarz\/","og_site_name":"Bantam Camping AG","article_modified_time":"2026-04-18T19:46:09+00:00","og_image":[{"width":1000,"height":781,"url":"https:\/\/shop.bantam.ch\/wp-content\/uploads\/2023\/02\/996119811.jpg","type":"image\/jpeg"}],"twitter_card":"summary_large_image","schema":{"@context":"https:\/\/schema.org","@graph":[{"@type":"WebPage","@id":"https:\/\/shop.bantam.ch\/de\/produkt\/satfinder-sf-200-schwarz\/","url":"https:\/\/shop.bantam.ch\/de\/produkt\/satfinder-sf-200-schwarz\/","name":"Satfinder MEGASAT SF 200 Farbe schwarz - Bantam Camping AG","isPartOf":{"@id":"https:\/\/shop.bantam.ch\/de\/#website"},"primaryImageOfPage":{"@id":"https:\/\/shop.bantam.ch\/de\/produkt\/satfinder-sf-200-schwarz\/#primaryimage"},"image":{"@id":"https:\/\/shop.bantam.ch\/de\/produkt\/satfinder-sf-200-schwarz\/#primaryimage"},"thumbnailUrl":"https:\/\/shop.bantam.ch\/wp-content\/uploads\/2023\/02\/996119811.jpg","datePublished":"2023-02-28T21:15:42+00:00","dateModified":"2026-04-18T19:46:09+00:00","breadcrumb":{"@id":"https:\/\/shop.bantam.ch\/de\/produkt\/satfinder-sf-200-schwarz\/#breadcrumb"},"inLanguage":"de","potentialAction":[{"@type":"ReadAction","target":["https:\/\/shop.bantam.ch\/de\/produkt\/satfinder-sf-200-schwarz\/"]}]},{"@type":"ImageObject","inLanguage":"de","@id":"https:\/\/shop.bantam.ch\/de\/produkt\/satfinder-sf-200-schwarz\/#primaryimage","url":"https:\/\/shop.bantam.ch\/wp-content\/uploads\/2023\/02\/996119811.jpg","contentUrl":"https:\/\/shop.bantam.ch\/wp-content\/uploads\/2023\/02\/996119811.jpg","width":1000,"height":781},{"@type":"BreadcrumbList","@id":"https:\/\/shop.bantam.ch\/de\/produkt\/satfinder-sf-200-schwarz\/#breadcrumb","itemListElement":[{"@type":"ListItem","position":1,"name":"Accueil","item":"https:\/\/shop.bantam.ch\/de\/"},{"@type":"ListItem","position":2,"name":"Shop","item":"https:\/\/shop.bantam.ch\/de\/shop\/"},{"@type":"ListItem","position":3,"name":"Satfinder MEGASAT SF 200 Farbe schwarz"}]},{"@type":"WebSite","@id":"https:\/\/shop.bantam.ch\/de\/#website","url":"https:\/\/shop.bantam.ch\/de\/","name":"Bantam Camping AG","description":"","publisher":{"@id":"https:\/\/shop.bantam.ch\/de\/#organization"},"inLanguage":"de"},{"@type":"Organization","@id":"https:\/\/shop.bantam.ch\/de\/#organization","name":"Bantam Camping AG","url":"https:\/\/shop.bantam.ch\/de\/","logo":{"@type":"ImageObject","inLanguage":"de","@id":"https:\/\/shop.bantam.ch\/de\/#\/schema\/logo\/image\/","url":"https:\/\/shop.bantam.ch\/wp-content\/uploads\/2022\/12\/bantam-logo.png","contentUrl":"https:\/\/shop.bantam.ch\/wp-content\/uploads\/2022\/12\/bantam-logo.png","width":320,"height":71,"caption":"Bantam Camping AG"},"image":{"@id":"https:\/\/shop.bantam.ch\/de\/#\/schema\/logo\/image\/"}}]}},"_links":{"self":[{"href":"https:\/\/shop.bantam.ch\/de\/wp-json\/wp\/v2\/product\/116319","targetHints":{"allow":["GET"]}}],"collection":[{"href":"https:\/\/shop.bantam.ch\/de\/wp-json\/wp\/v2\/product"}],"about":[{"href":"https:\/\/shop.bantam.ch\/de\/wp-json\/wp\/v2\/types\/product"}],"wp:featuredmedia":[{"embeddable":true,"href":"https:\/\/shop.bantam.ch\/de\/wp-json\/wp\/v2\/media\/116317"}],"wp:attachment":[{"href":"https:\/\/shop.bantam.ch\/de\/wp-json\/wp\/v2\/media?parent=116319"}],"wp:term":[{"taxonomy":"product_featured_cat","embeddable":true,"href":"https:\/\/shop.bantam.ch\/de\/wp-json\/wp\/v2\/product_featured_cat?post=116319"},{"taxonomy":"product_brand","embeddable":true,"href":"https:\/\/shop.bantam.ch\/de\/wp-json\/wp\/v2\/product_brand?post=116319"},{"taxonomy":"product_cat","embeddable":true,"href":"https:\/\/shop.bantam.ch\/de\/wp-json\/wp\/v2\/product_cat?post=116319"},{"taxonomy":"product_tag","embeddable":true,"href":"https:\/\/shop.bantam.ch\/de\/wp-json\/wp\/v2\/product_tag?post=116319"}],"curies":[{"name":"wp","href":"https:\/\/api.w.org\/{rel}","templated":true}]}}