{"id":116263,"date":"2023-02-28T22:14:54","date_gmt":"2023-02-28T21:14:54","guid":{"rendered":"https:\/\/shop.bantam.ch\/produit\/teleskopleiter\/"},"modified":"2026-04-17T21:45:04","modified_gmt":"2026-04-17T19:45:04","slug":"teleskopleiter","status":"publish","type":"product","link":"https:\/\/shop.bantam.ch\/de\/produkt\/teleskopleiter\/","title":{"rendered":"Teleskopleiter HYMER Traglast 150 kg"},"content":{"rendered":"<p>Die kompakte Leiter f\u00fcr den Innen- und Au\u00dfenbereich. Zusammengefahren l\u00e4sst sie sich leicht transportieren und platzsparend verstauen.<\/p>\n<ul>\n<li>Leicht transportieren und platzsparend verstauen<\/li>\n<li>Sicheres Anlegen der Leiter und Schutz der Anlegefl\u00e4che<\/li>\n<li>Breite, rutschfeste Sprossen f\u00fcr einen komfortablen Aufstieg<\/li>\n<li>Rutschfeste F\u00fc\u00dfe f\u00fcr einen sicheren Stand<\/li>\n<li>Stabile Einh\u00e4ngung f\u00fcr eine sichere Befestigung der Leiter im Fahrzeug<\/li>\n<li>Angenehmes Tragen der Leiter durch die praktische Griffschale<\/li>\n<li>Einfahren durch einzigartiges D\u00e4mpfungssystem<\/li>\n<li>Mit nur einem Handgriff alle Sprossen einfahren<\/li>\n<\/ul>\n","protected":false},"excerpt":{"rendered":"<p>Die kompakte Leiter f\u00fcr den Innen- und Au\u00dfenbereich. Zusammengefahren l\u00e4sst sie sich leicht transportieren und platzsparend verstauen. Leicht transportieren und platzsparend verstauen Sicheres Anlegen der Leiter und Schutz der Anlegefl\u00e4che Breite, rutschfeste Sprossen f\u00fcr einen komfortablen Aufstieg Rutschfeste F\u00fc\u00dfe f\u00fcr einen sicheren Stand Stabile Einh\u00e4ngung f\u00fcr eine sichere Befestigung der Leiter im Fahrzeug Angenehmes Tragen [&hellip;]<\/p>\n","protected":false},"featured_media":116257,"template":"","meta":{"_acf_changed":false},"product_featured_cat":[],"product_brand":[3151],"product_cat":[4806],"product_tag":[],"class_list":{"0":"post-116263","1":"product","2":"type-product","3":"status-publish","4":"has-post-thumbnail","6":"product_brand-hymer-de","7":"product_cat-leitern","9":"first","10":"instock","11":"taxable","12":"shipping-taxable","13":"purchasable","14":"product-type-simple"},"acf":[],"yoast_head":"<!-- This site is optimized with the Yoast SEO plugin v27.4 - https:\/\/yoast.com\/product\/yoast-seo-wordpress\/ -->\n<title>Teleskopleiter HYMER Traglast 150 kg - Bantam Camping AG<\/title>\n<meta name=\"robots\" content=\"index, follow, max-snippet:-1, max-image-preview:large, max-video-preview:-1\" \/>\n<link rel=\"canonical\" href=\"https:\/\/shop.bantam.ch\/de\/produkt\/teleskopleiter\/\" \/>\n<meta property=\"og:locale\" content=\"de_DE\" \/>\n<meta property=\"og:type\" content=\"article\" \/>\n<meta property=\"og:title\" content=\"Teleskopleiter HYMER Traglast 150 kg - Bantam Camping AG\" \/>\n<meta property=\"og:description\" content=\"Die kompakte Leiter f\u00fcr den Innen- und Au\u00dfenbereich. Zusammengefahren l\u00e4sst sie sich leicht transportieren und platzsparend verstauen. Leicht transportieren und platzsparend verstauen Sicheres Anlegen der Leiter und Schutz der Anlegefl\u00e4che Breite, rutschfeste Sprossen f\u00fcr einen komfortablen Aufstieg Rutschfeste F\u00fc\u00dfe f\u00fcr einen sicheren Stand Stabile Einh\u00e4ngung f\u00fcr eine sichere Befestigung der Leiter im Fahrzeug Angenehmes Tragen [&hellip;]\" \/>\n<meta property=\"og:url\" content=\"https:\/\/shop.bantam.ch\/de\/produkt\/teleskopleiter\/\" \/>\n<meta property=\"og:site_name\" content=\"Bantam Camping AG\" \/>\n<meta property=\"article:modified_time\" content=\"2026-04-17T19:45:04+00:00\" \/>\n<meta property=\"og:image\" content=\"https:\/\/shop.bantam.ch\/wp-content\/uploads\/2023\/02\/994438411.jpg\" \/>\n\t<meta property=\"og:image:width\" content=\"390\" \/>\n\t<meta property=\"og:image:height\" content=\"1000\" \/>\n\t<meta property=\"og:image:type\" content=\"image\/jpeg\" \/>\n<meta name=\"twitter:card\" content=\"summary_large_image\" \/>\n<script type=\"application\/ld+json\" class=\"yoast-schema-graph\">{\"@context\":\"https:\\\/\\\/schema.org\",\"@graph\":[{\"@type\":\"WebPage\",\"@id\":\"https:\\\/\\\/shop.bantam.ch\\\/de\\\/produkt\\\/teleskopleiter\\\/\",\"url\":\"https:\\\/\\\/shop.bantam.ch\\\/de\\\/produkt\\\/teleskopleiter\\\/\",\"name\":\"Teleskopleiter HYMER Traglast 150 kg - Bantam Camping AG\",\"isPartOf\":{\"@id\":\"https:\\\/\\\/shop.bantam.ch\\\/de\\\/#website\"},\"primaryImageOfPage\":{\"@id\":\"https:\\\/\\\/shop.bantam.ch\\\/de\\\/produkt\\\/teleskopleiter\\\/#primaryimage\"},\"image\":{\"@id\":\"https:\\\/\\\/shop.bantam.ch\\\/de\\\/produkt\\\/teleskopleiter\\\/#primaryimage\"},\"thumbnailUrl\":\"https:\\\/\\\/shop.bantam.ch\\\/wp-content\\\/uploads\\\/2023\\\/02\\\/994438411.jpg\",\"datePublished\":\"2023-02-28T21:14:54+00:00\",\"dateModified\":\"2026-04-17T19:45:04+00:00\",\"breadcrumb\":{\"@id\":\"https:\\\/\\\/shop.bantam.ch\\\/de\\\/produkt\\\/teleskopleiter\\\/#breadcrumb\"},\"inLanguage\":\"de\",\"potentialAction\":[{\"@type\":\"ReadAction\",\"target\":[\"https:\\\/\\\/shop.bantam.ch\\\/de\\\/produkt\\\/teleskopleiter\\\/\"]}]},{\"@type\":\"ImageObject\",\"inLanguage\":\"de\",\"@id\":\"https:\\\/\\\/shop.bantam.ch\\\/de\\\/produkt\\\/teleskopleiter\\\/#primaryimage\",\"url\":\"https:\\\/\\\/shop.bantam.ch\\\/wp-content\\\/uploads\\\/2023\\\/02\\\/994438411.jpg\",\"contentUrl\":\"https:\\\/\\\/shop.bantam.ch\\\/wp-content\\\/uploads\\\/2023\\\/02\\\/994438411.jpg\",\"width\":390,\"height\":1000},{\"@type\":\"BreadcrumbList\",\"@id\":\"https:\\\/\\\/shop.bantam.ch\\\/de\\\/produkt\\\/teleskopleiter\\\/#breadcrumb\",\"itemListElement\":[{\"@type\":\"ListItem\",\"position\":1,\"name\":\"Accueil\",\"item\":\"https:\\\/\\\/shop.bantam.ch\\\/de\\\/\"},{\"@type\":\"ListItem\",\"position\":2,\"name\":\"Shop\",\"item\":\"https:\\\/\\\/shop.bantam.ch\\\/de\\\/shop\\\/\"},{\"@type\":\"ListItem\",\"position\":3,\"name\":\"Teleskopleiter HYMER Traglast 150 kg\"}]},{\"@type\":\"WebSite\",\"@id\":\"https:\\\/\\\/shop.bantam.ch\\\/de\\\/#website\",\"url\":\"https:\\\/\\\/shop.bantam.ch\\\/de\\\/\",\"name\":\"Bantam Camping AG\",\"description\":\"\",\"publisher\":{\"@id\":\"https:\\\/\\\/shop.bantam.ch\\\/de\\\/#organization\"},\"inLanguage\":\"de\"},{\"@type\":\"Organization\",\"@id\":\"https:\\\/\\\/shop.bantam.ch\\\/de\\\/#organization\",\"name\":\"Bantam Camping AG\",\"url\":\"https:\\\/\\\/shop.bantam.ch\\\/de\\\/\",\"logo\":{\"@type\":\"ImageObject\",\"inLanguage\":\"de\",\"@id\":\"https:\\\/\\\/shop.bantam.ch\\\/de\\\/#\\\/schema\\\/logo\\\/image\\\/\",\"url\":\"https:\\\/\\\/shop.bantam.ch\\\/wp-content\\\/uploads\\\/2022\\\/12\\\/bantam-logo.png\",\"contentUrl\":\"https:\\\/\\\/shop.bantam.ch\\\/wp-content\\\/uploads\\\/2022\\\/12\\\/bantam-logo.png\",\"width\":320,\"height\":71,\"caption\":\"Bantam Camping AG\"},\"image\":{\"@id\":\"https:\\\/\\\/shop.bantam.ch\\\/de\\\/#\\\/schema\\\/logo\\\/image\\\/\"}}]}<\/script>\n<!-- \/ Yoast SEO plugin. -->","yoast_head_json":{"title":"Teleskopleiter HYMER Traglast 150 kg - Bantam Camping AG","robots":{"index":"index","follow":"follow","max-snippet":"max-snippet:-1","max-image-preview":"max-image-preview:large","max-video-preview":"max-video-preview:-1"},"canonical":"https:\/\/shop.bantam.ch\/de\/produkt\/teleskopleiter\/","og_locale":"de_DE","og_type":"article","og_title":"Teleskopleiter HYMER Traglast 150 kg - Bantam Camping AG","og_description":"Die kompakte Leiter f\u00fcr den Innen- und Au\u00dfenbereich. Zusammengefahren l\u00e4sst sie sich leicht transportieren und platzsparend verstauen. Leicht transportieren und platzsparend verstauen Sicheres Anlegen der Leiter und Schutz der Anlegefl\u00e4che Breite, rutschfeste Sprossen f\u00fcr einen komfortablen Aufstieg Rutschfeste F\u00fc\u00dfe f\u00fcr einen sicheren Stand Stabile Einh\u00e4ngung f\u00fcr eine sichere Befestigung der Leiter im Fahrzeug Angenehmes Tragen [&hellip;]","og_url":"https:\/\/shop.bantam.ch\/de\/produkt\/teleskopleiter\/","og_site_name":"Bantam Camping AG","article_modified_time":"2026-04-17T19:45:04+00:00","og_image":[{"width":390,"height":1000,"url":"https:\/\/shop.bantam.ch\/wp-content\/uploads\/2023\/02\/994438411.jpg","type":"image\/jpeg"}],"twitter_card":"summary_large_image","schema":{"@context":"https:\/\/schema.org","@graph":[{"@type":"WebPage","@id":"https:\/\/shop.bantam.ch\/de\/produkt\/teleskopleiter\/","url":"https:\/\/shop.bantam.ch\/de\/produkt\/teleskopleiter\/","name":"Teleskopleiter HYMER Traglast 150 kg - Bantam Camping AG","isPartOf":{"@id":"https:\/\/shop.bantam.ch\/de\/#website"},"primaryImageOfPage":{"@id":"https:\/\/shop.bantam.ch\/de\/produkt\/teleskopleiter\/#primaryimage"},"image":{"@id":"https:\/\/shop.bantam.ch\/de\/produkt\/teleskopleiter\/#primaryimage"},"thumbnailUrl":"https:\/\/shop.bantam.ch\/wp-content\/uploads\/2023\/02\/994438411.jpg","datePublished":"2023-02-28T21:14:54+00:00","dateModified":"2026-04-17T19:45:04+00:00","breadcrumb":{"@id":"https:\/\/shop.bantam.ch\/de\/produkt\/teleskopleiter\/#breadcrumb"},"inLanguage":"de","potentialAction":[{"@type":"ReadAction","target":["https:\/\/shop.bantam.ch\/de\/produkt\/teleskopleiter\/"]}]},{"@type":"ImageObject","inLanguage":"de","@id":"https:\/\/shop.bantam.ch\/de\/produkt\/teleskopleiter\/#primaryimage","url":"https:\/\/shop.bantam.ch\/wp-content\/uploads\/2023\/02\/994438411.jpg","contentUrl":"https:\/\/shop.bantam.ch\/wp-content\/uploads\/2023\/02\/994438411.jpg","width":390,"height":1000},{"@type":"BreadcrumbList","@id":"https:\/\/shop.bantam.ch\/de\/produkt\/teleskopleiter\/#breadcrumb","itemListElement":[{"@type":"ListItem","position":1,"name":"Accueil","item":"https:\/\/shop.bantam.ch\/de\/"},{"@type":"ListItem","position":2,"name":"Shop","item":"https:\/\/shop.bantam.ch\/de\/shop\/"},{"@type":"ListItem","position":3,"name":"Teleskopleiter HYMER Traglast 150 kg"}]},{"@type":"WebSite","@id":"https:\/\/shop.bantam.ch\/de\/#website","url":"https:\/\/shop.bantam.ch\/de\/","name":"Bantam Camping AG","description":"","publisher":{"@id":"https:\/\/shop.bantam.ch\/de\/#organization"},"inLanguage":"de"},{"@type":"Organization","@id":"https:\/\/shop.bantam.ch\/de\/#organization","name":"Bantam Camping AG","url":"https:\/\/shop.bantam.ch\/de\/","logo":{"@type":"ImageObject","inLanguage":"de","@id":"https:\/\/shop.bantam.ch\/de\/#\/schema\/logo\/image\/","url":"https:\/\/shop.bantam.ch\/wp-content\/uploads\/2022\/12\/bantam-logo.png","contentUrl":"https:\/\/shop.bantam.ch\/wp-content\/uploads\/2022\/12\/bantam-logo.png","width":320,"height":71,"caption":"Bantam Camping AG"},"image":{"@id":"https:\/\/shop.bantam.ch\/de\/#\/schema\/logo\/image\/"}}]}},"_links":{"self":[{"href":"https:\/\/shop.bantam.ch\/de\/wp-json\/wp\/v2\/product\/116263","targetHints":{"allow":["GET"]}}],"collection":[{"href":"https:\/\/shop.bantam.ch\/de\/wp-json\/wp\/v2\/product"}],"about":[{"href":"https:\/\/shop.bantam.ch\/de\/wp-json\/wp\/v2\/types\/product"}],"wp:featuredmedia":[{"embeddable":true,"href":"https:\/\/shop.bantam.ch\/de\/wp-json\/wp\/v2\/media\/116257"}],"wp:attachment":[{"href":"https:\/\/shop.bantam.ch\/de\/wp-json\/wp\/v2\/media?parent=116263"}],"wp:term":[{"taxonomy":"product_featured_cat","embeddable":true,"href":"https:\/\/shop.bantam.ch\/de\/wp-json\/wp\/v2\/product_featured_cat?post=116263"},{"taxonomy":"product_brand","embeddable":true,"href":"https:\/\/shop.bantam.ch\/de\/wp-json\/wp\/v2\/product_brand?post=116263"},{"taxonomy":"product_cat","embeddable":true,"href":"https:\/\/shop.bantam.ch\/de\/wp-json\/wp\/v2\/product_cat?post=116263"},{"taxonomy":"product_tag","embeddable":true,"href":"https:\/\/shop.bantam.ch\/de\/wp-json\/wp\/v2\/product_tag?post=116263"}],"curies":[{"name":"wp","href":"https:\/\/api.w.org\/{rel}","templated":true}]}}