{"id":116223,"date":"2023-02-28T22:13:33","date_gmt":"2023-02-28T21:13:33","guid":{"rendered":"https:\/\/shop.bantam.ch\/produit\/wandmarkise-perfectwall-pw-1500-12-v-motor-tuch-horizon-grey\/"},"modified":"2026-04-18T23:26:11","modified_gmt":"2026-04-18T21:26:11","slug":"wandmarkise-perfectwall-pw-1500-12-v-motor-tuch-horizon-grey","status":"publish","type":"product","link":"https:\/\/shop.bantam.ch\/de\/produkt\/wandmarkise-perfectwall-pw-1500-12-v-motor-tuch-horizon-grey\/","title":{"rendered":"Wandmarkise PerfectWall PW 1500 12 V Motor Tuch horizon grey"},"content":{"rendered":"<p>Diese robuste Wandmarkise eignet sich hervorragend f\u00fcr gro\u00dfe Fahrzeuge. Das patentierte automatische Ausfallprofil erm\u00f6glicht leichtg\u00e4ngiges Ein- und Ausfahren. Endkappen aus Aluminium f\u00fcr hohe Widerstandsf\u00e4higkeit. Sie ist serienm\u00e4\u00dfig mit einem 12V Motor ausgestattet, der per Fernbedienung gesteuert wird.<\/p>\n<ul>\n<li>Einfache Einrichtung durch nur eine Person<\/li>\n<li>Eine der leichtesten Markisen f\u00fcr gro\u00dfe Fahrzeuge<\/li>\n<li>St\u00fctzen mit patentiertem Easy Lock Flipper zur Sicherung der Markise<\/li>\n<li>robustes, UV-gesch\u00fctztes, verst\u00e4rktes Vinyl<\/li>\n<li>Ausziehbare Handkurbel<\/li>\n<li>Erstklassige Qualit\u00e4t<\/li>\n<li>Endkappen aus 100 % Aluminium<\/li>\n<li>Betriebsart 12 V Motor<\/li>\n<\/ul>\n<p>Lieferumfang:<br \/>Inklusive Markise<br \/>Flachadapter<br \/>teleskopierbare Handkurbel<\/p>\n","protected":false},"excerpt":{"rendered":"<p>Diese robuste Wandmarkise eignet sich hervorragend f\u00fcr gro\u00dfe Fahrzeuge. Das patentierte automatische Ausfallprofil erm\u00f6glicht leichtg\u00e4ngiges Ein- und Ausfahren. Endkappen aus Aluminium f\u00fcr hohe Widerstandsf\u00e4higkeit. Sie ist serienm\u00e4\u00dfig mit einem 12V Motor ausgestattet, der per Fernbedienung gesteuert wird. Einfache Einrichtung durch nur eine Person Eine der leichtesten Markisen f\u00fcr gro\u00dfe Fahrzeuge St\u00fctzen mit patentiertem Easy Lock [&hellip;]<\/p>\n","protected":false},"featured_media":116033,"template":"","meta":{"_acf_changed":false},"product_featured_cat":[],"product_brand":[3029],"product_cat":[4214],"product_tag":[],"class_list":{"0":"post-116223","1":"product","2":"type-product","3":"status-publish","4":"has-post-thumbnail","6":"product_brand-dometic-de","7":"product_cat-markisen-dachseitenwand","9":"first","10":"instock","11":"taxable","12":"shipping-taxable","13":"purchasable","14":"product-type-variable"},"acf":[],"yoast_head":"<!-- This site is optimized with the Yoast SEO plugin v27.4 - https:\/\/yoast.com\/product\/yoast-seo-wordpress\/ -->\n<title>Wandmarkise PerfectWall PW 1500 12 V Motor Tuch horizon grey - Bantam Camping AG<\/title>\n<meta name=\"robots\" content=\"index, follow, max-snippet:-1, max-image-preview:large, max-video-preview:-1\" \/>\n<link rel=\"canonical\" href=\"https:\/\/shop.bantam.ch\/de\/produkt\/wandmarkise-perfectwall-pw-1500-12-v-motor-tuch-horizon-grey\/\" \/>\n<meta property=\"og:locale\" content=\"de_DE\" \/>\n<meta property=\"og:type\" content=\"article\" \/>\n<meta property=\"og:title\" content=\"Wandmarkise PerfectWall PW 1500 12 V Motor Tuch horizon grey - Bantam Camping AG\" \/>\n<meta property=\"og:description\" content=\"Diese robuste Wandmarkise eignet sich hervorragend f\u00fcr gro\u00dfe Fahrzeuge. Das patentierte automatische Ausfallprofil erm\u00f6glicht leichtg\u00e4ngiges Ein- und Ausfahren. Endkappen aus Aluminium f\u00fcr hohe Widerstandsf\u00e4higkeit. Sie ist serienm\u00e4\u00dfig mit einem 12V Motor ausgestattet, der per Fernbedienung gesteuert wird. Einfache Einrichtung durch nur eine Person Eine der leichtesten Markisen f\u00fcr gro\u00dfe Fahrzeuge St\u00fctzen mit patentiertem Easy Lock [&hellip;]\" \/>\n<meta property=\"og:url\" content=\"https:\/\/shop.bantam.ch\/de\/produkt\/wandmarkise-perfectwall-pw-1500-12-v-motor-tuch-horizon-grey\/\" \/>\n<meta property=\"og:site_name\" content=\"Bantam Camping AG\" \/>\n<meta property=\"article:modified_time\" content=\"2026-04-18T21:26:11+00:00\" \/>\n<meta property=\"og:image\" content=\"https:\/\/shop.bantam.ch\/wp-content\/uploads\/2023\/02\/995813416.jpg\" \/>\n\t<meta property=\"og:image:width\" content=\"1000\" \/>\n\t<meta property=\"og:image:height\" content=\"1000\" \/>\n\t<meta property=\"og:image:type\" content=\"image\/jpeg\" \/>\n<meta name=\"twitter:card\" content=\"summary_large_image\" \/>\n<script type=\"application\/ld+json\" class=\"yoast-schema-graph\">{\"@context\":\"https:\\\/\\\/schema.org\",\"@graph\":[{\"@type\":\"WebPage\",\"@id\":\"https:\\\/\\\/shop.bantam.ch\\\/de\\\/produkt\\\/wandmarkise-perfectwall-pw-1500-12-v-motor-tuch-horizon-grey\\\/\",\"url\":\"https:\\\/\\\/shop.bantam.ch\\\/de\\\/produkt\\\/wandmarkise-perfectwall-pw-1500-12-v-motor-tuch-horizon-grey\\\/\",\"name\":\"Wandmarkise PerfectWall PW 1500 12 V Motor Tuch horizon grey - Bantam Camping AG\",\"isPartOf\":{\"@id\":\"https:\\\/\\\/shop.bantam.ch\\\/de\\\/#website\"},\"primaryImageOfPage\":{\"@id\":\"https:\\\/\\\/shop.bantam.ch\\\/de\\\/produkt\\\/wandmarkise-perfectwall-pw-1500-12-v-motor-tuch-horizon-grey\\\/#primaryimage\"},\"image\":{\"@id\":\"https:\\\/\\\/shop.bantam.ch\\\/de\\\/produkt\\\/wandmarkise-perfectwall-pw-1500-12-v-motor-tuch-horizon-grey\\\/#primaryimage\"},\"thumbnailUrl\":\"https:\\\/\\\/shop.bantam.ch\\\/wp-content\\\/uploads\\\/2023\\\/02\\\/995813416.jpg\",\"datePublished\":\"2023-02-28T21:13:33+00:00\",\"dateModified\":\"2026-04-18T21:26:11+00:00\",\"breadcrumb\":{\"@id\":\"https:\\\/\\\/shop.bantam.ch\\\/de\\\/produkt\\\/wandmarkise-perfectwall-pw-1500-12-v-motor-tuch-horizon-grey\\\/#breadcrumb\"},\"inLanguage\":\"de\",\"potentialAction\":[{\"@type\":\"ReadAction\",\"target\":[\"https:\\\/\\\/shop.bantam.ch\\\/de\\\/produkt\\\/wandmarkise-perfectwall-pw-1500-12-v-motor-tuch-horizon-grey\\\/\"]}]},{\"@type\":\"ImageObject\",\"inLanguage\":\"de\",\"@id\":\"https:\\\/\\\/shop.bantam.ch\\\/de\\\/produkt\\\/wandmarkise-perfectwall-pw-1500-12-v-motor-tuch-horizon-grey\\\/#primaryimage\",\"url\":\"https:\\\/\\\/shop.bantam.ch\\\/wp-content\\\/uploads\\\/2023\\\/02\\\/995813416.jpg\",\"contentUrl\":\"https:\\\/\\\/shop.bantam.ch\\\/wp-content\\\/uploads\\\/2023\\\/02\\\/995813416.jpg\",\"width\":1000,\"height\":1000},{\"@type\":\"BreadcrumbList\",\"@id\":\"https:\\\/\\\/shop.bantam.ch\\\/de\\\/produkt\\\/wandmarkise-perfectwall-pw-1500-12-v-motor-tuch-horizon-grey\\\/#breadcrumb\",\"itemListElement\":[{\"@type\":\"ListItem\",\"position\":1,\"name\":\"Accueil\",\"item\":\"https:\\\/\\\/shop.bantam.ch\\\/de\\\/\"},{\"@type\":\"ListItem\",\"position\":2,\"name\":\"Shop\",\"item\":\"https:\\\/\\\/shop.bantam.ch\\\/de\\\/shop\\\/\"},{\"@type\":\"ListItem\",\"position\":3,\"name\":\"Wandmarkise PerfectWall PW 1500 12 V Motor Tuch horizon grey\"}]},{\"@type\":\"WebSite\",\"@id\":\"https:\\\/\\\/shop.bantam.ch\\\/de\\\/#website\",\"url\":\"https:\\\/\\\/shop.bantam.ch\\\/de\\\/\",\"name\":\"Bantam Camping AG\",\"description\":\"\",\"publisher\":{\"@id\":\"https:\\\/\\\/shop.bantam.ch\\\/de\\\/#organization\"},\"inLanguage\":\"de\"},{\"@type\":\"Organization\",\"@id\":\"https:\\\/\\\/shop.bantam.ch\\\/de\\\/#organization\",\"name\":\"Bantam Camping AG\",\"url\":\"https:\\\/\\\/shop.bantam.ch\\\/de\\\/\",\"logo\":{\"@type\":\"ImageObject\",\"inLanguage\":\"de\",\"@id\":\"https:\\\/\\\/shop.bantam.ch\\\/de\\\/#\\\/schema\\\/logo\\\/image\\\/\",\"url\":\"https:\\\/\\\/shop.bantam.ch\\\/wp-content\\\/uploads\\\/2022\\\/12\\\/bantam-logo.png\",\"contentUrl\":\"https:\\\/\\\/shop.bantam.ch\\\/wp-content\\\/uploads\\\/2022\\\/12\\\/bantam-logo.png\",\"width\":320,\"height\":71,\"caption\":\"Bantam Camping AG\"},\"image\":{\"@id\":\"https:\\\/\\\/shop.bantam.ch\\\/de\\\/#\\\/schema\\\/logo\\\/image\\\/\"}}]}<\/script>\n<!-- \/ Yoast SEO plugin. -->","yoast_head_json":{"title":"Wandmarkise PerfectWall PW 1500 12 V Motor Tuch horizon grey - Bantam Camping AG","robots":{"index":"index","follow":"follow","max-snippet":"max-snippet:-1","max-image-preview":"max-image-preview:large","max-video-preview":"max-video-preview:-1"},"canonical":"https:\/\/shop.bantam.ch\/de\/produkt\/wandmarkise-perfectwall-pw-1500-12-v-motor-tuch-horizon-grey\/","og_locale":"de_DE","og_type":"article","og_title":"Wandmarkise PerfectWall PW 1500 12 V Motor Tuch horizon grey - Bantam Camping AG","og_description":"Diese robuste Wandmarkise eignet sich hervorragend f\u00fcr gro\u00dfe Fahrzeuge. Das patentierte automatische Ausfallprofil erm\u00f6glicht leichtg\u00e4ngiges Ein- und Ausfahren. Endkappen aus Aluminium f\u00fcr hohe Widerstandsf\u00e4higkeit. Sie ist serienm\u00e4\u00dfig mit einem 12V Motor ausgestattet, der per Fernbedienung gesteuert wird. Einfache Einrichtung durch nur eine Person Eine der leichtesten Markisen f\u00fcr gro\u00dfe Fahrzeuge St\u00fctzen mit patentiertem Easy Lock [&hellip;]","og_url":"https:\/\/shop.bantam.ch\/de\/produkt\/wandmarkise-perfectwall-pw-1500-12-v-motor-tuch-horizon-grey\/","og_site_name":"Bantam Camping AG","article_modified_time":"2026-04-18T21:26:11+00:00","og_image":[{"width":1000,"height":1000,"url":"https:\/\/shop.bantam.ch\/wp-content\/uploads\/2023\/02\/995813416.jpg","type":"image\/jpeg"}],"twitter_card":"summary_large_image","schema":{"@context":"https:\/\/schema.org","@graph":[{"@type":"WebPage","@id":"https:\/\/shop.bantam.ch\/de\/produkt\/wandmarkise-perfectwall-pw-1500-12-v-motor-tuch-horizon-grey\/","url":"https:\/\/shop.bantam.ch\/de\/produkt\/wandmarkise-perfectwall-pw-1500-12-v-motor-tuch-horizon-grey\/","name":"Wandmarkise PerfectWall PW 1500 12 V Motor Tuch horizon grey - Bantam Camping AG","isPartOf":{"@id":"https:\/\/shop.bantam.ch\/de\/#website"},"primaryImageOfPage":{"@id":"https:\/\/shop.bantam.ch\/de\/produkt\/wandmarkise-perfectwall-pw-1500-12-v-motor-tuch-horizon-grey\/#primaryimage"},"image":{"@id":"https:\/\/shop.bantam.ch\/de\/produkt\/wandmarkise-perfectwall-pw-1500-12-v-motor-tuch-horizon-grey\/#primaryimage"},"thumbnailUrl":"https:\/\/shop.bantam.ch\/wp-content\/uploads\/2023\/02\/995813416.jpg","datePublished":"2023-02-28T21:13:33+00:00","dateModified":"2026-04-18T21:26:11+00:00","breadcrumb":{"@id":"https:\/\/shop.bantam.ch\/de\/produkt\/wandmarkise-perfectwall-pw-1500-12-v-motor-tuch-horizon-grey\/#breadcrumb"},"inLanguage":"de","potentialAction":[{"@type":"ReadAction","target":["https:\/\/shop.bantam.ch\/de\/produkt\/wandmarkise-perfectwall-pw-1500-12-v-motor-tuch-horizon-grey\/"]}]},{"@type":"ImageObject","inLanguage":"de","@id":"https:\/\/shop.bantam.ch\/de\/produkt\/wandmarkise-perfectwall-pw-1500-12-v-motor-tuch-horizon-grey\/#primaryimage","url":"https:\/\/shop.bantam.ch\/wp-content\/uploads\/2023\/02\/995813416.jpg","contentUrl":"https:\/\/shop.bantam.ch\/wp-content\/uploads\/2023\/02\/995813416.jpg","width":1000,"height":1000},{"@type":"BreadcrumbList","@id":"https:\/\/shop.bantam.ch\/de\/produkt\/wandmarkise-perfectwall-pw-1500-12-v-motor-tuch-horizon-grey\/#breadcrumb","itemListElement":[{"@type":"ListItem","position":1,"name":"Accueil","item":"https:\/\/shop.bantam.ch\/de\/"},{"@type":"ListItem","position":2,"name":"Shop","item":"https:\/\/shop.bantam.ch\/de\/shop\/"},{"@type":"ListItem","position":3,"name":"Wandmarkise PerfectWall PW 1500 12 V Motor Tuch horizon grey"}]},{"@type":"WebSite","@id":"https:\/\/shop.bantam.ch\/de\/#website","url":"https:\/\/shop.bantam.ch\/de\/","name":"Bantam Camping AG","description":"","publisher":{"@id":"https:\/\/shop.bantam.ch\/de\/#organization"},"inLanguage":"de"},{"@type":"Organization","@id":"https:\/\/shop.bantam.ch\/de\/#organization","name":"Bantam Camping AG","url":"https:\/\/shop.bantam.ch\/de\/","logo":{"@type":"ImageObject","inLanguage":"de","@id":"https:\/\/shop.bantam.ch\/de\/#\/schema\/logo\/image\/","url":"https:\/\/shop.bantam.ch\/wp-content\/uploads\/2022\/12\/bantam-logo.png","contentUrl":"https:\/\/shop.bantam.ch\/wp-content\/uploads\/2022\/12\/bantam-logo.png","width":320,"height":71,"caption":"Bantam Camping AG"},"image":{"@id":"https:\/\/shop.bantam.ch\/de\/#\/schema\/logo\/image\/"}}]}},"_links":{"self":[{"href":"https:\/\/shop.bantam.ch\/de\/wp-json\/wp\/v2\/product\/116223","targetHints":{"allow":["GET"]}}],"collection":[{"href":"https:\/\/shop.bantam.ch\/de\/wp-json\/wp\/v2\/product"}],"about":[{"href":"https:\/\/shop.bantam.ch\/de\/wp-json\/wp\/v2\/types\/product"}],"wp:featuredmedia":[{"embeddable":true,"href":"https:\/\/shop.bantam.ch\/de\/wp-json\/wp\/v2\/media\/116033"}],"wp:attachment":[{"href":"https:\/\/shop.bantam.ch\/de\/wp-json\/wp\/v2\/media?parent=116223"}],"wp:term":[{"taxonomy":"product_featured_cat","embeddable":true,"href":"https:\/\/shop.bantam.ch\/de\/wp-json\/wp\/v2\/product_featured_cat?post=116223"},{"taxonomy":"product_brand","embeddable":true,"href":"https:\/\/shop.bantam.ch\/de\/wp-json\/wp\/v2\/product_brand?post=116223"},{"taxonomy":"product_cat","embeddable":true,"href":"https:\/\/shop.bantam.ch\/de\/wp-json\/wp\/v2\/product_cat?post=116223"},{"taxonomy":"product_tag","embeddable":true,"href":"https:\/\/shop.bantam.ch\/de\/wp-json\/wp\/v2\/product_tag?post=116223"}],"curies":[{"name":"wp","href":"https:\/\/api.w.org\/{rel}","templated":true}]}}