{"id":115984,"date":"2023-02-28T22:11:52","date_gmt":"2023-02-28T21:11:52","guid":{"rendered":"https:\/\/shop.bantam.ch\/produit\/abdeckhaube-pro-cover-12-m-fiat-ducato\/"},"modified":"2026-04-17T23:23:10","modified_gmt":"2026-04-17T21:23:10","slug":"abdeckhaube-pro-cover-12-m-fiat-ducato","status":"publish","type":"product","link":"https:\/\/shop.bantam.ch\/de\/produkt\/abdeckhaube-pro-cover-12-m-fiat-ducato\/","title":{"rendered":"Abdeckhaube Pro Cover 12 M, Fiat Ducato"},"content":{"rendered":"<p>Schutzabdeckung 12M mit 4 Schichten, speziell f\u00fcr Ducato Wohnmobile entwickelt. Hergestellt mit hochwertigen Materialien und Oberfl\u00e4chen, die einen wirksamen Schutz des Fahrzeugs das ganze Jahr \u00fcber garantieren.<\/p>\n<p>Material:<\/p>\n<p>Dach: 100% Polyethylen<\/p>\n<p>W\u00e4nde: Polypropylen<\/p>\n","protected":false},"excerpt":{"rendered":"<p>Schutzabdeckung 12M mit 4 Schichten, speziell f\u00fcr Ducato Wohnmobile entwickelt. Hergestellt mit hochwertigen Materialien und Oberfl\u00e4chen, die einen wirksamen Schutz des Fahrzeugs das ganze Jahr \u00fcber garantieren. Material: Dach: 100% Polyethylen W\u00e4nde: Polypropylen<\/p>\n","protected":false},"featured_media":115963,"template":"","meta":{"_acf_changed":false},"product_featured_cat":[],"product_brand":[3081],"product_cat":[4644],"product_tag":[],"class_list":{"0":"post-115984","1":"product","2":"type-product","3":"status-publish","4":"has-post-thumbnail","6":"product_brand-brunner-de","7":"product_cat-schutzhuellen","9":"first","10":"instock","11":"taxable","12":"shipping-taxable","13":"purchasable","14":"product-type-variable"},"acf":[],"yoast_head":"<!-- This site is optimized with the Yoast SEO plugin v27.4 - https:\/\/yoast.com\/product\/yoast-seo-wordpress\/ -->\n<title>Abdeckhaube Pro Cover 12 M, Fiat Ducato - Bantam Camping AG<\/title>\n<meta name=\"robots\" content=\"index, follow, max-snippet:-1, max-image-preview:large, max-video-preview:-1\" \/>\n<link rel=\"canonical\" href=\"https:\/\/shop.bantam.ch\/de\/produkt\/abdeckhaube-pro-cover-12-m-fiat-ducato\/\" \/>\n<meta property=\"og:locale\" content=\"de_DE\" \/>\n<meta property=\"og:type\" content=\"article\" \/>\n<meta property=\"og:title\" content=\"Abdeckhaube Pro Cover 12 M, Fiat Ducato - Bantam Camping AG\" \/>\n<meta property=\"og:description\" content=\"Schutzabdeckung 12M mit 4 Schichten, speziell f\u00fcr Ducato Wohnmobile entwickelt. Hergestellt mit hochwertigen Materialien und Oberfl\u00e4chen, die einen wirksamen Schutz des Fahrzeugs das ganze Jahr \u00fcber garantieren. Material: Dach: 100% Polyethylen W\u00e4nde: Polypropylen\" \/>\n<meta property=\"og:url\" content=\"https:\/\/shop.bantam.ch\/de\/produkt\/abdeckhaube-pro-cover-12-m-fiat-ducato\/\" \/>\n<meta property=\"og:site_name\" content=\"Bantam Camping AG\" \/>\n<meta property=\"article:modified_time\" content=\"2026-04-17T21:23:10+00:00\" \/>\n<meta property=\"og:image\" content=\"https:\/\/shop.bantam.ch\/wp-content\/uploads\/2023\/02\/994437411.jpg\" \/>\n\t<meta property=\"og:image:width\" content=\"1000\" \/>\n\t<meta property=\"og:image:height\" content=\"625\" \/>\n\t<meta property=\"og:image:type\" content=\"image\/jpeg\" \/>\n<meta name=\"twitter:card\" content=\"summary_large_image\" \/>\n<script type=\"application\/ld+json\" class=\"yoast-schema-graph\">{\"@context\":\"https:\\\/\\\/schema.org\",\"@graph\":[{\"@type\":\"WebPage\",\"@id\":\"https:\\\/\\\/shop.bantam.ch\\\/de\\\/produkt\\\/abdeckhaube-pro-cover-12-m-fiat-ducato\\\/\",\"url\":\"https:\\\/\\\/shop.bantam.ch\\\/de\\\/produkt\\\/abdeckhaube-pro-cover-12-m-fiat-ducato\\\/\",\"name\":\"Abdeckhaube Pro Cover 12 M, Fiat Ducato - Bantam Camping AG\",\"isPartOf\":{\"@id\":\"https:\\\/\\\/shop.bantam.ch\\\/de\\\/#website\"},\"primaryImageOfPage\":{\"@id\":\"https:\\\/\\\/shop.bantam.ch\\\/de\\\/produkt\\\/abdeckhaube-pro-cover-12-m-fiat-ducato\\\/#primaryimage\"},\"image\":{\"@id\":\"https:\\\/\\\/shop.bantam.ch\\\/de\\\/produkt\\\/abdeckhaube-pro-cover-12-m-fiat-ducato\\\/#primaryimage\"},\"thumbnailUrl\":\"https:\\\/\\\/shop.bantam.ch\\\/wp-content\\\/uploads\\\/2023\\\/02\\\/994437411.jpg\",\"datePublished\":\"2023-02-28T21:11:52+00:00\",\"dateModified\":\"2026-04-17T21:23:10+00:00\",\"breadcrumb\":{\"@id\":\"https:\\\/\\\/shop.bantam.ch\\\/de\\\/produkt\\\/abdeckhaube-pro-cover-12-m-fiat-ducato\\\/#breadcrumb\"},\"inLanguage\":\"de\",\"potentialAction\":[{\"@type\":\"ReadAction\",\"target\":[\"https:\\\/\\\/shop.bantam.ch\\\/de\\\/produkt\\\/abdeckhaube-pro-cover-12-m-fiat-ducato\\\/\"]}]},{\"@type\":\"ImageObject\",\"inLanguage\":\"de\",\"@id\":\"https:\\\/\\\/shop.bantam.ch\\\/de\\\/produkt\\\/abdeckhaube-pro-cover-12-m-fiat-ducato\\\/#primaryimage\",\"url\":\"https:\\\/\\\/shop.bantam.ch\\\/wp-content\\\/uploads\\\/2023\\\/02\\\/994437411.jpg\",\"contentUrl\":\"https:\\\/\\\/shop.bantam.ch\\\/wp-content\\\/uploads\\\/2023\\\/02\\\/994437411.jpg\",\"width\":1000,\"height\":625},{\"@type\":\"BreadcrumbList\",\"@id\":\"https:\\\/\\\/shop.bantam.ch\\\/de\\\/produkt\\\/abdeckhaube-pro-cover-12-m-fiat-ducato\\\/#breadcrumb\",\"itemListElement\":[{\"@type\":\"ListItem\",\"position\":1,\"name\":\"Accueil\",\"item\":\"https:\\\/\\\/shop.bantam.ch\\\/de\\\/\"},{\"@type\":\"ListItem\",\"position\":2,\"name\":\"Shop\",\"item\":\"https:\\\/\\\/shop.bantam.ch\\\/de\\\/shop\\\/\"},{\"@type\":\"ListItem\",\"position\":3,\"name\":\"Abdeckhaube Pro Cover 12 M, Fiat Ducato\"}]},{\"@type\":\"WebSite\",\"@id\":\"https:\\\/\\\/shop.bantam.ch\\\/de\\\/#website\",\"url\":\"https:\\\/\\\/shop.bantam.ch\\\/de\\\/\",\"name\":\"Bantam Camping AG\",\"description\":\"\",\"publisher\":{\"@id\":\"https:\\\/\\\/shop.bantam.ch\\\/de\\\/#organization\"},\"inLanguage\":\"de\"},{\"@type\":\"Organization\",\"@id\":\"https:\\\/\\\/shop.bantam.ch\\\/de\\\/#organization\",\"name\":\"Bantam Camping AG\",\"url\":\"https:\\\/\\\/shop.bantam.ch\\\/de\\\/\",\"logo\":{\"@type\":\"ImageObject\",\"inLanguage\":\"de\",\"@id\":\"https:\\\/\\\/shop.bantam.ch\\\/de\\\/#\\\/schema\\\/logo\\\/image\\\/\",\"url\":\"https:\\\/\\\/shop.bantam.ch\\\/wp-content\\\/uploads\\\/2022\\\/12\\\/bantam-logo.png\",\"contentUrl\":\"https:\\\/\\\/shop.bantam.ch\\\/wp-content\\\/uploads\\\/2022\\\/12\\\/bantam-logo.png\",\"width\":320,\"height\":71,\"caption\":\"Bantam Camping AG\"},\"image\":{\"@id\":\"https:\\\/\\\/shop.bantam.ch\\\/de\\\/#\\\/schema\\\/logo\\\/image\\\/\"}}]}<\/script>\n<!-- \/ Yoast SEO plugin. -->","yoast_head_json":{"title":"Abdeckhaube Pro Cover 12 M, Fiat Ducato - Bantam Camping AG","robots":{"index":"index","follow":"follow","max-snippet":"max-snippet:-1","max-image-preview":"max-image-preview:large","max-video-preview":"max-video-preview:-1"},"canonical":"https:\/\/shop.bantam.ch\/de\/produkt\/abdeckhaube-pro-cover-12-m-fiat-ducato\/","og_locale":"de_DE","og_type":"article","og_title":"Abdeckhaube Pro Cover 12 M, Fiat Ducato - Bantam Camping AG","og_description":"Schutzabdeckung 12M mit 4 Schichten, speziell f\u00fcr Ducato Wohnmobile entwickelt. Hergestellt mit hochwertigen Materialien und Oberfl\u00e4chen, die einen wirksamen Schutz des Fahrzeugs das ganze Jahr \u00fcber garantieren. Material: Dach: 100% Polyethylen W\u00e4nde: Polypropylen","og_url":"https:\/\/shop.bantam.ch\/de\/produkt\/abdeckhaube-pro-cover-12-m-fiat-ducato\/","og_site_name":"Bantam Camping AG","article_modified_time":"2026-04-17T21:23:10+00:00","og_image":[{"width":1000,"height":625,"url":"https:\/\/shop.bantam.ch\/wp-content\/uploads\/2023\/02\/994437411.jpg","type":"image\/jpeg"}],"twitter_card":"summary_large_image","schema":{"@context":"https:\/\/schema.org","@graph":[{"@type":"WebPage","@id":"https:\/\/shop.bantam.ch\/de\/produkt\/abdeckhaube-pro-cover-12-m-fiat-ducato\/","url":"https:\/\/shop.bantam.ch\/de\/produkt\/abdeckhaube-pro-cover-12-m-fiat-ducato\/","name":"Abdeckhaube Pro Cover 12 M, Fiat Ducato - Bantam Camping AG","isPartOf":{"@id":"https:\/\/shop.bantam.ch\/de\/#website"},"primaryImageOfPage":{"@id":"https:\/\/shop.bantam.ch\/de\/produkt\/abdeckhaube-pro-cover-12-m-fiat-ducato\/#primaryimage"},"image":{"@id":"https:\/\/shop.bantam.ch\/de\/produkt\/abdeckhaube-pro-cover-12-m-fiat-ducato\/#primaryimage"},"thumbnailUrl":"https:\/\/shop.bantam.ch\/wp-content\/uploads\/2023\/02\/994437411.jpg","datePublished":"2023-02-28T21:11:52+00:00","dateModified":"2026-04-17T21:23:10+00:00","breadcrumb":{"@id":"https:\/\/shop.bantam.ch\/de\/produkt\/abdeckhaube-pro-cover-12-m-fiat-ducato\/#breadcrumb"},"inLanguage":"de","potentialAction":[{"@type":"ReadAction","target":["https:\/\/shop.bantam.ch\/de\/produkt\/abdeckhaube-pro-cover-12-m-fiat-ducato\/"]}]},{"@type":"ImageObject","inLanguage":"de","@id":"https:\/\/shop.bantam.ch\/de\/produkt\/abdeckhaube-pro-cover-12-m-fiat-ducato\/#primaryimage","url":"https:\/\/shop.bantam.ch\/wp-content\/uploads\/2023\/02\/994437411.jpg","contentUrl":"https:\/\/shop.bantam.ch\/wp-content\/uploads\/2023\/02\/994437411.jpg","width":1000,"height":625},{"@type":"BreadcrumbList","@id":"https:\/\/shop.bantam.ch\/de\/produkt\/abdeckhaube-pro-cover-12-m-fiat-ducato\/#breadcrumb","itemListElement":[{"@type":"ListItem","position":1,"name":"Accueil","item":"https:\/\/shop.bantam.ch\/de\/"},{"@type":"ListItem","position":2,"name":"Shop","item":"https:\/\/shop.bantam.ch\/de\/shop\/"},{"@type":"ListItem","position":3,"name":"Abdeckhaube Pro Cover 12 M, Fiat Ducato"}]},{"@type":"WebSite","@id":"https:\/\/shop.bantam.ch\/de\/#website","url":"https:\/\/shop.bantam.ch\/de\/","name":"Bantam Camping AG","description":"","publisher":{"@id":"https:\/\/shop.bantam.ch\/de\/#organization"},"inLanguage":"de"},{"@type":"Organization","@id":"https:\/\/shop.bantam.ch\/de\/#organization","name":"Bantam Camping AG","url":"https:\/\/shop.bantam.ch\/de\/","logo":{"@type":"ImageObject","inLanguage":"de","@id":"https:\/\/shop.bantam.ch\/de\/#\/schema\/logo\/image\/","url":"https:\/\/shop.bantam.ch\/wp-content\/uploads\/2022\/12\/bantam-logo.png","contentUrl":"https:\/\/shop.bantam.ch\/wp-content\/uploads\/2022\/12\/bantam-logo.png","width":320,"height":71,"caption":"Bantam Camping AG"},"image":{"@id":"https:\/\/shop.bantam.ch\/de\/#\/schema\/logo\/image\/"}}]}},"_links":{"self":[{"href":"https:\/\/shop.bantam.ch\/de\/wp-json\/wp\/v2\/product\/115984","targetHints":{"allow":["GET"]}}],"collection":[{"href":"https:\/\/shop.bantam.ch\/de\/wp-json\/wp\/v2\/product"}],"about":[{"href":"https:\/\/shop.bantam.ch\/de\/wp-json\/wp\/v2\/types\/product"}],"wp:featuredmedia":[{"embeddable":true,"href":"https:\/\/shop.bantam.ch\/de\/wp-json\/wp\/v2\/media\/115963"}],"wp:attachment":[{"href":"https:\/\/shop.bantam.ch\/de\/wp-json\/wp\/v2\/media?parent=115984"}],"wp:term":[{"taxonomy":"product_featured_cat","embeddable":true,"href":"https:\/\/shop.bantam.ch\/de\/wp-json\/wp\/v2\/product_featured_cat?post=115984"},{"taxonomy":"product_brand","embeddable":true,"href":"https:\/\/shop.bantam.ch\/de\/wp-json\/wp\/v2\/product_brand?post=115984"},{"taxonomy":"product_cat","embeddable":true,"href":"https:\/\/shop.bantam.ch\/de\/wp-json\/wp\/v2\/product_cat?post=115984"},{"taxonomy":"product_tag","embeddable":true,"href":"https:\/\/shop.bantam.ch\/de\/wp-json\/wp\/v2\/product_tag?post=115984"}],"curies":[{"name":"wp","href":"https:\/\/api.w.org\/{rel}","templated":true}]}}