{"id":115941,"date":"2023-02-28T22:11:19","date_gmt":"2023-02-28T21:11:19","guid":{"rendered":"https:\/\/shop.bantam.ch\/produit\/gasheizung-heat-air-3-gt-gasbetrieb\/"},"modified":"2026-04-17T21:44:49","modified_gmt":"2026-04-17T19:44:49","slug":"gasheizung-heat-air-3-gt-gasbetrieb","status":"publish","type":"product","link":"https:\/\/shop.bantam.ch\/de\/produkt\/gasheizung-heat-air-3-gt-gasbetrieb\/","title":{"rendered":"Gasheizung Whale HEAT AIR 3 GT Gasbetrieb"},"content":{"rendered":"<p>Die Gasheizung Whale Heat Air 3 GT ist die neues Variante in der Heat Air Produktfamilie. Mit knapp 3kW Heizleistung und zweistufiger automatischer Regulierung ist dies die ideale Heizung f\u00fcr Ihr Wohnmobilprojekt.<\/p>\n<p>Unterflur installiert und mit 60mm Luftschl\u00e4uchen erfordert die Heizungsinstallation minimalen Platzbedarf im Fahrzeug und bietet Ihnen eine optimale M\u00f6glichkeit f\u00fcr einen Grundriss, der zu Ihnen passt und nicht durch Position, Gr\u00f6\u00dfe und Gewicht der Heizung eingeschr\u00e4nkt ist.<\/p>\n<p>Zur Erg\u00e4nzung des Produktangebots sind fahrzeugspezifische Halter erh\u00e4ltlich, um die Installation so effizient und zuverl\u00e4ssig wie m\u00f6glich zu gestalten.<\/p>\n<p>Lieferumfang:<\/p>\n<ul>\n<li>Inklusive Whale Heat Air 3 GT Gas-Luftheizger\u00e4t<\/li>\n<li>Ansaugkamin mit Schalld\u00e4mpfer<\/li>\n<li>Abgaskamin mit Halterungen und Endst\u00fcck<\/li>\n<li>Bedienelement mit 7m Verbindungskabel<\/li>\n<li>Installations- und Betriebsanleitung<\/li>\n<\/ul>\n<p>Komponenten zum Gasanschluss sowie Rohre zur Warmluftverteilung sind nicht im Lieferumfang enthalten.<\/p>\n","protected":false},"excerpt":{"rendered":"<p>Die Gasheizung Whale Heat Air 3 GT ist die neues Variante in der Heat Air Produktfamilie. Mit knapp 3kW Heizleistung und zweistufiger automatischer Regulierung ist dies die ideale Heizung f\u00fcr Ihr Wohnmobilprojekt. Unterflur installiert und mit 60mm Luftschl\u00e4uchen erfordert die Heizungsinstallation minimalen Platzbedarf im Fahrzeug und bietet Ihnen eine optimale M\u00f6glichkeit f\u00fcr einen Grundriss, der [&hellip;]<\/p>\n","protected":false},"featured_media":115939,"template":"","meta":{"_acf_changed":false},"product_featured_cat":[],"product_brand":[3569],"product_cat":[4538],"product_tag":[],"class_list":{"0":"post-115941","1":"product","2":"type-product","3":"status-publish","4":"has-post-thumbnail","6":"product_brand-whale-de","7":"product_cat-gasheizungen","9":"first","10":"instock","11":"taxable","12":"shipping-taxable","13":"purchasable","14":"product-type-simple"},"acf":[],"yoast_head":"<!-- This site is optimized with the Yoast SEO plugin v27.4 - https:\/\/yoast.com\/product\/yoast-seo-wordpress\/ -->\n<title>Gasheizung Whale HEAT AIR 3 GT Gasbetrieb - Bantam Camping AG<\/title>\n<meta name=\"robots\" content=\"index, follow, max-snippet:-1, max-image-preview:large, max-video-preview:-1\" \/>\n<link rel=\"canonical\" href=\"https:\/\/shop.bantam.ch\/de\/produkt\/gasheizung-heat-air-3-gt-gasbetrieb\/\" \/>\n<meta property=\"og:locale\" content=\"de_DE\" \/>\n<meta property=\"og:type\" content=\"article\" \/>\n<meta property=\"og:title\" content=\"Gasheizung Whale HEAT AIR 3 GT Gasbetrieb - Bantam Camping AG\" \/>\n<meta property=\"og:description\" content=\"Die Gasheizung Whale Heat Air 3 GT ist die neues Variante in der Heat Air Produktfamilie. Mit knapp 3kW Heizleistung und zweistufiger automatischer Regulierung ist dies die ideale Heizung f\u00fcr Ihr Wohnmobilprojekt. Unterflur installiert und mit 60mm Luftschl\u00e4uchen erfordert die Heizungsinstallation minimalen Platzbedarf im Fahrzeug und bietet Ihnen eine optimale M\u00f6glichkeit f\u00fcr einen Grundriss, der [&hellip;]\" \/>\n<meta property=\"og:url\" content=\"https:\/\/shop.bantam.ch\/de\/produkt\/gasheizung-heat-air-3-gt-gasbetrieb\/\" \/>\n<meta property=\"og:site_name\" content=\"Bantam Camping AG\" \/>\n<meta property=\"article:modified_time\" content=\"2026-04-17T19:44:49+00:00\" \/>\n<meta property=\"og:image\" content=\"https:\/\/shop.bantam.ch\/wp-content\/uploads\/2023\/02\/996118311.jpg\" \/>\n\t<meta property=\"og:image:width\" content=\"1000\" \/>\n\t<meta property=\"og:image:height\" content=\"651\" \/>\n\t<meta property=\"og:image:type\" content=\"image\/jpeg\" \/>\n<meta name=\"twitter:card\" content=\"summary_large_image\" \/>\n<meta name=\"twitter:label1\" content=\"Gesch\u00e4tzte Lesezeit\" \/>\n\t<meta name=\"twitter:data1\" content=\"1\u00a0Minute\" \/>\n<script type=\"application\/ld+json\" class=\"yoast-schema-graph\">{\"@context\":\"https:\\\/\\\/schema.org\",\"@graph\":[{\"@type\":\"WebPage\",\"@id\":\"https:\\\/\\\/shop.bantam.ch\\\/de\\\/produkt\\\/gasheizung-heat-air-3-gt-gasbetrieb\\\/\",\"url\":\"https:\\\/\\\/shop.bantam.ch\\\/de\\\/produkt\\\/gasheizung-heat-air-3-gt-gasbetrieb\\\/\",\"name\":\"Gasheizung Whale HEAT AIR 3 GT Gasbetrieb - Bantam Camping AG\",\"isPartOf\":{\"@id\":\"https:\\\/\\\/shop.bantam.ch\\\/de\\\/#website\"},\"primaryImageOfPage\":{\"@id\":\"https:\\\/\\\/shop.bantam.ch\\\/de\\\/produkt\\\/gasheizung-heat-air-3-gt-gasbetrieb\\\/#primaryimage\"},\"image\":{\"@id\":\"https:\\\/\\\/shop.bantam.ch\\\/de\\\/produkt\\\/gasheizung-heat-air-3-gt-gasbetrieb\\\/#primaryimage\"},\"thumbnailUrl\":\"https:\\\/\\\/shop.bantam.ch\\\/wp-content\\\/uploads\\\/2023\\\/02\\\/996118311.jpg\",\"datePublished\":\"2023-02-28T21:11:19+00:00\",\"dateModified\":\"2026-04-17T19:44:49+00:00\",\"breadcrumb\":{\"@id\":\"https:\\\/\\\/shop.bantam.ch\\\/de\\\/produkt\\\/gasheizung-heat-air-3-gt-gasbetrieb\\\/#breadcrumb\"},\"inLanguage\":\"de\",\"potentialAction\":[{\"@type\":\"ReadAction\",\"target\":[\"https:\\\/\\\/shop.bantam.ch\\\/de\\\/produkt\\\/gasheizung-heat-air-3-gt-gasbetrieb\\\/\"]}]},{\"@type\":\"ImageObject\",\"inLanguage\":\"de\",\"@id\":\"https:\\\/\\\/shop.bantam.ch\\\/de\\\/produkt\\\/gasheizung-heat-air-3-gt-gasbetrieb\\\/#primaryimage\",\"url\":\"https:\\\/\\\/shop.bantam.ch\\\/wp-content\\\/uploads\\\/2023\\\/02\\\/996118311.jpg\",\"contentUrl\":\"https:\\\/\\\/shop.bantam.ch\\\/wp-content\\\/uploads\\\/2023\\\/02\\\/996118311.jpg\",\"width\":1000,\"height\":651},{\"@type\":\"BreadcrumbList\",\"@id\":\"https:\\\/\\\/shop.bantam.ch\\\/de\\\/produkt\\\/gasheizung-heat-air-3-gt-gasbetrieb\\\/#breadcrumb\",\"itemListElement\":[{\"@type\":\"ListItem\",\"position\":1,\"name\":\"Accueil\",\"item\":\"https:\\\/\\\/shop.bantam.ch\\\/de\\\/\"},{\"@type\":\"ListItem\",\"position\":2,\"name\":\"Shop\",\"item\":\"https:\\\/\\\/shop.bantam.ch\\\/de\\\/shop\\\/\"},{\"@type\":\"ListItem\",\"position\":3,\"name\":\"Gasheizung Whale HEAT AIR 3 GT Gasbetrieb\"}]},{\"@type\":\"WebSite\",\"@id\":\"https:\\\/\\\/shop.bantam.ch\\\/de\\\/#website\",\"url\":\"https:\\\/\\\/shop.bantam.ch\\\/de\\\/\",\"name\":\"Bantam Camping AG\",\"description\":\"\",\"publisher\":{\"@id\":\"https:\\\/\\\/shop.bantam.ch\\\/de\\\/#organization\"},\"inLanguage\":\"de\"},{\"@type\":\"Organization\",\"@id\":\"https:\\\/\\\/shop.bantam.ch\\\/de\\\/#organization\",\"name\":\"Bantam Camping AG\",\"url\":\"https:\\\/\\\/shop.bantam.ch\\\/de\\\/\",\"logo\":{\"@type\":\"ImageObject\",\"inLanguage\":\"de\",\"@id\":\"https:\\\/\\\/shop.bantam.ch\\\/de\\\/#\\\/schema\\\/logo\\\/image\\\/\",\"url\":\"https:\\\/\\\/shop.bantam.ch\\\/wp-content\\\/uploads\\\/2022\\\/12\\\/bantam-logo.png\",\"contentUrl\":\"https:\\\/\\\/shop.bantam.ch\\\/wp-content\\\/uploads\\\/2022\\\/12\\\/bantam-logo.png\",\"width\":320,\"height\":71,\"caption\":\"Bantam Camping AG\"},\"image\":{\"@id\":\"https:\\\/\\\/shop.bantam.ch\\\/de\\\/#\\\/schema\\\/logo\\\/image\\\/\"}}]}<\/script>\n<!-- \/ Yoast SEO plugin. -->","yoast_head_json":{"title":"Gasheizung Whale HEAT AIR 3 GT Gasbetrieb - Bantam Camping AG","robots":{"index":"index","follow":"follow","max-snippet":"max-snippet:-1","max-image-preview":"max-image-preview:large","max-video-preview":"max-video-preview:-1"},"canonical":"https:\/\/shop.bantam.ch\/de\/produkt\/gasheizung-heat-air-3-gt-gasbetrieb\/","og_locale":"de_DE","og_type":"article","og_title":"Gasheizung Whale HEAT AIR 3 GT Gasbetrieb - Bantam Camping AG","og_description":"Die Gasheizung Whale Heat Air 3 GT ist die neues Variante in der Heat Air Produktfamilie. Mit knapp 3kW Heizleistung und zweistufiger automatischer Regulierung ist dies die ideale Heizung f\u00fcr Ihr Wohnmobilprojekt. Unterflur installiert und mit 60mm Luftschl\u00e4uchen erfordert die Heizungsinstallation minimalen Platzbedarf im Fahrzeug und bietet Ihnen eine optimale M\u00f6glichkeit f\u00fcr einen Grundriss, der [&hellip;]","og_url":"https:\/\/shop.bantam.ch\/de\/produkt\/gasheizung-heat-air-3-gt-gasbetrieb\/","og_site_name":"Bantam Camping AG","article_modified_time":"2026-04-17T19:44:49+00:00","og_image":[{"width":1000,"height":651,"url":"https:\/\/shop.bantam.ch\/wp-content\/uploads\/2023\/02\/996118311.jpg","type":"image\/jpeg"}],"twitter_card":"summary_large_image","twitter_misc":{"Gesch\u00e4tzte Lesezeit":"1\u00a0Minute"},"schema":{"@context":"https:\/\/schema.org","@graph":[{"@type":"WebPage","@id":"https:\/\/shop.bantam.ch\/de\/produkt\/gasheizung-heat-air-3-gt-gasbetrieb\/","url":"https:\/\/shop.bantam.ch\/de\/produkt\/gasheizung-heat-air-3-gt-gasbetrieb\/","name":"Gasheizung Whale HEAT AIR 3 GT Gasbetrieb - Bantam Camping AG","isPartOf":{"@id":"https:\/\/shop.bantam.ch\/de\/#website"},"primaryImageOfPage":{"@id":"https:\/\/shop.bantam.ch\/de\/produkt\/gasheizung-heat-air-3-gt-gasbetrieb\/#primaryimage"},"image":{"@id":"https:\/\/shop.bantam.ch\/de\/produkt\/gasheizung-heat-air-3-gt-gasbetrieb\/#primaryimage"},"thumbnailUrl":"https:\/\/shop.bantam.ch\/wp-content\/uploads\/2023\/02\/996118311.jpg","datePublished":"2023-02-28T21:11:19+00:00","dateModified":"2026-04-17T19:44:49+00:00","breadcrumb":{"@id":"https:\/\/shop.bantam.ch\/de\/produkt\/gasheizung-heat-air-3-gt-gasbetrieb\/#breadcrumb"},"inLanguage":"de","potentialAction":[{"@type":"ReadAction","target":["https:\/\/shop.bantam.ch\/de\/produkt\/gasheizung-heat-air-3-gt-gasbetrieb\/"]}]},{"@type":"ImageObject","inLanguage":"de","@id":"https:\/\/shop.bantam.ch\/de\/produkt\/gasheizung-heat-air-3-gt-gasbetrieb\/#primaryimage","url":"https:\/\/shop.bantam.ch\/wp-content\/uploads\/2023\/02\/996118311.jpg","contentUrl":"https:\/\/shop.bantam.ch\/wp-content\/uploads\/2023\/02\/996118311.jpg","width":1000,"height":651},{"@type":"BreadcrumbList","@id":"https:\/\/shop.bantam.ch\/de\/produkt\/gasheizung-heat-air-3-gt-gasbetrieb\/#breadcrumb","itemListElement":[{"@type":"ListItem","position":1,"name":"Accueil","item":"https:\/\/shop.bantam.ch\/de\/"},{"@type":"ListItem","position":2,"name":"Shop","item":"https:\/\/shop.bantam.ch\/de\/shop\/"},{"@type":"ListItem","position":3,"name":"Gasheizung Whale HEAT AIR 3 GT Gasbetrieb"}]},{"@type":"WebSite","@id":"https:\/\/shop.bantam.ch\/de\/#website","url":"https:\/\/shop.bantam.ch\/de\/","name":"Bantam Camping AG","description":"","publisher":{"@id":"https:\/\/shop.bantam.ch\/de\/#organization"},"inLanguage":"de"},{"@type":"Organization","@id":"https:\/\/shop.bantam.ch\/de\/#organization","name":"Bantam Camping AG","url":"https:\/\/shop.bantam.ch\/de\/","logo":{"@type":"ImageObject","inLanguage":"de","@id":"https:\/\/shop.bantam.ch\/de\/#\/schema\/logo\/image\/","url":"https:\/\/shop.bantam.ch\/wp-content\/uploads\/2022\/12\/bantam-logo.png","contentUrl":"https:\/\/shop.bantam.ch\/wp-content\/uploads\/2022\/12\/bantam-logo.png","width":320,"height":71,"caption":"Bantam Camping AG"},"image":{"@id":"https:\/\/shop.bantam.ch\/de\/#\/schema\/logo\/image\/"}}]}},"_links":{"self":[{"href":"https:\/\/shop.bantam.ch\/de\/wp-json\/wp\/v2\/product\/115941","targetHints":{"allow":["GET"]}}],"collection":[{"href":"https:\/\/shop.bantam.ch\/de\/wp-json\/wp\/v2\/product"}],"about":[{"href":"https:\/\/shop.bantam.ch\/de\/wp-json\/wp\/v2\/types\/product"}],"wp:featuredmedia":[{"embeddable":true,"href":"https:\/\/shop.bantam.ch\/de\/wp-json\/wp\/v2\/media\/115939"}],"wp:attachment":[{"href":"https:\/\/shop.bantam.ch\/de\/wp-json\/wp\/v2\/media?parent=115941"}],"wp:term":[{"taxonomy":"product_featured_cat","embeddable":true,"href":"https:\/\/shop.bantam.ch\/de\/wp-json\/wp\/v2\/product_featured_cat?post=115941"},{"taxonomy":"product_brand","embeddable":true,"href":"https:\/\/shop.bantam.ch\/de\/wp-json\/wp\/v2\/product_brand?post=115941"},{"taxonomy":"product_cat","embeddable":true,"href":"https:\/\/shop.bantam.ch\/de\/wp-json\/wp\/v2\/product_cat?post=115941"},{"taxonomy":"product_tag","embeddable":true,"href":"https:\/\/shop.bantam.ch\/de\/wp-json\/wp\/v2\/product_tag?post=115941"}],"curies":[{"name":"wp","href":"https:\/\/api.w.org\/{rel}","templated":true}]}}