{"id":115821,"date":"2023-02-28T22:09:13","date_gmt":"2023-02-28T21:09:13","guid":{"rendered":"https:\/\/shop.bantam.ch\/produit\/sektglas-cheers-no-1-superglas-100-ml-camping-is-my-life-cotton-white\/"},"modified":"2026-05-02T21:43:24","modified_gmt":"2026-05-02T19:43:24","slug":"sektglas-cheers-no-1-superglas-100-ml-camping-is-my-life-cotton-white","status":"publish","type":"product","link":"https:\/\/shop.bantam.ch\/de\/produkt\/sektglas-cheers-no-1-superglas-100-ml-camping-is-my-life-cotton-white\/","title":{"rendered":"Sektglas koziol CHEERS No. 1 Superglas 100 ml Camping is my life Farbe cotton white"},"content":{"rendered":"<p>Das hochwertige Material isoliert und h\u00e4lt die Getr\u00e4nke k\u00fchl, die hohe Form sorgt daf\u00fcr, dass es l\u00e4nger sprudelt. Dazu ist das Glas nahezu unzerbrechlich und damit perfekt f\u00fcr den Einsatz auf Events, in Clubs, am Strand, auf dem Boot und \u00fcberall, wo Scherben weniger Gl\u00fcck bringen.<\/p>\n<p>Inhalt:<br \/>1 St\u00fcck Sektglas<\/p>\n","protected":false},"excerpt":{"rendered":"<p>Das hochwertige Material isoliert und h\u00e4lt die Getr\u00e4nke k\u00fchl, die hohe Form sorgt daf\u00fcr, dass es l\u00e4nger sprudelt. Dazu ist das Glas nahezu unzerbrechlich und damit perfekt f\u00fcr den Einsatz auf Events, in Clubs, am Strand, auf dem Boot und \u00fcberall, wo Scherben weniger Gl\u00fcck bringen. Inhalt:1 St\u00fcck Sektglas<\/p>\n","protected":false},"featured_media":115817,"template":"","meta":{"_acf_changed":false},"product_featured_cat":[],"product_brand":[3585],"product_cat":[4270],"product_tag":[],"class_list":{"0":"post-115821","1":"product","2":"type-product","3":"status-publish","4":"has-post-thumbnail","6":"product_brand-koziol-de","7":"product_cat-becher-tassen-glaeser","9":"first","10":"instock","11":"taxable","12":"shipping-taxable","13":"purchasable","14":"product-type-simple"},"acf":[],"yoast_head":"<!-- This site is optimized with the Yoast SEO plugin v27.5 - https:\/\/yoast.com\/product\/yoast-seo-wordpress\/ -->\n<title>Sektglas koziol CHEERS No. 1 Superglas 100 ml Camping is my life Farbe cotton white - Bantam<\/title>\n<meta name=\"robots\" content=\"index, follow, max-snippet:-1, max-image-preview:large, max-video-preview:-1\" \/>\n<link rel=\"canonical\" href=\"https:\/\/shop.bantam.ch\/de\/produkt\/sektglas-cheers-no-1-superglas-100-ml-camping-is-my-life-cotton-white\/\" \/>\n<meta property=\"og:locale\" content=\"de_DE\" \/>\n<meta property=\"og:type\" content=\"article\" \/>\n<meta property=\"og:title\" content=\"Sektglas koziol CHEERS No. 1 Superglas 100 ml Camping is my life Farbe cotton white - Bantam\" \/>\n<meta property=\"og:description\" content=\"Das hochwertige Material isoliert und h\u00e4lt die Getr\u00e4nke k\u00fchl, die hohe Form sorgt daf\u00fcr, dass es l\u00e4nger sprudelt. Dazu ist das Glas nahezu unzerbrechlich und damit perfekt f\u00fcr den Einsatz auf Events, in Clubs, am Strand, auf dem Boot und \u00fcberall, wo Scherben weniger Gl\u00fcck bringen. Inhalt:1 St\u00fcck Sektglas\" \/>\n<meta property=\"og:url\" content=\"https:\/\/shop.bantam.ch\/de\/produkt\/sektglas-cheers-no-1-superglas-100-ml-camping-is-my-life-cotton-white\/\" \/>\n<meta property=\"og:site_name\" content=\"Bantam\" \/>\n<meta property=\"article:modified_time\" content=\"2026-05-02T19:43:24+00:00\" \/>\n<meta property=\"og:image\" content=\"https:\/\/shop.bantam.ch\/wp-content\/uploads\/2023\/02\/998451711.jpg\" \/>\n\t<meta property=\"og:image:width\" content=\"1000\" \/>\n\t<meta property=\"og:image:height\" content=\"1000\" \/>\n\t<meta property=\"og:image:type\" content=\"image\/jpeg\" \/>\n<meta name=\"twitter:card\" content=\"summary_large_image\" \/>\n<script type=\"application\/ld+json\" class=\"yoast-schema-graph\">{\"@context\":\"https:\\\/\\\/schema.org\",\"@graph\":[{\"@type\":\"WebPage\",\"@id\":\"https:\\\/\\\/shop.bantam.ch\\\/de\\\/produkt\\\/sektglas-cheers-no-1-superglas-100-ml-camping-is-my-life-cotton-white\\\/\",\"url\":\"https:\\\/\\\/shop.bantam.ch\\\/de\\\/produkt\\\/sektglas-cheers-no-1-superglas-100-ml-camping-is-my-life-cotton-white\\\/\",\"name\":\"Sektglas koziol CHEERS No. 1 Superglas 100 ml Camping is my life Farbe cotton white - Bantam\",\"isPartOf\":{\"@id\":\"https:\\\/\\\/shop.bantam.ch\\\/de\\\/#website\"},\"primaryImageOfPage\":{\"@id\":\"https:\\\/\\\/shop.bantam.ch\\\/de\\\/produkt\\\/sektglas-cheers-no-1-superglas-100-ml-camping-is-my-life-cotton-white\\\/#primaryimage\"},\"image\":{\"@id\":\"https:\\\/\\\/shop.bantam.ch\\\/de\\\/produkt\\\/sektglas-cheers-no-1-superglas-100-ml-camping-is-my-life-cotton-white\\\/#primaryimage\"},\"thumbnailUrl\":\"https:\\\/\\\/shop.bantam.ch\\\/wp-content\\\/uploads\\\/2023\\\/02\\\/998451711.jpg\",\"datePublished\":\"2023-02-28T21:09:13+00:00\",\"dateModified\":\"2026-05-02T19:43:24+00:00\",\"breadcrumb\":{\"@id\":\"https:\\\/\\\/shop.bantam.ch\\\/de\\\/produkt\\\/sektglas-cheers-no-1-superglas-100-ml-camping-is-my-life-cotton-white\\\/#breadcrumb\"},\"inLanguage\":\"de\",\"potentialAction\":[{\"@type\":\"ReadAction\",\"target\":[\"https:\\\/\\\/shop.bantam.ch\\\/de\\\/produkt\\\/sektglas-cheers-no-1-superglas-100-ml-camping-is-my-life-cotton-white\\\/\"]}]},{\"@type\":\"ImageObject\",\"inLanguage\":\"de\",\"@id\":\"https:\\\/\\\/shop.bantam.ch\\\/de\\\/produkt\\\/sektglas-cheers-no-1-superglas-100-ml-camping-is-my-life-cotton-white\\\/#primaryimage\",\"url\":\"https:\\\/\\\/shop.bantam.ch\\\/wp-content\\\/uploads\\\/2023\\\/02\\\/998451711.jpg\",\"contentUrl\":\"https:\\\/\\\/shop.bantam.ch\\\/wp-content\\\/uploads\\\/2023\\\/02\\\/998451711.jpg\",\"width\":1000,\"height\":1000},{\"@type\":\"BreadcrumbList\",\"@id\":\"https:\\\/\\\/shop.bantam.ch\\\/de\\\/produkt\\\/sektglas-cheers-no-1-superglas-100-ml-camping-is-my-life-cotton-white\\\/#breadcrumb\",\"itemListElement\":[{\"@type\":\"ListItem\",\"position\":1,\"name\":\"Accueil\",\"item\":\"https:\\\/\\\/shop.bantam.ch\\\/de\\\/\"},{\"@type\":\"ListItem\",\"position\":2,\"name\":\"Shop\",\"item\":\"https:\\\/\\\/shop.bantam.ch\\\/de\\\/shop\\\/\"},{\"@type\":\"ListItem\",\"position\":3,\"name\":\"Sektglas koziol CHEERS No. 1 Superglas 100 ml Camping is my life Farbe cotton white\"}]},{\"@type\":\"WebSite\",\"@id\":\"https:\\\/\\\/shop.bantam.ch\\\/de\\\/#website\",\"url\":\"https:\\\/\\\/shop.bantam.ch\\\/de\\\/\",\"name\":\"Bantam\",\"description\":\"\",\"publisher\":{\"@id\":\"https:\\\/\\\/shop.bantam.ch\\\/de\\\/#organization\"},\"inLanguage\":\"de\"},{\"@type\":\"Organization\",\"@id\":\"https:\\\/\\\/shop.bantam.ch\\\/de\\\/#organization\",\"name\":\"Bantam\",\"url\":\"https:\\\/\\\/shop.bantam.ch\\\/de\\\/\",\"logo\":{\"@type\":\"ImageObject\",\"inLanguage\":\"de\",\"@id\":\"https:\\\/\\\/shop.bantam.ch\\\/de\\\/#\\\/schema\\\/logo\\\/image\\\/\",\"url\":\"https:\\\/\\\/shop.bantam.ch\\\/wp-content\\\/uploads\\\/2022\\\/12\\\/bantam-logo.png\",\"contentUrl\":\"https:\\\/\\\/shop.bantam.ch\\\/wp-content\\\/uploads\\\/2022\\\/12\\\/bantam-logo.png\",\"width\":320,\"height\":71,\"caption\":\"Bantam\"},\"image\":{\"@id\":\"https:\\\/\\\/shop.bantam.ch\\\/de\\\/#\\\/schema\\\/logo\\\/image\\\/\"}}]}<\/script>\n<!-- \/ Yoast SEO plugin. -->","yoast_head_json":{"title":"Sektglas koziol CHEERS No. 1 Superglas 100 ml Camping is my life Farbe cotton white - Bantam","robots":{"index":"index","follow":"follow","max-snippet":"max-snippet:-1","max-image-preview":"max-image-preview:large","max-video-preview":"max-video-preview:-1"},"canonical":"https:\/\/shop.bantam.ch\/de\/produkt\/sektglas-cheers-no-1-superglas-100-ml-camping-is-my-life-cotton-white\/","og_locale":"de_DE","og_type":"article","og_title":"Sektglas koziol CHEERS No. 1 Superglas 100 ml Camping is my life Farbe cotton white - Bantam","og_description":"Das hochwertige Material isoliert und h\u00e4lt die Getr\u00e4nke k\u00fchl, die hohe Form sorgt daf\u00fcr, dass es l\u00e4nger sprudelt. Dazu ist das Glas nahezu unzerbrechlich und damit perfekt f\u00fcr den Einsatz auf Events, in Clubs, am Strand, auf dem Boot und \u00fcberall, wo Scherben weniger Gl\u00fcck bringen. Inhalt:1 St\u00fcck Sektglas","og_url":"https:\/\/shop.bantam.ch\/de\/produkt\/sektglas-cheers-no-1-superglas-100-ml-camping-is-my-life-cotton-white\/","og_site_name":"Bantam","article_modified_time":"2026-05-02T19:43:24+00:00","og_image":[{"width":1000,"height":1000,"url":"https:\/\/shop.bantam.ch\/wp-content\/uploads\/2023\/02\/998451711.jpg","type":"image\/jpeg"}],"twitter_card":"summary_large_image","schema":{"@context":"https:\/\/schema.org","@graph":[{"@type":"WebPage","@id":"https:\/\/shop.bantam.ch\/de\/produkt\/sektglas-cheers-no-1-superglas-100-ml-camping-is-my-life-cotton-white\/","url":"https:\/\/shop.bantam.ch\/de\/produkt\/sektglas-cheers-no-1-superglas-100-ml-camping-is-my-life-cotton-white\/","name":"Sektglas koziol CHEERS No. 1 Superglas 100 ml Camping is my life Farbe cotton white - Bantam","isPartOf":{"@id":"https:\/\/shop.bantam.ch\/de\/#website"},"primaryImageOfPage":{"@id":"https:\/\/shop.bantam.ch\/de\/produkt\/sektglas-cheers-no-1-superglas-100-ml-camping-is-my-life-cotton-white\/#primaryimage"},"image":{"@id":"https:\/\/shop.bantam.ch\/de\/produkt\/sektglas-cheers-no-1-superglas-100-ml-camping-is-my-life-cotton-white\/#primaryimage"},"thumbnailUrl":"https:\/\/shop.bantam.ch\/wp-content\/uploads\/2023\/02\/998451711.jpg","datePublished":"2023-02-28T21:09:13+00:00","dateModified":"2026-05-02T19:43:24+00:00","breadcrumb":{"@id":"https:\/\/shop.bantam.ch\/de\/produkt\/sektglas-cheers-no-1-superglas-100-ml-camping-is-my-life-cotton-white\/#breadcrumb"},"inLanguage":"de","potentialAction":[{"@type":"ReadAction","target":["https:\/\/shop.bantam.ch\/de\/produkt\/sektglas-cheers-no-1-superglas-100-ml-camping-is-my-life-cotton-white\/"]}]},{"@type":"ImageObject","inLanguage":"de","@id":"https:\/\/shop.bantam.ch\/de\/produkt\/sektglas-cheers-no-1-superglas-100-ml-camping-is-my-life-cotton-white\/#primaryimage","url":"https:\/\/shop.bantam.ch\/wp-content\/uploads\/2023\/02\/998451711.jpg","contentUrl":"https:\/\/shop.bantam.ch\/wp-content\/uploads\/2023\/02\/998451711.jpg","width":1000,"height":1000},{"@type":"BreadcrumbList","@id":"https:\/\/shop.bantam.ch\/de\/produkt\/sektglas-cheers-no-1-superglas-100-ml-camping-is-my-life-cotton-white\/#breadcrumb","itemListElement":[{"@type":"ListItem","position":1,"name":"Accueil","item":"https:\/\/shop.bantam.ch\/de\/"},{"@type":"ListItem","position":2,"name":"Shop","item":"https:\/\/shop.bantam.ch\/de\/shop\/"},{"@type":"ListItem","position":3,"name":"Sektglas koziol CHEERS No. 1 Superglas 100 ml Camping is my life Farbe cotton white"}]},{"@type":"WebSite","@id":"https:\/\/shop.bantam.ch\/de\/#website","url":"https:\/\/shop.bantam.ch\/de\/","name":"Bantam","description":"","publisher":{"@id":"https:\/\/shop.bantam.ch\/de\/#organization"},"inLanguage":"de"},{"@type":"Organization","@id":"https:\/\/shop.bantam.ch\/de\/#organization","name":"Bantam","url":"https:\/\/shop.bantam.ch\/de\/","logo":{"@type":"ImageObject","inLanguage":"de","@id":"https:\/\/shop.bantam.ch\/de\/#\/schema\/logo\/image\/","url":"https:\/\/shop.bantam.ch\/wp-content\/uploads\/2022\/12\/bantam-logo.png","contentUrl":"https:\/\/shop.bantam.ch\/wp-content\/uploads\/2022\/12\/bantam-logo.png","width":320,"height":71,"caption":"Bantam"},"image":{"@id":"https:\/\/shop.bantam.ch\/de\/#\/schema\/logo\/image\/"}}]}},"_links":{"self":[{"href":"https:\/\/shop.bantam.ch\/de\/wp-json\/wp\/v2\/product\/115821","targetHints":{"allow":["GET"]}}],"collection":[{"href":"https:\/\/shop.bantam.ch\/de\/wp-json\/wp\/v2\/product"}],"about":[{"href":"https:\/\/shop.bantam.ch\/de\/wp-json\/wp\/v2\/types\/product"}],"wp:featuredmedia":[{"embeddable":true,"href":"https:\/\/shop.bantam.ch\/de\/wp-json\/wp\/v2\/media\/115817"}],"wp:attachment":[{"href":"https:\/\/shop.bantam.ch\/de\/wp-json\/wp\/v2\/media?parent=115821"}],"wp:term":[{"taxonomy":"product_featured_cat","embeddable":true,"href":"https:\/\/shop.bantam.ch\/de\/wp-json\/wp\/v2\/product_featured_cat?post=115821"},{"taxonomy":"product_brand","embeddable":true,"href":"https:\/\/shop.bantam.ch\/de\/wp-json\/wp\/v2\/product_brand?post=115821"},{"taxonomy":"product_cat","embeddable":true,"href":"https:\/\/shop.bantam.ch\/de\/wp-json\/wp\/v2\/product_cat?post=115821"},{"taxonomy":"product_tag","embeddable":true,"href":"https:\/\/shop.bantam.ch\/de\/wp-json\/wp\/v2\/product_tag?post=115821"}],"curies":[{"name":"wp","href":"https:\/\/api.w.org\/{rel}","templated":true}]}}