{"id":115815,"date":"2023-02-28T22:09:08","date_gmt":"2023-02-28T21:09:08","guid":{"rendered":"https:\/\/shop.bantam.ch\/produit\/schnapsglas-club-no-14-superglas-20-40-ml-4er-set-crystal-clear\/"},"modified":"2026-04-17T21:44:41","modified_gmt":"2026-04-17T19:44:41","slug":"schnapsglas-club-no-14-superglas-20-40-ml-4er-set-crystal-clear","status":"publish","type":"product","link":"https:\/\/shop.bantam.ch\/de\/produkt\/schnapsglas-club-no-14-superglas-20-40-ml-4er-set-crystal-clear\/","title":{"rendered":"Schnapsglas koziol CLUB No. 7 Superglas 20 ml\/40 ml, 4er-Set Farbe crystal clear"},"content":{"rendered":"<p>I shot the sheriff, but I did not shoot the bartender. Auch wenn es in der Bar mal hoch hergehen sollte, bleiben diese Gl\u00e4ser garantiert heil. Das koziol Superglas ist im normalen Gebrauch nahezu unzerst\u00f6rbar und wenig kratzempfindlich. CLUB No. 7 setzt Shots und Shooters stylisch in Szene und das Material verleiht den Gl\u00e4sern eine besonders angenehme, handschmeichlerische Haptik. Mit doppeltem Eichstrich 2 cl + 4 cl.<\/p>\n<p>Inhalt:<br \/>4 St\u00fcck<\/p>\n","protected":false},"excerpt":{"rendered":"<p>I shot the sheriff, but I did not shoot the bartender. Auch wenn es in der Bar mal hoch hergehen sollte, bleiben diese Gl\u00e4ser garantiert heil. Das koziol Superglas ist im normalen Gebrauch nahezu unzerst\u00f6rbar und wenig kratzempfindlich. CLUB No. 7 setzt Shots und Shooters stylisch in Szene und das Material verleiht den Gl\u00e4sern eine [&hellip;]<\/p>\n","protected":false},"featured_media":115811,"template":"","meta":{"_acf_changed":false},"product_featured_cat":[],"product_brand":[3585],"product_cat":[4270],"product_tag":[],"class_list":{"0":"post-115815","1":"product","2":"type-product","3":"status-publish","4":"has-post-thumbnail","6":"product_brand-koziol-de","7":"product_cat-becher-tassen-glaeser","9":"first","10":"instock","11":"taxable","12":"shipping-taxable","13":"purchasable","14":"product-type-simple"},"acf":[],"yoast_head":"<!-- This site is optimized with the Yoast SEO plugin v27.4 - https:\/\/yoast.com\/product\/yoast-seo-wordpress\/ -->\n<title>Schnapsglas koziol CLUB No. 7 Superglas 20 ml\/40 ml, 4er-Set Farbe crystal clear - Bantam Camping AG<\/title>\n<meta name=\"robots\" content=\"index, follow, max-snippet:-1, max-image-preview:large, max-video-preview:-1\" \/>\n<link rel=\"canonical\" href=\"https:\/\/shop.bantam.ch\/de\/produkt\/schnapsglas-club-no-14-superglas-20-40-ml-4er-set-crystal-clear\/\" \/>\n<meta property=\"og:locale\" content=\"de_DE\" \/>\n<meta property=\"og:type\" content=\"article\" \/>\n<meta property=\"og:title\" content=\"Schnapsglas koziol CLUB No. 7 Superglas 20 ml\/40 ml, 4er-Set Farbe crystal clear - Bantam Camping AG\" \/>\n<meta property=\"og:description\" content=\"I shot the sheriff, but I did not shoot the bartender. Auch wenn es in der Bar mal hoch hergehen sollte, bleiben diese Gl\u00e4ser garantiert heil. Das koziol Superglas ist im normalen Gebrauch nahezu unzerst\u00f6rbar und wenig kratzempfindlich. CLUB No. 7 setzt Shots und Shooters stylisch in Szene und das Material verleiht den Gl\u00e4sern eine [&hellip;]\" \/>\n<meta property=\"og:url\" content=\"https:\/\/shop.bantam.ch\/de\/produkt\/schnapsglas-club-no-14-superglas-20-40-ml-4er-set-crystal-clear\/\" \/>\n<meta property=\"og:site_name\" content=\"Bantam Camping AG\" \/>\n<meta property=\"article:modified_time\" content=\"2026-04-17T19:44:41+00:00\" \/>\n<meta property=\"og:image\" content=\"https:\/\/shop.bantam.ch\/wp-content\/uploads\/2023\/02\/998448811.jpg\" \/>\n\t<meta property=\"og:image:width\" content=\"1000\" \/>\n\t<meta property=\"og:image:height\" content=\"479\" \/>\n\t<meta property=\"og:image:type\" content=\"image\/jpeg\" \/>\n<meta name=\"twitter:card\" content=\"summary_large_image\" \/>\n<script type=\"application\/ld+json\" class=\"yoast-schema-graph\">{\"@context\":\"https:\\\/\\\/schema.org\",\"@graph\":[{\"@type\":\"WebPage\",\"@id\":\"https:\\\/\\\/shop.bantam.ch\\\/de\\\/produkt\\\/schnapsglas-club-no-14-superglas-20-40-ml-4er-set-crystal-clear\\\/\",\"url\":\"https:\\\/\\\/shop.bantam.ch\\\/de\\\/produkt\\\/schnapsglas-club-no-14-superglas-20-40-ml-4er-set-crystal-clear\\\/\",\"name\":\"Schnapsglas koziol CLUB No. 7 Superglas 20 ml\\\/40 ml, 4er-Set Farbe crystal clear - Bantam Camping AG\",\"isPartOf\":{\"@id\":\"https:\\\/\\\/shop.bantam.ch\\\/de\\\/#website\"},\"primaryImageOfPage\":{\"@id\":\"https:\\\/\\\/shop.bantam.ch\\\/de\\\/produkt\\\/schnapsglas-club-no-14-superglas-20-40-ml-4er-set-crystal-clear\\\/#primaryimage\"},\"image\":{\"@id\":\"https:\\\/\\\/shop.bantam.ch\\\/de\\\/produkt\\\/schnapsglas-club-no-14-superglas-20-40-ml-4er-set-crystal-clear\\\/#primaryimage\"},\"thumbnailUrl\":\"https:\\\/\\\/shop.bantam.ch\\\/wp-content\\\/uploads\\\/2023\\\/02\\\/998448811.jpg\",\"datePublished\":\"2023-02-28T21:09:08+00:00\",\"dateModified\":\"2026-04-17T19:44:41+00:00\",\"breadcrumb\":{\"@id\":\"https:\\\/\\\/shop.bantam.ch\\\/de\\\/produkt\\\/schnapsglas-club-no-14-superglas-20-40-ml-4er-set-crystal-clear\\\/#breadcrumb\"},\"inLanguage\":\"de\",\"potentialAction\":[{\"@type\":\"ReadAction\",\"target\":[\"https:\\\/\\\/shop.bantam.ch\\\/de\\\/produkt\\\/schnapsglas-club-no-14-superglas-20-40-ml-4er-set-crystal-clear\\\/\"]}]},{\"@type\":\"ImageObject\",\"inLanguage\":\"de\",\"@id\":\"https:\\\/\\\/shop.bantam.ch\\\/de\\\/produkt\\\/schnapsglas-club-no-14-superglas-20-40-ml-4er-set-crystal-clear\\\/#primaryimage\",\"url\":\"https:\\\/\\\/shop.bantam.ch\\\/wp-content\\\/uploads\\\/2023\\\/02\\\/998448811.jpg\",\"contentUrl\":\"https:\\\/\\\/shop.bantam.ch\\\/wp-content\\\/uploads\\\/2023\\\/02\\\/998448811.jpg\",\"width\":1000,\"height\":479},{\"@type\":\"BreadcrumbList\",\"@id\":\"https:\\\/\\\/shop.bantam.ch\\\/de\\\/produkt\\\/schnapsglas-club-no-14-superglas-20-40-ml-4er-set-crystal-clear\\\/#breadcrumb\",\"itemListElement\":[{\"@type\":\"ListItem\",\"position\":1,\"name\":\"Accueil\",\"item\":\"https:\\\/\\\/shop.bantam.ch\\\/de\\\/\"},{\"@type\":\"ListItem\",\"position\":2,\"name\":\"Shop\",\"item\":\"https:\\\/\\\/shop.bantam.ch\\\/de\\\/shop\\\/\"},{\"@type\":\"ListItem\",\"position\":3,\"name\":\"Schnapsglas koziol CLUB No. 7 Superglas 20 ml\\\/40 ml, 4er-Set Farbe crystal clear\"}]},{\"@type\":\"WebSite\",\"@id\":\"https:\\\/\\\/shop.bantam.ch\\\/de\\\/#website\",\"url\":\"https:\\\/\\\/shop.bantam.ch\\\/de\\\/\",\"name\":\"Bantam Camping AG\",\"description\":\"\",\"publisher\":{\"@id\":\"https:\\\/\\\/shop.bantam.ch\\\/de\\\/#organization\"},\"inLanguage\":\"de\"},{\"@type\":\"Organization\",\"@id\":\"https:\\\/\\\/shop.bantam.ch\\\/de\\\/#organization\",\"name\":\"Bantam Camping AG\",\"url\":\"https:\\\/\\\/shop.bantam.ch\\\/de\\\/\",\"logo\":{\"@type\":\"ImageObject\",\"inLanguage\":\"de\",\"@id\":\"https:\\\/\\\/shop.bantam.ch\\\/de\\\/#\\\/schema\\\/logo\\\/image\\\/\",\"url\":\"https:\\\/\\\/shop.bantam.ch\\\/wp-content\\\/uploads\\\/2022\\\/12\\\/bantam-logo.png\",\"contentUrl\":\"https:\\\/\\\/shop.bantam.ch\\\/wp-content\\\/uploads\\\/2022\\\/12\\\/bantam-logo.png\",\"width\":320,\"height\":71,\"caption\":\"Bantam Camping AG\"},\"image\":{\"@id\":\"https:\\\/\\\/shop.bantam.ch\\\/de\\\/#\\\/schema\\\/logo\\\/image\\\/\"}}]}<\/script>\n<!-- \/ Yoast SEO plugin. -->","yoast_head_json":{"title":"Schnapsglas koziol CLUB No. 7 Superglas 20 ml\/40 ml, 4er-Set Farbe crystal clear - Bantam Camping AG","robots":{"index":"index","follow":"follow","max-snippet":"max-snippet:-1","max-image-preview":"max-image-preview:large","max-video-preview":"max-video-preview:-1"},"canonical":"https:\/\/shop.bantam.ch\/de\/produkt\/schnapsglas-club-no-14-superglas-20-40-ml-4er-set-crystal-clear\/","og_locale":"de_DE","og_type":"article","og_title":"Schnapsglas koziol CLUB No. 7 Superglas 20 ml\/40 ml, 4er-Set Farbe crystal clear - Bantam Camping AG","og_description":"I shot the sheriff, but I did not shoot the bartender. Auch wenn es in der Bar mal hoch hergehen sollte, bleiben diese Gl\u00e4ser garantiert heil. Das koziol Superglas ist im normalen Gebrauch nahezu unzerst\u00f6rbar und wenig kratzempfindlich. CLUB No. 7 setzt Shots und Shooters stylisch in Szene und das Material verleiht den Gl\u00e4sern eine [&hellip;]","og_url":"https:\/\/shop.bantam.ch\/de\/produkt\/schnapsglas-club-no-14-superglas-20-40-ml-4er-set-crystal-clear\/","og_site_name":"Bantam Camping AG","article_modified_time":"2026-04-17T19:44:41+00:00","og_image":[{"width":1000,"height":479,"url":"https:\/\/shop.bantam.ch\/wp-content\/uploads\/2023\/02\/998448811.jpg","type":"image\/jpeg"}],"twitter_card":"summary_large_image","schema":{"@context":"https:\/\/schema.org","@graph":[{"@type":"WebPage","@id":"https:\/\/shop.bantam.ch\/de\/produkt\/schnapsglas-club-no-14-superglas-20-40-ml-4er-set-crystal-clear\/","url":"https:\/\/shop.bantam.ch\/de\/produkt\/schnapsglas-club-no-14-superglas-20-40-ml-4er-set-crystal-clear\/","name":"Schnapsglas koziol CLUB No. 7 Superglas 20 ml\/40 ml, 4er-Set Farbe crystal clear - Bantam Camping AG","isPartOf":{"@id":"https:\/\/shop.bantam.ch\/de\/#website"},"primaryImageOfPage":{"@id":"https:\/\/shop.bantam.ch\/de\/produkt\/schnapsglas-club-no-14-superglas-20-40-ml-4er-set-crystal-clear\/#primaryimage"},"image":{"@id":"https:\/\/shop.bantam.ch\/de\/produkt\/schnapsglas-club-no-14-superglas-20-40-ml-4er-set-crystal-clear\/#primaryimage"},"thumbnailUrl":"https:\/\/shop.bantam.ch\/wp-content\/uploads\/2023\/02\/998448811.jpg","datePublished":"2023-02-28T21:09:08+00:00","dateModified":"2026-04-17T19:44:41+00:00","breadcrumb":{"@id":"https:\/\/shop.bantam.ch\/de\/produkt\/schnapsglas-club-no-14-superglas-20-40-ml-4er-set-crystal-clear\/#breadcrumb"},"inLanguage":"de","potentialAction":[{"@type":"ReadAction","target":["https:\/\/shop.bantam.ch\/de\/produkt\/schnapsglas-club-no-14-superglas-20-40-ml-4er-set-crystal-clear\/"]}]},{"@type":"ImageObject","inLanguage":"de","@id":"https:\/\/shop.bantam.ch\/de\/produkt\/schnapsglas-club-no-14-superglas-20-40-ml-4er-set-crystal-clear\/#primaryimage","url":"https:\/\/shop.bantam.ch\/wp-content\/uploads\/2023\/02\/998448811.jpg","contentUrl":"https:\/\/shop.bantam.ch\/wp-content\/uploads\/2023\/02\/998448811.jpg","width":1000,"height":479},{"@type":"BreadcrumbList","@id":"https:\/\/shop.bantam.ch\/de\/produkt\/schnapsglas-club-no-14-superglas-20-40-ml-4er-set-crystal-clear\/#breadcrumb","itemListElement":[{"@type":"ListItem","position":1,"name":"Accueil","item":"https:\/\/shop.bantam.ch\/de\/"},{"@type":"ListItem","position":2,"name":"Shop","item":"https:\/\/shop.bantam.ch\/de\/shop\/"},{"@type":"ListItem","position":3,"name":"Schnapsglas koziol CLUB No. 7 Superglas 20 ml\/40 ml, 4er-Set Farbe crystal clear"}]},{"@type":"WebSite","@id":"https:\/\/shop.bantam.ch\/de\/#website","url":"https:\/\/shop.bantam.ch\/de\/","name":"Bantam Camping AG","description":"","publisher":{"@id":"https:\/\/shop.bantam.ch\/de\/#organization"},"inLanguage":"de"},{"@type":"Organization","@id":"https:\/\/shop.bantam.ch\/de\/#organization","name":"Bantam Camping AG","url":"https:\/\/shop.bantam.ch\/de\/","logo":{"@type":"ImageObject","inLanguage":"de","@id":"https:\/\/shop.bantam.ch\/de\/#\/schema\/logo\/image\/","url":"https:\/\/shop.bantam.ch\/wp-content\/uploads\/2022\/12\/bantam-logo.png","contentUrl":"https:\/\/shop.bantam.ch\/wp-content\/uploads\/2022\/12\/bantam-logo.png","width":320,"height":71,"caption":"Bantam Camping AG"},"image":{"@id":"https:\/\/shop.bantam.ch\/de\/#\/schema\/logo\/image\/"}}]}},"_links":{"self":[{"href":"https:\/\/shop.bantam.ch\/de\/wp-json\/wp\/v2\/product\/115815","targetHints":{"allow":["GET"]}}],"collection":[{"href":"https:\/\/shop.bantam.ch\/de\/wp-json\/wp\/v2\/product"}],"about":[{"href":"https:\/\/shop.bantam.ch\/de\/wp-json\/wp\/v2\/types\/product"}],"wp:featuredmedia":[{"embeddable":true,"href":"https:\/\/shop.bantam.ch\/de\/wp-json\/wp\/v2\/media\/115811"}],"wp:attachment":[{"href":"https:\/\/shop.bantam.ch\/de\/wp-json\/wp\/v2\/media?parent=115815"}],"wp:term":[{"taxonomy":"product_featured_cat","embeddable":true,"href":"https:\/\/shop.bantam.ch\/de\/wp-json\/wp\/v2\/product_featured_cat?post=115815"},{"taxonomy":"product_brand","embeddable":true,"href":"https:\/\/shop.bantam.ch\/de\/wp-json\/wp\/v2\/product_brand?post=115815"},{"taxonomy":"product_cat","embeddable":true,"href":"https:\/\/shop.bantam.ch\/de\/wp-json\/wp\/v2\/product_cat?post=115815"},{"taxonomy":"product_tag","embeddable":true,"href":"https:\/\/shop.bantam.ch\/de\/wp-json\/wp\/v2\/product_tag?post=115815"}],"curies":[{"name":"wp","href":"https:\/\/api.w.org\/{rel}","templated":true}]}}