{"id":115801,"date":"2023-02-28T22:08:56","date_gmt":"2023-02-28T21:08:56","guid":{"rendered":"https:\/\/shop.bantam.ch\/produit\/sektglas-club-no-14-superglas-100-ml-2er-set-crystal-clear\/"},"modified":"2026-05-02T21:43:23","modified_gmt":"2026-05-02T19:43:23","slug":"sektglas-club-no-14-superglas-100-ml-2er-set-crystal-clear","status":"publish","type":"product","link":"https:\/\/shop.bantam.ch\/de\/produkt\/sektglas-club-no-14-superglas-100-ml-2er-set-crystal-clear\/","title":{"rendered":"Sektglas koziol CLUB No. 14 Superglas 100 ml, 2er-Set Farbe crystal clear"},"content":{"rendered":"<p>Sektglas CLUB No. 14 sieht schick aus, f\u00fchlt sich gut an und ist praktisch unkaputtbar. Das Supermaterial verkraftet selbst Weitw\u00fcrfe ohne Kratzer oder Scherben und macht die Gl\u00e4ser ideal f\u00fcr Outdoorbereiche wie Terrasse oder Pool und \u00fcberall dort, wo man Scherben keinesfalls gebrauchen kann. Das Glas l\u00e4sst sich perfekt in der Sp\u00fclmaschine reinigen und ist immer wiederverwendbar.<\/p>\n<p>Inhalt:<br \/>2 St\u00fcck<\/p>\n","protected":false},"excerpt":{"rendered":"<p>Sektglas CLUB No. 14 sieht schick aus, f\u00fchlt sich gut an und ist praktisch unkaputtbar. Das Supermaterial verkraftet selbst Weitw\u00fcrfe ohne Kratzer oder Scherben und macht die Gl\u00e4ser ideal f\u00fcr Outdoorbereiche wie Terrasse oder Pool und \u00fcberall dort, wo man Scherben keinesfalls gebrauchen kann. Das Glas l\u00e4sst sich perfekt in der Sp\u00fclmaschine reinigen und ist [&hellip;]<\/p>\n","protected":false},"featured_media":115793,"template":"","meta":{"_acf_changed":false},"product_featured_cat":[],"product_brand":[3585],"product_cat":[4270],"product_tag":[],"class_list":{"0":"post-115801","1":"product","2":"type-product","3":"status-publish","4":"has-post-thumbnail","6":"product_brand-koziol-de","7":"product_cat-becher-tassen-glaeser","9":"first","10":"instock","11":"taxable","12":"shipping-taxable","13":"purchasable","14":"product-type-simple"},"acf":[],"yoast_head":"<!-- This site is optimized with the Yoast SEO plugin v27.5 - https:\/\/yoast.com\/product\/yoast-seo-wordpress\/ -->\n<title>Sektglas koziol CLUB No. 14 Superglas 100 ml, 2er-Set Farbe crystal clear - Bantam<\/title>\n<meta name=\"robots\" content=\"index, follow, max-snippet:-1, max-image-preview:large, max-video-preview:-1\" \/>\n<link rel=\"canonical\" href=\"https:\/\/shop.bantam.ch\/de\/produkt\/sektglas-club-no-14-superglas-100-ml-2er-set-crystal-clear\/\" \/>\n<meta property=\"og:locale\" content=\"de_DE\" \/>\n<meta property=\"og:type\" content=\"article\" \/>\n<meta property=\"og:title\" content=\"Sektglas koziol CLUB No. 14 Superglas 100 ml, 2er-Set Farbe crystal clear - Bantam\" \/>\n<meta property=\"og:description\" content=\"Sektglas CLUB No. 14 sieht schick aus, f\u00fchlt sich gut an und ist praktisch unkaputtbar. Das Supermaterial verkraftet selbst Weitw\u00fcrfe ohne Kratzer oder Scherben und macht die Gl\u00e4ser ideal f\u00fcr Outdoorbereiche wie Terrasse oder Pool und \u00fcberall dort, wo man Scherben keinesfalls gebrauchen kann. Das Glas l\u00e4sst sich perfekt in der Sp\u00fclmaschine reinigen und ist [&hellip;]\" \/>\n<meta property=\"og:url\" content=\"https:\/\/shop.bantam.ch\/de\/produkt\/sektglas-club-no-14-superglas-100-ml-2er-set-crystal-clear\/\" \/>\n<meta property=\"og:site_name\" content=\"Bantam\" \/>\n<meta property=\"article:modified_time\" content=\"2026-05-02T19:43:23+00:00\" \/>\n<meta property=\"og:image\" content=\"https:\/\/shop.bantam.ch\/wp-content\/uploads\/2023\/02\/998451311.jpg\" \/>\n\t<meta property=\"og:image:width\" content=\"1000\" \/>\n\t<meta property=\"og:image:height\" content=\"1000\" \/>\n\t<meta property=\"og:image:type\" content=\"image\/jpeg\" \/>\n<meta name=\"twitter:card\" content=\"summary_large_image\" \/>\n<script type=\"application\/ld+json\" class=\"yoast-schema-graph\">{\"@context\":\"https:\\\/\\\/schema.org\",\"@graph\":[{\"@type\":\"WebPage\",\"@id\":\"https:\\\/\\\/shop.bantam.ch\\\/de\\\/produkt\\\/sektglas-club-no-14-superglas-100-ml-2er-set-crystal-clear\\\/\",\"url\":\"https:\\\/\\\/shop.bantam.ch\\\/de\\\/produkt\\\/sektglas-club-no-14-superglas-100-ml-2er-set-crystal-clear\\\/\",\"name\":\"Sektglas koziol CLUB No. 14 Superglas 100 ml, 2er-Set Farbe crystal clear - Bantam\",\"isPartOf\":{\"@id\":\"https:\\\/\\\/shop.bantam.ch\\\/de\\\/#website\"},\"primaryImageOfPage\":{\"@id\":\"https:\\\/\\\/shop.bantam.ch\\\/de\\\/produkt\\\/sektglas-club-no-14-superglas-100-ml-2er-set-crystal-clear\\\/#primaryimage\"},\"image\":{\"@id\":\"https:\\\/\\\/shop.bantam.ch\\\/de\\\/produkt\\\/sektglas-club-no-14-superglas-100-ml-2er-set-crystal-clear\\\/#primaryimage\"},\"thumbnailUrl\":\"https:\\\/\\\/shop.bantam.ch\\\/wp-content\\\/uploads\\\/2023\\\/02\\\/998451311.jpg\",\"datePublished\":\"2023-02-28T21:08:56+00:00\",\"dateModified\":\"2026-05-02T19:43:23+00:00\",\"breadcrumb\":{\"@id\":\"https:\\\/\\\/shop.bantam.ch\\\/de\\\/produkt\\\/sektglas-club-no-14-superglas-100-ml-2er-set-crystal-clear\\\/#breadcrumb\"},\"inLanguage\":\"de\",\"potentialAction\":[{\"@type\":\"ReadAction\",\"target\":[\"https:\\\/\\\/shop.bantam.ch\\\/de\\\/produkt\\\/sektglas-club-no-14-superglas-100-ml-2er-set-crystal-clear\\\/\"]}]},{\"@type\":\"ImageObject\",\"inLanguage\":\"de\",\"@id\":\"https:\\\/\\\/shop.bantam.ch\\\/de\\\/produkt\\\/sektglas-club-no-14-superglas-100-ml-2er-set-crystal-clear\\\/#primaryimage\",\"url\":\"https:\\\/\\\/shop.bantam.ch\\\/wp-content\\\/uploads\\\/2023\\\/02\\\/998451311.jpg\",\"contentUrl\":\"https:\\\/\\\/shop.bantam.ch\\\/wp-content\\\/uploads\\\/2023\\\/02\\\/998451311.jpg\",\"width\":1000,\"height\":1000},{\"@type\":\"BreadcrumbList\",\"@id\":\"https:\\\/\\\/shop.bantam.ch\\\/de\\\/produkt\\\/sektglas-club-no-14-superglas-100-ml-2er-set-crystal-clear\\\/#breadcrumb\",\"itemListElement\":[{\"@type\":\"ListItem\",\"position\":1,\"name\":\"Accueil\",\"item\":\"https:\\\/\\\/shop.bantam.ch\\\/de\\\/\"},{\"@type\":\"ListItem\",\"position\":2,\"name\":\"Shop\",\"item\":\"https:\\\/\\\/shop.bantam.ch\\\/de\\\/shop\\\/\"},{\"@type\":\"ListItem\",\"position\":3,\"name\":\"Sektglas koziol CLUB No. 14 Superglas 100 ml, 2er-Set Farbe crystal clear\"}]},{\"@type\":\"WebSite\",\"@id\":\"https:\\\/\\\/shop.bantam.ch\\\/de\\\/#website\",\"url\":\"https:\\\/\\\/shop.bantam.ch\\\/de\\\/\",\"name\":\"Bantam\",\"description\":\"\",\"publisher\":{\"@id\":\"https:\\\/\\\/shop.bantam.ch\\\/de\\\/#organization\"},\"inLanguage\":\"de\"},{\"@type\":\"Organization\",\"@id\":\"https:\\\/\\\/shop.bantam.ch\\\/de\\\/#organization\",\"name\":\"Bantam\",\"url\":\"https:\\\/\\\/shop.bantam.ch\\\/de\\\/\",\"logo\":{\"@type\":\"ImageObject\",\"inLanguage\":\"de\",\"@id\":\"https:\\\/\\\/shop.bantam.ch\\\/de\\\/#\\\/schema\\\/logo\\\/image\\\/\",\"url\":\"https:\\\/\\\/shop.bantam.ch\\\/wp-content\\\/uploads\\\/2022\\\/12\\\/bantam-logo.png\",\"contentUrl\":\"https:\\\/\\\/shop.bantam.ch\\\/wp-content\\\/uploads\\\/2022\\\/12\\\/bantam-logo.png\",\"width\":320,\"height\":71,\"caption\":\"Bantam\"},\"image\":{\"@id\":\"https:\\\/\\\/shop.bantam.ch\\\/de\\\/#\\\/schema\\\/logo\\\/image\\\/\"}}]}<\/script>\n<!-- \/ Yoast SEO plugin. -->","yoast_head_json":{"title":"Sektglas koziol CLUB No. 14 Superglas 100 ml, 2er-Set Farbe crystal clear - Bantam","robots":{"index":"index","follow":"follow","max-snippet":"max-snippet:-1","max-image-preview":"max-image-preview:large","max-video-preview":"max-video-preview:-1"},"canonical":"https:\/\/shop.bantam.ch\/de\/produkt\/sektglas-club-no-14-superglas-100-ml-2er-set-crystal-clear\/","og_locale":"de_DE","og_type":"article","og_title":"Sektglas koziol CLUB No. 14 Superglas 100 ml, 2er-Set Farbe crystal clear - Bantam","og_description":"Sektglas CLUB No. 14 sieht schick aus, f\u00fchlt sich gut an und ist praktisch unkaputtbar. Das Supermaterial verkraftet selbst Weitw\u00fcrfe ohne Kratzer oder Scherben und macht die Gl\u00e4ser ideal f\u00fcr Outdoorbereiche wie Terrasse oder Pool und \u00fcberall dort, wo man Scherben keinesfalls gebrauchen kann. Das Glas l\u00e4sst sich perfekt in der Sp\u00fclmaschine reinigen und ist [&hellip;]","og_url":"https:\/\/shop.bantam.ch\/de\/produkt\/sektglas-club-no-14-superglas-100-ml-2er-set-crystal-clear\/","og_site_name":"Bantam","article_modified_time":"2026-05-02T19:43:23+00:00","og_image":[{"width":1000,"height":1000,"url":"https:\/\/shop.bantam.ch\/wp-content\/uploads\/2023\/02\/998451311.jpg","type":"image\/jpeg"}],"twitter_card":"summary_large_image","schema":{"@context":"https:\/\/schema.org","@graph":[{"@type":"WebPage","@id":"https:\/\/shop.bantam.ch\/de\/produkt\/sektglas-club-no-14-superglas-100-ml-2er-set-crystal-clear\/","url":"https:\/\/shop.bantam.ch\/de\/produkt\/sektglas-club-no-14-superglas-100-ml-2er-set-crystal-clear\/","name":"Sektglas koziol CLUB No. 14 Superglas 100 ml, 2er-Set Farbe crystal clear - Bantam","isPartOf":{"@id":"https:\/\/shop.bantam.ch\/de\/#website"},"primaryImageOfPage":{"@id":"https:\/\/shop.bantam.ch\/de\/produkt\/sektglas-club-no-14-superglas-100-ml-2er-set-crystal-clear\/#primaryimage"},"image":{"@id":"https:\/\/shop.bantam.ch\/de\/produkt\/sektglas-club-no-14-superglas-100-ml-2er-set-crystal-clear\/#primaryimage"},"thumbnailUrl":"https:\/\/shop.bantam.ch\/wp-content\/uploads\/2023\/02\/998451311.jpg","datePublished":"2023-02-28T21:08:56+00:00","dateModified":"2026-05-02T19:43:23+00:00","breadcrumb":{"@id":"https:\/\/shop.bantam.ch\/de\/produkt\/sektglas-club-no-14-superglas-100-ml-2er-set-crystal-clear\/#breadcrumb"},"inLanguage":"de","potentialAction":[{"@type":"ReadAction","target":["https:\/\/shop.bantam.ch\/de\/produkt\/sektglas-club-no-14-superglas-100-ml-2er-set-crystal-clear\/"]}]},{"@type":"ImageObject","inLanguage":"de","@id":"https:\/\/shop.bantam.ch\/de\/produkt\/sektglas-club-no-14-superglas-100-ml-2er-set-crystal-clear\/#primaryimage","url":"https:\/\/shop.bantam.ch\/wp-content\/uploads\/2023\/02\/998451311.jpg","contentUrl":"https:\/\/shop.bantam.ch\/wp-content\/uploads\/2023\/02\/998451311.jpg","width":1000,"height":1000},{"@type":"BreadcrumbList","@id":"https:\/\/shop.bantam.ch\/de\/produkt\/sektglas-club-no-14-superglas-100-ml-2er-set-crystal-clear\/#breadcrumb","itemListElement":[{"@type":"ListItem","position":1,"name":"Accueil","item":"https:\/\/shop.bantam.ch\/de\/"},{"@type":"ListItem","position":2,"name":"Shop","item":"https:\/\/shop.bantam.ch\/de\/shop\/"},{"@type":"ListItem","position":3,"name":"Sektglas koziol CLUB No. 14 Superglas 100 ml, 2er-Set Farbe crystal clear"}]},{"@type":"WebSite","@id":"https:\/\/shop.bantam.ch\/de\/#website","url":"https:\/\/shop.bantam.ch\/de\/","name":"Bantam","description":"","publisher":{"@id":"https:\/\/shop.bantam.ch\/de\/#organization"},"inLanguage":"de"},{"@type":"Organization","@id":"https:\/\/shop.bantam.ch\/de\/#organization","name":"Bantam","url":"https:\/\/shop.bantam.ch\/de\/","logo":{"@type":"ImageObject","inLanguage":"de","@id":"https:\/\/shop.bantam.ch\/de\/#\/schema\/logo\/image\/","url":"https:\/\/shop.bantam.ch\/wp-content\/uploads\/2022\/12\/bantam-logo.png","contentUrl":"https:\/\/shop.bantam.ch\/wp-content\/uploads\/2022\/12\/bantam-logo.png","width":320,"height":71,"caption":"Bantam"},"image":{"@id":"https:\/\/shop.bantam.ch\/de\/#\/schema\/logo\/image\/"}}]}},"_links":{"self":[{"href":"https:\/\/shop.bantam.ch\/de\/wp-json\/wp\/v2\/product\/115801","targetHints":{"allow":["GET"]}}],"collection":[{"href":"https:\/\/shop.bantam.ch\/de\/wp-json\/wp\/v2\/product"}],"about":[{"href":"https:\/\/shop.bantam.ch\/de\/wp-json\/wp\/v2\/types\/product"}],"wp:featuredmedia":[{"embeddable":true,"href":"https:\/\/shop.bantam.ch\/de\/wp-json\/wp\/v2\/media\/115793"}],"wp:attachment":[{"href":"https:\/\/shop.bantam.ch\/de\/wp-json\/wp\/v2\/media?parent=115801"}],"wp:term":[{"taxonomy":"product_featured_cat","embeddable":true,"href":"https:\/\/shop.bantam.ch\/de\/wp-json\/wp\/v2\/product_featured_cat?post=115801"},{"taxonomy":"product_brand","embeddable":true,"href":"https:\/\/shop.bantam.ch\/de\/wp-json\/wp\/v2\/product_brand?post=115801"},{"taxonomy":"product_cat","embeddable":true,"href":"https:\/\/shop.bantam.ch\/de\/wp-json\/wp\/v2\/product_cat?post=115801"},{"taxonomy":"product_tag","embeddable":true,"href":"https:\/\/shop.bantam.ch\/de\/wp-json\/wp\/v2\/product_tag?post=115801"}],"curies":[{"name":"wp","href":"https:\/\/api.w.org\/{rel}","templated":true}]}}