{"id":115783,"date":"2023-02-28T22:08:45","date_gmt":"2023-02-28T21:08:45","guid":{"rendered":"https:\/\/shop.bantam.ch\/produit\/weinglas-club-no-9-superglas-200-ml-2er-set-crystal-clear\/"},"modified":"2026-04-23T21:44:36","modified_gmt":"2026-04-23T19:44:36","slug":"weinglas-club-no-9-superglas-200-ml-2er-set-crystal-clear","status":"publish","type":"product","link":"https:\/\/shop.bantam.ch\/de\/produkt\/weinglas-club-no-9-superglas-200-ml-2er-set-crystal-clear\/","title":{"rendered":"Weinglas koziol CLUB No. 9 Superglas 200 ml, 2er-Set Farbe crystal clear"},"content":{"rendered":"<p>Mit luxuri\u00f6sem Trink- und Traggef\u00fchl sorgt CLUB No. 9 auf Gartenpartys, Hochzeiten, und Picknicks f\u00fcr gro\u00dfe Begeisterung. Die zeitlos sch\u00f6ne Form pr\u00e4sentiert sich in frischem Look, das Material ist dazu gigantisch fest und macht es nahezu unzerbrechlich. Perfekt f\u00fcr den Einsatz auf Gartenfesten, Partys, Hochzeiten und \u00fcberall, wo Scherben gar kein Gl\u00fcck bringen.<\/p>\n<p>Inhalt:<br \/>2 St\u00fcck<\/p>\n","protected":false},"excerpt":{"rendered":"<p>Mit luxuri\u00f6sem Trink- und Traggef\u00fchl sorgt CLUB No. 9 auf Gartenpartys, Hochzeiten, und Picknicks f\u00fcr gro\u00dfe Begeisterung. Die zeitlos sch\u00f6ne Form pr\u00e4sentiert sich in frischem Look, das Material ist dazu gigantisch fest und macht es nahezu unzerbrechlich. Perfekt f\u00fcr den Einsatz auf Gartenfesten, Partys, Hochzeiten und \u00fcberall, wo Scherben gar kein Gl\u00fcck bringen. Inhalt:2 St\u00fcck<\/p>\n","protected":false},"featured_media":115777,"template":"","meta":{"_acf_changed":false},"product_featured_cat":[],"product_brand":[3585],"product_cat":[4270],"product_tag":[],"class_list":{"0":"post-115783","1":"product","2":"type-product","3":"status-publish","4":"has-post-thumbnail","6":"product_brand-koziol-de","7":"product_cat-becher-tassen-glaeser","9":"first","10":"instock","11":"taxable","12":"shipping-taxable","13":"purchasable","14":"product-type-simple"},"acf":[],"yoast_head":"<!-- This site is optimized with the Yoast SEO plugin v27.4 - https:\/\/yoast.com\/product\/yoast-seo-wordpress\/ -->\n<title>Weinglas koziol CLUB No. 9 Superglas 200 ml, 2er-Set Farbe crystal clear - Bantam Camping AG<\/title>\n<meta name=\"robots\" content=\"index, follow, max-snippet:-1, max-image-preview:large, max-video-preview:-1\" \/>\n<link rel=\"canonical\" href=\"https:\/\/shop.bantam.ch\/de\/produkt\/weinglas-club-no-9-superglas-200-ml-2er-set-crystal-clear\/\" \/>\n<meta property=\"og:locale\" content=\"de_DE\" \/>\n<meta property=\"og:type\" content=\"article\" \/>\n<meta property=\"og:title\" content=\"Weinglas koziol CLUB No. 9 Superglas 200 ml, 2er-Set Farbe crystal clear - Bantam Camping AG\" \/>\n<meta property=\"og:description\" content=\"Mit luxuri\u00f6sem Trink- und Traggef\u00fchl sorgt CLUB No. 9 auf Gartenpartys, Hochzeiten, und Picknicks f\u00fcr gro\u00dfe Begeisterung. Die zeitlos sch\u00f6ne Form pr\u00e4sentiert sich in frischem Look, das Material ist dazu gigantisch fest und macht es nahezu unzerbrechlich. Perfekt f\u00fcr den Einsatz auf Gartenfesten, Partys, Hochzeiten und \u00fcberall, wo Scherben gar kein Gl\u00fcck bringen. Inhalt:2 St\u00fcck\" \/>\n<meta property=\"og:url\" content=\"https:\/\/shop.bantam.ch\/de\/produkt\/weinglas-club-no-9-superglas-200-ml-2er-set-crystal-clear\/\" \/>\n<meta property=\"og:site_name\" content=\"Bantam Camping AG\" \/>\n<meta property=\"article:modified_time\" content=\"2026-04-23T19:44:36+00:00\" \/>\n<meta property=\"og:image\" content=\"https:\/\/shop.bantam.ch\/wp-content\/uploads\/2023\/02\/998450811.jpg\" \/>\n\t<meta property=\"og:image:width\" content=\"1000\" \/>\n\t<meta property=\"og:image:height\" content=\"1000\" \/>\n\t<meta property=\"og:image:type\" content=\"image\/jpeg\" \/>\n<meta name=\"twitter:card\" content=\"summary_large_image\" \/>\n<script type=\"application\/ld+json\" class=\"yoast-schema-graph\">{\"@context\":\"https:\\\/\\\/schema.org\",\"@graph\":[{\"@type\":\"WebPage\",\"@id\":\"https:\\\/\\\/shop.bantam.ch\\\/de\\\/produkt\\\/weinglas-club-no-9-superglas-200-ml-2er-set-crystal-clear\\\/\",\"url\":\"https:\\\/\\\/shop.bantam.ch\\\/de\\\/produkt\\\/weinglas-club-no-9-superglas-200-ml-2er-set-crystal-clear\\\/\",\"name\":\"Weinglas koziol CLUB No. 9 Superglas 200 ml, 2er-Set Farbe crystal clear - Bantam Camping AG\",\"isPartOf\":{\"@id\":\"https:\\\/\\\/shop.bantam.ch\\\/de\\\/#website\"},\"primaryImageOfPage\":{\"@id\":\"https:\\\/\\\/shop.bantam.ch\\\/de\\\/produkt\\\/weinglas-club-no-9-superglas-200-ml-2er-set-crystal-clear\\\/#primaryimage\"},\"image\":{\"@id\":\"https:\\\/\\\/shop.bantam.ch\\\/de\\\/produkt\\\/weinglas-club-no-9-superglas-200-ml-2er-set-crystal-clear\\\/#primaryimage\"},\"thumbnailUrl\":\"https:\\\/\\\/shop.bantam.ch\\\/wp-content\\\/uploads\\\/2023\\\/02\\\/998450811.jpg\",\"datePublished\":\"2023-02-28T21:08:45+00:00\",\"dateModified\":\"2026-04-23T19:44:36+00:00\",\"breadcrumb\":{\"@id\":\"https:\\\/\\\/shop.bantam.ch\\\/de\\\/produkt\\\/weinglas-club-no-9-superglas-200-ml-2er-set-crystal-clear\\\/#breadcrumb\"},\"inLanguage\":\"de\",\"potentialAction\":[{\"@type\":\"ReadAction\",\"target\":[\"https:\\\/\\\/shop.bantam.ch\\\/de\\\/produkt\\\/weinglas-club-no-9-superglas-200-ml-2er-set-crystal-clear\\\/\"]}]},{\"@type\":\"ImageObject\",\"inLanguage\":\"de\",\"@id\":\"https:\\\/\\\/shop.bantam.ch\\\/de\\\/produkt\\\/weinglas-club-no-9-superglas-200-ml-2er-set-crystal-clear\\\/#primaryimage\",\"url\":\"https:\\\/\\\/shop.bantam.ch\\\/wp-content\\\/uploads\\\/2023\\\/02\\\/998450811.jpg\",\"contentUrl\":\"https:\\\/\\\/shop.bantam.ch\\\/wp-content\\\/uploads\\\/2023\\\/02\\\/998450811.jpg\",\"width\":1000,\"height\":1000},{\"@type\":\"BreadcrumbList\",\"@id\":\"https:\\\/\\\/shop.bantam.ch\\\/de\\\/produkt\\\/weinglas-club-no-9-superglas-200-ml-2er-set-crystal-clear\\\/#breadcrumb\",\"itemListElement\":[{\"@type\":\"ListItem\",\"position\":1,\"name\":\"Accueil\",\"item\":\"https:\\\/\\\/shop.bantam.ch\\\/de\\\/\"},{\"@type\":\"ListItem\",\"position\":2,\"name\":\"Shop\",\"item\":\"https:\\\/\\\/shop.bantam.ch\\\/de\\\/shop\\\/\"},{\"@type\":\"ListItem\",\"position\":3,\"name\":\"Weinglas koziol CLUB No. 9 Superglas 200 ml, 2er-Set Farbe crystal clear\"}]},{\"@type\":\"WebSite\",\"@id\":\"https:\\\/\\\/shop.bantam.ch\\\/de\\\/#website\",\"url\":\"https:\\\/\\\/shop.bantam.ch\\\/de\\\/\",\"name\":\"Bantam Camping AG\",\"description\":\"\",\"publisher\":{\"@id\":\"https:\\\/\\\/shop.bantam.ch\\\/de\\\/#organization\"},\"inLanguage\":\"de\"},{\"@type\":\"Organization\",\"@id\":\"https:\\\/\\\/shop.bantam.ch\\\/de\\\/#organization\",\"name\":\"Bantam Camping AG\",\"url\":\"https:\\\/\\\/shop.bantam.ch\\\/de\\\/\",\"logo\":{\"@type\":\"ImageObject\",\"inLanguage\":\"de\",\"@id\":\"https:\\\/\\\/shop.bantam.ch\\\/de\\\/#\\\/schema\\\/logo\\\/image\\\/\",\"url\":\"https:\\\/\\\/shop.bantam.ch\\\/wp-content\\\/uploads\\\/2022\\\/12\\\/bantam-logo.png\",\"contentUrl\":\"https:\\\/\\\/shop.bantam.ch\\\/wp-content\\\/uploads\\\/2022\\\/12\\\/bantam-logo.png\",\"width\":320,\"height\":71,\"caption\":\"Bantam Camping AG\"},\"image\":{\"@id\":\"https:\\\/\\\/shop.bantam.ch\\\/de\\\/#\\\/schema\\\/logo\\\/image\\\/\"}}]}<\/script>\n<!-- \/ Yoast SEO plugin. -->","yoast_head_json":{"title":"Weinglas koziol CLUB No. 9 Superglas 200 ml, 2er-Set Farbe crystal clear - Bantam Camping AG","robots":{"index":"index","follow":"follow","max-snippet":"max-snippet:-1","max-image-preview":"max-image-preview:large","max-video-preview":"max-video-preview:-1"},"canonical":"https:\/\/shop.bantam.ch\/de\/produkt\/weinglas-club-no-9-superglas-200-ml-2er-set-crystal-clear\/","og_locale":"de_DE","og_type":"article","og_title":"Weinglas koziol CLUB No. 9 Superglas 200 ml, 2er-Set Farbe crystal clear - Bantam Camping AG","og_description":"Mit luxuri\u00f6sem Trink- und Traggef\u00fchl sorgt CLUB No. 9 auf Gartenpartys, Hochzeiten, und Picknicks f\u00fcr gro\u00dfe Begeisterung. Die zeitlos sch\u00f6ne Form pr\u00e4sentiert sich in frischem Look, das Material ist dazu gigantisch fest und macht es nahezu unzerbrechlich. Perfekt f\u00fcr den Einsatz auf Gartenfesten, Partys, Hochzeiten und \u00fcberall, wo Scherben gar kein Gl\u00fcck bringen. Inhalt:2 St\u00fcck","og_url":"https:\/\/shop.bantam.ch\/de\/produkt\/weinglas-club-no-9-superglas-200-ml-2er-set-crystal-clear\/","og_site_name":"Bantam Camping AG","article_modified_time":"2026-04-23T19:44:36+00:00","og_image":[{"width":1000,"height":1000,"url":"https:\/\/shop.bantam.ch\/wp-content\/uploads\/2023\/02\/998450811.jpg","type":"image\/jpeg"}],"twitter_card":"summary_large_image","schema":{"@context":"https:\/\/schema.org","@graph":[{"@type":"WebPage","@id":"https:\/\/shop.bantam.ch\/de\/produkt\/weinglas-club-no-9-superglas-200-ml-2er-set-crystal-clear\/","url":"https:\/\/shop.bantam.ch\/de\/produkt\/weinglas-club-no-9-superglas-200-ml-2er-set-crystal-clear\/","name":"Weinglas koziol CLUB No. 9 Superglas 200 ml, 2er-Set Farbe crystal clear - Bantam Camping AG","isPartOf":{"@id":"https:\/\/shop.bantam.ch\/de\/#website"},"primaryImageOfPage":{"@id":"https:\/\/shop.bantam.ch\/de\/produkt\/weinglas-club-no-9-superglas-200-ml-2er-set-crystal-clear\/#primaryimage"},"image":{"@id":"https:\/\/shop.bantam.ch\/de\/produkt\/weinglas-club-no-9-superglas-200-ml-2er-set-crystal-clear\/#primaryimage"},"thumbnailUrl":"https:\/\/shop.bantam.ch\/wp-content\/uploads\/2023\/02\/998450811.jpg","datePublished":"2023-02-28T21:08:45+00:00","dateModified":"2026-04-23T19:44:36+00:00","breadcrumb":{"@id":"https:\/\/shop.bantam.ch\/de\/produkt\/weinglas-club-no-9-superglas-200-ml-2er-set-crystal-clear\/#breadcrumb"},"inLanguage":"de","potentialAction":[{"@type":"ReadAction","target":["https:\/\/shop.bantam.ch\/de\/produkt\/weinglas-club-no-9-superglas-200-ml-2er-set-crystal-clear\/"]}]},{"@type":"ImageObject","inLanguage":"de","@id":"https:\/\/shop.bantam.ch\/de\/produkt\/weinglas-club-no-9-superglas-200-ml-2er-set-crystal-clear\/#primaryimage","url":"https:\/\/shop.bantam.ch\/wp-content\/uploads\/2023\/02\/998450811.jpg","contentUrl":"https:\/\/shop.bantam.ch\/wp-content\/uploads\/2023\/02\/998450811.jpg","width":1000,"height":1000},{"@type":"BreadcrumbList","@id":"https:\/\/shop.bantam.ch\/de\/produkt\/weinglas-club-no-9-superglas-200-ml-2er-set-crystal-clear\/#breadcrumb","itemListElement":[{"@type":"ListItem","position":1,"name":"Accueil","item":"https:\/\/shop.bantam.ch\/de\/"},{"@type":"ListItem","position":2,"name":"Shop","item":"https:\/\/shop.bantam.ch\/de\/shop\/"},{"@type":"ListItem","position":3,"name":"Weinglas koziol CLUB No. 9 Superglas 200 ml, 2er-Set Farbe crystal clear"}]},{"@type":"WebSite","@id":"https:\/\/shop.bantam.ch\/de\/#website","url":"https:\/\/shop.bantam.ch\/de\/","name":"Bantam Camping AG","description":"","publisher":{"@id":"https:\/\/shop.bantam.ch\/de\/#organization"},"inLanguage":"de"},{"@type":"Organization","@id":"https:\/\/shop.bantam.ch\/de\/#organization","name":"Bantam Camping AG","url":"https:\/\/shop.bantam.ch\/de\/","logo":{"@type":"ImageObject","inLanguage":"de","@id":"https:\/\/shop.bantam.ch\/de\/#\/schema\/logo\/image\/","url":"https:\/\/shop.bantam.ch\/wp-content\/uploads\/2022\/12\/bantam-logo.png","contentUrl":"https:\/\/shop.bantam.ch\/wp-content\/uploads\/2022\/12\/bantam-logo.png","width":320,"height":71,"caption":"Bantam Camping AG"},"image":{"@id":"https:\/\/shop.bantam.ch\/de\/#\/schema\/logo\/image\/"}}]}},"_links":{"self":[{"href":"https:\/\/shop.bantam.ch\/de\/wp-json\/wp\/v2\/product\/115783","targetHints":{"allow":["GET"]}}],"collection":[{"href":"https:\/\/shop.bantam.ch\/de\/wp-json\/wp\/v2\/product"}],"about":[{"href":"https:\/\/shop.bantam.ch\/de\/wp-json\/wp\/v2\/types\/product"}],"wp:featuredmedia":[{"embeddable":true,"href":"https:\/\/shop.bantam.ch\/de\/wp-json\/wp\/v2\/media\/115777"}],"wp:attachment":[{"href":"https:\/\/shop.bantam.ch\/de\/wp-json\/wp\/v2\/media?parent=115783"}],"wp:term":[{"taxonomy":"product_featured_cat","embeddable":true,"href":"https:\/\/shop.bantam.ch\/de\/wp-json\/wp\/v2\/product_featured_cat?post=115783"},{"taxonomy":"product_brand","embeddable":true,"href":"https:\/\/shop.bantam.ch\/de\/wp-json\/wp\/v2\/product_brand?post=115783"},{"taxonomy":"product_cat","embeddable":true,"href":"https:\/\/shop.bantam.ch\/de\/wp-json\/wp\/v2\/product_cat?post=115783"},{"taxonomy":"product_tag","embeddable":true,"href":"https:\/\/shop.bantam.ch\/de\/wp-json\/wp\/v2\/product_tag?post=115783"}],"curies":[{"name":"wp","href":"https:\/\/api.w.org\/{rel}","templated":true}]}}