{"id":115757,"date":"2023-02-28T22:08:26","date_gmt":"2023-02-28T21:08:26","guid":{"rendered":"https:\/\/shop.bantam.ch\/produit\/weinglas-club-no-4-superglas-300-ml-2er-set-fb-crystal-clear\/"},"modified":"2026-05-02T21:43:16","modified_gmt":"2026-05-02T19:43:16","slug":"weinglas-club-no-4-superglas-300-ml-2er-set-fb-crystal-clear","status":"publish","type":"product","link":"https:\/\/shop.bantam.ch\/de\/produkt\/weinglas-club-no-4-superglas-300-ml-2er-set-fb-crystal-clear\/","title":{"rendered":"Weinglas koziol CLUB No. 4 Superglas 300 ml, 2er-Set Farbe crystal clear"},"content":{"rendered":"<p>Das Glas mit Superkr\u00e4ften isoliert nicht nur viermal besser als herk\u00f6mmliche Gl\u00e4ser und h\u00e4lt Drinks viel l\u00e4nger kalt, es ist auch praktisch unkaputtbar und verkraftet selbst Weitw\u00fcrfe ohne Kratzer oder Scherben. Mit luxuri\u00f6sem Trink- und Traggef\u00fchl sorgt das Superglas auf Gartenpartys, Hochzeiten, Kindergeburtstagen und Picknicks f\u00fcr gro\u00dfe Begeisterung. Es ist absolut bruchfest und minimiert so die Gefahren f\u00fcr gro\u00dfe und kleine G\u00e4ste. Und ist dazu immer und \u00fcberall ein superstylishes It-Piece, das perfekt ins moderne, urbane Umfeld passt. Die Gl\u00e4ser lassen sich perfekt in der Sp\u00fclmaschine reinigen und sind immer wiederverwendbar. Und schonen gleichzeitig mit gutem Gewissen die Umwelt. Das Superglas wird zu 100% in Erbach im Odenwald designed und hergestellt. F\u00fcr alle, denen Stil, Geschmack und Sicherheit super am Herzen liegen.<\/p>\n","protected":false},"excerpt":{"rendered":"<p>Das Glas mit Superkr\u00e4ften isoliert nicht nur viermal besser als herk\u00f6mmliche Gl\u00e4ser und h\u00e4lt Drinks viel l\u00e4nger kalt, es ist auch praktisch unkaputtbar und verkraftet selbst Weitw\u00fcrfe ohne Kratzer oder Scherben. Mit luxuri\u00f6sem Trink- und Traggef\u00fchl sorgt das Superglas auf Gartenpartys, Hochzeiten, Kindergeburtstagen und Picknicks f\u00fcr gro\u00dfe Begeisterung. Es ist absolut bruchfest und minimiert so [&hellip;]<\/p>\n","protected":false},"featured_media":115749,"template":"","meta":{"_acf_changed":false},"product_featured_cat":[],"product_brand":[3585],"product_cat":[4270],"product_tag":[],"class_list":{"0":"post-115757","1":"product","2":"type-product","3":"status-publish","4":"has-post-thumbnail","6":"product_brand-koziol-de","7":"product_cat-becher-tassen-glaeser","9":"first","10":"instock","11":"taxable","12":"shipping-taxable","13":"purchasable","14":"product-type-simple"},"acf":[],"yoast_head":"<!-- This site is optimized with the Yoast SEO plugin v27.5 - https:\/\/yoast.com\/product\/yoast-seo-wordpress\/ -->\n<title>Weinglas koziol CLUB No. 4 Superglas 300 ml, 2er-Set Farbe crystal clear - Bantam<\/title>\n<meta name=\"robots\" content=\"index, follow, max-snippet:-1, max-image-preview:large, max-video-preview:-1\" \/>\n<link rel=\"canonical\" href=\"https:\/\/shop.bantam.ch\/de\/produkt\/weinglas-club-no-4-superglas-300-ml-2er-set-fb-crystal-clear\/\" \/>\n<meta property=\"og:locale\" content=\"de_DE\" \/>\n<meta property=\"og:type\" content=\"article\" \/>\n<meta property=\"og:title\" content=\"Weinglas koziol CLUB No. 4 Superglas 300 ml, 2er-Set Farbe crystal clear - Bantam\" \/>\n<meta property=\"og:description\" content=\"Das Glas mit Superkr\u00e4ften isoliert nicht nur viermal besser als herk\u00f6mmliche Gl\u00e4ser und h\u00e4lt Drinks viel l\u00e4nger kalt, es ist auch praktisch unkaputtbar und verkraftet selbst Weitw\u00fcrfe ohne Kratzer oder Scherben. Mit luxuri\u00f6sem Trink- und Traggef\u00fchl sorgt das Superglas auf Gartenpartys, Hochzeiten, Kindergeburtstagen und Picknicks f\u00fcr gro\u00dfe Begeisterung. Es ist absolut bruchfest und minimiert so [&hellip;]\" \/>\n<meta property=\"og:url\" content=\"https:\/\/shop.bantam.ch\/de\/produkt\/weinglas-club-no-4-superglas-300-ml-2er-set-fb-crystal-clear\/\" \/>\n<meta property=\"og:site_name\" content=\"Bantam\" \/>\n<meta property=\"article:modified_time\" content=\"2026-05-02T19:43:16+00:00\" \/>\n<meta property=\"og:image\" content=\"https:\/\/shop.bantam.ch\/wp-content\/uploads\/2023\/02\/998450511.jpg\" \/>\n\t<meta property=\"og:image:width\" content=\"1000\" \/>\n\t<meta property=\"og:image:height\" content=\"1000\" \/>\n\t<meta property=\"og:image:type\" content=\"image\/jpeg\" \/>\n<meta name=\"twitter:card\" content=\"summary_large_image\" \/>\n<meta name=\"twitter:label1\" content=\"Gesch\u00e4tzte Lesezeit\" \/>\n\t<meta name=\"twitter:data1\" content=\"1\u00a0Minute\" \/>\n<script type=\"application\/ld+json\" class=\"yoast-schema-graph\">{\"@context\":\"https:\\\/\\\/schema.org\",\"@graph\":[{\"@type\":\"WebPage\",\"@id\":\"https:\\\/\\\/shop.bantam.ch\\\/de\\\/produkt\\\/weinglas-club-no-4-superglas-300-ml-2er-set-fb-crystal-clear\\\/\",\"url\":\"https:\\\/\\\/shop.bantam.ch\\\/de\\\/produkt\\\/weinglas-club-no-4-superglas-300-ml-2er-set-fb-crystal-clear\\\/\",\"name\":\"Weinglas koziol CLUB No. 4 Superglas 300 ml, 2er-Set Farbe crystal clear - Bantam\",\"isPartOf\":{\"@id\":\"https:\\\/\\\/shop.bantam.ch\\\/de\\\/#website\"},\"primaryImageOfPage\":{\"@id\":\"https:\\\/\\\/shop.bantam.ch\\\/de\\\/produkt\\\/weinglas-club-no-4-superglas-300-ml-2er-set-fb-crystal-clear\\\/#primaryimage\"},\"image\":{\"@id\":\"https:\\\/\\\/shop.bantam.ch\\\/de\\\/produkt\\\/weinglas-club-no-4-superglas-300-ml-2er-set-fb-crystal-clear\\\/#primaryimage\"},\"thumbnailUrl\":\"https:\\\/\\\/shop.bantam.ch\\\/wp-content\\\/uploads\\\/2023\\\/02\\\/998450511.jpg\",\"datePublished\":\"2023-02-28T21:08:26+00:00\",\"dateModified\":\"2026-05-02T19:43:16+00:00\",\"breadcrumb\":{\"@id\":\"https:\\\/\\\/shop.bantam.ch\\\/de\\\/produkt\\\/weinglas-club-no-4-superglas-300-ml-2er-set-fb-crystal-clear\\\/#breadcrumb\"},\"inLanguage\":\"de\",\"potentialAction\":[{\"@type\":\"ReadAction\",\"target\":[\"https:\\\/\\\/shop.bantam.ch\\\/de\\\/produkt\\\/weinglas-club-no-4-superglas-300-ml-2er-set-fb-crystal-clear\\\/\"]}]},{\"@type\":\"ImageObject\",\"inLanguage\":\"de\",\"@id\":\"https:\\\/\\\/shop.bantam.ch\\\/de\\\/produkt\\\/weinglas-club-no-4-superglas-300-ml-2er-set-fb-crystal-clear\\\/#primaryimage\",\"url\":\"https:\\\/\\\/shop.bantam.ch\\\/wp-content\\\/uploads\\\/2023\\\/02\\\/998450511.jpg\",\"contentUrl\":\"https:\\\/\\\/shop.bantam.ch\\\/wp-content\\\/uploads\\\/2023\\\/02\\\/998450511.jpg\",\"width\":1000,\"height\":1000},{\"@type\":\"BreadcrumbList\",\"@id\":\"https:\\\/\\\/shop.bantam.ch\\\/de\\\/produkt\\\/weinglas-club-no-4-superglas-300-ml-2er-set-fb-crystal-clear\\\/#breadcrumb\",\"itemListElement\":[{\"@type\":\"ListItem\",\"position\":1,\"name\":\"Accueil\",\"item\":\"https:\\\/\\\/shop.bantam.ch\\\/de\\\/\"},{\"@type\":\"ListItem\",\"position\":2,\"name\":\"Shop\",\"item\":\"https:\\\/\\\/shop.bantam.ch\\\/de\\\/shop\\\/\"},{\"@type\":\"ListItem\",\"position\":3,\"name\":\"Weinglas koziol CLUB No. 4 Superglas 300 ml, 2er-Set Farbe crystal clear\"}]},{\"@type\":\"WebSite\",\"@id\":\"https:\\\/\\\/shop.bantam.ch\\\/de\\\/#website\",\"url\":\"https:\\\/\\\/shop.bantam.ch\\\/de\\\/\",\"name\":\"Bantam\",\"description\":\"\",\"publisher\":{\"@id\":\"https:\\\/\\\/shop.bantam.ch\\\/de\\\/#organization\"},\"inLanguage\":\"de\"},{\"@type\":\"Organization\",\"@id\":\"https:\\\/\\\/shop.bantam.ch\\\/de\\\/#organization\",\"name\":\"Bantam\",\"url\":\"https:\\\/\\\/shop.bantam.ch\\\/de\\\/\",\"logo\":{\"@type\":\"ImageObject\",\"inLanguage\":\"de\",\"@id\":\"https:\\\/\\\/shop.bantam.ch\\\/de\\\/#\\\/schema\\\/logo\\\/image\\\/\",\"url\":\"https:\\\/\\\/shop.bantam.ch\\\/wp-content\\\/uploads\\\/2022\\\/12\\\/bantam-logo.png\",\"contentUrl\":\"https:\\\/\\\/shop.bantam.ch\\\/wp-content\\\/uploads\\\/2022\\\/12\\\/bantam-logo.png\",\"width\":320,\"height\":71,\"caption\":\"Bantam\"},\"image\":{\"@id\":\"https:\\\/\\\/shop.bantam.ch\\\/de\\\/#\\\/schema\\\/logo\\\/image\\\/\"}}]}<\/script>\n<!-- \/ Yoast SEO plugin. -->","yoast_head_json":{"title":"Weinglas koziol CLUB No. 4 Superglas 300 ml, 2er-Set Farbe crystal clear - Bantam","robots":{"index":"index","follow":"follow","max-snippet":"max-snippet:-1","max-image-preview":"max-image-preview:large","max-video-preview":"max-video-preview:-1"},"canonical":"https:\/\/shop.bantam.ch\/de\/produkt\/weinglas-club-no-4-superglas-300-ml-2er-set-fb-crystal-clear\/","og_locale":"de_DE","og_type":"article","og_title":"Weinglas koziol CLUB No. 4 Superglas 300 ml, 2er-Set Farbe crystal clear - Bantam","og_description":"Das Glas mit Superkr\u00e4ften isoliert nicht nur viermal besser als herk\u00f6mmliche Gl\u00e4ser und h\u00e4lt Drinks viel l\u00e4nger kalt, es ist auch praktisch unkaputtbar und verkraftet selbst Weitw\u00fcrfe ohne Kratzer oder Scherben. Mit luxuri\u00f6sem Trink- und Traggef\u00fchl sorgt das Superglas auf Gartenpartys, Hochzeiten, Kindergeburtstagen und Picknicks f\u00fcr gro\u00dfe Begeisterung. Es ist absolut bruchfest und minimiert so [&hellip;]","og_url":"https:\/\/shop.bantam.ch\/de\/produkt\/weinglas-club-no-4-superglas-300-ml-2er-set-fb-crystal-clear\/","og_site_name":"Bantam","article_modified_time":"2026-05-02T19:43:16+00:00","og_image":[{"width":1000,"height":1000,"url":"https:\/\/shop.bantam.ch\/wp-content\/uploads\/2023\/02\/998450511.jpg","type":"image\/jpeg"}],"twitter_card":"summary_large_image","twitter_misc":{"Gesch\u00e4tzte Lesezeit":"1\u00a0Minute"},"schema":{"@context":"https:\/\/schema.org","@graph":[{"@type":"WebPage","@id":"https:\/\/shop.bantam.ch\/de\/produkt\/weinglas-club-no-4-superglas-300-ml-2er-set-fb-crystal-clear\/","url":"https:\/\/shop.bantam.ch\/de\/produkt\/weinglas-club-no-4-superglas-300-ml-2er-set-fb-crystal-clear\/","name":"Weinglas koziol CLUB No. 4 Superglas 300 ml, 2er-Set Farbe crystal clear - Bantam","isPartOf":{"@id":"https:\/\/shop.bantam.ch\/de\/#website"},"primaryImageOfPage":{"@id":"https:\/\/shop.bantam.ch\/de\/produkt\/weinglas-club-no-4-superglas-300-ml-2er-set-fb-crystal-clear\/#primaryimage"},"image":{"@id":"https:\/\/shop.bantam.ch\/de\/produkt\/weinglas-club-no-4-superglas-300-ml-2er-set-fb-crystal-clear\/#primaryimage"},"thumbnailUrl":"https:\/\/shop.bantam.ch\/wp-content\/uploads\/2023\/02\/998450511.jpg","datePublished":"2023-02-28T21:08:26+00:00","dateModified":"2026-05-02T19:43:16+00:00","breadcrumb":{"@id":"https:\/\/shop.bantam.ch\/de\/produkt\/weinglas-club-no-4-superglas-300-ml-2er-set-fb-crystal-clear\/#breadcrumb"},"inLanguage":"de","potentialAction":[{"@type":"ReadAction","target":["https:\/\/shop.bantam.ch\/de\/produkt\/weinglas-club-no-4-superglas-300-ml-2er-set-fb-crystal-clear\/"]}]},{"@type":"ImageObject","inLanguage":"de","@id":"https:\/\/shop.bantam.ch\/de\/produkt\/weinglas-club-no-4-superglas-300-ml-2er-set-fb-crystal-clear\/#primaryimage","url":"https:\/\/shop.bantam.ch\/wp-content\/uploads\/2023\/02\/998450511.jpg","contentUrl":"https:\/\/shop.bantam.ch\/wp-content\/uploads\/2023\/02\/998450511.jpg","width":1000,"height":1000},{"@type":"BreadcrumbList","@id":"https:\/\/shop.bantam.ch\/de\/produkt\/weinglas-club-no-4-superglas-300-ml-2er-set-fb-crystal-clear\/#breadcrumb","itemListElement":[{"@type":"ListItem","position":1,"name":"Accueil","item":"https:\/\/shop.bantam.ch\/de\/"},{"@type":"ListItem","position":2,"name":"Shop","item":"https:\/\/shop.bantam.ch\/de\/shop\/"},{"@type":"ListItem","position":3,"name":"Weinglas koziol CLUB No. 4 Superglas 300 ml, 2er-Set Farbe crystal clear"}]},{"@type":"WebSite","@id":"https:\/\/shop.bantam.ch\/de\/#website","url":"https:\/\/shop.bantam.ch\/de\/","name":"Bantam","description":"","publisher":{"@id":"https:\/\/shop.bantam.ch\/de\/#organization"},"inLanguage":"de"},{"@type":"Organization","@id":"https:\/\/shop.bantam.ch\/de\/#organization","name":"Bantam","url":"https:\/\/shop.bantam.ch\/de\/","logo":{"@type":"ImageObject","inLanguage":"de","@id":"https:\/\/shop.bantam.ch\/de\/#\/schema\/logo\/image\/","url":"https:\/\/shop.bantam.ch\/wp-content\/uploads\/2022\/12\/bantam-logo.png","contentUrl":"https:\/\/shop.bantam.ch\/wp-content\/uploads\/2022\/12\/bantam-logo.png","width":320,"height":71,"caption":"Bantam"},"image":{"@id":"https:\/\/shop.bantam.ch\/de\/#\/schema\/logo\/image\/"}}]}},"_links":{"self":[{"href":"https:\/\/shop.bantam.ch\/de\/wp-json\/wp\/v2\/product\/115757","targetHints":{"allow":["GET"]}}],"collection":[{"href":"https:\/\/shop.bantam.ch\/de\/wp-json\/wp\/v2\/product"}],"about":[{"href":"https:\/\/shop.bantam.ch\/de\/wp-json\/wp\/v2\/types\/product"}],"wp:featuredmedia":[{"embeddable":true,"href":"https:\/\/shop.bantam.ch\/de\/wp-json\/wp\/v2\/media\/115749"}],"wp:attachment":[{"href":"https:\/\/shop.bantam.ch\/de\/wp-json\/wp\/v2\/media?parent=115757"}],"wp:term":[{"taxonomy":"product_featured_cat","embeddable":true,"href":"https:\/\/shop.bantam.ch\/de\/wp-json\/wp\/v2\/product_featured_cat?post=115757"},{"taxonomy":"product_brand","embeddable":true,"href":"https:\/\/shop.bantam.ch\/de\/wp-json\/wp\/v2\/product_brand?post=115757"},{"taxonomy":"product_cat","embeddable":true,"href":"https:\/\/shop.bantam.ch\/de\/wp-json\/wp\/v2\/product_cat?post=115757"},{"taxonomy":"product_tag","embeddable":true,"href":"https:\/\/shop.bantam.ch\/de\/wp-json\/wp\/v2\/product_tag?post=115757"}],"curies":[{"name":"wp","href":"https:\/\/api.w.org\/{rel}","templated":true}]}}