{"id":115727,"date":"2023-02-28T22:08:07","date_gmt":"2023-02-28T21:08:07","guid":{"rendered":"https:\/\/shop.bantam.ch\/produit\/superglas-100-ml-cheers-no-1-4er-set\/"},"modified":"2026-04-18T21:45:32","modified_gmt":"2026-04-18T19:45:32","slug":"superglas-100-ml-cheers-no-1-4er-set","status":"publish","type":"product","link":"https:\/\/shop.bantam.ch\/de\/produkt\/superglas-100-ml-cheers-no-1-4er-set\/","title":{"rendered":"Superglas koziol CHEERS No. 1 100 ml, 4er-Set 4 bedruckte Motive"},"content":{"rendered":"<p>Das hochwertige Material isoliert und h\u00e4lt die Getr\u00e4nke k\u00fchl, die hohe Form sorgt daf\u00fcr, dass es l\u00e4nger sprudelt. Dazu ist das Glas nahezu unzerbrechlich und damit perfekt f\u00fcr den Einsatz auf Events, in Clubs, am Strand, auf dem Boot und \u00fcberall, wo Scherben weniger Gl\u00fcck bringen. 4 bedruckte Motive.<\/p>\n<p>Inhalt:<br \/>4 St\u00fcck Gl\u00e4ser<\/p>\n<p>Flaschenk\u00fchler im Lieferumfang nicht enthalten.<\/p>\n","protected":false},"excerpt":{"rendered":"<p>Das hochwertige Material isoliert und h\u00e4lt die Getr\u00e4nke k\u00fchl, die hohe Form sorgt daf\u00fcr, dass es l\u00e4nger sprudelt. Dazu ist das Glas nahezu unzerbrechlich und damit perfekt f\u00fcr den Einsatz auf Events, in Clubs, am Strand, auf dem Boot und \u00fcberall, wo Scherben weniger Gl\u00fcck bringen. 4 bedruckte Motive. Inhalt:4 St\u00fcck Gl\u00e4ser Flaschenk\u00fchler im Lieferumfang [&hellip;]<\/p>\n","protected":false},"featured_media":115719,"template":"","meta":{"_acf_changed":false},"product_featured_cat":[],"product_brand":[3585],"product_cat":[4270],"product_tag":[],"class_list":{"0":"post-115727","1":"product","2":"type-product","3":"status-publish","4":"has-post-thumbnail","6":"product_brand-koziol-de","7":"product_cat-becher-tassen-glaeser","9":"first","10":"instock","11":"taxable","12":"shipping-taxable","13":"purchasable","14":"product-type-simple"},"acf":[],"yoast_head":"<!-- This site is optimized with the Yoast SEO plugin v27.4 - https:\/\/yoast.com\/product\/yoast-seo-wordpress\/ -->\n<title>Superglas koziol CHEERS No. 1 100 ml, 4er-Set 4 bedruckte Motive - Bantam Camping AG<\/title>\n<meta name=\"robots\" content=\"index, follow, max-snippet:-1, max-image-preview:large, max-video-preview:-1\" \/>\n<link rel=\"canonical\" href=\"https:\/\/shop.bantam.ch\/de\/produkt\/superglas-100-ml-cheers-no-1-4er-set\/\" \/>\n<meta property=\"og:locale\" content=\"de_DE\" \/>\n<meta property=\"og:type\" content=\"article\" \/>\n<meta property=\"og:title\" content=\"Superglas koziol CHEERS No. 1 100 ml, 4er-Set 4 bedruckte Motive - Bantam Camping AG\" \/>\n<meta property=\"og:description\" content=\"Das hochwertige Material isoliert und h\u00e4lt die Getr\u00e4nke k\u00fchl, die hohe Form sorgt daf\u00fcr, dass es l\u00e4nger sprudelt. Dazu ist das Glas nahezu unzerbrechlich und damit perfekt f\u00fcr den Einsatz auf Events, in Clubs, am Strand, auf dem Boot und \u00fcberall, wo Scherben weniger Gl\u00fcck bringen. 4 bedruckte Motive. Inhalt:4 St\u00fcck Gl\u00e4ser Flaschenk\u00fchler im Lieferumfang [&hellip;]\" \/>\n<meta property=\"og:url\" content=\"https:\/\/shop.bantam.ch\/de\/produkt\/superglas-100-ml-cheers-no-1-4er-set\/\" \/>\n<meta property=\"og:site_name\" content=\"Bantam Camping AG\" \/>\n<meta property=\"article:modified_time\" content=\"2026-04-18T19:45:32+00:00\" \/>\n<meta property=\"og:image\" content=\"https:\/\/shop.bantam.ch\/wp-content\/uploads\/2023\/02\/998447811.jpg\" \/>\n\t<meta property=\"og:image:width\" content=\"1000\" \/>\n\t<meta property=\"og:image:height\" content=\"1000\" \/>\n\t<meta property=\"og:image:type\" content=\"image\/jpeg\" \/>\n<meta name=\"twitter:card\" content=\"summary_large_image\" \/>\n<script type=\"application\/ld+json\" class=\"yoast-schema-graph\">{\"@context\":\"https:\\\/\\\/schema.org\",\"@graph\":[{\"@type\":\"WebPage\",\"@id\":\"https:\\\/\\\/shop.bantam.ch\\\/de\\\/produkt\\\/superglas-100-ml-cheers-no-1-4er-set\\\/\",\"url\":\"https:\\\/\\\/shop.bantam.ch\\\/de\\\/produkt\\\/superglas-100-ml-cheers-no-1-4er-set\\\/\",\"name\":\"Superglas koziol CHEERS No. 1 100 ml, 4er-Set 4 bedruckte Motive - Bantam Camping AG\",\"isPartOf\":{\"@id\":\"https:\\\/\\\/shop.bantam.ch\\\/de\\\/#website\"},\"primaryImageOfPage\":{\"@id\":\"https:\\\/\\\/shop.bantam.ch\\\/de\\\/produkt\\\/superglas-100-ml-cheers-no-1-4er-set\\\/#primaryimage\"},\"image\":{\"@id\":\"https:\\\/\\\/shop.bantam.ch\\\/de\\\/produkt\\\/superglas-100-ml-cheers-no-1-4er-set\\\/#primaryimage\"},\"thumbnailUrl\":\"https:\\\/\\\/shop.bantam.ch\\\/wp-content\\\/uploads\\\/2023\\\/02\\\/998447811.jpg\",\"datePublished\":\"2023-02-28T21:08:07+00:00\",\"dateModified\":\"2026-04-18T19:45:32+00:00\",\"breadcrumb\":{\"@id\":\"https:\\\/\\\/shop.bantam.ch\\\/de\\\/produkt\\\/superglas-100-ml-cheers-no-1-4er-set\\\/#breadcrumb\"},\"inLanguage\":\"de\",\"potentialAction\":[{\"@type\":\"ReadAction\",\"target\":[\"https:\\\/\\\/shop.bantam.ch\\\/de\\\/produkt\\\/superglas-100-ml-cheers-no-1-4er-set\\\/\"]}]},{\"@type\":\"ImageObject\",\"inLanguage\":\"de\",\"@id\":\"https:\\\/\\\/shop.bantam.ch\\\/de\\\/produkt\\\/superglas-100-ml-cheers-no-1-4er-set\\\/#primaryimage\",\"url\":\"https:\\\/\\\/shop.bantam.ch\\\/wp-content\\\/uploads\\\/2023\\\/02\\\/998447811.jpg\",\"contentUrl\":\"https:\\\/\\\/shop.bantam.ch\\\/wp-content\\\/uploads\\\/2023\\\/02\\\/998447811.jpg\",\"width\":1000,\"height\":1000},{\"@type\":\"BreadcrumbList\",\"@id\":\"https:\\\/\\\/shop.bantam.ch\\\/de\\\/produkt\\\/superglas-100-ml-cheers-no-1-4er-set\\\/#breadcrumb\",\"itemListElement\":[{\"@type\":\"ListItem\",\"position\":1,\"name\":\"Accueil\",\"item\":\"https:\\\/\\\/shop.bantam.ch\\\/de\\\/\"},{\"@type\":\"ListItem\",\"position\":2,\"name\":\"Shop\",\"item\":\"https:\\\/\\\/shop.bantam.ch\\\/de\\\/shop\\\/\"},{\"@type\":\"ListItem\",\"position\":3,\"name\":\"Superglas koziol CHEERS No. 1 100 ml, 4er-Set 4 bedruckte Motive\"}]},{\"@type\":\"WebSite\",\"@id\":\"https:\\\/\\\/shop.bantam.ch\\\/de\\\/#website\",\"url\":\"https:\\\/\\\/shop.bantam.ch\\\/de\\\/\",\"name\":\"Bantam Camping AG\",\"description\":\"\",\"publisher\":{\"@id\":\"https:\\\/\\\/shop.bantam.ch\\\/de\\\/#organization\"},\"inLanguage\":\"de\"},{\"@type\":\"Organization\",\"@id\":\"https:\\\/\\\/shop.bantam.ch\\\/de\\\/#organization\",\"name\":\"Bantam Camping AG\",\"url\":\"https:\\\/\\\/shop.bantam.ch\\\/de\\\/\",\"logo\":{\"@type\":\"ImageObject\",\"inLanguage\":\"de\",\"@id\":\"https:\\\/\\\/shop.bantam.ch\\\/de\\\/#\\\/schema\\\/logo\\\/image\\\/\",\"url\":\"https:\\\/\\\/shop.bantam.ch\\\/wp-content\\\/uploads\\\/2022\\\/12\\\/bantam-logo.png\",\"contentUrl\":\"https:\\\/\\\/shop.bantam.ch\\\/wp-content\\\/uploads\\\/2022\\\/12\\\/bantam-logo.png\",\"width\":320,\"height\":71,\"caption\":\"Bantam Camping AG\"},\"image\":{\"@id\":\"https:\\\/\\\/shop.bantam.ch\\\/de\\\/#\\\/schema\\\/logo\\\/image\\\/\"}}]}<\/script>\n<!-- \/ Yoast SEO plugin. -->","yoast_head_json":{"title":"Superglas koziol CHEERS No. 1 100 ml, 4er-Set 4 bedruckte Motive - Bantam Camping AG","robots":{"index":"index","follow":"follow","max-snippet":"max-snippet:-1","max-image-preview":"max-image-preview:large","max-video-preview":"max-video-preview:-1"},"canonical":"https:\/\/shop.bantam.ch\/de\/produkt\/superglas-100-ml-cheers-no-1-4er-set\/","og_locale":"de_DE","og_type":"article","og_title":"Superglas koziol CHEERS No. 1 100 ml, 4er-Set 4 bedruckte Motive - Bantam Camping AG","og_description":"Das hochwertige Material isoliert und h\u00e4lt die Getr\u00e4nke k\u00fchl, die hohe Form sorgt daf\u00fcr, dass es l\u00e4nger sprudelt. Dazu ist das Glas nahezu unzerbrechlich und damit perfekt f\u00fcr den Einsatz auf Events, in Clubs, am Strand, auf dem Boot und \u00fcberall, wo Scherben weniger Gl\u00fcck bringen. 4 bedruckte Motive. Inhalt:4 St\u00fcck Gl\u00e4ser Flaschenk\u00fchler im Lieferumfang [&hellip;]","og_url":"https:\/\/shop.bantam.ch\/de\/produkt\/superglas-100-ml-cheers-no-1-4er-set\/","og_site_name":"Bantam Camping AG","article_modified_time":"2026-04-18T19:45:32+00:00","og_image":[{"width":1000,"height":1000,"url":"https:\/\/shop.bantam.ch\/wp-content\/uploads\/2023\/02\/998447811.jpg","type":"image\/jpeg"}],"twitter_card":"summary_large_image","schema":{"@context":"https:\/\/schema.org","@graph":[{"@type":"WebPage","@id":"https:\/\/shop.bantam.ch\/de\/produkt\/superglas-100-ml-cheers-no-1-4er-set\/","url":"https:\/\/shop.bantam.ch\/de\/produkt\/superglas-100-ml-cheers-no-1-4er-set\/","name":"Superglas koziol CHEERS No. 1 100 ml, 4er-Set 4 bedruckte Motive - Bantam Camping AG","isPartOf":{"@id":"https:\/\/shop.bantam.ch\/de\/#website"},"primaryImageOfPage":{"@id":"https:\/\/shop.bantam.ch\/de\/produkt\/superglas-100-ml-cheers-no-1-4er-set\/#primaryimage"},"image":{"@id":"https:\/\/shop.bantam.ch\/de\/produkt\/superglas-100-ml-cheers-no-1-4er-set\/#primaryimage"},"thumbnailUrl":"https:\/\/shop.bantam.ch\/wp-content\/uploads\/2023\/02\/998447811.jpg","datePublished":"2023-02-28T21:08:07+00:00","dateModified":"2026-04-18T19:45:32+00:00","breadcrumb":{"@id":"https:\/\/shop.bantam.ch\/de\/produkt\/superglas-100-ml-cheers-no-1-4er-set\/#breadcrumb"},"inLanguage":"de","potentialAction":[{"@type":"ReadAction","target":["https:\/\/shop.bantam.ch\/de\/produkt\/superglas-100-ml-cheers-no-1-4er-set\/"]}]},{"@type":"ImageObject","inLanguage":"de","@id":"https:\/\/shop.bantam.ch\/de\/produkt\/superglas-100-ml-cheers-no-1-4er-set\/#primaryimage","url":"https:\/\/shop.bantam.ch\/wp-content\/uploads\/2023\/02\/998447811.jpg","contentUrl":"https:\/\/shop.bantam.ch\/wp-content\/uploads\/2023\/02\/998447811.jpg","width":1000,"height":1000},{"@type":"BreadcrumbList","@id":"https:\/\/shop.bantam.ch\/de\/produkt\/superglas-100-ml-cheers-no-1-4er-set\/#breadcrumb","itemListElement":[{"@type":"ListItem","position":1,"name":"Accueil","item":"https:\/\/shop.bantam.ch\/de\/"},{"@type":"ListItem","position":2,"name":"Shop","item":"https:\/\/shop.bantam.ch\/de\/shop\/"},{"@type":"ListItem","position":3,"name":"Superglas koziol CHEERS No. 1 100 ml, 4er-Set 4 bedruckte Motive"}]},{"@type":"WebSite","@id":"https:\/\/shop.bantam.ch\/de\/#website","url":"https:\/\/shop.bantam.ch\/de\/","name":"Bantam Camping AG","description":"","publisher":{"@id":"https:\/\/shop.bantam.ch\/de\/#organization"},"inLanguage":"de"},{"@type":"Organization","@id":"https:\/\/shop.bantam.ch\/de\/#organization","name":"Bantam Camping AG","url":"https:\/\/shop.bantam.ch\/de\/","logo":{"@type":"ImageObject","inLanguage":"de","@id":"https:\/\/shop.bantam.ch\/de\/#\/schema\/logo\/image\/","url":"https:\/\/shop.bantam.ch\/wp-content\/uploads\/2022\/12\/bantam-logo.png","contentUrl":"https:\/\/shop.bantam.ch\/wp-content\/uploads\/2022\/12\/bantam-logo.png","width":320,"height":71,"caption":"Bantam Camping AG"},"image":{"@id":"https:\/\/shop.bantam.ch\/de\/#\/schema\/logo\/image\/"}}]}},"_links":{"self":[{"href":"https:\/\/shop.bantam.ch\/de\/wp-json\/wp\/v2\/product\/115727","targetHints":{"allow":["GET"]}}],"collection":[{"href":"https:\/\/shop.bantam.ch\/de\/wp-json\/wp\/v2\/product"}],"about":[{"href":"https:\/\/shop.bantam.ch\/de\/wp-json\/wp\/v2\/types\/product"}],"wp:featuredmedia":[{"embeddable":true,"href":"https:\/\/shop.bantam.ch\/de\/wp-json\/wp\/v2\/media\/115719"}],"wp:attachment":[{"href":"https:\/\/shop.bantam.ch\/de\/wp-json\/wp\/v2\/media?parent=115727"}],"wp:term":[{"taxonomy":"product_featured_cat","embeddable":true,"href":"https:\/\/shop.bantam.ch\/de\/wp-json\/wp\/v2\/product_featured_cat?post=115727"},{"taxonomy":"product_brand","embeddable":true,"href":"https:\/\/shop.bantam.ch\/de\/wp-json\/wp\/v2\/product_brand?post=115727"},{"taxonomy":"product_cat","embeddable":true,"href":"https:\/\/shop.bantam.ch\/de\/wp-json\/wp\/v2\/product_cat?post=115727"},{"taxonomy":"product_tag","embeddable":true,"href":"https:\/\/shop.bantam.ch\/de\/wp-json\/wp\/v2\/product_tag?post=115727"}],"curies":[{"name":"wp","href":"https:\/\/api.w.org\/{rel}","templated":true}]}}