{"id":115511,"date":"2023-02-28T22:04:05","date_gmt":"2023-02-28T21:04:05","guid":{"rendered":"https:\/\/shop.bantam.ch\/produit\/teller-tief-club-plate-22-cm-4er-set\/"},"modified":"2026-04-28T23:23:21","modified_gmt":"2026-04-28T21:23:21","slug":"teller-tief-club-plate-22-cm-4er-set","status":"publish","type":"product","link":"https:\/\/shop.bantam.ch\/de\/produkt\/teller-tief-club-plate-22-cm-4er-set\/","title":{"rendered":"Teller tief Club Plate 22 cm, 4er-Set"},"content":{"rendered":"<p>Der universelle Teller f\u00fcr Gartenfeste, Picknicks oder Glamping und alle Anl\u00e4sse, die vorzugsweise drau\u00dfen stattfinden. Die Au\u00dfenseite tr\u00e4gt eine lebendige Facettenstruktur und seine solide Qualit\u00e4t und breite Standfl\u00e4che vermitteln jederzeit und \u00fcberall das gute Gef\u00fchl hochwertigen Dinierens. Ideal f\u00fcr alle Outdoor-Aktivit\u00e4ten, bei denen man auf stilvolles Geschirr keineswegs verzichten m\u00f6chte. Aus thermoplastischem Kunststoff mit Holz.<\/p>\n<ul>\n<li>Hochaktuelles Facettendesign<\/li>\n<li>Schwere Qualit\u00e4t<\/li>\n<li>Sicherer Stand<\/li>\n<li>Stapelbar<\/li>\n<li>Ideales Outdoor-Produkt<\/li>\n<li>100 % CO2-neutral<\/li>\n<li>BPA frei<\/li>\n<li>Melaminfrei<\/li>\n<\/ul>\n<p>Inhalt:<br \/>4 St\u00fcck<\/p>\n","protected":false},"excerpt":{"rendered":"<p>Der universelle Teller f\u00fcr Gartenfeste, Picknicks oder Glamping und alle Anl\u00e4sse, die vorzugsweise drau\u00dfen stattfinden. Die Au\u00dfenseite tr\u00e4gt eine lebendige Facettenstruktur und seine solide Qualit\u00e4t und breite Standfl\u00e4che vermitteln jederzeit und \u00fcberall das gute Gef\u00fchl hochwertigen Dinierens. Ideal f\u00fcr alle Outdoor-Aktivit\u00e4ten, bei denen man auf stilvolles Geschirr keineswegs verzichten m\u00f6chte. Aus thermoplastischem Kunststoff mit Holz. [&hellip;]<\/p>\n","protected":false},"featured_media":115483,"template":"","meta":{"_acf_changed":false},"product_featured_cat":[],"product_brand":[3585],"product_cat":[4272],"product_tag":[],"class_list":{"0":"post-115511","1":"product","2":"type-product","3":"status-publish","4":"has-post-thumbnail","6":"product_brand-koziol-de","7":"product_cat-teller-eierbecher","9":"first","10":"instock","11":"taxable","12":"shipping-taxable","13":"purchasable","14":"product-type-variable"},"acf":[],"yoast_head":"<!-- This site is optimized with the Yoast SEO plugin v27.5 - https:\/\/yoast.com\/product\/yoast-seo-wordpress\/ -->\n<title>Teller tief Club Plate 22 cm, 4er-Set - Bantam<\/title>\n<meta name=\"robots\" content=\"index, follow, max-snippet:-1, max-image-preview:large, max-video-preview:-1\" \/>\n<link rel=\"canonical\" href=\"https:\/\/shop.bantam.ch\/de\/produkt\/teller-tief-club-plate-22-cm-4er-set\/\" \/>\n<meta property=\"og:locale\" content=\"de_DE\" \/>\n<meta property=\"og:type\" content=\"article\" \/>\n<meta property=\"og:title\" content=\"Teller tief Club Plate 22 cm, 4er-Set - Bantam\" \/>\n<meta property=\"og:description\" content=\"Der universelle Teller f\u00fcr Gartenfeste, Picknicks oder Glamping und alle Anl\u00e4sse, die vorzugsweise drau\u00dfen stattfinden. Die Au\u00dfenseite tr\u00e4gt eine lebendige Facettenstruktur und seine solide Qualit\u00e4t und breite Standfl\u00e4che vermitteln jederzeit und \u00fcberall das gute Gef\u00fchl hochwertigen Dinierens. Ideal f\u00fcr alle Outdoor-Aktivit\u00e4ten, bei denen man auf stilvolles Geschirr keineswegs verzichten m\u00f6chte. Aus thermoplastischem Kunststoff mit Holz. [&hellip;]\" \/>\n<meta property=\"og:url\" content=\"https:\/\/shop.bantam.ch\/de\/produkt\/teller-tief-club-plate-22-cm-4er-set\/\" \/>\n<meta property=\"og:site_name\" content=\"Bantam\" \/>\n<meta property=\"article:modified_time\" content=\"2026-04-28T21:23:21+00:00\" \/>\n<meta property=\"og:image\" content=\"https:\/\/shop.bantam.ch\/wp-content\/uploads\/2023\/02\/998446411.jpg\" \/>\n\t<meta property=\"og:image:width\" content=\"1000\" \/>\n\t<meta property=\"og:image:height\" content=\"388\" \/>\n\t<meta property=\"og:image:type\" content=\"image\/jpeg\" \/>\n<meta name=\"twitter:card\" content=\"summary_large_image\" \/>\n<script type=\"application\/ld+json\" class=\"yoast-schema-graph\">{\"@context\":\"https:\\\/\\\/schema.org\",\"@graph\":[{\"@type\":\"WebPage\",\"@id\":\"https:\\\/\\\/shop.bantam.ch\\\/de\\\/produkt\\\/teller-tief-club-plate-22-cm-4er-set\\\/\",\"url\":\"https:\\\/\\\/shop.bantam.ch\\\/de\\\/produkt\\\/teller-tief-club-plate-22-cm-4er-set\\\/\",\"name\":\"Teller tief Club Plate 22 cm, 4er-Set - Bantam\",\"isPartOf\":{\"@id\":\"https:\\\/\\\/shop.bantam.ch\\\/de\\\/#website\"},\"primaryImageOfPage\":{\"@id\":\"https:\\\/\\\/shop.bantam.ch\\\/de\\\/produkt\\\/teller-tief-club-plate-22-cm-4er-set\\\/#primaryimage\"},\"image\":{\"@id\":\"https:\\\/\\\/shop.bantam.ch\\\/de\\\/produkt\\\/teller-tief-club-plate-22-cm-4er-set\\\/#primaryimage\"},\"thumbnailUrl\":\"https:\\\/\\\/shop.bantam.ch\\\/wp-content\\\/uploads\\\/2023\\\/02\\\/998446411.jpg\",\"datePublished\":\"2023-02-28T21:04:05+00:00\",\"dateModified\":\"2026-04-28T21:23:21+00:00\",\"breadcrumb\":{\"@id\":\"https:\\\/\\\/shop.bantam.ch\\\/de\\\/produkt\\\/teller-tief-club-plate-22-cm-4er-set\\\/#breadcrumb\"},\"inLanguage\":\"de\",\"potentialAction\":[{\"@type\":\"ReadAction\",\"target\":[\"https:\\\/\\\/shop.bantam.ch\\\/de\\\/produkt\\\/teller-tief-club-plate-22-cm-4er-set\\\/\"]}]},{\"@type\":\"ImageObject\",\"inLanguage\":\"de\",\"@id\":\"https:\\\/\\\/shop.bantam.ch\\\/de\\\/produkt\\\/teller-tief-club-plate-22-cm-4er-set\\\/#primaryimage\",\"url\":\"https:\\\/\\\/shop.bantam.ch\\\/wp-content\\\/uploads\\\/2023\\\/02\\\/998446411.jpg\",\"contentUrl\":\"https:\\\/\\\/shop.bantam.ch\\\/wp-content\\\/uploads\\\/2023\\\/02\\\/998446411.jpg\",\"width\":1000,\"height\":388},{\"@type\":\"BreadcrumbList\",\"@id\":\"https:\\\/\\\/shop.bantam.ch\\\/de\\\/produkt\\\/teller-tief-club-plate-22-cm-4er-set\\\/#breadcrumb\",\"itemListElement\":[{\"@type\":\"ListItem\",\"position\":1,\"name\":\"Accueil\",\"item\":\"https:\\\/\\\/shop.bantam.ch\\\/de\\\/\"},{\"@type\":\"ListItem\",\"position\":2,\"name\":\"Shop\",\"item\":\"https:\\\/\\\/shop.bantam.ch\\\/de\\\/shop\\\/\"},{\"@type\":\"ListItem\",\"position\":3,\"name\":\"Teller tief Club Plate 22 cm, 4er-Set\"}]},{\"@type\":\"WebSite\",\"@id\":\"https:\\\/\\\/shop.bantam.ch\\\/de\\\/#website\",\"url\":\"https:\\\/\\\/shop.bantam.ch\\\/de\\\/\",\"name\":\"Bantam\",\"description\":\"\",\"publisher\":{\"@id\":\"https:\\\/\\\/shop.bantam.ch\\\/de\\\/#organization\"},\"inLanguage\":\"de\"},{\"@type\":\"Organization\",\"@id\":\"https:\\\/\\\/shop.bantam.ch\\\/de\\\/#organization\",\"name\":\"Bantam\",\"url\":\"https:\\\/\\\/shop.bantam.ch\\\/de\\\/\",\"logo\":{\"@type\":\"ImageObject\",\"inLanguage\":\"de\",\"@id\":\"https:\\\/\\\/shop.bantam.ch\\\/de\\\/#\\\/schema\\\/logo\\\/image\\\/\",\"url\":\"https:\\\/\\\/shop.bantam.ch\\\/wp-content\\\/uploads\\\/2022\\\/12\\\/bantam-logo.png\",\"contentUrl\":\"https:\\\/\\\/shop.bantam.ch\\\/wp-content\\\/uploads\\\/2022\\\/12\\\/bantam-logo.png\",\"width\":320,\"height\":71,\"caption\":\"Bantam\"},\"image\":{\"@id\":\"https:\\\/\\\/shop.bantam.ch\\\/de\\\/#\\\/schema\\\/logo\\\/image\\\/\"}}]}<\/script>\n<!-- \/ Yoast SEO plugin. -->","yoast_head_json":{"title":"Teller tief Club Plate 22 cm, 4er-Set - Bantam","robots":{"index":"index","follow":"follow","max-snippet":"max-snippet:-1","max-image-preview":"max-image-preview:large","max-video-preview":"max-video-preview:-1"},"canonical":"https:\/\/shop.bantam.ch\/de\/produkt\/teller-tief-club-plate-22-cm-4er-set\/","og_locale":"de_DE","og_type":"article","og_title":"Teller tief Club Plate 22 cm, 4er-Set - Bantam","og_description":"Der universelle Teller f\u00fcr Gartenfeste, Picknicks oder Glamping und alle Anl\u00e4sse, die vorzugsweise drau\u00dfen stattfinden. Die Au\u00dfenseite tr\u00e4gt eine lebendige Facettenstruktur und seine solide Qualit\u00e4t und breite Standfl\u00e4che vermitteln jederzeit und \u00fcberall das gute Gef\u00fchl hochwertigen Dinierens. Ideal f\u00fcr alle Outdoor-Aktivit\u00e4ten, bei denen man auf stilvolles Geschirr keineswegs verzichten m\u00f6chte. Aus thermoplastischem Kunststoff mit Holz. [&hellip;]","og_url":"https:\/\/shop.bantam.ch\/de\/produkt\/teller-tief-club-plate-22-cm-4er-set\/","og_site_name":"Bantam","article_modified_time":"2026-04-28T21:23:21+00:00","og_image":[{"width":1000,"height":388,"url":"https:\/\/shop.bantam.ch\/wp-content\/uploads\/2023\/02\/998446411.jpg","type":"image\/jpeg"}],"twitter_card":"summary_large_image","schema":{"@context":"https:\/\/schema.org","@graph":[{"@type":"WebPage","@id":"https:\/\/shop.bantam.ch\/de\/produkt\/teller-tief-club-plate-22-cm-4er-set\/","url":"https:\/\/shop.bantam.ch\/de\/produkt\/teller-tief-club-plate-22-cm-4er-set\/","name":"Teller tief Club Plate 22 cm, 4er-Set - Bantam","isPartOf":{"@id":"https:\/\/shop.bantam.ch\/de\/#website"},"primaryImageOfPage":{"@id":"https:\/\/shop.bantam.ch\/de\/produkt\/teller-tief-club-plate-22-cm-4er-set\/#primaryimage"},"image":{"@id":"https:\/\/shop.bantam.ch\/de\/produkt\/teller-tief-club-plate-22-cm-4er-set\/#primaryimage"},"thumbnailUrl":"https:\/\/shop.bantam.ch\/wp-content\/uploads\/2023\/02\/998446411.jpg","datePublished":"2023-02-28T21:04:05+00:00","dateModified":"2026-04-28T21:23:21+00:00","breadcrumb":{"@id":"https:\/\/shop.bantam.ch\/de\/produkt\/teller-tief-club-plate-22-cm-4er-set\/#breadcrumb"},"inLanguage":"de","potentialAction":[{"@type":"ReadAction","target":["https:\/\/shop.bantam.ch\/de\/produkt\/teller-tief-club-plate-22-cm-4er-set\/"]}]},{"@type":"ImageObject","inLanguage":"de","@id":"https:\/\/shop.bantam.ch\/de\/produkt\/teller-tief-club-plate-22-cm-4er-set\/#primaryimage","url":"https:\/\/shop.bantam.ch\/wp-content\/uploads\/2023\/02\/998446411.jpg","contentUrl":"https:\/\/shop.bantam.ch\/wp-content\/uploads\/2023\/02\/998446411.jpg","width":1000,"height":388},{"@type":"BreadcrumbList","@id":"https:\/\/shop.bantam.ch\/de\/produkt\/teller-tief-club-plate-22-cm-4er-set\/#breadcrumb","itemListElement":[{"@type":"ListItem","position":1,"name":"Accueil","item":"https:\/\/shop.bantam.ch\/de\/"},{"@type":"ListItem","position":2,"name":"Shop","item":"https:\/\/shop.bantam.ch\/de\/shop\/"},{"@type":"ListItem","position":3,"name":"Teller tief Club Plate 22 cm, 4er-Set"}]},{"@type":"WebSite","@id":"https:\/\/shop.bantam.ch\/de\/#website","url":"https:\/\/shop.bantam.ch\/de\/","name":"Bantam","description":"","publisher":{"@id":"https:\/\/shop.bantam.ch\/de\/#organization"},"inLanguage":"de"},{"@type":"Organization","@id":"https:\/\/shop.bantam.ch\/de\/#organization","name":"Bantam","url":"https:\/\/shop.bantam.ch\/de\/","logo":{"@type":"ImageObject","inLanguage":"de","@id":"https:\/\/shop.bantam.ch\/de\/#\/schema\/logo\/image\/","url":"https:\/\/shop.bantam.ch\/wp-content\/uploads\/2022\/12\/bantam-logo.png","contentUrl":"https:\/\/shop.bantam.ch\/wp-content\/uploads\/2022\/12\/bantam-logo.png","width":320,"height":71,"caption":"Bantam"},"image":{"@id":"https:\/\/shop.bantam.ch\/de\/#\/schema\/logo\/image\/"}}]}},"_links":{"self":[{"href":"https:\/\/shop.bantam.ch\/de\/wp-json\/wp\/v2\/product\/115511","targetHints":{"allow":["GET"]}}],"collection":[{"href":"https:\/\/shop.bantam.ch\/de\/wp-json\/wp\/v2\/product"}],"about":[{"href":"https:\/\/shop.bantam.ch\/de\/wp-json\/wp\/v2\/types\/product"}],"wp:featuredmedia":[{"embeddable":true,"href":"https:\/\/shop.bantam.ch\/de\/wp-json\/wp\/v2\/media\/115483"}],"wp:attachment":[{"href":"https:\/\/shop.bantam.ch\/de\/wp-json\/wp\/v2\/media?parent=115511"}],"wp:term":[{"taxonomy":"product_featured_cat","embeddable":true,"href":"https:\/\/shop.bantam.ch\/de\/wp-json\/wp\/v2\/product_featured_cat?post=115511"},{"taxonomy":"product_brand","embeddable":true,"href":"https:\/\/shop.bantam.ch\/de\/wp-json\/wp\/v2\/product_brand?post=115511"},{"taxonomy":"product_cat","embeddable":true,"href":"https:\/\/shop.bantam.ch\/de\/wp-json\/wp\/v2\/product_cat?post=115511"},{"taxonomy":"product_tag","embeddable":true,"href":"https:\/\/shop.bantam.ch\/de\/wp-json\/wp\/v2\/product_tag?post=115511"}],"curies":[{"name":"wp","href":"https:\/\/api.w.org\/{rel}","templated":true}]}}