{"id":115409,"date":"2023-02-28T22:02:59","date_gmt":"2023-02-28T21:02:59","guid":{"rendered":"https:\/\/shop.bantam.ch\/produit\/salatschale-crystal-mit-4-portionsschalen-fb-crystal-clear\/"},"modified":"2026-04-17T21:44:20","modified_gmt":"2026-04-17T19:44:20","slug":"salatschale-crystal-mit-4-portionsschalen-fb-crystal-clear","status":"publish","type":"product","link":"https:\/\/shop.bantam.ch\/de\/produkt\/salatschale-crystal-mit-4-portionsschalen-fb-crystal-clear\/","title":{"rendered":"Salatschale CRYSTAL mit 4 Portionsschalen Fb. crystal clear"},"content":{"rendered":"<p>Als wahrhaftiges &#8222;Dressing&#8220; f\u00fcr den Salat verspr\u00fcht CRYSTAL dekorative Eleganz dank einer faszinierenden Diamantschliff-Optik: Die transparenten und hochgl\u00e4nzend polierten Facetten brechen das Licht zu einem lebendigen, attraktiven Funkeln. Statt der gesunden, kalorienbewussten Vorspeise l\u00e4sst sich in der CRYSTAL Schale nat\u00fcrlich auch ganz ohne schlechtes Gewissen ein s\u00fcndiges Dessert servieren.<\/p>\n<p>5-teiliges Set bestehend aus:<\/p>\n<ul>\n<li>1 gro\u00dfen Salatsch\u00fcssel, 3,5 l<\/li>\n<li>4 kleine Portionsschalen<\/li>\n<\/ul>\n","protected":false},"excerpt":{"rendered":"<p>Als wahrhaftiges &#8222;Dressing&#8220; f\u00fcr den Salat verspr\u00fcht CRYSTAL dekorative Eleganz dank einer faszinierenden Diamantschliff-Optik: Die transparenten und hochgl\u00e4nzend polierten Facetten brechen das Licht zu einem lebendigen, attraktiven Funkeln. Statt der gesunden, kalorienbewussten Vorspeise l\u00e4sst sich in der CRYSTAL Schale nat\u00fcrlich auch ganz ohne schlechtes Gewissen ein s\u00fcndiges Dessert servieren. 5-teiliges Set bestehend aus: 1 gro\u00dfen [&hellip;]<\/p>\n","protected":false},"featured_media":115403,"template":"","meta":{"_acf_changed":false},"product_featured_cat":[],"product_brand":[3585],"product_cat":[4276],"product_tag":[],"class_list":{"0":"post-115409","1":"product","2":"type-product","3":"status-publish","4":"has-post-thumbnail","6":"product_brand-koziol-de","7":"product_cat-schuesseln-schalen","9":"first","10":"instock","11":"taxable","12":"shipping-taxable","13":"purchasable","14":"product-type-simple"},"acf":[],"yoast_head":"<!-- This site is optimized with the Yoast SEO plugin v27.4 - https:\/\/yoast.com\/product\/yoast-seo-wordpress\/ -->\n<title>Salatschale CRYSTAL mit 4 Portionsschalen Fb. crystal clear - Bantam Camping AG<\/title>\n<meta name=\"robots\" content=\"index, follow, max-snippet:-1, max-image-preview:large, max-video-preview:-1\" \/>\n<link rel=\"canonical\" href=\"https:\/\/shop.bantam.ch\/de\/produkt\/salatschale-crystal-mit-4-portionsschalen-fb-crystal-clear\/\" \/>\n<meta property=\"og:locale\" content=\"de_DE\" \/>\n<meta property=\"og:type\" content=\"article\" \/>\n<meta property=\"og:title\" content=\"Salatschale CRYSTAL mit 4 Portionsschalen Fb. crystal clear - Bantam Camping AG\" \/>\n<meta property=\"og:description\" content=\"Als wahrhaftiges &#8222;Dressing&#8220; f\u00fcr den Salat verspr\u00fcht CRYSTAL dekorative Eleganz dank einer faszinierenden Diamantschliff-Optik: Die transparenten und hochgl\u00e4nzend polierten Facetten brechen das Licht zu einem lebendigen, attraktiven Funkeln. Statt der gesunden, kalorienbewussten Vorspeise l\u00e4sst sich in der CRYSTAL Schale nat\u00fcrlich auch ganz ohne schlechtes Gewissen ein s\u00fcndiges Dessert servieren. 5-teiliges Set bestehend aus: 1 gro\u00dfen [&hellip;]\" \/>\n<meta property=\"og:url\" content=\"https:\/\/shop.bantam.ch\/de\/produkt\/salatschale-crystal-mit-4-portionsschalen-fb-crystal-clear\/\" \/>\n<meta property=\"og:site_name\" content=\"Bantam Camping AG\" \/>\n<meta property=\"article:modified_time\" content=\"2026-04-17T19:44:20+00:00\" \/>\n<meta property=\"og:image\" content=\"https:\/\/shop.bantam.ch\/wp-content\/uploads\/2023\/02\/998439611.jpg\" \/>\n\t<meta property=\"og:image:width\" content=\"1000\" \/>\n\t<meta property=\"og:image:height\" content=\"889\" \/>\n\t<meta property=\"og:image:type\" content=\"image\/jpeg\" \/>\n<meta name=\"twitter:card\" content=\"summary_large_image\" \/>\n<script type=\"application\/ld+json\" class=\"yoast-schema-graph\">{\"@context\":\"https:\\\/\\\/schema.org\",\"@graph\":[{\"@type\":\"WebPage\",\"@id\":\"https:\\\/\\\/shop.bantam.ch\\\/de\\\/produkt\\\/salatschale-crystal-mit-4-portionsschalen-fb-crystal-clear\\\/\",\"url\":\"https:\\\/\\\/shop.bantam.ch\\\/de\\\/produkt\\\/salatschale-crystal-mit-4-portionsschalen-fb-crystal-clear\\\/\",\"name\":\"Salatschale CRYSTAL mit 4 Portionsschalen Fb. crystal clear - Bantam Camping AG\",\"isPartOf\":{\"@id\":\"https:\\\/\\\/shop.bantam.ch\\\/de\\\/#website\"},\"primaryImageOfPage\":{\"@id\":\"https:\\\/\\\/shop.bantam.ch\\\/de\\\/produkt\\\/salatschale-crystal-mit-4-portionsschalen-fb-crystal-clear\\\/#primaryimage\"},\"image\":{\"@id\":\"https:\\\/\\\/shop.bantam.ch\\\/de\\\/produkt\\\/salatschale-crystal-mit-4-portionsschalen-fb-crystal-clear\\\/#primaryimage\"},\"thumbnailUrl\":\"https:\\\/\\\/shop.bantam.ch\\\/wp-content\\\/uploads\\\/2023\\\/02\\\/998439611.jpg\",\"datePublished\":\"2023-02-28T21:02:59+00:00\",\"dateModified\":\"2026-04-17T19:44:20+00:00\",\"breadcrumb\":{\"@id\":\"https:\\\/\\\/shop.bantam.ch\\\/de\\\/produkt\\\/salatschale-crystal-mit-4-portionsschalen-fb-crystal-clear\\\/#breadcrumb\"},\"inLanguage\":\"de\",\"potentialAction\":[{\"@type\":\"ReadAction\",\"target\":[\"https:\\\/\\\/shop.bantam.ch\\\/de\\\/produkt\\\/salatschale-crystal-mit-4-portionsschalen-fb-crystal-clear\\\/\"]}]},{\"@type\":\"ImageObject\",\"inLanguage\":\"de\",\"@id\":\"https:\\\/\\\/shop.bantam.ch\\\/de\\\/produkt\\\/salatschale-crystal-mit-4-portionsschalen-fb-crystal-clear\\\/#primaryimage\",\"url\":\"https:\\\/\\\/shop.bantam.ch\\\/wp-content\\\/uploads\\\/2023\\\/02\\\/998439611.jpg\",\"contentUrl\":\"https:\\\/\\\/shop.bantam.ch\\\/wp-content\\\/uploads\\\/2023\\\/02\\\/998439611.jpg\",\"width\":1000,\"height\":889},{\"@type\":\"BreadcrumbList\",\"@id\":\"https:\\\/\\\/shop.bantam.ch\\\/de\\\/produkt\\\/salatschale-crystal-mit-4-portionsschalen-fb-crystal-clear\\\/#breadcrumb\",\"itemListElement\":[{\"@type\":\"ListItem\",\"position\":1,\"name\":\"Accueil\",\"item\":\"https:\\\/\\\/shop.bantam.ch\\\/de\\\/\"},{\"@type\":\"ListItem\",\"position\":2,\"name\":\"Shop\",\"item\":\"https:\\\/\\\/shop.bantam.ch\\\/de\\\/shop\\\/\"},{\"@type\":\"ListItem\",\"position\":3,\"name\":\"Salatschale CRYSTAL mit 4 Portionsschalen Fb. crystal clear\"}]},{\"@type\":\"WebSite\",\"@id\":\"https:\\\/\\\/shop.bantam.ch\\\/de\\\/#website\",\"url\":\"https:\\\/\\\/shop.bantam.ch\\\/de\\\/\",\"name\":\"Bantam Camping AG\",\"description\":\"\",\"publisher\":{\"@id\":\"https:\\\/\\\/shop.bantam.ch\\\/de\\\/#organization\"},\"inLanguage\":\"de\"},{\"@type\":\"Organization\",\"@id\":\"https:\\\/\\\/shop.bantam.ch\\\/de\\\/#organization\",\"name\":\"Bantam Camping AG\",\"url\":\"https:\\\/\\\/shop.bantam.ch\\\/de\\\/\",\"logo\":{\"@type\":\"ImageObject\",\"inLanguage\":\"de\",\"@id\":\"https:\\\/\\\/shop.bantam.ch\\\/de\\\/#\\\/schema\\\/logo\\\/image\\\/\",\"url\":\"https:\\\/\\\/shop.bantam.ch\\\/wp-content\\\/uploads\\\/2022\\\/12\\\/bantam-logo.png\",\"contentUrl\":\"https:\\\/\\\/shop.bantam.ch\\\/wp-content\\\/uploads\\\/2022\\\/12\\\/bantam-logo.png\",\"width\":320,\"height\":71,\"caption\":\"Bantam Camping AG\"},\"image\":{\"@id\":\"https:\\\/\\\/shop.bantam.ch\\\/de\\\/#\\\/schema\\\/logo\\\/image\\\/\"}}]}<\/script>\n<!-- \/ Yoast SEO plugin. -->","yoast_head_json":{"title":"Salatschale CRYSTAL mit 4 Portionsschalen Fb. crystal clear - Bantam Camping AG","robots":{"index":"index","follow":"follow","max-snippet":"max-snippet:-1","max-image-preview":"max-image-preview:large","max-video-preview":"max-video-preview:-1"},"canonical":"https:\/\/shop.bantam.ch\/de\/produkt\/salatschale-crystal-mit-4-portionsschalen-fb-crystal-clear\/","og_locale":"de_DE","og_type":"article","og_title":"Salatschale CRYSTAL mit 4 Portionsschalen Fb. crystal clear - Bantam Camping AG","og_description":"Als wahrhaftiges &#8222;Dressing&#8220; f\u00fcr den Salat verspr\u00fcht CRYSTAL dekorative Eleganz dank einer faszinierenden Diamantschliff-Optik: Die transparenten und hochgl\u00e4nzend polierten Facetten brechen das Licht zu einem lebendigen, attraktiven Funkeln. Statt der gesunden, kalorienbewussten Vorspeise l\u00e4sst sich in der CRYSTAL Schale nat\u00fcrlich auch ganz ohne schlechtes Gewissen ein s\u00fcndiges Dessert servieren. 5-teiliges Set bestehend aus: 1 gro\u00dfen [&hellip;]","og_url":"https:\/\/shop.bantam.ch\/de\/produkt\/salatschale-crystal-mit-4-portionsschalen-fb-crystal-clear\/","og_site_name":"Bantam Camping AG","article_modified_time":"2026-04-17T19:44:20+00:00","og_image":[{"width":1000,"height":889,"url":"https:\/\/shop.bantam.ch\/wp-content\/uploads\/2023\/02\/998439611.jpg","type":"image\/jpeg"}],"twitter_card":"summary_large_image","schema":{"@context":"https:\/\/schema.org","@graph":[{"@type":"WebPage","@id":"https:\/\/shop.bantam.ch\/de\/produkt\/salatschale-crystal-mit-4-portionsschalen-fb-crystal-clear\/","url":"https:\/\/shop.bantam.ch\/de\/produkt\/salatschale-crystal-mit-4-portionsschalen-fb-crystal-clear\/","name":"Salatschale CRYSTAL mit 4 Portionsschalen Fb. crystal clear - Bantam Camping AG","isPartOf":{"@id":"https:\/\/shop.bantam.ch\/de\/#website"},"primaryImageOfPage":{"@id":"https:\/\/shop.bantam.ch\/de\/produkt\/salatschale-crystal-mit-4-portionsschalen-fb-crystal-clear\/#primaryimage"},"image":{"@id":"https:\/\/shop.bantam.ch\/de\/produkt\/salatschale-crystal-mit-4-portionsschalen-fb-crystal-clear\/#primaryimage"},"thumbnailUrl":"https:\/\/shop.bantam.ch\/wp-content\/uploads\/2023\/02\/998439611.jpg","datePublished":"2023-02-28T21:02:59+00:00","dateModified":"2026-04-17T19:44:20+00:00","breadcrumb":{"@id":"https:\/\/shop.bantam.ch\/de\/produkt\/salatschale-crystal-mit-4-portionsschalen-fb-crystal-clear\/#breadcrumb"},"inLanguage":"de","potentialAction":[{"@type":"ReadAction","target":["https:\/\/shop.bantam.ch\/de\/produkt\/salatschale-crystal-mit-4-portionsschalen-fb-crystal-clear\/"]}]},{"@type":"ImageObject","inLanguage":"de","@id":"https:\/\/shop.bantam.ch\/de\/produkt\/salatschale-crystal-mit-4-portionsschalen-fb-crystal-clear\/#primaryimage","url":"https:\/\/shop.bantam.ch\/wp-content\/uploads\/2023\/02\/998439611.jpg","contentUrl":"https:\/\/shop.bantam.ch\/wp-content\/uploads\/2023\/02\/998439611.jpg","width":1000,"height":889},{"@type":"BreadcrumbList","@id":"https:\/\/shop.bantam.ch\/de\/produkt\/salatschale-crystal-mit-4-portionsschalen-fb-crystal-clear\/#breadcrumb","itemListElement":[{"@type":"ListItem","position":1,"name":"Accueil","item":"https:\/\/shop.bantam.ch\/de\/"},{"@type":"ListItem","position":2,"name":"Shop","item":"https:\/\/shop.bantam.ch\/de\/shop\/"},{"@type":"ListItem","position":3,"name":"Salatschale CRYSTAL mit 4 Portionsschalen Fb. crystal clear"}]},{"@type":"WebSite","@id":"https:\/\/shop.bantam.ch\/de\/#website","url":"https:\/\/shop.bantam.ch\/de\/","name":"Bantam Camping AG","description":"","publisher":{"@id":"https:\/\/shop.bantam.ch\/de\/#organization"},"inLanguage":"de"},{"@type":"Organization","@id":"https:\/\/shop.bantam.ch\/de\/#organization","name":"Bantam Camping AG","url":"https:\/\/shop.bantam.ch\/de\/","logo":{"@type":"ImageObject","inLanguage":"de","@id":"https:\/\/shop.bantam.ch\/de\/#\/schema\/logo\/image\/","url":"https:\/\/shop.bantam.ch\/wp-content\/uploads\/2022\/12\/bantam-logo.png","contentUrl":"https:\/\/shop.bantam.ch\/wp-content\/uploads\/2022\/12\/bantam-logo.png","width":320,"height":71,"caption":"Bantam Camping AG"},"image":{"@id":"https:\/\/shop.bantam.ch\/de\/#\/schema\/logo\/image\/"}}]}},"_links":{"self":[{"href":"https:\/\/shop.bantam.ch\/de\/wp-json\/wp\/v2\/product\/115409","targetHints":{"allow":["GET"]}}],"collection":[{"href":"https:\/\/shop.bantam.ch\/de\/wp-json\/wp\/v2\/product"}],"about":[{"href":"https:\/\/shop.bantam.ch\/de\/wp-json\/wp\/v2\/types\/product"}],"wp:featuredmedia":[{"embeddable":true,"href":"https:\/\/shop.bantam.ch\/de\/wp-json\/wp\/v2\/media\/115403"}],"wp:attachment":[{"href":"https:\/\/shop.bantam.ch\/de\/wp-json\/wp\/v2\/media?parent=115409"}],"wp:term":[{"taxonomy":"product_featured_cat","embeddable":true,"href":"https:\/\/shop.bantam.ch\/de\/wp-json\/wp\/v2\/product_featured_cat?post=115409"},{"taxonomy":"product_brand","embeddable":true,"href":"https:\/\/shop.bantam.ch\/de\/wp-json\/wp\/v2\/product_brand?post=115409"},{"taxonomy":"product_cat","embeddable":true,"href":"https:\/\/shop.bantam.ch\/de\/wp-json\/wp\/v2\/product_cat?post=115409"},{"taxonomy":"product_tag","embeddable":true,"href":"https:\/\/shop.bantam.ch\/de\/wp-json\/wp\/v2\/product_tag?post=115409"}],"curies":[{"name":"wp","href":"https:\/\/api.w.org\/{rel}","templated":true}]}}