{"id":114708,"date":"2023-02-28T21:44:06","date_gmt":"2023-02-28T20:44:06","guid":{"rendered":"https:\/\/shop.bantam.ch\/produit\/sand-und-wasserspieltisch-pirat-jack-21-tlg\/"},"modified":"2026-05-11T21:42:53","modified_gmt":"2026-05-11T19:42:53","slug":"sand-und-wasserspieltisch-pirat-jack-21-tlg","status":"publish","type":"product","link":"https:\/\/shop.bantam.ch\/de\/produkt\/sand-und-wasserspieltisch-pirat-jack-21-tlg\/","title":{"rendered":"Sand- und Wasserspieltisch Jamara Pirat Jack 21-tlg."},"content":{"rendered":"<p>Das Set besteht aus 21 Teilen und kann auf verschiedenste Weise verwendet werden. Zum einen als Sandspielzeug oder als Wasserspieltisch, es f\u00f6rdert spielerisch die motorischen F\u00e4higkeiten und regt die Fantasie an. Einfache Montage und bewegliche Module f\u00f6rdern aktiv das Spiel mit Sand und Wasser. Mit Wasser bef\u00fcllbar, mehrfarbig.<\/p>\n","protected":false},"excerpt":{"rendered":"<p>Das Set besteht aus 21 Teilen und kann auf verschiedenste Weise verwendet werden. Zum einen als Sandspielzeug oder als Wasserspieltisch, es f\u00f6rdert spielerisch die motorischen F\u00e4higkeiten und regt die Fantasie an. Einfache Montage und bewegliche Module f\u00f6rdern aktiv das Spiel mit Sand und Wasser. Mit Wasser bef\u00fcllbar, mehrfarbig.<\/p>\n","protected":false},"featured_media":114702,"template":"","meta":{"_acf_changed":false},"product_featured_cat":[],"product_brand":[3583],"product_cat":[4458],"product_tag":[],"class_list":{"0":"post-114708","1":"product","2":"type-product","3":"status-publish","4":"has-post-thumbnail","6":"product_brand-jamara-de","7":"product_cat-spielzeug","9":"first","10":"instock","11":"taxable","12":"shipping-taxable","13":"purchasable","14":"product-type-simple"},"acf":[],"yoast_head":"<!-- This site is optimized with the Yoast SEO plugin v27.5 - https:\/\/yoast.com\/product\/yoast-seo-wordpress\/ -->\n<title>Sand- und Wasserspieltisch Jamara Pirat Jack 21-tlg. - Bantam<\/title>\n<meta name=\"robots\" content=\"index, follow, max-snippet:-1, max-image-preview:large, max-video-preview:-1\" \/>\n<link rel=\"canonical\" href=\"https:\/\/shop.bantam.ch\/de\/produkt\/sand-und-wasserspieltisch-pirat-jack-21-tlg\/\" \/>\n<meta property=\"og:locale\" content=\"de_DE\" \/>\n<meta property=\"og:type\" content=\"article\" \/>\n<meta property=\"og:title\" content=\"Sand- und Wasserspieltisch Jamara Pirat Jack 21-tlg. - Bantam\" \/>\n<meta property=\"og:description\" content=\"Das Set besteht aus 21 Teilen und kann auf verschiedenste Weise verwendet werden. Zum einen als Sandspielzeug oder als Wasserspieltisch, es f\u00f6rdert spielerisch die motorischen F\u00e4higkeiten und regt die Fantasie an. Einfache Montage und bewegliche Module f\u00f6rdern aktiv das Spiel mit Sand und Wasser. Mit Wasser bef\u00fcllbar, mehrfarbig.\" \/>\n<meta property=\"og:url\" content=\"https:\/\/shop.bantam.ch\/de\/produkt\/sand-und-wasserspieltisch-pirat-jack-21-tlg\/\" \/>\n<meta property=\"og:site_name\" content=\"Bantam\" \/>\n<meta property=\"article:modified_time\" content=\"2026-05-11T19:42:53+00:00\" \/>\n<meta property=\"og:image\" content=\"https:\/\/shop.bantam.ch\/wp-content\/uploads\/2023\/02\/995808811.jpg\" \/>\n\t<meta property=\"og:image:width\" content=\"1000\" \/>\n\t<meta property=\"og:image:height\" content=\"890\" \/>\n\t<meta property=\"og:image:type\" content=\"image\/jpeg\" \/>\n<meta name=\"twitter:card\" content=\"summary_large_image\" \/>\n<script type=\"application\/ld+json\" class=\"yoast-schema-graph\">{\"@context\":\"https:\\\/\\\/schema.org\",\"@graph\":[{\"@type\":\"WebPage\",\"@id\":\"https:\\\/\\\/shop.bantam.ch\\\/de\\\/produkt\\\/sand-und-wasserspieltisch-pirat-jack-21-tlg\\\/\",\"url\":\"https:\\\/\\\/shop.bantam.ch\\\/de\\\/produkt\\\/sand-und-wasserspieltisch-pirat-jack-21-tlg\\\/\",\"name\":\"Sand- und Wasserspieltisch Jamara Pirat Jack 21-tlg. - Bantam\",\"isPartOf\":{\"@id\":\"https:\\\/\\\/shop.bantam.ch\\\/de\\\/#website\"},\"primaryImageOfPage\":{\"@id\":\"https:\\\/\\\/shop.bantam.ch\\\/de\\\/produkt\\\/sand-und-wasserspieltisch-pirat-jack-21-tlg\\\/#primaryimage\"},\"image\":{\"@id\":\"https:\\\/\\\/shop.bantam.ch\\\/de\\\/produkt\\\/sand-und-wasserspieltisch-pirat-jack-21-tlg\\\/#primaryimage\"},\"thumbnailUrl\":\"https:\\\/\\\/shop.bantam.ch\\\/wp-content\\\/uploads\\\/2023\\\/02\\\/995808811.jpg\",\"datePublished\":\"2023-02-28T20:44:06+00:00\",\"dateModified\":\"2026-05-11T19:42:53+00:00\",\"breadcrumb\":{\"@id\":\"https:\\\/\\\/shop.bantam.ch\\\/de\\\/produkt\\\/sand-und-wasserspieltisch-pirat-jack-21-tlg\\\/#breadcrumb\"},\"inLanguage\":\"de\",\"potentialAction\":[{\"@type\":\"ReadAction\",\"target\":[\"https:\\\/\\\/shop.bantam.ch\\\/de\\\/produkt\\\/sand-und-wasserspieltisch-pirat-jack-21-tlg\\\/\"]}]},{\"@type\":\"ImageObject\",\"inLanguage\":\"de\",\"@id\":\"https:\\\/\\\/shop.bantam.ch\\\/de\\\/produkt\\\/sand-und-wasserspieltisch-pirat-jack-21-tlg\\\/#primaryimage\",\"url\":\"https:\\\/\\\/shop.bantam.ch\\\/wp-content\\\/uploads\\\/2023\\\/02\\\/995808811.jpg\",\"contentUrl\":\"https:\\\/\\\/shop.bantam.ch\\\/wp-content\\\/uploads\\\/2023\\\/02\\\/995808811.jpg\",\"width\":1000,\"height\":890},{\"@type\":\"BreadcrumbList\",\"@id\":\"https:\\\/\\\/shop.bantam.ch\\\/de\\\/produkt\\\/sand-und-wasserspieltisch-pirat-jack-21-tlg\\\/#breadcrumb\",\"itemListElement\":[{\"@type\":\"ListItem\",\"position\":1,\"name\":\"Accueil\",\"item\":\"https:\\\/\\\/shop.bantam.ch\\\/de\\\/\"},{\"@type\":\"ListItem\",\"position\":2,\"name\":\"Shop\",\"item\":\"https:\\\/\\\/shop.bantam.ch\\\/de\\\/shop\\\/\"},{\"@type\":\"ListItem\",\"position\":3,\"name\":\"Sand- und Wasserspieltisch Jamara Pirat Jack 21-tlg.\"}]},{\"@type\":\"WebSite\",\"@id\":\"https:\\\/\\\/shop.bantam.ch\\\/de\\\/#website\",\"url\":\"https:\\\/\\\/shop.bantam.ch\\\/de\\\/\",\"name\":\"Bantam\",\"description\":\"\",\"publisher\":{\"@id\":\"https:\\\/\\\/shop.bantam.ch\\\/de\\\/#organization\"},\"inLanguage\":\"de\"},{\"@type\":\"Organization\",\"@id\":\"https:\\\/\\\/shop.bantam.ch\\\/de\\\/#organization\",\"name\":\"Bantam\",\"url\":\"https:\\\/\\\/shop.bantam.ch\\\/de\\\/\",\"logo\":{\"@type\":\"ImageObject\",\"inLanguage\":\"de\",\"@id\":\"https:\\\/\\\/shop.bantam.ch\\\/de\\\/#\\\/schema\\\/logo\\\/image\\\/\",\"url\":\"https:\\\/\\\/shop.bantam.ch\\\/wp-content\\\/uploads\\\/2022\\\/12\\\/bantam-logo.png\",\"contentUrl\":\"https:\\\/\\\/shop.bantam.ch\\\/wp-content\\\/uploads\\\/2022\\\/12\\\/bantam-logo.png\",\"width\":320,\"height\":71,\"caption\":\"Bantam\"},\"image\":{\"@id\":\"https:\\\/\\\/shop.bantam.ch\\\/de\\\/#\\\/schema\\\/logo\\\/image\\\/\"}}]}<\/script>\n<!-- \/ Yoast SEO plugin. -->","yoast_head_json":{"title":"Sand- und Wasserspieltisch Jamara Pirat Jack 21-tlg. - Bantam","robots":{"index":"index","follow":"follow","max-snippet":"max-snippet:-1","max-image-preview":"max-image-preview:large","max-video-preview":"max-video-preview:-1"},"canonical":"https:\/\/shop.bantam.ch\/de\/produkt\/sand-und-wasserspieltisch-pirat-jack-21-tlg\/","og_locale":"de_DE","og_type":"article","og_title":"Sand- und Wasserspieltisch Jamara Pirat Jack 21-tlg. - Bantam","og_description":"Das Set besteht aus 21 Teilen und kann auf verschiedenste Weise verwendet werden. Zum einen als Sandspielzeug oder als Wasserspieltisch, es f\u00f6rdert spielerisch die motorischen F\u00e4higkeiten und regt die Fantasie an. Einfache Montage und bewegliche Module f\u00f6rdern aktiv das Spiel mit Sand und Wasser. Mit Wasser bef\u00fcllbar, mehrfarbig.","og_url":"https:\/\/shop.bantam.ch\/de\/produkt\/sand-und-wasserspieltisch-pirat-jack-21-tlg\/","og_site_name":"Bantam","article_modified_time":"2026-05-11T19:42:53+00:00","og_image":[{"width":1000,"height":890,"url":"https:\/\/shop.bantam.ch\/wp-content\/uploads\/2023\/02\/995808811.jpg","type":"image\/jpeg"}],"twitter_card":"summary_large_image","schema":{"@context":"https:\/\/schema.org","@graph":[{"@type":"WebPage","@id":"https:\/\/shop.bantam.ch\/de\/produkt\/sand-und-wasserspieltisch-pirat-jack-21-tlg\/","url":"https:\/\/shop.bantam.ch\/de\/produkt\/sand-und-wasserspieltisch-pirat-jack-21-tlg\/","name":"Sand- und Wasserspieltisch Jamara Pirat Jack 21-tlg. - Bantam","isPartOf":{"@id":"https:\/\/shop.bantam.ch\/de\/#website"},"primaryImageOfPage":{"@id":"https:\/\/shop.bantam.ch\/de\/produkt\/sand-und-wasserspieltisch-pirat-jack-21-tlg\/#primaryimage"},"image":{"@id":"https:\/\/shop.bantam.ch\/de\/produkt\/sand-und-wasserspieltisch-pirat-jack-21-tlg\/#primaryimage"},"thumbnailUrl":"https:\/\/shop.bantam.ch\/wp-content\/uploads\/2023\/02\/995808811.jpg","datePublished":"2023-02-28T20:44:06+00:00","dateModified":"2026-05-11T19:42:53+00:00","breadcrumb":{"@id":"https:\/\/shop.bantam.ch\/de\/produkt\/sand-und-wasserspieltisch-pirat-jack-21-tlg\/#breadcrumb"},"inLanguage":"de","potentialAction":[{"@type":"ReadAction","target":["https:\/\/shop.bantam.ch\/de\/produkt\/sand-und-wasserspieltisch-pirat-jack-21-tlg\/"]}]},{"@type":"ImageObject","inLanguage":"de","@id":"https:\/\/shop.bantam.ch\/de\/produkt\/sand-und-wasserspieltisch-pirat-jack-21-tlg\/#primaryimage","url":"https:\/\/shop.bantam.ch\/wp-content\/uploads\/2023\/02\/995808811.jpg","contentUrl":"https:\/\/shop.bantam.ch\/wp-content\/uploads\/2023\/02\/995808811.jpg","width":1000,"height":890},{"@type":"BreadcrumbList","@id":"https:\/\/shop.bantam.ch\/de\/produkt\/sand-und-wasserspieltisch-pirat-jack-21-tlg\/#breadcrumb","itemListElement":[{"@type":"ListItem","position":1,"name":"Accueil","item":"https:\/\/shop.bantam.ch\/de\/"},{"@type":"ListItem","position":2,"name":"Shop","item":"https:\/\/shop.bantam.ch\/de\/shop\/"},{"@type":"ListItem","position":3,"name":"Sand- und Wasserspieltisch Jamara Pirat Jack 21-tlg."}]},{"@type":"WebSite","@id":"https:\/\/shop.bantam.ch\/de\/#website","url":"https:\/\/shop.bantam.ch\/de\/","name":"Bantam","description":"","publisher":{"@id":"https:\/\/shop.bantam.ch\/de\/#organization"},"inLanguage":"de"},{"@type":"Organization","@id":"https:\/\/shop.bantam.ch\/de\/#organization","name":"Bantam","url":"https:\/\/shop.bantam.ch\/de\/","logo":{"@type":"ImageObject","inLanguage":"de","@id":"https:\/\/shop.bantam.ch\/de\/#\/schema\/logo\/image\/","url":"https:\/\/shop.bantam.ch\/wp-content\/uploads\/2022\/12\/bantam-logo.png","contentUrl":"https:\/\/shop.bantam.ch\/wp-content\/uploads\/2022\/12\/bantam-logo.png","width":320,"height":71,"caption":"Bantam"},"image":{"@id":"https:\/\/shop.bantam.ch\/de\/#\/schema\/logo\/image\/"}}]}},"_links":{"self":[{"href":"https:\/\/shop.bantam.ch\/de\/wp-json\/wp\/v2\/product\/114708","targetHints":{"allow":["GET"]}}],"collection":[{"href":"https:\/\/shop.bantam.ch\/de\/wp-json\/wp\/v2\/product"}],"about":[{"href":"https:\/\/shop.bantam.ch\/de\/wp-json\/wp\/v2\/types\/product"}],"wp:featuredmedia":[{"embeddable":true,"href":"https:\/\/shop.bantam.ch\/de\/wp-json\/wp\/v2\/media\/114702"}],"wp:attachment":[{"href":"https:\/\/shop.bantam.ch\/de\/wp-json\/wp\/v2\/media?parent=114708"}],"wp:term":[{"taxonomy":"product_featured_cat","embeddable":true,"href":"https:\/\/shop.bantam.ch\/de\/wp-json\/wp\/v2\/product_featured_cat?post=114708"},{"taxonomy":"product_brand","embeddable":true,"href":"https:\/\/shop.bantam.ch\/de\/wp-json\/wp\/v2\/product_brand?post=114708"},{"taxonomy":"product_cat","embeddable":true,"href":"https:\/\/shop.bantam.ch\/de\/wp-json\/wp\/v2\/product_cat?post=114708"},{"taxonomy":"product_tag","embeddable":true,"href":"https:\/\/shop.bantam.ch\/de\/wp-json\/wp\/v2\/product_tag?post=114708"}],"curies":[{"name":"wp","href":"https:\/\/api.w.org\/{rel}","templated":true}]}}