{"id":114656,"date":"2023-02-28T21:42:29","date_gmt":"2023-02-28T20:42:29","guid":{"rendered":"https:\/\/shop.bantam.ch\/produit\/stellplatzfuehrer-natur-und-nationalparks\/"},"modified":"2026-04-20T21:45:23","modified_gmt":"2026-04-20T19:45:23","slug":"stellplatzfuehrer-natur-und-nationalparks","status":"publish","type":"product","link":"https:\/\/shop.bantam.ch\/de\/produkt\/stellplatzfuehrer-natur-und-nationalparks\/","title":{"rendered":"Stellplatzf\u00fchrer Hinein ins Gr\u00fcne mit dem Wohnmobil Natur- und Nationalparks"},"content":{"rendered":"<p>Hinein ins Gr\u00fcne mit dem Wohnmobil: Rund 150 naturnahe \u00dcbernachtungspl\u00e4tze in Deutschland zum Wandern, Radeln, Drau\u00dfen sein. Egal, ob in der Natur, in der Stadt oder auf dem Land. Mit diesen \u00dcbernachtungspl\u00e4tzen in Deutschland k\u00f6nnen Sie Ihren Campingurlaub ganz individuell planen.<\/p>\n","protected":false},"excerpt":{"rendered":"<p>Hinein ins Gr\u00fcne mit dem Wohnmobil: Rund 150 naturnahe \u00dcbernachtungspl\u00e4tze in Deutschland zum Wandern, Radeln, Drau\u00dfen sein. Egal, ob in der Natur, in der Stadt oder auf dem Land. Mit diesen \u00dcbernachtungspl\u00e4tzen in Deutschland k\u00f6nnen Sie Ihren Campingurlaub ganz individuell planen.<\/p>\n","protected":false},"featured_media":114654,"template":"","meta":{"_acf_changed":false},"product_featured_cat":[],"product_brand":[3033],"product_cat":[4346],"product_tag":[],"class_list":{"0":"post-114656","1":"product","2":"type-product","3":"status-publish","4":"has-post-thumbnail","6":"product_brand-standard-de","7":"product_cat-stellplatzfuehrer","9":"first","10":"instock","11":"taxable","12":"shipping-taxable","13":"purchasable","14":"product-type-simple"},"acf":[],"yoast_head":"<!-- This site is optimized with the Yoast SEO plugin v27.4 - https:\/\/yoast.com\/product\/yoast-seo-wordpress\/ -->\n<title>Stellplatzf\u00fchrer Hinein ins Gr\u00fcne mit dem Wohnmobil Natur- und Nationalparks - Bantam Camping AG<\/title>\n<meta name=\"robots\" content=\"index, follow, max-snippet:-1, max-image-preview:large, max-video-preview:-1\" \/>\n<link rel=\"canonical\" href=\"https:\/\/shop.bantam.ch\/de\/produkt\/stellplatzfuehrer-natur-und-nationalparks\/\" \/>\n<meta property=\"og:locale\" content=\"de_DE\" \/>\n<meta property=\"og:type\" content=\"article\" \/>\n<meta property=\"og:title\" content=\"Stellplatzf\u00fchrer Hinein ins Gr\u00fcne mit dem Wohnmobil Natur- und Nationalparks - Bantam Camping AG\" \/>\n<meta property=\"og:description\" content=\"Hinein ins Gr\u00fcne mit dem Wohnmobil: Rund 150 naturnahe \u00dcbernachtungspl\u00e4tze in Deutschland zum Wandern, Radeln, Drau\u00dfen sein. Egal, ob in der Natur, in der Stadt oder auf dem Land. Mit diesen \u00dcbernachtungspl\u00e4tzen in Deutschland k\u00f6nnen Sie Ihren Campingurlaub ganz individuell planen.\" \/>\n<meta property=\"og:url\" content=\"https:\/\/shop.bantam.ch\/de\/produkt\/stellplatzfuehrer-natur-und-nationalparks\/\" \/>\n<meta property=\"og:site_name\" content=\"Bantam Camping AG\" \/>\n<meta property=\"article:modified_time\" content=\"2026-04-20T19:45:23+00:00\" \/>\n<meta property=\"og:image\" content=\"https:\/\/shop.bantam.ch\/wp-content\/uploads\/2023\/02\/995808111.jpg\" \/>\n\t<meta property=\"og:image:width\" content=\"708\" \/>\n\t<meta property=\"og:image:height\" content=\"1000\" \/>\n\t<meta property=\"og:image:type\" content=\"image\/jpeg\" \/>\n<meta name=\"twitter:card\" content=\"summary_large_image\" \/>\n<script type=\"application\/ld+json\" class=\"yoast-schema-graph\">{\"@context\":\"https:\\\/\\\/schema.org\",\"@graph\":[{\"@type\":\"WebPage\",\"@id\":\"https:\\\/\\\/shop.bantam.ch\\\/de\\\/produkt\\\/stellplatzfuehrer-natur-und-nationalparks\\\/\",\"url\":\"https:\\\/\\\/shop.bantam.ch\\\/de\\\/produkt\\\/stellplatzfuehrer-natur-und-nationalparks\\\/\",\"name\":\"Stellplatzf\u00fchrer Hinein ins Gr\u00fcne mit dem Wohnmobil Natur- und Nationalparks - Bantam Camping AG\",\"isPartOf\":{\"@id\":\"https:\\\/\\\/shop.bantam.ch\\\/de\\\/#website\"},\"primaryImageOfPage\":{\"@id\":\"https:\\\/\\\/shop.bantam.ch\\\/de\\\/produkt\\\/stellplatzfuehrer-natur-und-nationalparks\\\/#primaryimage\"},\"image\":{\"@id\":\"https:\\\/\\\/shop.bantam.ch\\\/de\\\/produkt\\\/stellplatzfuehrer-natur-und-nationalparks\\\/#primaryimage\"},\"thumbnailUrl\":\"https:\\\/\\\/shop.bantam.ch\\\/wp-content\\\/uploads\\\/2023\\\/02\\\/995808111.jpg\",\"datePublished\":\"2023-02-28T20:42:29+00:00\",\"dateModified\":\"2026-04-20T19:45:23+00:00\",\"breadcrumb\":{\"@id\":\"https:\\\/\\\/shop.bantam.ch\\\/de\\\/produkt\\\/stellplatzfuehrer-natur-und-nationalparks\\\/#breadcrumb\"},\"inLanguage\":\"de\",\"potentialAction\":[{\"@type\":\"ReadAction\",\"target\":[\"https:\\\/\\\/shop.bantam.ch\\\/de\\\/produkt\\\/stellplatzfuehrer-natur-und-nationalparks\\\/\"]}]},{\"@type\":\"ImageObject\",\"inLanguage\":\"de\",\"@id\":\"https:\\\/\\\/shop.bantam.ch\\\/de\\\/produkt\\\/stellplatzfuehrer-natur-und-nationalparks\\\/#primaryimage\",\"url\":\"https:\\\/\\\/shop.bantam.ch\\\/wp-content\\\/uploads\\\/2023\\\/02\\\/995808111.jpg\",\"contentUrl\":\"https:\\\/\\\/shop.bantam.ch\\\/wp-content\\\/uploads\\\/2023\\\/02\\\/995808111.jpg\",\"width\":708,\"height\":1000},{\"@type\":\"BreadcrumbList\",\"@id\":\"https:\\\/\\\/shop.bantam.ch\\\/de\\\/produkt\\\/stellplatzfuehrer-natur-und-nationalparks\\\/#breadcrumb\",\"itemListElement\":[{\"@type\":\"ListItem\",\"position\":1,\"name\":\"Accueil\",\"item\":\"https:\\\/\\\/shop.bantam.ch\\\/de\\\/\"},{\"@type\":\"ListItem\",\"position\":2,\"name\":\"Shop\",\"item\":\"https:\\\/\\\/shop.bantam.ch\\\/de\\\/shop\\\/\"},{\"@type\":\"ListItem\",\"position\":3,\"name\":\"Stellplatzf\u00fchrer Hinein ins Gr\u00fcne mit dem Wohnmobil Natur- und Nationalparks\"}]},{\"@type\":\"WebSite\",\"@id\":\"https:\\\/\\\/shop.bantam.ch\\\/de\\\/#website\",\"url\":\"https:\\\/\\\/shop.bantam.ch\\\/de\\\/\",\"name\":\"Bantam Camping AG\",\"description\":\"\",\"publisher\":{\"@id\":\"https:\\\/\\\/shop.bantam.ch\\\/de\\\/#organization\"},\"inLanguage\":\"de\"},{\"@type\":\"Organization\",\"@id\":\"https:\\\/\\\/shop.bantam.ch\\\/de\\\/#organization\",\"name\":\"Bantam Camping AG\",\"url\":\"https:\\\/\\\/shop.bantam.ch\\\/de\\\/\",\"logo\":{\"@type\":\"ImageObject\",\"inLanguage\":\"de\",\"@id\":\"https:\\\/\\\/shop.bantam.ch\\\/de\\\/#\\\/schema\\\/logo\\\/image\\\/\",\"url\":\"https:\\\/\\\/shop.bantam.ch\\\/wp-content\\\/uploads\\\/2022\\\/12\\\/bantam-logo.png\",\"contentUrl\":\"https:\\\/\\\/shop.bantam.ch\\\/wp-content\\\/uploads\\\/2022\\\/12\\\/bantam-logo.png\",\"width\":320,\"height\":71,\"caption\":\"Bantam Camping AG\"},\"image\":{\"@id\":\"https:\\\/\\\/shop.bantam.ch\\\/de\\\/#\\\/schema\\\/logo\\\/image\\\/\"}}]}<\/script>\n<!-- \/ Yoast SEO plugin. -->","yoast_head_json":{"title":"Stellplatzf\u00fchrer Hinein ins Gr\u00fcne mit dem Wohnmobil Natur- und Nationalparks - Bantam Camping AG","robots":{"index":"index","follow":"follow","max-snippet":"max-snippet:-1","max-image-preview":"max-image-preview:large","max-video-preview":"max-video-preview:-1"},"canonical":"https:\/\/shop.bantam.ch\/de\/produkt\/stellplatzfuehrer-natur-und-nationalparks\/","og_locale":"de_DE","og_type":"article","og_title":"Stellplatzf\u00fchrer Hinein ins Gr\u00fcne mit dem Wohnmobil Natur- und Nationalparks - Bantam Camping AG","og_description":"Hinein ins Gr\u00fcne mit dem Wohnmobil: Rund 150 naturnahe \u00dcbernachtungspl\u00e4tze in Deutschland zum Wandern, Radeln, Drau\u00dfen sein. Egal, ob in der Natur, in der Stadt oder auf dem Land. Mit diesen \u00dcbernachtungspl\u00e4tzen in Deutschland k\u00f6nnen Sie Ihren Campingurlaub ganz individuell planen.","og_url":"https:\/\/shop.bantam.ch\/de\/produkt\/stellplatzfuehrer-natur-und-nationalparks\/","og_site_name":"Bantam Camping AG","article_modified_time":"2026-04-20T19:45:23+00:00","og_image":[{"width":708,"height":1000,"url":"https:\/\/shop.bantam.ch\/wp-content\/uploads\/2023\/02\/995808111.jpg","type":"image\/jpeg"}],"twitter_card":"summary_large_image","schema":{"@context":"https:\/\/schema.org","@graph":[{"@type":"WebPage","@id":"https:\/\/shop.bantam.ch\/de\/produkt\/stellplatzfuehrer-natur-und-nationalparks\/","url":"https:\/\/shop.bantam.ch\/de\/produkt\/stellplatzfuehrer-natur-und-nationalparks\/","name":"Stellplatzf\u00fchrer Hinein ins Gr\u00fcne mit dem Wohnmobil Natur- und Nationalparks - Bantam Camping AG","isPartOf":{"@id":"https:\/\/shop.bantam.ch\/de\/#website"},"primaryImageOfPage":{"@id":"https:\/\/shop.bantam.ch\/de\/produkt\/stellplatzfuehrer-natur-und-nationalparks\/#primaryimage"},"image":{"@id":"https:\/\/shop.bantam.ch\/de\/produkt\/stellplatzfuehrer-natur-und-nationalparks\/#primaryimage"},"thumbnailUrl":"https:\/\/shop.bantam.ch\/wp-content\/uploads\/2023\/02\/995808111.jpg","datePublished":"2023-02-28T20:42:29+00:00","dateModified":"2026-04-20T19:45:23+00:00","breadcrumb":{"@id":"https:\/\/shop.bantam.ch\/de\/produkt\/stellplatzfuehrer-natur-und-nationalparks\/#breadcrumb"},"inLanguage":"de","potentialAction":[{"@type":"ReadAction","target":["https:\/\/shop.bantam.ch\/de\/produkt\/stellplatzfuehrer-natur-und-nationalparks\/"]}]},{"@type":"ImageObject","inLanguage":"de","@id":"https:\/\/shop.bantam.ch\/de\/produkt\/stellplatzfuehrer-natur-und-nationalparks\/#primaryimage","url":"https:\/\/shop.bantam.ch\/wp-content\/uploads\/2023\/02\/995808111.jpg","contentUrl":"https:\/\/shop.bantam.ch\/wp-content\/uploads\/2023\/02\/995808111.jpg","width":708,"height":1000},{"@type":"BreadcrumbList","@id":"https:\/\/shop.bantam.ch\/de\/produkt\/stellplatzfuehrer-natur-und-nationalparks\/#breadcrumb","itemListElement":[{"@type":"ListItem","position":1,"name":"Accueil","item":"https:\/\/shop.bantam.ch\/de\/"},{"@type":"ListItem","position":2,"name":"Shop","item":"https:\/\/shop.bantam.ch\/de\/shop\/"},{"@type":"ListItem","position":3,"name":"Stellplatzf\u00fchrer Hinein ins Gr\u00fcne mit dem Wohnmobil Natur- und Nationalparks"}]},{"@type":"WebSite","@id":"https:\/\/shop.bantam.ch\/de\/#website","url":"https:\/\/shop.bantam.ch\/de\/","name":"Bantam Camping AG","description":"","publisher":{"@id":"https:\/\/shop.bantam.ch\/de\/#organization"},"inLanguage":"de"},{"@type":"Organization","@id":"https:\/\/shop.bantam.ch\/de\/#organization","name":"Bantam Camping AG","url":"https:\/\/shop.bantam.ch\/de\/","logo":{"@type":"ImageObject","inLanguage":"de","@id":"https:\/\/shop.bantam.ch\/de\/#\/schema\/logo\/image\/","url":"https:\/\/shop.bantam.ch\/wp-content\/uploads\/2022\/12\/bantam-logo.png","contentUrl":"https:\/\/shop.bantam.ch\/wp-content\/uploads\/2022\/12\/bantam-logo.png","width":320,"height":71,"caption":"Bantam Camping AG"},"image":{"@id":"https:\/\/shop.bantam.ch\/de\/#\/schema\/logo\/image\/"}}]}},"_links":{"self":[{"href":"https:\/\/shop.bantam.ch\/de\/wp-json\/wp\/v2\/product\/114656","targetHints":{"allow":["GET"]}}],"collection":[{"href":"https:\/\/shop.bantam.ch\/de\/wp-json\/wp\/v2\/product"}],"about":[{"href":"https:\/\/shop.bantam.ch\/de\/wp-json\/wp\/v2\/types\/product"}],"wp:featuredmedia":[{"embeddable":true,"href":"https:\/\/shop.bantam.ch\/de\/wp-json\/wp\/v2\/media\/114654"}],"wp:attachment":[{"href":"https:\/\/shop.bantam.ch\/de\/wp-json\/wp\/v2\/media?parent=114656"}],"wp:term":[{"taxonomy":"product_featured_cat","embeddable":true,"href":"https:\/\/shop.bantam.ch\/de\/wp-json\/wp\/v2\/product_featured_cat?post=114656"},{"taxonomy":"product_brand","embeddable":true,"href":"https:\/\/shop.bantam.ch\/de\/wp-json\/wp\/v2\/product_brand?post=114656"},{"taxonomy":"product_cat","embeddable":true,"href":"https:\/\/shop.bantam.ch\/de\/wp-json\/wp\/v2\/product_cat?post=114656"},{"taxonomy":"product_tag","embeddable":true,"href":"https:\/\/shop.bantam.ch\/de\/wp-json\/wp\/v2\/product_tag?post=114656"}],"curies":[{"name":"wp","href":"https:\/\/api.w.org\/{rel}","templated":true}]}}