{"id":114636,"date":"2023-02-28T21:41:55","date_gmt":"2023-02-28T20:41:55","guid":{"rendered":"https:\/\/shop.bantam.ch\/produit\/kochmulde-topline-981-gas-und-induktion\/"},"modified":"2026-04-23T21:43:53","modified_gmt":"2026-04-23T19:43:53","slug":"kochmulde-topline-981-gas-und-induktion","status":"publish","type":"product","link":"https:\/\/shop.bantam.ch\/de\/produkt\/kochmulde-topline-981-gas-und-induktion\/","title":{"rendered":"Kochmulde THETFORD Topline 981 Gas und Induktion"},"content":{"rendered":"<p>Die Top Line Serie 981 ist ein wahrer &#8222;Hybrid&#8220;, eine einzigartige Kombination aus Gas- und Induktionskochfeld mit \u00e4u\u00dferst kompakter Gr\u00f6\u00dfe, der perfekt in Ihre K\u00fcche passt. Aus hochwertigem Glas von Schott Ceran gefertigt. Neu f\u00fcr das Jahr 2022 ist eine rechtsseitige Version, bei der sich die Induktionszone auf der rechten Seite des Kochfeldes befindet.<\/p>\n<ul>\n<li>Einbauma\u00dfe (B x T): 48 x 36 cm<\/li>\n<li>Au\u00dfenma\u00dfe (B x T): 50 x 38 cm\u00a0<\/li>\n<li>Einbautiefe:10 cm<\/li>\n<li>Leistung (kW):\u00a01 x 1,0 \/ 1 x 1,5\u00a0 und 1 x Induktion 1,4<\/li>\n<li>Elektronische Z\u00fcndung: ja<\/li>\n<li>Strom- \/ Gasverbrauch: 230 V \/ 7 A<\/li>\n<\/ul>\n","protected":false},"excerpt":{"rendered":"<p>Die Top Line Serie 981 ist ein wahrer &#8222;Hybrid&#8220;, eine einzigartige Kombination aus Gas- und Induktionskochfeld mit \u00e4u\u00dferst kompakter Gr\u00f6\u00dfe, der perfekt in Ihre K\u00fcche passt. Aus hochwertigem Glas von Schott Ceran gefertigt. Neu f\u00fcr das Jahr 2022 ist eine rechtsseitige Version, bei der sich die Induktionszone auf der rechten Seite des Kochfeldes befindet. Einbauma\u00dfe [&hellip;]<\/p>\n","protected":false},"featured_media":114634,"template":"","meta":{"_acf_changed":false},"product_featured_cat":[],"product_brand":[3067],"product_cat":[4312],"product_tag":[],"class_list":{"0":"post-114636","1":"product","2":"type-product","3":"status-publish","4":"has-post-thumbnail","6":"product_brand-thetford-de","7":"product_cat-gaskochfelder","9":"first","10":"instock","11":"taxable","12":"shipping-taxable","13":"purchasable","14":"product-type-simple"},"acf":[],"yoast_head":"<!-- This site is optimized with the Yoast SEO plugin v27.4 - https:\/\/yoast.com\/product\/yoast-seo-wordpress\/ -->\n<title>Kochmulde THETFORD Topline 981 Gas und Induktion - Bantam Camping AG<\/title>\n<meta name=\"robots\" content=\"index, follow, max-snippet:-1, max-image-preview:large, max-video-preview:-1\" \/>\n<link rel=\"canonical\" href=\"https:\/\/shop.bantam.ch\/de\/produkt\/kochmulde-topline-981-gas-und-induktion\/\" \/>\n<meta property=\"og:locale\" content=\"de_DE\" \/>\n<meta property=\"og:type\" content=\"article\" \/>\n<meta property=\"og:title\" content=\"Kochmulde THETFORD Topline 981 Gas und Induktion - Bantam Camping AG\" \/>\n<meta property=\"og:description\" content=\"Die Top Line Serie 981 ist ein wahrer &#8222;Hybrid&#8220;, eine einzigartige Kombination aus Gas- und Induktionskochfeld mit \u00e4u\u00dferst kompakter Gr\u00f6\u00dfe, der perfekt in Ihre K\u00fcche passt. Aus hochwertigem Glas von Schott Ceran gefertigt. Neu f\u00fcr das Jahr 2022 ist eine rechtsseitige Version, bei der sich die Induktionszone auf der rechten Seite des Kochfeldes befindet. Einbauma\u00dfe [&hellip;]\" \/>\n<meta property=\"og:url\" content=\"https:\/\/shop.bantam.ch\/de\/produkt\/kochmulde-topline-981-gas-und-induktion\/\" \/>\n<meta property=\"og:site_name\" content=\"Bantam Camping AG\" \/>\n<meta property=\"article:modified_time\" content=\"2026-04-23T19:43:53+00:00\" \/>\n<meta property=\"og:image\" content=\"https:\/\/shop.bantam.ch\/wp-content\/uploads\/2023\/02\/996117211.jpg\" \/>\n\t<meta property=\"og:image:width\" content=\"1000\" \/>\n\t<meta property=\"og:image:height\" content=\"669\" \/>\n\t<meta property=\"og:image:type\" content=\"image\/jpeg\" \/>\n<meta name=\"twitter:card\" content=\"summary_large_image\" \/>\n<script type=\"application\/ld+json\" class=\"yoast-schema-graph\">{\"@context\":\"https:\\\/\\\/schema.org\",\"@graph\":[{\"@type\":\"WebPage\",\"@id\":\"https:\\\/\\\/shop.bantam.ch\\\/de\\\/produkt\\\/kochmulde-topline-981-gas-und-induktion\\\/\",\"url\":\"https:\\\/\\\/shop.bantam.ch\\\/de\\\/produkt\\\/kochmulde-topline-981-gas-und-induktion\\\/\",\"name\":\"Kochmulde THETFORD Topline 981 Gas und Induktion - Bantam Camping AG\",\"isPartOf\":{\"@id\":\"https:\\\/\\\/shop.bantam.ch\\\/de\\\/#website\"},\"primaryImageOfPage\":{\"@id\":\"https:\\\/\\\/shop.bantam.ch\\\/de\\\/produkt\\\/kochmulde-topline-981-gas-und-induktion\\\/#primaryimage\"},\"image\":{\"@id\":\"https:\\\/\\\/shop.bantam.ch\\\/de\\\/produkt\\\/kochmulde-topline-981-gas-und-induktion\\\/#primaryimage\"},\"thumbnailUrl\":\"https:\\\/\\\/shop.bantam.ch\\\/wp-content\\\/uploads\\\/2023\\\/02\\\/996117211.jpg\",\"datePublished\":\"2023-02-28T20:41:55+00:00\",\"dateModified\":\"2026-04-23T19:43:53+00:00\",\"breadcrumb\":{\"@id\":\"https:\\\/\\\/shop.bantam.ch\\\/de\\\/produkt\\\/kochmulde-topline-981-gas-und-induktion\\\/#breadcrumb\"},\"inLanguage\":\"de\",\"potentialAction\":[{\"@type\":\"ReadAction\",\"target\":[\"https:\\\/\\\/shop.bantam.ch\\\/de\\\/produkt\\\/kochmulde-topline-981-gas-und-induktion\\\/\"]}]},{\"@type\":\"ImageObject\",\"inLanguage\":\"de\",\"@id\":\"https:\\\/\\\/shop.bantam.ch\\\/de\\\/produkt\\\/kochmulde-topline-981-gas-und-induktion\\\/#primaryimage\",\"url\":\"https:\\\/\\\/shop.bantam.ch\\\/wp-content\\\/uploads\\\/2023\\\/02\\\/996117211.jpg\",\"contentUrl\":\"https:\\\/\\\/shop.bantam.ch\\\/wp-content\\\/uploads\\\/2023\\\/02\\\/996117211.jpg\",\"width\":1000,\"height\":669},{\"@type\":\"BreadcrumbList\",\"@id\":\"https:\\\/\\\/shop.bantam.ch\\\/de\\\/produkt\\\/kochmulde-topline-981-gas-und-induktion\\\/#breadcrumb\",\"itemListElement\":[{\"@type\":\"ListItem\",\"position\":1,\"name\":\"Accueil\",\"item\":\"https:\\\/\\\/shop.bantam.ch\\\/de\\\/\"},{\"@type\":\"ListItem\",\"position\":2,\"name\":\"Shop\",\"item\":\"https:\\\/\\\/shop.bantam.ch\\\/de\\\/shop\\\/\"},{\"@type\":\"ListItem\",\"position\":3,\"name\":\"Kochmulde THETFORD Topline 981 Gas und Induktion\"}]},{\"@type\":\"WebSite\",\"@id\":\"https:\\\/\\\/shop.bantam.ch\\\/de\\\/#website\",\"url\":\"https:\\\/\\\/shop.bantam.ch\\\/de\\\/\",\"name\":\"Bantam Camping AG\",\"description\":\"\",\"publisher\":{\"@id\":\"https:\\\/\\\/shop.bantam.ch\\\/de\\\/#organization\"},\"inLanguage\":\"de\"},{\"@type\":\"Organization\",\"@id\":\"https:\\\/\\\/shop.bantam.ch\\\/de\\\/#organization\",\"name\":\"Bantam Camping AG\",\"url\":\"https:\\\/\\\/shop.bantam.ch\\\/de\\\/\",\"logo\":{\"@type\":\"ImageObject\",\"inLanguage\":\"de\",\"@id\":\"https:\\\/\\\/shop.bantam.ch\\\/de\\\/#\\\/schema\\\/logo\\\/image\\\/\",\"url\":\"https:\\\/\\\/shop.bantam.ch\\\/wp-content\\\/uploads\\\/2022\\\/12\\\/bantam-logo.png\",\"contentUrl\":\"https:\\\/\\\/shop.bantam.ch\\\/wp-content\\\/uploads\\\/2022\\\/12\\\/bantam-logo.png\",\"width\":320,\"height\":71,\"caption\":\"Bantam Camping AG\"},\"image\":{\"@id\":\"https:\\\/\\\/shop.bantam.ch\\\/de\\\/#\\\/schema\\\/logo\\\/image\\\/\"}}]}<\/script>\n<!-- \/ Yoast SEO plugin. -->","yoast_head_json":{"title":"Kochmulde THETFORD Topline 981 Gas und Induktion - Bantam Camping AG","robots":{"index":"index","follow":"follow","max-snippet":"max-snippet:-1","max-image-preview":"max-image-preview:large","max-video-preview":"max-video-preview:-1"},"canonical":"https:\/\/shop.bantam.ch\/de\/produkt\/kochmulde-topline-981-gas-und-induktion\/","og_locale":"de_DE","og_type":"article","og_title":"Kochmulde THETFORD Topline 981 Gas und Induktion - Bantam Camping AG","og_description":"Die Top Line Serie 981 ist ein wahrer &#8222;Hybrid&#8220;, eine einzigartige Kombination aus Gas- und Induktionskochfeld mit \u00e4u\u00dferst kompakter Gr\u00f6\u00dfe, der perfekt in Ihre K\u00fcche passt. Aus hochwertigem Glas von Schott Ceran gefertigt. Neu f\u00fcr das Jahr 2022 ist eine rechtsseitige Version, bei der sich die Induktionszone auf der rechten Seite des Kochfeldes befindet. Einbauma\u00dfe [&hellip;]","og_url":"https:\/\/shop.bantam.ch\/de\/produkt\/kochmulde-topline-981-gas-und-induktion\/","og_site_name":"Bantam Camping AG","article_modified_time":"2026-04-23T19:43:53+00:00","og_image":[{"width":1000,"height":669,"url":"https:\/\/shop.bantam.ch\/wp-content\/uploads\/2023\/02\/996117211.jpg","type":"image\/jpeg"}],"twitter_card":"summary_large_image","schema":{"@context":"https:\/\/schema.org","@graph":[{"@type":"WebPage","@id":"https:\/\/shop.bantam.ch\/de\/produkt\/kochmulde-topline-981-gas-und-induktion\/","url":"https:\/\/shop.bantam.ch\/de\/produkt\/kochmulde-topline-981-gas-und-induktion\/","name":"Kochmulde THETFORD Topline 981 Gas und Induktion - Bantam Camping AG","isPartOf":{"@id":"https:\/\/shop.bantam.ch\/de\/#website"},"primaryImageOfPage":{"@id":"https:\/\/shop.bantam.ch\/de\/produkt\/kochmulde-topline-981-gas-und-induktion\/#primaryimage"},"image":{"@id":"https:\/\/shop.bantam.ch\/de\/produkt\/kochmulde-topline-981-gas-und-induktion\/#primaryimage"},"thumbnailUrl":"https:\/\/shop.bantam.ch\/wp-content\/uploads\/2023\/02\/996117211.jpg","datePublished":"2023-02-28T20:41:55+00:00","dateModified":"2026-04-23T19:43:53+00:00","breadcrumb":{"@id":"https:\/\/shop.bantam.ch\/de\/produkt\/kochmulde-topline-981-gas-und-induktion\/#breadcrumb"},"inLanguage":"de","potentialAction":[{"@type":"ReadAction","target":["https:\/\/shop.bantam.ch\/de\/produkt\/kochmulde-topline-981-gas-und-induktion\/"]}]},{"@type":"ImageObject","inLanguage":"de","@id":"https:\/\/shop.bantam.ch\/de\/produkt\/kochmulde-topline-981-gas-und-induktion\/#primaryimage","url":"https:\/\/shop.bantam.ch\/wp-content\/uploads\/2023\/02\/996117211.jpg","contentUrl":"https:\/\/shop.bantam.ch\/wp-content\/uploads\/2023\/02\/996117211.jpg","width":1000,"height":669},{"@type":"BreadcrumbList","@id":"https:\/\/shop.bantam.ch\/de\/produkt\/kochmulde-topline-981-gas-und-induktion\/#breadcrumb","itemListElement":[{"@type":"ListItem","position":1,"name":"Accueil","item":"https:\/\/shop.bantam.ch\/de\/"},{"@type":"ListItem","position":2,"name":"Shop","item":"https:\/\/shop.bantam.ch\/de\/shop\/"},{"@type":"ListItem","position":3,"name":"Kochmulde THETFORD Topline 981 Gas und Induktion"}]},{"@type":"WebSite","@id":"https:\/\/shop.bantam.ch\/de\/#website","url":"https:\/\/shop.bantam.ch\/de\/","name":"Bantam Camping AG","description":"","publisher":{"@id":"https:\/\/shop.bantam.ch\/de\/#organization"},"inLanguage":"de"},{"@type":"Organization","@id":"https:\/\/shop.bantam.ch\/de\/#organization","name":"Bantam Camping AG","url":"https:\/\/shop.bantam.ch\/de\/","logo":{"@type":"ImageObject","inLanguage":"de","@id":"https:\/\/shop.bantam.ch\/de\/#\/schema\/logo\/image\/","url":"https:\/\/shop.bantam.ch\/wp-content\/uploads\/2022\/12\/bantam-logo.png","contentUrl":"https:\/\/shop.bantam.ch\/wp-content\/uploads\/2022\/12\/bantam-logo.png","width":320,"height":71,"caption":"Bantam Camping AG"},"image":{"@id":"https:\/\/shop.bantam.ch\/de\/#\/schema\/logo\/image\/"}}]}},"_links":{"self":[{"href":"https:\/\/shop.bantam.ch\/de\/wp-json\/wp\/v2\/product\/114636","targetHints":{"allow":["GET"]}}],"collection":[{"href":"https:\/\/shop.bantam.ch\/de\/wp-json\/wp\/v2\/product"}],"about":[{"href":"https:\/\/shop.bantam.ch\/de\/wp-json\/wp\/v2\/types\/product"}],"wp:featuredmedia":[{"embeddable":true,"href":"https:\/\/shop.bantam.ch\/de\/wp-json\/wp\/v2\/media\/114634"}],"wp:attachment":[{"href":"https:\/\/shop.bantam.ch\/de\/wp-json\/wp\/v2\/media?parent=114636"}],"wp:term":[{"taxonomy":"product_featured_cat","embeddable":true,"href":"https:\/\/shop.bantam.ch\/de\/wp-json\/wp\/v2\/product_featured_cat?post=114636"},{"taxonomy":"product_brand","embeddable":true,"href":"https:\/\/shop.bantam.ch\/de\/wp-json\/wp\/v2\/product_brand?post=114636"},{"taxonomy":"product_cat","embeddable":true,"href":"https:\/\/shop.bantam.ch\/de\/wp-json\/wp\/v2\/product_cat?post=114636"},{"taxonomy":"product_tag","embeddable":true,"href":"https:\/\/shop.bantam.ch\/de\/wp-json\/wp\/v2\/product_tag?post=114636"}],"curies":[{"name":"wp","href":"https:\/\/api.w.org\/{rel}","templated":true}]}}