{"id":114626,"date":"2023-02-28T21:41:36","date_gmt":"2023-02-28T20:41:36","guid":{"rendered":"https:\/\/shop.bantam.ch\/produit\/backofen-k1520\/"},"modified":"2026-05-01T21:42:46","modified_gmt":"2026-05-01T19:42:46","slug":"backofen-k1520","status":"publish","type":"product","link":"https:\/\/shop.bantam.ch\/de\/produkt\/backofen-k1520\/","title":{"rendered":"Backofen THETFORD K1520"},"content":{"rendered":"<p>Das neue Design verleiht dem Kocher K1520 einen gro\u00dfen Grill, einen l\u00fcfterunterst\u00fctzten Ofen und vieles mehr! Der K1520 bringt das Kochen beim Campen auf ein neues Niveau. Leicht, schnell, gro\u00df und k\u00f6stlich. Weniger Gewicht, verbesserte Qualit\u00e4t.<\/p>\n<ul>\n<li>Hochwertige Materialien und Komponenten<\/li>\n<li>Modernes, haushalts\u00e4hnliches Design<\/li>\n<li>Optimale Raumnutzung<\/li>\n<li>Herausragende Kochleistung<\/li>\n<\/ul>\n<ul>\n<li>Grillvolumen: 15 l<\/li>\n<li>Ofenvolumen: 34 l<\/li>\n<li>Gesamtw\u00e4rmezufuh: 7,79 kW<\/li>\n<li>Grillbrenner: 1,6 kW<\/li>\n<li>Ofenbrenner: 1,76 k W<\/li>\n<li>Gasbrenner: 1 x 950 W \/ 2 x 1,72 kW<\/li>\n<li>Gesamtvolumen 49 l<\/li>\n<li>Einbauma\u00df: 49,6 x 64,6 x 49,3 cm (B x H x T)<\/li>\n<li>Ma\u00dfe: 51,5 x 64,5 x 50,1 cm (B x H x T)<\/li>\n<li>Maximale Eingangsmenge Gas: 685 g\/h<\/li>\n<\/ul>\n","protected":false},"excerpt":{"rendered":"<p>Das neue Design verleiht dem Kocher K1520 einen gro\u00dfen Grill, einen l\u00fcfterunterst\u00fctzten Ofen und vieles mehr! Der K1520 bringt das Kochen beim Campen auf ein neues Niveau. Leicht, schnell, gro\u00df und k\u00f6stlich. Weniger Gewicht, verbesserte Qualit\u00e4t. Hochwertige Materialien und Komponenten Modernes, haushalts\u00e4hnliches Design Optimale Raumnutzung Herausragende Kochleistung Grillvolumen: 15 l Ofenvolumen: 34 l Gesamtw\u00e4rmezufuh: 7,79 [&hellip;]<\/p>\n","protected":false},"featured_media":114624,"template":"","meta":{"_acf_changed":false},"product_featured_cat":[],"product_brand":[3067],"product_cat":[3996],"product_tag":[],"class_list":{"0":"post-114626","1":"product","2":"type-product","3":"status-publish","4":"has-post-thumbnail","6":"product_brand-thetford-de","7":"product_cat-backoefen-gasherde","9":"first","10":"instock","11":"taxable","12":"shipping-taxable","13":"purchasable","14":"product-type-simple"},"acf":[],"yoast_head":"<!-- This site is optimized with the Yoast SEO plugin v27.5 - https:\/\/yoast.com\/product\/yoast-seo-wordpress\/ -->\n<title>Backofen THETFORD K1520 - Bantam<\/title>\n<meta name=\"robots\" content=\"index, follow, max-snippet:-1, max-image-preview:large, max-video-preview:-1\" \/>\n<link rel=\"canonical\" href=\"https:\/\/shop.bantam.ch\/de\/produkt\/backofen-k1520\/\" \/>\n<meta property=\"og:locale\" content=\"de_DE\" \/>\n<meta property=\"og:type\" content=\"article\" \/>\n<meta property=\"og:title\" content=\"Backofen THETFORD K1520 - Bantam\" \/>\n<meta property=\"og:description\" content=\"Das neue Design verleiht dem Kocher K1520 einen gro\u00dfen Grill, einen l\u00fcfterunterst\u00fctzten Ofen und vieles mehr! Der K1520 bringt das Kochen beim Campen auf ein neues Niveau. Leicht, schnell, gro\u00df und k\u00f6stlich. Weniger Gewicht, verbesserte Qualit\u00e4t. Hochwertige Materialien und Komponenten Modernes, haushalts\u00e4hnliches Design Optimale Raumnutzung Herausragende Kochleistung Grillvolumen: 15 l Ofenvolumen: 34 l Gesamtw\u00e4rmezufuh: 7,79 [&hellip;]\" \/>\n<meta property=\"og:url\" content=\"https:\/\/shop.bantam.ch\/de\/produkt\/backofen-k1520\/\" \/>\n<meta property=\"og:site_name\" content=\"Bantam\" \/>\n<meta property=\"article:modified_time\" content=\"2026-05-01T19:42:46+00:00\" \/>\n<meta property=\"og:image\" content=\"https:\/\/shop.bantam.ch\/wp-content\/uploads\/2023\/02\/996117111.jpg\" \/>\n\t<meta property=\"og:image:width\" content=\"1240\" \/>\n\t<meta property=\"og:image:height\" content=\"1754\" \/>\n\t<meta property=\"og:image:type\" content=\"image\/jpeg\" \/>\n<meta name=\"twitter:card\" content=\"summary_large_image\" \/>\n<script type=\"application\/ld+json\" class=\"yoast-schema-graph\">{\"@context\":\"https:\\\/\\\/schema.org\",\"@graph\":[{\"@type\":\"WebPage\",\"@id\":\"https:\\\/\\\/shop.bantam.ch\\\/de\\\/produkt\\\/backofen-k1520\\\/\",\"url\":\"https:\\\/\\\/shop.bantam.ch\\\/de\\\/produkt\\\/backofen-k1520\\\/\",\"name\":\"Backofen THETFORD K1520 - Bantam\",\"isPartOf\":{\"@id\":\"https:\\\/\\\/shop.bantam.ch\\\/de\\\/#website\"},\"primaryImageOfPage\":{\"@id\":\"https:\\\/\\\/shop.bantam.ch\\\/de\\\/produkt\\\/backofen-k1520\\\/#primaryimage\"},\"image\":{\"@id\":\"https:\\\/\\\/shop.bantam.ch\\\/de\\\/produkt\\\/backofen-k1520\\\/#primaryimage\"},\"thumbnailUrl\":\"https:\\\/\\\/shop.bantam.ch\\\/wp-content\\\/uploads\\\/2023\\\/02\\\/996117111.jpg\",\"datePublished\":\"2023-02-28T20:41:36+00:00\",\"dateModified\":\"2026-05-01T19:42:46+00:00\",\"breadcrumb\":{\"@id\":\"https:\\\/\\\/shop.bantam.ch\\\/de\\\/produkt\\\/backofen-k1520\\\/#breadcrumb\"},\"inLanguage\":\"de\",\"potentialAction\":[{\"@type\":\"ReadAction\",\"target\":[\"https:\\\/\\\/shop.bantam.ch\\\/de\\\/produkt\\\/backofen-k1520\\\/\"]}]},{\"@type\":\"ImageObject\",\"inLanguage\":\"de\",\"@id\":\"https:\\\/\\\/shop.bantam.ch\\\/de\\\/produkt\\\/backofen-k1520\\\/#primaryimage\",\"url\":\"https:\\\/\\\/shop.bantam.ch\\\/wp-content\\\/uploads\\\/2023\\\/02\\\/996117111.jpg\",\"contentUrl\":\"https:\\\/\\\/shop.bantam.ch\\\/wp-content\\\/uploads\\\/2023\\\/02\\\/996117111.jpg\",\"width\":1240,\"height\":1754},{\"@type\":\"BreadcrumbList\",\"@id\":\"https:\\\/\\\/shop.bantam.ch\\\/de\\\/produkt\\\/backofen-k1520\\\/#breadcrumb\",\"itemListElement\":[{\"@type\":\"ListItem\",\"position\":1,\"name\":\"Accueil\",\"item\":\"https:\\\/\\\/shop.bantam.ch\\\/de\\\/\"},{\"@type\":\"ListItem\",\"position\":2,\"name\":\"Shop\",\"item\":\"https:\\\/\\\/shop.bantam.ch\\\/de\\\/shop\\\/\"},{\"@type\":\"ListItem\",\"position\":3,\"name\":\"Backofen THETFORD K1520\"}]},{\"@type\":\"WebSite\",\"@id\":\"https:\\\/\\\/shop.bantam.ch\\\/de\\\/#website\",\"url\":\"https:\\\/\\\/shop.bantam.ch\\\/de\\\/\",\"name\":\"Bantam\",\"description\":\"\",\"publisher\":{\"@id\":\"https:\\\/\\\/shop.bantam.ch\\\/de\\\/#organization\"},\"inLanguage\":\"de\"},{\"@type\":\"Organization\",\"@id\":\"https:\\\/\\\/shop.bantam.ch\\\/de\\\/#organization\",\"name\":\"Bantam\",\"url\":\"https:\\\/\\\/shop.bantam.ch\\\/de\\\/\",\"logo\":{\"@type\":\"ImageObject\",\"inLanguage\":\"de\",\"@id\":\"https:\\\/\\\/shop.bantam.ch\\\/de\\\/#\\\/schema\\\/logo\\\/image\\\/\",\"url\":\"https:\\\/\\\/shop.bantam.ch\\\/wp-content\\\/uploads\\\/2022\\\/12\\\/bantam-logo.png\",\"contentUrl\":\"https:\\\/\\\/shop.bantam.ch\\\/wp-content\\\/uploads\\\/2022\\\/12\\\/bantam-logo.png\",\"width\":320,\"height\":71,\"caption\":\"Bantam\"},\"image\":{\"@id\":\"https:\\\/\\\/shop.bantam.ch\\\/de\\\/#\\\/schema\\\/logo\\\/image\\\/\"}}]}<\/script>\n<!-- \/ Yoast SEO plugin. -->","yoast_head_json":{"title":"Backofen THETFORD K1520 - Bantam","robots":{"index":"index","follow":"follow","max-snippet":"max-snippet:-1","max-image-preview":"max-image-preview:large","max-video-preview":"max-video-preview:-1"},"canonical":"https:\/\/shop.bantam.ch\/de\/produkt\/backofen-k1520\/","og_locale":"de_DE","og_type":"article","og_title":"Backofen THETFORD K1520 - Bantam","og_description":"Das neue Design verleiht dem Kocher K1520 einen gro\u00dfen Grill, einen l\u00fcfterunterst\u00fctzten Ofen und vieles mehr! Der K1520 bringt das Kochen beim Campen auf ein neues Niveau. Leicht, schnell, gro\u00df und k\u00f6stlich. Weniger Gewicht, verbesserte Qualit\u00e4t. Hochwertige Materialien und Komponenten Modernes, haushalts\u00e4hnliches Design Optimale Raumnutzung Herausragende Kochleistung Grillvolumen: 15 l Ofenvolumen: 34 l Gesamtw\u00e4rmezufuh: 7,79 [&hellip;]","og_url":"https:\/\/shop.bantam.ch\/de\/produkt\/backofen-k1520\/","og_site_name":"Bantam","article_modified_time":"2026-05-01T19:42:46+00:00","og_image":[{"width":1240,"height":1754,"url":"https:\/\/shop.bantam.ch\/wp-content\/uploads\/2023\/02\/996117111.jpg","type":"image\/jpeg"}],"twitter_card":"summary_large_image","schema":{"@context":"https:\/\/schema.org","@graph":[{"@type":"WebPage","@id":"https:\/\/shop.bantam.ch\/de\/produkt\/backofen-k1520\/","url":"https:\/\/shop.bantam.ch\/de\/produkt\/backofen-k1520\/","name":"Backofen THETFORD K1520 - Bantam","isPartOf":{"@id":"https:\/\/shop.bantam.ch\/de\/#website"},"primaryImageOfPage":{"@id":"https:\/\/shop.bantam.ch\/de\/produkt\/backofen-k1520\/#primaryimage"},"image":{"@id":"https:\/\/shop.bantam.ch\/de\/produkt\/backofen-k1520\/#primaryimage"},"thumbnailUrl":"https:\/\/shop.bantam.ch\/wp-content\/uploads\/2023\/02\/996117111.jpg","datePublished":"2023-02-28T20:41:36+00:00","dateModified":"2026-05-01T19:42:46+00:00","breadcrumb":{"@id":"https:\/\/shop.bantam.ch\/de\/produkt\/backofen-k1520\/#breadcrumb"},"inLanguage":"de","potentialAction":[{"@type":"ReadAction","target":["https:\/\/shop.bantam.ch\/de\/produkt\/backofen-k1520\/"]}]},{"@type":"ImageObject","inLanguage":"de","@id":"https:\/\/shop.bantam.ch\/de\/produkt\/backofen-k1520\/#primaryimage","url":"https:\/\/shop.bantam.ch\/wp-content\/uploads\/2023\/02\/996117111.jpg","contentUrl":"https:\/\/shop.bantam.ch\/wp-content\/uploads\/2023\/02\/996117111.jpg","width":1240,"height":1754},{"@type":"BreadcrumbList","@id":"https:\/\/shop.bantam.ch\/de\/produkt\/backofen-k1520\/#breadcrumb","itemListElement":[{"@type":"ListItem","position":1,"name":"Accueil","item":"https:\/\/shop.bantam.ch\/de\/"},{"@type":"ListItem","position":2,"name":"Shop","item":"https:\/\/shop.bantam.ch\/de\/shop\/"},{"@type":"ListItem","position":3,"name":"Backofen THETFORD K1520"}]},{"@type":"WebSite","@id":"https:\/\/shop.bantam.ch\/de\/#website","url":"https:\/\/shop.bantam.ch\/de\/","name":"Bantam","description":"","publisher":{"@id":"https:\/\/shop.bantam.ch\/de\/#organization"},"inLanguage":"de"},{"@type":"Organization","@id":"https:\/\/shop.bantam.ch\/de\/#organization","name":"Bantam","url":"https:\/\/shop.bantam.ch\/de\/","logo":{"@type":"ImageObject","inLanguage":"de","@id":"https:\/\/shop.bantam.ch\/de\/#\/schema\/logo\/image\/","url":"https:\/\/shop.bantam.ch\/wp-content\/uploads\/2022\/12\/bantam-logo.png","contentUrl":"https:\/\/shop.bantam.ch\/wp-content\/uploads\/2022\/12\/bantam-logo.png","width":320,"height":71,"caption":"Bantam"},"image":{"@id":"https:\/\/shop.bantam.ch\/de\/#\/schema\/logo\/image\/"}}]}},"_links":{"self":[{"href":"https:\/\/shop.bantam.ch\/de\/wp-json\/wp\/v2\/product\/114626","targetHints":{"allow":["GET"]}}],"collection":[{"href":"https:\/\/shop.bantam.ch\/de\/wp-json\/wp\/v2\/product"}],"about":[{"href":"https:\/\/shop.bantam.ch\/de\/wp-json\/wp\/v2\/types\/product"}],"wp:featuredmedia":[{"embeddable":true,"href":"https:\/\/shop.bantam.ch\/de\/wp-json\/wp\/v2\/media\/114624"}],"wp:attachment":[{"href":"https:\/\/shop.bantam.ch\/de\/wp-json\/wp\/v2\/media?parent=114626"}],"wp:term":[{"taxonomy":"product_featured_cat","embeddable":true,"href":"https:\/\/shop.bantam.ch\/de\/wp-json\/wp\/v2\/product_featured_cat?post=114626"},{"taxonomy":"product_brand","embeddable":true,"href":"https:\/\/shop.bantam.ch\/de\/wp-json\/wp\/v2\/product_brand?post=114626"},{"taxonomy":"product_cat","embeddable":true,"href":"https:\/\/shop.bantam.ch\/de\/wp-json\/wp\/v2\/product_cat?post=114626"},{"taxonomy":"product_tag","embeddable":true,"href":"https:\/\/shop.bantam.ch\/de\/wp-json\/wp\/v2\/product_tag?post=114626"}],"curies":[{"name":"wp","href":"https:\/\/api.w.org\/{rel}","templated":true}]}}