{"id":114158,"date":"2023-02-28T21:34:21","date_gmt":"2023-02-28T20:34:21","guid":{"rendered":"https:\/\/shop.bantam.ch\/produit\/geschirrset-tuscany-all-inclusive-vip-40-tlg-creme-blau\/"},"modified":"2026-04-18T21:44:25","modified_gmt":"2026-04-18T19:44:25","slug":"geschirrset-tuscany-all-inclusive-vip-40-tlg-creme-blau","status":"publish","type":"product","link":"https:\/\/shop.bantam.ch\/de\/produkt\/geschirrset-tuscany-all-inclusive-vip-40-tlg-creme-blau\/","title":{"rendered":"Geschirrset Melamin BRUNNER Tuscany All inclusive VIP 40-tlg. Farbe creme \/ blau"},"content":{"rendered":"<p>Neu entwickeltes Melamin\/Mineralgemisch mit hervorragenden funktionellen Eigenschaften:<\/p>\n<p>&#8211; Harte Oberfl\u00e4che<br \/>&#8211; Dimensionsstabil<br \/>&#8211; Gl\u00e4nzt wie Porzellan<br \/>&#8211; Porzellan-Touch<br \/>&#8211; Lebensmittelecht<br \/>&#8211; Hygiensch, leicht zu reinigen<br \/>&#8211; Geschmacks- und geruchsneutral<br \/>&#8211; Bruchfest<br \/>&#8211; Langlebig<\/p>\n<p>40-teiliges Set bestehend aus:<\/p>\n<ul>\n<li>4 x Essteller, \u00d8 26 cm<\/li>\n<li>4 x Suppenteller, \u00d8 21 cm<\/li>\n<li>4 x Dessertteller, \u00d8 21 cm<\/li>\n<li>4 x M\u00fcslischalden, \u00d8 15 cm<\/li>\n<li>4 x Henkelbecher, 300 ml<\/li>\n<li>4 x Trinkglas, 200 ml<\/li>\n<li>16-tlg. Besteckset<\/li>\n<li>1 x Transportbox<\/li>\n<\/ul>\n","protected":false},"excerpt":{"rendered":"<p>Neu entwickeltes Melamin\/Mineralgemisch mit hervorragenden funktionellen Eigenschaften: &#8211; Harte Oberfl\u00e4che&#8211; Dimensionsstabil&#8211; Gl\u00e4nzt wie Porzellan&#8211; Porzellan-Touch&#8211; Lebensmittelecht&#8211; Hygiensch, leicht zu reinigen&#8211; Geschmacks- und geruchsneutral&#8211; Bruchfest&#8211; Langlebig 40-teiliges Set bestehend aus: 4 x Essteller, \u00d8 26 cm 4 x Suppenteller, \u00d8 21 cm 4 x Dessertteller, \u00d8 21 cm 4 x M\u00fcslischalden, \u00d8 15 cm 4 x [&hellip;]<\/p>\n","protected":false},"featured_media":114156,"template":"","meta":{"_acf_changed":false},"product_featured_cat":[],"product_brand":[3081],"product_cat":[4274],"product_tag":[],"class_list":{"0":"post-114158","1":"product","2":"type-product","3":"status-publish","4":"has-post-thumbnail","6":"product_brand-brunner-de","7":"product_cat-geschirrsets","9":"first","10":"instock","11":"taxable","12":"shipping-taxable","13":"purchasable","14":"product-type-simple"},"acf":[],"yoast_head":"<!-- This site is optimized with the Yoast SEO plugin v27.4 - https:\/\/yoast.com\/product\/yoast-seo-wordpress\/ -->\n<title>Geschirrset Melamin BRUNNER Tuscany All inclusive VIP 40-tlg. Farbe creme \/ blau - Bantam Camping AG<\/title>\n<meta name=\"robots\" content=\"index, follow, max-snippet:-1, max-image-preview:large, max-video-preview:-1\" \/>\n<link rel=\"canonical\" href=\"https:\/\/shop.bantam.ch\/de\/produkt\/geschirrset-tuscany-all-inclusive-vip-40-tlg-creme-blau\/\" \/>\n<meta property=\"og:locale\" content=\"de_DE\" \/>\n<meta property=\"og:type\" content=\"article\" \/>\n<meta property=\"og:title\" content=\"Geschirrset Melamin BRUNNER Tuscany All inclusive VIP 40-tlg. Farbe creme \/ blau - Bantam Camping AG\" \/>\n<meta property=\"og:description\" content=\"Neu entwickeltes Melamin\/Mineralgemisch mit hervorragenden funktionellen Eigenschaften: &#8211; Harte Oberfl\u00e4che&#8211; Dimensionsstabil&#8211; Gl\u00e4nzt wie Porzellan&#8211; Porzellan-Touch&#8211; Lebensmittelecht&#8211; Hygiensch, leicht zu reinigen&#8211; Geschmacks- und geruchsneutral&#8211; Bruchfest&#8211; Langlebig 40-teiliges Set bestehend aus: 4 x Essteller, \u00d8 26 cm 4 x Suppenteller, \u00d8 21 cm 4 x Dessertteller, \u00d8 21 cm 4 x M\u00fcslischalden, \u00d8 15 cm 4 x [&hellip;]\" \/>\n<meta property=\"og:url\" content=\"https:\/\/shop.bantam.ch\/de\/produkt\/geschirrset-tuscany-all-inclusive-vip-40-tlg-creme-blau\/\" \/>\n<meta property=\"og:site_name\" content=\"Bantam Camping AG\" \/>\n<meta property=\"article:modified_time\" content=\"2026-04-18T19:44:25+00:00\" \/>\n<meta property=\"og:image\" content=\"https:\/\/shop.bantam.ch\/wp-content\/uploads\/2023\/02\/994435711.jpg\" \/>\n\t<meta property=\"og:image:width\" content=\"1000\" \/>\n\t<meta property=\"og:image:height\" content=\"656\" \/>\n\t<meta property=\"og:image:type\" content=\"image\/jpeg\" \/>\n<meta name=\"twitter:card\" content=\"summary_large_image\" \/>\n<script type=\"application\/ld+json\" class=\"yoast-schema-graph\">{\"@context\":\"https:\\\/\\\/schema.org\",\"@graph\":[{\"@type\":\"WebPage\",\"@id\":\"https:\\\/\\\/shop.bantam.ch\\\/de\\\/produkt\\\/geschirrset-tuscany-all-inclusive-vip-40-tlg-creme-blau\\\/\",\"url\":\"https:\\\/\\\/shop.bantam.ch\\\/de\\\/produkt\\\/geschirrset-tuscany-all-inclusive-vip-40-tlg-creme-blau\\\/\",\"name\":\"Geschirrset Melamin BRUNNER Tuscany All inclusive VIP 40-tlg. Farbe creme \\\/ blau - Bantam Camping AG\",\"isPartOf\":{\"@id\":\"https:\\\/\\\/shop.bantam.ch\\\/de\\\/#website\"},\"primaryImageOfPage\":{\"@id\":\"https:\\\/\\\/shop.bantam.ch\\\/de\\\/produkt\\\/geschirrset-tuscany-all-inclusive-vip-40-tlg-creme-blau\\\/#primaryimage\"},\"image\":{\"@id\":\"https:\\\/\\\/shop.bantam.ch\\\/de\\\/produkt\\\/geschirrset-tuscany-all-inclusive-vip-40-tlg-creme-blau\\\/#primaryimage\"},\"thumbnailUrl\":\"https:\\\/\\\/shop.bantam.ch\\\/wp-content\\\/uploads\\\/2023\\\/02\\\/994435711.jpg\",\"datePublished\":\"2023-02-28T20:34:21+00:00\",\"dateModified\":\"2026-04-18T19:44:25+00:00\",\"breadcrumb\":{\"@id\":\"https:\\\/\\\/shop.bantam.ch\\\/de\\\/produkt\\\/geschirrset-tuscany-all-inclusive-vip-40-tlg-creme-blau\\\/#breadcrumb\"},\"inLanguage\":\"de\",\"potentialAction\":[{\"@type\":\"ReadAction\",\"target\":[\"https:\\\/\\\/shop.bantam.ch\\\/de\\\/produkt\\\/geschirrset-tuscany-all-inclusive-vip-40-tlg-creme-blau\\\/\"]}]},{\"@type\":\"ImageObject\",\"inLanguage\":\"de\",\"@id\":\"https:\\\/\\\/shop.bantam.ch\\\/de\\\/produkt\\\/geschirrset-tuscany-all-inclusive-vip-40-tlg-creme-blau\\\/#primaryimage\",\"url\":\"https:\\\/\\\/shop.bantam.ch\\\/wp-content\\\/uploads\\\/2023\\\/02\\\/994435711.jpg\",\"contentUrl\":\"https:\\\/\\\/shop.bantam.ch\\\/wp-content\\\/uploads\\\/2023\\\/02\\\/994435711.jpg\",\"width\":1000,\"height\":656},{\"@type\":\"BreadcrumbList\",\"@id\":\"https:\\\/\\\/shop.bantam.ch\\\/de\\\/produkt\\\/geschirrset-tuscany-all-inclusive-vip-40-tlg-creme-blau\\\/#breadcrumb\",\"itemListElement\":[{\"@type\":\"ListItem\",\"position\":1,\"name\":\"Accueil\",\"item\":\"https:\\\/\\\/shop.bantam.ch\\\/de\\\/\"},{\"@type\":\"ListItem\",\"position\":2,\"name\":\"Shop\",\"item\":\"https:\\\/\\\/shop.bantam.ch\\\/de\\\/shop\\\/\"},{\"@type\":\"ListItem\",\"position\":3,\"name\":\"Geschirrset Melamin BRUNNER Tuscany All inclusive VIP 40-tlg. Farbe creme \\\/ blau\"}]},{\"@type\":\"WebSite\",\"@id\":\"https:\\\/\\\/shop.bantam.ch\\\/de\\\/#website\",\"url\":\"https:\\\/\\\/shop.bantam.ch\\\/de\\\/\",\"name\":\"Bantam Camping AG\",\"description\":\"\",\"publisher\":{\"@id\":\"https:\\\/\\\/shop.bantam.ch\\\/de\\\/#organization\"},\"inLanguage\":\"de\"},{\"@type\":\"Organization\",\"@id\":\"https:\\\/\\\/shop.bantam.ch\\\/de\\\/#organization\",\"name\":\"Bantam Camping AG\",\"url\":\"https:\\\/\\\/shop.bantam.ch\\\/de\\\/\",\"logo\":{\"@type\":\"ImageObject\",\"inLanguage\":\"de\",\"@id\":\"https:\\\/\\\/shop.bantam.ch\\\/de\\\/#\\\/schema\\\/logo\\\/image\\\/\",\"url\":\"https:\\\/\\\/shop.bantam.ch\\\/wp-content\\\/uploads\\\/2022\\\/12\\\/bantam-logo.png\",\"contentUrl\":\"https:\\\/\\\/shop.bantam.ch\\\/wp-content\\\/uploads\\\/2022\\\/12\\\/bantam-logo.png\",\"width\":320,\"height\":71,\"caption\":\"Bantam Camping AG\"},\"image\":{\"@id\":\"https:\\\/\\\/shop.bantam.ch\\\/de\\\/#\\\/schema\\\/logo\\\/image\\\/\"}}]}<\/script>\n<!-- \/ Yoast SEO plugin. -->","yoast_head_json":{"title":"Geschirrset Melamin BRUNNER Tuscany All inclusive VIP 40-tlg. Farbe creme \/ blau - Bantam Camping AG","robots":{"index":"index","follow":"follow","max-snippet":"max-snippet:-1","max-image-preview":"max-image-preview:large","max-video-preview":"max-video-preview:-1"},"canonical":"https:\/\/shop.bantam.ch\/de\/produkt\/geschirrset-tuscany-all-inclusive-vip-40-tlg-creme-blau\/","og_locale":"de_DE","og_type":"article","og_title":"Geschirrset Melamin BRUNNER Tuscany All inclusive VIP 40-tlg. Farbe creme \/ blau - Bantam Camping AG","og_description":"Neu entwickeltes Melamin\/Mineralgemisch mit hervorragenden funktionellen Eigenschaften: &#8211; Harte Oberfl\u00e4che&#8211; Dimensionsstabil&#8211; Gl\u00e4nzt wie Porzellan&#8211; Porzellan-Touch&#8211; Lebensmittelecht&#8211; Hygiensch, leicht zu reinigen&#8211; Geschmacks- und geruchsneutral&#8211; Bruchfest&#8211; Langlebig 40-teiliges Set bestehend aus: 4 x Essteller, \u00d8 26 cm 4 x Suppenteller, \u00d8 21 cm 4 x Dessertteller, \u00d8 21 cm 4 x M\u00fcslischalden, \u00d8 15 cm 4 x [&hellip;]","og_url":"https:\/\/shop.bantam.ch\/de\/produkt\/geschirrset-tuscany-all-inclusive-vip-40-tlg-creme-blau\/","og_site_name":"Bantam Camping AG","article_modified_time":"2026-04-18T19:44:25+00:00","og_image":[{"width":1000,"height":656,"url":"https:\/\/shop.bantam.ch\/wp-content\/uploads\/2023\/02\/994435711.jpg","type":"image\/jpeg"}],"twitter_card":"summary_large_image","schema":{"@context":"https:\/\/schema.org","@graph":[{"@type":"WebPage","@id":"https:\/\/shop.bantam.ch\/de\/produkt\/geschirrset-tuscany-all-inclusive-vip-40-tlg-creme-blau\/","url":"https:\/\/shop.bantam.ch\/de\/produkt\/geschirrset-tuscany-all-inclusive-vip-40-tlg-creme-blau\/","name":"Geschirrset Melamin BRUNNER Tuscany All inclusive VIP 40-tlg. Farbe creme \/ blau - Bantam Camping AG","isPartOf":{"@id":"https:\/\/shop.bantam.ch\/de\/#website"},"primaryImageOfPage":{"@id":"https:\/\/shop.bantam.ch\/de\/produkt\/geschirrset-tuscany-all-inclusive-vip-40-tlg-creme-blau\/#primaryimage"},"image":{"@id":"https:\/\/shop.bantam.ch\/de\/produkt\/geschirrset-tuscany-all-inclusive-vip-40-tlg-creme-blau\/#primaryimage"},"thumbnailUrl":"https:\/\/shop.bantam.ch\/wp-content\/uploads\/2023\/02\/994435711.jpg","datePublished":"2023-02-28T20:34:21+00:00","dateModified":"2026-04-18T19:44:25+00:00","breadcrumb":{"@id":"https:\/\/shop.bantam.ch\/de\/produkt\/geschirrset-tuscany-all-inclusive-vip-40-tlg-creme-blau\/#breadcrumb"},"inLanguage":"de","potentialAction":[{"@type":"ReadAction","target":["https:\/\/shop.bantam.ch\/de\/produkt\/geschirrset-tuscany-all-inclusive-vip-40-tlg-creme-blau\/"]}]},{"@type":"ImageObject","inLanguage":"de","@id":"https:\/\/shop.bantam.ch\/de\/produkt\/geschirrset-tuscany-all-inclusive-vip-40-tlg-creme-blau\/#primaryimage","url":"https:\/\/shop.bantam.ch\/wp-content\/uploads\/2023\/02\/994435711.jpg","contentUrl":"https:\/\/shop.bantam.ch\/wp-content\/uploads\/2023\/02\/994435711.jpg","width":1000,"height":656},{"@type":"BreadcrumbList","@id":"https:\/\/shop.bantam.ch\/de\/produkt\/geschirrset-tuscany-all-inclusive-vip-40-tlg-creme-blau\/#breadcrumb","itemListElement":[{"@type":"ListItem","position":1,"name":"Accueil","item":"https:\/\/shop.bantam.ch\/de\/"},{"@type":"ListItem","position":2,"name":"Shop","item":"https:\/\/shop.bantam.ch\/de\/shop\/"},{"@type":"ListItem","position":3,"name":"Geschirrset Melamin BRUNNER Tuscany All inclusive VIP 40-tlg. Farbe creme \/ blau"}]},{"@type":"WebSite","@id":"https:\/\/shop.bantam.ch\/de\/#website","url":"https:\/\/shop.bantam.ch\/de\/","name":"Bantam Camping AG","description":"","publisher":{"@id":"https:\/\/shop.bantam.ch\/de\/#organization"},"inLanguage":"de"},{"@type":"Organization","@id":"https:\/\/shop.bantam.ch\/de\/#organization","name":"Bantam Camping AG","url":"https:\/\/shop.bantam.ch\/de\/","logo":{"@type":"ImageObject","inLanguage":"de","@id":"https:\/\/shop.bantam.ch\/de\/#\/schema\/logo\/image\/","url":"https:\/\/shop.bantam.ch\/wp-content\/uploads\/2022\/12\/bantam-logo.png","contentUrl":"https:\/\/shop.bantam.ch\/wp-content\/uploads\/2022\/12\/bantam-logo.png","width":320,"height":71,"caption":"Bantam Camping AG"},"image":{"@id":"https:\/\/shop.bantam.ch\/de\/#\/schema\/logo\/image\/"}}]}},"_links":{"self":[{"href":"https:\/\/shop.bantam.ch\/de\/wp-json\/wp\/v2\/product\/114158","targetHints":{"allow":["GET"]}}],"collection":[{"href":"https:\/\/shop.bantam.ch\/de\/wp-json\/wp\/v2\/product"}],"about":[{"href":"https:\/\/shop.bantam.ch\/de\/wp-json\/wp\/v2\/types\/product"}],"wp:featuredmedia":[{"embeddable":true,"href":"https:\/\/shop.bantam.ch\/de\/wp-json\/wp\/v2\/media\/114156"}],"wp:attachment":[{"href":"https:\/\/shop.bantam.ch\/de\/wp-json\/wp\/v2\/media?parent=114158"}],"wp:term":[{"taxonomy":"product_featured_cat","embeddable":true,"href":"https:\/\/shop.bantam.ch\/de\/wp-json\/wp\/v2\/product_featured_cat?post=114158"},{"taxonomy":"product_brand","embeddable":true,"href":"https:\/\/shop.bantam.ch\/de\/wp-json\/wp\/v2\/product_brand?post=114158"},{"taxonomy":"product_cat","embeddable":true,"href":"https:\/\/shop.bantam.ch\/de\/wp-json\/wp\/v2\/product_cat?post=114158"},{"taxonomy":"product_tag","embeddable":true,"href":"https:\/\/shop.bantam.ch\/de\/wp-json\/wp\/v2\/product_tag?post=114158"}],"curies":[{"name":"wp","href":"https:\/\/api.w.org\/{rel}","templated":true}]}}