{"id":114038,"date":"2023-02-28T21:32:09","date_gmt":"2023-02-28T20:32:09","guid":{"rendered":"https:\/\/shop.bantam.ch\/produit\/campingtisch-recreo-mit-alu-gestell\/"},"modified":"2026-04-19T23:24:56","modified_gmt":"2026-04-19T21:24:56","slug":"campingtisch-recreo-mit-alu-gestell","status":"publish","type":"product","link":"https:\/\/shop.bantam.ch\/de\/produkt\/campingtisch-recreo-mit-alu-gestell\/","title":{"rendered":"Campingtisch RECREO mit Alu-Gestell"},"content":{"rendered":"<p>Der Outdoor- und Campingtisch Recreo zeichnet sich durch seine au\u00dfergew\u00f6hnliche Stabilit\u00e4t und Qualit\u00e4t sowie durch sein innovatives und elegantes Design aus. Er verf\u00fcgt \u00fcber ein spezielles Aluminiumgestell mit einer patentierten F\u00fchrungsschiene und einer soliden Sevelit-Tischplatte, die weltweit f\u00fcr ihre Witterungsbest\u00e4ndigkeit und mechanische Belastbarkeit bekannt ist. Durch die Verwendung von hochwertigen Kunststoffbeschl\u00e4gen und -verbindungen in Verbindung mit einem professionellen Fertigungsprozess ist ein Tischmodell entstanden, das dem Einsatz im Freien \u00fcber viele Jahre hinweg standhalten wird. Erh\u00e4ltlich in 2 Gr\u00f6\u00dfen.<\/p>\n<ul>\n<li>Vielseitig einsetzbar, innen\/au\u00dfen<\/li>\n<li>Hohe Best\u00e4ndigkeit gegen UV, Wetter und Hitze (T\u00f6pfe, Zigaretten)<\/li>\n<li>Sevelit-Tischplatte mit Kantenschutz<\/li>\n<li>Au\u00dfergew\u00f6hnliche Widerstandsf\u00e4higkeit gegen Kratzer und mechanische Beanspruchung<\/li>\n<li>Leicht zu reinigen<\/li>\n<li>Schneller und einfacher Aufbau<\/li>\n<li>Tischh\u00f6he stufenlos einstellbar<\/li>\n<\/ul>\n","protected":false},"excerpt":{"rendered":"<p>Der Outdoor- und Campingtisch Recreo zeichnet sich durch seine au\u00dfergew\u00f6hnliche Stabilit\u00e4t und Qualit\u00e4t sowie durch sein innovatives und elegantes Design aus. Er verf\u00fcgt \u00fcber ein spezielles Aluminiumgestell mit einer patentierten F\u00fchrungsschiene und einer soliden Sevelit-Tischplatte, die weltweit f\u00fcr ihre Witterungsbest\u00e4ndigkeit und mechanische Belastbarkeit bekannt ist. Durch die Verwendung von hochwertigen Kunststoffbeschl\u00e4gen und -verbindungen in Verbindung [&hellip;]<\/p>\n","protected":false},"featured_media":114028,"template":"","meta":{"_acf_changed":false},"product_featured_cat":[],"product_brand":[3081],"product_cat":[4054],"product_tag":[],"class_list":{"0":"post-114038","1":"product","2":"type-product","3":"status-publish","4":"has-post-thumbnail","6":"product_brand-brunner-de","7":"product_cat-campingtische","9":"first","10":"instock","11":"taxable","12":"shipping-taxable","13":"purchasable","14":"product-type-variable"},"acf":[],"yoast_head":"<!-- This site is optimized with the Yoast SEO plugin v27.4 - https:\/\/yoast.com\/product\/yoast-seo-wordpress\/ -->\n<title>Campingtisch RECREO mit Alu-Gestell - Bantam Camping AG<\/title>\n<meta name=\"robots\" content=\"index, follow, max-snippet:-1, max-image-preview:large, max-video-preview:-1\" \/>\n<link rel=\"canonical\" href=\"https:\/\/shop.bantam.ch\/de\/produkt\/campingtisch-recreo-mit-alu-gestell\/\" \/>\n<meta property=\"og:locale\" content=\"de_DE\" \/>\n<meta property=\"og:type\" content=\"article\" \/>\n<meta property=\"og:title\" content=\"Campingtisch RECREO mit Alu-Gestell - Bantam Camping AG\" \/>\n<meta property=\"og:description\" content=\"Der Outdoor- und Campingtisch Recreo zeichnet sich durch seine au\u00dfergew\u00f6hnliche Stabilit\u00e4t und Qualit\u00e4t sowie durch sein innovatives und elegantes Design aus. Er verf\u00fcgt \u00fcber ein spezielles Aluminiumgestell mit einer patentierten F\u00fchrungsschiene und einer soliden Sevelit-Tischplatte, die weltweit f\u00fcr ihre Witterungsbest\u00e4ndigkeit und mechanische Belastbarkeit bekannt ist. Durch die Verwendung von hochwertigen Kunststoffbeschl\u00e4gen und -verbindungen in Verbindung [&hellip;]\" \/>\n<meta property=\"og:url\" content=\"https:\/\/shop.bantam.ch\/de\/produkt\/campingtisch-recreo-mit-alu-gestell\/\" \/>\n<meta property=\"og:site_name\" content=\"Bantam Camping AG\" \/>\n<meta property=\"article:modified_time\" content=\"2026-04-19T21:24:56+00:00\" \/>\n<meta property=\"og:image\" content=\"https:\/\/shop.bantam.ch\/wp-content\/uploads\/2023\/02\/996111411.jpg\" \/>\n\t<meta property=\"og:image:width\" content=\"1000\" \/>\n\t<meta property=\"og:image:height\" content=\"760\" \/>\n\t<meta property=\"og:image:type\" content=\"image\/jpeg\" \/>\n<meta name=\"twitter:card\" content=\"summary_large_image\" \/>\n<meta name=\"twitter:label1\" content=\"Gesch\u00e4tzte Lesezeit\" \/>\n\t<meta name=\"twitter:data1\" content=\"1\u00a0Minute\" \/>\n<script type=\"application\/ld+json\" class=\"yoast-schema-graph\">{\"@context\":\"https:\\\/\\\/schema.org\",\"@graph\":[{\"@type\":\"WebPage\",\"@id\":\"https:\\\/\\\/shop.bantam.ch\\\/de\\\/produkt\\\/campingtisch-recreo-mit-alu-gestell\\\/\",\"url\":\"https:\\\/\\\/shop.bantam.ch\\\/de\\\/produkt\\\/campingtisch-recreo-mit-alu-gestell\\\/\",\"name\":\"Campingtisch RECREO mit Alu-Gestell - Bantam Camping AG\",\"isPartOf\":{\"@id\":\"https:\\\/\\\/shop.bantam.ch\\\/de\\\/#website\"},\"primaryImageOfPage\":{\"@id\":\"https:\\\/\\\/shop.bantam.ch\\\/de\\\/produkt\\\/campingtisch-recreo-mit-alu-gestell\\\/#primaryimage\"},\"image\":{\"@id\":\"https:\\\/\\\/shop.bantam.ch\\\/de\\\/produkt\\\/campingtisch-recreo-mit-alu-gestell\\\/#primaryimage\"},\"thumbnailUrl\":\"https:\\\/\\\/shop.bantam.ch\\\/wp-content\\\/uploads\\\/2023\\\/02\\\/996111411.jpg\",\"datePublished\":\"2023-02-28T20:32:09+00:00\",\"dateModified\":\"2026-04-19T21:24:56+00:00\",\"breadcrumb\":{\"@id\":\"https:\\\/\\\/shop.bantam.ch\\\/de\\\/produkt\\\/campingtisch-recreo-mit-alu-gestell\\\/#breadcrumb\"},\"inLanguage\":\"de\",\"potentialAction\":[{\"@type\":\"ReadAction\",\"target\":[\"https:\\\/\\\/shop.bantam.ch\\\/de\\\/produkt\\\/campingtisch-recreo-mit-alu-gestell\\\/\"]}]},{\"@type\":\"ImageObject\",\"inLanguage\":\"de\",\"@id\":\"https:\\\/\\\/shop.bantam.ch\\\/de\\\/produkt\\\/campingtisch-recreo-mit-alu-gestell\\\/#primaryimage\",\"url\":\"https:\\\/\\\/shop.bantam.ch\\\/wp-content\\\/uploads\\\/2023\\\/02\\\/996111411.jpg\",\"contentUrl\":\"https:\\\/\\\/shop.bantam.ch\\\/wp-content\\\/uploads\\\/2023\\\/02\\\/996111411.jpg\",\"width\":1000,\"height\":760},{\"@type\":\"BreadcrumbList\",\"@id\":\"https:\\\/\\\/shop.bantam.ch\\\/de\\\/produkt\\\/campingtisch-recreo-mit-alu-gestell\\\/#breadcrumb\",\"itemListElement\":[{\"@type\":\"ListItem\",\"position\":1,\"name\":\"Accueil\",\"item\":\"https:\\\/\\\/shop.bantam.ch\\\/de\\\/\"},{\"@type\":\"ListItem\",\"position\":2,\"name\":\"Shop\",\"item\":\"https:\\\/\\\/shop.bantam.ch\\\/de\\\/shop\\\/\"},{\"@type\":\"ListItem\",\"position\":3,\"name\":\"Campingtisch RECREO mit Alu-Gestell\"}]},{\"@type\":\"WebSite\",\"@id\":\"https:\\\/\\\/shop.bantam.ch\\\/de\\\/#website\",\"url\":\"https:\\\/\\\/shop.bantam.ch\\\/de\\\/\",\"name\":\"Bantam Camping AG\",\"description\":\"\",\"publisher\":{\"@id\":\"https:\\\/\\\/shop.bantam.ch\\\/de\\\/#organization\"},\"inLanguage\":\"de\"},{\"@type\":\"Organization\",\"@id\":\"https:\\\/\\\/shop.bantam.ch\\\/de\\\/#organization\",\"name\":\"Bantam Camping AG\",\"url\":\"https:\\\/\\\/shop.bantam.ch\\\/de\\\/\",\"logo\":{\"@type\":\"ImageObject\",\"inLanguage\":\"de\",\"@id\":\"https:\\\/\\\/shop.bantam.ch\\\/de\\\/#\\\/schema\\\/logo\\\/image\\\/\",\"url\":\"https:\\\/\\\/shop.bantam.ch\\\/wp-content\\\/uploads\\\/2022\\\/12\\\/bantam-logo.png\",\"contentUrl\":\"https:\\\/\\\/shop.bantam.ch\\\/wp-content\\\/uploads\\\/2022\\\/12\\\/bantam-logo.png\",\"width\":320,\"height\":71,\"caption\":\"Bantam Camping AG\"},\"image\":{\"@id\":\"https:\\\/\\\/shop.bantam.ch\\\/de\\\/#\\\/schema\\\/logo\\\/image\\\/\"}}]}<\/script>\n<!-- \/ Yoast SEO plugin. -->","yoast_head_json":{"title":"Campingtisch RECREO mit Alu-Gestell - Bantam Camping AG","robots":{"index":"index","follow":"follow","max-snippet":"max-snippet:-1","max-image-preview":"max-image-preview:large","max-video-preview":"max-video-preview:-1"},"canonical":"https:\/\/shop.bantam.ch\/de\/produkt\/campingtisch-recreo-mit-alu-gestell\/","og_locale":"de_DE","og_type":"article","og_title":"Campingtisch RECREO mit Alu-Gestell - Bantam Camping AG","og_description":"Der Outdoor- und Campingtisch Recreo zeichnet sich durch seine au\u00dfergew\u00f6hnliche Stabilit\u00e4t und Qualit\u00e4t sowie durch sein innovatives und elegantes Design aus. Er verf\u00fcgt \u00fcber ein spezielles Aluminiumgestell mit einer patentierten F\u00fchrungsschiene und einer soliden Sevelit-Tischplatte, die weltweit f\u00fcr ihre Witterungsbest\u00e4ndigkeit und mechanische Belastbarkeit bekannt ist. Durch die Verwendung von hochwertigen Kunststoffbeschl\u00e4gen und -verbindungen in Verbindung [&hellip;]","og_url":"https:\/\/shop.bantam.ch\/de\/produkt\/campingtisch-recreo-mit-alu-gestell\/","og_site_name":"Bantam Camping AG","article_modified_time":"2026-04-19T21:24:56+00:00","og_image":[{"width":1000,"height":760,"url":"https:\/\/shop.bantam.ch\/wp-content\/uploads\/2023\/02\/996111411.jpg","type":"image\/jpeg"}],"twitter_card":"summary_large_image","twitter_misc":{"Gesch\u00e4tzte Lesezeit":"1\u00a0Minute"},"schema":{"@context":"https:\/\/schema.org","@graph":[{"@type":"WebPage","@id":"https:\/\/shop.bantam.ch\/de\/produkt\/campingtisch-recreo-mit-alu-gestell\/","url":"https:\/\/shop.bantam.ch\/de\/produkt\/campingtisch-recreo-mit-alu-gestell\/","name":"Campingtisch RECREO mit Alu-Gestell - Bantam Camping AG","isPartOf":{"@id":"https:\/\/shop.bantam.ch\/de\/#website"},"primaryImageOfPage":{"@id":"https:\/\/shop.bantam.ch\/de\/produkt\/campingtisch-recreo-mit-alu-gestell\/#primaryimage"},"image":{"@id":"https:\/\/shop.bantam.ch\/de\/produkt\/campingtisch-recreo-mit-alu-gestell\/#primaryimage"},"thumbnailUrl":"https:\/\/shop.bantam.ch\/wp-content\/uploads\/2023\/02\/996111411.jpg","datePublished":"2023-02-28T20:32:09+00:00","dateModified":"2026-04-19T21:24:56+00:00","breadcrumb":{"@id":"https:\/\/shop.bantam.ch\/de\/produkt\/campingtisch-recreo-mit-alu-gestell\/#breadcrumb"},"inLanguage":"de","potentialAction":[{"@type":"ReadAction","target":["https:\/\/shop.bantam.ch\/de\/produkt\/campingtisch-recreo-mit-alu-gestell\/"]}]},{"@type":"ImageObject","inLanguage":"de","@id":"https:\/\/shop.bantam.ch\/de\/produkt\/campingtisch-recreo-mit-alu-gestell\/#primaryimage","url":"https:\/\/shop.bantam.ch\/wp-content\/uploads\/2023\/02\/996111411.jpg","contentUrl":"https:\/\/shop.bantam.ch\/wp-content\/uploads\/2023\/02\/996111411.jpg","width":1000,"height":760},{"@type":"BreadcrumbList","@id":"https:\/\/shop.bantam.ch\/de\/produkt\/campingtisch-recreo-mit-alu-gestell\/#breadcrumb","itemListElement":[{"@type":"ListItem","position":1,"name":"Accueil","item":"https:\/\/shop.bantam.ch\/de\/"},{"@type":"ListItem","position":2,"name":"Shop","item":"https:\/\/shop.bantam.ch\/de\/shop\/"},{"@type":"ListItem","position":3,"name":"Campingtisch RECREO mit Alu-Gestell"}]},{"@type":"WebSite","@id":"https:\/\/shop.bantam.ch\/de\/#website","url":"https:\/\/shop.bantam.ch\/de\/","name":"Bantam Camping AG","description":"","publisher":{"@id":"https:\/\/shop.bantam.ch\/de\/#organization"},"inLanguage":"de"},{"@type":"Organization","@id":"https:\/\/shop.bantam.ch\/de\/#organization","name":"Bantam Camping AG","url":"https:\/\/shop.bantam.ch\/de\/","logo":{"@type":"ImageObject","inLanguage":"de","@id":"https:\/\/shop.bantam.ch\/de\/#\/schema\/logo\/image\/","url":"https:\/\/shop.bantam.ch\/wp-content\/uploads\/2022\/12\/bantam-logo.png","contentUrl":"https:\/\/shop.bantam.ch\/wp-content\/uploads\/2022\/12\/bantam-logo.png","width":320,"height":71,"caption":"Bantam Camping AG"},"image":{"@id":"https:\/\/shop.bantam.ch\/de\/#\/schema\/logo\/image\/"}}]}},"_links":{"self":[{"href":"https:\/\/shop.bantam.ch\/de\/wp-json\/wp\/v2\/product\/114038","targetHints":{"allow":["GET"]}}],"collection":[{"href":"https:\/\/shop.bantam.ch\/de\/wp-json\/wp\/v2\/product"}],"about":[{"href":"https:\/\/shop.bantam.ch\/de\/wp-json\/wp\/v2\/types\/product"}],"wp:featuredmedia":[{"embeddable":true,"href":"https:\/\/shop.bantam.ch\/de\/wp-json\/wp\/v2\/media\/114028"}],"wp:attachment":[{"href":"https:\/\/shop.bantam.ch\/de\/wp-json\/wp\/v2\/media?parent=114038"}],"wp:term":[{"taxonomy":"product_featured_cat","embeddable":true,"href":"https:\/\/shop.bantam.ch\/de\/wp-json\/wp\/v2\/product_featured_cat?post=114038"},{"taxonomy":"product_brand","embeddable":true,"href":"https:\/\/shop.bantam.ch\/de\/wp-json\/wp\/v2\/product_brand?post=114038"},{"taxonomy":"product_cat","embeddable":true,"href":"https:\/\/shop.bantam.ch\/de\/wp-json\/wp\/v2\/product_cat?post=114038"},{"taxonomy":"product_tag","embeddable":true,"href":"https:\/\/shop.bantam.ch\/de\/wp-json\/wp\/v2\/product_tag?post=114038"}],"curies":[{"name":"wp","href":"https:\/\/api.w.org\/{rel}","templated":true}]}}