{"id":113954,"date":"2023-02-28T21:30:35","date_gmt":"2023-02-28T20:30:35","guid":{"rendered":"https:\/\/shop.bantam.ch\/produit\/tisch-flatpack-4-aluminium-grau\/"},"modified":"2026-04-17T21:43:01","modified_gmt":"2026-04-17T19:43:01","slug":"tisch-flatpack-4-aluminium-grau","status":"publish","type":"product","link":"https:\/\/shop.bantam.ch\/de\/produkt\/tisch-flatpack-4-aluminium-grau\/","title":{"rendered":"Tisch BRUNNER FLATPACK 4, Aluminium Farbe grau"},"content":{"rendered":"<p>Hochwertiger Outdoor-Tisch mit wetterfester Klapptischplatte und leichtem, h\u00f6henverstellbarem Gestell aus eloxiertem Aluminium. Im zusammengeklappten Zustand sehr kompakt verstaubar und somit ideal f\u00fcr Kleinbusse, Vans und Wohnmobile.<\/p>\n<ul>\n<li>Wetterfeste Tischplatte, f\u00fcr den Au\u00dfenbereich geeignet<\/li>\n<li>Stabile Konstruktion aus Aluminium-Rechteckprofilen<\/li>\n<li>Stufenlose H\u00f6henverstellung<\/li>\n<li>In der Mitte faltbar<\/li>\n<li>Zusammengeklappt leicht und einfach zu transportieren<\/li>\n<\/ul>\n","protected":false},"excerpt":{"rendered":"<p>Hochwertiger Outdoor-Tisch mit wetterfester Klapptischplatte und leichtem, h\u00f6henverstellbarem Gestell aus eloxiertem Aluminium. Im zusammengeklappten Zustand sehr kompakt verstaubar und somit ideal f\u00fcr Kleinbusse, Vans und Wohnmobile. Wetterfeste Tischplatte, f\u00fcr den Au\u00dfenbereich geeignet Stabile Konstruktion aus Aluminium-Rechteckprofilen Stufenlose H\u00f6henverstellung In der Mitte faltbar Zusammengeklappt leicht und einfach zu transportieren<\/p>\n","protected":false},"featured_media":113952,"template":"","meta":{"_acf_changed":false},"product_featured_cat":[],"product_brand":[3081],"product_cat":[4054],"product_tag":[],"class_list":{"0":"post-113954","1":"product","2":"type-product","3":"status-publish","4":"has-post-thumbnail","6":"product_brand-brunner-de","7":"product_cat-campingtische","9":"first","10":"instock","11":"taxable","12":"shipping-taxable","13":"purchasable","14":"product-type-simple"},"acf":[],"yoast_head":"<!-- This site is optimized with the Yoast SEO plugin v27.4 - https:\/\/yoast.com\/product\/yoast-seo-wordpress\/ -->\n<title>Tisch BRUNNER FLATPACK 4, Aluminium Farbe grau - Bantam Camping AG<\/title>\n<meta name=\"robots\" content=\"index, follow, max-snippet:-1, max-image-preview:large, max-video-preview:-1\" \/>\n<link rel=\"canonical\" href=\"https:\/\/shop.bantam.ch\/de\/produkt\/tisch-flatpack-4-aluminium-grau\/\" \/>\n<meta property=\"og:locale\" content=\"de_DE\" \/>\n<meta property=\"og:type\" content=\"article\" \/>\n<meta property=\"og:title\" content=\"Tisch BRUNNER FLATPACK 4, Aluminium Farbe grau - Bantam Camping AG\" \/>\n<meta property=\"og:description\" content=\"Hochwertiger Outdoor-Tisch mit wetterfester Klapptischplatte und leichtem, h\u00f6henverstellbarem Gestell aus eloxiertem Aluminium. Im zusammengeklappten Zustand sehr kompakt verstaubar und somit ideal f\u00fcr Kleinbusse, Vans und Wohnmobile. Wetterfeste Tischplatte, f\u00fcr den Au\u00dfenbereich geeignet Stabile Konstruktion aus Aluminium-Rechteckprofilen Stufenlose H\u00f6henverstellung In der Mitte faltbar Zusammengeklappt leicht und einfach zu transportieren\" \/>\n<meta property=\"og:url\" content=\"https:\/\/shop.bantam.ch\/de\/produkt\/tisch-flatpack-4-aluminium-grau\/\" \/>\n<meta property=\"og:site_name\" content=\"Bantam Camping AG\" \/>\n<meta property=\"article:modified_time\" content=\"2026-04-17T19:43:01+00:00\" \/>\n<meta property=\"og:image\" content=\"https:\/\/shop.bantam.ch\/wp-content\/uploads\/2023\/02\/996110911.jpg\" \/>\n\t<meta property=\"og:image:width\" content=\"1000\" \/>\n\t<meta property=\"og:image:height\" content=\"720\" \/>\n\t<meta property=\"og:image:type\" content=\"image\/jpeg\" \/>\n<meta name=\"twitter:card\" content=\"summary_large_image\" \/>\n<script type=\"application\/ld+json\" class=\"yoast-schema-graph\">{\"@context\":\"https:\\\/\\\/schema.org\",\"@graph\":[{\"@type\":\"WebPage\",\"@id\":\"https:\\\/\\\/shop.bantam.ch\\\/de\\\/produkt\\\/tisch-flatpack-4-aluminium-grau\\\/\",\"url\":\"https:\\\/\\\/shop.bantam.ch\\\/de\\\/produkt\\\/tisch-flatpack-4-aluminium-grau\\\/\",\"name\":\"Tisch BRUNNER FLATPACK 4, Aluminium Farbe grau - Bantam Camping AG\",\"isPartOf\":{\"@id\":\"https:\\\/\\\/shop.bantam.ch\\\/de\\\/#website\"},\"primaryImageOfPage\":{\"@id\":\"https:\\\/\\\/shop.bantam.ch\\\/de\\\/produkt\\\/tisch-flatpack-4-aluminium-grau\\\/#primaryimage\"},\"image\":{\"@id\":\"https:\\\/\\\/shop.bantam.ch\\\/de\\\/produkt\\\/tisch-flatpack-4-aluminium-grau\\\/#primaryimage\"},\"thumbnailUrl\":\"https:\\\/\\\/shop.bantam.ch\\\/wp-content\\\/uploads\\\/2023\\\/02\\\/996110911.jpg\",\"datePublished\":\"2023-02-28T20:30:35+00:00\",\"dateModified\":\"2026-04-17T19:43:01+00:00\",\"breadcrumb\":{\"@id\":\"https:\\\/\\\/shop.bantam.ch\\\/de\\\/produkt\\\/tisch-flatpack-4-aluminium-grau\\\/#breadcrumb\"},\"inLanguage\":\"de\",\"potentialAction\":[{\"@type\":\"ReadAction\",\"target\":[\"https:\\\/\\\/shop.bantam.ch\\\/de\\\/produkt\\\/tisch-flatpack-4-aluminium-grau\\\/\"]}]},{\"@type\":\"ImageObject\",\"inLanguage\":\"de\",\"@id\":\"https:\\\/\\\/shop.bantam.ch\\\/de\\\/produkt\\\/tisch-flatpack-4-aluminium-grau\\\/#primaryimage\",\"url\":\"https:\\\/\\\/shop.bantam.ch\\\/wp-content\\\/uploads\\\/2023\\\/02\\\/996110911.jpg\",\"contentUrl\":\"https:\\\/\\\/shop.bantam.ch\\\/wp-content\\\/uploads\\\/2023\\\/02\\\/996110911.jpg\",\"width\":1000,\"height\":720},{\"@type\":\"BreadcrumbList\",\"@id\":\"https:\\\/\\\/shop.bantam.ch\\\/de\\\/produkt\\\/tisch-flatpack-4-aluminium-grau\\\/#breadcrumb\",\"itemListElement\":[{\"@type\":\"ListItem\",\"position\":1,\"name\":\"Accueil\",\"item\":\"https:\\\/\\\/shop.bantam.ch\\\/de\\\/\"},{\"@type\":\"ListItem\",\"position\":2,\"name\":\"Shop\",\"item\":\"https:\\\/\\\/shop.bantam.ch\\\/de\\\/shop\\\/\"},{\"@type\":\"ListItem\",\"position\":3,\"name\":\"Tisch BRUNNER FLATPACK 4, Aluminium Farbe grau\"}]},{\"@type\":\"WebSite\",\"@id\":\"https:\\\/\\\/shop.bantam.ch\\\/de\\\/#website\",\"url\":\"https:\\\/\\\/shop.bantam.ch\\\/de\\\/\",\"name\":\"Bantam Camping AG\",\"description\":\"\",\"publisher\":{\"@id\":\"https:\\\/\\\/shop.bantam.ch\\\/de\\\/#organization\"},\"inLanguage\":\"de\"},{\"@type\":\"Organization\",\"@id\":\"https:\\\/\\\/shop.bantam.ch\\\/de\\\/#organization\",\"name\":\"Bantam Camping AG\",\"url\":\"https:\\\/\\\/shop.bantam.ch\\\/de\\\/\",\"logo\":{\"@type\":\"ImageObject\",\"inLanguage\":\"de\",\"@id\":\"https:\\\/\\\/shop.bantam.ch\\\/de\\\/#\\\/schema\\\/logo\\\/image\\\/\",\"url\":\"https:\\\/\\\/shop.bantam.ch\\\/wp-content\\\/uploads\\\/2022\\\/12\\\/bantam-logo.png\",\"contentUrl\":\"https:\\\/\\\/shop.bantam.ch\\\/wp-content\\\/uploads\\\/2022\\\/12\\\/bantam-logo.png\",\"width\":320,\"height\":71,\"caption\":\"Bantam Camping AG\"},\"image\":{\"@id\":\"https:\\\/\\\/shop.bantam.ch\\\/de\\\/#\\\/schema\\\/logo\\\/image\\\/\"}}]}<\/script>\n<!-- \/ Yoast SEO plugin. -->","yoast_head_json":{"title":"Tisch BRUNNER FLATPACK 4, Aluminium Farbe grau - Bantam Camping AG","robots":{"index":"index","follow":"follow","max-snippet":"max-snippet:-1","max-image-preview":"max-image-preview:large","max-video-preview":"max-video-preview:-1"},"canonical":"https:\/\/shop.bantam.ch\/de\/produkt\/tisch-flatpack-4-aluminium-grau\/","og_locale":"de_DE","og_type":"article","og_title":"Tisch BRUNNER FLATPACK 4, Aluminium Farbe grau - Bantam Camping AG","og_description":"Hochwertiger Outdoor-Tisch mit wetterfester Klapptischplatte und leichtem, h\u00f6henverstellbarem Gestell aus eloxiertem Aluminium. Im zusammengeklappten Zustand sehr kompakt verstaubar und somit ideal f\u00fcr Kleinbusse, Vans und Wohnmobile. Wetterfeste Tischplatte, f\u00fcr den Au\u00dfenbereich geeignet Stabile Konstruktion aus Aluminium-Rechteckprofilen Stufenlose H\u00f6henverstellung In der Mitte faltbar Zusammengeklappt leicht und einfach zu transportieren","og_url":"https:\/\/shop.bantam.ch\/de\/produkt\/tisch-flatpack-4-aluminium-grau\/","og_site_name":"Bantam Camping AG","article_modified_time":"2026-04-17T19:43:01+00:00","og_image":[{"width":1000,"height":720,"url":"https:\/\/shop.bantam.ch\/wp-content\/uploads\/2023\/02\/996110911.jpg","type":"image\/jpeg"}],"twitter_card":"summary_large_image","schema":{"@context":"https:\/\/schema.org","@graph":[{"@type":"WebPage","@id":"https:\/\/shop.bantam.ch\/de\/produkt\/tisch-flatpack-4-aluminium-grau\/","url":"https:\/\/shop.bantam.ch\/de\/produkt\/tisch-flatpack-4-aluminium-grau\/","name":"Tisch BRUNNER FLATPACK 4, Aluminium Farbe grau - Bantam Camping AG","isPartOf":{"@id":"https:\/\/shop.bantam.ch\/de\/#website"},"primaryImageOfPage":{"@id":"https:\/\/shop.bantam.ch\/de\/produkt\/tisch-flatpack-4-aluminium-grau\/#primaryimage"},"image":{"@id":"https:\/\/shop.bantam.ch\/de\/produkt\/tisch-flatpack-4-aluminium-grau\/#primaryimage"},"thumbnailUrl":"https:\/\/shop.bantam.ch\/wp-content\/uploads\/2023\/02\/996110911.jpg","datePublished":"2023-02-28T20:30:35+00:00","dateModified":"2026-04-17T19:43:01+00:00","breadcrumb":{"@id":"https:\/\/shop.bantam.ch\/de\/produkt\/tisch-flatpack-4-aluminium-grau\/#breadcrumb"},"inLanguage":"de","potentialAction":[{"@type":"ReadAction","target":["https:\/\/shop.bantam.ch\/de\/produkt\/tisch-flatpack-4-aluminium-grau\/"]}]},{"@type":"ImageObject","inLanguage":"de","@id":"https:\/\/shop.bantam.ch\/de\/produkt\/tisch-flatpack-4-aluminium-grau\/#primaryimage","url":"https:\/\/shop.bantam.ch\/wp-content\/uploads\/2023\/02\/996110911.jpg","contentUrl":"https:\/\/shop.bantam.ch\/wp-content\/uploads\/2023\/02\/996110911.jpg","width":1000,"height":720},{"@type":"BreadcrumbList","@id":"https:\/\/shop.bantam.ch\/de\/produkt\/tisch-flatpack-4-aluminium-grau\/#breadcrumb","itemListElement":[{"@type":"ListItem","position":1,"name":"Accueil","item":"https:\/\/shop.bantam.ch\/de\/"},{"@type":"ListItem","position":2,"name":"Shop","item":"https:\/\/shop.bantam.ch\/de\/shop\/"},{"@type":"ListItem","position":3,"name":"Tisch BRUNNER FLATPACK 4, Aluminium Farbe grau"}]},{"@type":"WebSite","@id":"https:\/\/shop.bantam.ch\/de\/#website","url":"https:\/\/shop.bantam.ch\/de\/","name":"Bantam Camping AG","description":"","publisher":{"@id":"https:\/\/shop.bantam.ch\/de\/#organization"},"inLanguage":"de"},{"@type":"Organization","@id":"https:\/\/shop.bantam.ch\/de\/#organization","name":"Bantam Camping AG","url":"https:\/\/shop.bantam.ch\/de\/","logo":{"@type":"ImageObject","inLanguage":"de","@id":"https:\/\/shop.bantam.ch\/de\/#\/schema\/logo\/image\/","url":"https:\/\/shop.bantam.ch\/wp-content\/uploads\/2022\/12\/bantam-logo.png","contentUrl":"https:\/\/shop.bantam.ch\/wp-content\/uploads\/2022\/12\/bantam-logo.png","width":320,"height":71,"caption":"Bantam Camping AG"},"image":{"@id":"https:\/\/shop.bantam.ch\/de\/#\/schema\/logo\/image\/"}}]}},"_links":{"self":[{"href":"https:\/\/shop.bantam.ch\/de\/wp-json\/wp\/v2\/product\/113954","targetHints":{"allow":["GET"]}}],"collection":[{"href":"https:\/\/shop.bantam.ch\/de\/wp-json\/wp\/v2\/product"}],"about":[{"href":"https:\/\/shop.bantam.ch\/de\/wp-json\/wp\/v2\/types\/product"}],"wp:featuredmedia":[{"embeddable":true,"href":"https:\/\/shop.bantam.ch\/de\/wp-json\/wp\/v2\/media\/113952"}],"wp:attachment":[{"href":"https:\/\/shop.bantam.ch\/de\/wp-json\/wp\/v2\/media?parent=113954"}],"wp:term":[{"taxonomy":"product_featured_cat","embeddable":true,"href":"https:\/\/shop.bantam.ch\/de\/wp-json\/wp\/v2\/product_featured_cat?post=113954"},{"taxonomy":"product_brand","embeddable":true,"href":"https:\/\/shop.bantam.ch\/de\/wp-json\/wp\/v2\/product_brand?post=113954"},{"taxonomy":"product_cat","embeddable":true,"href":"https:\/\/shop.bantam.ch\/de\/wp-json\/wp\/v2\/product_cat?post=113954"},{"taxonomy":"product_tag","embeddable":true,"href":"https:\/\/shop.bantam.ch\/de\/wp-json\/wp\/v2\/product_tag?post=113954"}],"curies":[{"name":"wp","href":"https:\/\/api.w.org\/{rel}","templated":true}]}}