{"id":113804,"date":"2023-02-28T21:27:18","date_gmt":"2023-02-28T20:27:18","guid":{"rendered":"https:\/\/shop.bantam.ch\/produit\/wohnmobil-tourguide-ostseekueste-mecklenburg-vorpommern-2\/"},"modified":"2026-04-19T21:45:22","modified_gmt":"2026-04-19T19:45:22","slug":"wohnmobil-tourguide-ostseekueste-mecklenburg-vorpommern-2","status":"publish","type":"product","link":"https:\/\/shop.bantam.ch\/de\/produkt\/wohnmobil-tourguide-ostseekueste-mecklenburg-vorpommern-2\/","title":{"rendered":"Wohnmobil Reise Know-How Tourguide Ostseek\u00fcste, Mecklenburg- Vorpommern"},"content":{"rendered":"<p>Mit den Wohnmobil-Tourguides f\u00fcr individuelles Reisen die sch\u00f6nsten Regionen Deutschlands und Europas entdecken. Detailliert ausgearbeitete Routen f\u00fchren durch die sch\u00f6nsten Landschaften und Orte. Die Beschreibungen werden durch Geschichten und Hintergrundinformationen erg\u00e4nzt. Alle wichtigen Informationen f\u00fcr unterwegs mit Routenatlas, Stadtpl\u00e4nen und GPS-Daten, Wanderungen, Ausfl\u00fcge und Sehensw\u00fcrdigkeiten.<\/p>\n","protected":false},"excerpt":{"rendered":"<p>Mit den Wohnmobil-Tourguides f\u00fcr individuelles Reisen die sch\u00f6nsten Regionen Deutschlands und Europas entdecken. Detailliert ausgearbeitete Routen f\u00fchren durch die sch\u00f6nsten Landschaften und Orte. Die Beschreibungen werden durch Geschichten und Hintergrundinformationen erg\u00e4nzt. Alle wichtigen Informationen f\u00fcr unterwegs mit Routenatlas, Stadtpl\u00e4nen und GPS-Daten, Wanderungen, Ausfl\u00fcge und Sehensw\u00fcrdigkeiten.<\/p>\n","protected":false},"featured_media":113802,"template":"","meta":{"_acf_changed":false},"product_featured_cat":[],"product_brand":[3033],"product_cat":[4352],"product_tag":[],"class_list":{"0":"post-113804","1":"product","2":"type-product","3":"status-publish","4":"has-post-thumbnail","6":"product_brand-standard-de","7":"product_cat-reisefuehrer","9":"first","10":"instock","11":"taxable","12":"shipping-taxable","13":"purchasable","14":"product-type-simple"},"acf":[],"yoast_head":"<!-- This site is optimized with the Yoast SEO plugin v27.4 - https:\/\/yoast.com\/product\/yoast-seo-wordpress\/ -->\n<title>Wohnmobil Reise Know-How Tourguide Ostseek\u00fcste, Mecklenburg- Vorpommern - Bantam Camping AG<\/title>\n<meta name=\"robots\" content=\"index, follow, max-snippet:-1, max-image-preview:large, max-video-preview:-1\" \/>\n<link rel=\"canonical\" href=\"https:\/\/shop.bantam.ch\/de\/produkt\/wohnmobil-tourguide-ostseekueste-mecklenburg-vorpommern-2\/\" \/>\n<meta property=\"og:locale\" content=\"de_DE\" \/>\n<meta property=\"og:type\" content=\"article\" \/>\n<meta property=\"og:title\" content=\"Wohnmobil Reise Know-How Tourguide Ostseek\u00fcste, Mecklenburg- Vorpommern - Bantam Camping AG\" \/>\n<meta property=\"og:description\" content=\"Mit den Wohnmobil-Tourguides f\u00fcr individuelles Reisen die sch\u00f6nsten Regionen Deutschlands und Europas entdecken. Detailliert ausgearbeitete Routen f\u00fchren durch die sch\u00f6nsten Landschaften und Orte. Die Beschreibungen werden durch Geschichten und Hintergrundinformationen erg\u00e4nzt. Alle wichtigen Informationen f\u00fcr unterwegs mit Routenatlas, Stadtpl\u00e4nen und GPS-Daten, Wanderungen, Ausfl\u00fcge und Sehensw\u00fcrdigkeiten.\" \/>\n<meta property=\"og:url\" content=\"https:\/\/shop.bantam.ch\/de\/produkt\/wohnmobil-tourguide-ostseekueste-mecklenburg-vorpommern-2\/\" \/>\n<meta property=\"og:site_name\" content=\"Bantam Camping AG\" \/>\n<meta property=\"article:modified_time\" content=\"2026-04-19T19:45:22+00:00\" \/>\n<meta property=\"og:image\" content=\"https:\/\/shop.bantam.ch\/wp-content\/uploads\/2023\/02\/995805711.jpg\" \/>\n\t<meta property=\"og:image:width\" content=\"679\" \/>\n\t<meta property=\"og:image:height\" content=\"1000\" \/>\n\t<meta property=\"og:image:type\" content=\"image\/jpeg\" \/>\n<meta name=\"twitter:card\" content=\"summary_large_image\" \/>\n<script type=\"application\/ld+json\" class=\"yoast-schema-graph\">{\"@context\":\"https:\\\/\\\/schema.org\",\"@graph\":[{\"@type\":\"WebPage\",\"@id\":\"https:\\\/\\\/shop.bantam.ch\\\/de\\\/produkt\\\/wohnmobil-tourguide-ostseekueste-mecklenburg-vorpommern-2\\\/\",\"url\":\"https:\\\/\\\/shop.bantam.ch\\\/de\\\/produkt\\\/wohnmobil-tourguide-ostseekueste-mecklenburg-vorpommern-2\\\/\",\"name\":\"Wohnmobil Reise Know-How Tourguide Ostseek\u00fcste, Mecklenburg- Vorpommern - Bantam Camping AG\",\"isPartOf\":{\"@id\":\"https:\\\/\\\/shop.bantam.ch\\\/de\\\/#website\"},\"primaryImageOfPage\":{\"@id\":\"https:\\\/\\\/shop.bantam.ch\\\/de\\\/produkt\\\/wohnmobil-tourguide-ostseekueste-mecklenburg-vorpommern-2\\\/#primaryimage\"},\"image\":{\"@id\":\"https:\\\/\\\/shop.bantam.ch\\\/de\\\/produkt\\\/wohnmobil-tourguide-ostseekueste-mecklenburg-vorpommern-2\\\/#primaryimage\"},\"thumbnailUrl\":\"https:\\\/\\\/shop.bantam.ch\\\/wp-content\\\/uploads\\\/2023\\\/02\\\/995805711.jpg\",\"datePublished\":\"2023-02-28T20:27:18+00:00\",\"dateModified\":\"2026-04-19T19:45:22+00:00\",\"breadcrumb\":{\"@id\":\"https:\\\/\\\/shop.bantam.ch\\\/de\\\/produkt\\\/wohnmobil-tourguide-ostseekueste-mecklenburg-vorpommern-2\\\/#breadcrumb\"},\"inLanguage\":\"de\",\"potentialAction\":[{\"@type\":\"ReadAction\",\"target\":[\"https:\\\/\\\/shop.bantam.ch\\\/de\\\/produkt\\\/wohnmobil-tourguide-ostseekueste-mecklenburg-vorpommern-2\\\/\"]}]},{\"@type\":\"ImageObject\",\"inLanguage\":\"de\",\"@id\":\"https:\\\/\\\/shop.bantam.ch\\\/de\\\/produkt\\\/wohnmobil-tourguide-ostseekueste-mecklenburg-vorpommern-2\\\/#primaryimage\",\"url\":\"https:\\\/\\\/shop.bantam.ch\\\/wp-content\\\/uploads\\\/2023\\\/02\\\/995805711.jpg\",\"contentUrl\":\"https:\\\/\\\/shop.bantam.ch\\\/wp-content\\\/uploads\\\/2023\\\/02\\\/995805711.jpg\",\"width\":679,\"height\":1000},{\"@type\":\"BreadcrumbList\",\"@id\":\"https:\\\/\\\/shop.bantam.ch\\\/de\\\/produkt\\\/wohnmobil-tourguide-ostseekueste-mecklenburg-vorpommern-2\\\/#breadcrumb\",\"itemListElement\":[{\"@type\":\"ListItem\",\"position\":1,\"name\":\"Accueil\",\"item\":\"https:\\\/\\\/shop.bantam.ch\\\/de\\\/\"},{\"@type\":\"ListItem\",\"position\":2,\"name\":\"Shop\",\"item\":\"https:\\\/\\\/shop.bantam.ch\\\/de\\\/shop\\\/\"},{\"@type\":\"ListItem\",\"position\":3,\"name\":\"Wohnmobil Reise Know-How Tourguide Ostseek\u00fcste, Mecklenburg- Vorpommern\"}]},{\"@type\":\"WebSite\",\"@id\":\"https:\\\/\\\/shop.bantam.ch\\\/de\\\/#website\",\"url\":\"https:\\\/\\\/shop.bantam.ch\\\/de\\\/\",\"name\":\"Bantam Camping AG\",\"description\":\"\",\"publisher\":{\"@id\":\"https:\\\/\\\/shop.bantam.ch\\\/de\\\/#organization\"},\"inLanguage\":\"de\"},{\"@type\":\"Organization\",\"@id\":\"https:\\\/\\\/shop.bantam.ch\\\/de\\\/#organization\",\"name\":\"Bantam Camping AG\",\"url\":\"https:\\\/\\\/shop.bantam.ch\\\/de\\\/\",\"logo\":{\"@type\":\"ImageObject\",\"inLanguage\":\"de\",\"@id\":\"https:\\\/\\\/shop.bantam.ch\\\/de\\\/#\\\/schema\\\/logo\\\/image\\\/\",\"url\":\"https:\\\/\\\/shop.bantam.ch\\\/wp-content\\\/uploads\\\/2022\\\/12\\\/bantam-logo.png\",\"contentUrl\":\"https:\\\/\\\/shop.bantam.ch\\\/wp-content\\\/uploads\\\/2022\\\/12\\\/bantam-logo.png\",\"width\":320,\"height\":71,\"caption\":\"Bantam Camping AG\"},\"image\":{\"@id\":\"https:\\\/\\\/shop.bantam.ch\\\/de\\\/#\\\/schema\\\/logo\\\/image\\\/\"}}]}<\/script>\n<!-- \/ Yoast SEO plugin. -->","yoast_head_json":{"title":"Wohnmobil Reise Know-How Tourguide Ostseek\u00fcste, Mecklenburg- Vorpommern - Bantam Camping AG","robots":{"index":"index","follow":"follow","max-snippet":"max-snippet:-1","max-image-preview":"max-image-preview:large","max-video-preview":"max-video-preview:-1"},"canonical":"https:\/\/shop.bantam.ch\/de\/produkt\/wohnmobil-tourguide-ostseekueste-mecklenburg-vorpommern-2\/","og_locale":"de_DE","og_type":"article","og_title":"Wohnmobil Reise Know-How Tourguide Ostseek\u00fcste, Mecklenburg- Vorpommern - Bantam Camping AG","og_description":"Mit den Wohnmobil-Tourguides f\u00fcr individuelles Reisen die sch\u00f6nsten Regionen Deutschlands und Europas entdecken. Detailliert ausgearbeitete Routen f\u00fchren durch die sch\u00f6nsten Landschaften und Orte. Die Beschreibungen werden durch Geschichten und Hintergrundinformationen erg\u00e4nzt. Alle wichtigen Informationen f\u00fcr unterwegs mit Routenatlas, Stadtpl\u00e4nen und GPS-Daten, Wanderungen, Ausfl\u00fcge und Sehensw\u00fcrdigkeiten.","og_url":"https:\/\/shop.bantam.ch\/de\/produkt\/wohnmobil-tourguide-ostseekueste-mecklenburg-vorpommern-2\/","og_site_name":"Bantam Camping AG","article_modified_time":"2026-04-19T19:45:22+00:00","og_image":[{"width":679,"height":1000,"url":"https:\/\/shop.bantam.ch\/wp-content\/uploads\/2023\/02\/995805711.jpg","type":"image\/jpeg"}],"twitter_card":"summary_large_image","schema":{"@context":"https:\/\/schema.org","@graph":[{"@type":"WebPage","@id":"https:\/\/shop.bantam.ch\/de\/produkt\/wohnmobil-tourguide-ostseekueste-mecklenburg-vorpommern-2\/","url":"https:\/\/shop.bantam.ch\/de\/produkt\/wohnmobil-tourguide-ostseekueste-mecklenburg-vorpommern-2\/","name":"Wohnmobil Reise Know-How Tourguide Ostseek\u00fcste, Mecklenburg- Vorpommern - Bantam Camping AG","isPartOf":{"@id":"https:\/\/shop.bantam.ch\/de\/#website"},"primaryImageOfPage":{"@id":"https:\/\/shop.bantam.ch\/de\/produkt\/wohnmobil-tourguide-ostseekueste-mecklenburg-vorpommern-2\/#primaryimage"},"image":{"@id":"https:\/\/shop.bantam.ch\/de\/produkt\/wohnmobil-tourguide-ostseekueste-mecklenburg-vorpommern-2\/#primaryimage"},"thumbnailUrl":"https:\/\/shop.bantam.ch\/wp-content\/uploads\/2023\/02\/995805711.jpg","datePublished":"2023-02-28T20:27:18+00:00","dateModified":"2026-04-19T19:45:22+00:00","breadcrumb":{"@id":"https:\/\/shop.bantam.ch\/de\/produkt\/wohnmobil-tourguide-ostseekueste-mecklenburg-vorpommern-2\/#breadcrumb"},"inLanguage":"de","potentialAction":[{"@type":"ReadAction","target":["https:\/\/shop.bantam.ch\/de\/produkt\/wohnmobil-tourguide-ostseekueste-mecklenburg-vorpommern-2\/"]}]},{"@type":"ImageObject","inLanguage":"de","@id":"https:\/\/shop.bantam.ch\/de\/produkt\/wohnmobil-tourguide-ostseekueste-mecklenburg-vorpommern-2\/#primaryimage","url":"https:\/\/shop.bantam.ch\/wp-content\/uploads\/2023\/02\/995805711.jpg","contentUrl":"https:\/\/shop.bantam.ch\/wp-content\/uploads\/2023\/02\/995805711.jpg","width":679,"height":1000},{"@type":"BreadcrumbList","@id":"https:\/\/shop.bantam.ch\/de\/produkt\/wohnmobil-tourguide-ostseekueste-mecklenburg-vorpommern-2\/#breadcrumb","itemListElement":[{"@type":"ListItem","position":1,"name":"Accueil","item":"https:\/\/shop.bantam.ch\/de\/"},{"@type":"ListItem","position":2,"name":"Shop","item":"https:\/\/shop.bantam.ch\/de\/shop\/"},{"@type":"ListItem","position":3,"name":"Wohnmobil Reise Know-How Tourguide Ostseek\u00fcste, Mecklenburg- Vorpommern"}]},{"@type":"WebSite","@id":"https:\/\/shop.bantam.ch\/de\/#website","url":"https:\/\/shop.bantam.ch\/de\/","name":"Bantam Camping AG","description":"","publisher":{"@id":"https:\/\/shop.bantam.ch\/de\/#organization"},"inLanguage":"de"},{"@type":"Organization","@id":"https:\/\/shop.bantam.ch\/de\/#organization","name":"Bantam Camping AG","url":"https:\/\/shop.bantam.ch\/de\/","logo":{"@type":"ImageObject","inLanguage":"de","@id":"https:\/\/shop.bantam.ch\/de\/#\/schema\/logo\/image\/","url":"https:\/\/shop.bantam.ch\/wp-content\/uploads\/2022\/12\/bantam-logo.png","contentUrl":"https:\/\/shop.bantam.ch\/wp-content\/uploads\/2022\/12\/bantam-logo.png","width":320,"height":71,"caption":"Bantam Camping AG"},"image":{"@id":"https:\/\/shop.bantam.ch\/de\/#\/schema\/logo\/image\/"}}]}},"_links":{"self":[{"href":"https:\/\/shop.bantam.ch\/de\/wp-json\/wp\/v2\/product\/113804","targetHints":{"allow":["GET"]}}],"collection":[{"href":"https:\/\/shop.bantam.ch\/de\/wp-json\/wp\/v2\/product"}],"about":[{"href":"https:\/\/shop.bantam.ch\/de\/wp-json\/wp\/v2\/types\/product"}],"wp:featuredmedia":[{"embeddable":true,"href":"https:\/\/shop.bantam.ch\/de\/wp-json\/wp\/v2\/media\/113802"}],"wp:attachment":[{"href":"https:\/\/shop.bantam.ch\/de\/wp-json\/wp\/v2\/media?parent=113804"}],"wp:term":[{"taxonomy":"product_featured_cat","embeddable":true,"href":"https:\/\/shop.bantam.ch\/de\/wp-json\/wp\/v2\/product_featured_cat?post=113804"},{"taxonomy":"product_brand","embeddable":true,"href":"https:\/\/shop.bantam.ch\/de\/wp-json\/wp\/v2\/product_brand?post=113804"},{"taxonomy":"product_cat","embeddable":true,"href":"https:\/\/shop.bantam.ch\/de\/wp-json\/wp\/v2\/product_cat?post=113804"},{"taxonomy":"product_tag","embeddable":true,"href":"https:\/\/shop.bantam.ch\/de\/wp-json\/wp\/v2\/product_tag?post=113804"}],"curies":[{"name":"wp","href":"https:\/\/api.w.org\/{rel}","templated":true}]}}