{"id":113666,"date":"2023-02-28T21:24:21","date_gmt":"2023-02-28T20:24:21","guid":{"rendered":"https:\/\/shop.bantam.ch\/produit\/c4b-sup-board-set-2\/"},"modified":"2026-05-10T23:17:46","modified_gmt":"2026-05-10T21:17:46","slug":"c4b-sup-board-set-2","status":"publish","type":"product","link":"https:\/\/shop.bantam.ch\/de\/produkt\/c4b-sup-board-set-2\/","title":{"rendered":"C4B SUP Board-Set"},"content":{"rendered":"<p>Unsere neue &#8222;K-Serie\u20ac\u009d sind die ultimativen Spa\u00dfger\u00e4te f\u00fcr Jedermann. Unkompliziert zu transportieren, einfach aufzupumpen, stark und fest in langlebiger C4B-Qualita\u00cc\u02c6t. Die K-Serie bietet drei ausgefeilte Allround Shapes, die sowohl auf Flachwasser als auch in kleinen Wellen Spa\u00df machen. Spa\u00df pur zum Mitnehmen!<\/p>\n<p>Die K-Serie ist die praktische Antwort auf wenig Stauraum, Stadtleben und Gepa\u00cc\u02c6ckbestimmungen. Die Allround-Outline im breiten Longboard- Style bietet einen idealen Mix aus m\u00fchelosem Dahingleiten und einem absolut sicheren Stand, der SUP Anfa\u00cc\u02c6nger und Fortgeschrittene gleicherma\u00dfen begeistert. Die optimierte Dicke der Boards sorgt bei gleichem PSI Druck f\u00fcr eine verbesserte Steifheit, das zusa\u00cc\u02c6tzliche Volumen macht dabei den SUP Spa\u00df noch unkomplizierter. Side-Fins sorgen f\u00fcr ausreichend Halt und super Dreheigenschaften, wodurch sich der Allrounder unter den Inflatables auch in kleinen Wellen pudelwohl f\u00fchlt.<\/p>\n","protected":false},"excerpt":{"rendered":"<p>Unsere neue &#8222;K-Serie\u20ac\u009d sind die ultimativen Spa\u00dfger\u00e4te f\u00fcr Jedermann. Unkompliziert zu transportieren, einfach aufzupumpen, stark und fest in langlebiger C4B-Qualita\u00cc\u02c6t. Die K-Serie bietet drei ausgefeilte Allround Shapes, die sowohl auf Flachwasser als auch in kleinen Wellen Spa\u00df machen. Spa\u00df pur zum Mitnehmen! Die K-Serie ist die praktische Antwort auf wenig Stauraum, Stadtleben und Gepa\u00cc\u02c6ckbestimmungen. Die [&hellip;]<\/p>\n","protected":false},"featured_media":113650,"template":"","meta":{"_acf_changed":false},"product_featured_cat":[5301],"product_brand":[3165],"product_cat":[4388],"product_tag":[],"class_list":{"0":"post-113666","1":"product","2":"type-product","3":"status-publish","4":"has-post-thumbnail","6":"product_featured_cat-promotions-etagnieres-fr","7":"product_brand-yachticon-de","8":"product_cat-sup","10":"first","11":"instock","12":"sale","13":"taxable","14":"shipping-taxable","15":"purchasable","16":"product-type-variable"},"acf":[],"yoast_head":"<!-- This site is optimized with the Yoast SEO plugin v27.5 - https:\/\/yoast.com\/product\/yoast-seo-wordpress\/ -->\n<title>C4B SUP Board-Set - Bantam<\/title>\n<meta name=\"robots\" content=\"index, follow, max-snippet:-1, max-image-preview:large, max-video-preview:-1\" \/>\n<link rel=\"canonical\" href=\"https:\/\/shop.bantam.ch\/de\/produkt\/c4b-sup-board-set-2\/\" \/>\n<meta property=\"og:locale\" content=\"de_DE\" \/>\n<meta property=\"og:type\" content=\"article\" \/>\n<meta property=\"og:title\" content=\"C4B SUP Board-Set - Bantam\" \/>\n<meta property=\"og:description\" content=\"Unsere neue &#8222;K-Serie\u20ac\u009d sind die ultimativen Spa\u00dfger\u00e4te f\u00fcr Jedermann. Unkompliziert zu transportieren, einfach aufzupumpen, stark und fest in langlebiger C4B-Qualita\u00cc\u02c6t. Die K-Serie bietet drei ausgefeilte Allround Shapes, die sowohl auf Flachwasser als auch in kleinen Wellen Spa\u00df machen. Spa\u00df pur zum Mitnehmen! Die K-Serie ist die praktische Antwort auf wenig Stauraum, Stadtleben und Gepa\u00cc\u02c6ckbestimmungen. Die [&hellip;]\" \/>\n<meta property=\"og:url\" content=\"https:\/\/shop.bantam.ch\/de\/produkt\/c4b-sup-board-set-2\/\" \/>\n<meta property=\"og:site_name\" content=\"Bantam\" \/>\n<meta property=\"article:modified_time\" content=\"2026-05-10T21:17:46+00:00\" \/>\n<meta property=\"og:image\" content=\"https:\/\/shop.bantam.ch\/wp-content\/uploads\/2023\/02\/996109011.jpg\" \/>\n\t<meta property=\"og:image:width\" content=\"255\" \/>\n\t<meta property=\"og:image:height\" content=\"1000\" \/>\n\t<meta property=\"og:image:type\" content=\"image\/jpeg\" \/>\n<meta name=\"twitter:card\" content=\"summary_large_image\" \/>\n<meta name=\"twitter:label1\" content=\"Gesch\u00e4tzte Lesezeit\" \/>\n\t<meta name=\"twitter:data1\" content=\"1\u00a0Minute\" \/>\n<script type=\"application\/ld+json\" class=\"yoast-schema-graph\">{\"@context\":\"https:\\\/\\\/schema.org\",\"@graph\":[{\"@type\":\"WebPage\",\"@id\":\"https:\\\/\\\/shop.bantam.ch\\\/de\\\/produkt\\\/c4b-sup-board-set-2\\\/\",\"url\":\"https:\\\/\\\/shop.bantam.ch\\\/de\\\/produkt\\\/c4b-sup-board-set-2\\\/\",\"name\":\"C4B SUP Board-Set - Bantam\",\"isPartOf\":{\"@id\":\"https:\\\/\\\/shop.bantam.ch\\\/de\\\/#website\"},\"primaryImageOfPage\":{\"@id\":\"https:\\\/\\\/shop.bantam.ch\\\/de\\\/produkt\\\/c4b-sup-board-set-2\\\/#primaryimage\"},\"image\":{\"@id\":\"https:\\\/\\\/shop.bantam.ch\\\/de\\\/produkt\\\/c4b-sup-board-set-2\\\/#primaryimage\"},\"thumbnailUrl\":\"https:\\\/\\\/shop.bantam.ch\\\/wp-content\\\/uploads\\\/2023\\\/02\\\/996109011.jpg\",\"datePublished\":\"2023-02-28T20:24:21+00:00\",\"dateModified\":\"2026-05-10T21:17:46+00:00\",\"breadcrumb\":{\"@id\":\"https:\\\/\\\/shop.bantam.ch\\\/de\\\/produkt\\\/c4b-sup-board-set-2\\\/#breadcrumb\"},\"inLanguage\":\"de\",\"potentialAction\":[{\"@type\":\"ReadAction\",\"target\":[\"https:\\\/\\\/shop.bantam.ch\\\/de\\\/produkt\\\/c4b-sup-board-set-2\\\/\"]}]},{\"@type\":\"ImageObject\",\"inLanguage\":\"de\",\"@id\":\"https:\\\/\\\/shop.bantam.ch\\\/de\\\/produkt\\\/c4b-sup-board-set-2\\\/#primaryimage\",\"url\":\"https:\\\/\\\/shop.bantam.ch\\\/wp-content\\\/uploads\\\/2023\\\/02\\\/996109011.jpg\",\"contentUrl\":\"https:\\\/\\\/shop.bantam.ch\\\/wp-content\\\/uploads\\\/2023\\\/02\\\/996109011.jpg\",\"width\":255,\"height\":1000},{\"@type\":\"BreadcrumbList\",\"@id\":\"https:\\\/\\\/shop.bantam.ch\\\/de\\\/produkt\\\/c4b-sup-board-set-2\\\/#breadcrumb\",\"itemListElement\":[{\"@type\":\"ListItem\",\"position\":1,\"name\":\"Accueil\",\"item\":\"https:\\\/\\\/shop.bantam.ch\\\/de\\\/\"},{\"@type\":\"ListItem\",\"position\":2,\"name\":\"Shop\",\"item\":\"https:\\\/\\\/shop.bantam.ch\\\/de\\\/shop\\\/\"},{\"@type\":\"ListItem\",\"position\":3,\"name\":\"C4B SUP Board-Set\"}]},{\"@type\":\"WebSite\",\"@id\":\"https:\\\/\\\/shop.bantam.ch\\\/de\\\/#website\",\"url\":\"https:\\\/\\\/shop.bantam.ch\\\/de\\\/\",\"name\":\"Bantam\",\"description\":\"\",\"publisher\":{\"@id\":\"https:\\\/\\\/shop.bantam.ch\\\/de\\\/#organization\"},\"inLanguage\":\"de\"},{\"@type\":\"Organization\",\"@id\":\"https:\\\/\\\/shop.bantam.ch\\\/de\\\/#organization\",\"name\":\"Bantam\",\"url\":\"https:\\\/\\\/shop.bantam.ch\\\/de\\\/\",\"logo\":{\"@type\":\"ImageObject\",\"inLanguage\":\"de\",\"@id\":\"https:\\\/\\\/shop.bantam.ch\\\/de\\\/#\\\/schema\\\/logo\\\/image\\\/\",\"url\":\"https:\\\/\\\/shop.bantam.ch\\\/wp-content\\\/uploads\\\/2022\\\/12\\\/bantam-logo.png\",\"contentUrl\":\"https:\\\/\\\/shop.bantam.ch\\\/wp-content\\\/uploads\\\/2022\\\/12\\\/bantam-logo.png\",\"width\":320,\"height\":71,\"caption\":\"Bantam\"},\"image\":{\"@id\":\"https:\\\/\\\/shop.bantam.ch\\\/de\\\/#\\\/schema\\\/logo\\\/image\\\/\"}}]}<\/script>\n<!-- \/ Yoast SEO plugin. -->","yoast_head_json":{"title":"C4B SUP Board-Set - Bantam","robots":{"index":"index","follow":"follow","max-snippet":"max-snippet:-1","max-image-preview":"max-image-preview:large","max-video-preview":"max-video-preview:-1"},"canonical":"https:\/\/shop.bantam.ch\/de\/produkt\/c4b-sup-board-set-2\/","og_locale":"de_DE","og_type":"article","og_title":"C4B SUP Board-Set - Bantam","og_description":"Unsere neue &#8222;K-Serie\u20ac\u009d sind die ultimativen Spa\u00dfger\u00e4te f\u00fcr Jedermann. Unkompliziert zu transportieren, einfach aufzupumpen, stark und fest in langlebiger C4B-Qualita\u00cc\u02c6t. Die K-Serie bietet drei ausgefeilte Allround Shapes, die sowohl auf Flachwasser als auch in kleinen Wellen Spa\u00df machen. Spa\u00df pur zum Mitnehmen! Die K-Serie ist die praktische Antwort auf wenig Stauraum, Stadtleben und Gepa\u00cc\u02c6ckbestimmungen. Die [&hellip;]","og_url":"https:\/\/shop.bantam.ch\/de\/produkt\/c4b-sup-board-set-2\/","og_site_name":"Bantam","article_modified_time":"2026-05-10T21:17:46+00:00","og_image":[{"width":255,"height":1000,"url":"https:\/\/shop.bantam.ch\/wp-content\/uploads\/2023\/02\/996109011.jpg","type":"image\/jpeg"}],"twitter_card":"summary_large_image","twitter_misc":{"Gesch\u00e4tzte Lesezeit":"1\u00a0Minute"},"schema":{"@context":"https:\/\/schema.org","@graph":[{"@type":"WebPage","@id":"https:\/\/shop.bantam.ch\/de\/produkt\/c4b-sup-board-set-2\/","url":"https:\/\/shop.bantam.ch\/de\/produkt\/c4b-sup-board-set-2\/","name":"C4B SUP Board-Set - Bantam","isPartOf":{"@id":"https:\/\/shop.bantam.ch\/de\/#website"},"primaryImageOfPage":{"@id":"https:\/\/shop.bantam.ch\/de\/produkt\/c4b-sup-board-set-2\/#primaryimage"},"image":{"@id":"https:\/\/shop.bantam.ch\/de\/produkt\/c4b-sup-board-set-2\/#primaryimage"},"thumbnailUrl":"https:\/\/shop.bantam.ch\/wp-content\/uploads\/2023\/02\/996109011.jpg","datePublished":"2023-02-28T20:24:21+00:00","dateModified":"2026-05-10T21:17:46+00:00","breadcrumb":{"@id":"https:\/\/shop.bantam.ch\/de\/produkt\/c4b-sup-board-set-2\/#breadcrumb"},"inLanguage":"de","potentialAction":[{"@type":"ReadAction","target":["https:\/\/shop.bantam.ch\/de\/produkt\/c4b-sup-board-set-2\/"]}]},{"@type":"ImageObject","inLanguage":"de","@id":"https:\/\/shop.bantam.ch\/de\/produkt\/c4b-sup-board-set-2\/#primaryimage","url":"https:\/\/shop.bantam.ch\/wp-content\/uploads\/2023\/02\/996109011.jpg","contentUrl":"https:\/\/shop.bantam.ch\/wp-content\/uploads\/2023\/02\/996109011.jpg","width":255,"height":1000},{"@type":"BreadcrumbList","@id":"https:\/\/shop.bantam.ch\/de\/produkt\/c4b-sup-board-set-2\/#breadcrumb","itemListElement":[{"@type":"ListItem","position":1,"name":"Accueil","item":"https:\/\/shop.bantam.ch\/de\/"},{"@type":"ListItem","position":2,"name":"Shop","item":"https:\/\/shop.bantam.ch\/de\/shop\/"},{"@type":"ListItem","position":3,"name":"C4B SUP Board-Set"}]},{"@type":"WebSite","@id":"https:\/\/shop.bantam.ch\/de\/#website","url":"https:\/\/shop.bantam.ch\/de\/","name":"Bantam","description":"","publisher":{"@id":"https:\/\/shop.bantam.ch\/de\/#organization"},"inLanguage":"de"},{"@type":"Organization","@id":"https:\/\/shop.bantam.ch\/de\/#organization","name":"Bantam","url":"https:\/\/shop.bantam.ch\/de\/","logo":{"@type":"ImageObject","inLanguage":"de","@id":"https:\/\/shop.bantam.ch\/de\/#\/schema\/logo\/image\/","url":"https:\/\/shop.bantam.ch\/wp-content\/uploads\/2022\/12\/bantam-logo.png","contentUrl":"https:\/\/shop.bantam.ch\/wp-content\/uploads\/2022\/12\/bantam-logo.png","width":320,"height":71,"caption":"Bantam"},"image":{"@id":"https:\/\/shop.bantam.ch\/de\/#\/schema\/logo\/image\/"}}]}},"_links":{"self":[{"href":"https:\/\/shop.bantam.ch\/de\/wp-json\/wp\/v2\/product\/113666","targetHints":{"allow":["GET"]}}],"collection":[{"href":"https:\/\/shop.bantam.ch\/de\/wp-json\/wp\/v2\/product"}],"about":[{"href":"https:\/\/shop.bantam.ch\/de\/wp-json\/wp\/v2\/types\/product"}],"wp:featuredmedia":[{"embeddable":true,"href":"https:\/\/shop.bantam.ch\/de\/wp-json\/wp\/v2\/media\/113650"}],"wp:attachment":[{"href":"https:\/\/shop.bantam.ch\/de\/wp-json\/wp\/v2\/media?parent=113666"}],"wp:term":[{"taxonomy":"product_featured_cat","embeddable":true,"href":"https:\/\/shop.bantam.ch\/de\/wp-json\/wp\/v2\/product_featured_cat?post=113666"},{"taxonomy":"product_brand","embeddable":true,"href":"https:\/\/shop.bantam.ch\/de\/wp-json\/wp\/v2\/product_brand?post=113666"},{"taxonomy":"product_cat","embeddable":true,"href":"https:\/\/shop.bantam.ch\/de\/wp-json\/wp\/v2\/product_cat?post=113666"},{"taxonomy":"product_tag","embeddable":true,"href":"https:\/\/shop.bantam.ch\/de\/wp-json\/wp\/v2\/product_tag?post=113666"}],"curies":[{"name":"wp","href":"https:\/\/api.w.org\/{rel}","templated":true}]}}