{"id":113610,"date":"2023-02-28T21:23:13","date_gmt":"2023-02-28T20:23:13","guid":{"rendered":"https:\/\/shop.bantam.ch\/produit\/universaltraeger-adventure-rack-fiat-ducato-u-baugleiche-schwarz\/"},"modified":"2026-04-17T23:17:50","modified_gmt":"2026-04-17T21:17:50","slug":"universaltraeger-adventure-rack-fiat-ducato-u-baugleiche-schwarz","status":"publish","type":"product","link":"https:\/\/shop.bantam.ch\/de\/produkt\/universaltraeger-adventure-rack-fiat-ducato-u-baugleiche-schwarz\/","title":{"rendered":"Universaltr\u00e4ger Adventure Rack, Fiat Ducato u. Baugleiche, schwarz"},"content":{"rendered":"<p>Universell erweiterbar durch optionales Zubeh\u00f6r zur Montage von Fahrr\u00e4dern, Ski\/Snowboards, Surfboard, Transportkiste, Reserverad. Die Montage erfolgt ohne Kleben an den Befestigungspunkten der T\u00fcrscharniere. Zum \u00d6ffnen der Heckt\u00fcren kann der Fahrradtr\u00e4ger im beladenen Zustand seitlich nach rechts weggeschwenkt werden. Komfortable Beladeh\u00f6he von 67 cm.<\/p>\n<p>F\u00fcr Fiat Ducato, Citro\u00e0\u00abn Jumper, Peugeot Boxer ab 07\/2006.<\/p>\n<p>Der Elektrokabelsatz ist separat zu bestellen.<\/p>\n<p>Lieferumfang:<br \/>Inklusive Grundrahmen f\u00fcr 2 Fahrr\u00e4der<br \/>2 Quertr\u00e4ger<br \/>Beleuchtungsleiste<\/p>\n","protected":false},"excerpt":{"rendered":"<p>Universell erweiterbar durch optionales Zubeh\u00f6r zur Montage von Fahrr\u00e4dern, Ski\/Snowboards, Surfboard, Transportkiste, Reserverad. Die Montage erfolgt ohne Kleben an den Befestigungspunkten der T\u00fcrscharniere. Zum \u00d6ffnen der Heckt\u00fcren kann der Fahrradtr\u00e4ger im beladenen Zustand seitlich nach rechts weggeschwenkt werden. Komfortable Beladeh\u00f6he von 67 cm. F\u00fcr Fiat Ducato, Citro\u00e0\u00abn Jumper, Peugeot Boxer ab 07\/2006. Der Elektrokabelsatz ist [&hellip;]<\/p>\n","protected":false},"featured_media":113600,"template":"","meta":{"_acf_changed":false},"product_featured_cat":[],"product_brand":[3227],"product_cat":[5138],"product_tag":[],"class_list":{"0":"post-113610","1":"product","2":"type-product","3":"status-publish","4":"has-post-thumbnail","6":"product_brand-eurocarry-de","7":"product_cat-heck-fahrradtraeger","9":"first","10":"instock","11":"taxable","12":"shipping-taxable","13":"purchasable","14":"product-type-variable"},"acf":[],"yoast_head":"<!-- This site is optimized with the Yoast SEO plugin v27.4 - https:\/\/yoast.com\/product\/yoast-seo-wordpress\/ -->\n<title>Universaltr\u00e4ger Adventure Rack, Fiat Ducato u. Baugleiche, schwarz - Bantam Camping AG<\/title>\n<meta name=\"robots\" content=\"index, follow, max-snippet:-1, max-image-preview:large, max-video-preview:-1\" \/>\n<link rel=\"canonical\" href=\"https:\/\/shop.bantam.ch\/de\/produkt\/universaltraeger-adventure-rack-fiat-ducato-u-baugleiche-schwarz\/\" \/>\n<meta property=\"og:locale\" content=\"de_DE\" \/>\n<meta property=\"og:type\" content=\"article\" \/>\n<meta property=\"og:title\" content=\"Universaltr\u00e4ger Adventure Rack, Fiat Ducato u. Baugleiche, schwarz - Bantam Camping AG\" \/>\n<meta property=\"og:description\" content=\"Universell erweiterbar durch optionales Zubeh\u00f6r zur Montage von Fahrr\u00e4dern, Ski\/Snowboards, Surfboard, Transportkiste, Reserverad. Die Montage erfolgt ohne Kleben an den Befestigungspunkten der T\u00fcrscharniere. Zum \u00d6ffnen der Heckt\u00fcren kann der Fahrradtr\u00e4ger im beladenen Zustand seitlich nach rechts weggeschwenkt werden. Komfortable Beladeh\u00f6he von 67 cm. F\u00fcr Fiat Ducato, Citro\u00e0\u00abn Jumper, Peugeot Boxer ab 07\/2006. Der Elektrokabelsatz ist [&hellip;]\" \/>\n<meta property=\"og:url\" content=\"https:\/\/shop.bantam.ch\/de\/produkt\/universaltraeger-adventure-rack-fiat-ducato-u-baugleiche-schwarz\/\" \/>\n<meta property=\"og:site_name\" content=\"Bantam Camping AG\" \/>\n<meta property=\"article:modified_time\" content=\"2026-04-17T21:17:50+00:00\" \/>\n<meta property=\"og:image\" content=\"https:\/\/shop.bantam.ch\/wp-content\/uploads\/2023\/02\/994428711.jpg\" \/>\n\t<meta property=\"og:image:width\" content=\"1000\" \/>\n\t<meta property=\"og:image:height\" content=\"832\" \/>\n\t<meta property=\"og:image:type\" content=\"image\/jpeg\" \/>\n<meta name=\"twitter:card\" content=\"summary_large_image\" \/>\n<script type=\"application\/ld+json\" class=\"yoast-schema-graph\">{\"@context\":\"https:\\\/\\\/schema.org\",\"@graph\":[{\"@type\":\"WebPage\",\"@id\":\"https:\\\/\\\/shop.bantam.ch\\\/de\\\/produkt\\\/universaltraeger-adventure-rack-fiat-ducato-u-baugleiche-schwarz\\\/\",\"url\":\"https:\\\/\\\/shop.bantam.ch\\\/de\\\/produkt\\\/universaltraeger-adventure-rack-fiat-ducato-u-baugleiche-schwarz\\\/\",\"name\":\"Universaltr\u00e4ger Adventure Rack, Fiat Ducato u. Baugleiche, schwarz - Bantam Camping AG\",\"isPartOf\":{\"@id\":\"https:\\\/\\\/shop.bantam.ch\\\/de\\\/#website\"},\"primaryImageOfPage\":{\"@id\":\"https:\\\/\\\/shop.bantam.ch\\\/de\\\/produkt\\\/universaltraeger-adventure-rack-fiat-ducato-u-baugleiche-schwarz\\\/#primaryimage\"},\"image\":{\"@id\":\"https:\\\/\\\/shop.bantam.ch\\\/de\\\/produkt\\\/universaltraeger-adventure-rack-fiat-ducato-u-baugleiche-schwarz\\\/#primaryimage\"},\"thumbnailUrl\":\"https:\\\/\\\/shop.bantam.ch\\\/wp-content\\\/uploads\\\/2023\\\/02\\\/994428711.jpg\",\"datePublished\":\"2023-02-28T20:23:13+00:00\",\"dateModified\":\"2026-04-17T21:17:50+00:00\",\"breadcrumb\":{\"@id\":\"https:\\\/\\\/shop.bantam.ch\\\/de\\\/produkt\\\/universaltraeger-adventure-rack-fiat-ducato-u-baugleiche-schwarz\\\/#breadcrumb\"},\"inLanguage\":\"de\",\"potentialAction\":[{\"@type\":\"ReadAction\",\"target\":[\"https:\\\/\\\/shop.bantam.ch\\\/de\\\/produkt\\\/universaltraeger-adventure-rack-fiat-ducato-u-baugleiche-schwarz\\\/\"]}]},{\"@type\":\"ImageObject\",\"inLanguage\":\"de\",\"@id\":\"https:\\\/\\\/shop.bantam.ch\\\/de\\\/produkt\\\/universaltraeger-adventure-rack-fiat-ducato-u-baugleiche-schwarz\\\/#primaryimage\",\"url\":\"https:\\\/\\\/shop.bantam.ch\\\/wp-content\\\/uploads\\\/2023\\\/02\\\/994428711.jpg\",\"contentUrl\":\"https:\\\/\\\/shop.bantam.ch\\\/wp-content\\\/uploads\\\/2023\\\/02\\\/994428711.jpg\",\"width\":1000,\"height\":832},{\"@type\":\"BreadcrumbList\",\"@id\":\"https:\\\/\\\/shop.bantam.ch\\\/de\\\/produkt\\\/universaltraeger-adventure-rack-fiat-ducato-u-baugleiche-schwarz\\\/#breadcrumb\",\"itemListElement\":[{\"@type\":\"ListItem\",\"position\":1,\"name\":\"Accueil\",\"item\":\"https:\\\/\\\/shop.bantam.ch\\\/de\\\/\"},{\"@type\":\"ListItem\",\"position\":2,\"name\":\"Shop\",\"item\":\"https:\\\/\\\/shop.bantam.ch\\\/de\\\/shop\\\/\"},{\"@type\":\"ListItem\",\"position\":3,\"name\":\"Universaltr\u00e4ger Adventure Rack, Fiat Ducato u. Baugleiche, schwarz\"}]},{\"@type\":\"WebSite\",\"@id\":\"https:\\\/\\\/shop.bantam.ch\\\/de\\\/#website\",\"url\":\"https:\\\/\\\/shop.bantam.ch\\\/de\\\/\",\"name\":\"Bantam Camping AG\",\"description\":\"\",\"publisher\":{\"@id\":\"https:\\\/\\\/shop.bantam.ch\\\/de\\\/#organization\"},\"inLanguage\":\"de\"},{\"@type\":\"Organization\",\"@id\":\"https:\\\/\\\/shop.bantam.ch\\\/de\\\/#organization\",\"name\":\"Bantam Camping AG\",\"url\":\"https:\\\/\\\/shop.bantam.ch\\\/de\\\/\",\"logo\":{\"@type\":\"ImageObject\",\"inLanguage\":\"de\",\"@id\":\"https:\\\/\\\/shop.bantam.ch\\\/de\\\/#\\\/schema\\\/logo\\\/image\\\/\",\"url\":\"https:\\\/\\\/shop.bantam.ch\\\/wp-content\\\/uploads\\\/2022\\\/12\\\/bantam-logo.png\",\"contentUrl\":\"https:\\\/\\\/shop.bantam.ch\\\/wp-content\\\/uploads\\\/2022\\\/12\\\/bantam-logo.png\",\"width\":320,\"height\":71,\"caption\":\"Bantam Camping AG\"},\"image\":{\"@id\":\"https:\\\/\\\/shop.bantam.ch\\\/de\\\/#\\\/schema\\\/logo\\\/image\\\/\"}}]}<\/script>\n<!-- \/ Yoast SEO plugin. -->","yoast_head_json":{"title":"Universaltr\u00e4ger Adventure Rack, Fiat Ducato u. Baugleiche, schwarz - Bantam Camping AG","robots":{"index":"index","follow":"follow","max-snippet":"max-snippet:-1","max-image-preview":"max-image-preview:large","max-video-preview":"max-video-preview:-1"},"canonical":"https:\/\/shop.bantam.ch\/de\/produkt\/universaltraeger-adventure-rack-fiat-ducato-u-baugleiche-schwarz\/","og_locale":"de_DE","og_type":"article","og_title":"Universaltr\u00e4ger Adventure Rack, Fiat Ducato u. Baugleiche, schwarz - Bantam Camping AG","og_description":"Universell erweiterbar durch optionales Zubeh\u00f6r zur Montage von Fahrr\u00e4dern, Ski\/Snowboards, Surfboard, Transportkiste, Reserverad. Die Montage erfolgt ohne Kleben an den Befestigungspunkten der T\u00fcrscharniere. Zum \u00d6ffnen der Heckt\u00fcren kann der Fahrradtr\u00e4ger im beladenen Zustand seitlich nach rechts weggeschwenkt werden. Komfortable Beladeh\u00f6he von 67 cm. F\u00fcr Fiat Ducato, Citro\u00e0\u00abn Jumper, Peugeot Boxer ab 07\/2006. Der Elektrokabelsatz ist [&hellip;]","og_url":"https:\/\/shop.bantam.ch\/de\/produkt\/universaltraeger-adventure-rack-fiat-ducato-u-baugleiche-schwarz\/","og_site_name":"Bantam Camping AG","article_modified_time":"2026-04-17T21:17:50+00:00","og_image":[{"width":1000,"height":832,"url":"https:\/\/shop.bantam.ch\/wp-content\/uploads\/2023\/02\/994428711.jpg","type":"image\/jpeg"}],"twitter_card":"summary_large_image","schema":{"@context":"https:\/\/schema.org","@graph":[{"@type":"WebPage","@id":"https:\/\/shop.bantam.ch\/de\/produkt\/universaltraeger-adventure-rack-fiat-ducato-u-baugleiche-schwarz\/","url":"https:\/\/shop.bantam.ch\/de\/produkt\/universaltraeger-adventure-rack-fiat-ducato-u-baugleiche-schwarz\/","name":"Universaltr\u00e4ger Adventure Rack, Fiat Ducato u. Baugleiche, schwarz - Bantam Camping AG","isPartOf":{"@id":"https:\/\/shop.bantam.ch\/de\/#website"},"primaryImageOfPage":{"@id":"https:\/\/shop.bantam.ch\/de\/produkt\/universaltraeger-adventure-rack-fiat-ducato-u-baugleiche-schwarz\/#primaryimage"},"image":{"@id":"https:\/\/shop.bantam.ch\/de\/produkt\/universaltraeger-adventure-rack-fiat-ducato-u-baugleiche-schwarz\/#primaryimage"},"thumbnailUrl":"https:\/\/shop.bantam.ch\/wp-content\/uploads\/2023\/02\/994428711.jpg","datePublished":"2023-02-28T20:23:13+00:00","dateModified":"2026-04-17T21:17:50+00:00","breadcrumb":{"@id":"https:\/\/shop.bantam.ch\/de\/produkt\/universaltraeger-adventure-rack-fiat-ducato-u-baugleiche-schwarz\/#breadcrumb"},"inLanguage":"de","potentialAction":[{"@type":"ReadAction","target":["https:\/\/shop.bantam.ch\/de\/produkt\/universaltraeger-adventure-rack-fiat-ducato-u-baugleiche-schwarz\/"]}]},{"@type":"ImageObject","inLanguage":"de","@id":"https:\/\/shop.bantam.ch\/de\/produkt\/universaltraeger-adventure-rack-fiat-ducato-u-baugleiche-schwarz\/#primaryimage","url":"https:\/\/shop.bantam.ch\/wp-content\/uploads\/2023\/02\/994428711.jpg","contentUrl":"https:\/\/shop.bantam.ch\/wp-content\/uploads\/2023\/02\/994428711.jpg","width":1000,"height":832},{"@type":"BreadcrumbList","@id":"https:\/\/shop.bantam.ch\/de\/produkt\/universaltraeger-adventure-rack-fiat-ducato-u-baugleiche-schwarz\/#breadcrumb","itemListElement":[{"@type":"ListItem","position":1,"name":"Accueil","item":"https:\/\/shop.bantam.ch\/de\/"},{"@type":"ListItem","position":2,"name":"Shop","item":"https:\/\/shop.bantam.ch\/de\/shop\/"},{"@type":"ListItem","position":3,"name":"Universaltr\u00e4ger Adventure Rack, Fiat Ducato u. Baugleiche, schwarz"}]},{"@type":"WebSite","@id":"https:\/\/shop.bantam.ch\/de\/#website","url":"https:\/\/shop.bantam.ch\/de\/","name":"Bantam Camping AG","description":"","publisher":{"@id":"https:\/\/shop.bantam.ch\/de\/#organization"},"inLanguage":"de"},{"@type":"Organization","@id":"https:\/\/shop.bantam.ch\/de\/#organization","name":"Bantam Camping AG","url":"https:\/\/shop.bantam.ch\/de\/","logo":{"@type":"ImageObject","inLanguage":"de","@id":"https:\/\/shop.bantam.ch\/de\/#\/schema\/logo\/image\/","url":"https:\/\/shop.bantam.ch\/wp-content\/uploads\/2022\/12\/bantam-logo.png","contentUrl":"https:\/\/shop.bantam.ch\/wp-content\/uploads\/2022\/12\/bantam-logo.png","width":320,"height":71,"caption":"Bantam Camping AG"},"image":{"@id":"https:\/\/shop.bantam.ch\/de\/#\/schema\/logo\/image\/"}}]}},"_links":{"self":[{"href":"https:\/\/shop.bantam.ch\/de\/wp-json\/wp\/v2\/product\/113610","targetHints":{"allow":["GET"]}}],"collection":[{"href":"https:\/\/shop.bantam.ch\/de\/wp-json\/wp\/v2\/product"}],"about":[{"href":"https:\/\/shop.bantam.ch\/de\/wp-json\/wp\/v2\/types\/product"}],"wp:featuredmedia":[{"embeddable":true,"href":"https:\/\/shop.bantam.ch\/de\/wp-json\/wp\/v2\/media\/113600"}],"wp:attachment":[{"href":"https:\/\/shop.bantam.ch\/de\/wp-json\/wp\/v2\/media?parent=113610"}],"wp:term":[{"taxonomy":"product_featured_cat","embeddable":true,"href":"https:\/\/shop.bantam.ch\/de\/wp-json\/wp\/v2\/product_featured_cat?post=113610"},{"taxonomy":"product_brand","embeddable":true,"href":"https:\/\/shop.bantam.ch\/de\/wp-json\/wp\/v2\/product_brand?post=113610"},{"taxonomy":"product_cat","embeddable":true,"href":"https:\/\/shop.bantam.ch\/de\/wp-json\/wp\/v2\/product_cat?post=113610"},{"taxonomy":"product_tag","embeddable":true,"href":"https:\/\/shop.bantam.ch\/de\/wp-json\/wp\/v2\/product_tag?post=113610"}],"curies":[{"name":"wp","href":"https:\/\/api.w.org\/{rel}","templated":true}]}}