{"id":113504,"date":"2023-02-28T21:21:14","date_gmt":"2023-02-28T20:21:14","guid":{"rendered":"https:\/\/shop.bantam.ch\/produit\/wandablage-static-loc-plus-osimo-chrom\/"},"modified":"2026-04-18T21:43:35","modified_gmt":"2026-04-18T19:43:35","slug":"wandablage-static-loc-plus-osimo-chrom","status":"publish","type":"product","link":"https:\/\/shop.bantam.ch\/de\/produkt\/wandablage-static-loc-plus-osimo-chrom\/","title":{"rendered":"Wandablage WENKO Osimo Static-Loc Plus, Chrom"},"content":{"rendered":"<p>Stahl verchromt. Sicherer Halt auf allen glatten, luftundurchl\u00e4ssigen Oberfl\u00e4chen (wie z.B. Fliesen, Glas, folierte Holzplatten). Befestigen ohne bohren und ohne Werkzeug. Einfach Schutzfolie abziehen und Haftpad fest andr\u00fccken, anschlie\u00dfend Artikel aufsetzen und festdrehen. Sofort belastbar und jederzeit repositionierbar. R\u00fcckstandslos zu entfernen.<\/p>\n","protected":false},"excerpt":{"rendered":"<p>Stahl verchromt. Sicherer Halt auf allen glatten, luftundurchl\u00e4ssigen Oberfl\u00e4chen (wie z.B. Fliesen, Glas, folierte Holzplatten). Befestigen ohne bohren und ohne Werkzeug. Einfach Schutzfolie abziehen und Haftpad fest andr\u00fccken, anschlie\u00dfend Artikel aufsetzen und festdrehen. Sofort belastbar und jederzeit repositionierbar. R\u00fcckstandslos zu entfernen.<\/p>\n","protected":false},"featured_media":113502,"template":"","meta":{"_acf_changed":false},"product_featured_cat":[],"product_brand":[3161],"product_cat":[4578],"product_tag":[],"class_list":{"0":"post-113504","1":"product","2":"type-product","3":"status-publish","4":"has-post-thumbnail","6":"product_brand-wenko-de","7":"product_cat-bad-accessoires","9":"first","10":"instock","11":"taxable","12":"shipping-taxable","13":"purchasable","14":"product-type-simple"},"acf":[],"yoast_head":"<!-- This site is optimized with the Yoast SEO plugin v27.4 - https:\/\/yoast.com\/product\/yoast-seo-wordpress\/ -->\n<title>Wandablage WENKO Osimo Static-Loc Plus, Chrom - Bantam Camping AG<\/title>\n<meta name=\"robots\" content=\"index, follow, max-snippet:-1, max-image-preview:large, max-video-preview:-1\" \/>\n<link rel=\"canonical\" href=\"https:\/\/shop.bantam.ch\/de\/produkt\/wandablage-static-loc-plus-osimo-chrom\/\" \/>\n<meta property=\"og:locale\" content=\"de_DE\" \/>\n<meta property=\"og:type\" content=\"article\" \/>\n<meta property=\"og:title\" content=\"Wandablage WENKO Osimo Static-Loc Plus, Chrom - Bantam Camping AG\" \/>\n<meta property=\"og:description\" content=\"Stahl verchromt. Sicherer Halt auf allen glatten, luftundurchl\u00e4ssigen Oberfl\u00e4chen (wie z.B. Fliesen, Glas, folierte Holzplatten). Befestigen ohne bohren und ohne Werkzeug. Einfach Schutzfolie abziehen und Haftpad fest andr\u00fccken, anschlie\u00dfend Artikel aufsetzen und festdrehen. Sofort belastbar und jederzeit repositionierbar. R\u00fcckstandslos zu entfernen.\" \/>\n<meta property=\"og:url\" content=\"https:\/\/shop.bantam.ch\/de\/produkt\/wandablage-static-loc-plus-osimo-chrom\/\" \/>\n<meta property=\"og:site_name\" content=\"Bantam Camping AG\" \/>\n<meta property=\"article:modified_time\" content=\"2026-04-18T19:43:35+00:00\" \/>\n<meta property=\"og:image\" content=\"https:\/\/shop.bantam.ch\/wp-content\/uploads\/2023\/02\/998436511.jpg\" \/>\n\t<meta property=\"og:image:width\" content=\"1000\" \/>\n\t<meta property=\"og:image:height\" content=\"675\" \/>\n\t<meta property=\"og:image:type\" content=\"image\/jpeg\" \/>\n<meta name=\"twitter:card\" content=\"summary_large_image\" \/>\n<script type=\"application\/ld+json\" class=\"yoast-schema-graph\">{\"@context\":\"https:\\\/\\\/schema.org\",\"@graph\":[{\"@type\":\"WebPage\",\"@id\":\"https:\\\/\\\/shop.bantam.ch\\\/de\\\/produkt\\\/wandablage-static-loc-plus-osimo-chrom\\\/\",\"url\":\"https:\\\/\\\/shop.bantam.ch\\\/de\\\/produkt\\\/wandablage-static-loc-plus-osimo-chrom\\\/\",\"name\":\"Wandablage WENKO Osimo Static-Loc Plus, Chrom - Bantam Camping AG\",\"isPartOf\":{\"@id\":\"https:\\\/\\\/shop.bantam.ch\\\/de\\\/#website\"},\"primaryImageOfPage\":{\"@id\":\"https:\\\/\\\/shop.bantam.ch\\\/de\\\/produkt\\\/wandablage-static-loc-plus-osimo-chrom\\\/#primaryimage\"},\"image\":{\"@id\":\"https:\\\/\\\/shop.bantam.ch\\\/de\\\/produkt\\\/wandablage-static-loc-plus-osimo-chrom\\\/#primaryimage\"},\"thumbnailUrl\":\"https:\\\/\\\/shop.bantam.ch\\\/wp-content\\\/uploads\\\/2023\\\/02\\\/998436511.jpg\",\"datePublished\":\"2023-02-28T20:21:14+00:00\",\"dateModified\":\"2026-04-18T19:43:35+00:00\",\"breadcrumb\":{\"@id\":\"https:\\\/\\\/shop.bantam.ch\\\/de\\\/produkt\\\/wandablage-static-loc-plus-osimo-chrom\\\/#breadcrumb\"},\"inLanguage\":\"de\",\"potentialAction\":[{\"@type\":\"ReadAction\",\"target\":[\"https:\\\/\\\/shop.bantam.ch\\\/de\\\/produkt\\\/wandablage-static-loc-plus-osimo-chrom\\\/\"]}]},{\"@type\":\"ImageObject\",\"inLanguage\":\"de\",\"@id\":\"https:\\\/\\\/shop.bantam.ch\\\/de\\\/produkt\\\/wandablage-static-loc-plus-osimo-chrom\\\/#primaryimage\",\"url\":\"https:\\\/\\\/shop.bantam.ch\\\/wp-content\\\/uploads\\\/2023\\\/02\\\/998436511.jpg\",\"contentUrl\":\"https:\\\/\\\/shop.bantam.ch\\\/wp-content\\\/uploads\\\/2023\\\/02\\\/998436511.jpg\",\"width\":1000,\"height\":675},{\"@type\":\"BreadcrumbList\",\"@id\":\"https:\\\/\\\/shop.bantam.ch\\\/de\\\/produkt\\\/wandablage-static-loc-plus-osimo-chrom\\\/#breadcrumb\",\"itemListElement\":[{\"@type\":\"ListItem\",\"position\":1,\"name\":\"Accueil\",\"item\":\"https:\\\/\\\/shop.bantam.ch\\\/de\\\/\"},{\"@type\":\"ListItem\",\"position\":2,\"name\":\"Shop\",\"item\":\"https:\\\/\\\/shop.bantam.ch\\\/de\\\/shop\\\/\"},{\"@type\":\"ListItem\",\"position\":3,\"name\":\"Wandablage WENKO Osimo Static-Loc Plus, Chrom\"}]},{\"@type\":\"WebSite\",\"@id\":\"https:\\\/\\\/shop.bantam.ch\\\/de\\\/#website\",\"url\":\"https:\\\/\\\/shop.bantam.ch\\\/de\\\/\",\"name\":\"Bantam Camping AG\",\"description\":\"\",\"publisher\":{\"@id\":\"https:\\\/\\\/shop.bantam.ch\\\/de\\\/#organization\"},\"inLanguage\":\"de\"},{\"@type\":\"Organization\",\"@id\":\"https:\\\/\\\/shop.bantam.ch\\\/de\\\/#organization\",\"name\":\"Bantam Camping AG\",\"url\":\"https:\\\/\\\/shop.bantam.ch\\\/de\\\/\",\"logo\":{\"@type\":\"ImageObject\",\"inLanguage\":\"de\",\"@id\":\"https:\\\/\\\/shop.bantam.ch\\\/de\\\/#\\\/schema\\\/logo\\\/image\\\/\",\"url\":\"https:\\\/\\\/shop.bantam.ch\\\/wp-content\\\/uploads\\\/2022\\\/12\\\/bantam-logo.png\",\"contentUrl\":\"https:\\\/\\\/shop.bantam.ch\\\/wp-content\\\/uploads\\\/2022\\\/12\\\/bantam-logo.png\",\"width\":320,\"height\":71,\"caption\":\"Bantam Camping AG\"},\"image\":{\"@id\":\"https:\\\/\\\/shop.bantam.ch\\\/de\\\/#\\\/schema\\\/logo\\\/image\\\/\"}}]}<\/script>\n<!-- \/ Yoast SEO plugin. -->","yoast_head_json":{"title":"Wandablage WENKO Osimo Static-Loc Plus, Chrom - Bantam Camping AG","robots":{"index":"index","follow":"follow","max-snippet":"max-snippet:-1","max-image-preview":"max-image-preview:large","max-video-preview":"max-video-preview:-1"},"canonical":"https:\/\/shop.bantam.ch\/de\/produkt\/wandablage-static-loc-plus-osimo-chrom\/","og_locale":"de_DE","og_type":"article","og_title":"Wandablage WENKO Osimo Static-Loc Plus, Chrom - Bantam Camping AG","og_description":"Stahl verchromt. Sicherer Halt auf allen glatten, luftundurchl\u00e4ssigen Oberfl\u00e4chen (wie z.B. Fliesen, Glas, folierte Holzplatten). Befestigen ohne bohren und ohne Werkzeug. Einfach Schutzfolie abziehen und Haftpad fest andr\u00fccken, anschlie\u00dfend Artikel aufsetzen und festdrehen. Sofort belastbar und jederzeit repositionierbar. R\u00fcckstandslos zu entfernen.","og_url":"https:\/\/shop.bantam.ch\/de\/produkt\/wandablage-static-loc-plus-osimo-chrom\/","og_site_name":"Bantam Camping AG","article_modified_time":"2026-04-18T19:43:35+00:00","og_image":[{"width":1000,"height":675,"url":"https:\/\/shop.bantam.ch\/wp-content\/uploads\/2023\/02\/998436511.jpg","type":"image\/jpeg"}],"twitter_card":"summary_large_image","schema":{"@context":"https:\/\/schema.org","@graph":[{"@type":"WebPage","@id":"https:\/\/shop.bantam.ch\/de\/produkt\/wandablage-static-loc-plus-osimo-chrom\/","url":"https:\/\/shop.bantam.ch\/de\/produkt\/wandablage-static-loc-plus-osimo-chrom\/","name":"Wandablage WENKO Osimo Static-Loc Plus, Chrom - Bantam Camping AG","isPartOf":{"@id":"https:\/\/shop.bantam.ch\/de\/#website"},"primaryImageOfPage":{"@id":"https:\/\/shop.bantam.ch\/de\/produkt\/wandablage-static-loc-plus-osimo-chrom\/#primaryimage"},"image":{"@id":"https:\/\/shop.bantam.ch\/de\/produkt\/wandablage-static-loc-plus-osimo-chrom\/#primaryimage"},"thumbnailUrl":"https:\/\/shop.bantam.ch\/wp-content\/uploads\/2023\/02\/998436511.jpg","datePublished":"2023-02-28T20:21:14+00:00","dateModified":"2026-04-18T19:43:35+00:00","breadcrumb":{"@id":"https:\/\/shop.bantam.ch\/de\/produkt\/wandablage-static-loc-plus-osimo-chrom\/#breadcrumb"},"inLanguage":"de","potentialAction":[{"@type":"ReadAction","target":["https:\/\/shop.bantam.ch\/de\/produkt\/wandablage-static-loc-plus-osimo-chrom\/"]}]},{"@type":"ImageObject","inLanguage":"de","@id":"https:\/\/shop.bantam.ch\/de\/produkt\/wandablage-static-loc-plus-osimo-chrom\/#primaryimage","url":"https:\/\/shop.bantam.ch\/wp-content\/uploads\/2023\/02\/998436511.jpg","contentUrl":"https:\/\/shop.bantam.ch\/wp-content\/uploads\/2023\/02\/998436511.jpg","width":1000,"height":675},{"@type":"BreadcrumbList","@id":"https:\/\/shop.bantam.ch\/de\/produkt\/wandablage-static-loc-plus-osimo-chrom\/#breadcrumb","itemListElement":[{"@type":"ListItem","position":1,"name":"Accueil","item":"https:\/\/shop.bantam.ch\/de\/"},{"@type":"ListItem","position":2,"name":"Shop","item":"https:\/\/shop.bantam.ch\/de\/shop\/"},{"@type":"ListItem","position":3,"name":"Wandablage WENKO Osimo Static-Loc Plus, Chrom"}]},{"@type":"WebSite","@id":"https:\/\/shop.bantam.ch\/de\/#website","url":"https:\/\/shop.bantam.ch\/de\/","name":"Bantam Camping AG","description":"","publisher":{"@id":"https:\/\/shop.bantam.ch\/de\/#organization"},"inLanguage":"de"},{"@type":"Organization","@id":"https:\/\/shop.bantam.ch\/de\/#organization","name":"Bantam Camping AG","url":"https:\/\/shop.bantam.ch\/de\/","logo":{"@type":"ImageObject","inLanguage":"de","@id":"https:\/\/shop.bantam.ch\/de\/#\/schema\/logo\/image\/","url":"https:\/\/shop.bantam.ch\/wp-content\/uploads\/2022\/12\/bantam-logo.png","contentUrl":"https:\/\/shop.bantam.ch\/wp-content\/uploads\/2022\/12\/bantam-logo.png","width":320,"height":71,"caption":"Bantam Camping AG"},"image":{"@id":"https:\/\/shop.bantam.ch\/de\/#\/schema\/logo\/image\/"}}]}},"_links":{"self":[{"href":"https:\/\/shop.bantam.ch\/de\/wp-json\/wp\/v2\/product\/113504","targetHints":{"allow":["GET"]}}],"collection":[{"href":"https:\/\/shop.bantam.ch\/de\/wp-json\/wp\/v2\/product"}],"about":[{"href":"https:\/\/shop.bantam.ch\/de\/wp-json\/wp\/v2\/types\/product"}],"wp:featuredmedia":[{"embeddable":true,"href":"https:\/\/shop.bantam.ch\/de\/wp-json\/wp\/v2\/media\/113502"}],"wp:attachment":[{"href":"https:\/\/shop.bantam.ch\/de\/wp-json\/wp\/v2\/media?parent=113504"}],"wp:term":[{"taxonomy":"product_featured_cat","embeddable":true,"href":"https:\/\/shop.bantam.ch\/de\/wp-json\/wp\/v2\/product_featured_cat?post=113504"},{"taxonomy":"product_brand","embeddable":true,"href":"https:\/\/shop.bantam.ch\/de\/wp-json\/wp\/v2\/product_brand?post=113504"},{"taxonomy":"product_cat","embeddable":true,"href":"https:\/\/shop.bantam.ch\/de\/wp-json\/wp\/v2\/product_cat?post=113504"},{"taxonomy":"product_tag","embeddable":true,"href":"https:\/\/shop.bantam.ch\/de\/wp-json\/wp\/v2\/product_tag?post=113504"}],"curies":[{"name":"wp","href":"https:\/\/api.w.org\/{rel}","templated":true}]}}