{"id":113444,"date":"2023-02-28T21:12:11","date_gmt":"2023-02-28T20:12:11","guid":{"rendered":"https:\/\/shop.bantam.ch\/produit\/duschkopfhalter-magic-loc-fiorina-chrom\/"},"modified":"2026-04-19T21:44:53","modified_gmt":"2026-04-19T19:44:53","slug":"duschkopfhalter-magic-loc-fiorina-chrom","status":"publish","type":"product","link":"https:\/\/shop.bantam.ch\/de\/produkt\/duschkopfhalter-magic-loc-fiorina-chrom\/","title":{"rendered":"Duschkopfhalter WENKO Fiorina Magic-Loc, Chrom"},"content":{"rendered":"<p>H\u00e4lt extrem fest dank T\u00dcV-gepr\u00fcftem Saugkammersystem und ist spurlos wieder abl\u00f6sbar! Dieser selbsthaftende Duschkopfhalter h\u00e4lt ohne Bohren und Kleben auf glatten, rauen und sogar unebenen Oberfl\u00e4chen. L\u00e4sst sich blitzschnell ohne Werkzeug montieren und auch wieder abnehmen, um ihn an anderer Stelle wieder einzusetzen. Keine Schlauchgebinde um Armaturen mehr, dieser Duschkopfhalter ist auch f\u00fcr die Badewanne die ideale L\u00f6sung! Belastbar bis 2,5 Kilo. T\u00dcV Rheinland &#8211; Bauart gepr\u00fcft.<\/p>\n","protected":false},"excerpt":{"rendered":"<p>H\u00e4lt extrem fest dank T\u00dcV-gepr\u00fcftem Saugkammersystem und ist spurlos wieder abl\u00f6sbar! Dieser selbsthaftende Duschkopfhalter h\u00e4lt ohne Bohren und Kleben auf glatten, rauen und sogar unebenen Oberfl\u00e4chen. L\u00e4sst sich blitzschnell ohne Werkzeug montieren und auch wieder abnehmen, um ihn an anderer Stelle wieder einzusetzen. Keine Schlauchgebinde um Armaturen mehr, dieser Duschkopfhalter ist auch f\u00fcr die Badewanne [&hellip;]<\/p>\n","protected":false},"featured_media":113440,"template":"","meta":{"_acf_changed":false},"product_featured_cat":[],"product_brand":[3161],"product_cat":[5028],"product_tag":[],"class_list":{"0":"post-113444","1":"product","2":"type-product","3":"status-publish","4":"has-post-thumbnail","6":"product_brand-wenko-de","7":"product_cat-brausehalterungen","9":"first","10":"instock","11":"taxable","12":"shipping-taxable","13":"purchasable","14":"product-type-simple"},"acf":[],"yoast_head":"<!-- This site is optimized with the Yoast SEO plugin v27.4 - https:\/\/yoast.com\/product\/yoast-seo-wordpress\/ -->\n<title>Duschkopfhalter WENKO Fiorina Magic-Loc, Chrom - Bantam Camping AG<\/title>\n<meta name=\"robots\" content=\"index, follow, max-snippet:-1, max-image-preview:large, max-video-preview:-1\" \/>\n<link rel=\"canonical\" href=\"https:\/\/shop.bantam.ch\/de\/produkt\/duschkopfhalter-magic-loc-fiorina-chrom\/\" \/>\n<meta property=\"og:locale\" content=\"de_DE\" \/>\n<meta property=\"og:type\" content=\"article\" \/>\n<meta property=\"og:title\" content=\"Duschkopfhalter WENKO Fiorina Magic-Loc, Chrom - Bantam Camping AG\" \/>\n<meta property=\"og:description\" content=\"H\u00e4lt extrem fest dank T\u00dcV-gepr\u00fcftem Saugkammersystem und ist spurlos wieder abl\u00f6sbar! Dieser selbsthaftende Duschkopfhalter h\u00e4lt ohne Bohren und Kleben auf glatten, rauen und sogar unebenen Oberfl\u00e4chen. L\u00e4sst sich blitzschnell ohne Werkzeug montieren und auch wieder abnehmen, um ihn an anderer Stelle wieder einzusetzen. Keine Schlauchgebinde um Armaturen mehr, dieser Duschkopfhalter ist auch f\u00fcr die Badewanne [&hellip;]\" \/>\n<meta property=\"og:url\" content=\"https:\/\/shop.bantam.ch\/de\/produkt\/duschkopfhalter-magic-loc-fiorina-chrom\/\" \/>\n<meta property=\"og:site_name\" content=\"Bantam Camping AG\" \/>\n<meta property=\"article:modified_time\" content=\"2026-04-19T19:44:53+00:00\" \/>\n<meta property=\"og:image\" content=\"https:\/\/shop.bantam.ch\/wp-content\/uploads\/2023\/02\/998424711.jpg\" \/>\n\t<meta property=\"og:image:width\" content=\"691\" \/>\n\t<meta property=\"og:image:height\" content=\"1000\" \/>\n\t<meta property=\"og:image:type\" content=\"image\/jpeg\" \/>\n<meta name=\"twitter:card\" content=\"summary_large_image\" \/>\n<script type=\"application\/ld+json\" class=\"yoast-schema-graph\">{\"@context\":\"https:\\\/\\\/schema.org\",\"@graph\":[{\"@type\":\"WebPage\",\"@id\":\"https:\\\/\\\/shop.bantam.ch\\\/de\\\/produkt\\\/duschkopfhalter-magic-loc-fiorina-chrom\\\/\",\"url\":\"https:\\\/\\\/shop.bantam.ch\\\/de\\\/produkt\\\/duschkopfhalter-magic-loc-fiorina-chrom\\\/\",\"name\":\"Duschkopfhalter WENKO Fiorina Magic-Loc, Chrom - Bantam Camping AG\",\"isPartOf\":{\"@id\":\"https:\\\/\\\/shop.bantam.ch\\\/de\\\/#website\"},\"primaryImageOfPage\":{\"@id\":\"https:\\\/\\\/shop.bantam.ch\\\/de\\\/produkt\\\/duschkopfhalter-magic-loc-fiorina-chrom\\\/#primaryimage\"},\"image\":{\"@id\":\"https:\\\/\\\/shop.bantam.ch\\\/de\\\/produkt\\\/duschkopfhalter-magic-loc-fiorina-chrom\\\/#primaryimage\"},\"thumbnailUrl\":\"https:\\\/\\\/shop.bantam.ch\\\/wp-content\\\/uploads\\\/2023\\\/02\\\/998424711.jpg\",\"datePublished\":\"2023-02-28T20:12:11+00:00\",\"dateModified\":\"2026-04-19T19:44:53+00:00\",\"breadcrumb\":{\"@id\":\"https:\\\/\\\/shop.bantam.ch\\\/de\\\/produkt\\\/duschkopfhalter-magic-loc-fiorina-chrom\\\/#breadcrumb\"},\"inLanguage\":\"de\",\"potentialAction\":[{\"@type\":\"ReadAction\",\"target\":[\"https:\\\/\\\/shop.bantam.ch\\\/de\\\/produkt\\\/duschkopfhalter-magic-loc-fiorina-chrom\\\/\"]}]},{\"@type\":\"ImageObject\",\"inLanguage\":\"de\",\"@id\":\"https:\\\/\\\/shop.bantam.ch\\\/de\\\/produkt\\\/duschkopfhalter-magic-loc-fiorina-chrom\\\/#primaryimage\",\"url\":\"https:\\\/\\\/shop.bantam.ch\\\/wp-content\\\/uploads\\\/2023\\\/02\\\/998424711.jpg\",\"contentUrl\":\"https:\\\/\\\/shop.bantam.ch\\\/wp-content\\\/uploads\\\/2023\\\/02\\\/998424711.jpg\",\"width\":691,\"height\":1000},{\"@type\":\"BreadcrumbList\",\"@id\":\"https:\\\/\\\/shop.bantam.ch\\\/de\\\/produkt\\\/duschkopfhalter-magic-loc-fiorina-chrom\\\/#breadcrumb\",\"itemListElement\":[{\"@type\":\"ListItem\",\"position\":1,\"name\":\"Accueil\",\"item\":\"https:\\\/\\\/shop.bantam.ch\\\/de\\\/\"},{\"@type\":\"ListItem\",\"position\":2,\"name\":\"Shop\",\"item\":\"https:\\\/\\\/shop.bantam.ch\\\/de\\\/shop\\\/\"},{\"@type\":\"ListItem\",\"position\":3,\"name\":\"Duschkopfhalter WENKO Fiorina Magic-Loc, Chrom\"}]},{\"@type\":\"WebSite\",\"@id\":\"https:\\\/\\\/shop.bantam.ch\\\/de\\\/#website\",\"url\":\"https:\\\/\\\/shop.bantam.ch\\\/de\\\/\",\"name\":\"Bantam Camping AG\",\"description\":\"\",\"publisher\":{\"@id\":\"https:\\\/\\\/shop.bantam.ch\\\/de\\\/#organization\"},\"inLanguage\":\"de\"},{\"@type\":\"Organization\",\"@id\":\"https:\\\/\\\/shop.bantam.ch\\\/de\\\/#organization\",\"name\":\"Bantam Camping AG\",\"url\":\"https:\\\/\\\/shop.bantam.ch\\\/de\\\/\",\"logo\":{\"@type\":\"ImageObject\",\"inLanguage\":\"de\",\"@id\":\"https:\\\/\\\/shop.bantam.ch\\\/de\\\/#\\\/schema\\\/logo\\\/image\\\/\",\"url\":\"https:\\\/\\\/shop.bantam.ch\\\/wp-content\\\/uploads\\\/2022\\\/12\\\/bantam-logo.png\",\"contentUrl\":\"https:\\\/\\\/shop.bantam.ch\\\/wp-content\\\/uploads\\\/2022\\\/12\\\/bantam-logo.png\",\"width\":320,\"height\":71,\"caption\":\"Bantam Camping AG\"},\"image\":{\"@id\":\"https:\\\/\\\/shop.bantam.ch\\\/de\\\/#\\\/schema\\\/logo\\\/image\\\/\"}}]}<\/script>\n<!-- \/ Yoast SEO plugin. -->","yoast_head_json":{"title":"Duschkopfhalter WENKO Fiorina Magic-Loc, Chrom - Bantam Camping AG","robots":{"index":"index","follow":"follow","max-snippet":"max-snippet:-1","max-image-preview":"max-image-preview:large","max-video-preview":"max-video-preview:-1"},"canonical":"https:\/\/shop.bantam.ch\/de\/produkt\/duschkopfhalter-magic-loc-fiorina-chrom\/","og_locale":"de_DE","og_type":"article","og_title":"Duschkopfhalter WENKO Fiorina Magic-Loc, Chrom - Bantam Camping AG","og_description":"H\u00e4lt extrem fest dank T\u00dcV-gepr\u00fcftem Saugkammersystem und ist spurlos wieder abl\u00f6sbar! Dieser selbsthaftende Duschkopfhalter h\u00e4lt ohne Bohren und Kleben auf glatten, rauen und sogar unebenen Oberfl\u00e4chen. L\u00e4sst sich blitzschnell ohne Werkzeug montieren und auch wieder abnehmen, um ihn an anderer Stelle wieder einzusetzen. Keine Schlauchgebinde um Armaturen mehr, dieser Duschkopfhalter ist auch f\u00fcr die Badewanne [&hellip;]","og_url":"https:\/\/shop.bantam.ch\/de\/produkt\/duschkopfhalter-magic-loc-fiorina-chrom\/","og_site_name":"Bantam Camping AG","article_modified_time":"2026-04-19T19:44:53+00:00","og_image":[{"width":691,"height":1000,"url":"https:\/\/shop.bantam.ch\/wp-content\/uploads\/2023\/02\/998424711.jpg","type":"image\/jpeg"}],"twitter_card":"summary_large_image","schema":{"@context":"https:\/\/schema.org","@graph":[{"@type":"WebPage","@id":"https:\/\/shop.bantam.ch\/de\/produkt\/duschkopfhalter-magic-loc-fiorina-chrom\/","url":"https:\/\/shop.bantam.ch\/de\/produkt\/duschkopfhalter-magic-loc-fiorina-chrom\/","name":"Duschkopfhalter WENKO Fiorina Magic-Loc, Chrom - Bantam Camping AG","isPartOf":{"@id":"https:\/\/shop.bantam.ch\/de\/#website"},"primaryImageOfPage":{"@id":"https:\/\/shop.bantam.ch\/de\/produkt\/duschkopfhalter-magic-loc-fiorina-chrom\/#primaryimage"},"image":{"@id":"https:\/\/shop.bantam.ch\/de\/produkt\/duschkopfhalter-magic-loc-fiorina-chrom\/#primaryimage"},"thumbnailUrl":"https:\/\/shop.bantam.ch\/wp-content\/uploads\/2023\/02\/998424711.jpg","datePublished":"2023-02-28T20:12:11+00:00","dateModified":"2026-04-19T19:44:53+00:00","breadcrumb":{"@id":"https:\/\/shop.bantam.ch\/de\/produkt\/duschkopfhalter-magic-loc-fiorina-chrom\/#breadcrumb"},"inLanguage":"de","potentialAction":[{"@type":"ReadAction","target":["https:\/\/shop.bantam.ch\/de\/produkt\/duschkopfhalter-magic-loc-fiorina-chrom\/"]}]},{"@type":"ImageObject","inLanguage":"de","@id":"https:\/\/shop.bantam.ch\/de\/produkt\/duschkopfhalter-magic-loc-fiorina-chrom\/#primaryimage","url":"https:\/\/shop.bantam.ch\/wp-content\/uploads\/2023\/02\/998424711.jpg","contentUrl":"https:\/\/shop.bantam.ch\/wp-content\/uploads\/2023\/02\/998424711.jpg","width":691,"height":1000},{"@type":"BreadcrumbList","@id":"https:\/\/shop.bantam.ch\/de\/produkt\/duschkopfhalter-magic-loc-fiorina-chrom\/#breadcrumb","itemListElement":[{"@type":"ListItem","position":1,"name":"Accueil","item":"https:\/\/shop.bantam.ch\/de\/"},{"@type":"ListItem","position":2,"name":"Shop","item":"https:\/\/shop.bantam.ch\/de\/shop\/"},{"@type":"ListItem","position":3,"name":"Duschkopfhalter WENKO Fiorina Magic-Loc, Chrom"}]},{"@type":"WebSite","@id":"https:\/\/shop.bantam.ch\/de\/#website","url":"https:\/\/shop.bantam.ch\/de\/","name":"Bantam Camping AG","description":"","publisher":{"@id":"https:\/\/shop.bantam.ch\/de\/#organization"},"inLanguage":"de"},{"@type":"Organization","@id":"https:\/\/shop.bantam.ch\/de\/#organization","name":"Bantam Camping AG","url":"https:\/\/shop.bantam.ch\/de\/","logo":{"@type":"ImageObject","inLanguage":"de","@id":"https:\/\/shop.bantam.ch\/de\/#\/schema\/logo\/image\/","url":"https:\/\/shop.bantam.ch\/wp-content\/uploads\/2022\/12\/bantam-logo.png","contentUrl":"https:\/\/shop.bantam.ch\/wp-content\/uploads\/2022\/12\/bantam-logo.png","width":320,"height":71,"caption":"Bantam Camping AG"},"image":{"@id":"https:\/\/shop.bantam.ch\/de\/#\/schema\/logo\/image\/"}}]}},"_links":{"self":[{"href":"https:\/\/shop.bantam.ch\/de\/wp-json\/wp\/v2\/product\/113444","targetHints":{"allow":["GET"]}}],"collection":[{"href":"https:\/\/shop.bantam.ch\/de\/wp-json\/wp\/v2\/product"}],"about":[{"href":"https:\/\/shop.bantam.ch\/de\/wp-json\/wp\/v2\/types\/product"}],"wp:featuredmedia":[{"embeddable":true,"href":"https:\/\/shop.bantam.ch\/de\/wp-json\/wp\/v2\/media\/113440"}],"wp:attachment":[{"href":"https:\/\/shop.bantam.ch\/de\/wp-json\/wp\/v2\/media?parent=113444"}],"wp:term":[{"taxonomy":"product_featured_cat","embeddable":true,"href":"https:\/\/shop.bantam.ch\/de\/wp-json\/wp\/v2\/product_featured_cat?post=113444"},{"taxonomy":"product_brand","embeddable":true,"href":"https:\/\/shop.bantam.ch\/de\/wp-json\/wp\/v2\/product_brand?post=113444"},{"taxonomy":"product_cat","embeddable":true,"href":"https:\/\/shop.bantam.ch\/de\/wp-json\/wp\/v2\/product_cat?post=113444"},{"taxonomy":"product_tag","embeddable":true,"href":"https:\/\/shop.bantam.ch\/de\/wp-json\/wp\/v2\/product_tag?post=113444"}],"curies":[{"name":"wp","href":"https:\/\/api.w.org\/{rel}","templated":true}]}}