{"id":112857,"date":"2023-02-28T21:02:53","date_gmt":"2023-02-28T20:02:53","guid":{"rendered":"https:\/\/shop.bantam.ch\/produit\/grill-premier-air-deluxe-silber\/"},"modified":"2026-04-17T21:42:05","modified_gmt":"2026-04-17T19:42:05","slug":"grill-premier-air-deluxe-silber","status":"publish","type":"product","link":"https:\/\/shop.bantam.ch\/de\/produkt\/grill-premier-air-deluxe-silber\/","title":{"rendered":"Grill COBB Premier+ Air Deluxe Farbe silber"},"content":{"rendered":"<p>Der Deckel hat eine Drehscheibe, damit man die L\u00f6cher im Deckel schlie\u00dfen kann. So erhalten Sie noch mehr Hitze im Grill und k\u00f6nnen diese selbst regulieren. Alle Zubeh\u00f6rteile passen auch auf den Premier Air Deluxe.<\/p>\n","protected":false},"excerpt":{"rendered":"<p>Der Deckel hat eine Drehscheibe, damit man die L\u00f6cher im Deckel schlie\u00dfen kann. So erhalten Sie noch mehr Hitze im Grill und k\u00f6nnen diese selbst regulieren. Alle Zubeh\u00f6rteile passen auch auf den Premier Air Deluxe.<\/p>\n","protected":false},"featured_media":112855,"template":"","meta":{"_acf_changed":false},"product_featured_cat":[],"product_brand":[3115],"product_cat":[4280],"product_tag":[],"class_list":{"0":"post-112857","1":"product","2":"type-product","3":"status-publish","4":"has-post-thumbnail","6":"product_brand-cobb-de","7":"product_cat-gasgrills","9":"first","10":"instock","11":"taxable","12":"shipping-taxable","13":"purchasable","14":"product-type-simple"},"acf":[],"yoast_head":"<!-- This site is optimized with the Yoast SEO plugin v27.4 - https:\/\/yoast.com\/product\/yoast-seo-wordpress\/ -->\n<title>Grill COBB Premier+ Air Deluxe Farbe silber - Bantam Camping AG<\/title>\n<meta name=\"robots\" content=\"index, follow, max-snippet:-1, max-image-preview:large, max-video-preview:-1\" \/>\n<link rel=\"canonical\" href=\"https:\/\/shop.bantam.ch\/de\/produkt\/grill-premier-air-deluxe-silber\/\" \/>\n<meta property=\"og:locale\" content=\"de_DE\" \/>\n<meta property=\"og:type\" content=\"article\" \/>\n<meta property=\"og:title\" content=\"Grill COBB Premier+ Air Deluxe Farbe silber - Bantam Camping AG\" \/>\n<meta property=\"og:description\" content=\"Der Deckel hat eine Drehscheibe, damit man die L\u00f6cher im Deckel schlie\u00dfen kann. So erhalten Sie noch mehr Hitze im Grill und k\u00f6nnen diese selbst regulieren. Alle Zubeh\u00f6rteile passen auch auf den Premier Air Deluxe.\" \/>\n<meta property=\"og:url\" content=\"https:\/\/shop.bantam.ch\/de\/produkt\/grill-premier-air-deluxe-silber\/\" \/>\n<meta property=\"og:site_name\" content=\"Bantam Camping AG\" \/>\n<meta property=\"article:modified_time\" content=\"2026-04-17T19:42:05+00:00\" \/>\n<meta property=\"og:image\" content=\"https:\/\/shop.bantam.ch\/wp-content\/uploads\/2023\/02\/996095411.jpg\" \/>\n\t<meta property=\"og:image:width\" content=\"827\" \/>\n\t<meta property=\"og:image:height\" content=\"1000\" \/>\n\t<meta property=\"og:image:type\" content=\"image\/jpeg\" \/>\n<meta name=\"twitter:card\" content=\"summary_large_image\" \/>\n<script type=\"application\/ld+json\" class=\"yoast-schema-graph\">{\"@context\":\"https:\\\/\\\/schema.org\",\"@graph\":[{\"@type\":\"WebPage\",\"@id\":\"https:\\\/\\\/shop.bantam.ch\\\/de\\\/produkt\\\/grill-premier-air-deluxe-silber\\\/\",\"url\":\"https:\\\/\\\/shop.bantam.ch\\\/de\\\/produkt\\\/grill-premier-air-deluxe-silber\\\/\",\"name\":\"Grill COBB Premier+ Air Deluxe Farbe silber - Bantam Camping AG\",\"isPartOf\":{\"@id\":\"https:\\\/\\\/shop.bantam.ch\\\/de\\\/#website\"},\"primaryImageOfPage\":{\"@id\":\"https:\\\/\\\/shop.bantam.ch\\\/de\\\/produkt\\\/grill-premier-air-deluxe-silber\\\/#primaryimage\"},\"image\":{\"@id\":\"https:\\\/\\\/shop.bantam.ch\\\/de\\\/produkt\\\/grill-premier-air-deluxe-silber\\\/#primaryimage\"},\"thumbnailUrl\":\"https:\\\/\\\/shop.bantam.ch\\\/wp-content\\\/uploads\\\/2023\\\/02\\\/996095411.jpg\",\"datePublished\":\"2023-02-28T20:02:53+00:00\",\"dateModified\":\"2026-04-17T19:42:05+00:00\",\"breadcrumb\":{\"@id\":\"https:\\\/\\\/shop.bantam.ch\\\/de\\\/produkt\\\/grill-premier-air-deluxe-silber\\\/#breadcrumb\"},\"inLanguage\":\"de\",\"potentialAction\":[{\"@type\":\"ReadAction\",\"target\":[\"https:\\\/\\\/shop.bantam.ch\\\/de\\\/produkt\\\/grill-premier-air-deluxe-silber\\\/\"]}]},{\"@type\":\"ImageObject\",\"inLanguage\":\"de\",\"@id\":\"https:\\\/\\\/shop.bantam.ch\\\/de\\\/produkt\\\/grill-premier-air-deluxe-silber\\\/#primaryimage\",\"url\":\"https:\\\/\\\/shop.bantam.ch\\\/wp-content\\\/uploads\\\/2023\\\/02\\\/996095411.jpg\",\"contentUrl\":\"https:\\\/\\\/shop.bantam.ch\\\/wp-content\\\/uploads\\\/2023\\\/02\\\/996095411.jpg\",\"width\":827,\"height\":1000},{\"@type\":\"BreadcrumbList\",\"@id\":\"https:\\\/\\\/shop.bantam.ch\\\/de\\\/produkt\\\/grill-premier-air-deluxe-silber\\\/#breadcrumb\",\"itemListElement\":[{\"@type\":\"ListItem\",\"position\":1,\"name\":\"Accueil\",\"item\":\"https:\\\/\\\/shop.bantam.ch\\\/de\\\/\"},{\"@type\":\"ListItem\",\"position\":2,\"name\":\"Shop\",\"item\":\"https:\\\/\\\/shop.bantam.ch\\\/de\\\/shop\\\/\"},{\"@type\":\"ListItem\",\"position\":3,\"name\":\"Grill COBB Premier+ Air Deluxe Farbe silber\"}]},{\"@type\":\"WebSite\",\"@id\":\"https:\\\/\\\/shop.bantam.ch\\\/de\\\/#website\",\"url\":\"https:\\\/\\\/shop.bantam.ch\\\/de\\\/\",\"name\":\"Bantam Camping AG\",\"description\":\"\",\"publisher\":{\"@id\":\"https:\\\/\\\/shop.bantam.ch\\\/de\\\/#organization\"},\"inLanguage\":\"de\"},{\"@type\":\"Organization\",\"@id\":\"https:\\\/\\\/shop.bantam.ch\\\/de\\\/#organization\",\"name\":\"Bantam Camping AG\",\"url\":\"https:\\\/\\\/shop.bantam.ch\\\/de\\\/\",\"logo\":{\"@type\":\"ImageObject\",\"inLanguage\":\"de\",\"@id\":\"https:\\\/\\\/shop.bantam.ch\\\/de\\\/#\\\/schema\\\/logo\\\/image\\\/\",\"url\":\"https:\\\/\\\/shop.bantam.ch\\\/wp-content\\\/uploads\\\/2022\\\/12\\\/bantam-logo.png\",\"contentUrl\":\"https:\\\/\\\/shop.bantam.ch\\\/wp-content\\\/uploads\\\/2022\\\/12\\\/bantam-logo.png\",\"width\":320,\"height\":71,\"caption\":\"Bantam Camping AG\"},\"image\":{\"@id\":\"https:\\\/\\\/shop.bantam.ch\\\/de\\\/#\\\/schema\\\/logo\\\/image\\\/\"}}]}<\/script>\n<!-- \/ Yoast SEO plugin. -->","yoast_head_json":{"title":"Grill COBB Premier+ Air Deluxe Farbe silber - Bantam Camping AG","robots":{"index":"index","follow":"follow","max-snippet":"max-snippet:-1","max-image-preview":"max-image-preview:large","max-video-preview":"max-video-preview:-1"},"canonical":"https:\/\/shop.bantam.ch\/de\/produkt\/grill-premier-air-deluxe-silber\/","og_locale":"de_DE","og_type":"article","og_title":"Grill COBB Premier+ Air Deluxe Farbe silber - Bantam Camping AG","og_description":"Der Deckel hat eine Drehscheibe, damit man die L\u00f6cher im Deckel schlie\u00dfen kann. So erhalten Sie noch mehr Hitze im Grill und k\u00f6nnen diese selbst regulieren. Alle Zubeh\u00f6rteile passen auch auf den Premier Air Deluxe.","og_url":"https:\/\/shop.bantam.ch\/de\/produkt\/grill-premier-air-deluxe-silber\/","og_site_name":"Bantam Camping AG","article_modified_time":"2026-04-17T19:42:05+00:00","og_image":[{"width":827,"height":1000,"url":"https:\/\/shop.bantam.ch\/wp-content\/uploads\/2023\/02\/996095411.jpg","type":"image\/jpeg"}],"twitter_card":"summary_large_image","schema":{"@context":"https:\/\/schema.org","@graph":[{"@type":"WebPage","@id":"https:\/\/shop.bantam.ch\/de\/produkt\/grill-premier-air-deluxe-silber\/","url":"https:\/\/shop.bantam.ch\/de\/produkt\/grill-premier-air-deluxe-silber\/","name":"Grill COBB Premier+ Air Deluxe Farbe silber - Bantam Camping AG","isPartOf":{"@id":"https:\/\/shop.bantam.ch\/de\/#website"},"primaryImageOfPage":{"@id":"https:\/\/shop.bantam.ch\/de\/produkt\/grill-premier-air-deluxe-silber\/#primaryimage"},"image":{"@id":"https:\/\/shop.bantam.ch\/de\/produkt\/grill-premier-air-deluxe-silber\/#primaryimage"},"thumbnailUrl":"https:\/\/shop.bantam.ch\/wp-content\/uploads\/2023\/02\/996095411.jpg","datePublished":"2023-02-28T20:02:53+00:00","dateModified":"2026-04-17T19:42:05+00:00","breadcrumb":{"@id":"https:\/\/shop.bantam.ch\/de\/produkt\/grill-premier-air-deluxe-silber\/#breadcrumb"},"inLanguage":"de","potentialAction":[{"@type":"ReadAction","target":["https:\/\/shop.bantam.ch\/de\/produkt\/grill-premier-air-deluxe-silber\/"]}]},{"@type":"ImageObject","inLanguage":"de","@id":"https:\/\/shop.bantam.ch\/de\/produkt\/grill-premier-air-deluxe-silber\/#primaryimage","url":"https:\/\/shop.bantam.ch\/wp-content\/uploads\/2023\/02\/996095411.jpg","contentUrl":"https:\/\/shop.bantam.ch\/wp-content\/uploads\/2023\/02\/996095411.jpg","width":827,"height":1000},{"@type":"BreadcrumbList","@id":"https:\/\/shop.bantam.ch\/de\/produkt\/grill-premier-air-deluxe-silber\/#breadcrumb","itemListElement":[{"@type":"ListItem","position":1,"name":"Accueil","item":"https:\/\/shop.bantam.ch\/de\/"},{"@type":"ListItem","position":2,"name":"Shop","item":"https:\/\/shop.bantam.ch\/de\/shop\/"},{"@type":"ListItem","position":3,"name":"Grill COBB Premier+ Air Deluxe Farbe silber"}]},{"@type":"WebSite","@id":"https:\/\/shop.bantam.ch\/de\/#website","url":"https:\/\/shop.bantam.ch\/de\/","name":"Bantam Camping AG","description":"","publisher":{"@id":"https:\/\/shop.bantam.ch\/de\/#organization"},"inLanguage":"de"},{"@type":"Organization","@id":"https:\/\/shop.bantam.ch\/de\/#organization","name":"Bantam Camping AG","url":"https:\/\/shop.bantam.ch\/de\/","logo":{"@type":"ImageObject","inLanguage":"de","@id":"https:\/\/shop.bantam.ch\/de\/#\/schema\/logo\/image\/","url":"https:\/\/shop.bantam.ch\/wp-content\/uploads\/2022\/12\/bantam-logo.png","contentUrl":"https:\/\/shop.bantam.ch\/wp-content\/uploads\/2022\/12\/bantam-logo.png","width":320,"height":71,"caption":"Bantam Camping AG"},"image":{"@id":"https:\/\/shop.bantam.ch\/de\/#\/schema\/logo\/image\/"}}]}},"_links":{"self":[{"href":"https:\/\/shop.bantam.ch\/de\/wp-json\/wp\/v2\/product\/112857","targetHints":{"allow":["GET"]}}],"collection":[{"href":"https:\/\/shop.bantam.ch\/de\/wp-json\/wp\/v2\/product"}],"about":[{"href":"https:\/\/shop.bantam.ch\/de\/wp-json\/wp\/v2\/types\/product"}],"wp:featuredmedia":[{"embeddable":true,"href":"https:\/\/shop.bantam.ch\/de\/wp-json\/wp\/v2\/media\/112855"}],"wp:attachment":[{"href":"https:\/\/shop.bantam.ch\/de\/wp-json\/wp\/v2\/media?parent=112857"}],"wp:term":[{"taxonomy":"product_featured_cat","embeddable":true,"href":"https:\/\/shop.bantam.ch\/de\/wp-json\/wp\/v2\/product_featured_cat?post=112857"},{"taxonomy":"product_brand","embeddable":true,"href":"https:\/\/shop.bantam.ch\/de\/wp-json\/wp\/v2\/product_brand?post=112857"},{"taxonomy":"product_cat","embeddable":true,"href":"https:\/\/shop.bantam.ch\/de\/wp-json\/wp\/v2\/product_cat?post=112857"},{"taxonomy":"product_tag","embeddable":true,"href":"https:\/\/shop.bantam.ch\/de\/wp-json\/wp\/v2\/product_tag?post=112857"}],"curies":[{"name":"wp","href":"https:\/\/api.w.org\/{rel}","templated":true}]}}