{"id":112201,"date":"2023-02-28T20:51:51","date_gmt":"2023-02-28T19:51:51","guid":{"rendered":"https:\/\/shop.bantam.ch\/produit\/multischuessel-set-cirqula-rechteckig-3-teilig\/"},"modified":"2026-04-19T23:19:57","modified_gmt":"2026-04-19T21:19:57","slug":"multischuessel-set-cirqula-rechteckig-3-teilig","status":"publish","type":"product","link":"https:\/\/shop.bantam.ch\/de\/produkt\/multischuessel-set-cirqula-rechteckig-3-teilig\/","title":{"rendered":"Multisch\u00fcssel-Set Cirqula rechteckig 3-teilig"},"content":{"rendered":"<p>Mit diesem Mepal Multisch\u00fcssel-Set Cirqula rechteckig hast Du einen wahren Allesk\u00f6nner im Haus. Dieses 3-teilige Set enth\u00e4lt flache Sch\u00fcsseln in den Gr\u00f6\u00dfen von 500 ml, 1000 ml und 2000 ml. Die Cirqula Sch\u00fcsseln k\u00f6nnen zum Aufbewahren, Einfrieren und zum Aufw\u00e4rmen von Lebensmitteln in der Mikrowelle verwendet werden. Aufgrund ihrer Form kannst Du in der Cirqula rechteckig Deine Speisen nun im K\u00fchlschrank und Tiefk\u00fchler platzoptimiert aufbewahren. Die Mepal Cirqula Multisch\u00fcsseln bestehen aus unzerbrechlichem Material. Der luft- und aromadichte Deckel erm\u00f6glicht mit seinem Sichtfenster einen Blick auf den Inhalt. So wei\u00dft Du immer, was Du noch auf Vorrat hast. Nach Gebrauch k\u00f6nnen die Multisch\u00fcsseln ganz einfach in der Sp\u00fclmaschine gereinigt und danach mit Deckel platzsparend ineinander gestapelt werden. F\u00fcr noch mehr Platz im K\u00fcchenschrank!<\/p>\n<p>Der Deckel ist nicht mikrowellengeeignet.<\/p>\n","protected":false},"excerpt":{"rendered":"<p>Mit diesem Mepal Multisch\u00fcssel-Set Cirqula rechteckig hast Du einen wahren Allesk\u00f6nner im Haus. Dieses 3-teilige Set enth\u00e4lt flache Sch\u00fcsseln in den Gr\u00f6\u00dfen von 500 ml, 1000 ml und 2000 ml. Die Cirqula Sch\u00fcsseln k\u00f6nnen zum Aufbewahren, Einfrieren und zum Aufw\u00e4rmen von Lebensmitteln in der Mikrowelle verwendet werden. Aufgrund ihrer Form kannst Du in der Cirqula [&hellip;]<\/p>\n","protected":false},"featured_media":112186,"template":"","meta":{"_acf_changed":false},"product_featured_cat":[],"product_brand":[3327],"product_cat":[4276],"product_tag":[],"class_list":{"0":"post-112201","1":"product","2":"type-product","3":"status-publish","4":"has-post-thumbnail","6":"product_brand-mepal-de","7":"product_cat-schuesseln-schalen","9":"first","10":"instock","11":"taxable","12":"shipping-taxable","13":"purchasable","14":"product-type-variable"},"acf":[],"yoast_head":"<!-- This site is optimized with the Yoast SEO plugin v27.4 - https:\/\/yoast.com\/product\/yoast-seo-wordpress\/ -->\n<title>Multisch\u00fcssel-Set Cirqula rechteckig 3-teilig - Bantam Camping AG<\/title>\n<meta name=\"robots\" content=\"index, follow, max-snippet:-1, max-image-preview:large, max-video-preview:-1\" \/>\n<link rel=\"canonical\" href=\"https:\/\/shop.bantam.ch\/de\/produkt\/multischuessel-set-cirqula-rechteckig-3-teilig\/\" \/>\n<meta property=\"og:locale\" content=\"de_DE\" \/>\n<meta property=\"og:type\" content=\"article\" \/>\n<meta property=\"og:title\" content=\"Multisch\u00fcssel-Set Cirqula rechteckig 3-teilig - Bantam Camping AG\" \/>\n<meta property=\"og:description\" content=\"Mit diesem Mepal Multisch\u00fcssel-Set Cirqula rechteckig hast Du einen wahren Allesk\u00f6nner im Haus. Dieses 3-teilige Set enth\u00e4lt flache Sch\u00fcsseln in den Gr\u00f6\u00dfen von 500 ml, 1000 ml und 2000 ml. Die Cirqula Sch\u00fcsseln k\u00f6nnen zum Aufbewahren, Einfrieren und zum Aufw\u00e4rmen von Lebensmitteln in der Mikrowelle verwendet werden. Aufgrund ihrer Form kannst Du in der Cirqula [&hellip;]\" \/>\n<meta property=\"og:url\" content=\"https:\/\/shop.bantam.ch\/de\/produkt\/multischuessel-set-cirqula-rechteckig-3-teilig\/\" \/>\n<meta property=\"og:site_name\" content=\"Bantam Camping AG\" \/>\n<meta property=\"article:modified_time\" content=\"2026-04-19T21:19:57+00:00\" \/>\n<meta property=\"og:image\" content=\"https:\/\/shop.bantam.ch\/wp-content\/uploads\/2023\/02\/994412411.jpg\" \/>\n\t<meta property=\"og:image:width\" content=\"1000\" \/>\n\t<meta property=\"og:image:height\" content=\"667\" \/>\n\t<meta property=\"og:image:type\" content=\"image\/jpeg\" \/>\n<meta name=\"twitter:card\" content=\"summary_large_image\" \/>\n<meta name=\"twitter:label1\" content=\"Gesch\u00e4tzte Lesezeit\" \/>\n\t<meta name=\"twitter:data1\" content=\"1\u00a0Minute\" \/>\n<script type=\"application\/ld+json\" class=\"yoast-schema-graph\">{\"@context\":\"https:\\\/\\\/schema.org\",\"@graph\":[{\"@type\":\"WebPage\",\"@id\":\"https:\\\/\\\/shop.bantam.ch\\\/de\\\/produkt\\\/multischuessel-set-cirqula-rechteckig-3-teilig\\\/\",\"url\":\"https:\\\/\\\/shop.bantam.ch\\\/de\\\/produkt\\\/multischuessel-set-cirqula-rechteckig-3-teilig\\\/\",\"name\":\"Multisch\u00fcssel-Set Cirqula rechteckig 3-teilig - Bantam Camping AG\",\"isPartOf\":{\"@id\":\"https:\\\/\\\/shop.bantam.ch\\\/de\\\/#website\"},\"primaryImageOfPage\":{\"@id\":\"https:\\\/\\\/shop.bantam.ch\\\/de\\\/produkt\\\/multischuessel-set-cirqula-rechteckig-3-teilig\\\/#primaryimage\"},\"image\":{\"@id\":\"https:\\\/\\\/shop.bantam.ch\\\/de\\\/produkt\\\/multischuessel-set-cirqula-rechteckig-3-teilig\\\/#primaryimage\"},\"thumbnailUrl\":\"https:\\\/\\\/shop.bantam.ch\\\/wp-content\\\/uploads\\\/2023\\\/02\\\/994412411.jpg\",\"datePublished\":\"2023-02-28T19:51:51+00:00\",\"dateModified\":\"2026-04-19T21:19:57+00:00\",\"breadcrumb\":{\"@id\":\"https:\\\/\\\/shop.bantam.ch\\\/de\\\/produkt\\\/multischuessel-set-cirqula-rechteckig-3-teilig\\\/#breadcrumb\"},\"inLanguage\":\"de\",\"potentialAction\":[{\"@type\":\"ReadAction\",\"target\":[\"https:\\\/\\\/shop.bantam.ch\\\/de\\\/produkt\\\/multischuessel-set-cirqula-rechteckig-3-teilig\\\/\"]}]},{\"@type\":\"ImageObject\",\"inLanguage\":\"de\",\"@id\":\"https:\\\/\\\/shop.bantam.ch\\\/de\\\/produkt\\\/multischuessel-set-cirqula-rechteckig-3-teilig\\\/#primaryimage\",\"url\":\"https:\\\/\\\/shop.bantam.ch\\\/wp-content\\\/uploads\\\/2023\\\/02\\\/994412411.jpg\",\"contentUrl\":\"https:\\\/\\\/shop.bantam.ch\\\/wp-content\\\/uploads\\\/2023\\\/02\\\/994412411.jpg\",\"width\":1000,\"height\":667},{\"@type\":\"BreadcrumbList\",\"@id\":\"https:\\\/\\\/shop.bantam.ch\\\/de\\\/produkt\\\/multischuessel-set-cirqula-rechteckig-3-teilig\\\/#breadcrumb\",\"itemListElement\":[{\"@type\":\"ListItem\",\"position\":1,\"name\":\"Accueil\",\"item\":\"https:\\\/\\\/shop.bantam.ch\\\/de\\\/\"},{\"@type\":\"ListItem\",\"position\":2,\"name\":\"Shop\",\"item\":\"https:\\\/\\\/shop.bantam.ch\\\/de\\\/shop\\\/\"},{\"@type\":\"ListItem\",\"position\":3,\"name\":\"Multisch\u00fcssel-Set Cirqula rechteckig 3-teilig\"}]},{\"@type\":\"WebSite\",\"@id\":\"https:\\\/\\\/shop.bantam.ch\\\/de\\\/#website\",\"url\":\"https:\\\/\\\/shop.bantam.ch\\\/de\\\/\",\"name\":\"Bantam Camping AG\",\"description\":\"\",\"publisher\":{\"@id\":\"https:\\\/\\\/shop.bantam.ch\\\/de\\\/#organization\"},\"inLanguage\":\"de\"},{\"@type\":\"Organization\",\"@id\":\"https:\\\/\\\/shop.bantam.ch\\\/de\\\/#organization\",\"name\":\"Bantam Camping AG\",\"url\":\"https:\\\/\\\/shop.bantam.ch\\\/de\\\/\",\"logo\":{\"@type\":\"ImageObject\",\"inLanguage\":\"de\",\"@id\":\"https:\\\/\\\/shop.bantam.ch\\\/de\\\/#\\\/schema\\\/logo\\\/image\\\/\",\"url\":\"https:\\\/\\\/shop.bantam.ch\\\/wp-content\\\/uploads\\\/2022\\\/12\\\/bantam-logo.png\",\"contentUrl\":\"https:\\\/\\\/shop.bantam.ch\\\/wp-content\\\/uploads\\\/2022\\\/12\\\/bantam-logo.png\",\"width\":320,\"height\":71,\"caption\":\"Bantam Camping AG\"},\"image\":{\"@id\":\"https:\\\/\\\/shop.bantam.ch\\\/de\\\/#\\\/schema\\\/logo\\\/image\\\/\"}}]}<\/script>\n<!-- \/ Yoast SEO plugin. -->","yoast_head_json":{"title":"Multisch\u00fcssel-Set Cirqula rechteckig 3-teilig - Bantam Camping AG","robots":{"index":"index","follow":"follow","max-snippet":"max-snippet:-1","max-image-preview":"max-image-preview:large","max-video-preview":"max-video-preview:-1"},"canonical":"https:\/\/shop.bantam.ch\/de\/produkt\/multischuessel-set-cirqula-rechteckig-3-teilig\/","og_locale":"de_DE","og_type":"article","og_title":"Multisch\u00fcssel-Set Cirqula rechteckig 3-teilig - Bantam Camping AG","og_description":"Mit diesem Mepal Multisch\u00fcssel-Set Cirqula rechteckig hast Du einen wahren Allesk\u00f6nner im Haus. Dieses 3-teilige Set enth\u00e4lt flache Sch\u00fcsseln in den Gr\u00f6\u00dfen von 500 ml, 1000 ml und 2000 ml. Die Cirqula Sch\u00fcsseln k\u00f6nnen zum Aufbewahren, Einfrieren und zum Aufw\u00e4rmen von Lebensmitteln in der Mikrowelle verwendet werden. Aufgrund ihrer Form kannst Du in der Cirqula [&hellip;]","og_url":"https:\/\/shop.bantam.ch\/de\/produkt\/multischuessel-set-cirqula-rechteckig-3-teilig\/","og_site_name":"Bantam Camping AG","article_modified_time":"2026-04-19T21:19:57+00:00","og_image":[{"width":1000,"height":667,"url":"https:\/\/shop.bantam.ch\/wp-content\/uploads\/2023\/02\/994412411.jpg","type":"image\/jpeg"}],"twitter_card":"summary_large_image","twitter_misc":{"Gesch\u00e4tzte Lesezeit":"1\u00a0Minute"},"schema":{"@context":"https:\/\/schema.org","@graph":[{"@type":"WebPage","@id":"https:\/\/shop.bantam.ch\/de\/produkt\/multischuessel-set-cirqula-rechteckig-3-teilig\/","url":"https:\/\/shop.bantam.ch\/de\/produkt\/multischuessel-set-cirqula-rechteckig-3-teilig\/","name":"Multisch\u00fcssel-Set Cirqula rechteckig 3-teilig - Bantam Camping AG","isPartOf":{"@id":"https:\/\/shop.bantam.ch\/de\/#website"},"primaryImageOfPage":{"@id":"https:\/\/shop.bantam.ch\/de\/produkt\/multischuessel-set-cirqula-rechteckig-3-teilig\/#primaryimage"},"image":{"@id":"https:\/\/shop.bantam.ch\/de\/produkt\/multischuessel-set-cirqula-rechteckig-3-teilig\/#primaryimage"},"thumbnailUrl":"https:\/\/shop.bantam.ch\/wp-content\/uploads\/2023\/02\/994412411.jpg","datePublished":"2023-02-28T19:51:51+00:00","dateModified":"2026-04-19T21:19:57+00:00","breadcrumb":{"@id":"https:\/\/shop.bantam.ch\/de\/produkt\/multischuessel-set-cirqula-rechteckig-3-teilig\/#breadcrumb"},"inLanguage":"de","potentialAction":[{"@type":"ReadAction","target":["https:\/\/shop.bantam.ch\/de\/produkt\/multischuessel-set-cirqula-rechteckig-3-teilig\/"]}]},{"@type":"ImageObject","inLanguage":"de","@id":"https:\/\/shop.bantam.ch\/de\/produkt\/multischuessel-set-cirqula-rechteckig-3-teilig\/#primaryimage","url":"https:\/\/shop.bantam.ch\/wp-content\/uploads\/2023\/02\/994412411.jpg","contentUrl":"https:\/\/shop.bantam.ch\/wp-content\/uploads\/2023\/02\/994412411.jpg","width":1000,"height":667},{"@type":"BreadcrumbList","@id":"https:\/\/shop.bantam.ch\/de\/produkt\/multischuessel-set-cirqula-rechteckig-3-teilig\/#breadcrumb","itemListElement":[{"@type":"ListItem","position":1,"name":"Accueil","item":"https:\/\/shop.bantam.ch\/de\/"},{"@type":"ListItem","position":2,"name":"Shop","item":"https:\/\/shop.bantam.ch\/de\/shop\/"},{"@type":"ListItem","position":3,"name":"Multisch\u00fcssel-Set Cirqula rechteckig 3-teilig"}]},{"@type":"WebSite","@id":"https:\/\/shop.bantam.ch\/de\/#website","url":"https:\/\/shop.bantam.ch\/de\/","name":"Bantam Camping AG","description":"","publisher":{"@id":"https:\/\/shop.bantam.ch\/de\/#organization"},"inLanguage":"de"},{"@type":"Organization","@id":"https:\/\/shop.bantam.ch\/de\/#organization","name":"Bantam Camping AG","url":"https:\/\/shop.bantam.ch\/de\/","logo":{"@type":"ImageObject","inLanguage":"de","@id":"https:\/\/shop.bantam.ch\/de\/#\/schema\/logo\/image\/","url":"https:\/\/shop.bantam.ch\/wp-content\/uploads\/2022\/12\/bantam-logo.png","contentUrl":"https:\/\/shop.bantam.ch\/wp-content\/uploads\/2022\/12\/bantam-logo.png","width":320,"height":71,"caption":"Bantam Camping AG"},"image":{"@id":"https:\/\/shop.bantam.ch\/de\/#\/schema\/logo\/image\/"}}]}},"_links":{"self":[{"href":"https:\/\/shop.bantam.ch\/de\/wp-json\/wp\/v2\/product\/112201","targetHints":{"allow":["GET"]}}],"collection":[{"href":"https:\/\/shop.bantam.ch\/de\/wp-json\/wp\/v2\/product"}],"about":[{"href":"https:\/\/shop.bantam.ch\/de\/wp-json\/wp\/v2\/types\/product"}],"wp:featuredmedia":[{"embeddable":true,"href":"https:\/\/shop.bantam.ch\/de\/wp-json\/wp\/v2\/media\/112186"}],"wp:attachment":[{"href":"https:\/\/shop.bantam.ch\/de\/wp-json\/wp\/v2\/media?parent=112201"}],"wp:term":[{"taxonomy":"product_featured_cat","embeddable":true,"href":"https:\/\/shop.bantam.ch\/de\/wp-json\/wp\/v2\/product_featured_cat?post=112201"},{"taxonomy":"product_brand","embeddable":true,"href":"https:\/\/shop.bantam.ch\/de\/wp-json\/wp\/v2\/product_brand?post=112201"},{"taxonomy":"product_cat","embeddable":true,"href":"https:\/\/shop.bantam.ch\/de\/wp-json\/wp\/v2\/product_cat?post=112201"},{"taxonomy":"product_tag","embeddable":true,"href":"https:\/\/shop.bantam.ch\/de\/wp-json\/wp\/v2\/product_tag?post=112201"}],"curies":[{"name":"wp","href":"https:\/\/api.w.org\/{rel}","templated":true}]}}