{"id":112172,"date":"2023-02-28T20:51:34","date_gmt":"2023-02-28T19:51:34","guid":{"rendered":"https:\/\/shop.bantam.ch\/produit\/brotdose-campus-animal-friends\/"},"modified":"2026-04-20T21:42:59","modified_gmt":"2026-04-20T19:42:59","slug":"brotdose-campus-animal-friends","status":"publish","type":"product","link":"https:\/\/shop.bantam.ch\/de\/produkt\/brotdose-campus-animal-friends\/","title":{"rendered":"Brotdose MEPAL campus animal friends 14,8 x 21,5 x 14,8 cm"},"content":{"rendered":"<p>Die Animal Friends Brotdose inklusive herausnehmbarem Bento-Einsatz bietet noch mehr Abwechslung beim Pausensnack. Die M\u00f6glichkeiten f\u00fcr eine leckere Schulverpflegung sind damit geradezu unbegrenzt. Wie w\u00e4r&#8217;s mit einem frischen Brot und knackigem Obst? Oder mit einem herzhaften Snack f\u00fcr zwischendurch? Ein paar K\u00e4sew\u00fcrfel, Wurstst\u00fcckchen, N\u00fcsse oder getrocknete Fr\u00fcchte? Kombiniere nach Lust und Laune und halte alles sch\u00f6n voneinander getrennt, denn der Bento-Einsatz unterteilt das Innere der Brotdose in verschiedene F\u00e4cher. So bleibt alles frisch und lecker! Oder doch lieber &#8222;ganz klassisch&#8220; vier Butterbrote? Kein Problem, denn den flexiblen Bento-Einsatz kannst Du ganz einfach herausnehmen und die Brotdose wie gehabt bef\u00fcllen.<\/p>\n","protected":false},"excerpt":{"rendered":"<p>Die Animal Friends Brotdose inklusive herausnehmbarem Bento-Einsatz bietet noch mehr Abwechslung beim Pausensnack. Die M\u00f6glichkeiten f\u00fcr eine leckere Schulverpflegung sind damit geradezu unbegrenzt. Wie w\u00e4r&#8217;s mit einem frischen Brot und knackigem Obst? Oder mit einem herzhaften Snack f\u00fcr zwischendurch? Ein paar K\u00e4sew\u00fcrfel, Wurstst\u00fcckchen, N\u00fcsse oder getrocknete Fr\u00fcchte? Kombiniere nach Lust und Laune und halte alles [&hellip;]<\/p>\n","protected":false},"featured_media":112168,"template":"","meta":{"_acf_changed":false},"product_featured_cat":[],"product_brand":[3327],"product_cat":[4332],"product_tag":[],"class_list":{"0":"post-112172","1":"product","2":"type-product","3":"status-publish","4":"has-post-thumbnail","6":"product_brand-mepal-de","7":"product_cat-vorrats-frischaltedosen","9":"first","10":"instock","11":"taxable","12":"shipping-taxable","13":"purchasable","14":"product-type-simple"},"acf":[],"yoast_head":"<!-- This site is optimized with the Yoast SEO plugin v27.4 - https:\/\/yoast.com\/product\/yoast-seo-wordpress\/ -->\n<title>Brotdose MEPAL campus animal friends 14,8 x 21,5 x 14,8 cm - Bantam Camping AG<\/title>\n<meta name=\"robots\" content=\"index, follow, max-snippet:-1, max-image-preview:large, max-video-preview:-1\" \/>\n<link rel=\"canonical\" href=\"https:\/\/shop.bantam.ch\/de\/produkt\/brotdose-campus-animal-friends\/\" \/>\n<meta property=\"og:locale\" content=\"de_DE\" \/>\n<meta property=\"og:type\" content=\"article\" \/>\n<meta property=\"og:title\" content=\"Brotdose MEPAL campus animal friends 14,8 x 21,5 x 14,8 cm - Bantam Camping AG\" \/>\n<meta property=\"og:description\" content=\"Die Animal Friends Brotdose inklusive herausnehmbarem Bento-Einsatz bietet noch mehr Abwechslung beim Pausensnack. Die M\u00f6glichkeiten f\u00fcr eine leckere Schulverpflegung sind damit geradezu unbegrenzt. Wie w\u00e4r&#8217;s mit einem frischen Brot und knackigem Obst? Oder mit einem herzhaften Snack f\u00fcr zwischendurch? Ein paar K\u00e4sew\u00fcrfel, Wurstst\u00fcckchen, N\u00fcsse oder getrocknete Fr\u00fcchte? Kombiniere nach Lust und Laune und halte alles [&hellip;]\" \/>\n<meta property=\"og:url\" content=\"https:\/\/shop.bantam.ch\/de\/produkt\/brotdose-campus-animal-friends\/\" \/>\n<meta property=\"og:site_name\" content=\"Bantam Camping AG\" \/>\n<meta property=\"article:modified_time\" content=\"2026-04-20T19:42:59+00:00\" \/>\n<meta property=\"og:image\" content=\"https:\/\/shop.bantam.ch\/wp-content\/uploads\/2023\/02\/994411811.jpg\" \/>\n\t<meta property=\"og:image:width\" content=\"1000\" \/>\n\t<meta property=\"og:image:height\" content=\"667\" \/>\n\t<meta property=\"og:image:type\" content=\"image\/jpeg\" \/>\n<meta name=\"twitter:card\" content=\"summary_large_image\" \/>\n<meta name=\"twitter:label1\" content=\"Gesch\u00e4tzte Lesezeit\" \/>\n\t<meta name=\"twitter:data1\" content=\"1\u00a0Minute\" \/>\n<script type=\"application\/ld+json\" class=\"yoast-schema-graph\">{\"@context\":\"https:\\\/\\\/schema.org\",\"@graph\":[{\"@type\":\"WebPage\",\"@id\":\"https:\\\/\\\/shop.bantam.ch\\\/de\\\/produkt\\\/brotdose-campus-animal-friends\\\/\",\"url\":\"https:\\\/\\\/shop.bantam.ch\\\/de\\\/produkt\\\/brotdose-campus-animal-friends\\\/\",\"name\":\"Brotdose MEPAL campus animal friends 14,8 x 21,5 x 14,8 cm - Bantam Camping AG\",\"isPartOf\":{\"@id\":\"https:\\\/\\\/shop.bantam.ch\\\/de\\\/#website\"},\"primaryImageOfPage\":{\"@id\":\"https:\\\/\\\/shop.bantam.ch\\\/de\\\/produkt\\\/brotdose-campus-animal-friends\\\/#primaryimage\"},\"image\":{\"@id\":\"https:\\\/\\\/shop.bantam.ch\\\/de\\\/produkt\\\/brotdose-campus-animal-friends\\\/#primaryimage\"},\"thumbnailUrl\":\"https:\\\/\\\/shop.bantam.ch\\\/wp-content\\\/uploads\\\/2023\\\/02\\\/994411811.jpg\",\"datePublished\":\"2023-02-28T19:51:34+00:00\",\"dateModified\":\"2026-04-20T19:42:59+00:00\",\"breadcrumb\":{\"@id\":\"https:\\\/\\\/shop.bantam.ch\\\/de\\\/produkt\\\/brotdose-campus-animal-friends\\\/#breadcrumb\"},\"inLanguage\":\"de\",\"potentialAction\":[{\"@type\":\"ReadAction\",\"target\":[\"https:\\\/\\\/shop.bantam.ch\\\/de\\\/produkt\\\/brotdose-campus-animal-friends\\\/\"]}]},{\"@type\":\"ImageObject\",\"inLanguage\":\"de\",\"@id\":\"https:\\\/\\\/shop.bantam.ch\\\/de\\\/produkt\\\/brotdose-campus-animal-friends\\\/#primaryimage\",\"url\":\"https:\\\/\\\/shop.bantam.ch\\\/wp-content\\\/uploads\\\/2023\\\/02\\\/994411811.jpg\",\"contentUrl\":\"https:\\\/\\\/shop.bantam.ch\\\/wp-content\\\/uploads\\\/2023\\\/02\\\/994411811.jpg\",\"width\":1000,\"height\":667},{\"@type\":\"BreadcrumbList\",\"@id\":\"https:\\\/\\\/shop.bantam.ch\\\/de\\\/produkt\\\/brotdose-campus-animal-friends\\\/#breadcrumb\",\"itemListElement\":[{\"@type\":\"ListItem\",\"position\":1,\"name\":\"Accueil\",\"item\":\"https:\\\/\\\/shop.bantam.ch\\\/de\\\/\"},{\"@type\":\"ListItem\",\"position\":2,\"name\":\"Shop\",\"item\":\"https:\\\/\\\/shop.bantam.ch\\\/de\\\/shop\\\/\"},{\"@type\":\"ListItem\",\"position\":3,\"name\":\"Brotdose MEPAL campus animal friends 14,8 x 21,5 x 14,8 cm\"}]},{\"@type\":\"WebSite\",\"@id\":\"https:\\\/\\\/shop.bantam.ch\\\/de\\\/#website\",\"url\":\"https:\\\/\\\/shop.bantam.ch\\\/de\\\/\",\"name\":\"Bantam Camping AG\",\"description\":\"\",\"publisher\":{\"@id\":\"https:\\\/\\\/shop.bantam.ch\\\/de\\\/#organization\"},\"inLanguage\":\"de\"},{\"@type\":\"Organization\",\"@id\":\"https:\\\/\\\/shop.bantam.ch\\\/de\\\/#organization\",\"name\":\"Bantam Camping AG\",\"url\":\"https:\\\/\\\/shop.bantam.ch\\\/de\\\/\",\"logo\":{\"@type\":\"ImageObject\",\"inLanguage\":\"de\",\"@id\":\"https:\\\/\\\/shop.bantam.ch\\\/de\\\/#\\\/schema\\\/logo\\\/image\\\/\",\"url\":\"https:\\\/\\\/shop.bantam.ch\\\/wp-content\\\/uploads\\\/2022\\\/12\\\/bantam-logo.png\",\"contentUrl\":\"https:\\\/\\\/shop.bantam.ch\\\/wp-content\\\/uploads\\\/2022\\\/12\\\/bantam-logo.png\",\"width\":320,\"height\":71,\"caption\":\"Bantam Camping AG\"},\"image\":{\"@id\":\"https:\\\/\\\/shop.bantam.ch\\\/de\\\/#\\\/schema\\\/logo\\\/image\\\/\"}}]}<\/script>\n<!-- \/ Yoast SEO plugin. -->","yoast_head_json":{"title":"Brotdose MEPAL campus animal friends 14,8 x 21,5 x 14,8 cm - Bantam Camping AG","robots":{"index":"index","follow":"follow","max-snippet":"max-snippet:-1","max-image-preview":"max-image-preview:large","max-video-preview":"max-video-preview:-1"},"canonical":"https:\/\/shop.bantam.ch\/de\/produkt\/brotdose-campus-animal-friends\/","og_locale":"de_DE","og_type":"article","og_title":"Brotdose MEPAL campus animal friends 14,8 x 21,5 x 14,8 cm - Bantam Camping AG","og_description":"Die Animal Friends Brotdose inklusive herausnehmbarem Bento-Einsatz bietet noch mehr Abwechslung beim Pausensnack. Die M\u00f6glichkeiten f\u00fcr eine leckere Schulverpflegung sind damit geradezu unbegrenzt. Wie w\u00e4r&#8217;s mit einem frischen Brot und knackigem Obst? Oder mit einem herzhaften Snack f\u00fcr zwischendurch? Ein paar K\u00e4sew\u00fcrfel, Wurstst\u00fcckchen, N\u00fcsse oder getrocknete Fr\u00fcchte? Kombiniere nach Lust und Laune und halte alles [&hellip;]","og_url":"https:\/\/shop.bantam.ch\/de\/produkt\/brotdose-campus-animal-friends\/","og_site_name":"Bantam Camping AG","article_modified_time":"2026-04-20T19:42:59+00:00","og_image":[{"width":1000,"height":667,"url":"https:\/\/shop.bantam.ch\/wp-content\/uploads\/2023\/02\/994411811.jpg","type":"image\/jpeg"}],"twitter_card":"summary_large_image","twitter_misc":{"Gesch\u00e4tzte Lesezeit":"1\u00a0Minute"},"schema":{"@context":"https:\/\/schema.org","@graph":[{"@type":"WebPage","@id":"https:\/\/shop.bantam.ch\/de\/produkt\/brotdose-campus-animal-friends\/","url":"https:\/\/shop.bantam.ch\/de\/produkt\/brotdose-campus-animal-friends\/","name":"Brotdose MEPAL campus animal friends 14,8 x 21,5 x 14,8 cm - Bantam Camping AG","isPartOf":{"@id":"https:\/\/shop.bantam.ch\/de\/#website"},"primaryImageOfPage":{"@id":"https:\/\/shop.bantam.ch\/de\/produkt\/brotdose-campus-animal-friends\/#primaryimage"},"image":{"@id":"https:\/\/shop.bantam.ch\/de\/produkt\/brotdose-campus-animal-friends\/#primaryimage"},"thumbnailUrl":"https:\/\/shop.bantam.ch\/wp-content\/uploads\/2023\/02\/994411811.jpg","datePublished":"2023-02-28T19:51:34+00:00","dateModified":"2026-04-20T19:42:59+00:00","breadcrumb":{"@id":"https:\/\/shop.bantam.ch\/de\/produkt\/brotdose-campus-animal-friends\/#breadcrumb"},"inLanguage":"de","potentialAction":[{"@type":"ReadAction","target":["https:\/\/shop.bantam.ch\/de\/produkt\/brotdose-campus-animal-friends\/"]}]},{"@type":"ImageObject","inLanguage":"de","@id":"https:\/\/shop.bantam.ch\/de\/produkt\/brotdose-campus-animal-friends\/#primaryimage","url":"https:\/\/shop.bantam.ch\/wp-content\/uploads\/2023\/02\/994411811.jpg","contentUrl":"https:\/\/shop.bantam.ch\/wp-content\/uploads\/2023\/02\/994411811.jpg","width":1000,"height":667},{"@type":"BreadcrumbList","@id":"https:\/\/shop.bantam.ch\/de\/produkt\/brotdose-campus-animal-friends\/#breadcrumb","itemListElement":[{"@type":"ListItem","position":1,"name":"Accueil","item":"https:\/\/shop.bantam.ch\/de\/"},{"@type":"ListItem","position":2,"name":"Shop","item":"https:\/\/shop.bantam.ch\/de\/shop\/"},{"@type":"ListItem","position":3,"name":"Brotdose MEPAL campus animal friends 14,8 x 21,5 x 14,8 cm"}]},{"@type":"WebSite","@id":"https:\/\/shop.bantam.ch\/de\/#website","url":"https:\/\/shop.bantam.ch\/de\/","name":"Bantam Camping AG","description":"","publisher":{"@id":"https:\/\/shop.bantam.ch\/de\/#organization"},"inLanguage":"de"},{"@type":"Organization","@id":"https:\/\/shop.bantam.ch\/de\/#organization","name":"Bantam Camping AG","url":"https:\/\/shop.bantam.ch\/de\/","logo":{"@type":"ImageObject","inLanguage":"de","@id":"https:\/\/shop.bantam.ch\/de\/#\/schema\/logo\/image\/","url":"https:\/\/shop.bantam.ch\/wp-content\/uploads\/2022\/12\/bantam-logo.png","contentUrl":"https:\/\/shop.bantam.ch\/wp-content\/uploads\/2022\/12\/bantam-logo.png","width":320,"height":71,"caption":"Bantam Camping AG"},"image":{"@id":"https:\/\/shop.bantam.ch\/de\/#\/schema\/logo\/image\/"}}]}},"_links":{"self":[{"href":"https:\/\/shop.bantam.ch\/de\/wp-json\/wp\/v2\/product\/112172","targetHints":{"allow":["GET"]}}],"collection":[{"href":"https:\/\/shop.bantam.ch\/de\/wp-json\/wp\/v2\/product"}],"about":[{"href":"https:\/\/shop.bantam.ch\/de\/wp-json\/wp\/v2\/types\/product"}],"wp:featuredmedia":[{"embeddable":true,"href":"https:\/\/shop.bantam.ch\/de\/wp-json\/wp\/v2\/media\/112168"}],"wp:attachment":[{"href":"https:\/\/shop.bantam.ch\/de\/wp-json\/wp\/v2\/media?parent=112172"}],"wp:term":[{"taxonomy":"product_featured_cat","embeddable":true,"href":"https:\/\/shop.bantam.ch\/de\/wp-json\/wp\/v2\/product_featured_cat?post=112172"},{"taxonomy":"product_brand","embeddable":true,"href":"https:\/\/shop.bantam.ch\/de\/wp-json\/wp\/v2\/product_brand?post=112172"},{"taxonomy":"product_cat","embeddable":true,"href":"https:\/\/shop.bantam.ch\/de\/wp-json\/wp\/v2\/product_cat?post=112172"},{"taxonomy":"product_tag","embeddable":true,"href":"https:\/\/shop.bantam.ch\/de\/wp-json\/wp\/v2\/product_tag?post=112172"}],"curies":[{"name":"wp","href":"https:\/\/api.w.org\/{rel}","templated":true}]}}