{"id":112166,"date":"2023-02-28T20:51:28","date_gmt":"2023-02-28T19:51:28","guid":{"rendered":"https:\/\/shop.bantam.ch\/produit\/thermosflasche-flip-up-campus-350-ml-animal-friends\/"},"modified":"2026-04-20T21:42:59","modified_gmt":"2026-04-20T19:42:59","slug":"thermosflasche-flip-up-campus-350-ml-animal-friends","status":"publish","type":"product","link":"https:\/\/shop.bantam.ch\/de\/produkt\/thermosflasche-flip-up-campus-350-ml-animal-friends\/","title":{"rendered":"Thermoflasche MEPAL flip-up campus 350 ml animal friends"},"content":{"rendered":"<p>Cool und k\u00fchl auf dem Schulhof mit dieser angesagten Thermoflasche Flip-up im Animal Friends-Dekor. Die Thermoflasche sorgt daf\u00fcr, dass die Getr\u00e4nke Deines Sohnes oder Deiner Tochter den ganzen Tag \u00fcber angenehm k\u00fchl bleiben. Die Flasche ist mit einem praktischen Flip-up-Trinksystem ausgestattet, mit dem selbst die kleinsten Kinderh\u00e4nde m\u00fchelos umgehen k\u00f6nnen. Einfach den Ausgie\u00dfer nach oben dr\u00fccken und dann trinken! Der Ausgie\u00dfer ist mit einem Trinkhalm verbunden, der optional auch entfernt werden kann &#8211; in diesem Fall muss die Flasche jedoch wie gehabt beim Trinken gekippt werden. Die Trinkflasche ist zudem garantiert auslaufsicher, so kannst Du sie bedenkenlos mit in die Schultasche packen. Zum Tragen der Flasche kann auch die praktische Trageschlaufe genutzt werden. Die Flip-up-Flasche kann auch mit erfrischend k\u00fchlem (Sprudel-) Wasser, k\u00fchler Apfelschorle oder hei\u00dfen Tee bef\u00fcllt werden. Ein Tipp zur Verwendung mit Sprudelwasser: F\u00fclle die Flasche damit nie randvoll. Und was f\u00fcr uns ganz selbstverst\u00e4ndlich ist: Die Flasche ist nicht nur BPA-frei, sondern l\u00e4sst sich auch einfach reinigen.<\/p>\n","protected":false},"excerpt":{"rendered":"<p>Cool und k\u00fchl auf dem Schulhof mit dieser angesagten Thermoflasche Flip-up im Animal Friends-Dekor. Die Thermoflasche sorgt daf\u00fcr, dass die Getr\u00e4nke Deines Sohnes oder Deiner Tochter den ganzen Tag \u00fcber angenehm k\u00fchl bleiben. Die Flasche ist mit einem praktischen Flip-up-Trinksystem ausgestattet, mit dem selbst die kleinsten Kinderh\u00e4nde m\u00fchelos umgehen k\u00f6nnen. Einfach den Ausgie\u00dfer nach oben [&hellip;]<\/p>\n","protected":false},"featured_media":112164,"template":"","meta":{"_acf_changed":false},"product_featured_cat":[],"product_brand":[3327],"product_cat":[4328],"product_tag":[],"class_list":{"0":"post-112166","1":"product","2":"type-product","3":"status-publish","4":"has-post-thumbnail","6":"product_brand-mepal-de","7":"product_cat-thermoskannen-becher","9":"first","10":"instock","11":"taxable","12":"shipping-taxable","13":"purchasable","14":"product-type-simple"},"acf":[],"yoast_head":"<!-- This site is optimized with the Yoast SEO plugin v27.4 - https:\/\/yoast.com\/product\/yoast-seo-wordpress\/ -->\n<title>Thermoflasche MEPAL flip-up campus 350 ml animal friends - Bantam Camping AG<\/title>\n<meta name=\"robots\" content=\"index, follow, max-snippet:-1, max-image-preview:large, max-video-preview:-1\" \/>\n<link rel=\"canonical\" href=\"https:\/\/shop.bantam.ch\/de\/produkt\/thermosflasche-flip-up-campus-350-ml-animal-friends\/\" \/>\n<meta property=\"og:locale\" content=\"de_DE\" \/>\n<meta property=\"og:type\" content=\"article\" \/>\n<meta property=\"og:title\" content=\"Thermoflasche MEPAL flip-up campus 350 ml animal friends - Bantam Camping AG\" \/>\n<meta property=\"og:description\" content=\"Cool und k\u00fchl auf dem Schulhof mit dieser angesagten Thermoflasche Flip-up im Animal Friends-Dekor. Die Thermoflasche sorgt daf\u00fcr, dass die Getr\u00e4nke Deines Sohnes oder Deiner Tochter den ganzen Tag \u00fcber angenehm k\u00fchl bleiben. Die Flasche ist mit einem praktischen Flip-up-Trinksystem ausgestattet, mit dem selbst die kleinsten Kinderh\u00e4nde m\u00fchelos umgehen k\u00f6nnen. Einfach den Ausgie\u00dfer nach oben [&hellip;]\" \/>\n<meta property=\"og:url\" content=\"https:\/\/shop.bantam.ch\/de\/produkt\/thermosflasche-flip-up-campus-350-ml-animal-friends\/\" \/>\n<meta property=\"og:site_name\" content=\"Bantam Camping AG\" \/>\n<meta property=\"article:modified_time\" content=\"2026-04-20T19:42:59+00:00\" \/>\n<meta property=\"og:image\" content=\"https:\/\/shop.bantam.ch\/wp-content\/uploads\/2023\/02\/994411711.jpg\" \/>\n\t<meta property=\"og:image:width\" content=\"1000\" \/>\n\t<meta property=\"og:image:height\" content=\"667\" \/>\n\t<meta property=\"og:image:type\" content=\"image\/jpeg\" \/>\n<meta name=\"twitter:card\" content=\"summary_large_image\" \/>\n<meta name=\"twitter:label1\" content=\"Gesch\u00e4tzte Lesezeit\" \/>\n\t<meta name=\"twitter:data1\" content=\"1\u00a0Minute\" \/>\n<script type=\"application\/ld+json\" class=\"yoast-schema-graph\">{\"@context\":\"https:\\\/\\\/schema.org\",\"@graph\":[{\"@type\":\"WebPage\",\"@id\":\"https:\\\/\\\/shop.bantam.ch\\\/de\\\/produkt\\\/thermosflasche-flip-up-campus-350-ml-animal-friends\\\/\",\"url\":\"https:\\\/\\\/shop.bantam.ch\\\/de\\\/produkt\\\/thermosflasche-flip-up-campus-350-ml-animal-friends\\\/\",\"name\":\"Thermoflasche MEPAL flip-up campus 350 ml animal friends - Bantam Camping AG\",\"isPartOf\":{\"@id\":\"https:\\\/\\\/shop.bantam.ch\\\/de\\\/#website\"},\"primaryImageOfPage\":{\"@id\":\"https:\\\/\\\/shop.bantam.ch\\\/de\\\/produkt\\\/thermosflasche-flip-up-campus-350-ml-animal-friends\\\/#primaryimage\"},\"image\":{\"@id\":\"https:\\\/\\\/shop.bantam.ch\\\/de\\\/produkt\\\/thermosflasche-flip-up-campus-350-ml-animal-friends\\\/#primaryimage\"},\"thumbnailUrl\":\"https:\\\/\\\/shop.bantam.ch\\\/wp-content\\\/uploads\\\/2023\\\/02\\\/994411711.jpg\",\"datePublished\":\"2023-02-28T19:51:28+00:00\",\"dateModified\":\"2026-04-20T19:42:59+00:00\",\"breadcrumb\":{\"@id\":\"https:\\\/\\\/shop.bantam.ch\\\/de\\\/produkt\\\/thermosflasche-flip-up-campus-350-ml-animal-friends\\\/#breadcrumb\"},\"inLanguage\":\"de\",\"potentialAction\":[{\"@type\":\"ReadAction\",\"target\":[\"https:\\\/\\\/shop.bantam.ch\\\/de\\\/produkt\\\/thermosflasche-flip-up-campus-350-ml-animal-friends\\\/\"]}]},{\"@type\":\"ImageObject\",\"inLanguage\":\"de\",\"@id\":\"https:\\\/\\\/shop.bantam.ch\\\/de\\\/produkt\\\/thermosflasche-flip-up-campus-350-ml-animal-friends\\\/#primaryimage\",\"url\":\"https:\\\/\\\/shop.bantam.ch\\\/wp-content\\\/uploads\\\/2023\\\/02\\\/994411711.jpg\",\"contentUrl\":\"https:\\\/\\\/shop.bantam.ch\\\/wp-content\\\/uploads\\\/2023\\\/02\\\/994411711.jpg\",\"width\":1000,\"height\":667},{\"@type\":\"BreadcrumbList\",\"@id\":\"https:\\\/\\\/shop.bantam.ch\\\/de\\\/produkt\\\/thermosflasche-flip-up-campus-350-ml-animal-friends\\\/#breadcrumb\",\"itemListElement\":[{\"@type\":\"ListItem\",\"position\":1,\"name\":\"Accueil\",\"item\":\"https:\\\/\\\/shop.bantam.ch\\\/de\\\/\"},{\"@type\":\"ListItem\",\"position\":2,\"name\":\"Shop\",\"item\":\"https:\\\/\\\/shop.bantam.ch\\\/de\\\/shop\\\/\"},{\"@type\":\"ListItem\",\"position\":3,\"name\":\"Thermoflasche MEPAL flip-up campus 350 ml animal friends\"}]},{\"@type\":\"WebSite\",\"@id\":\"https:\\\/\\\/shop.bantam.ch\\\/de\\\/#website\",\"url\":\"https:\\\/\\\/shop.bantam.ch\\\/de\\\/\",\"name\":\"Bantam Camping AG\",\"description\":\"\",\"publisher\":{\"@id\":\"https:\\\/\\\/shop.bantam.ch\\\/de\\\/#organization\"},\"inLanguage\":\"de\"},{\"@type\":\"Organization\",\"@id\":\"https:\\\/\\\/shop.bantam.ch\\\/de\\\/#organization\",\"name\":\"Bantam Camping AG\",\"url\":\"https:\\\/\\\/shop.bantam.ch\\\/de\\\/\",\"logo\":{\"@type\":\"ImageObject\",\"inLanguage\":\"de\",\"@id\":\"https:\\\/\\\/shop.bantam.ch\\\/de\\\/#\\\/schema\\\/logo\\\/image\\\/\",\"url\":\"https:\\\/\\\/shop.bantam.ch\\\/wp-content\\\/uploads\\\/2022\\\/12\\\/bantam-logo.png\",\"contentUrl\":\"https:\\\/\\\/shop.bantam.ch\\\/wp-content\\\/uploads\\\/2022\\\/12\\\/bantam-logo.png\",\"width\":320,\"height\":71,\"caption\":\"Bantam Camping AG\"},\"image\":{\"@id\":\"https:\\\/\\\/shop.bantam.ch\\\/de\\\/#\\\/schema\\\/logo\\\/image\\\/\"}}]}<\/script>\n<!-- \/ Yoast SEO plugin. -->","yoast_head_json":{"title":"Thermoflasche MEPAL flip-up campus 350 ml animal friends - Bantam Camping AG","robots":{"index":"index","follow":"follow","max-snippet":"max-snippet:-1","max-image-preview":"max-image-preview:large","max-video-preview":"max-video-preview:-1"},"canonical":"https:\/\/shop.bantam.ch\/de\/produkt\/thermosflasche-flip-up-campus-350-ml-animal-friends\/","og_locale":"de_DE","og_type":"article","og_title":"Thermoflasche MEPAL flip-up campus 350 ml animal friends - Bantam Camping AG","og_description":"Cool und k\u00fchl auf dem Schulhof mit dieser angesagten Thermoflasche Flip-up im Animal Friends-Dekor. Die Thermoflasche sorgt daf\u00fcr, dass die Getr\u00e4nke Deines Sohnes oder Deiner Tochter den ganzen Tag \u00fcber angenehm k\u00fchl bleiben. Die Flasche ist mit einem praktischen Flip-up-Trinksystem ausgestattet, mit dem selbst die kleinsten Kinderh\u00e4nde m\u00fchelos umgehen k\u00f6nnen. Einfach den Ausgie\u00dfer nach oben [&hellip;]","og_url":"https:\/\/shop.bantam.ch\/de\/produkt\/thermosflasche-flip-up-campus-350-ml-animal-friends\/","og_site_name":"Bantam Camping AG","article_modified_time":"2026-04-20T19:42:59+00:00","og_image":[{"width":1000,"height":667,"url":"https:\/\/shop.bantam.ch\/wp-content\/uploads\/2023\/02\/994411711.jpg","type":"image\/jpeg"}],"twitter_card":"summary_large_image","twitter_misc":{"Gesch\u00e4tzte Lesezeit":"1\u00a0Minute"},"schema":{"@context":"https:\/\/schema.org","@graph":[{"@type":"WebPage","@id":"https:\/\/shop.bantam.ch\/de\/produkt\/thermosflasche-flip-up-campus-350-ml-animal-friends\/","url":"https:\/\/shop.bantam.ch\/de\/produkt\/thermosflasche-flip-up-campus-350-ml-animal-friends\/","name":"Thermoflasche MEPAL flip-up campus 350 ml animal friends - Bantam Camping AG","isPartOf":{"@id":"https:\/\/shop.bantam.ch\/de\/#website"},"primaryImageOfPage":{"@id":"https:\/\/shop.bantam.ch\/de\/produkt\/thermosflasche-flip-up-campus-350-ml-animal-friends\/#primaryimage"},"image":{"@id":"https:\/\/shop.bantam.ch\/de\/produkt\/thermosflasche-flip-up-campus-350-ml-animal-friends\/#primaryimage"},"thumbnailUrl":"https:\/\/shop.bantam.ch\/wp-content\/uploads\/2023\/02\/994411711.jpg","datePublished":"2023-02-28T19:51:28+00:00","dateModified":"2026-04-20T19:42:59+00:00","breadcrumb":{"@id":"https:\/\/shop.bantam.ch\/de\/produkt\/thermosflasche-flip-up-campus-350-ml-animal-friends\/#breadcrumb"},"inLanguage":"de","potentialAction":[{"@type":"ReadAction","target":["https:\/\/shop.bantam.ch\/de\/produkt\/thermosflasche-flip-up-campus-350-ml-animal-friends\/"]}]},{"@type":"ImageObject","inLanguage":"de","@id":"https:\/\/shop.bantam.ch\/de\/produkt\/thermosflasche-flip-up-campus-350-ml-animal-friends\/#primaryimage","url":"https:\/\/shop.bantam.ch\/wp-content\/uploads\/2023\/02\/994411711.jpg","contentUrl":"https:\/\/shop.bantam.ch\/wp-content\/uploads\/2023\/02\/994411711.jpg","width":1000,"height":667},{"@type":"BreadcrumbList","@id":"https:\/\/shop.bantam.ch\/de\/produkt\/thermosflasche-flip-up-campus-350-ml-animal-friends\/#breadcrumb","itemListElement":[{"@type":"ListItem","position":1,"name":"Accueil","item":"https:\/\/shop.bantam.ch\/de\/"},{"@type":"ListItem","position":2,"name":"Shop","item":"https:\/\/shop.bantam.ch\/de\/shop\/"},{"@type":"ListItem","position":3,"name":"Thermoflasche MEPAL flip-up campus 350 ml animal friends"}]},{"@type":"WebSite","@id":"https:\/\/shop.bantam.ch\/de\/#website","url":"https:\/\/shop.bantam.ch\/de\/","name":"Bantam Camping AG","description":"","publisher":{"@id":"https:\/\/shop.bantam.ch\/de\/#organization"},"inLanguage":"de"},{"@type":"Organization","@id":"https:\/\/shop.bantam.ch\/de\/#organization","name":"Bantam Camping AG","url":"https:\/\/shop.bantam.ch\/de\/","logo":{"@type":"ImageObject","inLanguage":"de","@id":"https:\/\/shop.bantam.ch\/de\/#\/schema\/logo\/image\/","url":"https:\/\/shop.bantam.ch\/wp-content\/uploads\/2022\/12\/bantam-logo.png","contentUrl":"https:\/\/shop.bantam.ch\/wp-content\/uploads\/2022\/12\/bantam-logo.png","width":320,"height":71,"caption":"Bantam Camping AG"},"image":{"@id":"https:\/\/shop.bantam.ch\/de\/#\/schema\/logo\/image\/"}}]}},"_links":{"self":[{"href":"https:\/\/shop.bantam.ch\/de\/wp-json\/wp\/v2\/product\/112166","targetHints":{"allow":["GET"]}}],"collection":[{"href":"https:\/\/shop.bantam.ch\/de\/wp-json\/wp\/v2\/product"}],"about":[{"href":"https:\/\/shop.bantam.ch\/de\/wp-json\/wp\/v2\/types\/product"}],"wp:featuredmedia":[{"embeddable":true,"href":"https:\/\/shop.bantam.ch\/de\/wp-json\/wp\/v2\/media\/112164"}],"wp:attachment":[{"href":"https:\/\/shop.bantam.ch\/de\/wp-json\/wp\/v2\/media?parent=112166"}],"wp:term":[{"taxonomy":"product_featured_cat","embeddable":true,"href":"https:\/\/shop.bantam.ch\/de\/wp-json\/wp\/v2\/product_featured_cat?post=112166"},{"taxonomy":"product_brand","embeddable":true,"href":"https:\/\/shop.bantam.ch\/de\/wp-json\/wp\/v2\/product_brand?post=112166"},{"taxonomy":"product_cat","embeddable":true,"href":"https:\/\/shop.bantam.ch\/de\/wp-json\/wp\/v2\/product_cat?post=112166"},{"taxonomy":"product_tag","embeddable":true,"href":"https:\/\/shop.bantam.ch\/de\/wp-json\/wp\/v2\/product_tag?post=112166"}],"curies":[{"name":"wp","href":"https:\/\/api.w.org\/{rel}","templated":true}]}}