{"id":111982,"date":"2023-02-28T20:48:27","date_gmt":"2023-02-28T19:48:27","guid":{"rendered":"https:\/\/shop.bantam.ch\/produit\/klappstuhl-advancer-ergofit-anthrazit-grau\/"},"modified":"2026-04-18T21:42:30","modified_gmt":"2026-04-18T19:42:30","slug":"klappstuhl-advancer-ergofit-anthrazit-grau","status":"publish","type":"product","link":"https:\/\/shop.bantam.ch\/de\/produkt\/klappstuhl-advancer-ergofit-anthrazit-grau\/","title":{"rendered":"Klappstuhl Westfield OUTDOORS Advancer Ergofit Farbe anthrazit grau"},"content":{"rendered":"<p>Mit der h\u00f6henverstellbaren R\u00fccklehne ist der neue Advancer Ergofit besonders ergonomisch. Durch die Kombination der Ergoshell R\u00fcckenlehne und vertikal verstellbaren Nackenst\u00fctze passt sich der Advancer Ergofit an jeden Benutzer an. Hergestellt wird er weiterhin mit dem verst\u00e4rkten DuraLite Rahmen, Aluminium-Scharnieren und metallverst\u00e4rkten Armlehnen. Das kompakte Zusammenfalten macht den Advancer Ergofit einfach zu einem super Stuhl.<\/p>\n<ul>\n<li>3D-Fasergewebe DuraDore mit integrierter Polsterungsfunktion<\/li>\n<li>Das Material ist atmungsaktiv, luft- und wasserdurchl\u00e4ssig<\/li>\n<li>Vertikal verstellbare Nackenst\u00fctze S-f\u00f6rmige R\u00fcckenlehne f\u00fcr einen entspannten Sitzkomfort<\/li>\n<li>Unterst\u00fctzung des Lendenwirbels<\/li>\n<li>Gestell aus Aluminium &#8211; \u00e4u\u00dferst stabil und sehr leicht.<\/li>\n<\/ul>\n<p>Material:<br \/>Bezug: 100% Polyester<br \/>Gestell: Aluminium<\/p>\n","protected":false},"excerpt":{"rendered":"<p>Mit der h\u00f6henverstellbaren R\u00fccklehne ist der neue Advancer Ergofit besonders ergonomisch. Durch die Kombination der Ergoshell R\u00fcckenlehne und vertikal verstellbaren Nackenst\u00fctze passt sich der Advancer Ergofit an jeden Benutzer an. Hergestellt wird er weiterhin mit dem verst\u00e4rkten DuraLite Rahmen, Aluminium-Scharnieren und metallverst\u00e4rkten Armlehnen. Das kompakte Zusammenfalten macht den Advancer Ergofit einfach zu einem super Stuhl. [&hellip;]<\/p>\n","protected":false},"featured_media":111976,"template":"","meta":{"_acf_changed":false},"product_featured_cat":[],"product_brand":[3093],"product_cat":[4972],"product_tag":[],"class_list":{"0":"post-111982","1":"product","2":"type-product","3":"status-publish","4":"has-post-thumbnail","6":"product_brand-westfield-outdoors-de","7":"product_cat-campingstuehle","9":"first","10":"instock","11":"taxable","12":"shipping-taxable","13":"purchasable","14":"product-type-simple"},"acf":[],"yoast_head":"<!-- This site is optimized with the Yoast SEO plugin v27.4 - https:\/\/yoast.com\/product\/yoast-seo-wordpress\/ -->\n<title>Klappstuhl Westfield OUTDOORS Advancer Ergofit Farbe anthrazit grau - Bantam Camping AG<\/title>\n<meta name=\"robots\" content=\"index, follow, max-snippet:-1, max-image-preview:large, max-video-preview:-1\" \/>\n<link rel=\"canonical\" href=\"https:\/\/shop.bantam.ch\/de\/produkt\/klappstuhl-advancer-ergofit-anthrazit-grau\/\" \/>\n<meta property=\"og:locale\" content=\"de_DE\" \/>\n<meta property=\"og:type\" content=\"article\" \/>\n<meta property=\"og:title\" content=\"Klappstuhl Westfield OUTDOORS Advancer Ergofit Farbe anthrazit grau - Bantam Camping AG\" \/>\n<meta property=\"og:description\" content=\"Mit der h\u00f6henverstellbaren R\u00fccklehne ist der neue Advancer Ergofit besonders ergonomisch. Durch die Kombination der Ergoshell R\u00fcckenlehne und vertikal verstellbaren Nackenst\u00fctze passt sich der Advancer Ergofit an jeden Benutzer an. Hergestellt wird er weiterhin mit dem verst\u00e4rkten DuraLite Rahmen, Aluminium-Scharnieren und metallverst\u00e4rkten Armlehnen. Das kompakte Zusammenfalten macht den Advancer Ergofit einfach zu einem super Stuhl. [&hellip;]\" \/>\n<meta property=\"og:url\" content=\"https:\/\/shop.bantam.ch\/de\/produkt\/klappstuhl-advancer-ergofit-anthrazit-grau\/\" \/>\n<meta property=\"og:site_name\" content=\"Bantam Camping AG\" \/>\n<meta property=\"article:modified_time\" content=\"2026-04-18T19:42:30+00:00\" \/>\n<meta property=\"og:image\" content=\"https:\/\/shop.bantam.ch\/wp-content\/uploads\/2023\/02\/996097311.jpg\" \/>\n\t<meta property=\"og:image:width\" content=\"727\" \/>\n\t<meta property=\"og:image:height\" content=\"1000\" \/>\n\t<meta property=\"og:image:type\" content=\"image\/jpeg\" \/>\n<meta name=\"twitter:card\" content=\"summary_large_image\" \/>\n<meta name=\"twitter:label1\" content=\"Gesch\u00e4tzte Lesezeit\" \/>\n\t<meta name=\"twitter:data1\" content=\"1\u00a0Minute\" \/>\n<script type=\"application\/ld+json\" class=\"yoast-schema-graph\">{\"@context\":\"https:\\\/\\\/schema.org\",\"@graph\":[{\"@type\":\"WebPage\",\"@id\":\"https:\\\/\\\/shop.bantam.ch\\\/de\\\/produkt\\\/klappstuhl-advancer-ergofit-anthrazit-grau\\\/\",\"url\":\"https:\\\/\\\/shop.bantam.ch\\\/de\\\/produkt\\\/klappstuhl-advancer-ergofit-anthrazit-grau\\\/\",\"name\":\"Klappstuhl Westfield OUTDOORS Advancer Ergofit Farbe anthrazit grau - Bantam Camping AG\",\"isPartOf\":{\"@id\":\"https:\\\/\\\/shop.bantam.ch\\\/de\\\/#website\"},\"primaryImageOfPage\":{\"@id\":\"https:\\\/\\\/shop.bantam.ch\\\/de\\\/produkt\\\/klappstuhl-advancer-ergofit-anthrazit-grau\\\/#primaryimage\"},\"image\":{\"@id\":\"https:\\\/\\\/shop.bantam.ch\\\/de\\\/produkt\\\/klappstuhl-advancer-ergofit-anthrazit-grau\\\/#primaryimage\"},\"thumbnailUrl\":\"https:\\\/\\\/shop.bantam.ch\\\/wp-content\\\/uploads\\\/2023\\\/02\\\/996097311.jpg\",\"datePublished\":\"2023-02-28T19:48:27+00:00\",\"dateModified\":\"2026-04-18T19:42:30+00:00\",\"breadcrumb\":{\"@id\":\"https:\\\/\\\/shop.bantam.ch\\\/de\\\/produkt\\\/klappstuhl-advancer-ergofit-anthrazit-grau\\\/#breadcrumb\"},\"inLanguage\":\"de\",\"potentialAction\":[{\"@type\":\"ReadAction\",\"target\":[\"https:\\\/\\\/shop.bantam.ch\\\/de\\\/produkt\\\/klappstuhl-advancer-ergofit-anthrazit-grau\\\/\"]}]},{\"@type\":\"ImageObject\",\"inLanguage\":\"de\",\"@id\":\"https:\\\/\\\/shop.bantam.ch\\\/de\\\/produkt\\\/klappstuhl-advancer-ergofit-anthrazit-grau\\\/#primaryimage\",\"url\":\"https:\\\/\\\/shop.bantam.ch\\\/wp-content\\\/uploads\\\/2023\\\/02\\\/996097311.jpg\",\"contentUrl\":\"https:\\\/\\\/shop.bantam.ch\\\/wp-content\\\/uploads\\\/2023\\\/02\\\/996097311.jpg\",\"width\":727,\"height\":1000},{\"@type\":\"BreadcrumbList\",\"@id\":\"https:\\\/\\\/shop.bantam.ch\\\/de\\\/produkt\\\/klappstuhl-advancer-ergofit-anthrazit-grau\\\/#breadcrumb\",\"itemListElement\":[{\"@type\":\"ListItem\",\"position\":1,\"name\":\"Accueil\",\"item\":\"https:\\\/\\\/shop.bantam.ch\\\/de\\\/\"},{\"@type\":\"ListItem\",\"position\":2,\"name\":\"Shop\",\"item\":\"https:\\\/\\\/shop.bantam.ch\\\/de\\\/shop\\\/\"},{\"@type\":\"ListItem\",\"position\":3,\"name\":\"Klappstuhl Westfield OUTDOORS Advancer Ergofit Farbe anthrazit grau\"}]},{\"@type\":\"WebSite\",\"@id\":\"https:\\\/\\\/shop.bantam.ch\\\/de\\\/#website\",\"url\":\"https:\\\/\\\/shop.bantam.ch\\\/de\\\/\",\"name\":\"Bantam Camping AG\",\"description\":\"\",\"publisher\":{\"@id\":\"https:\\\/\\\/shop.bantam.ch\\\/de\\\/#organization\"},\"inLanguage\":\"de\"},{\"@type\":\"Organization\",\"@id\":\"https:\\\/\\\/shop.bantam.ch\\\/de\\\/#organization\",\"name\":\"Bantam Camping AG\",\"url\":\"https:\\\/\\\/shop.bantam.ch\\\/de\\\/\",\"logo\":{\"@type\":\"ImageObject\",\"inLanguage\":\"de\",\"@id\":\"https:\\\/\\\/shop.bantam.ch\\\/de\\\/#\\\/schema\\\/logo\\\/image\\\/\",\"url\":\"https:\\\/\\\/shop.bantam.ch\\\/wp-content\\\/uploads\\\/2022\\\/12\\\/bantam-logo.png\",\"contentUrl\":\"https:\\\/\\\/shop.bantam.ch\\\/wp-content\\\/uploads\\\/2022\\\/12\\\/bantam-logo.png\",\"width\":320,\"height\":71,\"caption\":\"Bantam Camping AG\"},\"image\":{\"@id\":\"https:\\\/\\\/shop.bantam.ch\\\/de\\\/#\\\/schema\\\/logo\\\/image\\\/\"}}]}<\/script>\n<!-- \/ Yoast SEO plugin. -->","yoast_head_json":{"title":"Klappstuhl Westfield OUTDOORS Advancer Ergofit Farbe anthrazit grau - Bantam Camping AG","robots":{"index":"index","follow":"follow","max-snippet":"max-snippet:-1","max-image-preview":"max-image-preview:large","max-video-preview":"max-video-preview:-1"},"canonical":"https:\/\/shop.bantam.ch\/de\/produkt\/klappstuhl-advancer-ergofit-anthrazit-grau\/","og_locale":"de_DE","og_type":"article","og_title":"Klappstuhl Westfield OUTDOORS Advancer Ergofit Farbe anthrazit grau - Bantam Camping AG","og_description":"Mit der h\u00f6henverstellbaren R\u00fccklehne ist der neue Advancer Ergofit besonders ergonomisch. Durch die Kombination der Ergoshell R\u00fcckenlehne und vertikal verstellbaren Nackenst\u00fctze passt sich der Advancer Ergofit an jeden Benutzer an. Hergestellt wird er weiterhin mit dem verst\u00e4rkten DuraLite Rahmen, Aluminium-Scharnieren und metallverst\u00e4rkten Armlehnen. Das kompakte Zusammenfalten macht den Advancer Ergofit einfach zu einem super Stuhl. [&hellip;]","og_url":"https:\/\/shop.bantam.ch\/de\/produkt\/klappstuhl-advancer-ergofit-anthrazit-grau\/","og_site_name":"Bantam Camping AG","article_modified_time":"2026-04-18T19:42:30+00:00","og_image":[{"width":727,"height":1000,"url":"https:\/\/shop.bantam.ch\/wp-content\/uploads\/2023\/02\/996097311.jpg","type":"image\/jpeg"}],"twitter_card":"summary_large_image","twitter_misc":{"Gesch\u00e4tzte Lesezeit":"1\u00a0Minute"},"schema":{"@context":"https:\/\/schema.org","@graph":[{"@type":"WebPage","@id":"https:\/\/shop.bantam.ch\/de\/produkt\/klappstuhl-advancer-ergofit-anthrazit-grau\/","url":"https:\/\/shop.bantam.ch\/de\/produkt\/klappstuhl-advancer-ergofit-anthrazit-grau\/","name":"Klappstuhl Westfield OUTDOORS Advancer Ergofit Farbe anthrazit grau - Bantam Camping AG","isPartOf":{"@id":"https:\/\/shop.bantam.ch\/de\/#website"},"primaryImageOfPage":{"@id":"https:\/\/shop.bantam.ch\/de\/produkt\/klappstuhl-advancer-ergofit-anthrazit-grau\/#primaryimage"},"image":{"@id":"https:\/\/shop.bantam.ch\/de\/produkt\/klappstuhl-advancer-ergofit-anthrazit-grau\/#primaryimage"},"thumbnailUrl":"https:\/\/shop.bantam.ch\/wp-content\/uploads\/2023\/02\/996097311.jpg","datePublished":"2023-02-28T19:48:27+00:00","dateModified":"2026-04-18T19:42:30+00:00","breadcrumb":{"@id":"https:\/\/shop.bantam.ch\/de\/produkt\/klappstuhl-advancer-ergofit-anthrazit-grau\/#breadcrumb"},"inLanguage":"de","potentialAction":[{"@type":"ReadAction","target":["https:\/\/shop.bantam.ch\/de\/produkt\/klappstuhl-advancer-ergofit-anthrazit-grau\/"]}]},{"@type":"ImageObject","inLanguage":"de","@id":"https:\/\/shop.bantam.ch\/de\/produkt\/klappstuhl-advancer-ergofit-anthrazit-grau\/#primaryimage","url":"https:\/\/shop.bantam.ch\/wp-content\/uploads\/2023\/02\/996097311.jpg","contentUrl":"https:\/\/shop.bantam.ch\/wp-content\/uploads\/2023\/02\/996097311.jpg","width":727,"height":1000},{"@type":"BreadcrumbList","@id":"https:\/\/shop.bantam.ch\/de\/produkt\/klappstuhl-advancer-ergofit-anthrazit-grau\/#breadcrumb","itemListElement":[{"@type":"ListItem","position":1,"name":"Accueil","item":"https:\/\/shop.bantam.ch\/de\/"},{"@type":"ListItem","position":2,"name":"Shop","item":"https:\/\/shop.bantam.ch\/de\/shop\/"},{"@type":"ListItem","position":3,"name":"Klappstuhl Westfield OUTDOORS Advancer Ergofit Farbe anthrazit grau"}]},{"@type":"WebSite","@id":"https:\/\/shop.bantam.ch\/de\/#website","url":"https:\/\/shop.bantam.ch\/de\/","name":"Bantam Camping AG","description":"","publisher":{"@id":"https:\/\/shop.bantam.ch\/de\/#organization"},"inLanguage":"de"},{"@type":"Organization","@id":"https:\/\/shop.bantam.ch\/de\/#organization","name":"Bantam Camping AG","url":"https:\/\/shop.bantam.ch\/de\/","logo":{"@type":"ImageObject","inLanguage":"de","@id":"https:\/\/shop.bantam.ch\/de\/#\/schema\/logo\/image\/","url":"https:\/\/shop.bantam.ch\/wp-content\/uploads\/2022\/12\/bantam-logo.png","contentUrl":"https:\/\/shop.bantam.ch\/wp-content\/uploads\/2022\/12\/bantam-logo.png","width":320,"height":71,"caption":"Bantam Camping AG"},"image":{"@id":"https:\/\/shop.bantam.ch\/de\/#\/schema\/logo\/image\/"}}]}},"_links":{"self":[{"href":"https:\/\/shop.bantam.ch\/de\/wp-json\/wp\/v2\/product\/111982","targetHints":{"allow":["GET"]}}],"collection":[{"href":"https:\/\/shop.bantam.ch\/de\/wp-json\/wp\/v2\/product"}],"about":[{"href":"https:\/\/shop.bantam.ch\/de\/wp-json\/wp\/v2\/types\/product"}],"wp:featuredmedia":[{"embeddable":true,"href":"https:\/\/shop.bantam.ch\/de\/wp-json\/wp\/v2\/media\/111976"}],"wp:attachment":[{"href":"https:\/\/shop.bantam.ch\/de\/wp-json\/wp\/v2\/media?parent=111982"}],"wp:term":[{"taxonomy":"product_featured_cat","embeddable":true,"href":"https:\/\/shop.bantam.ch\/de\/wp-json\/wp\/v2\/product_featured_cat?post=111982"},{"taxonomy":"product_brand","embeddable":true,"href":"https:\/\/shop.bantam.ch\/de\/wp-json\/wp\/v2\/product_brand?post=111982"},{"taxonomy":"product_cat","embeddable":true,"href":"https:\/\/shop.bantam.ch\/de\/wp-json\/wp\/v2\/product_cat?post=111982"},{"taxonomy":"product_tag","embeddable":true,"href":"https:\/\/shop.bantam.ch\/de\/wp-json\/wp\/v2\/product_tag?post=111982"}],"curies":[{"name":"wp","href":"https:\/\/api.w.org\/{rel}","templated":true}]}}