{"id":111628,"date":"2023-02-28T20:44:21","date_gmt":"2023-02-28T19:44:21","guid":{"rendered":"https:\/\/shop.bantam.ch\/produit\/liegestuhl-tex-supreme-alu-grau\/"},"modified":"2026-04-22T21:41:49","modified_gmt":"2026-04-22T19:41:49","slug":"liegestuhl-tex-supreme-alu-grau","status":"publish","type":"product","link":"https:\/\/shop.bantam.ch\/de\/produkt\/liegestuhl-tex-supreme-alu-grau\/","title":{"rendered":"Liegestuhl CRESPO Tex-Supreme Alu, Farbe grau"},"content":{"rendered":"<p>Ein sehr luxuri\u00f6ser und einer der bequemsten Relaxsessel. Dieser stufenlos verstellbare Relaxsessel ist mit einem extra dicken und festen Tex Supreme-Gewebe ausgestattet. Dieser gepolsterte Stoff l\u00e4uft komplett um den Rahmen herum, wo der luxuri\u00f6se Stoff an der R\u00fcckenlehne befestigt ist und eine sehr angenehme Sitzfl\u00e4che entsteht. Au\u00dferdem verlaufen die Gummib\u00e4nder vollst\u00e4ndig \u00fcber den R\u00fccken, was den Tragekomfort erh\u00f6ht, und die Verarbeitung sorgt f\u00fcr einen eleganten Look. Au\u00dferdem ist das Gewebe sehr pflegeleicht, durch seine offenzellige Struktur wasserabweisend und besonders widerstandsf\u00e4hig gegen Verf\u00e4rbungen durch die Sonne. Sowohl die R\u00fcckenlehne als auch die Armlehnen dieses Relaxsessels sind ergonomisch geformt und der Sessel ist mit einem Bremssystem ausgestattet, um den Sessel in jeder gew\u00fcnschten Position zu fixieren. Der Stuhl hat ein eloxiertes H-Gestell f\u00fcr zus\u00e4tzliche Stabilit\u00e4t und Robustheit. Zusammengeklappt ist dieser Stuhl sehr kompakt und l\u00e4sst sich daher leicht in der mitgelieferten Aufbewahrungstasche mitnehmen.<\/p>\n<p>Material:<br \/>Bezug: 100 % Polyester<br \/>Gestell: Aluminium<\/p>\n","protected":false},"excerpt":{"rendered":"<p>Ein sehr luxuri\u00f6ser und einer der bequemsten Relaxsessel. Dieser stufenlos verstellbare Relaxsessel ist mit einem extra dicken und festen Tex Supreme-Gewebe ausgestattet. Dieser gepolsterte Stoff l\u00e4uft komplett um den Rahmen herum, wo der luxuri\u00f6se Stoff an der R\u00fcckenlehne befestigt ist und eine sehr angenehme Sitzfl\u00e4che entsteht. Au\u00dferdem verlaufen die Gummib\u00e4nder vollst\u00e4ndig \u00fcber den R\u00fccken, was [&hellip;]<\/p>\n","protected":false},"featured_media":111626,"template":"","meta":{"_acf_changed":false},"product_featured_cat":[],"product_brand":[3085],"product_cat":[4978],"product_tag":[],"class_list":{"0":"post-111628","1":"product","2":"type-product","3":"status-publish","4":"has-post-thumbnail","6":"product_brand-crespo-de","7":"product_cat-campingliegen","9":"first","10":"instock","11":"taxable","12":"shipping-taxable","13":"purchasable","14":"product-type-simple"},"acf":[],"yoast_head":"<!-- This site is optimized with the Yoast SEO plugin v27.4 - https:\/\/yoast.com\/product\/yoast-seo-wordpress\/ -->\n<title>Liegestuhl CRESPO Tex-Supreme Alu, Farbe grau - Bantam Camping AG<\/title>\n<meta name=\"robots\" content=\"index, follow, max-snippet:-1, max-image-preview:large, max-video-preview:-1\" \/>\n<link rel=\"canonical\" href=\"https:\/\/shop.bantam.ch\/de\/produkt\/liegestuhl-tex-supreme-alu-grau\/\" \/>\n<meta property=\"og:locale\" content=\"de_DE\" \/>\n<meta property=\"og:type\" content=\"article\" \/>\n<meta property=\"og:title\" content=\"Liegestuhl CRESPO Tex-Supreme Alu, Farbe grau - Bantam Camping AG\" \/>\n<meta property=\"og:description\" content=\"Ein sehr luxuri\u00f6ser und einer der bequemsten Relaxsessel. Dieser stufenlos verstellbare Relaxsessel ist mit einem extra dicken und festen Tex Supreme-Gewebe ausgestattet. Dieser gepolsterte Stoff l\u00e4uft komplett um den Rahmen herum, wo der luxuri\u00f6se Stoff an der R\u00fcckenlehne befestigt ist und eine sehr angenehme Sitzfl\u00e4che entsteht. Au\u00dferdem verlaufen die Gummib\u00e4nder vollst\u00e4ndig \u00fcber den R\u00fccken, was [&hellip;]\" \/>\n<meta property=\"og:url\" content=\"https:\/\/shop.bantam.ch\/de\/produkt\/liegestuhl-tex-supreme-alu-grau\/\" \/>\n<meta property=\"og:site_name\" content=\"Bantam Camping AG\" \/>\n<meta property=\"article:modified_time\" content=\"2026-04-22T19:41:49+00:00\" \/>\n<meta property=\"og:image\" content=\"https:\/\/shop.bantam.ch\/wp-content\/uploads\/2023\/02\/997027211.jpg\" \/>\n\t<meta property=\"og:image:width\" content=\"783\" \/>\n\t<meta property=\"og:image:height\" content=\"1000\" \/>\n\t<meta property=\"og:image:type\" content=\"image\/jpeg\" \/>\n<meta name=\"twitter:card\" content=\"summary_large_image\" \/>\n<meta name=\"twitter:label1\" content=\"Gesch\u00e4tzte Lesezeit\" \/>\n\t<meta name=\"twitter:data1\" content=\"1\u00a0Minute\" \/>\n<script type=\"application\/ld+json\" class=\"yoast-schema-graph\">{\"@context\":\"https:\\\/\\\/schema.org\",\"@graph\":[{\"@type\":\"WebPage\",\"@id\":\"https:\\\/\\\/shop.bantam.ch\\\/de\\\/produkt\\\/liegestuhl-tex-supreme-alu-grau\\\/\",\"url\":\"https:\\\/\\\/shop.bantam.ch\\\/de\\\/produkt\\\/liegestuhl-tex-supreme-alu-grau\\\/\",\"name\":\"Liegestuhl CRESPO Tex-Supreme Alu, Farbe grau - Bantam Camping AG\",\"isPartOf\":{\"@id\":\"https:\\\/\\\/shop.bantam.ch\\\/de\\\/#website\"},\"primaryImageOfPage\":{\"@id\":\"https:\\\/\\\/shop.bantam.ch\\\/de\\\/produkt\\\/liegestuhl-tex-supreme-alu-grau\\\/#primaryimage\"},\"image\":{\"@id\":\"https:\\\/\\\/shop.bantam.ch\\\/de\\\/produkt\\\/liegestuhl-tex-supreme-alu-grau\\\/#primaryimage\"},\"thumbnailUrl\":\"https:\\\/\\\/shop.bantam.ch\\\/wp-content\\\/uploads\\\/2023\\\/02\\\/997027211.jpg\",\"datePublished\":\"2023-02-28T19:44:21+00:00\",\"dateModified\":\"2026-04-22T19:41:49+00:00\",\"breadcrumb\":{\"@id\":\"https:\\\/\\\/shop.bantam.ch\\\/de\\\/produkt\\\/liegestuhl-tex-supreme-alu-grau\\\/#breadcrumb\"},\"inLanguage\":\"de\",\"potentialAction\":[{\"@type\":\"ReadAction\",\"target\":[\"https:\\\/\\\/shop.bantam.ch\\\/de\\\/produkt\\\/liegestuhl-tex-supreme-alu-grau\\\/\"]}]},{\"@type\":\"ImageObject\",\"inLanguage\":\"de\",\"@id\":\"https:\\\/\\\/shop.bantam.ch\\\/de\\\/produkt\\\/liegestuhl-tex-supreme-alu-grau\\\/#primaryimage\",\"url\":\"https:\\\/\\\/shop.bantam.ch\\\/wp-content\\\/uploads\\\/2023\\\/02\\\/997027211.jpg\",\"contentUrl\":\"https:\\\/\\\/shop.bantam.ch\\\/wp-content\\\/uploads\\\/2023\\\/02\\\/997027211.jpg\",\"width\":783,\"height\":1000},{\"@type\":\"BreadcrumbList\",\"@id\":\"https:\\\/\\\/shop.bantam.ch\\\/de\\\/produkt\\\/liegestuhl-tex-supreme-alu-grau\\\/#breadcrumb\",\"itemListElement\":[{\"@type\":\"ListItem\",\"position\":1,\"name\":\"Accueil\",\"item\":\"https:\\\/\\\/shop.bantam.ch\\\/de\\\/\"},{\"@type\":\"ListItem\",\"position\":2,\"name\":\"Shop\",\"item\":\"https:\\\/\\\/shop.bantam.ch\\\/de\\\/shop\\\/\"},{\"@type\":\"ListItem\",\"position\":3,\"name\":\"Liegestuhl CRESPO Tex-Supreme Alu, Farbe grau\"}]},{\"@type\":\"WebSite\",\"@id\":\"https:\\\/\\\/shop.bantam.ch\\\/de\\\/#website\",\"url\":\"https:\\\/\\\/shop.bantam.ch\\\/de\\\/\",\"name\":\"Bantam Camping AG\",\"description\":\"\",\"publisher\":{\"@id\":\"https:\\\/\\\/shop.bantam.ch\\\/de\\\/#organization\"},\"inLanguage\":\"de\"},{\"@type\":\"Organization\",\"@id\":\"https:\\\/\\\/shop.bantam.ch\\\/de\\\/#organization\",\"name\":\"Bantam Camping AG\",\"url\":\"https:\\\/\\\/shop.bantam.ch\\\/de\\\/\",\"logo\":{\"@type\":\"ImageObject\",\"inLanguage\":\"de\",\"@id\":\"https:\\\/\\\/shop.bantam.ch\\\/de\\\/#\\\/schema\\\/logo\\\/image\\\/\",\"url\":\"https:\\\/\\\/shop.bantam.ch\\\/wp-content\\\/uploads\\\/2022\\\/12\\\/bantam-logo.png\",\"contentUrl\":\"https:\\\/\\\/shop.bantam.ch\\\/wp-content\\\/uploads\\\/2022\\\/12\\\/bantam-logo.png\",\"width\":320,\"height\":71,\"caption\":\"Bantam Camping AG\"},\"image\":{\"@id\":\"https:\\\/\\\/shop.bantam.ch\\\/de\\\/#\\\/schema\\\/logo\\\/image\\\/\"}}]}<\/script>\n<!-- \/ Yoast SEO plugin. -->","yoast_head_json":{"title":"Liegestuhl CRESPO Tex-Supreme Alu, Farbe grau - Bantam Camping AG","robots":{"index":"index","follow":"follow","max-snippet":"max-snippet:-1","max-image-preview":"max-image-preview:large","max-video-preview":"max-video-preview:-1"},"canonical":"https:\/\/shop.bantam.ch\/de\/produkt\/liegestuhl-tex-supreme-alu-grau\/","og_locale":"de_DE","og_type":"article","og_title":"Liegestuhl CRESPO Tex-Supreme Alu, Farbe grau - Bantam Camping AG","og_description":"Ein sehr luxuri\u00f6ser und einer der bequemsten Relaxsessel. Dieser stufenlos verstellbare Relaxsessel ist mit einem extra dicken und festen Tex Supreme-Gewebe ausgestattet. Dieser gepolsterte Stoff l\u00e4uft komplett um den Rahmen herum, wo der luxuri\u00f6se Stoff an der R\u00fcckenlehne befestigt ist und eine sehr angenehme Sitzfl\u00e4che entsteht. Au\u00dferdem verlaufen die Gummib\u00e4nder vollst\u00e4ndig \u00fcber den R\u00fccken, was [&hellip;]","og_url":"https:\/\/shop.bantam.ch\/de\/produkt\/liegestuhl-tex-supreme-alu-grau\/","og_site_name":"Bantam Camping AG","article_modified_time":"2026-04-22T19:41:49+00:00","og_image":[{"width":783,"height":1000,"url":"https:\/\/shop.bantam.ch\/wp-content\/uploads\/2023\/02\/997027211.jpg","type":"image\/jpeg"}],"twitter_card":"summary_large_image","twitter_misc":{"Gesch\u00e4tzte Lesezeit":"1\u00a0Minute"},"schema":{"@context":"https:\/\/schema.org","@graph":[{"@type":"WebPage","@id":"https:\/\/shop.bantam.ch\/de\/produkt\/liegestuhl-tex-supreme-alu-grau\/","url":"https:\/\/shop.bantam.ch\/de\/produkt\/liegestuhl-tex-supreme-alu-grau\/","name":"Liegestuhl CRESPO Tex-Supreme Alu, Farbe grau - Bantam Camping AG","isPartOf":{"@id":"https:\/\/shop.bantam.ch\/de\/#website"},"primaryImageOfPage":{"@id":"https:\/\/shop.bantam.ch\/de\/produkt\/liegestuhl-tex-supreme-alu-grau\/#primaryimage"},"image":{"@id":"https:\/\/shop.bantam.ch\/de\/produkt\/liegestuhl-tex-supreme-alu-grau\/#primaryimage"},"thumbnailUrl":"https:\/\/shop.bantam.ch\/wp-content\/uploads\/2023\/02\/997027211.jpg","datePublished":"2023-02-28T19:44:21+00:00","dateModified":"2026-04-22T19:41:49+00:00","breadcrumb":{"@id":"https:\/\/shop.bantam.ch\/de\/produkt\/liegestuhl-tex-supreme-alu-grau\/#breadcrumb"},"inLanguage":"de","potentialAction":[{"@type":"ReadAction","target":["https:\/\/shop.bantam.ch\/de\/produkt\/liegestuhl-tex-supreme-alu-grau\/"]}]},{"@type":"ImageObject","inLanguage":"de","@id":"https:\/\/shop.bantam.ch\/de\/produkt\/liegestuhl-tex-supreme-alu-grau\/#primaryimage","url":"https:\/\/shop.bantam.ch\/wp-content\/uploads\/2023\/02\/997027211.jpg","contentUrl":"https:\/\/shop.bantam.ch\/wp-content\/uploads\/2023\/02\/997027211.jpg","width":783,"height":1000},{"@type":"BreadcrumbList","@id":"https:\/\/shop.bantam.ch\/de\/produkt\/liegestuhl-tex-supreme-alu-grau\/#breadcrumb","itemListElement":[{"@type":"ListItem","position":1,"name":"Accueil","item":"https:\/\/shop.bantam.ch\/de\/"},{"@type":"ListItem","position":2,"name":"Shop","item":"https:\/\/shop.bantam.ch\/de\/shop\/"},{"@type":"ListItem","position":3,"name":"Liegestuhl CRESPO Tex-Supreme Alu, Farbe grau"}]},{"@type":"WebSite","@id":"https:\/\/shop.bantam.ch\/de\/#website","url":"https:\/\/shop.bantam.ch\/de\/","name":"Bantam Camping AG","description":"","publisher":{"@id":"https:\/\/shop.bantam.ch\/de\/#organization"},"inLanguage":"de"},{"@type":"Organization","@id":"https:\/\/shop.bantam.ch\/de\/#organization","name":"Bantam Camping AG","url":"https:\/\/shop.bantam.ch\/de\/","logo":{"@type":"ImageObject","inLanguage":"de","@id":"https:\/\/shop.bantam.ch\/de\/#\/schema\/logo\/image\/","url":"https:\/\/shop.bantam.ch\/wp-content\/uploads\/2022\/12\/bantam-logo.png","contentUrl":"https:\/\/shop.bantam.ch\/wp-content\/uploads\/2022\/12\/bantam-logo.png","width":320,"height":71,"caption":"Bantam Camping AG"},"image":{"@id":"https:\/\/shop.bantam.ch\/de\/#\/schema\/logo\/image\/"}}]}},"_links":{"self":[{"href":"https:\/\/shop.bantam.ch\/de\/wp-json\/wp\/v2\/product\/111628","targetHints":{"allow":["GET"]}}],"collection":[{"href":"https:\/\/shop.bantam.ch\/de\/wp-json\/wp\/v2\/product"}],"about":[{"href":"https:\/\/shop.bantam.ch\/de\/wp-json\/wp\/v2\/types\/product"}],"wp:featuredmedia":[{"embeddable":true,"href":"https:\/\/shop.bantam.ch\/de\/wp-json\/wp\/v2\/media\/111626"}],"wp:attachment":[{"href":"https:\/\/shop.bantam.ch\/de\/wp-json\/wp\/v2\/media?parent=111628"}],"wp:term":[{"taxonomy":"product_featured_cat","embeddable":true,"href":"https:\/\/shop.bantam.ch\/de\/wp-json\/wp\/v2\/product_featured_cat?post=111628"},{"taxonomy":"product_brand","embeddable":true,"href":"https:\/\/shop.bantam.ch\/de\/wp-json\/wp\/v2\/product_brand?post=111628"},{"taxonomy":"product_cat","embeddable":true,"href":"https:\/\/shop.bantam.ch\/de\/wp-json\/wp\/v2\/product_cat?post=111628"},{"taxonomy":"product_tag","embeddable":true,"href":"https:\/\/shop.bantam.ch\/de\/wp-json\/wp\/v2\/product_tag?post=111628"}],"curies":[{"name":"wp","href":"https:\/\/api.w.org\/{rel}","templated":true}]}}