{"id":111620,"date":"2023-02-28T20:44:09","date_gmt":"2023-02-28T19:44:09","guid":{"rendered":"https:\/\/shop.bantam.ch\/produit\/liegestuhl-air-deluxe-alu-schwarz\/"},"modified":"2026-04-18T21:42:00","modified_gmt":"2026-04-18T19:42:00","slug":"liegestuhl-air-deluxe-alu-schwarz","status":"publish","type":"product","link":"https:\/\/shop.bantam.ch\/de\/produkt\/liegestuhl-air-deluxe-alu-schwarz\/","title":{"rendered":"Liegestuhl CRESPO Air-Deluxe Alu, Farbe schwarz"},"content":{"rendered":"<p>Ein sehr luxuri\u00f6ser, extra breiter, komfortabler und ergonomischer Relaxsessel mit Kopfkissen. Dieser Stuhl bietet maximalen Komfort, da er stufenlos verstellbar ist. Au\u00dferdem ist dieser Stuhl mit einem gepolsterten 3D-Gewebe ausgestattet, das mit einem Gummiband befestigt ist. Die komfortable F\u00fcllung dieses Stoffes ist besonders atmungsaktiv und speichert keine Feuchtigkeit. Dadurch trocknet dieser Stuhl schneller als andere St\u00fchle mit herk\u00f6mmlicher Schaumstoffpolsterung. Dar\u00fcber hinaus sorgt die Oberfl\u00e4che f\u00fcr ein stilvolles Aussehen. Sowohl die R\u00fcckenlehne als auch die Armlehnen sind ergonomisch geformt und der Stuhl ist mit einem Bremssystem ausgestattet, das den Stuhl in jeder gew\u00fcnschten Position fixiert. Der Stuhl hat ein eloxiertes H-Gestell f\u00fcr zus\u00e4tzliche Stabilit\u00e4t und Robustheit. Der Stuhl hat einen extra breiten, extra tiefen und extra hohen Sitz. Zusammengeklappt ist dieser Stuhl sehr kompakt und l\u00e4sst sich daher leicht in der mitgelieferten Aufbewahrungstasche mitnehmen.<\/p>\n<p>Material:<br \/>Bezug: 100 % Polyester<br \/>Gestell: Aluminium<\/p>\n<p>Lieferumfang:<br \/>Inklusive Tragetasche<\/p>\n","protected":false},"excerpt":{"rendered":"<p>Ein sehr luxuri\u00f6ser, extra breiter, komfortabler und ergonomischer Relaxsessel mit Kopfkissen. Dieser Stuhl bietet maximalen Komfort, da er stufenlos verstellbar ist. Au\u00dferdem ist dieser Stuhl mit einem gepolsterten 3D-Gewebe ausgestattet, das mit einem Gummiband befestigt ist. Die komfortable F\u00fcllung dieses Stoffes ist besonders atmungsaktiv und speichert keine Feuchtigkeit. Dadurch trocknet dieser Stuhl schneller als andere [&hellip;]<\/p>\n","protected":false},"featured_media":111618,"template":"","meta":{"_acf_changed":false},"product_featured_cat":[],"product_brand":[3085],"product_cat":[4978],"product_tag":[],"class_list":{"0":"post-111620","1":"product","2":"type-product","3":"status-publish","4":"has-post-thumbnail","6":"product_brand-crespo-de","7":"product_cat-campingliegen","9":"first","10":"instock","11":"taxable","12":"shipping-taxable","13":"purchasable","14":"product-type-simple"},"acf":[],"yoast_head":"<!-- This site is optimized with the Yoast SEO plugin v27.4 - https:\/\/yoast.com\/product\/yoast-seo-wordpress\/ -->\n<title>Liegestuhl CRESPO Air-Deluxe Alu, Farbe schwarz - Bantam Camping AG<\/title>\n<meta name=\"robots\" content=\"index, follow, max-snippet:-1, max-image-preview:large, max-video-preview:-1\" \/>\n<link rel=\"canonical\" href=\"https:\/\/shop.bantam.ch\/de\/produkt\/liegestuhl-air-deluxe-alu-schwarz\/\" \/>\n<meta property=\"og:locale\" content=\"de_DE\" \/>\n<meta property=\"og:type\" content=\"article\" \/>\n<meta property=\"og:title\" content=\"Liegestuhl CRESPO Air-Deluxe Alu, Farbe schwarz - Bantam Camping AG\" \/>\n<meta property=\"og:description\" content=\"Ein sehr luxuri\u00f6ser, extra breiter, komfortabler und ergonomischer Relaxsessel mit Kopfkissen. Dieser Stuhl bietet maximalen Komfort, da er stufenlos verstellbar ist. Au\u00dferdem ist dieser Stuhl mit einem gepolsterten 3D-Gewebe ausgestattet, das mit einem Gummiband befestigt ist. Die komfortable F\u00fcllung dieses Stoffes ist besonders atmungsaktiv und speichert keine Feuchtigkeit. Dadurch trocknet dieser Stuhl schneller als andere [&hellip;]\" \/>\n<meta property=\"og:url\" content=\"https:\/\/shop.bantam.ch\/de\/produkt\/liegestuhl-air-deluxe-alu-schwarz\/\" \/>\n<meta property=\"og:site_name\" content=\"Bantam Camping AG\" \/>\n<meta property=\"article:modified_time\" content=\"2026-04-18T19:42:00+00:00\" \/>\n<meta property=\"og:image\" content=\"https:\/\/shop.bantam.ch\/wp-content\/uploads\/2023\/02\/997025911.jpg\" \/>\n\t<meta property=\"og:image:width\" content=\"1000\" \/>\n\t<meta property=\"og:image:height\" content=\"669\" \/>\n\t<meta property=\"og:image:type\" content=\"image\/jpeg\" \/>\n<meta name=\"twitter:card\" content=\"summary_large_image\" \/>\n<meta name=\"twitter:label1\" content=\"Gesch\u00e4tzte Lesezeit\" \/>\n\t<meta name=\"twitter:data1\" content=\"1\u00a0Minute\" \/>\n<script type=\"application\/ld+json\" class=\"yoast-schema-graph\">{\"@context\":\"https:\\\/\\\/schema.org\",\"@graph\":[{\"@type\":\"WebPage\",\"@id\":\"https:\\\/\\\/shop.bantam.ch\\\/de\\\/produkt\\\/liegestuhl-air-deluxe-alu-schwarz\\\/\",\"url\":\"https:\\\/\\\/shop.bantam.ch\\\/de\\\/produkt\\\/liegestuhl-air-deluxe-alu-schwarz\\\/\",\"name\":\"Liegestuhl CRESPO Air-Deluxe Alu, Farbe schwarz - Bantam Camping AG\",\"isPartOf\":{\"@id\":\"https:\\\/\\\/shop.bantam.ch\\\/de\\\/#website\"},\"primaryImageOfPage\":{\"@id\":\"https:\\\/\\\/shop.bantam.ch\\\/de\\\/produkt\\\/liegestuhl-air-deluxe-alu-schwarz\\\/#primaryimage\"},\"image\":{\"@id\":\"https:\\\/\\\/shop.bantam.ch\\\/de\\\/produkt\\\/liegestuhl-air-deluxe-alu-schwarz\\\/#primaryimage\"},\"thumbnailUrl\":\"https:\\\/\\\/shop.bantam.ch\\\/wp-content\\\/uploads\\\/2023\\\/02\\\/997025911.jpg\",\"datePublished\":\"2023-02-28T19:44:09+00:00\",\"dateModified\":\"2026-04-18T19:42:00+00:00\",\"breadcrumb\":{\"@id\":\"https:\\\/\\\/shop.bantam.ch\\\/de\\\/produkt\\\/liegestuhl-air-deluxe-alu-schwarz\\\/#breadcrumb\"},\"inLanguage\":\"de\",\"potentialAction\":[{\"@type\":\"ReadAction\",\"target\":[\"https:\\\/\\\/shop.bantam.ch\\\/de\\\/produkt\\\/liegestuhl-air-deluxe-alu-schwarz\\\/\"]}]},{\"@type\":\"ImageObject\",\"inLanguage\":\"de\",\"@id\":\"https:\\\/\\\/shop.bantam.ch\\\/de\\\/produkt\\\/liegestuhl-air-deluxe-alu-schwarz\\\/#primaryimage\",\"url\":\"https:\\\/\\\/shop.bantam.ch\\\/wp-content\\\/uploads\\\/2023\\\/02\\\/997025911.jpg\",\"contentUrl\":\"https:\\\/\\\/shop.bantam.ch\\\/wp-content\\\/uploads\\\/2023\\\/02\\\/997025911.jpg\",\"width\":1000,\"height\":669},{\"@type\":\"BreadcrumbList\",\"@id\":\"https:\\\/\\\/shop.bantam.ch\\\/de\\\/produkt\\\/liegestuhl-air-deluxe-alu-schwarz\\\/#breadcrumb\",\"itemListElement\":[{\"@type\":\"ListItem\",\"position\":1,\"name\":\"Accueil\",\"item\":\"https:\\\/\\\/shop.bantam.ch\\\/de\\\/\"},{\"@type\":\"ListItem\",\"position\":2,\"name\":\"Shop\",\"item\":\"https:\\\/\\\/shop.bantam.ch\\\/de\\\/shop\\\/\"},{\"@type\":\"ListItem\",\"position\":3,\"name\":\"Liegestuhl CRESPO Air-Deluxe Alu, Farbe schwarz\"}]},{\"@type\":\"WebSite\",\"@id\":\"https:\\\/\\\/shop.bantam.ch\\\/de\\\/#website\",\"url\":\"https:\\\/\\\/shop.bantam.ch\\\/de\\\/\",\"name\":\"Bantam Camping AG\",\"description\":\"\",\"publisher\":{\"@id\":\"https:\\\/\\\/shop.bantam.ch\\\/de\\\/#organization\"},\"inLanguage\":\"de\"},{\"@type\":\"Organization\",\"@id\":\"https:\\\/\\\/shop.bantam.ch\\\/de\\\/#organization\",\"name\":\"Bantam Camping AG\",\"url\":\"https:\\\/\\\/shop.bantam.ch\\\/de\\\/\",\"logo\":{\"@type\":\"ImageObject\",\"inLanguage\":\"de\",\"@id\":\"https:\\\/\\\/shop.bantam.ch\\\/de\\\/#\\\/schema\\\/logo\\\/image\\\/\",\"url\":\"https:\\\/\\\/shop.bantam.ch\\\/wp-content\\\/uploads\\\/2022\\\/12\\\/bantam-logo.png\",\"contentUrl\":\"https:\\\/\\\/shop.bantam.ch\\\/wp-content\\\/uploads\\\/2022\\\/12\\\/bantam-logo.png\",\"width\":320,\"height\":71,\"caption\":\"Bantam Camping AG\"},\"image\":{\"@id\":\"https:\\\/\\\/shop.bantam.ch\\\/de\\\/#\\\/schema\\\/logo\\\/image\\\/\"}}]}<\/script>\n<!-- \/ Yoast SEO plugin. -->","yoast_head_json":{"title":"Liegestuhl CRESPO Air-Deluxe Alu, Farbe schwarz - Bantam Camping AG","robots":{"index":"index","follow":"follow","max-snippet":"max-snippet:-1","max-image-preview":"max-image-preview:large","max-video-preview":"max-video-preview:-1"},"canonical":"https:\/\/shop.bantam.ch\/de\/produkt\/liegestuhl-air-deluxe-alu-schwarz\/","og_locale":"de_DE","og_type":"article","og_title":"Liegestuhl CRESPO Air-Deluxe Alu, Farbe schwarz - Bantam Camping AG","og_description":"Ein sehr luxuri\u00f6ser, extra breiter, komfortabler und ergonomischer Relaxsessel mit Kopfkissen. Dieser Stuhl bietet maximalen Komfort, da er stufenlos verstellbar ist. Au\u00dferdem ist dieser Stuhl mit einem gepolsterten 3D-Gewebe ausgestattet, das mit einem Gummiband befestigt ist. Die komfortable F\u00fcllung dieses Stoffes ist besonders atmungsaktiv und speichert keine Feuchtigkeit. Dadurch trocknet dieser Stuhl schneller als andere [&hellip;]","og_url":"https:\/\/shop.bantam.ch\/de\/produkt\/liegestuhl-air-deluxe-alu-schwarz\/","og_site_name":"Bantam Camping AG","article_modified_time":"2026-04-18T19:42:00+00:00","og_image":[{"width":1000,"height":669,"url":"https:\/\/shop.bantam.ch\/wp-content\/uploads\/2023\/02\/997025911.jpg","type":"image\/jpeg"}],"twitter_card":"summary_large_image","twitter_misc":{"Gesch\u00e4tzte Lesezeit":"1\u00a0Minute"},"schema":{"@context":"https:\/\/schema.org","@graph":[{"@type":"WebPage","@id":"https:\/\/shop.bantam.ch\/de\/produkt\/liegestuhl-air-deluxe-alu-schwarz\/","url":"https:\/\/shop.bantam.ch\/de\/produkt\/liegestuhl-air-deluxe-alu-schwarz\/","name":"Liegestuhl CRESPO Air-Deluxe Alu, Farbe schwarz - Bantam Camping AG","isPartOf":{"@id":"https:\/\/shop.bantam.ch\/de\/#website"},"primaryImageOfPage":{"@id":"https:\/\/shop.bantam.ch\/de\/produkt\/liegestuhl-air-deluxe-alu-schwarz\/#primaryimage"},"image":{"@id":"https:\/\/shop.bantam.ch\/de\/produkt\/liegestuhl-air-deluxe-alu-schwarz\/#primaryimage"},"thumbnailUrl":"https:\/\/shop.bantam.ch\/wp-content\/uploads\/2023\/02\/997025911.jpg","datePublished":"2023-02-28T19:44:09+00:00","dateModified":"2026-04-18T19:42:00+00:00","breadcrumb":{"@id":"https:\/\/shop.bantam.ch\/de\/produkt\/liegestuhl-air-deluxe-alu-schwarz\/#breadcrumb"},"inLanguage":"de","potentialAction":[{"@type":"ReadAction","target":["https:\/\/shop.bantam.ch\/de\/produkt\/liegestuhl-air-deluxe-alu-schwarz\/"]}]},{"@type":"ImageObject","inLanguage":"de","@id":"https:\/\/shop.bantam.ch\/de\/produkt\/liegestuhl-air-deluxe-alu-schwarz\/#primaryimage","url":"https:\/\/shop.bantam.ch\/wp-content\/uploads\/2023\/02\/997025911.jpg","contentUrl":"https:\/\/shop.bantam.ch\/wp-content\/uploads\/2023\/02\/997025911.jpg","width":1000,"height":669},{"@type":"BreadcrumbList","@id":"https:\/\/shop.bantam.ch\/de\/produkt\/liegestuhl-air-deluxe-alu-schwarz\/#breadcrumb","itemListElement":[{"@type":"ListItem","position":1,"name":"Accueil","item":"https:\/\/shop.bantam.ch\/de\/"},{"@type":"ListItem","position":2,"name":"Shop","item":"https:\/\/shop.bantam.ch\/de\/shop\/"},{"@type":"ListItem","position":3,"name":"Liegestuhl CRESPO Air-Deluxe Alu, Farbe schwarz"}]},{"@type":"WebSite","@id":"https:\/\/shop.bantam.ch\/de\/#website","url":"https:\/\/shop.bantam.ch\/de\/","name":"Bantam Camping AG","description":"","publisher":{"@id":"https:\/\/shop.bantam.ch\/de\/#organization"},"inLanguage":"de"},{"@type":"Organization","@id":"https:\/\/shop.bantam.ch\/de\/#organization","name":"Bantam Camping AG","url":"https:\/\/shop.bantam.ch\/de\/","logo":{"@type":"ImageObject","inLanguage":"de","@id":"https:\/\/shop.bantam.ch\/de\/#\/schema\/logo\/image\/","url":"https:\/\/shop.bantam.ch\/wp-content\/uploads\/2022\/12\/bantam-logo.png","contentUrl":"https:\/\/shop.bantam.ch\/wp-content\/uploads\/2022\/12\/bantam-logo.png","width":320,"height":71,"caption":"Bantam Camping AG"},"image":{"@id":"https:\/\/shop.bantam.ch\/de\/#\/schema\/logo\/image\/"}}]}},"_links":{"self":[{"href":"https:\/\/shop.bantam.ch\/de\/wp-json\/wp\/v2\/product\/111620","targetHints":{"allow":["GET"]}}],"collection":[{"href":"https:\/\/shop.bantam.ch\/de\/wp-json\/wp\/v2\/product"}],"about":[{"href":"https:\/\/shop.bantam.ch\/de\/wp-json\/wp\/v2\/types\/product"}],"wp:featuredmedia":[{"embeddable":true,"href":"https:\/\/shop.bantam.ch\/de\/wp-json\/wp\/v2\/media\/111618"}],"wp:attachment":[{"href":"https:\/\/shop.bantam.ch\/de\/wp-json\/wp\/v2\/media?parent=111620"}],"wp:term":[{"taxonomy":"product_featured_cat","embeddable":true,"href":"https:\/\/shop.bantam.ch\/de\/wp-json\/wp\/v2\/product_featured_cat?post=111620"},{"taxonomy":"product_brand","embeddable":true,"href":"https:\/\/shop.bantam.ch\/de\/wp-json\/wp\/v2\/product_brand?post=111620"},{"taxonomy":"product_cat","embeddable":true,"href":"https:\/\/shop.bantam.ch\/de\/wp-json\/wp\/v2\/product_cat?post=111620"},{"taxonomy":"product_tag","embeddable":true,"href":"https:\/\/shop.bantam.ch\/de\/wp-json\/wp\/v2\/product_tag?post=111620"}],"curies":[{"name":"wp","href":"https:\/\/api.w.org\/{rel}","templated":true}]}}