{"id":111602,"date":"2023-02-28T20:43:46","date_gmt":"2023-02-28T19:43:46","guid":{"rendered":"https:\/\/shop.bantam.ch\/produit\/strandstuhl-beach-chair-alu-blau\/"},"modified":"2026-04-22T21:41:42","modified_gmt":"2026-04-22T19:41:42","slug":"strandstuhl-beach-chair-alu-blau","status":"publish","type":"product","link":"https:\/\/shop.bantam.ch\/de\/produkt\/strandstuhl-beach-chair-alu-blau\/","title":{"rendered":"Strandstuhl CRESPO Beach Chair Alu Farbe blau"},"content":{"rendered":"<p>Ein luxuri\u00f6ser und bequemer Strandstuhl. Ideal f\u00fcr den Einsatz am Strand, vor dem Zelt oder auf der Stra\u00dfe. Dieser Stuhl ist in sieben Positionen verstellbar. Dar\u00fcber hinaus ist dieser Strandkorb mit bequemen Armlehnen ausgestattet. Dieser Stuhl ist sehr kompakt und kann dank der Trageschlaufen leicht mitgenommen werden.<\/p>\n<p>Material:<br \/>Bezug: 60 % Polychlorid, 40% Polyester<br \/>Gestell: Aluminium<\/p>\n","protected":false},"excerpt":{"rendered":"<p>Ein luxuri\u00f6ser und bequemer Strandstuhl. Ideal f\u00fcr den Einsatz am Strand, vor dem Zelt oder auf der Stra\u00dfe. Dieser Stuhl ist in sieben Positionen verstellbar. Dar\u00fcber hinaus ist dieser Strandkorb mit bequemen Armlehnen ausgestattet. Dieser Stuhl ist sehr kompakt und kann dank der Trageschlaufen leicht mitgenommen werden. Material:Bezug: 60 % Polychlorid, 40% PolyesterGestell: Aluminium<\/p>\n","protected":false},"featured_media":111600,"template":"","meta":{"_acf_changed":false},"product_featured_cat":[],"product_brand":[3085],"product_cat":[4972],"product_tag":[],"class_list":{"0":"post-111602","1":"product","2":"type-product","3":"status-publish","4":"has-post-thumbnail","6":"product_brand-crespo-de","7":"product_cat-campingstuehle","9":"first","10":"instock","11":"taxable","12":"shipping-taxable","13":"purchasable","14":"product-type-simple"},"acf":[],"yoast_head":"<!-- This site is optimized with the Yoast SEO plugin v27.4 - https:\/\/yoast.com\/product\/yoast-seo-wordpress\/ -->\n<title>Strandstuhl CRESPO Beach Chair Alu Farbe blau - Bantam Camping AG<\/title>\n<meta name=\"robots\" content=\"index, follow, max-snippet:-1, max-image-preview:large, max-video-preview:-1\" \/>\n<link rel=\"canonical\" href=\"https:\/\/shop.bantam.ch\/de\/produkt\/strandstuhl-beach-chair-alu-blau\/\" \/>\n<meta property=\"og:locale\" content=\"de_DE\" \/>\n<meta property=\"og:type\" content=\"article\" \/>\n<meta property=\"og:title\" content=\"Strandstuhl CRESPO Beach Chair Alu Farbe blau - Bantam Camping AG\" \/>\n<meta property=\"og:description\" content=\"Ein luxuri\u00f6ser und bequemer Strandstuhl. Ideal f\u00fcr den Einsatz am Strand, vor dem Zelt oder auf der Stra\u00dfe. Dieser Stuhl ist in sieben Positionen verstellbar. Dar\u00fcber hinaus ist dieser Strandkorb mit bequemen Armlehnen ausgestattet. Dieser Stuhl ist sehr kompakt und kann dank der Trageschlaufen leicht mitgenommen werden. Material:Bezug: 60 % Polychlorid, 40% PolyesterGestell: Aluminium\" \/>\n<meta property=\"og:url\" content=\"https:\/\/shop.bantam.ch\/de\/produkt\/strandstuhl-beach-chair-alu-blau\/\" \/>\n<meta property=\"og:site_name\" content=\"Bantam Camping AG\" \/>\n<meta property=\"article:modified_time\" content=\"2026-04-22T19:41:42+00:00\" \/>\n<meta property=\"og:image\" content=\"https:\/\/shop.bantam.ch\/wp-content\/uploads\/2023\/02\/997025811.jpg\" \/>\n\t<meta property=\"og:image:width\" content=\"1000\" \/>\n\t<meta property=\"og:image:height\" content=\"1000\" \/>\n\t<meta property=\"og:image:type\" content=\"image\/jpeg\" \/>\n<meta name=\"twitter:card\" content=\"summary_large_image\" \/>\n<script type=\"application\/ld+json\" class=\"yoast-schema-graph\">{\"@context\":\"https:\\\/\\\/schema.org\",\"@graph\":[{\"@type\":\"WebPage\",\"@id\":\"https:\\\/\\\/shop.bantam.ch\\\/de\\\/produkt\\\/strandstuhl-beach-chair-alu-blau\\\/\",\"url\":\"https:\\\/\\\/shop.bantam.ch\\\/de\\\/produkt\\\/strandstuhl-beach-chair-alu-blau\\\/\",\"name\":\"Strandstuhl CRESPO Beach Chair Alu Farbe blau - Bantam Camping AG\",\"isPartOf\":{\"@id\":\"https:\\\/\\\/shop.bantam.ch\\\/de\\\/#website\"},\"primaryImageOfPage\":{\"@id\":\"https:\\\/\\\/shop.bantam.ch\\\/de\\\/produkt\\\/strandstuhl-beach-chair-alu-blau\\\/#primaryimage\"},\"image\":{\"@id\":\"https:\\\/\\\/shop.bantam.ch\\\/de\\\/produkt\\\/strandstuhl-beach-chair-alu-blau\\\/#primaryimage\"},\"thumbnailUrl\":\"https:\\\/\\\/shop.bantam.ch\\\/wp-content\\\/uploads\\\/2023\\\/02\\\/997025811.jpg\",\"datePublished\":\"2023-02-28T19:43:46+00:00\",\"dateModified\":\"2026-04-22T19:41:42+00:00\",\"breadcrumb\":{\"@id\":\"https:\\\/\\\/shop.bantam.ch\\\/de\\\/produkt\\\/strandstuhl-beach-chair-alu-blau\\\/#breadcrumb\"},\"inLanguage\":\"de\",\"potentialAction\":[{\"@type\":\"ReadAction\",\"target\":[\"https:\\\/\\\/shop.bantam.ch\\\/de\\\/produkt\\\/strandstuhl-beach-chair-alu-blau\\\/\"]}]},{\"@type\":\"ImageObject\",\"inLanguage\":\"de\",\"@id\":\"https:\\\/\\\/shop.bantam.ch\\\/de\\\/produkt\\\/strandstuhl-beach-chair-alu-blau\\\/#primaryimage\",\"url\":\"https:\\\/\\\/shop.bantam.ch\\\/wp-content\\\/uploads\\\/2023\\\/02\\\/997025811.jpg\",\"contentUrl\":\"https:\\\/\\\/shop.bantam.ch\\\/wp-content\\\/uploads\\\/2023\\\/02\\\/997025811.jpg\",\"width\":1000,\"height\":1000},{\"@type\":\"BreadcrumbList\",\"@id\":\"https:\\\/\\\/shop.bantam.ch\\\/de\\\/produkt\\\/strandstuhl-beach-chair-alu-blau\\\/#breadcrumb\",\"itemListElement\":[{\"@type\":\"ListItem\",\"position\":1,\"name\":\"Accueil\",\"item\":\"https:\\\/\\\/shop.bantam.ch\\\/de\\\/\"},{\"@type\":\"ListItem\",\"position\":2,\"name\":\"Shop\",\"item\":\"https:\\\/\\\/shop.bantam.ch\\\/de\\\/shop\\\/\"},{\"@type\":\"ListItem\",\"position\":3,\"name\":\"Strandstuhl CRESPO Beach Chair Alu Farbe blau\"}]},{\"@type\":\"WebSite\",\"@id\":\"https:\\\/\\\/shop.bantam.ch\\\/de\\\/#website\",\"url\":\"https:\\\/\\\/shop.bantam.ch\\\/de\\\/\",\"name\":\"Bantam Camping AG\",\"description\":\"\",\"publisher\":{\"@id\":\"https:\\\/\\\/shop.bantam.ch\\\/de\\\/#organization\"},\"inLanguage\":\"de\"},{\"@type\":\"Organization\",\"@id\":\"https:\\\/\\\/shop.bantam.ch\\\/de\\\/#organization\",\"name\":\"Bantam Camping AG\",\"url\":\"https:\\\/\\\/shop.bantam.ch\\\/de\\\/\",\"logo\":{\"@type\":\"ImageObject\",\"inLanguage\":\"de\",\"@id\":\"https:\\\/\\\/shop.bantam.ch\\\/de\\\/#\\\/schema\\\/logo\\\/image\\\/\",\"url\":\"https:\\\/\\\/shop.bantam.ch\\\/wp-content\\\/uploads\\\/2022\\\/12\\\/bantam-logo.png\",\"contentUrl\":\"https:\\\/\\\/shop.bantam.ch\\\/wp-content\\\/uploads\\\/2022\\\/12\\\/bantam-logo.png\",\"width\":320,\"height\":71,\"caption\":\"Bantam Camping AG\"},\"image\":{\"@id\":\"https:\\\/\\\/shop.bantam.ch\\\/de\\\/#\\\/schema\\\/logo\\\/image\\\/\"}}]}<\/script>\n<!-- \/ Yoast SEO plugin. -->","yoast_head_json":{"title":"Strandstuhl CRESPO Beach Chair Alu Farbe blau - Bantam Camping AG","robots":{"index":"index","follow":"follow","max-snippet":"max-snippet:-1","max-image-preview":"max-image-preview:large","max-video-preview":"max-video-preview:-1"},"canonical":"https:\/\/shop.bantam.ch\/de\/produkt\/strandstuhl-beach-chair-alu-blau\/","og_locale":"de_DE","og_type":"article","og_title":"Strandstuhl CRESPO Beach Chair Alu Farbe blau - Bantam Camping AG","og_description":"Ein luxuri\u00f6ser und bequemer Strandstuhl. Ideal f\u00fcr den Einsatz am Strand, vor dem Zelt oder auf der Stra\u00dfe. Dieser Stuhl ist in sieben Positionen verstellbar. Dar\u00fcber hinaus ist dieser Strandkorb mit bequemen Armlehnen ausgestattet. Dieser Stuhl ist sehr kompakt und kann dank der Trageschlaufen leicht mitgenommen werden. Material:Bezug: 60 % Polychlorid, 40% PolyesterGestell: Aluminium","og_url":"https:\/\/shop.bantam.ch\/de\/produkt\/strandstuhl-beach-chair-alu-blau\/","og_site_name":"Bantam Camping AG","article_modified_time":"2026-04-22T19:41:42+00:00","og_image":[{"width":1000,"height":1000,"url":"https:\/\/shop.bantam.ch\/wp-content\/uploads\/2023\/02\/997025811.jpg","type":"image\/jpeg"}],"twitter_card":"summary_large_image","schema":{"@context":"https:\/\/schema.org","@graph":[{"@type":"WebPage","@id":"https:\/\/shop.bantam.ch\/de\/produkt\/strandstuhl-beach-chair-alu-blau\/","url":"https:\/\/shop.bantam.ch\/de\/produkt\/strandstuhl-beach-chair-alu-blau\/","name":"Strandstuhl CRESPO Beach Chair Alu Farbe blau - Bantam Camping AG","isPartOf":{"@id":"https:\/\/shop.bantam.ch\/de\/#website"},"primaryImageOfPage":{"@id":"https:\/\/shop.bantam.ch\/de\/produkt\/strandstuhl-beach-chair-alu-blau\/#primaryimage"},"image":{"@id":"https:\/\/shop.bantam.ch\/de\/produkt\/strandstuhl-beach-chair-alu-blau\/#primaryimage"},"thumbnailUrl":"https:\/\/shop.bantam.ch\/wp-content\/uploads\/2023\/02\/997025811.jpg","datePublished":"2023-02-28T19:43:46+00:00","dateModified":"2026-04-22T19:41:42+00:00","breadcrumb":{"@id":"https:\/\/shop.bantam.ch\/de\/produkt\/strandstuhl-beach-chair-alu-blau\/#breadcrumb"},"inLanguage":"de","potentialAction":[{"@type":"ReadAction","target":["https:\/\/shop.bantam.ch\/de\/produkt\/strandstuhl-beach-chair-alu-blau\/"]}]},{"@type":"ImageObject","inLanguage":"de","@id":"https:\/\/shop.bantam.ch\/de\/produkt\/strandstuhl-beach-chair-alu-blau\/#primaryimage","url":"https:\/\/shop.bantam.ch\/wp-content\/uploads\/2023\/02\/997025811.jpg","contentUrl":"https:\/\/shop.bantam.ch\/wp-content\/uploads\/2023\/02\/997025811.jpg","width":1000,"height":1000},{"@type":"BreadcrumbList","@id":"https:\/\/shop.bantam.ch\/de\/produkt\/strandstuhl-beach-chair-alu-blau\/#breadcrumb","itemListElement":[{"@type":"ListItem","position":1,"name":"Accueil","item":"https:\/\/shop.bantam.ch\/de\/"},{"@type":"ListItem","position":2,"name":"Shop","item":"https:\/\/shop.bantam.ch\/de\/shop\/"},{"@type":"ListItem","position":3,"name":"Strandstuhl CRESPO Beach Chair Alu Farbe blau"}]},{"@type":"WebSite","@id":"https:\/\/shop.bantam.ch\/de\/#website","url":"https:\/\/shop.bantam.ch\/de\/","name":"Bantam Camping AG","description":"","publisher":{"@id":"https:\/\/shop.bantam.ch\/de\/#organization"},"inLanguage":"de"},{"@type":"Organization","@id":"https:\/\/shop.bantam.ch\/de\/#organization","name":"Bantam Camping AG","url":"https:\/\/shop.bantam.ch\/de\/","logo":{"@type":"ImageObject","inLanguage":"de","@id":"https:\/\/shop.bantam.ch\/de\/#\/schema\/logo\/image\/","url":"https:\/\/shop.bantam.ch\/wp-content\/uploads\/2022\/12\/bantam-logo.png","contentUrl":"https:\/\/shop.bantam.ch\/wp-content\/uploads\/2022\/12\/bantam-logo.png","width":320,"height":71,"caption":"Bantam Camping AG"},"image":{"@id":"https:\/\/shop.bantam.ch\/de\/#\/schema\/logo\/image\/"}}]}},"_links":{"self":[{"href":"https:\/\/shop.bantam.ch\/de\/wp-json\/wp\/v2\/product\/111602","targetHints":{"allow":["GET"]}}],"collection":[{"href":"https:\/\/shop.bantam.ch\/de\/wp-json\/wp\/v2\/product"}],"about":[{"href":"https:\/\/shop.bantam.ch\/de\/wp-json\/wp\/v2\/types\/product"}],"wp:featuredmedia":[{"embeddable":true,"href":"https:\/\/shop.bantam.ch\/de\/wp-json\/wp\/v2\/media\/111600"}],"wp:attachment":[{"href":"https:\/\/shop.bantam.ch\/de\/wp-json\/wp\/v2\/media?parent=111602"}],"wp:term":[{"taxonomy":"product_featured_cat","embeddable":true,"href":"https:\/\/shop.bantam.ch\/de\/wp-json\/wp\/v2\/product_featured_cat?post=111602"},{"taxonomy":"product_brand","embeddable":true,"href":"https:\/\/shop.bantam.ch\/de\/wp-json\/wp\/v2\/product_brand?post=111602"},{"taxonomy":"product_cat","embeddable":true,"href":"https:\/\/shop.bantam.ch\/de\/wp-json\/wp\/v2\/product_cat?post=111602"},{"taxonomy":"product_tag","embeddable":true,"href":"https:\/\/shop.bantam.ch\/de\/wp-json\/wp\/v2\/product_tag?post=111602"}],"curies":[{"name":"wp","href":"https:\/\/api.w.org\/{rel}","templated":true}]}}