{"id":111330,"date":"2023-02-28T20:39:29","date_gmt":"2023-02-28T19:39:29","guid":{"rendered":"https:\/\/shop.bantam.ch\/produit\/rotisserie-drehspiess-zu-grill-c090-edelstahl-farbe-silber\/"},"modified":"2026-05-02T21:39:39","modified_gmt":"2026-05-02T19:39:39","slug":"rotisserie-drehspiess-zu-grill-c090-edelstahl-farbe-silber","status":"publish","type":"product","link":"https:\/\/shop.bantam.ch\/de\/produkt\/rotisserie-drehspiess-zu-grill-c090-edelstahl-farbe-silber\/","title":{"rendered":"Rotisserie Drehspie\u00df COBB zu Grill C090 Edelstahl, Farbe silber"},"content":{"rendered":"<p>Ein &#8222;Muss&#8220; f\u00fcr jeden Grillfan. Die Rotisserie l\u00e4sst sich schnell und einfach bedienen. Setzen Sie die beiliegende Deckelverl\u00e4ngerung mit dem Spie\u00df auf die gelochte Grillplatte. F\u00fcgen Sie dem Motor eine Batterie hinzu und schon kann es los gehen. Alle Teile sind aus Edelstahl.<\/p>\n","protected":false},"excerpt":{"rendered":"<p>Ein &#8222;Muss&#8220; f\u00fcr jeden Grillfan. Die Rotisserie l\u00e4sst sich schnell und einfach bedienen. Setzen Sie die beiliegende Deckelverl\u00e4ngerung mit dem Spie\u00df auf die gelochte Grillplatte. F\u00fcgen Sie dem Motor eine Batterie hinzu und schon kann es los gehen. Alle Teile sind aus Edelstahl.<\/p>\n","protected":false},"featured_media":111328,"template":"","meta":{"_acf_changed":false},"product_featured_cat":[],"product_brand":[3115],"product_cat":[4340],"product_tag":[],"class_list":{"0":"post-111330","1":"product","2":"type-product","3":"status-publish","4":"has-post-thumbnail","6":"product_brand-cobb-de","7":"product_cat-grillzubehoer","9":"first","10":"instock","11":"taxable","12":"shipping-taxable","13":"purchasable","14":"product-type-simple"},"acf":[],"yoast_head":"<!-- This site is optimized with the Yoast SEO plugin v27.5 - https:\/\/yoast.com\/product\/yoast-seo-wordpress\/ -->\n<title>Rotisserie Drehspie\u00df COBB zu Grill C090 Edelstahl, Farbe silber - Bantam<\/title>\n<meta name=\"robots\" content=\"index, follow, max-snippet:-1, max-image-preview:large, max-video-preview:-1\" \/>\n<link rel=\"canonical\" href=\"https:\/\/shop.bantam.ch\/de\/produkt\/rotisserie-drehspiess-zu-grill-c090-edelstahl-farbe-silber\/\" \/>\n<meta property=\"og:locale\" content=\"de_DE\" \/>\n<meta property=\"og:type\" content=\"article\" \/>\n<meta property=\"og:title\" content=\"Rotisserie Drehspie\u00df COBB zu Grill C090 Edelstahl, Farbe silber - Bantam\" \/>\n<meta property=\"og:description\" content=\"Ein &#8222;Muss&#8220; f\u00fcr jeden Grillfan. Die Rotisserie l\u00e4sst sich schnell und einfach bedienen. Setzen Sie die beiliegende Deckelverl\u00e4ngerung mit dem Spie\u00df auf die gelochte Grillplatte. F\u00fcgen Sie dem Motor eine Batterie hinzu und schon kann es los gehen. Alle Teile sind aus Edelstahl.\" \/>\n<meta property=\"og:url\" content=\"https:\/\/shop.bantam.ch\/de\/produkt\/rotisserie-drehspiess-zu-grill-c090-edelstahl-farbe-silber\/\" \/>\n<meta property=\"og:site_name\" content=\"Bantam\" \/>\n<meta property=\"article:modified_time\" content=\"2026-05-02T19:39:39+00:00\" \/>\n<meta property=\"og:image\" content=\"https:\/\/shop.bantam.ch\/wp-content\/uploads\/2023\/02\/996095911.jpg\" \/>\n\t<meta property=\"og:image:width\" content=\"1000\" \/>\n\t<meta property=\"og:image:height\" content=\"676\" \/>\n\t<meta property=\"og:image:type\" content=\"image\/jpeg\" \/>\n<meta name=\"twitter:card\" content=\"summary_large_image\" \/>\n<script type=\"application\/ld+json\" class=\"yoast-schema-graph\">{\"@context\":\"https:\\\/\\\/schema.org\",\"@graph\":[{\"@type\":\"WebPage\",\"@id\":\"https:\\\/\\\/shop.bantam.ch\\\/de\\\/produkt\\\/rotisserie-drehspiess-zu-grill-c090-edelstahl-farbe-silber\\\/\",\"url\":\"https:\\\/\\\/shop.bantam.ch\\\/de\\\/produkt\\\/rotisserie-drehspiess-zu-grill-c090-edelstahl-farbe-silber\\\/\",\"name\":\"Rotisserie Drehspie\u00df COBB zu Grill C090 Edelstahl, Farbe silber - Bantam\",\"isPartOf\":{\"@id\":\"https:\\\/\\\/shop.bantam.ch\\\/de\\\/#website\"},\"primaryImageOfPage\":{\"@id\":\"https:\\\/\\\/shop.bantam.ch\\\/de\\\/produkt\\\/rotisserie-drehspiess-zu-grill-c090-edelstahl-farbe-silber\\\/#primaryimage\"},\"image\":{\"@id\":\"https:\\\/\\\/shop.bantam.ch\\\/de\\\/produkt\\\/rotisserie-drehspiess-zu-grill-c090-edelstahl-farbe-silber\\\/#primaryimage\"},\"thumbnailUrl\":\"https:\\\/\\\/shop.bantam.ch\\\/wp-content\\\/uploads\\\/2023\\\/02\\\/996095911.jpg\",\"datePublished\":\"2023-02-28T19:39:29+00:00\",\"dateModified\":\"2026-05-02T19:39:39+00:00\",\"breadcrumb\":{\"@id\":\"https:\\\/\\\/shop.bantam.ch\\\/de\\\/produkt\\\/rotisserie-drehspiess-zu-grill-c090-edelstahl-farbe-silber\\\/#breadcrumb\"},\"inLanguage\":\"de\",\"potentialAction\":[{\"@type\":\"ReadAction\",\"target\":[\"https:\\\/\\\/shop.bantam.ch\\\/de\\\/produkt\\\/rotisserie-drehspiess-zu-grill-c090-edelstahl-farbe-silber\\\/\"]}]},{\"@type\":\"ImageObject\",\"inLanguage\":\"de\",\"@id\":\"https:\\\/\\\/shop.bantam.ch\\\/de\\\/produkt\\\/rotisserie-drehspiess-zu-grill-c090-edelstahl-farbe-silber\\\/#primaryimage\",\"url\":\"https:\\\/\\\/shop.bantam.ch\\\/wp-content\\\/uploads\\\/2023\\\/02\\\/996095911.jpg\",\"contentUrl\":\"https:\\\/\\\/shop.bantam.ch\\\/wp-content\\\/uploads\\\/2023\\\/02\\\/996095911.jpg\",\"width\":1000,\"height\":676},{\"@type\":\"BreadcrumbList\",\"@id\":\"https:\\\/\\\/shop.bantam.ch\\\/de\\\/produkt\\\/rotisserie-drehspiess-zu-grill-c090-edelstahl-farbe-silber\\\/#breadcrumb\",\"itemListElement\":[{\"@type\":\"ListItem\",\"position\":1,\"name\":\"Accueil\",\"item\":\"https:\\\/\\\/shop.bantam.ch\\\/de\\\/\"},{\"@type\":\"ListItem\",\"position\":2,\"name\":\"Shop\",\"item\":\"https:\\\/\\\/shop.bantam.ch\\\/de\\\/shop\\\/\"},{\"@type\":\"ListItem\",\"position\":3,\"name\":\"Rotisserie Drehspie\u00df COBB zu Grill C090 Edelstahl, Farbe silber\"}]},{\"@type\":\"WebSite\",\"@id\":\"https:\\\/\\\/shop.bantam.ch\\\/de\\\/#website\",\"url\":\"https:\\\/\\\/shop.bantam.ch\\\/de\\\/\",\"name\":\"Bantam\",\"description\":\"\",\"publisher\":{\"@id\":\"https:\\\/\\\/shop.bantam.ch\\\/de\\\/#organization\"},\"inLanguage\":\"de\"},{\"@type\":\"Organization\",\"@id\":\"https:\\\/\\\/shop.bantam.ch\\\/de\\\/#organization\",\"name\":\"Bantam\",\"url\":\"https:\\\/\\\/shop.bantam.ch\\\/de\\\/\",\"logo\":{\"@type\":\"ImageObject\",\"inLanguage\":\"de\",\"@id\":\"https:\\\/\\\/shop.bantam.ch\\\/de\\\/#\\\/schema\\\/logo\\\/image\\\/\",\"url\":\"https:\\\/\\\/shop.bantam.ch\\\/wp-content\\\/uploads\\\/2022\\\/12\\\/bantam-logo.png\",\"contentUrl\":\"https:\\\/\\\/shop.bantam.ch\\\/wp-content\\\/uploads\\\/2022\\\/12\\\/bantam-logo.png\",\"width\":320,\"height\":71,\"caption\":\"Bantam\"},\"image\":{\"@id\":\"https:\\\/\\\/shop.bantam.ch\\\/de\\\/#\\\/schema\\\/logo\\\/image\\\/\"}}]}<\/script>\n<!-- \/ Yoast SEO plugin. -->","yoast_head_json":{"title":"Rotisserie Drehspie\u00df COBB zu Grill C090 Edelstahl, Farbe silber - Bantam","robots":{"index":"index","follow":"follow","max-snippet":"max-snippet:-1","max-image-preview":"max-image-preview:large","max-video-preview":"max-video-preview:-1"},"canonical":"https:\/\/shop.bantam.ch\/de\/produkt\/rotisserie-drehspiess-zu-grill-c090-edelstahl-farbe-silber\/","og_locale":"de_DE","og_type":"article","og_title":"Rotisserie Drehspie\u00df COBB zu Grill C090 Edelstahl, Farbe silber - Bantam","og_description":"Ein &#8222;Muss&#8220; f\u00fcr jeden Grillfan. Die Rotisserie l\u00e4sst sich schnell und einfach bedienen. Setzen Sie die beiliegende Deckelverl\u00e4ngerung mit dem Spie\u00df auf die gelochte Grillplatte. F\u00fcgen Sie dem Motor eine Batterie hinzu und schon kann es los gehen. Alle Teile sind aus Edelstahl.","og_url":"https:\/\/shop.bantam.ch\/de\/produkt\/rotisserie-drehspiess-zu-grill-c090-edelstahl-farbe-silber\/","og_site_name":"Bantam","article_modified_time":"2026-05-02T19:39:39+00:00","og_image":[{"width":1000,"height":676,"url":"https:\/\/shop.bantam.ch\/wp-content\/uploads\/2023\/02\/996095911.jpg","type":"image\/jpeg"}],"twitter_card":"summary_large_image","schema":{"@context":"https:\/\/schema.org","@graph":[{"@type":"WebPage","@id":"https:\/\/shop.bantam.ch\/de\/produkt\/rotisserie-drehspiess-zu-grill-c090-edelstahl-farbe-silber\/","url":"https:\/\/shop.bantam.ch\/de\/produkt\/rotisserie-drehspiess-zu-grill-c090-edelstahl-farbe-silber\/","name":"Rotisserie Drehspie\u00df COBB zu Grill C090 Edelstahl, Farbe silber - Bantam","isPartOf":{"@id":"https:\/\/shop.bantam.ch\/de\/#website"},"primaryImageOfPage":{"@id":"https:\/\/shop.bantam.ch\/de\/produkt\/rotisserie-drehspiess-zu-grill-c090-edelstahl-farbe-silber\/#primaryimage"},"image":{"@id":"https:\/\/shop.bantam.ch\/de\/produkt\/rotisserie-drehspiess-zu-grill-c090-edelstahl-farbe-silber\/#primaryimage"},"thumbnailUrl":"https:\/\/shop.bantam.ch\/wp-content\/uploads\/2023\/02\/996095911.jpg","datePublished":"2023-02-28T19:39:29+00:00","dateModified":"2026-05-02T19:39:39+00:00","breadcrumb":{"@id":"https:\/\/shop.bantam.ch\/de\/produkt\/rotisserie-drehspiess-zu-grill-c090-edelstahl-farbe-silber\/#breadcrumb"},"inLanguage":"de","potentialAction":[{"@type":"ReadAction","target":["https:\/\/shop.bantam.ch\/de\/produkt\/rotisserie-drehspiess-zu-grill-c090-edelstahl-farbe-silber\/"]}]},{"@type":"ImageObject","inLanguage":"de","@id":"https:\/\/shop.bantam.ch\/de\/produkt\/rotisserie-drehspiess-zu-grill-c090-edelstahl-farbe-silber\/#primaryimage","url":"https:\/\/shop.bantam.ch\/wp-content\/uploads\/2023\/02\/996095911.jpg","contentUrl":"https:\/\/shop.bantam.ch\/wp-content\/uploads\/2023\/02\/996095911.jpg","width":1000,"height":676},{"@type":"BreadcrumbList","@id":"https:\/\/shop.bantam.ch\/de\/produkt\/rotisserie-drehspiess-zu-grill-c090-edelstahl-farbe-silber\/#breadcrumb","itemListElement":[{"@type":"ListItem","position":1,"name":"Accueil","item":"https:\/\/shop.bantam.ch\/de\/"},{"@type":"ListItem","position":2,"name":"Shop","item":"https:\/\/shop.bantam.ch\/de\/shop\/"},{"@type":"ListItem","position":3,"name":"Rotisserie Drehspie\u00df COBB zu Grill C090 Edelstahl, Farbe silber"}]},{"@type":"WebSite","@id":"https:\/\/shop.bantam.ch\/de\/#website","url":"https:\/\/shop.bantam.ch\/de\/","name":"Bantam","description":"","publisher":{"@id":"https:\/\/shop.bantam.ch\/de\/#organization"},"inLanguage":"de"},{"@type":"Organization","@id":"https:\/\/shop.bantam.ch\/de\/#organization","name":"Bantam","url":"https:\/\/shop.bantam.ch\/de\/","logo":{"@type":"ImageObject","inLanguage":"de","@id":"https:\/\/shop.bantam.ch\/de\/#\/schema\/logo\/image\/","url":"https:\/\/shop.bantam.ch\/wp-content\/uploads\/2022\/12\/bantam-logo.png","contentUrl":"https:\/\/shop.bantam.ch\/wp-content\/uploads\/2022\/12\/bantam-logo.png","width":320,"height":71,"caption":"Bantam"},"image":{"@id":"https:\/\/shop.bantam.ch\/de\/#\/schema\/logo\/image\/"}}]}},"_links":{"self":[{"href":"https:\/\/shop.bantam.ch\/de\/wp-json\/wp\/v2\/product\/111330","targetHints":{"allow":["GET"]}}],"collection":[{"href":"https:\/\/shop.bantam.ch\/de\/wp-json\/wp\/v2\/product"}],"about":[{"href":"https:\/\/shop.bantam.ch\/de\/wp-json\/wp\/v2\/types\/product"}],"wp:featuredmedia":[{"embeddable":true,"href":"https:\/\/shop.bantam.ch\/de\/wp-json\/wp\/v2\/media\/111328"}],"wp:attachment":[{"href":"https:\/\/shop.bantam.ch\/de\/wp-json\/wp\/v2\/media?parent=111330"}],"wp:term":[{"taxonomy":"product_featured_cat","embeddable":true,"href":"https:\/\/shop.bantam.ch\/de\/wp-json\/wp\/v2\/product_featured_cat?post=111330"},{"taxonomy":"product_brand","embeddable":true,"href":"https:\/\/shop.bantam.ch\/de\/wp-json\/wp\/v2\/product_brand?post=111330"},{"taxonomy":"product_cat","embeddable":true,"href":"https:\/\/shop.bantam.ch\/de\/wp-json\/wp\/v2\/product_cat?post=111330"},{"taxonomy":"product_tag","embeddable":true,"href":"https:\/\/shop.bantam.ch\/de\/wp-json\/wp\/v2\/product_tag?post=111330"}],"curies":[{"name":"wp","href":"https:\/\/api.w.org\/{rel}","templated":true}]}}