{"id":111262,"date":"2023-02-28T20:38:18","date_gmt":"2023-02-28T19:38:18","guid":{"rendered":"https:\/\/shop.bantam.ch\/produit\/grill-supreme-deluxe-inkl-bratenrost-silber\/"},"modified":"2026-04-21T21:41:52","modified_gmt":"2026-04-21T19:41:52","slug":"grill-supreme-deluxe-inkl-bratenrost-silber","status":"publish","type":"product","link":"https:\/\/shop.bantam.ch\/de\/produkt\/grill-supreme-deluxe-inkl-bratenrost-silber\/","title":{"rendered":"Grill COBB Supreme Deluxe inkl. Bratenrost"},"content":{"rendered":"<p>Cobb Supreme Deluxe inkl. Griddle + Grillplatte. Ein Holzkohlegrill aus Edelstahl f\u00fcr bis zu 12 Personen. Sparsam im Gebrauch und genauso praktisch wie der Cobb Premier Air Deluxe. Entweder verwenden Sie unsere Cobble Stones (2 St\u00fcck) oder herk\u00f6mmliche Briketts. Durch die Isolierung bleibt die Hitze im Grill und die Au\u00dfenschale bleibt kalt. Zudem k\u00f6nnen Sie den Grill zum Grillen, Braten, Backen und R\u00e4uchern nutzen.\u00a0<\/p>\n<p>\u00a0<\/p>\n","protected":false},"excerpt":{"rendered":"<p>Cobb Supreme Deluxe inkl. Griddle + Grillplatte. Ein Holzkohlegrill aus Edelstahl f\u00fcr bis zu 12 Personen. Sparsam im Gebrauch und genauso praktisch wie der Cobb Premier Air Deluxe. Entweder verwenden Sie unsere Cobble Stones (2 St\u00fcck) oder herk\u00f6mmliche Briketts. Durch die Isolierung bleibt die Hitze im Grill und die Au\u00dfenschale bleibt kalt. Zudem k\u00f6nnen Sie [&hellip;]<\/p>\n","protected":false},"featured_media":111256,"template":"","meta":{"_acf_changed":false},"product_featured_cat":[],"product_brand":[3115],"product_cat":[4280],"product_tag":[],"class_list":{"0":"post-111262","1":"product","2":"type-product","3":"status-publish","4":"has-post-thumbnail","6":"product_brand-cobb-de","7":"product_cat-gasgrills","9":"first","10":"instock","11":"taxable","12":"shipping-taxable","13":"purchasable","14":"product-type-simple"},"acf":[],"yoast_head":"<!-- This site is optimized with the Yoast SEO plugin v27.4 - https:\/\/yoast.com\/product\/yoast-seo-wordpress\/ -->\n<title>Grill COBB Supreme Deluxe inkl. Bratenrost - Bantam Camping AG<\/title>\n<meta name=\"robots\" content=\"index, follow, max-snippet:-1, max-image-preview:large, max-video-preview:-1\" \/>\n<link rel=\"canonical\" href=\"https:\/\/shop.bantam.ch\/de\/produkt\/grill-supreme-deluxe-inkl-bratenrost-silber\/\" \/>\n<meta property=\"og:locale\" content=\"de_DE\" \/>\n<meta property=\"og:type\" content=\"article\" \/>\n<meta property=\"og:title\" content=\"Grill COBB Supreme Deluxe inkl. Bratenrost - Bantam Camping AG\" \/>\n<meta property=\"og:description\" content=\"Cobb Supreme Deluxe inkl. Griddle + Grillplatte. Ein Holzkohlegrill aus Edelstahl f\u00fcr bis zu 12 Personen. Sparsam im Gebrauch und genauso praktisch wie der Cobb Premier Air Deluxe. Entweder verwenden Sie unsere Cobble Stones (2 St\u00fcck) oder herk\u00f6mmliche Briketts. Durch die Isolierung bleibt die Hitze im Grill und die Au\u00dfenschale bleibt kalt. Zudem k\u00f6nnen Sie [&hellip;]\" \/>\n<meta property=\"og:url\" content=\"https:\/\/shop.bantam.ch\/de\/produkt\/grill-supreme-deluxe-inkl-bratenrost-silber\/\" \/>\n<meta property=\"og:site_name\" content=\"Bantam Camping AG\" \/>\n<meta property=\"article:modified_time\" content=\"2026-04-21T19:41:52+00:00\" \/>\n<meta property=\"og:image\" content=\"https:\/\/shop.bantam.ch\/wp-content\/uploads\/2023\/02\/996095811.jpg\" \/>\n\t<meta property=\"og:image:width\" content=\"1000\" \/>\n\t<meta property=\"og:image:height\" content=\"667\" \/>\n\t<meta property=\"og:image:type\" content=\"image\/jpeg\" \/>\n<meta name=\"twitter:card\" content=\"summary_large_image\" \/>\n<script type=\"application\/ld+json\" class=\"yoast-schema-graph\">{\"@context\":\"https:\\\/\\\/schema.org\",\"@graph\":[{\"@type\":\"WebPage\",\"@id\":\"https:\\\/\\\/shop.bantam.ch\\\/de\\\/produkt\\\/grill-supreme-deluxe-inkl-bratenrost-silber\\\/\",\"url\":\"https:\\\/\\\/shop.bantam.ch\\\/de\\\/produkt\\\/grill-supreme-deluxe-inkl-bratenrost-silber\\\/\",\"name\":\"Grill COBB Supreme Deluxe inkl. Bratenrost - Bantam Camping AG\",\"isPartOf\":{\"@id\":\"https:\\\/\\\/shop.bantam.ch\\\/de\\\/#website\"},\"primaryImageOfPage\":{\"@id\":\"https:\\\/\\\/shop.bantam.ch\\\/de\\\/produkt\\\/grill-supreme-deluxe-inkl-bratenrost-silber\\\/#primaryimage\"},\"image\":{\"@id\":\"https:\\\/\\\/shop.bantam.ch\\\/de\\\/produkt\\\/grill-supreme-deluxe-inkl-bratenrost-silber\\\/#primaryimage\"},\"thumbnailUrl\":\"https:\\\/\\\/shop.bantam.ch\\\/wp-content\\\/uploads\\\/2023\\\/02\\\/996095811.jpg\",\"datePublished\":\"2023-02-28T19:38:18+00:00\",\"dateModified\":\"2026-04-21T19:41:52+00:00\",\"breadcrumb\":{\"@id\":\"https:\\\/\\\/shop.bantam.ch\\\/de\\\/produkt\\\/grill-supreme-deluxe-inkl-bratenrost-silber\\\/#breadcrumb\"},\"inLanguage\":\"de\",\"potentialAction\":[{\"@type\":\"ReadAction\",\"target\":[\"https:\\\/\\\/shop.bantam.ch\\\/de\\\/produkt\\\/grill-supreme-deluxe-inkl-bratenrost-silber\\\/\"]}]},{\"@type\":\"ImageObject\",\"inLanguage\":\"de\",\"@id\":\"https:\\\/\\\/shop.bantam.ch\\\/de\\\/produkt\\\/grill-supreme-deluxe-inkl-bratenrost-silber\\\/#primaryimage\",\"url\":\"https:\\\/\\\/shop.bantam.ch\\\/wp-content\\\/uploads\\\/2023\\\/02\\\/996095811.jpg\",\"contentUrl\":\"https:\\\/\\\/shop.bantam.ch\\\/wp-content\\\/uploads\\\/2023\\\/02\\\/996095811.jpg\",\"width\":1000,\"height\":667},{\"@type\":\"BreadcrumbList\",\"@id\":\"https:\\\/\\\/shop.bantam.ch\\\/de\\\/produkt\\\/grill-supreme-deluxe-inkl-bratenrost-silber\\\/#breadcrumb\",\"itemListElement\":[{\"@type\":\"ListItem\",\"position\":1,\"name\":\"Accueil\",\"item\":\"https:\\\/\\\/shop.bantam.ch\\\/de\\\/\"},{\"@type\":\"ListItem\",\"position\":2,\"name\":\"Shop\",\"item\":\"https:\\\/\\\/shop.bantam.ch\\\/de\\\/shop\\\/\"},{\"@type\":\"ListItem\",\"position\":3,\"name\":\"Grill COBB Supreme Deluxe inkl. Bratenrost\"}]},{\"@type\":\"WebSite\",\"@id\":\"https:\\\/\\\/shop.bantam.ch\\\/de\\\/#website\",\"url\":\"https:\\\/\\\/shop.bantam.ch\\\/de\\\/\",\"name\":\"Bantam Camping AG\",\"description\":\"\",\"publisher\":{\"@id\":\"https:\\\/\\\/shop.bantam.ch\\\/de\\\/#organization\"},\"inLanguage\":\"de\"},{\"@type\":\"Organization\",\"@id\":\"https:\\\/\\\/shop.bantam.ch\\\/de\\\/#organization\",\"name\":\"Bantam Camping AG\",\"url\":\"https:\\\/\\\/shop.bantam.ch\\\/de\\\/\",\"logo\":{\"@type\":\"ImageObject\",\"inLanguage\":\"de\",\"@id\":\"https:\\\/\\\/shop.bantam.ch\\\/de\\\/#\\\/schema\\\/logo\\\/image\\\/\",\"url\":\"https:\\\/\\\/shop.bantam.ch\\\/wp-content\\\/uploads\\\/2022\\\/12\\\/bantam-logo.png\",\"contentUrl\":\"https:\\\/\\\/shop.bantam.ch\\\/wp-content\\\/uploads\\\/2022\\\/12\\\/bantam-logo.png\",\"width\":320,\"height\":71,\"caption\":\"Bantam Camping AG\"},\"image\":{\"@id\":\"https:\\\/\\\/shop.bantam.ch\\\/de\\\/#\\\/schema\\\/logo\\\/image\\\/\"}}]}<\/script>\n<!-- \/ Yoast SEO plugin. -->","yoast_head_json":{"title":"Grill COBB Supreme Deluxe inkl. Bratenrost - Bantam Camping AG","robots":{"index":"index","follow":"follow","max-snippet":"max-snippet:-1","max-image-preview":"max-image-preview:large","max-video-preview":"max-video-preview:-1"},"canonical":"https:\/\/shop.bantam.ch\/de\/produkt\/grill-supreme-deluxe-inkl-bratenrost-silber\/","og_locale":"de_DE","og_type":"article","og_title":"Grill COBB Supreme Deluxe inkl. Bratenrost - Bantam Camping AG","og_description":"Cobb Supreme Deluxe inkl. Griddle + Grillplatte. Ein Holzkohlegrill aus Edelstahl f\u00fcr bis zu 12 Personen. Sparsam im Gebrauch und genauso praktisch wie der Cobb Premier Air Deluxe. Entweder verwenden Sie unsere Cobble Stones (2 St\u00fcck) oder herk\u00f6mmliche Briketts. Durch die Isolierung bleibt die Hitze im Grill und die Au\u00dfenschale bleibt kalt. Zudem k\u00f6nnen Sie [&hellip;]","og_url":"https:\/\/shop.bantam.ch\/de\/produkt\/grill-supreme-deluxe-inkl-bratenrost-silber\/","og_site_name":"Bantam Camping AG","article_modified_time":"2026-04-21T19:41:52+00:00","og_image":[{"width":1000,"height":667,"url":"https:\/\/shop.bantam.ch\/wp-content\/uploads\/2023\/02\/996095811.jpg","type":"image\/jpeg"}],"twitter_card":"summary_large_image","schema":{"@context":"https:\/\/schema.org","@graph":[{"@type":"WebPage","@id":"https:\/\/shop.bantam.ch\/de\/produkt\/grill-supreme-deluxe-inkl-bratenrost-silber\/","url":"https:\/\/shop.bantam.ch\/de\/produkt\/grill-supreme-deluxe-inkl-bratenrost-silber\/","name":"Grill COBB Supreme Deluxe inkl. Bratenrost - Bantam Camping AG","isPartOf":{"@id":"https:\/\/shop.bantam.ch\/de\/#website"},"primaryImageOfPage":{"@id":"https:\/\/shop.bantam.ch\/de\/produkt\/grill-supreme-deluxe-inkl-bratenrost-silber\/#primaryimage"},"image":{"@id":"https:\/\/shop.bantam.ch\/de\/produkt\/grill-supreme-deluxe-inkl-bratenrost-silber\/#primaryimage"},"thumbnailUrl":"https:\/\/shop.bantam.ch\/wp-content\/uploads\/2023\/02\/996095811.jpg","datePublished":"2023-02-28T19:38:18+00:00","dateModified":"2026-04-21T19:41:52+00:00","breadcrumb":{"@id":"https:\/\/shop.bantam.ch\/de\/produkt\/grill-supreme-deluxe-inkl-bratenrost-silber\/#breadcrumb"},"inLanguage":"de","potentialAction":[{"@type":"ReadAction","target":["https:\/\/shop.bantam.ch\/de\/produkt\/grill-supreme-deluxe-inkl-bratenrost-silber\/"]}]},{"@type":"ImageObject","inLanguage":"de","@id":"https:\/\/shop.bantam.ch\/de\/produkt\/grill-supreme-deluxe-inkl-bratenrost-silber\/#primaryimage","url":"https:\/\/shop.bantam.ch\/wp-content\/uploads\/2023\/02\/996095811.jpg","contentUrl":"https:\/\/shop.bantam.ch\/wp-content\/uploads\/2023\/02\/996095811.jpg","width":1000,"height":667},{"@type":"BreadcrumbList","@id":"https:\/\/shop.bantam.ch\/de\/produkt\/grill-supreme-deluxe-inkl-bratenrost-silber\/#breadcrumb","itemListElement":[{"@type":"ListItem","position":1,"name":"Accueil","item":"https:\/\/shop.bantam.ch\/de\/"},{"@type":"ListItem","position":2,"name":"Shop","item":"https:\/\/shop.bantam.ch\/de\/shop\/"},{"@type":"ListItem","position":3,"name":"Grill COBB Supreme Deluxe inkl. Bratenrost"}]},{"@type":"WebSite","@id":"https:\/\/shop.bantam.ch\/de\/#website","url":"https:\/\/shop.bantam.ch\/de\/","name":"Bantam Camping AG","description":"","publisher":{"@id":"https:\/\/shop.bantam.ch\/de\/#organization"},"inLanguage":"de"},{"@type":"Organization","@id":"https:\/\/shop.bantam.ch\/de\/#organization","name":"Bantam Camping AG","url":"https:\/\/shop.bantam.ch\/de\/","logo":{"@type":"ImageObject","inLanguage":"de","@id":"https:\/\/shop.bantam.ch\/de\/#\/schema\/logo\/image\/","url":"https:\/\/shop.bantam.ch\/wp-content\/uploads\/2022\/12\/bantam-logo.png","contentUrl":"https:\/\/shop.bantam.ch\/wp-content\/uploads\/2022\/12\/bantam-logo.png","width":320,"height":71,"caption":"Bantam Camping AG"},"image":{"@id":"https:\/\/shop.bantam.ch\/de\/#\/schema\/logo\/image\/"}}]}},"_links":{"self":[{"href":"https:\/\/shop.bantam.ch\/de\/wp-json\/wp\/v2\/product\/111262","targetHints":{"allow":["GET"]}}],"collection":[{"href":"https:\/\/shop.bantam.ch\/de\/wp-json\/wp\/v2\/product"}],"about":[{"href":"https:\/\/shop.bantam.ch\/de\/wp-json\/wp\/v2\/types\/product"}],"wp:featuredmedia":[{"embeddable":true,"href":"https:\/\/shop.bantam.ch\/de\/wp-json\/wp\/v2\/media\/111256"}],"wp:attachment":[{"href":"https:\/\/shop.bantam.ch\/de\/wp-json\/wp\/v2\/media?parent=111262"}],"wp:term":[{"taxonomy":"product_featured_cat","embeddable":true,"href":"https:\/\/shop.bantam.ch\/de\/wp-json\/wp\/v2\/product_featured_cat?post=111262"},{"taxonomy":"product_brand","embeddable":true,"href":"https:\/\/shop.bantam.ch\/de\/wp-json\/wp\/v2\/product_brand?post=111262"},{"taxonomy":"product_cat","embeddable":true,"href":"https:\/\/shop.bantam.ch\/de\/wp-json\/wp\/v2\/product_cat?post=111262"},{"taxonomy":"product_tag","embeddable":true,"href":"https:\/\/shop.bantam.ch\/de\/wp-json\/wp\/v2\/product_tag?post=111262"}],"curies":[{"name":"wp","href":"https:\/\/api.w.org\/{rel}","templated":true}]}}