{"id":110726,"date":"2023-02-28T20:30:22","date_gmt":"2023-02-28T19:30:22","guid":{"rendered":"https:\/\/shop.bantam.ch\/produit\/kochbuch-omnia-leicht-fit-genussvoll-essen\/"},"modified":"2026-04-19T21:43:08","modified_gmt":"2026-04-19T19:43:08","slug":"kochbuch-omnia-leicht-fit-genussvoll-essen","status":"publish","type":"product","link":"https:\/\/shop.bantam.ch\/de\/produkt\/kochbuch-omnia-leicht-fit-genussvoll-essen\/","title":{"rendered":"Kochbuch OMNIA Leicht und Fit \u2013 genussvoll essen"},"content":{"rendered":"<p>Der Urlaub ist eine gute Zeit, sich mit neuen leckeren Gerichten und Zubereitungsarten zu befassen: Sich fern-ab vom Alltagsstress auf Neues einzulassen &#8211; und das dann auch zu Hause zu guten Gewohnheiten werden zu lassen.<\/p>\n<p>Alle reden von einer ausgewogenen und gesunden Ern\u00e4hrung<\/p>\n<p>F\u00fcr eine ausgewogenen Ern\u00e4hrung, braucht es weder strenge Regeln noch Essenspl\u00e4ne. Ein paar einfache Leitlinien sind genug, um dem K\u00f6rper alles zu geben, was er braucht um gesund und fit zu bleiben. Dies ist kein Di\u00e4tbuch. Es vermittelt hilfreiches Wissen einer ges\u00fcnderen Ern\u00e4hrung ohne dogmatisch zu sein, sowie \u00fcber 30 Rezepte um sich mit der neuen leichten OMNIA-K\u00fcche vertraut zu machen.64 Seiten.<\/p>\n","protected":false},"excerpt":{"rendered":"<p>Der Urlaub ist eine gute Zeit, sich mit neuen leckeren Gerichten und Zubereitungsarten zu befassen: Sich fern-ab vom Alltagsstress auf Neues einzulassen &#8211; und das dann auch zu Hause zu guten Gewohnheiten werden zu lassen. Alle reden von einer ausgewogenen und gesunden Ern\u00e4hrung F\u00fcr eine ausgewogenen Ern\u00e4hrung, braucht es weder strenge Regeln noch Essenspl\u00e4ne. Ein [&hellip;]<\/p>\n","protected":false},"featured_media":110724,"template":"","meta":{"_acf_changed":false},"product_featured_cat":[],"product_brand":[3293],"product_cat":[4348],"product_tag":[],"class_list":{"0":"post-110726","1":"product","2":"type-product","3":"status-publish","4":"has-post-thumbnail","6":"product_brand-omnia-de","7":"product_cat-kochbuecher","9":"first","10":"instock","11":"taxable","12":"shipping-taxable","13":"purchasable","14":"product-type-simple"},"acf":[],"yoast_head":"<!-- This site is optimized with the Yoast SEO plugin v27.4 - https:\/\/yoast.com\/product\/yoast-seo-wordpress\/ -->\n<title>Kochbuch OMNIA Leicht und Fit \u2013 genussvoll essen - Bantam Camping AG<\/title>\n<meta name=\"robots\" content=\"index, follow, max-snippet:-1, max-image-preview:large, max-video-preview:-1\" \/>\n<link rel=\"canonical\" href=\"https:\/\/shop.bantam.ch\/de\/produkt\/kochbuch-omnia-leicht-fit-genussvoll-essen\/\" \/>\n<meta property=\"og:locale\" content=\"de_DE\" \/>\n<meta property=\"og:type\" content=\"article\" \/>\n<meta property=\"og:title\" content=\"Kochbuch OMNIA Leicht und Fit \u2013 genussvoll essen - Bantam Camping AG\" \/>\n<meta property=\"og:description\" content=\"Der Urlaub ist eine gute Zeit, sich mit neuen leckeren Gerichten und Zubereitungsarten zu befassen: Sich fern-ab vom Alltagsstress auf Neues einzulassen &#8211; und das dann auch zu Hause zu guten Gewohnheiten werden zu lassen. Alle reden von einer ausgewogenen und gesunden Ern\u00e4hrung F\u00fcr eine ausgewogenen Ern\u00e4hrung, braucht es weder strenge Regeln noch Essenspl\u00e4ne. Ein [&hellip;]\" \/>\n<meta property=\"og:url\" content=\"https:\/\/shop.bantam.ch\/de\/produkt\/kochbuch-omnia-leicht-fit-genussvoll-essen\/\" \/>\n<meta property=\"og:site_name\" content=\"Bantam Camping AG\" \/>\n<meta property=\"article:modified_time\" content=\"2026-04-19T19:43:08+00:00\" \/>\n<meta property=\"og:image\" content=\"https:\/\/shop.bantam.ch\/wp-content\/uploads\/2023\/02\/995753911-scaled.jpg\" \/>\n\t<meta property=\"og:image:width\" content=\"2322\" \/>\n\t<meta property=\"og:image:height\" content=\"2322\" \/>\n\t<meta property=\"og:image:type\" content=\"image\/jpeg\" \/>\n<meta name=\"twitter:card\" content=\"summary_large_image\" \/>\n<meta name=\"twitter:label1\" content=\"Gesch\u00e4tzte Lesezeit\" \/>\n\t<meta name=\"twitter:data1\" content=\"1\u00a0Minute\" \/>\n<script type=\"application\/ld+json\" class=\"yoast-schema-graph\">{\"@context\":\"https:\\\/\\\/schema.org\",\"@graph\":[{\"@type\":\"WebPage\",\"@id\":\"https:\\\/\\\/shop.bantam.ch\\\/de\\\/produkt\\\/kochbuch-omnia-leicht-fit-genussvoll-essen\\\/\",\"url\":\"https:\\\/\\\/shop.bantam.ch\\\/de\\\/produkt\\\/kochbuch-omnia-leicht-fit-genussvoll-essen\\\/\",\"name\":\"Kochbuch OMNIA Leicht und Fit \u2013 genussvoll essen - Bantam Camping AG\",\"isPartOf\":{\"@id\":\"https:\\\/\\\/shop.bantam.ch\\\/de\\\/#website\"},\"primaryImageOfPage\":{\"@id\":\"https:\\\/\\\/shop.bantam.ch\\\/de\\\/produkt\\\/kochbuch-omnia-leicht-fit-genussvoll-essen\\\/#primaryimage\"},\"image\":{\"@id\":\"https:\\\/\\\/shop.bantam.ch\\\/de\\\/produkt\\\/kochbuch-omnia-leicht-fit-genussvoll-essen\\\/#primaryimage\"},\"thumbnailUrl\":\"https:\\\/\\\/shop.bantam.ch\\\/wp-content\\\/uploads\\\/2023\\\/02\\\/995753911-scaled.jpg\",\"datePublished\":\"2023-02-28T19:30:22+00:00\",\"dateModified\":\"2026-04-19T19:43:08+00:00\",\"breadcrumb\":{\"@id\":\"https:\\\/\\\/shop.bantam.ch\\\/de\\\/produkt\\\/kochbuch-omnia-leicht-fit-genussvoll-essen\\\/#breadcrumb\"},\"inLanguage\":\"de\",\"potentialAction\":[{\"@type\":\"ReadAction\",\"target\":[\"https:\\\/\\\/shop.bantam.ch\\\/de\\\/produkt\\\/kochbuch-omnia-leicht-fit-genussvoll-essen\\\/\"]}]},{\"@type\":\"ImageObject\",\"inLanguage\":\"de\",\"@id\":\"https:\\\/\\\/shop.bantam.ch\\\/de\\\/produkt\\\/kochbuch-omnia-leicht-fit-genussvoll-essen\\\/#primaryimage\",\"url\":\"https:\\\/\\\/shop.bantam.ch\\\/wp-content\\\/uploads\\\/2023\\\/02\\\/995753911-scaled.jpg\",\"contentUrl\":\"https:\\\/\\\/shop.bantam.ch\\\/wp-content\\\/uploads\\\/2023\\\/02\\\/995753911-scaled.jpg\",\"width\":2048,\"height\":2048},{\"@type\":\"BreadcrumbList\",\"@id\":\"https:\\\/\\\/shop.bantam.ch\\\/de\\\/produkt\\\/kochbuch-omnia-leicht-fit-genussvoll-essen\\\/#breadcrumb\",\"itemListElement\":[{\"@type\":\"ListItem\",\"position\":1,\"name\":\"Accueil\",\"item\":\"https:\\\/\\\/shop.bantam.ch\\\/de\\\/\"},{\"@type\":\"ListItem\",\"position\":2,\"name\":\"Shop\",\"item\":\"https:\\\/\\\/shop.bantam.ch\\\/de\\\/shop\\\/\"},{\"@type\":\"ListItem\",\"position\":3,\"name\":\"Kochbuch OMNIA Leicht und Fit \u2013 genussvoll essen\"}]},{\"@type\":\"WebSite\",\"@id\":\"https:\\\/\\\/shop.bantam.ch\\\/de\\\/#website\",\"url\":\"https:\\\/\\\/shop.bantam.ch\\\/de\\\/\",\"name\":\"Bantam Camping AG\",\"description\":\"\",\"publisher\":{\"@id\":\"https:\\\/\\\/shop.bantam.ch\\\/de\\\/#organization\"},\"inLanguage\":\"de\"},{\"@type\":\"Organization\",\"@id\":\"https:\\\/\\\/shop.bantam.ch\\\/de\\\/#organization\",\"name\":\"Bantam Camping AG\",\"url\":\"https:\\\/\\\/shop.bantam.ch\\\/de\\\/\",\"logo\":{\"@type\":\"ImageObject\",\"inLanguage\":\"de\",\"@id\":\"https:\\\/\\\/shop.bantam.ch\\\/de\\\/#\\\/schema\\\/logo\\\/image\\\/\",\"url\":\"https:\\\/\\\/shop.bantam.ch\\\/wp-content\\\/uploads\\\/2022\\\/12\\\/bantam-logo.png\",\"contentUrl\":\"https:\\\/\\\/shop.bantam.ch\\\/wp-content\\\/uploads\\\/2022\\\/12\\\/bantam-logo.png\",\"width\":320,\"height\":71,\"caption\":\"Bantam Camping AG\"},\"image\":{\"@id\":\"https:\\\/\\\/shop.bantam.ch\\\/de\\\/#\\\/schema\\\/logo\\\/image\\\/\"}}]}<\/script>\n<!-- \/ Yoast SEO plugin. -->","yoast_head_json":{"title":"Kochbuch OMNIA Leicht und Fit \u2013 genussvoll essen - Bantam Camping AG","robots":{"index":"index","follow":"follow","max-snippet":"max-snippet:-1","max-image-preview":"max-image-preview:large","max-video-preview":"max-video-preview:-1"},"canonical":"https:\/\/shop.bantam.ch\/de\/produkt\/kochbuch-omnia-leicht-fit-genussvoll-essen\/","og_locale":"de_DE","og_type":"article","og_title":"Kochbuch OMNIA Leicht und Fit \u2013 genussvoll essen - Bantam Camping AG","og_description":"Der Urlaub ist eine gute Zeit, sich mit neuen leckeren Gerichten und Zubereitungsarten zu befassen: Sich fern-ab vom Alltagsstress auf Neues einzulassen &#8211; und das dann auch zu Hause zu guten Gewohnheiten werden zu lassen. Alle reden von einer ausgewogenen und gesunden Ern\u00e4hrung F\u00fcr eine ausgewogenen Ern\u00e4hrung, braucht es weder strenge Regeln noch Essenspl\u00e4ne. Ein [&hellip;]","og_url":"https:\/\/shop.bantam.ch\/de\/produkt\/kochbuch-omnia-leicht-fit-genussvoll-essen\/","og_site_name":"Bantam Camping AG","article_modified_time":"2026-04-19T19:43:08+00:00","og_image":[{"width":2322,"height":2322,"url":"https:\/\/shop.bantam.ch\/wp-content\/uploads\/2023\/02\/995753911-scaled.jpg","type":"image\/jpeg"}],"twitter_card":"summary_large_image","twitter_misc":{"Gesch\u00e4tzte Lesezeit":"1\u00a0Minute"},"schema":{"@context":"https:\/\/schema.org","@graph":[{"@type":"WebPage","@id":"https:\/\/shop.bantam.ch\/de\/produkt\/kochbuch-omnia-leicht-fit-genussvoll-essen\/","url":"https:\/\/shop.bantam.ch\/de\/produkt\/kochbuch-omnia-leicht-fit-genussvoll-essen\/","name":"Kochbuch OMNIA Leicht und Fit \u2013 genussvoll essen - Bantam Camping AG","isPartOf":{"@id":"https:\/\/shop.bantam.ch\/de\/#website"},"primaryImageOfPage":{"@id":"https:\/\/shop.bantam.ch\/de\/produkt\/kochbuch-omnia-leicht-fit-genussvoll-essen\/#primaryimage"},"image":{"@id":"https:\/\/shop.bantam.ch\/de\/produkt\/kochbuch-omnia-leicht-fit-genussvoll-essen\/#primaryimage"},"thumbnailUrl":"https:\/\/shop.bantam.ch\/wp-content\/uploads\/2023\/02\/995753911-scaled.jpg","datePublished":"2023-02-28T19:30:22+00:00","dateModified":"2026-04-19T19:43:08+00:00","breadcrumb":{"@id":"https:\/\/shop.bantam.ch\/de\/produkt\/kochbuch-omnia-leicht-fit-genussvoll-essen\/#breadcrumb"},"inLanguage":"de","potentialAction":[{"@type":"ReadAction","target":["https:\/\/shop.bantam.ch\/de\/produkt\/kochbuch-omnia-leicht-fit-genussvoll-essen\/"]}]},{"@type":"ImageObject","inLanguage":"de","@id":"https:\/\/shop.bantam.ch\/de\/produkt\/kochbuch-omnia-leicht-fit-genussvoll-essen\/#primaryimage","url":"https:\/\/shop.bantam.ch\/wp-content\/uploads\/2023\/02\/995753911-scaled.jpg","contentUrl":"https:\/\/shop.bantam.ch\/wp-content\/uploads\/2023\/02\/995753911-scaled.jpg","width":2048,"height":2048},{"@type":"BreadcrumbList","@id":"https:\/\/shop.bantam.ch\/de\/produkt\/kochbuch-omnia-leicht-fit-genussvoll-essen\/#breadcrumb","itemListElement":[{"@type":"ListItem","position":1,"name":"Accueil","item":"https:\/\/shop.bantam.ch\/de\/"},{"@type":"ListItem","position":2,"name":"Shop","item":"https:\/\/shop.bantam.ch\/de\/shop\/"},{"@type":"ListItem","position":3,"name":"Kochbuch OMNIA Leicht und Fit \u2013 genussvoll essen"}]},{"@type":"WebSite","@id":"https:\/\/shop.bantam.ch\/de\/#website","url":"https:\/\/shop.bantam.ch\/de\/","name":"Bantam Camping AG","description":"","publisher":{"@id":"https:\/\/shop.bantam.ch\/de\/#organization"},"inLanguage":"de"},{"@type":"Organization","@id":"https:\/\/shop.bantam.ch\/de\/#organization","name":"Bantam Camping AG","url":"https:\/\/shop.bantam.ch\/de\/","logo":{"@type":"ImageObject","inLanguage":"de","@id":"https:\/\/shop.bantam.ch\/de\/#\/schema\/logo\/image\/","url":"https:\/\/shop.bantam.ch\/wp-content\/uploads\/2022\/12\/bantam-logo.png","contentUrl":"https:\/\/shop.bantam.ch\/wp-content\/uploads\/2022\/12\/bantam-logo.png","width":320,"height":71,"caption":"Bantam Camping AG"},"image":{"@id":"https:\/\/shop.bantam.ch\/de\/#\/schema\/logo\/image\/"}}]}},"_links":{"self":[{"href":"https:\/\/shop.bantam.ch\/de\/wp-json\/wp\/v2\/product\/110726","targetHints":{"allow":["GET"]}}],"collection":[{"href":"https:\/\/shop.bantam.ch\/de\/wp-json\/wp\/v2\/product"}],"about":[{"href":"https:\/\/shop.bantam.ch\/de\/wp-json\/wp\/v2\/types\/product"}],"wp:featuredmedia":[{"embeddable":true,"href":"https:\/\/shop.bantam.ch\/de\/wp-json\/wp\/v2\/media\/110724"}],"wp:attachment":[{"href":"https:\/\/shop.bantam.ch\/de\/wp-json\/wp\/v2\/media?parent=110726"}],"wp:term":[{"taxonomy":"product_featured_cat","embeddable":true,"href":"https:\/\/shop.bantam.ch\/de\/wp-json\/wp\/v2\/product_featured_cat?post=110726"},{"taxonomy":"product_brand","embeddable":true,"href":"https:\/\/shop.bantam.ch\/de\/wp-json\/wp\/v2\/product_brand?post=110726"},{"taxonomy":"product_cat","embeddable":true,"href":"https:\/\/shop.bantam.ch\/de\/wp-json\/wp\/v2\/product_cat?post=110726"},{"taxonomy":"product_tag","embeddable":true,"href":"https:\/\/shop.bantam.ch\/de\/wp-json\/wp\/v2\/product_tag?post=110726"}],"curies":[{"name":"wp","href":"https:\/\/api.w.org\/{rel}","templated":true}]}}