{"id":110242,"date":"2023-02-28T20:19:34","date_gmt":"2023-02-28T19:19:34","guid":{"rendered":"https:\/\/shop.bantam.ch\/produit\/doppellinsen-rueckfahrkamera-ze-rvsc175\/"},"modified":"2026-04-19T21:42:45","modified_gmt":"2026-04-19T19:42:45","slug":"doppellinsen-rueckfahrkamera-ze-rvsc175","status":"publish","type":"product","link":"https:\/\/shop.bantam.ch\/de\/produkt\/doppellinsen-rueckfahrkamera-ze-rvsc175\/","title":{"rendered":"Doppelllinsen R\u00fcckfahrkamera ZENEC ZE-RVSC175"},"content":{"rendered":"<p>ZENECs Doppellinsen R\u00fcckfahrkamera ZE-RVSC175 ist speziell f\u00fcr teil- und voll-integrierte Reisemobile entwickelt. Die kompakte ZE-RVSC175 verf\u00fcgt \u00fcber zwei Kameramodule mit f\u00fcr den jeweiligen Sichtbereich optimierten, unterschiedlichen Brennweiten. Cam1 ganz oben im Kamerageh\u00e4use ist der &#8222;digitale R\u00fcckspiegel&#8220; und bietet eine gerade Sicht nach hinten auf das Verkehrsgeschehen. Cam2 mit 100\u00b0 Betrachtungswinkel im unteren Teil des Geh\u00e4uses sieht hinter dem Reisemobil schr\u00e4g nach unten und sorgt f\u00fcr klare Sicht im Nahbereich hinter dem Fahrzeug &#8211; zum R\u00fcckw\u00e4rtsfahren und Man\u00f6vrieren.<\/p>\n<p>ZENECs ZE-RVSC175 ist mit aktuellen PC3089D CMOS Sensoren ausgestattet, die eine hohe Bildaufl\u00f6sung und gro\u00dfen Kontrastumfang bieten. Cam2 verf\u00fcgt \u00fcber LDR gesteuerte IR-LEDs, die bei D\u00e4mmerung und in der Nacht f\u00fcr eine gute Ausleuchtung des Bereichs hinter dem Fahrzeug sorgen.<\/p>\n<p>Ausgestattet mit einem 3-teiligen auftrennbaren Systemkabel mit 17 Meter Hauptkabell\u00e4nge, l\u00e4sst sich diese ZENEC R\u00fcckfahrkamera in allen Reisemobilen flexibel montieren. Die Befestigung erfolgt \u00fcber ein M16 Hohlgewinde. Der 16er Bohrer f\u00fcr den Durchbruch liegt dem Set bei.<\/p>\n<p>Die ZE-RVSC175 ist kompatibel mit Monitoren, 1-DIN oder 2-DIN Moniceivern, Naviceivern und Infotainern, die den Anschluss und die Steuerung von zwei Kamerasystemen unterst\u00fctzen.<\/p>\n<p>Hauptmerkmale<\/p>\n<p>&#8211; Kompakte und formsch\u00f6ne Doppellinsen R\u00fcckfahrkamera<\/p>\n<p>&#8211; Cam1 Sensor mit 45\u00b0 und Cam2 Sensor mit 100\u00b0 horizontalem Betrachtungswinkel<\/p>\n<p>&#8211; IR-LED Nachtbeleuchtungs-System f\u00fcr Cam2 mit dynamischer LDR Helligkeitssteuerung<\/p>\n<p>&#8211; Hochwertiger CMOS-Bildsensor mit geringem Stromverbrauch<\/p>\n<p>&#8211; Detailliertes kontrastreiches Bild auch unter D\u00e4mmerungsbedingungen<\/p>\n<p>&#8211; Geh\u00e4use aus Kunststoff Spritzguss mit M16 Hohlgewinde zur Montage<\/p>\n<p>&#8211; 3-teiliges auftrennbares Systemkabel mit 17 m Hauptkabel L\u00e4nge<\/p>\n","protected":false},"excerpt":{"rendered":"<p>ZENECs Doppellinsen R\u00fcckfahrkamera ZE-RVSC175 ist speziell f\u00fcr teil- und voll-integrierte Reisemobile entwickelt. Die kompakte ZE-RVSC175 verf\u00fcgt \u00fcber zwei Kameramodule mit f\u00fcr den jeweiligen Sichtbereich optimierten, unterschiedlichen Brennweiten. Cam1 ganz oben im Kamerageh\u00e4use ist der &#8222;digitale R\u00fcckspiegel&#8220; und bietet eine gerade Sicht nach hinten auf das Verkehrsgeschehen. Cam2 mit 100\u00b0 Betrachtungswinkel im unteren Teil des Geh\u00e4uses [&hellip;]<\/p>\n","protected":false},"featured_media":110238,"template":"","meta":{"_acf_changed":false},"product_featured_cat":[],"product_brand":[3213],"product_cat":[5002],"product_tag":[],"class_list":{"0":"post-110242","1":"product","2":"type-product","3":"status-publish","4":"has-post-thumbnail","6":"product_brand-zenec-de","7":"product_cat-kameras","9":"first","10":"instock","11":"taxable","12":"shipping-taxable","13":"purchasable","14":"product-type-simple"},"acf":[],"yoast_head":"<!-- This site is optimized with the Yoast SEO plugin v27.4 - https:\/\/yoast.com\/product\/yoast-seo-wordpress\/ -->\n<title>Doppelllinsen R\u00fcckfahrkamera ZENEC ZE-RVSC175 - Bantam Camping AG<\/title>\n<meta name=\"robots\" content=\"index, follow, max-snippet:-1, max-image-preview:large, max-video-preview:-1\" \/>\n<link rel=\"canonical\" href=\"https:\/\/shop.bantam.ch\/de\/produkt\/doppellinsen-rueckfahrkamera-ze-rvsc175\/\" \/>\n<meta property=\"og:locale\" content=\"de_DE\" \/>\n<meta property=\"og:type\" content=\"article\" \/>\n<meta property=\"og:title\" content=\"Doppelllinsen R\u00fcckfahrkamera ZENEC ZE-RVSC175 - Bantam Camping AG\" \/>\n<meta property=\"og:description\" content=\"ZENECs Doppellinsen R\u00fcckfahrkamera ZE-RVSC175 ist speziell f\u00fcr teil- und voll-integrierte Reisemobile entwickelt. Die kompakte ZE-RVSC175 verf\u00fcgt \u00fcber zwei Kameramodule mit f\u00fcr den jeweiligen Sichtbereich optimierten, unterschiedlichen Brennweiten. Cam1 ganz oben im Kamerageh\u00e4use ist der &#8222;digitale R\u00fcckspiegel&#8220; und bietet eine gerade Sicht nach hinten auf das Verkehrsgeschehen. Cam2 mit 100\u00b0 Betrachtungswinkel im unteren Teil des Geh\u00e4uses [&hellip;]\" \/>\n<meta property=\"og:url\" content=\"https:\/\/shop.bantam.ch\/de\/produkt\/doppellinsen-rueckfahrkamera-ze-rvsc175\/\" \/>\n<meta property=\"og:site_name\" content=\"Bantam Camping AG\" \/>\n<meta property=\"article:modified_time\" content=\"2026-04-19T19:42:45+00:00\" \/>\n<meta property=\"og:image\" content=\"https:\/\/shop.bantam.ch\/wp-content\/uploads\/2023\/02\/996079111.jpg\" \/>\n\t<meta property=\"og:image:width\" content=\"1280\" \/>\n\t<meta property=\"og:image:height\" content=\"759\" \/>\n\t<meta property=\"og:image:type\" content=\"image\/jpeg\" \/>\n<meta name=\"twitter:card\" content=\"summary_large_image\" \/>\n<meta name=\"twitter:label1\" content=\"Gesch\u00e4tzte Lesezeit\" \/>\n\t<meta name=\"twitter:data1\" content=\"1\u00a0Minute\" \/>\n<script type=\"application\/ld+json\" class=\"yoast-schema-graph\">{\"@context\":\"https:\\\/\\\/schema.org\",\"@graph\":[{\"@type\":\"WebPage\",\"@id\":\"https:\\\/\\\/shop.bantam.ch\\\/de\\\/produkt\\\/doppellinsen-rueckfahrkamera-ze-rvsc175\\\/\",\"url\":\"https:\\\/\\\/shop.bantam.ch\\\/de\\\/produkt\\\/doppellinsen-rueckfahrkamera-ze-rvsc175\\\/\",\"name\":\"Doppelllinsen R\u00fcckfahrkamera ZENEC ZE-RVSC175 - Bantam Camping AG\",\"isPartOf\":{\"@id\":\"https:\\\/\\\/shop.bantam.ch\\\/de\\\/#website\"},\"primaryImageOfPage\":{\"@id\":\"https:\\\/\\\/shop.bantam.ch\\\/de\\\/produkt\\\/doppellinsen-rueckfahrkamera-ze-rvsc175\\\/#primaryimage\"},\"image\":{\"@id\":\"https:\\\/\\\/shop.bantam.ch\\\/de\\\/produkt\\\/doppellinsen-rueckfahrkamera-ze-rvsc175\\\/#primaryimage\"},\"thumbnailUrl\":\"https:\\\/\\\/shop.bantam.ch\\\/wp-content\\\/uploads\\\/2023\\\/02\\\/996079111.jpg\",\"datePublished\":\"2023-02-28T19:19:34+00:00\",\"dateModified\":\"2026-04-19T19:42:45+00:00\",\"breadcrumb\":{\"@id\":\"https:\\\/\\\/shop.bantam.ch\\\/de\\\/produkt\\\/doppellinsen-rueckfahrkamera-ze-rvsc175\\\/#breadcrumb\"},\"inLanguage\":\"de\",\"potentialAction\":[{\"@type\":\"ReadAction\",\"target\":[\"https:\\\/\\\/shop.bantam.ch\\\/de\\\/produkt\\\/doppellinsen-rueckfahrkamera-ze-rvsc175\\\/\"]}]},{\"@type\":\"ImageObject\",\"inLanguage\":\"de\",\"@id\":\"https:\\\/\\\/shop.bantam.ch\\\/de\\\/produkt\\\/doppellinsen-rueckfahrkamera-ze-rvsc175\\\/#primaryimage\",\"url\":\"https:\\\/\\\/shop.bantam.ch\\\/wp-content\\\/uploads\\\/2023\\\/02\\\/996079111.jpg\",\"contentUrl\":\"https:\\\/\\\/shop.bantam.ch\\\/wp-content\\\/uploads\\\/2023\\\/02\\\/996079111.jpg\",\"width\":1280,\"height\":759},{\"@type\":\"BreadcrumbList\",\"@id\":\"https:\\\/\\\/shop.bantam.ch\\\/de\\\/produkt\\\/doppellinsen-rueckfahrkamera-ze-rvsc175\\\/#breadcrumb\",\"itemListElement\":[{\"@type\":\"ListItem\",\"position\":1,\"name\":\"Accueil\",\"item\":\"https:\\\/\\\/shop.bantam.ch\\\/de\\\/\"},{\"@type\":\"ListItem\",\"position\":2,\"name\":\"Shop\",\"item\":\"https:\\\/\\\/shop.bantam.ch\\\/de\\\/shop\\\/\"},{\"@type\":\"ListItem\",\"position\":3,\"name\":\"Doppelllinsen R\u00fcckfahrkamera ZENEC ZE-RVSC175\"}]},{\"@type\":\"WebSite\",\"@id\":\"https:\\\/\\\/shop.bantam.ch\\\/de\\\/#website\",\"url\":\"https:\\\/\\\/shop.bantam.ch\\\/de\\\/\",\"name\":\"Bantam Camping AG\",\"description\":\"\",\"publisher\":{\"@id\":\"https:\\\/\\\/shop.bantam.ch\\\/de\\\/#organization\"},\"inLanguage\":\"de\"},{\"@type\":\"Organization\",\"@id\":\"https:\\\/\\\/shop.bantam.ch\\\/de\\\/#organization\",\"name\":\"Bantam Camping AG\",\"url\":\"https:\\\/\\\/shop.bantam.ch\\\/de\\\/\",\"logo\":{\"@type\":\"ImageObject\",\"inLanguage\":\"de\",\"@id\":\"https:\\\/\\\/shop.bantam.ch\\\/de\\\/#\\\/schema\\\/logo\\\/image\\\/\",\"url\":\"https:\\\/\\\/shop.bantam.ch\\\/wp-content\\\/uploads\\\/2022\\\/12\\\/bantam-logo.png\",\"contentUrl\":\"https:\\\/\\\/shop.bantam.ch\\\/wp-content\\\/uploads\\\/2022\\\/12\\\/bantam-logo.png\",\"width\":320,\"height\":71,\"caption\":\"Bantam Camping AG\"},\"image\":{\"@id\":\"https:\\\/\\\/shop.bantam.ch\\\/de\\\/#\\\/schema\\\/logo\\\/image\\\/\"}}]}<\/script>\n<!-- \/ Yoast SEO plugin. -->","yoast_head_json":{"title":"Doppelllinsen R\u00fcckfahrkamera ZENEC ZE-RVSC175 - Bantam Camping AG","robots":{"index":"index","follow":"follow","max-snippet":"max-snippet:-1","max-image-preview":"max-image-preview:large","max-video-preview":"max-video-preview:-1"},"canonical":"https:\/\/shop.bantam.ch\/de\/produkt\/doppellinsen-rueckfahrkamera-ze-rvsc175\/","og_locale":"de_DE","og_type":"article","og_title":"Doppelllinsen R\u00fcckfahrkamera ZENEC ZE-RVSC175 - Bantam Camping AG","og_description":"ZENECs Doppellinsen R\u00fcckfahrkamera ZE-RVSC175 ist speziell f\u00fcr teil- und voll-integrierte Reisemobile entwickelt. Die kompakte ZE-RVSC175 verf\u00fcgt \u00fcber zwei Kameramodule mit f\u00fcr den jeweiligen Sichtbereich optimierten, unterschiedlichen Brennweiten. Cam1 ganz oben im Kamerageh\u00e4use ist der &#8222;digitale R\u00fcckspiegel&#8220; und bietet eine gerade Sicht nach hinten auf das Verkehrsgeschehen. Cam2 mit 100\u00b0 Betrachtungswinkel im unteren Teil des Geh\u00e4uses [&hellip;]","og_url":"https:\/\/shop.bantam.ch\/de\/produkt\/doppellinsen-rueckfahrkamera-ze-rvsc175\/","og_site_name":"Bantam Camping AG","article_modified_time":"2026-04-19T19:42:45+00:00","og_image":[{"width":1280,"height":759,"url":"https:\/\/shop.bantam.ch\/wp-content\/uploads\/2023\/02\/996079111.jpg","type":"image\/jpeg"}],"twitter_card":"summary_large_image","twitter_misc":{"Gesch\u00e4tzte Lesezeit":"1\u00a0Minute"},"schema":{"@context":"https:\/\/schema.org","@graph":[{"@type":"WebPage","@id":"https:\/\/shop.bantam.ch\/de\/produkt\/doppellinsen-rueckfahrkamera-ze-rvsc175\/","url":"https:\/\/shop.bantam.ch\/de\/produkt\/doppellinsen-rueckfahrkamera-ze-rvsc175\/","name":"Doppelllinsen R\u00fcckfahrkamera ZENEC ZE-RVSC175 - Bantam Camping AG","isPartOf":{"@id":"https:\/\/shop.bantam.ch\/de\/#website"},"primaryImageOfPage":{"@id":"https:\/\/shop.bantam.ch\/de\/produkt\/doppellinsen-rueckfahrkamera-ze-rvsc175\/#primaryimage"},"image":{"@id":"https:\/\/shop.bantam.ch\/de\/produkt\/doppellinsen-rueckfahrkamera-ze-rvsc175\/#primaryimage"},"thumbnailUrl":"https:\/\/shop.bantam.ch\/wp-content\/uploads\/2023\/02\/996079111.jpg","datePublished":"2023-02-28T19:19:34+00:00","dateModified":"2026-04-19T19:42:45+00:00","breadcrumb":{"@id":"https:\/\/shop.bantam.ch\/de\/produkt\/doppellinsen-rueckfahrkamera-ze-rvsc175\/#breadcrumb"},"inLanguage":"de","potentialAction":[{"@type":"ReadAction","target":["https:\/\/shop.bantam.ch\/de\/produkt\/doppellinsen-rueckfahrkamera-ze-rvsc175\/"]}]},{"@type":"ImageObject","inLanguage":"de","@id":"https:\/\/shop.bantam.ch\/de\/produkt\/doppellinsen-rueckfahrkamera-ze-rvsc175\/#primaryimage","url":"https:\/\/shop.bantam.ch\/wp-content\/uploads\/2023\/02\/996079111.jpg","contentUrl":"https:\/\/shop.bantam.ch\/wp-content\/uploads\/2023\/02\/996079111.jpg","width":1280,"height":759},{"@type":"BreadcrumbList","@id":"https:\/\/shop.bantam.ch\/de\/produkt\/doppellinsen-rueckfahrkamera-ze-rvsc175\/#breadcrumb","itemListElement":[{"@type":"ListItem","position":1,"name":"Accueil","item":"https:\/\/shop.bantam.ch\/de\/"},{"@type":"ListItem","position":2,"name":"Shop","item":"https:\/\/shop.bantam.ch\/de\/shop\/"},{"@type":"ListItem","position":3,"name":"Doppelllinsen R\u00fcckfahrkamera ZENEC ZE-RVSC175"}]},{"@type":"WebSite","@id":"https:\/\/shop.bantam.ch\/de\/#website","url":"https:\/\/shop.bantam.ch\/de\/","name":"Bantam Camping AG","description":"","publisher":{"@id":"https:\/\/shop.bantam.ch\/de\/#organization"},"inLanguage":"de"},{"@type":"Organization","@id":"https:\/\/shop.bantam.ch\/de\/#organization","name":"Bantam Camping AG","url":"https:\/\/shop.bantam.ch\/de\/","logo":{"@type":"ImageObject","inLanguage":"de","@id":"https:\/\/shop.bantam.ch\/de\/#\/schema\/logo\/image\/","url":"https:\/\/shop.bantam.ch\/wp-content\/uploads\/2022\/12\/bantam-logo.png","contentUrl":"https:\/\/shop.bantam.ch\/wp-content\/uploads\/2022\/12\/bantam-logo.png","width":320,"height":71,"caption":"Bantam Camping AG"},"image":{"@id":"https:\/\/shop.bantam.ch\/de\/#\/schema\/logo\/image\/"}}]}},"_links":{"self":[{"href":"https:\/\/shop.bantam.ch\/de\/wp-json\/wp\/v2\/product\/110242","targetHints":{"allow":["GET"]}}],"collection":[{"href":"https:\/\/shop.bantam.ch\/de\/wp-json\/wp\/v2\/product"}],"about":[{"href":"https:\/\/shop.bantam.ch\/de\/wp-json\/wp\/v2\/types\/product"}],"wp:featuredmedia":[{"embeddable":true,"href":"https:\/\/shop.bantam.ch\/de\/wp-json\/wp\/v2\/media\/110238"}],"wp:attachment":[{"href":"https:\/\/shop.bantam.ch\/de\/wp-json\/wp\/v2\/media?parent=110242"}],"wp:term":[{"taxonomy":"product_featured_cat","embeddable":true,"href":"https:\/\/shop.bantam.ch\/de\/wp-json\/wp\/v2\/product_featured_cat?post=110242"},{"taxonomy":"product_brand","embeddable":true,"href":"https:\/\/shop.bantam.ch\/de\/wp-json\/wp\/v2\/product_brand?post=110242"},{"taxonomy":"product_cat","embeddable":true,"href":"https:\/\/shop.bantam.ch\/de\/wp-json\/wp\/v2\/product_cat?post=110242"},{"taxonomy":"product_tag","embeddable":true,"href":"https:\/\/shop.bantam.ch\/de\/wp-json\/wp\/v2\/product_tag?post=110242"}],"curies":[{"name":"wp","href":"https:\/\/api.w.org\/{rel}","templated":true}]}}