{"id":110222,"date":"2023-02-28T20:18:58","date_gmt":"2023-02-28T19:18:58","guid":{"rendered":"https:\/\/shop.bantam.ch\/produit\/fahrradtraeger-outway-2-bikes-platform\/"},"modified":"2026-04-17T21:40:11","modified_gmt":"2026-04-17T19:40:11","slug":"fahrradtraeger-outway-2-bikes-platform","status":"publish","type":"product","link":"https:\/\/shop.bantam.ch\/de\/produkt\/fahrradtraeger-outway-2-bikes-platform\/","title":{"rendered":"Fahrradtr\u00e4ger THULE Outway 2-Bikes Platform Traglast 30 kg"},"content":{"rendered":"<p>Thule Fahrradtr\u00e4ger f\u00fcr unkomplizierte Ausfl\u00fcge mit erh\u00f6hter Plattform, bei der die R\u00fcckleuchten und das Kennzeichen sichtbar bleiben.<\/p>\n<ul>\n<li>Verbesserte Sicht auf die R\u00fcckleuchten und das Kennzeichen dank erh\u00f6hter Plattformkonstruktion<\/li>\n<li>Maximale Befestigungssicherheit am Fahrzeug mit Stahlkabeln<\/li>\n<li>Einfache Befestigung der Fahrr\u00e4der mit verstellbaren\/ abnehmbaren Fahrradhaltearmen und Thule AcuTight Drehmomentbegrenzer-Kn\u00f6pfen, die klicken, wenn das optimale Drehmoment erreicht ist<\/li>\n<li>Starker Halt und Fahrzeugschutz mit Doppelhakenbefestigung und Gummischutzpolstern<\/li>\n<li>Einfache Befestigung der Fahrr\u00e4der mit verstellbaren\/ abnehmbaren Fahrradhaltearmen und Thule AcuTight Drehmomentbegrenzer-Kn\u00f6pfen, die klicken, wenn das optimale Drehmoment erreicht ist<\/li>\n<li>F\u00fcr Fahrr\u00e4der mit bis zu 127cm\/50&#8243; Radstand<\/li>\n<li>Einfaches Befestigen der R\u00e4der durch lange Felgenhalteb\u00e4nder mit Ratschenfunktion<\/li>\n<li>Flach zusammenklappbar f\u00fcr einfachen Transport und praktische Aufbewahrung<\/li>\n<li>Zum Sichern des Fahrrads am Fahrradtr\u00e4ger und des Fahrradtr\u00e4gers am Dachtr\u00e4ger (Schl\u00f6sser im Lieferumfang enthalten)<\/li>\n<li>Muss nicht zusammengebaut werden<\/li>\n<li>Kofferraum kann ohne aufgeladene Fahrr\u00e4der ge\u00f6ffnet werden<\/li>\n<li>Dieses Produkt ist nicht universell passend. Bitte verwenden Sie unsere Thule Kaufhilfe f\u00fcr Informationen zu spezifischen Fahrzeugmodellen<\/li>\n<li>2 Farr\u00e4der nicht erweiterbar<\/li>\n<li>Traglast pro Fahrrad 15 kg<\/li>\n<li>Passend f\u00fcr Radgr\u00f6ssen bis 29&#8243; Durchmesser \/ 3&#8243; Breite<\/li>\n<\/ul>\n<p>Lieferumfang:<br \/>Inklusive Schl\u00f6sser<\/p>\n","protected":false},"excerpt":{"rendered":"<p>Thule Fahrradtr\u00e4ger f\u00fcr unkomplizierte Ausfl\u00fcge mit erh\u00f6hter Plattform, bei der die R\u00fcckleuchten und das Kennzeichen sichtbar bleiben. Verbesserte Sicht auf die R\u00fcckleuchten und das Kennzeichen dank erh\u00f6hter Plattformkonstruktion Maximale Befestigungssicherheit am Fahrzeug mit Stahlkabeln Einfache Befestigung der Fahrr\u00e4der mit verstellbaren\/ abnehmbaren Fahrradhaltearmen und Thule AcuTight Drehmomentbegrenzer-Kn\u00f6pfen, die klicken, wenn das optimale Drehmoment erreicht ist Starker [&hellip;]<\/p>\n","protected":false},"featured_media":110208,"template":"","meta":{"_acf_changed":false},"product_featured_cat":[],"product_brand":[3047],"product_cat":[5138],"product_tag":[],"class_list":{"0":"post-110222","1":"product","2":"type-product","3":"status-publish","4":"has-post-thumbnail","6":"product_brand-thule-de","7":"product_cat-heck-fahrradtraeger","9":"first","10":"instock","11":"taxable","12":"shipping-taxable","13":"purchasable","14":"product-type-simple"},"acf":[],"yoast_head":"<!-- This site is optimized with the Yoast SEO plugin v27.4 - https:\/\/yoast.com\/product\/yoast-seo-wordpress\/ -->\n<title>Fahrradtr\u00e4ger THULE Outway 2-Bikes Platform Traglast 30 kg - Bantam Camping AG<\/title>\n<meta name=\"robots\" content=\"index, follow, max-snippet:-1, max-image-preview:large, max-video-preview:-1\" \/>\n<link rel=\"canonical\" href=\"https:\/\/shop.bantam.ch\/de\/produkt\/fahrradtraeger-outway-2-bikes-platform\/\" \/>\n<meta property=\"og:locale\" content=\"de_DE\" \/>\n<meta property=\"og:type\" content=\"article\" \/>\n<meta property=\"og:title\" content=\"Fahrradtr\u00e4ger THULE Outway 2-Bikes Platform Traglast 30 kg - Bantam Camping AG\" \/>\n<meta property=\"og:description\" content=\"Thule Fahrradtr\u00e4ger f\u00fcr unkomplizierte Ausfl\u00fcge mit erh\u00f6hter Plattform, bei der die R\u00fcckleuchten und das Kennzeichen sichtbar bleiben. Verbesserte Sicht auf die R\u00fcckleuchten und das Kennzeichen dank erh\u00f6hter Plattformkonstruktion Maximale Befestigungssicherheit am Fahrzeug mit Stahlkabeln Einfache Befestigung der Fahrr\u00e4der mit verstellbaren\/ abnehmbaren Fahrradhaltearmen und Thule AcuTight Drehmomentbegrenzer-Kn\u00f6pfen, die klicken, wenn das optimale Drehmoment erreicht ist Starker [&hellip;]\" \/>\n<meta property=\"og:url\" content=\"https:\/\/shop.bantam.ch\/de\/produkt\/fahrradtraeger-outway-2-bikes-platform\/\" \/>\n<meta property=\"og:site_name\" content=\"Bantam Camping AG\" \/>\n<meta property=\"article:modified_time\" content=\"2026-04-17T19:40:11+00:00\" \/>\n<meta property=\"og:image\" content=\"https:\/\/shop.bantam.ch\/wp-content\/uploads\/2023\/02\/993806212.jpg\" \/>\n\t<meta property=\"og:image:width\" content=\"1000\" \/>\n\t<meta property=\"og:image:height\" content=\"707\" \/>\n\t<meta property=\"og:image:type\" content=\"image\/jpeg\" \/>\n<meta name=\"twitter:card\" content=\"summary_large_image\" \/>\n<meta name=\"twitter:label1\" content=\"Gesch\u00e4tzte Lesezeit\" \/>\n\t<meta name=\"twitter:data1\" content=\"1\u00a0Minute\" \/>\n<script type=\"application\/ld+json\" class=\"yoast-schema-graph\">{\"@context\":\"https:\\\/\\\/schema.org\",\"@graph\":[{\"@type\":\"WebPage\",\"@id\":\"https:\\\/\\\/shop.bantam.ch\\\/de\\\/produkt\\\/fahrradtraeger-outway-2-bikes-platform\\\/\",\"url\":\"https:\\\/\\\/shop.bantam.ch\\\/de\\\/produkt\\\/fahrradtraeger-outway-2-bikes-platform\\\/\",\"name\":\"Fahrradtr\u00e4ger THULE Outway 2-Bikes Platform Traglast 30 kg - Bantam Camping AG\",\"isPartOf\":{\"@id\":\"https:\\\/\\\/shop.bantam.ch\\\/de\\\/#website\"},\"primaryImageOfPage\":{\"@id\":\"https:\\\/\\\/shop.bantam.ch\\\/de\\\/produkt\\\/fahrradtraeger-outway-2-bikes-platform\\\/#primaryimage\"},\"image\":{\"@id\":\"https:\\\/\\\/shop.bantam.ch\\\/de\\\/produkt\\\/fahrradtraeger-outway-2-bikes-platform\\\/#primaryimage\"},\"thumbnailUrl\":\"https:\\\/\\\/shop.bantam.ch\\\/wp-content\\\/uploads\\\/2023\\\/02\\\/993806212.jpg\",\"datePublished\":\"2023-02-28T19:18:58+00:00\",\"dateModified\":\"2026-04-17T19:40:11+00:00\",\"breadcrumb\":{\"@id\":\"https:\\\/\\\/shop.bantam.ch\\\/de\\\/produkt\\\/fahrradtraeger-outway-2-bikes-platform\\\/#breadcrumb\"},\"inLanguage\":\"de\",\"potentialAction\":[{\"@type\":\"ReadAction\",\"target\":[\"https:\\\/\\\/shop.bantam.ch\\\/de\\\/produkt\\\/fahrradtraeger-outway-2-bikes-platform\\\/\"]}]},{\"@type\":\"ImageObject\",\"inLanguage\":\"de\",\"@id\":\"https:\\\/\\\/shop.bantam.ch\\\/de\\\/produkt\\\/fahrradtraeger-outway-2-bikes-platform\\\/#primaryimage\",\"url\":\"https:\\\/\\\/shop.bantam.ch\\\/wp-content\\\/uploads\\\/2023\\\/02\\\/993806212.jpg\",\"contentUrl\":\"https:\\\/\\\/shop.bantam.ch\\\/wp-content\\\/uploads\\\/2023\\\/02\\\/993806212.jpg\",\"width\":1000,\"height\":707},{\"@type\":\"BreadcrumbList\",\"@id\":\"https:\\\/\\\/shop.bantam.ch\\\/de\\\/produkt\\\/fahrradtraeger-outway-2-bikes-platform\\\/#breadcrumb\",\"itemListElement\":[{\"@type\":\"ListItem\",\"position\":1,\"name\":\"Accueil\",\"item\":\"https:\\\/\\\/shop.bantam.ch\\\/de\\\/\"},{\"@type\":\"ListItem\",\"position\":2,\"name\":\"Shop\",\"item\":\"https:\\\/\\\/shop.bantam.ch\\\/de\\\/shop\\\/\"},{\"@type\":\"ListItem\",\"position\":3,\"name\":\"Fahrradtr\u00e4ger THULE Outway 2-Bikes Platform Traglast 30 kg\"}]},{\"@type\":\"WebSite\",\"@id\":\"https:\\\/\\\/shop.bantam.ch\\\/de\\\/#website\",\"url\":\"https:\\\/\\\/shop.bantam.ch\\\/de\\\/\",\"name\":\"Bantam Camping AG\",\"description\":\"\",\"publisher\":{\"@id\":\"https:\\\/\\\/shop.bantam.ch\\\/de\\\/#organization\"},\"inLanguage\":\"de\"},{\"@type\":\"Organization\",\"@id\":\"https:\\\/\\\/shop.bantam.ch\\\/de\\\/#organization\",\"name\":\"Bantam Camping AG\",\"url\":\"https:\\\/\\\/shop.bantam.ch\\\/de\\\/\",\"logo\":{\"@type\":\"ImageObject\",\"inLanguage\":\"de\",\"@id\":\"https:\\\/\\\/shop.bantam.ch\\\/de\\\/#\\\/schema\\\/logo\\\/image\\\/\",\"url\":\"https:\\\/\\\/shop.bantam.ch\\\/wp-content\\\/uploads\\\/2022\\\/12\\\/bantam-logo.png\",\"contentUrl\":\"https:\\\/\\\/shop.bantam.ch\\\/wp-content\\\/uploads\\\/2022\\\/12\\\/bantam-logo.png\",\"width\":320,\"height\":71,\"caption\":\"Bantam Camping AG\"},\"image\":{\"@id\":\"https:\\\/\\\/shop.bantam.ch\\\/de\\\/#\\\/schema\\\/logo\\\/image\\\/\"}}]}<\/script>\n<!-- \/ Yoast SEO plugin. -->","yoast_head_json":{"title":"Fahrradtr\u00e4ger THULE Outway 2-Bikes Platform Traglast 30 kg - Bantam Camping AG","robots":{"index":"index","follow":"follow","max-snippet":"max-snippet:-1","max-image-preview":"max-image-preview:large","max-video-preview":"max-video-preview:-1"},"canonical":"https:\/\/shop.bantam.ch\/de\/produkt\/fahrradtraeger-outway-2-bikes-platform\/","og_locale":"de_DE","og_type":"article","og_title":"Fahrradtr\u00e4ger THULE Outway 2-Bikes Platform Traglast 30 kg - Bantam Camping AG","og_description":"Thule Fahrradtr\u00e4ger f\u00fcr unkomplizierte Ausfl\u00fcge mit erh\u00f6hter Plattform, bei der die R\u00fcckleuchten und das Kennzeichen sichtbar bleiben. Verbesserte Sicht auf die R\u00fcckleuchten und das Kennzeichen dank erh\u00f6hter Plattformkonstruktion Maximale Befestigungssicherheit am Fahrzeug mit Stahlkabeln Einfache Befestigung der Fahrr\u00e4der mit verstellbaren\/ abnehmbaren Fahrradhaltearmen und Thule AcuTight Drehmomentbegrenzer-Kn\u00f6pfen, die klicken, wenn das optimale Drehmoment erreicht ist Starker [&hellip;]","og_url":"https:\/\/shop.bantam.ch\/de\/produkt\/fahrradtraeger-outway-2-bikes-platform\/","og_site_name":"Bantam Camping AG","article_modified_time":"2026-04-17T19:40:11+00:00","og_image":[{"width":1000,"height":707,"url":"https:\/\/shop.bantam.ch\/wp-content\/uploads\/2023\/02\/993806212.jpg","type":"image\/jpeg"}],"twitter_card":"summary_large_image","twitter_misc":{"Gesch\u00e4tzte Lesezeit":"1\u00a0Minute"},"schema":{"@context":"https:\/\/schema.org","@graph":[{"@type":"WebPage","@id":"https:\/\/shop.bantam.ch\/de\/produkt\/fahrradtraeger-outway-2-bikes-platform\/","url":"https:\/\/shop.bantam.ch\/de\/produkt\/fahrradtraeger-outway-2-bikes-platform\/","name":"Fahrradtr\u00e4ger THULE Outway 2-Bikes Platform Traglast 30 kg - Bantam Camping AG","isPartOf":{"@id":"https:\/\/shop.bantam.ch\/de\/#website"},"primaryImageOfPage":{"@id":"https:\/\/shop.bantam.ch\/de\/produkt\/fahrradtraeger-outway-2-bikes-platform\/#primaryimage"},"image":{"@id":"https:\/\/shop.bantam.ch\/de\/produkt\/fahrradtraeger-outway-2-bikes-platform\/#primaryimage"},"thumbnailUrl":"https:\/\/shop.bantam.ch\/wp-content\/uploads\/2023\/02\/993806212.jpg","datePublished":"2023-02-28T19:18:58+00:00","dateModified":"2026-04-17T19:40:11+00:00","breadcrumb":{"@id":"https:\/\/shop.bantam.ch\/de\/produkt\/fahrradtraeger-outway-2-bikes-platform\/#breadcrumb"},"inLanguage":"de","potentialAction":[{"@type":"ReadAction","target":["https:\/\/shop.bantam.ch\/de\/produkt\/fahrradtraeger-outway-2-bikes-platform\/"]}]},{"@type":"ImageObject","inLanguage":"de","@id":"https:\/\/shop.bantam.ch\/de\/produkt\/fahrradtraeger-outway-2-bikes-platform\/#primaryimage","url":"https:\/\/shop.bantam.ch\/wp-content\/uploads\/2023\/02\/993806212.jpg","contentUrl":"https:\/\/shop.bantam.ch\/wp-content\/uploads\/2023\/02\/993806212.jpg","width":1000,"height":707},{"@type":"BreadcrumbList","@id":"https:\/\/shop.bantam.ch\/de\/produkt\/fahrradtraeger-outway-2-bikes-platform\/#breadcrumb","itemListElement":[{"@type":"ListItem","position":1,"name":"Accueil","item":"https:\/\/shop.bantam.ch\/de\/"},{"@type":"ListItem","position":2,"name":"Shop","item":"https:\/\/shop.bantam.ch\/de\/shop\/"},{"@type":"ListItem","position":3,"name":"Fahrradtr\u00e4ger THULE Outway 2-Bikes Platform Traglast 30 kg"}]},{"@type":"WebSite","@id":"https:\/\/shop.bantam.ch\/de\/#website","url":"https:\/\/shop.bantam.ch\/de\/","name":"Bantam Camping AG","description":"","publisher":{"@id":"https:\/\/shop.bantam.ch\/de\/#organization"},"inLanguage":"de"},{"@type":"Organization","@id":"https:\/\/shop.bantam.ch\/de\/#organization","name":"Bantam Camping AG","url":"https:\/\/shop.bantam.ch\/de\/","logo":{"@type":"ImageObject","inLanguage":"de","@id":"https:\/\/shop.bantam.ch\/de\/#\/schema\/logo\/image\/","url":"https:\/\/shop.bantam.ch\/wp-content\/uploads\/2022\/12\/bantam-logo.png","contentUrl":"https:\/\/shop.bantam.ch\/wp-content\/uploads\/2022\/12\/bantam-logo.png","width":320,"height":71,"caption":"Bantam Camping AG"},"image":{"@id":"https:\/\/shop.bantam.ch\/de\/#\/schema\/logo\/image\/"}}]}},"_links":{"self":[{"href":"https:\/\/shop.bantam.ch\/de\/wp-json\/wp\/v2\/product\/110222","targetHints":{"allow":["GET"]}}],"collection":[{"href":"https:\/\/shop.bantam.ch\/de\/wp-json\/wp\/v2\/product"}],"about":[{"href":"https:\/\/shop.bantam.ch\/de\/wp-json\/wp\/v2\/types\/product"}],"wp:featuredmedia":[{"embeddable":true,"href":"https:\/\/shop.bantam.ch\/de\/wp-json\/wp\/v2\/media\/110208"}],"wp:attachment":[{"href":"https:\/\/shop.bantam.ch\/de\/wp-json\/wp\/v2\/media?parent=110222"}],"wp:term":[{"taxonomy":"product_featured_cat","embeddable":true,"href":"https:\/\/shop.bantam.ch\/de\/wp-json\/wp\/v2\/product_featured_cat?post=110222"},{"taxonomy":"product_brand","embeddable":true,"href":"https:\/\/shop.bantam.ch\/de\/wp-json\/wp\/v2\/product_brand?post=110222"},{"taxonomy":"product_cat","embeddable":true,"href":"https:\/\/shop.bantam.ch\/de\/wp-json\/wp\/v2\/product_cat?post=110222"},{"taxonomy":"product_tag","embeddable":true,"href":"https:\/\/shop.bantam.ch\/de\/wp-json\/wp\/v2\/product_tag?post=110222"}],"curies":[{"name":"wp","href":"https:\/\/api.w.org\/{rel}","templated":true}]}}