{"id":110186,"date":"2023-02-28T20:17:59","date_gmt":"2023-02-28T19:17:59","guid":{"rendered":"https:\/\/shop.bantam.ch\/produit\/gasboiler-expanse-8l-unterflurverbau\/"},"modified":"2026-04-17T23:11:51","modified_gmt":"2026-04-17T21:11:51","slug":"gasboiler-expanse-8l-unterflurverbau","status":"publish","type":"product","link":"https:\/\/shop.bantam.ch\/de\/produkt\/gasboiler-expanse-8l-unterflurverbau\/","title":{"rendered":"Gasboiler EXPANSE 8L Unterflurverbau"},"content":{"rendered":"<p>Der Whale Expanse Gasboiler ist in vier verschiedenen Versionen erh\u00e4ltlich, Gas und Gas\/Elektrik sowie Onboard- und Unterflurinstallation. Der Expanse Gasboiler zeichnet sich durch marktf\u00fchrende Aufheizzeiten, geringes Gewicht und maximale Flexibilit\u00e4t bei Installation aus.<\/p>\n<p>Lieferumfang:<\/p>\n<ul>\n<li>Inklusive 8 Liter Gasboiler mit 12 mm Wasseranschl\u00fcssen<\/li>\n<li>Koaxiales Rohr f\u00fcr Brennluft und Abgas mit Halterungen und Endst\u00fcck<\/li>\n<li>Ventil zur Unterst\u00fctzung des Ablassen von Wasser<\/li>\n<li>Bedienelement mit 7m Verbindungskabel<\/li>\n<li>Installations- und Betriebsanleitung<\/li>\n<\/ul>\n<p>Gas- und Wasserleitungen sind nicht im Lieferumfang enthalten<\/p>\n","protected":false},"excerpt":{"rendered":"<p>Der Whale Expanse Gasboiler ist in vier verschiedenen Versionen erh\u00e4ltlich, Gas und Gas\/Elektrik sowie Onboard- und Unterflurinstallation. Der Expanse Gasboiler zeichnet sich durch marktf\u00fchrende Aufheizzeiten, geringes Gewicht und maximale Flexibilit\u00e4t bei Installation aus. Lieferumfang: Inklusive 8 Liter Gasboiler mit 12 mm Wasseranschl\u00fcssen Koaxiales Rohr f\u00fcr Brennluft und Abgas mit Halterungen und Endst\u00fcck Ventil zur Unterst\u00fctzung [&hellip;]<\/p>\n","protected":false},"featured_media":110176,"template":"","meta":{"_acf_changed":false},"product_featured_cat":[],"product_brand":[3569],"product_cat":[4586],"product_tag":[],"class_list":{"0":"post-110186","1":"product","2":"type-product","3":"status-publish","4":"has-post-thumbnail","6":"product_brand-whale-de","7":"product_cat-gasboiler","9":"first","10":"instock","11":"taxable","12":"shipping-taxable","13":"purchasable","14":"product-type-variable"},"acf":[],"yoast_head":"<!-- This site is optimized with the Yoast SEO plugin v27.4 - https:\/\/yoast.com\/product\/yoast-seo-wordpress\/ -->\n<title>Gasboiler EXPANSE 8L Unterflurverbau - Bantam Camping AG<\/title>\n<meta name=\"robots\" content=\"index, follow, max-snippet:-1, max-image-preview:large, max-video-preview:-1\" \/>\n<link rel=\"canonical\" href=\"https:\/\/shop.bantam.ch\/de\/produkt\/gasboiler-expanse-8l-unterflurverbau\/\" \/>\n<meta property=\"og:locale\" content=\"de_DE\" \/>\n<meta property=\"og:type\" content=\"article\" \/>\n<meta property=\"og:title\" content=\"Gasboiler EXPANSE 8L Unterflurverbau - Bantam Camping AG\" \/>\n<meta property=\"og:description\" content=\"Der Whale Expanse Gasboiler ist in vier verschiedenen Versionen erh\u00e4ltlich, Gas und Gas\/Elektrik sowie Onboard- und Unterflurinstallation. Der Expanse Gasboiler zeichnet sich durch marktf\u00fchrende Aufheizzeiten, geringes Gewicht und maximale Flexibilit\u00e4t bei Installation aus. Lieferumfang: Inklusive 8 Liter Gasboiler mit 12 mm Wasseranschl\u00fcssen Koaxiales Rohr f\u00fcr Brennluft und Abgas mit Halterungen und Endst\u00fcck Ventil zur Unterst\u00fctzung [&hellip;]\" \/>\n<meta property=\"og:url\" content=\"https:\/\/shop.bantam.ch\/de\/produkt\/gasboiler-expanse-8l-unterflurverbau\/\" \/>\n<meta property=\"og:site_name\" content=\"Bantam Camping AG\" \/>\n<meta property=\"article:modified_time\" content=\"2026-04-17T21:11:51+00:00\" \/>\n<meta property=\"og:image\" content=\"https:\/\/shop.bantam.ch\/wp-content\/uploads\/2023\/02\/996118411.jpg\" \/>\n\t<meta property=\"og:image:width\" content=\"1000\" \/>\n\t<meta property=\"og:image:height\" content=\"790\" \/>\n\t<meta property=\"og:image:type\" content=\"image\/jpeg\" \/>\n<meta name=\"twitter:card\" content=\"summary_large_image\" \/>\n<script type=\"application\/ld+json\" class=\"yoast-schema-graph\">{\"@context\":\"https:\\\/\\\/schema.org\",\"@graph\":[{\"@type\":\"WebPage\",\"@id\":\"https:\\\/\\\/shop.bantam.ch\\\/de\\\/produkt\\\/gasboiler-expanse-8l-unterflurverbau\\\/\",\"url\":\"https:\\\/\\\/shop.bantam.ch\\\/de\\\/produkt\\\/gasboiler-expanse-8l-unterflurverbau\\\/\",\"name\":\"Gasboiler EXPANSE 8L Unterflurverbau - Bantam Camping AG\",\"isPartOf\":{\"@id\":\"https:\\\/\\\/shop.bantam.ch\\\/de\\\/#website\"},\"primaryImageOfPage\":{\"@id\":\"https:\\\/\\\/shop.bantam.ch\\\/de\\\/produkt\\\/gasboiler-expanse-8l-unterflurverbau\\\/#primaryimage\"},\"image\":{\"@id\":\"https:\\\/\\\/shop.bantam.ch\\\/de\\\/produkt\\\/gasboiler-expanse-8l-unterflurverbau\\\/#primaryimage\"},\"thumbnailUrl\":\"https:\\\/\\\/shop.bantam.ch\\\/wp-content\\\/uploads\\\/2023\\\/02\\\/996118411.jpg\",\"datePublished\":\"2023-02-28T19:17:59+00:00\",\"dateModified\":\"2026-04-17T21:11:51+00:00\",\"breadcrumb\":{\"@id\":\"https:\\\/\\\/shop.bantam.ch\\\/de\\\/produkt\\\/gasboiler-expanse-8l-unterflurverbau\\\/#breadcrumb\"},\"inLanguage\":\"de\",\"potentialAction\":[{\"@type\":\"ReadAction\",\"target\":[\"https:\\\/\\\/shop.bantam.ch\\\/de\\\/produkt\\\/gasboiler-expanse-8l-unterflurverbau\\\/\"]}]},{\"@type\":\"ImageObject\",\"inLanguage\":\"de\",\"@id\":\"https:\\\/\\\/shop.bantam.ch\\\/de\\\/produkt\\\/gasboiler-expanse-8l-unterflurverbau\\\/#primaryimage\",\"url\":\"https:\\\/\\\/shop.bantam.ch\\\/wp-content\\\/uploads\\\/2023\\\/02\\\/996118411.jpg\",\"contentUrl\":\"https:\\\/\\\/shop.bantam.ch\\\/wp-content\\\/uploads\\\/2023\\\/02\\\/996118411.jpg\",\"width\":1000,\"height\":790},{\"@type\":\"BreadcrumbList\",\"@id\":\"https:\\\/\\\/shop.bantam.ch\\\/de\\\/produkt\\\/gasboiler-expanse-8l-unterflurverbau\\\/#breadcrumb\",\"itemListElement\":[{\"@type\":\"ListItem\",\"position\":1,\"name\":\"Accueil\",\"item\":\"https:\\\/\\\/shop.bantam.ch\\\/de\\\/\"},{\"@type\":\"ListItem\",\"position\":2,\"name\":\"Shop\",\"item\":\"https:\\\/\\\/shop.bantam.ch\\\/de\\\/shop\\\/\"},{\"@type\":\"ListItem\",\"position\":3,\"name\":\"Gasboiler EXPANSE 8L Unterflurverbau\"}]},{\"@type\":\"WebSite\",\"@id\":\"https:\\\/\\\/shop.bantam.ch\\\/de\\\/#website\",\"url\":\"https:\\\/\\\/shop.bantam.ch\\\/de\\\/\",\"name\":\"Bantam Camping AG\",\"description\":\"\",\"publisher\":{\"@id\":\"https:\\\/\\\/shop.bantam.ch\\\/de\\\/#organization\"},\"inLanguage\":\"de\"},{\"@type\":\"Organization\",\"@id\":\"https:\\\/\\\/shop.bantam.ch\\\/de\\\/#organization\",\"name\":\"Bantam Camping AG\",\"url\":\"https:\\\/\\\/shop.bantam.ch\\\/de\\\/\",\"logo\":{\"@type\":\"ImageObject\",\"inLanguage\":\"de\",\"@id\":\"https:\\\/\\\/shop.bantam.ch\\\/de\\\/#\\\/schema\\\/logo\\\/image\\\/\",\"url\":\"https:\\\/\\\/shop.bantam.ch\\\/wp-content\\\/uploads\\\/2022\\\/12\\\/bantam-logo.png\",\"contentUrl\":\"https:\\\/\\\/shop.bantam.ch\\\/wp-content\\\/uploads\\\/2022\\\/12\\\/bantam-logo.png\",\"width\":320,\"height\":71,\"caption\":\"Bantam Camping AG\"},\"image\":{\"@id\":\"https:\\\/\\\/shop.bantam.ch\\\/de\\\/#\\\/schema\\\/logo\\\/image\\\/\"}}]}<\/script>\n<!-- \/ Yoast SEO plugin. -->","yoast_head_json":{"title":"Gasboiler EXPANSE 8L Unterflurverbau - Bantam Camping AG","robots":{"index":"index","follow":"follow","max-snippet":"max-snippet:-1","max-image-preview":"max-image-preview:large","max-video-preview":"max-video-preview:-1"},"canonical":"https:\/\/shop.bantam.ch\/de\/produkt\/gasboiler-expanse-8l-unterflurverbau\/","og_locale":"de_DE","og_type":"article","og_title":"Gasboiler EXPANSE 8L Unterflurverbau - Bantam Camping AG","og_description":"Der Whale Expanse Gasboiler ist in vier verschiedenen Versionen erh\u00e4ltlich, Gas und Gas\/Elektrik sowie Onboard- und Unterflurinstallation. Der Expanse Gasboiler zeichnet sich durch marktf\u00fchrende Aufheizzeiten, geringes Gewicht und maximale Flexibilit\u00e4t bei Installation aus. Lieferumfang: Inklusive 8 Liter Gasboiler mit 12 mm Wasseranschl\u00fcssen Koaxiales Rohr f\u00fcr Brennluft und Abgas mit Halterungen und Endst\u00fcck Ventil zur Unterst\u00fctzung [&hellip;]","og_url":"https:\/\/shop.bantam.ch\/de\/produkt\/gasboiler-expanse-8l-unterflurverbau\/","og_site_name":"Bantam Camping AG","article_modified_time":"2026-04-17T21:11:51+00:00","og_image":[{"width":1000,"height":790,"url":"https:\/\/shop.bantam.ch\/wp-content\/uploads\/2023\/02\/996118411.jpg","type":"image\/jpeg"}],"twitter_card":"summary_large_image","schema":{"@context":"https:\/\/schema.org","@graph":[{"@type":"WebPage","@id":"https:\/\/shop.bantam.ch\/de\/produkt\/gasboiler-expanse-8l-unterflurverbau\/","url":"https:\/\/shop.bantam.ch\/de\/produkt\/gasboiler-expanse-8l-unterflurverbau\/","name":"Gasboiler EXPANSE 8L Unterflurverbau - Bantam Camping AG","isPartOf":{"@id":"https:\/\/shop.bantam.ch\/de\/#website"},"primaryImageOfPage":{"@id":"https:\/\/shop.bantam.ch\/de\/produkt\/gasboiler-expanse-8l-unterflurverbau\/#primaryimage"},"image":{"@id":"https:\/\/shop.bantam.ch\/de\/produkt\/gasboiler-expanse-8l-unterflurverbau\/#primaryimage"},"thumbnailUrl":"https:\/\/shop.bantam.ch\/wp-content\/uploads\/2023\/02\/996118411.jpg","datePublished":"2023-02-28T19:17:59+00:00","dateModified":"2026-04-17T21:11:51+00:00","breadcrumb":{"@id":"https:\/\/shop.bantam.ch\/de\/produkt\/gasboiler-expanse-8l-unterflurverbau\/#breadcrumb"},"inLanguage":"de","potentialAction":[{"@type":"ReadAction","target":["https:\/\/shop.bantam.ch\/de\/produkt\/gasboiler-expanse-8l-unterflurverbau\/"]}]},{"@type":"ImageObject","inLanguage":"de","@id":"https:\/\/shop.bantam.ch\/de\/produkt\/gasboiler-expanse-8l-unterflurverbau\/#primaryimage","url":"https:\/\/shop.bantam.ch\/wp-content\/uploads\/2023\/02\/996118411.jpg","contentUrl":"https:\/\/shop.bantam.ch\/wp-content\/uploads\/2023\/02\/996118411.jpg","width":1000,"height":790},{"@type":"BreadcrumbList","@id":"https:\/\/shop.bantam.ch\/de\/produkt\/gasboiler-expanse-8l-unterflurverbau\/#breadcrumb","itemListElement":[{"@type":"ListItem","position":1,"name":"Accueil","item":"https:\/\/shop.bantam.ch\/de\/"},{"@type":"ListItem","position":2,"name":"Shop","item":"https:\/\/shop.bantam.ch\/de\/shop\/"},{"@type":"ListItem","position":3,"name":"Gasboiler EXPANSE 8L Unterflurverbau"}]},{"@type":"WebSite","@id":"https:\/\/shop.bantam.ch\/de\/#website","url":"https:\/\/shop.bantam.ch\/de\/","name":"Bantam Camping AG","description":"","publisher":{"@id":"https:\/\/shop.bantam.ch\/de\/#organization"},"inLanguage":"de"},{"@type":"Organization","@id":"https:\/\/shop.bantam.ch\/de\/#organization","name":"Bantam Camping AG","url":"https:\/\/shop.bantam.ch\/de\/","logo":{"@type":"ImageObject","inLanguage":"de","@id":"https:\/\/shop.bantam.ch\/de\/#\/schema\/logo\/image\/","url":"https:\/\/shop.bantam.ch\/wp-content\/uploads\/2022\/12\/bantam-logo.png","contentUrl":"https:\/\/shop.bantam.ch\/wp-content\/uploads\/2022\/12\/bantam-logo.png","width":320,"height":71,"caption":"Bantam Camping AG"},"image":{"@id":"https:\/\/shop.bantam.ch\/de\/#\/schema\/logo\/image\/"}}]}},"_links":{"self":[{"href":"https:\/\/shop.bantam.ch\/de\/wp-json\/wp\/v2\/product\/110186","targetHints":{"allow":["GET"]}}],"collection":[{"href":"https:\/\/shop.bantam.ch\/de\/wp-json\/wp\/v2\/product"}],"about":[{"href":"https:\/\/shop.bantam.ch\/de\/wp-json\/wp\/v2\/types\/product"}],"wp:featuredmedia":[{"embeddable":true,"href":"https:\/\/shop.bantam.ch\/de\/wp-json\/wp\/v2\/media\/110176"}],"wp:attachment":[{"href":"https:\/\/shop.bantam.ch\/de\/wp-json\/wp\/v2\/media?parent=110186"}],"wp:term":[{"taxonomy":"product_featured_cat","embeddable":true,"href":"https:\/\/shop.bantam.ch\/de\/wp-json\/wp\/v2\/product_featured_cat?post=110186"},{"taxonomy":"product_brand","embeddable":true,"href":"https:\/\/shop.bantam.ch\/de\/wp-json\/wp\/v2\/product_brand?post=110186"},{"taxonomy":"product_cat","embeddable":true,"href":"https:\/\/shop.bantam.ch\/de\/wp-json\/wp\/v2\/product_cat?post=110186"},{"taxonomy":"product_tag","embeddable":true,"href":"https:\/\/shop.bantam.ch\/de\/wp-json\/wp\/v2\/product_tag?post=110186"}],"curies":[{"name":"wp","href":"https:\/\/api.w.org\/{rel}","templated":true}]}}