{"id":110126,"date":"2023-02-28T20:16:16","date_gmt":"2023-02-28T19:16:16","guid":{"rendered":"https:\/\/shop.bantam.ch\/produit\/zeltschrauben-set\/"},"modified":"2026-05-11T21:39:06","modified_gmt":"2026-05-11T19:39:06","slug":"zeltschrauben-set","status":"publish","type":"product","link":"https:\/\/shop.bantam.ch\/de\/produkt\/zeltschrauben-set\/","title":{"rendered":"Zeltschrauben Set SPAX"},"content":{"rendered":"<p>Die SPAX Zeltschraube f\u00fcr Aussenanwendung<\/p>\n<p><strong>Produktvorteile:<\/strong><\/p>\n<p><strong>Einfaches Eindrehen<\/strong><br \/>Kann mittels Akkuschrauber oder Handgriff (f\u00fcr Bits) eingedreht werden, kein Einschlagen notwendig.<\/p>\n<p><strong>Verbesserter Halt<\/strong><br \/>Durch das Gewinde weisen die Zeltschrauben einen h\u00f6heren Halt als herk\u00f6mmliche Heringe auf. Auch f\u00fcr h\u00e4rtere und steinige Untergr\u00fcnde. Durch die H\u00e4rtung der Schraube kann sie auch bei schwierigen Untergr\u00fcnden ohne Probleme verwendet werden.<\/p>\n<p><strong>Inklusive passenden Bits<\/strong><br \/>Um das Set direkt nutzen zu k\u00f6nnen, liegt jeweils sowohl ein T-STAR plus Bit T30 als auch ein T40 bei.<\/p>\n<p><strong>Einfaches Nachziehen<\/strong><br \/>Sollte sich die Schraube wider Erwarten l\u00f6sen, so kann sie ohne Probleme nachgezogen werden. In der Regel muss hierzu die Schraube nicht neu angesetzt werden.<\/p>\n<p><strong>Schnelle Montage<\/strong><br \/>L\u00e4sst sich ohne gro\u00dfen Kraftaufwand (sowohl mit Akkuschrauber als auch Handgriff) eindrehen.<\/p>\n<p><strong>System T-STAR plus<\/strong><br \/>T-STAR plus BIT in Kombination mit T-STAR plus Kraftangriff f\u00fcr bessere Kraft\u00fcbertragung und F\u00fchrung.<\/p>\n<p><strong>Abgestimmtes Sortiment<\/strong><br \/>Auf gro\u00dfe und kleine \u00d6sen ausgelegt. Durch Kunststoffscheibe werden Schlaufen Zeltbahnen gesch\u00fctzt (keine Reibungen beim Eindrehen).<\/p>\n<p>Lieferumfang Set bestehend aus:<br \/>12 x\u00a0 Tellerkopfschrauben 8 x 220 WIRRO<br \/>6 x Tellerkopfschrauben 6 x 160 WIROX<br \/>18 x Unterlegscheiben<br \/>1 x Bit T-STAR plus T 30<br \/>1 x Bit T-STAR plus T 40<\/p>\n","protected":false},"excerpt":{"rendered":"<p>Die SPAX Zeltschraube f\u00fcr Aussenanwendung Produktvorteile: Einfaches EindrehenKann mittels Akkuschrauber oder Handgriff (f\u00fcr Bits) eingedreht werden, kein Einschlagen notwendig. Verbesserter HaltDurch das Gewinde weisen die Zeltschrauben einen h\u00f6heren Halt als herk\u00f6mmliche Heringe auf. Auch f\u00fcr h\u00e4rtere und steinige Untergr\u00fcnde. Durch die H\u00e4rtung der Schraube kann sie auch bei schwierigen Untergr\u00fcnden ohne Probleme verwendet werden. Inklusive [&hellip;]<\/p>\n","protected":false},"featured_media":110120,"template":"","meta":{"_acf_changed":false},"product_featured_cat":[],"product_brand":[3567],"product_cat":[4254],"product_tag":[],"class_list":{"0":"post-110126","1":"product","2":"type-product","3":"status-publish","4":"has-post-thumbnail","6":"product_brand-spax-de","7":"product_cat-aufbau-zubehoer","9":"first","10":"instock","11":"taxable","12":"shipping-taxable","13":"purchasable","14":"product-type-simple"},"acf":[],"yoast_head":"<!-- This site is optimized with the Yoast SEO plugin v27.5 - https:\/\/yoast.com\/product\/yoast-seo-wordpress\/ -->\n<title>Zeltschrauben Set SPAX - Bantam<\/title>\n<meta name=\"robots\" content=\"index, follow, max-snippet:-1, max-image-preview:large, max-video-preview:-1\" \/>\n<link rel=\"canonical\" href=\"https:\/\/shop.bantam.ch\/de\/produkt\/zeltschrauben-set\/\" \/>\n<meta property=\"og:locale\" content=\"de_DE\" \/>\n<meta property=\"og:type\" content=\"article\" \/>\n<meta property=\"og:title\" content=\"Zeltschrauben Set SPAX - Bantam\" \/>\n<meta property=\"og:description\" content=\"Die SPAX Zeltschraube f\u00fcr Aussenanwendung Produktvorteile: Einfaches EindrehenKann mittels Akkuschrauber oder Handgriff (f\u00fcr Bits) eingedreht werden, kein Einschlagen notwendig. Verbesserter HaltDurch das Gewinde weisen die Zeltschrauben einen h\u00f6heren Halt als herk\u00f6mmliche Heringe auf. Auch f\u00fcr h\u00e4rtere und steinige Untergr\u00fcnde. Durch die H\u00e4rtung der Schraube kann sie auch bei schwierigen Untergr\u00fcnden ohne Probleme verwendet werden. Inklusive [&hellip;]\" \/>\n<meta property=\"og:url\" content=\"https:\/\/shop.bantam.ch\/de\/produkt\/zeltschrauben-set\/\" \/>\n<meta property=\"og:site_name\" content=\"Bantam\" \/>\n<meta property=\"article:modified_time\" content=\"2026-05-11T19:39:06+00:00\" \/>\n<meta property=\"og:image\" content=\"https:\/\/shop.bantam.ch\/wp-content\/uploads\/2023\/02\/994405411.png\" \/>\n\t<meta property=\"og:image:width\" content=\"350\" \/>\n\t<meta property=\"og:image:height\" content=\"350\" \/>\n\t<meta property=\"og:image:type\" content=\"image\/png\" \/>\n<meta name=\"twitter:card\" content=\"summary_large_image\" \/>\n<meta name=\"twitter:label1\" content=\"Gesch\u00e4tzte Lesezeit\" \/>\n\t<meta name=\"twitter:data1\" content=\"1\u00a0Minute\" \/>\n<script type=\"application\/ld+json\" class=\"yoast-schema-graph\">{\"@context\":\"https:\\\/\\\/schema.org\",\"@graph\":[{\"@type\":\"WebPage\",\"@id\":\"https:\\\/\\\/shop.bantam.ch\\\/de\\\/produkt\\\/zeltschrauben-set\\\/\",\"url\":\"https:\\\/\\\/shop.bantam.ch\\\/de\\\/produkt\\\/zeltschrauben-set\\\/\",\"name\":\"Zeltschrauben Set SPAX - Bantam\",\"isPartOf\":{\"@id\":\"https:\\\/\\\/shop.bantam.ch\\\/de\\\/#website\"},\"primaryImageOfPage\":{\"@id\":\"https:\\\/\\\/shop.bantam.ch\\\/de\\\/produkt\\\/zeltschrauben-set\\\/#primaryimage\"},\"image\":{\"@id\":\"https:\\\/\\\/shop.bantam.ch\\\/de\\\/produkt\\\/zeltschrauben-set\\\/#primaryimage\"},\"thumbnailUrl\":\"https:\\\/\\\/shop.bantam.ch\\\/wp-content\\\/uploads\\\/2023\\\/02\\\/994405411.png\",\"datePublished\":\"2023-02-28T19:16:16+00:00\",\"dateModified\":\"2026-05-11T19:39:06+00:00\",\"breadcrumb\":{\"@id\":\"https:\\\/\\\/shop.bantam.ch\\\/de\\\/produkt\\\/zeltschrauben-set\\\/#breadcrumb\"},\"inLanguage\":\"de\",\"potentialAction\":[{\"@type\":\"ReadAction\",\"target\":[\"https:\\\/\\\/shop.bantam.ch\\\/de\\\/produkt\\\/zeltschrauben-set\\\/\"]}]},{\"@type\":\"ImageObject\",\"inLanguage\":\"de\",\"@id\":\"https:\\\/\\\/shop.bantam.ch\\\/de\\\/produkt\\\/zeltschrauben-set\\\/#primaryimage\",\"url\":\"https:\\\/\\\/shop.bantam.ch\\\/wp-content\\\/uploads\\\/2023\\\/02\\\/994405411.png\",\"contentUrl\":\"https:\\\/\\\/shop.bantam.ch\\\/wp-content\\\/uploads\\\/2023\\\/02\\\/994405411.png\",\"width\":350,\"height\":350},{\"@type\":\"BreadcrumbList\",\"@id\":\"https:\\\/\\\/shop.bantam.ch\\\/de\\\/produkt\\\/zeltschrauben-set\\\/#breadcrumb\",\"itemListElement\":[{\"@type\":\"ListItem\",\"position\":1,\"name\":\"Accueil\",\"item\":\"https:\\\/\\\/shop.bantam.ch\\\/de\\\/\"},{\"@type\":\"ListItem\",\"position\":2,\"name\":\"Shop\",\"item\":\"https:\\\/\\\/shop.bantam.ch\\\/de\\\/shop\\\/\"},{\"@type\":\"ListItem\",\"position\":3,\"name\":\"Zeltschrauben Set SPAX\"}]},{\"@type\":\"WebSite\",\"@id\":\"https:\\\/\\\/shop.bantam.ch\\\/de\\\/#website\",\"url\":\"https:\\\/\\\/shop.bantam.ch\\\/de\\\/\",\"name\":\"Bantam\",\"description\":\"\",\"publisher\":{\"@id\":\"https:\\\/\\\/shop.bantam.ch\\\/de\\\/#organization\"},\"inLanguage\":\"de\"},{\"@type\":\"Organization\",\"@id\":\"https:\\\/\\\/shop.bantam.ch\\\/de\\\/#organization\",\"name\":\"Bantam\",\"url\":\"https:\\\/\\\/shop.bantam.ch\\\/de\\\/\",\"logo\":{\"@type\":\"ImageObject\",\"inLanguage\":\"de\",\"@id\":\"https:\\\/\\\/shop.bantam.ch\\\/de\\\/#\\\/schema\\\/logo\\\/image\\\/\",\"url\":\"https:\\\/\\\/shop.bantam.ch\\\/wp-content\\\/uploads\\\/2022\\\/12\\\/bantam-logo.png\",\"contentUrl\":\"https:\\\/\\\/shop.bantam.ch\\\/wp-content\\\/uploads\\\/2022\\\/12\\\/bantam-logo.png\",\"width\":320,\"height\":71,\"caption\":\"Bantam\"},\"image\":{\"@id\":\"https:\\\/\\\/shop.bantam.ch\\\/de\\\/#\\\/schema\\\/logo\\\/image\\\/\"}}]}<\/script>\n<!-- \/ Yoast SEO plugin. -->","yoast_head_json":{"title":"Zeltschrauben Set SPAX - Bantam","robots":{"index":"index","follow":"follow","max-snippet":"max-snippet:-1","max-image-preview":"max-image-preview:large","max-video-preview":"max-video-preview:-1"},"canonical":"https:\/\/shop.bantam.ch\/de\/produkt\/zeltschrauben-set\/","og_locale":"de_DE","og_type":"article","og_title":"Zeltschrauben Set SPAX - Bantam","og_description":"Die SPAX Zeltschraube f\u00fcr Aussenanwendung Produktvorteile: Einfaches EindrehenKann mittels Akkuschrauber oder Handgriff (f\u00fcr Bits) eingedreht werden, kein Einschlagen notwendig. Verbesserter HaltDurch das Gewinde weisen die Zeltschrauben einen h\u00f6heren Halt als herk\u00f6mmliche Heringe auf. Auch f\u00fcr h\u00e4rtere und steinige Untergr\u00fcnde. Durch die H\u00e4rtung der Schraube kann sie auch bei schwierigen Untergr\u00fcnden ohne Probleme verwendet werden. Inklusive [&hellip;]","og_url":"https:\/\/shop.bantam.ch\/de\/produkt\/zeltschrauben-set\/","og_site_name":"Bantam","article_modified_time":"2026-05-11T19:39:06+00:00","og_image":[{"width":350,"height":350,"url":"https:\/\/shop.bantam.ch\/wp-content\/uploads\/2023\/02\/994405411.png","type":"image\/png"}],"twitter_card":"summary_large_image","twitter_misc":{"Gesch\u00e4tzte Lesezeit":"1\u00a0Minute"},"schema":{"@context":"https:\/\/schema.org","@graph":[{"@type":"WebPage","@id":"https:\/\/shop.bantam.ch\/de\/produkt\/zeltschrauben-set\/","url":"https:\/\/shop.bantam.ch\/de\/produkt\/zeltschrauben-set\/","name":"Zeltschrauben Set SPAX - Bantam","isPartOf":{"@id":"https:\/\/shop.bantam.ch\/de\/#website"},"primaryImageOfPage":{"@id":"https:\/\/shop.bantam.ch\/de\/produkt\/zeltschrauben-set\/#primaryimage"},"image":{"@id":"https:\/\/shop.bantam.ch\/de\/produkt\/zeltschrauben-set\/#primaryimage"},"thumbnailUrl":"https:\/\/shop.bantam.ch\/wp-content\/uploads\/2023\/02\/994405411.png","datePublished":"2023-02-28T19:16:16+00:00","dateModified":"2026-05-11T19:39:06+00:00","breadcrumb":{"@id":"https:\/\/shop.bantam.ch\/de\/produkt\/zeltschrauben-set\/#breadcrumb"},"inLanguage":"de","potentialAction":[{"@type":"ReadAction","target":["https:\/\/shop.bantam.ch\/de\/produkt\/zeltschrauben-set\/"]}]},{"@type":"ImageObject","inLanguage":"de","@id":"https:\/\/shop.bantam.ch\/de\/produkt\/zeltschrauben-set\/#primaryimage","url":"https:\/\/shop.bantam.ch\/wp-content\/uploads\/2023\/02\/994405411.png","contentUrl":"https:\/\/shop.bantam.ch\/wp-content\/uploads\/2023\/02\/994405411.png","width":350,"height":350},{"@type":"BreadcrumbList","@id":"https:\/\/shop.bantam.ch\/de\/produkt\/zeltschrauben-set\/#breadcrumb","itemListElement":[{"@type":"ListItem","position":1,"name":"Accueil","item":"https:\/\/shop.bantam.ch\/de\/"},{"@type":"ListItem","position":2,"name":"Shop","item":"https:\/\/shop.bantam.ch\/de\/shop\/"},{"@type":"ListItem","position":3,"name":"Zeltschrauben Set SPAX"}]},{"@type":"WebSite","@id":"https:\/\/shop.bantam.ch\/de\/#website","url":"https:\/\/shop.bantam.ch\/de\/","name":"Bantam","description":"","publisher":{"@id":"https:\/\/shop.bantam.ch\/de\/#organization"},"inLanguage":"de"},{"@type":"Organization","@id":"https:\/\/shop.bantam.ch\/de\/#organization","name":"Bantam","url":"https:\/\/shop.bantam.ch\/de\/","logo":{"@type":"ImageObject","inLanguage":"de","@id":"https:\/\/shop.bantam.ch\/de\/#\/schema\/logo\/image\/","url":"https:\/\/shop.bantam.ch\/wp-content\/uploads\/2022\/12\/bantam-logo.png","contentUrl":"https:\/\/shop.bantam.ch\/wp-content\/uploads\/2022\/12\/bantam-logo.png","width":320,"height":71,"caption":"Bantam"},"image":{"@id":"https:\/\/shop.bantam.ch\/de\/#\/schema\/logo\/image\/"}}]}},"_links":{"self":[{"href":"https:\/\/shop.bantam.ch\/de\/wp-json\/wp\/v2\/product\/110126","targetHints":{"allow":["GET"]}}],"collection":[{"href":"https:\/\/shop.bantam.ch\/de\/wp-json\/wp\/v2\/product"}],"about":[{"href":"https:\/\/shop.bantam.ch\/de\/wp-json\/wp\/v2\/types\/product"}],"wp:featuredmedia":[{"embeddable":true,"href":"https:\/\/shop.bantam.ch\/de\/wp-json\/wp\/v2\/media\/110120"}],"wp:attachment":[{"href":"https:\/\/shop.bantam.ch\/de\/wp-json\/wp\/v2\/media?parent=110126"}],"wp:term":[{"taxonomy":"product_featured_cat","embeddable":true,"href":"https:\/\/shop.bantam.ch\/de\/wp-json\/wp\/v2\/product_featured_cat?post=110126"},{"taxonomy":"product_brand","embeddable":true,"href":"https:\/\/shop.bantam.ch\/de\/wp-json\/wp\/v2\/product_brand?post=110126"},{"taxonomy":"product_cat","embeddable":true,"href":"https:\/\/shop.bantam.ch\/de\/wp-json\/wp\/v2\/product_cat?post=110126"},{"taxonomy":"product_tag","embeddable":true,"href":"https:\/\/shop.bantam.ch\/de\/wp-json\/wp\/v2\/product_tag?post=110126"}],"curies":[{"name":"wp","href":"https:\/\/api.w.org\/{rel}","templated":true}]}}