{"id":109921,"date":"2023-02-28T20:11:24","date_gmt":"2023-02-28T19:11:24","guid":{"rendered":"https:\/\/shop.bantam.ch\/produit\/vorzeltverlaengerung-schal-mit-reissverschluss-von-vorzelt-desert-i-grau\/"},"modified":"2026-04-17T23:11:43","modified_gmt":"2026-04-17T21:11:43","slug":"vorzeltverlaengerung-schal-mit-reissverschluss-von-vorzelt-desert-i-grau","status":"publish","type":"product","link":"https:\/\/shop.bantam.ch\/de\/produkt\/vorzeltverlaengerung-schal-mit-reissverschluss-von-vorzelt-desert-i-grau\/","title":{"rendered":"Vorzeltverl\u00e4ngerung Schal mit Rei\u00dfverschluss von Vorzelt Desert I, grau"},"content":{"rendered":"<p>Die Vorzeltverl\u00e4ngerung f\u00fcr das Desert\u00a0 ist speziell f\u00fcr h\u00f6here Fahrzeuge ausgelegt, damit das Vorzelt komplett bis zum Boden abschlie\u00dft und keine L\u00fccke entsteht.<br \/>Der Stoff ist spritzwasserresistent und besteht aus PVC. Die Vorzeltverl\u00e4ngerung\u00a0hat eine H\u00f6he von 20 cm.<\/p>\n<p>Material:<br \/>100 % PVC<\/p>\n","protected":false},"excerpt":{"rendered":"<p>Die Vorzeltverl\u00e4ngerung f\u00fcr das Desert\u00a0 ist speziell f\u00fcr h\u00f6here Fahrzeuge ausgelegt, damit das Vorzelt komplett bis zum Boden abschlie\u00dft und keine L\u00fccke entsteht.Der Stoff ist spritzwasserresistent und besteht aus PVC. Die Vorzeltverl\u00e4ngerung\u00a0hat eine H\u00f6he von 20 cm. Material:100 % PVC<\/p>\n","protected":false},"featured_media":109906,"template":"","meta":{"_acf_changed":false},"product_featured_cat":[],"product_brand":[3509],"product_cat":[4244],"product_tag":[],"class_list":{"0":"post-109921","1":"product","2":"type-product","3":"status-publish","4":"has-post-thumbnail","6":"product_brand-horntools-de","7":"product_cat-dachzelte","9":"first","10":"instock","11":"taxable","12":"shipping-taxable","13":"purchasable","14":"product-type-variable"},"acf":[],"yoast_head":"<!-- This site is optimized with the Yoast SEO plugin v27.4 - https:\/\/yoast.com\/product\/yoast-seo-wordpress\/ -->\n<title>Vorzeltverl\u00e4ngerung Schal mit Rei\u00dfverschluss von Vorzelt Desert I, grau - Bantam Camping AG<\/title>\n<meta name=\"robots\" content=\"index, follow, max-snippet:-1, max-image-preview:large, max-video-preview:-1\" \/>\n<link rel=\"canonical\" href=\"https:\/\/shop.bantam.ch\/de\/produkt\/vorzeltverlaengerung-schal-mit-reissverschluss-von-vorzelt-desert-i-grau\/\" \/>\n<meta property=\"og:locale\" content=\"de_DE\" \/>\n<meta property=\"og:type\" content=\"article\" \/>\n<meta property=\"og:title\" content=\"Vorzeltverl\u00e4ngerung Schal mit Rei\u00dfverschluss von Vorzelt Desert I, grau - Bantam Camping AG\" \/>\n<meta property=\"og:description\" content=\"Die Vorzeltverl\u00e4ngerung f\u00fcr das Desert\u00a0 ist speziell f\u00fcr h\u00f6here Fahrzeuge ausgelegt, damit das Vorzelt komplett bis zum Boden abschlie\u00dft und keine L\u00fccke entsteht.Der Stoff ist spritzwasserresistent und besteht aus PVC. Die Vorzeltverl\u00e4ngerung\u00a0hat eine H\u00f6he von 20 cm. Material:100 % PVC\" \/>\n<meta property=\"og:url\" content=\"https:\/\/shop.bantam.ch\/de\/produkt\/vorzeltverlaengerung-schal-mit-reissverschluss-von-vorzelt-desert-i-grau\/\" \/>\n<meta property=\"og:site_name\" content=\"Bantam Camping AG\" \/>\n<meta property=\"article:modified_time\" content=\"2026-04-17T21:11:43+00:00\" \/>\n<meta property=\"og:image\" content=\"https:\/\/shop.bantam.ch\/wp-content\/uploads\/2023\/02\/9970605100.jpg\" \/>\n\t<meta property=\"og:image:width\" content=\"2000\" \/>\n\t<meta property=\"og:image:height\" content=\"1622\" \/>\n\t<meta property=\"og:image:type\" content=\"image\/jpeg\" \/>\n<meta name=\"twitter:card\" content=\"summary_large_image\" \/>\n<script type=\"application\/ld+json\" class=\"yoast-schema-graph\">{\"@context\":\"https:\\\/\\\/schema.org\",\"@graph\":[{\"@type\":\"WebPage\",\"@id\":\"https:\\\/\\\/shop.bantam.ch\\\/de\\\/produkt\\\/vorzeltverlaengerung-schal-mit-reissverschluss-von-vorzelt-desert-i-grau\\\/\",\"url\":\"https:\\\/\\\/shop.bantam.ch\\\/de\\\/produkt\\\/vorzeltverlaengerung-schal-mit-reissverschluss-von-vorzelt-desert-i-grau\\\/\",\"name\":\"Vorzeltverl\u00e4ngerung Schal mit Rei\u00dfverschluss von Vorzelt Desert I, grau - Bantam Camping AG\",\"isPartOf\":{\"@id\":\"https:\\\/\\\/shop.bantam.ch\\\/de\\\/#website\"},\"primaryImageOfPage\":{\"@id\":\"https:\\\/\\\/shop.bantam.ch\\\/de\\\/produkt\\\/vorzeltverlaengerung-schal-mit-reissverschluss-von-vorzelt-desert-i-grau\\\/#primaryimage\"},\"image\":{\"@id\":\"https:\\\/\\\/shop.bantam.ch\\\/de\\\/produkt\\\/vorzeltverlaengerung-schal-mit-reissverschluss-von-vorzelt-desert-i-grau\\\/#primaryimage\"},\"thumbnailUrl\":\"https:\\\/\\\/shop.bantam.ch\\\/wp-content\\\/uploads\\\/2023\\\/02\\\/9970605100.jpg\",\"datePublished\":\"2023-02-28T19:11:24+00:00\",\"dateModified\":\"2026-04-17T21:11:43+00:00\",\"breadcrumb\":{\"@id\":\"https:\\\/\\\/shop.bantam.ch\\\/de\\\/produkt\\\/vorzeltverlaengerung-schal-mit-reissverschluss-von-vorzelt-desert-i-grau\\\/#breadcrumb\"},\"inLanguage\":\"de\",\"potentialAction\":[{\"@type\":\"ReadAction\",\"target\":[\"https:\\\/\\\/shop.bantam.ch\\\/de\\\/produkt\\\/vorzeltverlaengerung-schal-mit-reissverschluss-von-vorzelt-desert-i-grau\\\/\"]}]},{\"@type\":\"ImageObject\",\"inLanguage\":\"de\",\"@id\":\"https:\\\/\\\/shop.bantam.ch\\\/de\\\/produkt\\\/vorzeltverlaengerung-schal-mit-reissverschluss-von-vorzelt-desert-i-grau\\\/#primaryimage\",\"url\":\"https:\\\/\\\/shop.bantam.ch\\\/wp-content\\\/uploads\\\/2023\\\/02\\\/9970605100.jpg\",\"contentUrl\":\"https:\\\/\\\/shop.bantam.ch\\\/wp-content\\\/uploads\\\/2023\\\/02\\\/9970605100.jpg\",\"width\":2000,\"height\":1622},{\"@type\":\"BreadcrumbList\",\"@id\":\"https:\\\/\\\/shop.bantam.ch\\\/de\\\/produkt\\\/vorzeltverlaengerung-schal-mit-reissverschluss-von-vorzelt-desert-i-grau\\\/#breadcrumb\",\"itemListElement\":[{\"@type\":\"ListItem\",\"position\":1,\"name\":\"Accueil\",\"item\":\"https:\\\/\\\/shop.bantam.ch\\\/de\\\/\"},{\"@type\":\"ListItem\",\"position\":2,\"name\":\"Shop\",\"item\":\"https:\\\/\\\/shop.bantam.ch\\\/de\\\/shop\\\/\"},{\"@type\":\"ListItem\",\"position\":3,\"name\":\"Vorzeltverl\u00e4ngerung Schal mit Rei\u00dfverschluss von Vorzelt Desert I, grau\"}]},{\"@type\":\"WebSite\",\"@id\":\"https:\\\/\\\/shop.bantam.ch\\\/de\\\/#website\",\"url\":\"https:\\\/\\\/shop.bantam.ch\\\/de\\\/\",\"name\":\"Bantam Camping AG\",\"description\":\"\",\"publisher\":{\"@id\":\"https:\\\/\\\/shop.bantam.ch\\\/de\\\/#organization\"},\"inLanguage\":\"de\"},{\"@type\":\"Organization\",\"@id\":\"https:\\\/\\\/shop.bantam.ch\\\/de\\\/#organization\",\"name\":\"Bantam Camping AG\",\"url\":\"https:\\\/\\\/shop.bantam.ch\\\/de\\\/\",\"logo\":{\"@type\":\"ImageObject\",\"inLanguage\":\"de\",\"@id\":\"https:\\\/\\\/shop.bantam.ch\\\/de\\\/#\\\/schema\\\/logo\\\/image\\\/\",\"url\":\"https:\\\/\\\/shop.bantam.ch\\\/wp-content\\\/uploads\\\/2022\\\/12\\\/bantam-logo.png\",\"contentUrl\":\"https:\\\/\\\/shop.bantam.ch\\\/wp-content\\\/uploads\\\/2022\\\/12\\\/bantam-logo.png\",\"width\":320,\"height\":71,\"caption\":\"Bantam Camping AG\"},\"image\":{\"@id\":\"https:\\\/\\\/shop.bantam.ch\\\/de\\\/#\\\/schema\\\/logo\\\/image\\\/\"}}]}<\/script>\n<!-- \/ Yoast SEO plugin. -->","yoast_head_json":{"title":"Vorzeltverl\u00e4ngerung Schal mit Rei\u00dfverschluss von Vorzelt Desert I, grau - Bantam Camping AG","robots":{"index":"index","follow":"follow","max-snippet":"max-snippet:-1","max-image-preview":"max-image-preview:large","max-video-preview":"max-video-preview:-1"},"canonical":"https:\/\/shop.bantam.ch\/de\/produkt\/vorzeltverlaengerung-schal-mit-reissverschluss-von-vorzelt-desert-i-grau\/","og_locale":"de_DE","og_type":"article","og_title":"Vorzeltverl\u00e4ngerung Schal mit Rei\u00dfverschluss von Vorzelt Desert I, grau - Bantam Camping AG","og_description":"Die Vorzeltverl\u00e4ngerung f\u00fcr das Desert\u00a0 ist speziell f\u00fcr h\u00f6here Fahrzeuge ausgelegt, damit das Vorzelt komplett bis zum Boden abschlie\u00dft und keine L\u00fccke entsteht.Der Stoff ist spritzwasserresistent und besteht aus PVC. Die Vorzeltverl\u00e4ngerung\u00a0hat eine H\u00f6he von 20 cm. Material:100 % PVC","og_url":"https:\/\/shop.bantam.ch\/de\/produkt\/vorzeltverlaengerung-schal-mit-reissverschluss-von-vorzelt-desert-i-grau\/","og_site_name":"Bantam Camping AG","article_modified_time":"2026-04-17T21:11:43+00:00","og_image":[{"width":2000,"height":1622,"url":"https:\/\/shop.bantam.ch\/wp-content\/uploads\/2023\/02\/9970605100.jpg","type":"image\/jpeg"}],"twitter_card":"summary_large_image","schema":{"@context":"https:\/\/schema.org","@graph":[{"@type":"WebPage","@id":"https:\/\/shop.bantam.ch\/de\/produkt\/vorzeltverlaengerung-schal-mit-reissverschluss-von-vorzelt-desert-i-grau\/","url":"https:\/\/shop.bantam.ch\/de\/produkt\/vorzeltverlaengerung-schal-mit-reissverschluss-von-vorzelt-desert-i-grau\/","name":"Vorzeltverl\u00e4ngerung Schal mit Rei\u00dfverschluss von Vorzelt Desert I, grau - Bantam Camping AG","isPartOf":{"@id":"https:\/\/shop.bantam.ch\/de\/#website"},"primaryImageOfPage":{"@id":"https:\/\/shop.bantam.ch\/de\/produkt\/vorzeltverlaengerung-schal-mit-reissverschluss-von-vorzelt-desert-i-grau\/#primaryimage"},"image":{"@id":"https:\/\/shop.bantam.ch\/de\/produkt\/vorzeltverlaengerung-schal-mit-reissverschluss-von-vorzelt-desert-i-grau\/#primaryimage"},"thumbnailUrl":"https:\/\/shop.bantam.ch\/wp-content\/uploads\/2023\/02\/9970605100.jpg","datePublished":"2023-02-28T19:11:24+00:00","dateModified":"2026-04-17T21:11:43+00:00","breadcrumb":{"@id":"https:\/\/shop.bantam.ch\/de\/produkt\/vorzeltverlaengerung-schal-mit-reissverschluss-von-vorzelt-desert-i-grau\/#breadcrumb"},"inLanguage":"de","potentialAction":[{"@type":"ReadAction","target":["https:\/\/shop.bantam.ch\/de\/produkt\/vorzeltverlaengerung-schal-mit-reissverschluss-von-vorzelt-desert-i-grau\/"]}]},{"@type":"ImageObject","inLanguage":"de","@id":"https:\/\/shop.bantam.ch\/de\/produkt\/vorzeltverlaengerung-schal-mit-reissverschluss-von-vorzelt-desert-i-grau\/#primaryimage","url":"https:\/\/shop.bantam.ch\/wp-content\/uploads\/2023\/02\/9970605100.jpg","contentUrl":"https:\/\/shop.bantam.ch\/wp-content\/uploads\/2023\/02\/9970605100.jpg","width":2000,"height":1622},{"@type":"BreadcrumbList","@id":"https:\/\/shop.bantam.ch\/de\/produkt\/vorzeltverlaengerung-schal-mit-reissverschluss-von-vorzelt-desert-i-grau\/#breadcrumb","itemListElement":[{"@type":"ListItem","position":1,"name":"Accueil","item":"https:\/\/shop.bantam.ch\/de\/"},{"@type":"ListItem","position":2,"name":"Shop","item":"https:\/\/shop.bantam.ch\/de\/shop\/"},{"@type":"ListItem","position":3,"name":"Vorzeltverl\u00e4ngerung Schal mit Rei\u00dfverschluss von Vorzelt Desert I, grau"}]},{"@type":"WebSite","@id":"https:\/\/shop.bantam.ch\/de\/#website","url":"https:\/\/shop.bantam.ch\/de\/","name":"Bantam Camping AG","description":"","publisher":{"@id":"https:\/\/shop.bantam.ch\/de\/#organization"},"inLanguage":"de"},{"@type":"Organization","@id":"https:\/\/shop.bantam.ch\/de\/#organization","name":"Bantam Camping AG","url":"https:\/\/shop.bantam.ch\/de\/","logo":{"@type":"ImageObject","inLanguage":"de","@id":"https:\/\/shop.bantam.ch\/de\/#\/schema\/logo\/image\/","url":"https:\/\/shop.bantam.ch\/wp-content\/uploads\/2022\/12\/bantam-logo.png","contentUrl":"https:\/\/shop.bantam.ch\/wp-content\/uploads\/2022\/12\/bantam-logo.png","width":320,"height":71,"caption":"Bantam Camping AG"},"image":{"@id":"https:\/\/shop.bantam.ch\/de\/#\/schema\/logo\/image\/"}}]}},"_links":{"self":[{"href":"https:\/\/shop.bantam.ch\/de\/wp-json\/wp\/v2\/product\/109921","targetHints":{"allow":["GET"]}}],"collection":[{"href":"https:\/\/shop.bantam.ch\/de\/wp-json\/wp\/v2\/product"}],"about":[{"href":"https:\/\/shop.bantam.ch\/de\/wp-json\/wp\/v2\/types\/product"}],"wp:featuredmedia":[{"embeddable":true,"href":"https:\/\/shop.bantam.ch\/de\/wp-json\/wp\/v2\/media\/109906"}],"wp:attachment":[{"href":"https:\/\/shop.bantam.ch\/de\/wp-json\/wp\/v2\/media?parent=109921"}],"wp:term":[{"taxonomy":"product_featured_cat","embeddable":true,"href":"https:\/\/shop.bantam.ch\/de\/wp-json\/wp\/v2\/product_featured_cat?post=109921"},{"taxonomy":"product_brand","embeddable":true,"href":"https:\/\/shop.bantam.ch\/de\/wp-json\/wp\/v2\/product_brand?post=109921"},{"taxonomy":"product_cat","embeddable":true,"href":"https:\/\/shop.bantam.ch\/de\/wp-json\/wp\/v2\/product_cat?post=109921"},{"taxonomy":"product_tag","embeddable":true,"href":"https:\/\/shop.bantam.ch\/de\/wp-json\/wp\/v2\/product_tag?post=109921"}],"curies":[{"name":"wp","href":"https:\/\/api.w.org\/{rel}","templated":true}]}}