{"id":109856,"date":"2023-02-28T20:09:40","date_gmt":"2023-02-28T19:09:40","guid":{"rendered":"https:\/\/shop.bantam.ch\/produit\/toter-winkel-aufkleber-fuer-fahrzeuge-ueber-35-t-in-frankreich\/"},"modified":"2026-05-11T21:38:52","modified_gmt":"2026-05-11T19:38:52","slug":"toter-winkel-aufkleber-fuer-fahrzeuge-ueber-35-t-in-frankreich","status":"publish","type":"product","link":"https:\/\/shop.bantam.ch\/de\/produkt\/toter-winkel-aufkleber-fuer-fahrzeuge-ueber-35-t-in-frankreich\/","title":{"rendered":"Toter-Winkel-Aufkleber IWH f\u00fcr Fahrzeuge \u00fcber 3,5 t in Frankreich Inhalt 3 St\u00fcck"},"content":{"rendered":"<p>Toter-Winkel-Aufkleber &#8222;Angel Morts&#8220;<br \/>f\u00fcr Fahrzeuge \u00fcber 3,5 t in Frankreich seit dem 01.01.2021 Pflicht. Dabei ist es ganz egal, ob Lkw, Kastenwagen oder Wohnmobil.<br \/>Alles, was \u00fcber dieser Gewichtsgrenze liegt, hat ab sofort den Tote-Winkel-Aufkleber an 3 vorgegebenen Stellen am Fahrzeug anzubringen.<br \/>Hierbei unterscheidet das Gesetz nicht zwischen in- und ausl\u00e4ndischen Fahrzeugen.<br \/>Es geht um den Schutz von Radfahrern und Fu\u00dfg\u00e4ngern im toten Winkel! Wohnmobilfahrer sollten die Aufkleber mit dem Bus verwenden.<\/p>\n<p><strong>Nachfolgend die Hinweise wie die Anbringung am Fahrzeug zu erfolgen hat:<\/strong><\/p>\n<ul>\n<li>Fahrzeugfront: vertikal in einer H\u00f6he zwischen 0,9 und 1,5 Metern, horizontal innerhalb des ersten Meters von der Fahrzeugfront ausgehend.<\/li>\n<li>Fahrzeugheck: vertikal In einer H\u00f6he zwischen 0,9 und 1,5 Metern, horizontal auf der rechten Fahrzeugseite<\/li>\n<\/ul>\n<p>\u00a0<\/p>\n<p>Inhalt:<br \/>3 St\u00fcck<\/p>\n","protected":false},"excerpt":{"rendered":"<p>Toter-Winkel-Aufkleber &#8222;Angel Morts&#8220;f\u00fcr Fahrzeuge \u00fcber 3,5 t in Frankreich seit dem 01.01.2021 Pflicht. Dabei ist es ganz egal, ob Lkw, Kastenwagen oder Wohnmobil.Alles, was \u00fcber dieser Gewichtsgrenze liegt, hat ab sofort den Tote-Winkel-Aufkleber an 3 vorgegebenen Stellen am Fahrzeug anzubringen.Hierbei unterscheidet das Gesetz nicht zwischen in- und ausl\u00e4ndischen Fahrzeugen.Es geht um den Schutz von Radfahrern [&hellip;]<\/p>\n","protected":false},"featured_media":109844,"template":"","meta":{"_acf_changed":false},"product_featured_cat":[],"product_brand":[3419],"product_cat":[4658],"product_tag":[],"class_list":{"0":"post-109856","1":"product","2":"type-product","3":"status-publish","4":"has-post-thumbnail","6":"product_brand-iwh-de","7":"product_cat-pannenhelfer","9":"first","10":"instock","11":"taxable","12":"shipping-taxable","13":"purchasable","14":"product-type-simple"},"acf":[],"yoast_head":"<!-- This site is optimized with the Yoast SEO plugin v27.5 - https:\/\/yoast.com\/product\/yoast-seo-wordpress\/ -->\n<title>Toter-Winkel-Aufkleber IWH f\u00fcr Fahrzeuge \u00fcber 3,5 t in Frankreich Inhalt 3 St\u00fcck - Bantam<\/title>\n<meta name=\"robots\" content=\"index, follow, max-snippet:-1, max-image-preview:large, max-video-preview:-1\" \/>\n<link rel=\"canonical\" href=\"https:\/\/shop.bantam.ch\/de\/produkt\/toter-winkel-aufkleber-fuer-fahrzeuge-ueber-35-t-in-frankreich\/\" \/>\n<meta property=\"og:locale\" content=\"de_DE\" \/>\n<meta property=\"og:type\" content=\"article\" \/>\n<meta property=\"og:title\" content=\"Toter-Winkel-Aufkleber IWH f\u00fcr Fahrzeuge \u00fcber 3,5 t in Frankreich Inhalt 3 St\u00fcck - Bantam\" \/>\n<meta property=\"og:description\" content=\"Toter-Winkel-Aufkleber &#8222;Angel Morts&#8220;f\u00fcr Fahrzeuge \u00fcber 3,5 t in Frankreich seit dem 01.01.2021 Pflicht. Dabei ist es ganz egal, ob Lkw, Kastenwagen oder Wohnmobil.Alles, was \u00fcber dieser Gewichtsgrenze liegt, hat ab sofort den Tote-Winkel-Aufkleber an 3 vorgegebenen Stellen am Fahrzeug anzubringen.Hierbei unterscheidet das Gesetz nicht zwischen in- und ausl\u00e4ndischen Fahrzeugen.Es geht um den Schutz von Radfahrern [&hellip;]\" \/>\n<meta property=\"og:url\" content=\"https:\/\/shop.bantam.ch\/de\/produkt\/toter-winkel-aufkleber-fuer-fahrzeuge-ueber-35-t-in-frankreich\/\" \/>\n<meta property=\"og:site_name\" content=\"Bantam\" \/>\n<meta property=\"article:modified_time\" content=\"2026-05-11T19:38:52+00:00\" \/>\n<meta property=\"og:image\" content=\"https:\/\/shop.bantam.ch\/wp-content\/uploads\/2023\/02\/994399611.jpg\" \/>\n\t<meta property=\"og:image:width\" content=\"1339\" \/>\n\t<meta property=\"og:image:height\" content=\"1969\" \/>\n\t<meta property=\"og:image:type\" content=\"image\/jpeg\" \/>\n<meta name=\"twitter:card\" content=\"summary_large_image\" \/>\n<meta name=\"twitter:label1\" content=\"Gesch\u00e4tzte Lesezeit\" \/>\n\t<meta name=\"twitter:data1\" content=\"1\u00a0Minute\" \/>\n<script type=\"application\/ld+json\" class=\"yoast-schema-graph\">{\"@context\":\"https:\\\/\\\/schema.org\",\"@graph\":[{\"@type\":\"WebPage\",\"@id\":\"https:\\\/\\\/shop.bantam.ch\\\/de\\\/produkt\\\/toter-winkel-aufkleber-fuer-fahrzeuge-ueber-35-t-in-frankreich\\\/\",\"url\":\"https:\\\/\\\/shop.bantam.ch\\\/de\\\/produkt\\\/toter-winkel-aufkleber-fuer-fahrzeuge-ueber-35-t-in-frankreich\\\/\",\"name\":\"Toter-Winkel-Aufkleber IWH f\u00fcr Fahrzeuge \u00fcber 3,5 t in Frankreich Inhalt 3 St\u00fcck - Bantam\",\"isPartOf\":{\"@id\":\"https:\\\/\\\/shop.bantam.ch\\\/de\\\/#website\"},\"primaryImageOfPage\":{\"@id\":\"https:\\\/\\\/shop.bantam.ch\\\/de\\\/produkt\\\/toter-winkel-aufkleber-fuer-fahrzeuge-ueber-35-t-in-frankreich\\\/#primaryimage\"},\"image\":{\"@id\":\"https:\\\/\\\/shop.bantam.ch\\\/de\\\/produkt\\\/toter-winkel-aufkleber-fuer-fahrzeuge-ueber-35-t-in-frankreich\\\/#primaryimage\"},\"thumbnailUrl\":\"https:\\\/\\\/shop.bantam.ch\\\/wp-content\\\/uploads\\\/2023\\\/02\\\/994399611.jpg\",\"datePublished\":\"2023-02-28T19:09:40+00:00\",\"dateModified\":\"2026-05-11T19:38:52+00:00\",\"breadcrumb\":{\"@id\":\"https:\\\/\\\/shop.bantam.ch\\\/de\\\/produkt\\\/toter-winkel-aufkleber-fuer-fahrzeuge-ueber-35-t-in-frankreich\\\/#breadcrumb\"},\"inLanguage\":\"de\",\"potentialAction\":[{\"@type\":\"ReadAction\",\"target\":[\"https:\\\/\\\/shop.bantam.ch\\\/de\\\/produkt\\\/toter-winkel-aufkleber-fuer-fahrzeuge-ueber-35-t-in-frankreich\\\/\"]}]},{\"@type\":\"ImageObject\",\"inLanguage\":\"de\",\"@id\":\"https:\\\/\\\/shop.bantam.ch\\\/de\\\/produkt\\\/toter-winkel-aufkleber-fuer-fahrzeuge-ueber-35-t-in-frankreich\\\/#primaryimage\",\"url\":\"https:\\\/\\\/shop.bantam.ch\\\/wp-content\\\/uploads\\\/2023\\\/02\\\/994399611.jpg\",\"contentUrl\":\"https:\\\/\\\/shop.bantam.ch\\\/wp-content\\\/uploads\\\/2023\\\/02\\\/994399611.jpg\",\"width\":1339,\"height\":1969},{\"@type\":\"BreadcrumbList\",\"@id\":\"https:\\\/\\\/shop.bantam.ch\\\/de\\\/produkt\\\/toter-winkel-aufkleber-fuer-fahrzeuge-ueber-35-t-in-frankreich\\\/#breadcrumb\",\"itemListElement\":[{\"@type\":\"ListItem\",\"position\":1,\"name\":\"Accueil\",\"item\":\"https:\\\/\\\/shop.bantam.ch\\\/de\\\/\"},{\"@type\":\"ListItem\",\"position\":2,\"name\":\"Shop\",\"item\":\"https:\\\/\\\/shop.bantam.ch\\\/de\\\/shop\\\/\"},{\"@type\":\"ListItem\",\"position\":3,\"name\":\"Toter-Winkel-Aufkleber IWH f\u00fcr Fahrzeuge \u00fcber 3,5 t in Frankreich Inhalt 3 St\u00fcck\"}]},{\"@type\":\"WebSite\",\"@id\":\"https:\\\/\\\/shop.bantam.ch\\\/de\\\/#website\",\"url\":\"https:\\\/\\\/shop.bantam.ch\\\/de\\\/\",\"name\":\"Bantam\",\"description\":\"\",\"publisher\":{\"@id\":\"https:\\\/\\\/shop.bantam.ch\\\/de\\\/#organization\"},\"inLanguage\":\"de\"},{\"@type\":\"Organization\",\"@id\":\"https:\\\/\\\/shop.bantam.ch\\\/de\\\/#organization\",\"name\":\"Bantam\",\"url\":\"https:\\\/\\\/shop.bantam.ch\\\/de\\\/\",\"logo\":{\"@type\":\"ImageObject\",\"inLanguage\":\"de\",\"@id\":\"https:\\\/\\\/shop.bantam.ch\\\/de\\\/#\\\/schema\\\/logo\\\/image\\\/\",\"url\":\"https:\\\/\\\/shop.bantam.ch\\\/wp-content\\\/uploads\\\/2022\\\/12\\\/bantam-logo.png\",\"contentUrl\":\"https:\\\/\\\/shop.bantam.ch\\\/wp-content\\\/uploads\\\/2022\\\/12\\\/bantam-logo.png\",\"width\":320,\"height\":71,\"caption\":\"Bantam\"},\"image\":{\"@id\":\"https:\\\/\\\/shop.bantam.ch\\\/de\\\/#\\\/schema\\\/logo\\\/image\\\/\"}}]}<\/script>\n<!-- \/ Yoast SEO plugin. -->","yoast_head_json":{"title":"Toter-Winkel-Aufkleber IWH f\u00fcr Fahrzeuge \u00fcber 3,5 t in Frankreich Inhalt 3 St\u00fcck - Bantam","robots":{"index":"index","follow":"follow","max-snippet":"max-snippet:-1","max-image-preview":"max-image-preview:large","max-video-preview":"max-video-preview:-1"},"canonical":"https:\/\/shop.bantam.ch\/de\/produkt\/toter-winkel-aufkleber-fuer-fahrzeuge-ueber-35-t-in-frankreich\/","og_locale":"de_DE","og_type":"article","og_title":"Toter-Winkel-Aufkleber IWH f\u00fcr Fahrzeuge \u00fcber 3,5 t in Frankreich Inhalt 3 St\u00fcck - Bantam","og_description":"Toter-Winkel-Aufkleber &#8222;Angel Morts&#8220;f\u00fcr Fahrzeuge \u00fcber 3,5 t in Frankreich seit dem 01.01.2021 Pflicht. Dabei ist es ganz egal, ob Lkw, Kastenwagen oder Wohnmobil.Alles, was \u00fcber dieser Gewichtsgrenze liegt, hat ab sofort den Tote-Winkel-Aufkleber an 3 vorgegebenen Stellen am Fahrzeug anzubringen.Hierbei unterscheidet das Gesetz nicht zwischen in- und ausl\u00e4ndischen Fahrzeugen.Es geht um den Schutz von Radfahrern [&hellip;]","og_url":"https:\/\/shop.bantam.ch\/de\/produkt\/toter-winkel-aufkleber-fuer-fahrzeuge-ueber-35-t-in-frankreich\/","og_site_name":"Bantam","article_modified_time":"2026-05-11T19:38:52+00:00","og_image":[{"width":1339,"height":1969,"url":"https:\/\/shop.bantam.ch\/wp-content\/uploads\/2023\/02\/994399611.jpg","type":"image\/jpeg"}],"twitter_card":"summary_large_image","twitter_misc":{"Gesch\u00e4tzte Lesezeit":"1\u00a0Minute"},"schema":{"@context":"https:\/\/schema.org","@graph":[{"@type":"WebPage","@id":"https:\/\/shop.bantam.ch\/de\/produkt\/toter-winkel-aufkleber-fuer-fahrzeuge-ueber-35-t-in-frankreich\/","url":"https:\/\/shop.bantam.ch\/de\/produkt\/toter-winkel-aufkleber-fuer-fahrzeuge-ueber-35-t-in-frankreich\/","name":"Toter-Winkel-Aufkleber IWH f\u00fcr Fahrzeuge \u00fcber 3,5 t in Frankreich Inhalt 3 St\u00fcck - Bantam","isPartOf":{"@id":"https:\/\/shop.bantam.ch\/de\/#website"},"primaryImageOfPage":{"@id":"https:\/\/shop.bantam.ch\/de\/produkt\/toter-winkel-aufkleber-fuer-fahrzeuge-ueber-35-t-in-frankreich\/#primaryimage"},"image":{"@id":"https:\/\/shop.bantam.ch\/de\/produkt\/toter-winkel-aufkleber-fuer-fahrzeuge-ueber-35-t-in-frankreich\/#primaryimage"},"thumbnailUrl":"https:\/\/shop.bantam.ch\/wp-content\/uploads\/2023\/02\/994399611.jpg","datePublished":"2023-02-28T19:09:40+00:00","dateModified":"2026-05-11T19:38:52+00:00","breadcrumb":{"@id":"https:\/\/shop.bantam.ch\/de\/produkt\/toter-winkel-aufkleber-fuer-fahrzeuge-ueber-35-t-in-frankreich\/#breadcrumb"},"inLanguage":"de","potentialAction":[{"@type":"ReadAction","target":["https:\/\/shop.bantam.ch\/de\/produkt\/toter-winkel-aufkleber-fuer-fahrzeuge-ueber-35-t-in-frankreich\/"]}]},{"@type":"ImageObject","inLanguage":"de","@id":"https:\/\/shop.bantam.ch\/de\/produkt\/toter-winkel-aufkleber-fuer-fahrzeuge-ueber-35-t-in-frankreich\/#primaryimage","url":"https:\/\/shop.bantam.ch\/wp-content\/uploads\/2023\/02\/994399611.jpg","contentUrl":"https:\/\/shop.bantam.ch\/wp-content\/uploads\/2023\/02\/994399611.jpg","width":1339,"height":1969},{"@type":"BreadcrumbList","@id":"https:\/\/shop.bantam.ch\/de\/produkt\/toter-winkel-aufkleber-fuer-fahrzeuge-ueber-35-t-in-frankreich\/#breadcrumb","itemListElement":[{"@type":"ListItem","position":1,"name":"Accueil","item":"https:\/\/shop.bantam.ch\/de\/"},{"@type":"ListItem","position":2,"name":"Shop","item":"https:\/\/shop.bantam.ch\/de\/shop\/"},{"@type":"ListItem","position":3,"name":"Toter-Winkel-Aufkleber IWH f\u00fcr Fahrzeuge \u00fcber 3,5 t in Frankreich Inhalt 3 St\u00fcck"}]},{"@type":"WebSite","@id":"https:\/\/shop.bantam.ch\/de\/#website","url":"https:\/\/shop.bantam.ch\/de\/","name":"Bantam","description":"","publisher":{"@id":"https:\/\/shop.bantam.ch\/de\/#organization"},"inLanguage":"de"},{"@type":"Organization","@id":"https:\/\/shop.bantam.ch\/de\/#organization","name":"Bantam","url":"https:\/\/shop.bantam.ch\/de\/","logo":{"@type":"ImageObject","inLanguage":"de","@id":"https:\/\/shop.bantam.ch\/de\/#\/schema\/logo\/image\/","url":"https:\/\/shop.bantam.ch\/wp-content\/uploads\/2022\/12\/bantam-logo.png","contentUrl":"https:\/\/shop.bantam.ch\/wp-content\/uploads\/2022\/12\/bantam-logo.png","width":320,"height":71,"caption":"Bantam"},"image":{"@id":"https:\/\/shop.bantam.ch\/de\/#\/schema\/logo\/image\/"}}]}},"_links":{"self":[{"href":"https:\/\/shop.bantam.ch\/de\/wp-json\/wp\/v2\/product\/109856","targetHints":{"allow":["GET"]}}],"collection":[{"href":"https:\/\/shop.bantam.ch\/de\/wp-json\/wp\/v2\/product"}],"about":[{"href":"https:\/\/shop.bantam.ch\/de\/wp-json\/wp\/v2\/types\/product"}],"wp:featuredmedia":[{"embeddable":true,"href":"https:\/\/shop.bantam.ch\/de\/wp-json\/wp\/v2\/media\/109844"}],"wp:attachment":[{"href":"https:\/\/shop.bantam.ch\/de\/wp-json\/wp\/v2\/media?parent=109856"}],"wp:term":[{"taxonomy":"product_featured_cat","embeddable":true,"href":"https:\/\/shop.bantam.ch\/de\/wp-json\/wp\/v2\/product_featured_cat?post=109856"},{"taxonomy":"product_brand","embeddable":true,"href":"https:\/\/shop.bantam.ch\/de\/wp-json\/wp\/v2\/product_brand?post=109856"},{"taxonomy":"product_cat","embeddable":true,"href":"https:\/\/shop.bantam.ch\/de\/wp-json\/wp\/v2\/product_cat?post=109856"},{"taxonomy":"product_tag","embeddable":true,"href":"https:\/\/shop.bantam.ch\/de\/wp-json\/wp\/v2\/product_tag?post=109856"}],"curies":[{"name":"wp","href":"https:\/\/api.w.org\/{rel}","templated":true}]}}