{"id":109648,"date":"2023-02-28T20:04:31","date_gmt":"2023-02-28T19:04:31","guid":{"rendered":"https:\/\/shop.bantam.ch\/produit\/reisebuch-schweiz-west\/"},"modified":"2026-04-19T21:42:11","modified_gmt":"2026-04-19T19:42:11","slug":"reisebuch-schweiz-west","status":"publish","type":"product","link":"https:\/\/shop.bantam.ch\/de\/produkt\/reisebuch-schweiz-west\/","title":{"rendered":"Reisebuch WOMO Schweiz West"},"content":{"rendered":"<p>Zwischen schneebedeckten Bergen, gr\u00fcnen T\u00e4lern und blau schillernden Seen reisen Sie in 14 Touren durch die Westschweiz. Zu jeder Tour zeigt eine \u00dcbersichtskarte die Fahrstrecke, die Positionen von Stellpl\u00e4tzen, Campingpl\u00e4tzen, Badebuchten und Sehensw\u00fcrdigkeiten. In jeder Region werden kurze Wandertouren vorgestellt, deren Startpunkt auch mit dem Wohnmobil gut zu erreichen ist. Burgen, Schl\u00f6sser, St\u00e4dte und Badeerlebnisse sind Teil der Routen. Mit GPS-Daten und Anfahrtsbeschreibungen sind unsere Stellpl\u00e4tze leicht zu finden. Die Stellplatzk\u00e4sten enthalten eine Kurzbeschreibung und Infos \u00fcber V\/E, Wasserversorgung, Ausstattung und Preise.<\/p>\n","protected":false},"excerpt":{"rendered":"<p>Zwischen schneebedeckten Bergen, gr\u00fcnen T\u00e4lern und blau schillernden Seen reisen Sie in 14 Touren durch die Westschweiz. Zu jeder Tour zeigt eine \u00dcbersichtskarte die Fahrstrecke, die Positionen von Stellpl\u00e4tzen, Campingpl\u00e4tzen, Badebuchten und Sehensw\u00fcrdigkeiten. In jeder Region werden kurze Wandertouren vorgestellt, deren Startpunkt auch mit dem Wohnmobil gut zu erreichen ist. Burgen, Schl\u00f6sser, St\u00e4dte und Badeerlebnisse [&hellip;]<\/p>\n","protected":false},"featured_media":109646,"template":"","meta":{"_acf_changed":false},"product_featured_cat":[],"product_brand":[3125],"product_cat":[4352],"product_tag":[],"class_list":{"0":"post-109648","1":"product","2":"type-product","3":"status-publish","4":"has-post-thumbnail","6":"product_brand-womo-de","7":"product_cat-reisefuehrer","9":"first","10":"instock","11":"taxable","12":"shipping-taxable","13":"purchasable","14":"product-type-simple"},"acf":[],"yoast_head":"<!-- This site is optimized with the Yoast SEO plugin v27.4 - https:\/\/yoast.com\/product\/yoast-seo-wordpress\/ -->\n<title>Reisebuch WOMO Schweiz West - Bantam Camping AG<\/title>\n<meta name=\"robots\" content=\"index, follow, max-snippet:-1, max-image-preview:large, max-video-preview:-1\" \/>\n<link rel=\"canonical\" href=\"https:\/\/shop.bantam.ch\/de\/produkt\/reisebuch-schweiz-west\/\" \/>\n<meta property=\"og:locale\" content=\"de_DE\" \/>\n<meta property=\"og:type\" content=\"article\" \/>\n<meta property=\"og:title\" content=\"Reisebuch WOMO Schweiz West - Bantam Camping AG\" \/>\n<meta property=\"og:description\" content=\"Zwischen schneebedeckten Bergen, gr\u00fcnen T\u00e4lern und blau schillernden Seen reisen Sie in 14 Touren durch die Westschweiz. Zu jeder Tour zeigt eine \u00dcbersichtskarte die Fahrstrecke, die Positionen von Stellpl\u00e4tzen, Campingpl\u00e4tzen, Badebuchten und Sehensw\u00fcrdigkeiten. In jeder Region werden kurze Wandertouren vorgestellt, deren Startpunkt auch mit dem Wohnmobil gut zu erreichen ist. Burgen, Schl\u00f6sser, St\u00e4dte und Badeerlebnisse [&hellip;]\" \/>\n<meta property=\"og:url\" content=\"https:\/\/shop.bantam.ch\/de\/produkt\/reisebuch-schweiz-west\/\" \/>\n<meta property=\"og:site_name\" content=\"Bantam Camping AG\" \/>\n<meta property=\"article:modified_time\" content=\"2026-04-19T19:42:11+00:00\" \/>\n<meta property=\"og:image\" content=\"https:\/\/shop.bantam.ch\/wp-content\/uploads\/2023\/02\/9960814-100-1-3.jpg\" \/>\n\t<meta property=\"og:image:width\" content=\"751\" \/>\n\t<meta property=\"og:image:height\" content=\"1417\" \/>\n\t<meta property=\"og:image:type\" content=\"image\/jpeg\" \/>\n<meta name=\"twitter:card\" content=\"summary_large_image\" \/>\n<script type=\"application\/ld+json\" class=\"yoast-schema-graph\">{\"@context\":\"https:\\\/\\\/schema.org\",\"@graph\":[{\"@type\":\"WebPage\",\"@id\":\"https:\\\/\\\/shop.bantam.ch\\\/de\\\/produkt\\\/reisebuch-schweiz-west\\\/\",\"url\":\"https:\\\/\\\/shop.bantam.ch\\\/de\\\/produkt\\\/reisebuch-schweiz-west\\\/\",\"name\":\"Reisebuch WOMO Schweiz West - Bantam Camping AG\",\"isPartOf\":{\"@id\":\"https:\\\/\\\/shop.bantam.ch\\\/de\\\/#website\"},\"primaryImageOfPage\":{\"@id\":\"https:\\\/\\\/shop.bantam.ch\\\/de\\\/produkt\\\/reisebuch-schweiz-west\\\/#primaryimage\"},\"image\":{\"@id\":\"https:\\\/\\\/shop.bantam.ch\\\/de\\\/produkt\\\/reisebuch-schweiz-west\\\/#primaryimage\"},\"thumbnailUrl\":\"https:\\\/\\\/shop.bantam.ch\\\/wp-content\\\/uploads\\\/2023\\\/02\\\/9960814-100-1-3.jpg\",\"datePublished\":\"2023-02-28T19:04:31+00:00\",\"dateModified\":\"2026-04-19T19:42:11+00:00\",\"breadcrumb\":{\"@id\":\"https:\\\/\\\/shop.bantam.ch\\\/de\\\/produkt\\\/reisebuch-schweiz-west\\\/#breadcrumb\"},\"inLanguage\":\"de\",\"potentialAction\":[{\"@type\":\"ReadAction\",\"target\":[\"https:\\\/\\\/shop.bantam.ch\\\/de\\\/produkt\\\/reisebuch-schweiz-west\\\/\"]}]},{\"@type\":\"ImageObject\",\"inLanguage\":\"de\",\"@id\":\"https:\\\/\\\/shop.bantam.ch\\\/de\\\/produkt\\\/reisebuch-schweiz-west\\\/#primaryimage\",\"url\":\"https:\\\/\\\/shop.bantam.ch\\\/wp-content\\\/uploads\\\/2023\\\/02\\\/9960814-100-1-3.jpg\",\"contentUrl\":\"https:\\\/\\\/shop.bantam.ch\\\/wp-content\\\/uploads\\\/2023\\\/02\\\/9960814-100-1-3.jpg\",\"width\":751,\"height\":1417},{\"@type\":\"BreadcrumbList\",\"@id\":\"https:\\\/\\\/shop.bantam.ch\\\/de\\\/produkt\\\/reisebuch-schweiz-west\\\/#breadcrumb\",\"itemListElement\":[{\"@type\":\"ListItem\",\"position\":1,\"name\":\"Accueil\",\"item\":\"https:\\\/\\\/shop.bantam.ch\\\/de\\\/\"},{\"@type\":\"ListItem\",\"position\":2,\"name\":\"Shop\",\"item\":\"https:\\\/\\\/shop.bantam.ch\\\/de\\\/shop\\\/\"},{\"@type\":\"ListItem\",\"position\":3,\"name\":\"Reisebuch WOMO Schweiz West\"}]},{\"@type\":\"WebSite\",\"@id\":\"https:\\\/\\\/shop.bantam.ch\\\/de\\\/#website\",\"url\":\"https:\\\/\\\/shop.bantam.ch\\\/de\\\/\",\"name\":\"Bantam Camping AG\",\"description\":\"\",\"publisher\":{\"@id\":\"https:\\\/\\\/shop.bantam.ch\\\/de\\\/#organization\"},\"inLanguage\":\"de\"},{\"@type\":\"Organization\",\"@id\":\"https:\\\/\\\/shop.bantam.ch\\\/de\\\/#organization\",\"name\":\"Bantam Camping AG\",\"url\":\"https:\\\/\\\/shop.bantam.ch\\\/de\\\/\",\"logo\":{\"@type\":\"ImageObject\",\"inLanguage\":\"de\",\"@id\":\"https:\\\/\\\/shop.bantam.ch\\\/de\\\/#\\\/schema\\\/logo\\\/image\\\/\",\"url\":\"https:\\\/\\\/shop.bantam.ch\\\/wp-content\\\/uploads\\\/2022\\\/12\\\/bantam-logo.png\",\"contentUrl\":\"https:\\\/\\\/shop.bantam.ch\\\/wp-content\\\/uploads\\\/2022\\\/12\\\/bantam-logo.png\",\"width\":320,\"height\":71,\"caption\":\"Bantam Camping AG\"},\"image\":{\"@id\":\"https:\\\/\\\/shop.bantam.ch\\\/de\\\/#\\\/schema\\\/logo\\\/image\\\/\"}}]}<\/script>\n<!-- \/ Yoast SEO plugin. -->","yoast_head_json":{"title":"Reisebuch WOMO Schweiz West - Bantam Camping AG","robots":{"index":"index","follow":"follow","max-snippet":"max-snippet:-1","max-image-preview":"max-image-preview:large","max-video-preview":"max-video-preview:-1"},"canonical":"https:\/\/shop.bantam.ch\/de\/produkt\/reisebuch-schweiz-west\/","og_locale":"de_DE","og_type":"article","og_title":"Reisebuch WOMO Schweiz West - Bantam Camping AG","og_description":"Zwischen schneebedeckten Bergen, gr\u00fcnen T\u00e4lern und blau schillernden Seen reisen Sie in 14 Touren durch die Westschweiz. Zu jeder Tour zeigt eine \u00dcbersichtskarte die Fahrstrecke, die Positionen von Stellpl\u00e4tzen, Campingpl\u00e4tzen, Badebuchten und Sehensw\u00fcrdigkeiten. In jeder Region werden kurze Wandertouren vorgestellt, deren Startpunkt auch mit dem Wohnmobil gut zu erreichen ist. Burgen, Schl\u00f6sser, St\u00e4dte und Badeerlebnisse [&hellip;]","og_url":"https:\/\/shop.bantam.ch\/de\/produkt\/reisebuch-schweiz-west\/","og_site_name":"Bantam Camping AG","article_modified_time":"2026-04-19T19:42:11+00:00","og_image":[{"width":751,"height":1417,"url":"https:\/\/shop.bantam.ch\/wp-content\/uploads\/2023\/02\/9960814-100-1-3.jpg","type":"image\/jpeg"}],"twitter_card":"summary_large_image","schema":{"@context":"https:\/\/schema.org","@graph":[{"@type":"WebPage","@id":"https:\/\/shop.bantam.ch\/de\/produkt\/reisebuch-schweiz-west\/","url":"https:\/\/shop.bantam.ch\/de\/produkt\/reisebuch-schweiz-west\/","name":"Reisebuch WOMO Schweiz West - Bantam Camping AG","isPartOf":{"@id":"https:\/\/shop.bantam.ch\/de\/#website"},"primaryImageOfPage":{"@id":"https:\/\/shop.bantam.ch\/de\/produkt\/reisebuch-schweiz-west\/#primaryimage"},"image":{"@id":"https:\/\/shop.bantam.ch\/de\/produkt\/reisebuch-schweiz-west\/#primaryimage"},"thumbnailUrl":"https:\/\/shop.bantam.ch\/wp-content\/uploads\/2023\/02\/9960814-100-1-3.jpg","datePublished":"2023-02-28T19:04:31+00:00","dateModified":"2026-04-19T19:42:11+00:00","breadcrumb":{"@id":"https:\/\/shop.bantam.ch\/de\/produkt\/reisebuch-schweiz-west\/#breadcrumb"},"inLanguage":"de","potentialAction":[{"@type":"ReadAction","target":["https:\/\/shop.bantam.ch\/de\/produkt\/reisebuch-schweiz-west\/"]}]},{"@type":"ImageObject","inLanguage":"de","@id":"https:\/\/shop.bantam.ch\/de\/produkt\/reisebuch-schweiz-west\/#primaryimage","url":"https:\/\/shop.bantam.ch\/wp-content\/uploads\/2023\/02\/9960814-100-1-3.jpg","contentUrl":"https:\/\/shop.bantam.ch\/wp-content\/uploads\/2023\/02\/9960814-100-1-3.jpg","width":751,"height":1417},{"@type":"BreadcrumbList","@id":"https:\/\/shop.bantam.ch\/de\/produkt\/reisebuch-schweiz-west\/#breadcrumb","itemListElement":[{"@type":"ListItem","position":1,"name":"Accueil","item":"https:\/\/shop.bantam.ch\/de\/"},{"@type":"ListItem","position":2,"name":"Shop","item":"https:\/\/shop.bantam.ch\/de\/shop\/"},{"@type":"ListItem","position":3,"name":"Reisebuch WOMO Schweiz West"}]},{"@type":"WebSite","@id":"https:\/\/shop.bantam.ch\/de\/#website","url":"https:\/\/shop.bantam.ch\/de\/","name":"Bantam Camping AG","description":"","publisher":{"@id":"https:\/\/shop.bantam.ch\/de\/#organization"},"inLanguage":"de"},{"@type":"Organization","@id":"https:\/\/shop.bantam.ch\/de\/#organization","name":"Bantam Camping AG","url":"https:\/\/shop.bantam.ch\/de\/","logo":{"@type":"ImageObject","inLanguage":"de","@id":"https:\/\/shop.bantam.ch\/de\/#\/schema\/logo\/image\/","url":"https:\/\/shop.bantam.ch\/wp-content\/uploads\/2022\/12\/bantam-logo.png","contentUrl":"https:\/\/shop.bantam.ch\/wp-content\/uploads\/2022\/12\/bantam-logo.png","width":320,"height":71,"caption":"Bantam Camping AG"},"image":{"@id":"https:\/\/shop.bantam.ch\/de\/#\/schema\/logo\/image\/"}}]}},"_links":{"self":[{"href":"https:\/\/shop.bantam.ch\/de\/wp-json\/wp\/v2\/product\/109648","targetHints":{"allow":["GET"]}}],"collection":[{"href":"https:\/\/shop.bantam.ch\/de\/wp-json\/wp\/v2\/product"}],"about":[{"href":"https:\/\/shop.bantam.ch\/de\/wp-json\/wp\/v2\/types\/product"}],"wp:featuredmedia":[{"embeddable":true,"href":"https:\/\/shop.bantam.ch\/de\/wp-json\/wp\/v2\/media\/109646"}],"wp:attachment":[{"href":"https:\/\/shop.bantam.ch\/de\/wp-json\/wp\/v2\/media?parent=109648"}],"wp:term":[{"taxonomy":"product_featured_cat","embeddable":true,"href":"https:\/\/shop.bantam.ch\/de\/wp-json\/wp\/v2\/product_featured_cat?post=109648"},{"taxonomy":"product_brand","embeddable":true,"href":"https:\/\/shop.bantam.ch\/de\/wp-json\/wp\/v2\/product_brand?post=109648"},{"taxonomy":"product_cat","embeddable":true,"href":"https:\/\/shop.bantam.ch\/de\/wp-json\/wp\/v2\/product_cat?post=109648"},{"taxonomy":"product_tag","embeddable":true,"href":"https:\/\/shop.bantam.ch\/de\/wp-json\/wp\/v2\/product_tag?post=109648"}],"curies":[{"name":"wp","href":"https:\/\/api.w.org\/{rel}","templated":true}]}}