{"id":109172,"date":"2023-02-28T19:51:38","date_gmt":"2023-02-28T18:51:38","guid":{"rendered":"https:\/\/shop.bantam.ch\/produit\/luftbett-flair-jumbo\/"},"modified":"2026-04-19T21:41:57","modified_gmt":"2026-04-19T19:41:57","slug":"luftbett-flair-jumbo","status":"publish","type":"product","link":"https:\/\/shop.bantam.ch\/de\/produkt\/luftbett-flair-jumbo\/","title":{"rendered":"Luftbett BRUNNER Flair Jumbo Farbe: grau"},"content":{"rendered":"<p>Unsere Flair Luftbetten sind mit einer Soft-Velour-Oberfl\u00e4che und aus widerstandsf\u00e4higem PVC Material hergestellt. Sie verf\u00fcgen \u00fcber Gro\u00dfventile zum schnellen Bef\u00fcllen oder Entleeren. Ideal als G\u00e4stebett oder f\u00fcr den Campingplatz.<\/p>\n<p>Material:<br \/>100 % PVC<\/p>\n","protected":false},"excerpt":{"rendered":"<p>Unsere Flair Luftbetten sind mit einer Soft-Velour-Oberfl\u00e4che und aus widerstandsf\u00e4higem PVC Material hergestellt. Sie verf\u00fcgen \u00fcber Gro\u00dfventile zum schnellen Bef\u00fcllen oder Entleeren. Ideal als G\u00e4stebett oder f\u00fcr den Campingplatz. Material:100 % PVC<\/p>\n","protected":false},"featured_media":109166,"template":"","meta":{"_acf_changed":false},"product_featured_cat":[],"product_brand":[3081],"product_cat":[4354],"product_tag":[],"class_list":{"0":"post-109172","1":"product","2":"type-product","3":"status-publish","4":"has-post-thumbnail","6":"product_brand-brunner-de","7":"product_cat-luftbetten-matratzen","9":"first","10":"instock","11":"taxable","12":"shipping-taxable","13":"purchasable","14":"product-type-simple"},"acf":[],"yoast_head":"<!-- This site is optimized with the Yoast SEO plugin v27.4 - https:\/\/yoast.com\/product\/yoast-seo-wordpress\/ -->\n<title>Luftbett BRUNNER Flair Jumbo Farbe: grau - Bantam Camping AG<\/title>\n<meta name=\"robots\" content=\"index, follow, max-snippet:-1, max-image-preview:large, max-video-preview:-1\" \/>\n<link rel=\"canonical\" href=\"https:\/\/shop.bantam.ch\/de\/produkt\/luftbett-flair-jumbo\/\" \/>\n<meta property=\"og:locale\" content=\"de_DE\" \/>\n<meta property=\"og:type\" content=\"article\" \/>\n<meta property=\"og:title\" content=\"Luftbett BRUNNER Flair Jumbo Farbe: grau - Bantam Camping AG\" \/>\n<meta property=\"og:description\" content=\"Unsere Flair Luftbetten sind mit einer Soft-Velour-Oberfl\u00e4che und aus widerstandsf\u00e4higem PVC Material hergestellt. Sie verf\u00fcgen \u00fcber Gro\u00dfventile zum schnellen Bef\u00fcllen oder Entleeren. Ideal als G\u00e4stebett oder f\u00fcr den Campingplatz. Material:100 % PVC\" \/>\n<meta property=\"og:url\" content=\"https:\/\/shop.bantam.ch\/de\/produkt\/luftbett-flair-jumbo\/\" \/>\n<meta property=\"og:site_name\" content=\"Bantam Camping AG\" \/>\n<meta property=\"article:modified_time\" content=\"2026-04-19T19:41:57+00:00\" \/>\n<meta property=\"og:image\" content=\"https:\/\/shop.bantam.ch\/wp-content\/uploads\/2023\/02\/9960383.jpg\" \/>\n\t<meta property=\"og:image:width\" content=\"1800\" \/>\n\t<meta property=\"og:image:height\" content=\"937\" \/>\n\t<meta property=\"og:image:type\" content=\"image\/jpeg\" \/>\n<meta name=\"twitter:card\" content=\"summary_large_image\" \/>\n<script type=\"application\/ld+json\" class=\"yoast-schema-graph\">{\"@context\":\"https:\\\/\\\/schema.org\",\"@graph\":[{\"@type\":\"WebPage\",\"@id\":\"https:\\\/\\\/shop.bantam.ch\\\/de\\\/produkt\\\/luftbett-flair-jumbo\\\/\",\"url\":\"https:\\\/\\\/shop.bantam.ch\\\/de\\\/produkt\\\/luftbett-flair-jumbo\\\/\",\"name\":\"Luftbett BRUNNER Flair Jumbo Farbe: grau - Bantam Camping AG\",\"isPartOf\":{\"@id\":\"https:\\\/\\\/shop.bantam.ch\\\/de\\\/#website\"},\"primaryImageOfPage\":{\"@id\":\"https:\\\/\\\/shop.bantam.ch\\\/de\\\/produkt\\\/luftbett-flair-jumbo\\\/#primaryimage\"},\"image\":{\"@id\":\"https:\\\/\\\/shop.bantam.ch\\\/de\\\/produkt\\\/luftbett-flair-jumbo\\\/#primaryimage\"},\"thumbnailUrl\":\"https:\\\/\\\/shop.bantam.ch\\\/wp-content\\\/uploads\\\/2023\\\/02\\\/9960383.jpg\",\"datePublished\":\"2023-02-28T18:51:38+00:00\",\"dateModified\":\"2026-04-19T19:41:57+00:00\",\"breadcrumb\":{\"@id\":\"https:\\\/\\\/shop.bantam.ch\\\/de\\\/produkt\\\/luftbett-flair-jumbo\\\/#breadcrumb\"},\"inLanguage\":\"de\",\"potentialAction\":[{\"@type\":\"ReadAction\",\"target\":[\"https:\\\/\\\/shop.bantam.ch\\\/de\\\/produkt\\\/luftbett-flair-jumbo\\\/\"]}]},{\"@type\":\"ImageObject\",\"inLanguage\":\"de\",\"@id\":\"https:\\\/\\\/shop.bantam.ch\\\/de\\\/produkt\\\/luftbett-flair-jumbo\\\/#primaryimage\",\"url\":\"https:\\\/\\\/shop.bantam.ch\\\/wp-content\\\/uploads\\\/2023\\\/02\\\/9960383.jpg\",\"contentUrl\":\"https:\\\/\\\/shop.bantam.ch\\\/wp-content\\\/uploads\\\/2023\\\/02\\\/9960383.jpg\",\"width\":1800,\"height\":937},{\"@type\":\"BreadcrumbList\",\"@id\":\"https:\\\/\\\/shop.bantam.ch\\\/de\\\/produkt\\\/luftbett-flair-jumbo\\\/#breadcrumb\",\"itemListElement\":[{\"@type\":\"ListItem\",\"position\":1,\"name\":\"Accueil\",\"item\":\"https:\\\/\\\/shop.bantam.ch\\\/de\\\/\"},{\"@type\":\"ListItem\",\"position\":2,\"name\":\"Shop\",\"item\":\"https:\\\/\\\/shop.bantam.ch\\\/de\\\/shop\\\/\"},{\"@type\":\"ListItem\",\"position\":3,\"name\":\"Luftbett BRUNNER Flair Jumbo Farbe: grau\"}]},{\"@type\":\"WebSite\",\"@id\":\"https:\\\/\\\/shop.bantam.ch\\\/de\\\/#website\",\"url\":\"https:\\\/\\\/shop.bantam.ch\\\/de\\\/\",\"name\":\"Bantam Camping AG\",\"description\":\"\",\"publisher\":{\"@id\":\"https:\\\/\\\/shop.bantam.ch\\\/de\\\/#organization\"},\"inLanguage\":\"de\"},{\"@type\":\"Organization\",\"@id\":\"https:\\\/\\\/shop.bantam.ch\\\/de\\\/#organization\",\"name\":\"Bantam Camping AG\",\"url\":\"https:\\\/\\\/shop.bantam.ch\\\/de\\\/\",\"logo\":{\"@type\":\"ImageObject\",\"inLanguage\":\"de\",\"@id\":\"https:\\\/\\\/shop.bantam.ch\\\/de\\\/#\\\/schema\\\/logo\\\/image\\\/\",\"url\":\"https:\\\/\\\/shop.bantam.ch\\\/wp-content\\\/uploads\\\/2022\\\/12\\\/bantam-logo.png\",\"contentUrl\":\"https:\\\/\\\/shop.bantam.ch\\\/wp-content\\\/uploads\\\/2022\\\/12\\\/bantam-logo.png\",\"width\":320,\"height\":71,\"caption\":\"Bantam Camping AG\"},\"image\":{\"@id\":\"https:\\\/\\\/shop.bantam.ch\\\/de\\\/#\\\/schema\\\/logo\\\/image\\\/\"}}]}<\/script>\n<!-- \/ Yoast SEO plugin. -->","yoast_head_json":{"title":"Luftbett BRUNNER Flair Jumbo Farbe: grau - Bantam Camping AG","robots":{"index":"index","follow":"follow","max-snippet":"max-snippet:-1","max-image-preview":"max-image-preview:large","max-video-preview":"max-video-preview:-1"},"canonical":"https:\/\/shop.bantam.ch\/de\/produkt\/luftbett-flair-jumbo\/","og_locale":"de_DE","og_type":"article","og_title":"Luftbett BRUNNER Flair Jumbo Farbe: grau - Bantam Camping AG","og_description":"Unsere Flair Luftbetten sind mit einer Soft-Velour-Oberfl\u00e4che und aus widerstandsf\u00e4higem PVC Material hergestellt. Sie verf\u00fcgen \u00fcber Gro\u00dfventile zum schnellen Bef\u00fcllen oder Entleeren. Ideal als G\u00e4stebett oder f\u00fcr den Campingplatz. Material:100 % PVC","og_url":"https:\/\/shop.bantam.ch\/de\/produkt\/luftbett-flair-jumbo\/","og_site_name":"Bantam Camping AG","article_modified_time":"2026-04-19T19:41:57+00:00","og_image":[{"width":1800,"height":937,"url":"https:\/\/shop.bantam.ch\/wp-content\/uploads\/2023\/02\/9960383.jpg","type":"image\/jpeg"}],"twitter_card":"summary_large_image","schema":{"@context":"https:\/\/schema.org","@graph":[{"@type":"WebPage","@id":"https:\/\/shop.bantam.ch\/de\/produkt\/luftbett-flair-jumbo\/","url":"https:\/\/shop.bantam.ch\/de\/produkt\/luftbett-flair-jumbo\/","name":"Luftbett BRUNNER Flair Jumbo Farbe: grau - Bantam Camping AG","isPartOf":{"@id":"https:\/\/shop.bantam.ch\/de\/#website"},"primaryImageOfPage":{"@id":"https:\/\/shop.bantam.ch\/de\/produkt\/luftbett-flair-jumbo\/#primaryimage"},"image":{"@id":"https:\/\/shop.bantam.ch\/de\/produkt\/luftbett-flair-jumbo\/#primaryimage"},"thumbnailUrl":"https:\/\/shop.bantam.ch\/wp-content\/uploads\/2023\/02\/9960383.jpg","datePublished":"2023-02-28T18:51:38+00:00","dateModified":"2026-04-19T19:41:57+00:00","breadcrumb":{"@id":"https:\/\/shop.bantam.ch\/de\/produkt\/luftbett-flair-jumbo\/#breadcrumb"},"inLanguage":"de","potentialAction":[{"@type":"ReadAction","target":["https:\/\/shop.bantam.ch\/de\/produkt\/luftbett-flair-jumbo\/"]}]},{"@type":"ImageObject","inLanguage":"de","@id":"https:\/\/shop.bantam.ch\/de\/produkt\/luftbett-flair-jumbo\/#primaryimage","url":"https:\/\/shop.bantam.ch\/wp-content\/uploads\/2023\/02\/9960383.jpg","contentUrl":"https:\/\/shop.bantam.ch\/wp-content\/uploads\/2023\/02\/9960383.jpg","width":1800,"height":937},{"@type":"BreadcrumbList","@id":"https:\/\/shop.bantam.ch\/de\/produkt\/luftbett-flair-jumbo\/#breadcrumb","itemListElement":[{"@type":"ListItem","position":1,"name":"Accueil","item":"https:\/\/shop.bantam.ch\/de\/"},{"@type":"ListItem","position":2,"name":"Shop","item":"https:\/\/shop.bantam.ch\/de\/shop\/"},{"@type":"ListItem","position":3,"name":"Luftbett BRUNNER Flair Jumbo Farbe: grau"}]},{"@type":"WebSite","@id":"https:\/\/shop.bantam.ch\/de\/#website","url":"https:\/\/shop.bantam.ch\/de\/","name":"Bantam Camping AG","description":"","publisher":{"@id":"https:\/\/shop.bantam.ch\/de\/#organization"},"inLanguage":"de"},{"@type":"Organization","@id":"https:\/\/shop.bantam.ch\/de\/#organization","name":"Bantam Camping AG","url":"https:\/\/shop.bantam.ch\/de\/","logo":{"@type":"ImageObject","inLanguage":"de","@id":"https:\/\/shop.bantam.ch\/de\/#\/schema\/logo\/image\/","url":"https:\/\/shop.bantam.ch\/wp-content\/uploads\/2022\/12\/bantam-logo.png","contentUrl":"https:\/\/shop.bantam.ch\/wp-content\/uploads\/2022\/12\/bantam-logo.png","width":320,"height":71,"caption":"Bantam Camping AG"},"image":{"@id":"https:\/\/shop.bantam.ch\/de\/#\/schema\/logo\/image\/"}}]}},"_links":{"self":[{"href":"https:\/\/shop.bantam.ch\/de\/wp-json\/wp\/v2\/product\/109172","targetHints":{"allow":["GET"]}}],"collection":[{"href":"https:\/\/shop.bantam.ch\/de\/wp-json\/wp\/v2\/product"}],"about":[{"href":"https:\/\/shop.bantam.ch\/de\/wp-json\/wp\/v2\/types\/product"}],"wp:featuredmedia":[{"embeddable":true,"href":"https:\/\/shop.bantam.ch\/de\/wp-json\/wp\/v2\/media\/109166"}],"wp:attachment":[{"href":"https:\/\/shop.bantam.ch\/de\/wp-json\/wp\/v2\/media?parent=109172"}],"wp:term":[{"taxonomy":"product_featured_cat","embeddable":true,"href":"https:\/\/shop.bantam.ch\/de\/wp-json\/wp\/v2\/product_featured_cat?post=109172"},{"taxonomy":"product_brand","embeddable":true,"href":"https:\/\/shop.bantam.ch\/de\/wp-json\/wp\/v2\/product_brand?post=109172"},{"taxonomy":"product_cat","embeddable":true,"href":"https:\/\/shop.bantam.ch\/de\/wp-json\/wp\/v2\/product_cat?post=109172"},{"taxonomy":"product_tag","embeddable":true,"href":"https:\/\/shop.bantam.ch\/de\/wp-json\/wp\/v2\/product_tag?post=109172"}],"curies":[{"name":"wp","href":"https:\/\/api.w.org\/{rel}","templated":true}]}}