{"id":108391,"date":"2023-02-28T08:35:34","date_gmt":"2023-02-28T07:35:34","guid":{"rendered":"http:\/\/shop.bantam.ch\/produit\/lithium-batterie-12v\/"},"modified":"2026-04-18T23:12:57","modified_gmt":"2026-04-18T21:12:57","slug":"lithium-batterie-12v","status":"publish","type":"product","link":"https:\/\/shop.bantam.ch\/de\/produkt\/lithium-batterie-12v\/","title":{"rendered":"Lithium Batterie 12V"},"content":{"rendered":"<p>ENDURO Lithium Batterie &#8211; in ihrer Klasse ein absolutes Fliegengewicht<\/p>\n<p>Die Lithium Batterie ist speziell auf die Anforderungen Ihrer Rangierhilfe abgestimmt. Die Batterie liefert ein max. Ausgangsstrom von bis zu 120A. So k\u00f6nnen selbst gro\u00dfe und schwere Anh\u00e4nger mit entsprechenden Rangierhilfen angetrieben werden. Die Kapazit\u00e4t der LI1220 reicht dabei f\u00fcr 10 &#8211; 30 min rangieren. Im Vergleich zu einer AGM Batterie k\u00f6nnen hierbei bis zu 20 kg an Gewicht eingespart werden. Diese spezielle Batterie zeichnet sich durch ihre besonders lange Lebensdauer aus.<\/p>\n<ul>\n<li>Batterietyp: LiFePO4<\/li>\n<li>Spannung: 12 V<\/li>\n<li>Kapazit\u00e4t: 20 Ah<\/li>\n<li>Max. Ausgangsstrom: 120 A<\/li>\n<li>Ladeger\u00e4t Eingang: 100 &#8211; 240 V AC 50 \/ 60 Hz<\/li>\n<li>Ladeger\u00e4t Ausgang: 14,6 V \/ 3 A<\/li>\n<\/ul>\n","protected":false},"excerpt":{"rendered":"<p>ENDURO Lithium Batterie &#8211; in ihrer Klasse ein absolutes Fliegengewicht Die Lithium Batterie ist speziell auf die Anforderungen Ihrer Rangierhilfe abgestimmt. Die Batterie liefert ein max. Ausgangsstrom von bis zu 120A. So k\u00f6nnen selbst gro\u00dfe und schwere Anh\u00e4nger mit entsprechenden Rangierhilfen angetrieben werden. Die Kapazit\u00e4t der LI1220 reicht dabei f\u00fcr 10 &#8211; 30 min rangieren. [&hellip;]<\/p>\n","protected":false},"featured_media":108381,"template":"","meta":{"_acf_changed":false},"product_featured_cat":[],"product_brand":[3561],"product_cat":[5114],"product_tag":[],"class_list":{"0":"post-108391","1":"product","2":"type-product","3":"status-publish","4":"has-post-thumbnail","6":"product_brand-enduro-de","7":"product_cat-lithium-batterien","9":"first","10":"instock","11":"taxable","12":"shipping-taxable","13":"purchasable","14":"product-type-variable"},"acf":[],"yoast_head":"<!-- This site is optimized with the Yoast SEO plugin v27.4 - https:\/\/yoast.com\/product\/yoast-seo-wordpress\/ -->\n<title>Lithium Batterie 12V - Bantam Camping AG<\/title>\n<meta name=\"robots\" content=\"index, follow, max-snippet:-1, max-image-preview:large, max-video-preview:-1\" \/>\n<link rel=\"canonical\" href=\"https:\/\/shop.bantam.ch\/de\/produkt\/lithium-batterie-12v\/\" \/>\n<meta property=\"og:locale\" content=\"de_DE\" \/>\n<meta property=\"og:type\" content=\"article\" \/>\n<meta property=\"og:title\" content=\"Lithium Batterie 12V - Bantam Camping AG\" \/>\n<meta property=\"og:description\" content=\"ENDURO Lithium Batterie &#8211; in ihrer Klasse ein absolutes Fliegengewicht Die Lithium Batterie ist speziell auf die Anforderungen Ihrer Rangierhilfe abgestimmt. Die Batterie liefert ein max. Ausgangsstrom von bis zu 120A. So k\u00f6nnen selbst gro\u00dfe und schwere Anh\u00e4nger mit entsprechenden Rangierhilfen angetrieben werden. Die Kapazit\u00e4t der LI1220 reicht dabei f\u00fcr 10 &#8211; 30 min rangieren. [&hellip;]\" \/>\n<meta property=\"og:url\" content=\"https:\/\/shop.bantam.ch\/de\/produkt\/lithium-batterie-12v\/\" \/>\n<meta property=\"og:site_name\" content=\"Bantam Camping AG\" \/>\n<meta property=\"article:modified_time\" content=\"2026-04-18T21:12:57+00:00\" \/>\n<meta property=\"og:image\" content=\"https:\/\/shop.bantam.ch\/wp-content\/uploads\/2023\/02\/9960821.jpg\" \/>\n\t<meta property=\"og:image:width\" content=\"1000\" \/>\n\t<meta property=\"og:image:height\" content=\"787\" \/>\n\t<meta property=\"og:image:type\" content=\"image\/jpeg\" \/>\n<meta name=\"twitter:card\" content=\"summary_large_image\" \/>\n<meta name=\"twitter:label1\" content=\"Gesch\u00e4tzte Lesezeit\" \/>\n\t<meta name=\"twitter:data1\" content=\"1\u00a0Minute\" \/>\n<script type=\"application\/ld+json\" class=\"yoast-schema-graph\">{\"@context\":\"https:\\\/\\\/schema.org\",\"@graph\":[{\"@type\":\"WebPage\",\"@id\":\"https:\\\/\\\/shop.bantam.ch\\\/de\\\/produkt\\\/lithium-batterie-12v\\\/\",\"url\":\"https:\\\/\\\/shop.bantam.ch\\\/de\\\/produkt\\\/lithium-batterie-12v\\\/\",\"name\":\"Lithium Batterie 12V - Bantam Camping AG\",\"isPartOf\":{\"@id\":\"https:\\\/\\\/shop.bantam.ch\\\/de\\\/#website\"},\"primaryImageOfPage\":{\"@id\":\"https:\\\/\\\/shop.bantam.ch\\\/de\\\/produkt\\\/lithium-batterie-12v\\\/#primaryimage\"},\"image\":{\"@id\":\"https:\\\/\\\/shop.bantam.ch\\\/de\\\/produkt\\\/lithium-batterie-12v\\\/#primaryimage\"},\"thumbnailUrl\":\"https:\\\/\\\/shop.bantam.ch\\\/wp-content\\\/uploads\\\/2023\\\/02\\\/9960821.jpg\",\"datePublished\":\"2023-02-28T07:35:34+00:00\",\"dateModified\":\"2026-04-18T21:12:57+00:00\",\"breadcrumb\":{\"@id\":\"https:\\\/\\\/shop.bantam.ch\\\/de\\\/produkt\\\/lithium-batterie-12v\\\/#breadcrumb\"},\"inLanguage\":\"de\",\"potentialAction\":[{\"@type\":\"ReadAction\",\"target\":[\"https:\\\/\\\/shop.bantam.ch\\\/de\\\/produkt\\\/lithium-batterie-12v\\\/\"]}]},{\"@type\":\"ImageObject\",\"inLanguage\":\"de\",\"@id\":\"https:\\\/\\\/shop.bantam.ch\\\/de\\\/produkt\\\/lithium-batterie-12v\\\/#primaryimage\",\"url\":\"https:\\\/\\\/shop.bantam.ch\\\/wp-content\\\/uploads\\\/2023\\\/02\\\/9960821.jpg\",\"contentUrl\":\"https:\\\/\\\/shop.bantam.ch\\\/wp-content\\\/uploads\\\/2023\\\/02\\\/9960821.jpg\",\"width\":1000,\"height\":787},{\"@type\":\"BreadcrumbList\",\"@id\":\"https:\\\/\\\/shop.bantam.ch\\\/de\\\/produkt\\\/lithium-batterie-12v\\\/#breadcrumb\",\"itemListElement\":[{\"@type\":\"ListItem\",\"position\":1,\"name\":\"Accueil\",\"item\":\"https:\\\/\\\/shop.bantam.ch\\\/de\\\/\"},{\"@type\":\"ListItem\",\"position\":2,\"name\":\"Shop\",\"item\":\"https:\\\/\\\/shop.bantam.ch\\\/de\\\/shop\\\/\"},{\"@type\":\"ListItem\",\"position\":3,\"name\":\"Lithium Batterie 12V\"}]},{\"@type\":\"WebSite\",\"@id\":\"https:\\\/\\\/shop.bantam.ch\\\/de\\\/#website\",\"url\":\"https:\\\/\\\/shop.bantam.ch\\\/de\\\/\",\"name\":\"Bantam Camping AG\",\"description\":\"\",\"publisher\":{\"@id\":\"https:\\\/\\\/shop.bantam.ch\\\/de\\\/#organization\"},\"inLanguage\":\"de\"},{\"@type\":\"Organization\",\"@id\":\"https:\\\/\\\/shop.bantam.ch\\\/de\\\/#organization\",\"name\":\"Bantam Camping AG\",\"url\":\"https:\\\/\\\/shop.bantam.ch\\\/de\\\/\",\"logo\":{\"@type\":\"ImageObject\",\"inLanguage\":\"de\",\"@id\":\"https:\\\/\\\/shop.bantam.ch\\\/de\\\/#\\\/schema\\\/logo\\\/image\\\/\",\"url\":\"https:\\\/\\\/shop.bantam.ch\\\/wp-content\\\/uploads\\\/2022\\\/12\\\/bantam-logo.png\",\"contentUrl\":\"https:\\\/\\\/shop.bantam.ch\\\/wp-content\\\/uploads\\\/2022\\\/12\\\/bantam-logo.png\",\"width\":320,\"height\":71,\"caption\":\"Bantam Camping AG\"},\"image\":{\"@id\":\"https:\\\/\\\/shop.bantam.ch\\\/de\\\/#\\\/schema\\\/logo\\\/image\\\/\"}}]}<\/script>\n<!-- \/ Yoast SEO plugin. -->","yoast_head_json":{"title":"Lithium Batterie 12V - Bantam Camping AG","robots":{"index":"index","follow":"follow","max-snippet":"max-snippet:-1","max-image-preview":"max-image-preview:large","max-video-preview":"max-video-preview:-1"},"canonical":"https:\/\/shop.bantam.ch\/de\/produkt\/lithium-batterie-12v\/","og_locale":"de_DE","og_type":"article","og_title":"Lithium Batterie 12V - Bantam Camping AG","og_description":"ENDURO Lithium Batterie &#8211; in ihrer Klasse ein absolutes Fliegengewicht Die Lithium Batterie ist speziell auf die Anforderungen Ihrer Rangierhilfe abgestimmt. Die Batterie liefert ein max. Ausgangsstrom von bis zu 120A. So k\u00f6nnen selbst gro\u00dfe und schwere Anh\u00e4nger mit entsprechenden Rangierhilfen angetrieben werden. Die Kapazit\u00e4t der LI1220 reicht dabei f\u00fcr 10 &#8211; 30 min rangieren. [&hellip;]","og_url":"https:\/\/shop.bantam.ch\/de\/produkt\/lithium-batterie-12v\/","og_site_name":"Bantam Camping AG","article_modified_time":"2026-04-18T21:12:57+00:00","og_image":[{"width":1000,"height":787,"url":"https:\/\/shop.bantam.ch\/wp-content\/uploads\/2023\/02\/9960821.jpg","type":"image\/jpeg"}],"twitter_card":"summary_large_image","twitter_misc":{"Gesch\u00e4tzte Lesezeit":"1\u00a0Minute"},"schema":{"@context":"https:\/\/schema.org","@graph":[{"@type":"WebPage","@id":"https:\/\/shop.bantam.ch\/de\/produkt\/lithium-batterie-12v\/","url":"https:\/\/shop.bantam.ch\/de\/produkt\/lithium-batterie-12v\/","name":"Lithium Batterie 12V - Bantam Camping AG","isPartOf":{"@id":"https:\/\/shop.bantam.ch\/de\/#website"},"primaryImageOfPage":{"@id":"https:\/\/shop.bantam.ch\/de\/produkt\/lithium-batterie-12v\/#primaryimage"},"image":{"@id":"https:\/\/shop.bantam.ch\/de\/produkt\/lithium-batterie-12v\/#primaryimage"},"thumbnailUrl":"https:\/\/shop.bantam.ch\/wp-content\/uploads\/2023\/02\/9960821.jpg","datePublished":"2023-02-28T07:35:34+00:00","dateModified":"2026-04-18T21:12:57+00:00","breadcrumb":{"@id":"https:\/\/shop.bantam.ch\/de\/produkt\/lithium-batterie-12v\/#breadcrumb"},"inLanguage":"de","potentialAction":[{"@type":"ReadAction","target":["https:\/\/shop.bantam.ch\/de\/produkt\/lithium-batterie-12v\/"]}]},{"@type":"ImageObject","inLanguage":"de","@id":"https:\/\/shop.bantam.ch\/de\/produkt\/lithium-batterie-12v\/#primaryimage","url":"https:\/\/shop.bantam.ch\/wp-content\/uploads\/2023\/02\/9960821.jpg","contentUrl":"https:\/\/shop.bantam.ch\/wp-content\/uploads\/2023\/02\/9960821.jpg","width":1000,"height":787},{"@type":"BreadcrumbList","@id":"https:\/\/shop.bantam.ch\/de\/produkt\/lithium-batterie-12v\/#breadcrumb","itemListElement":[{"@type":"ListItem","position":1,"name":"Accueil","item":"https:\/\/shop.bantam.ch\/de\/"},{"@type":"ListItem","position":2,"name":"Shop","item":"https:\/\/shop.bantam.ch\/de\/shop\/"},{"@type":"ListItem","position":3,"name":"Lithium Batterie 12V"}]},{"@type":"WebSite","@id":"https:\/\/shop.bantam.ch\/de\/#website","url":"https:\/\/shop.bantam.ch\/de\/","name":"Bantam Camping AG","description":"","publisher":{"@id":"https:\/\/shop.bantam.ch\/de\/#organization"},"inLanguage":"de"},{"@type":"Organization","@id":"https:\/\/shop.bantam.ch\/de\/#organization","name":"Bantam Camping AG","url":"https:\/\/shop.bantam.ch\/de\/","logo":{"@type":"ImageObject","inLanguage":"de","@id":"https:\/\/shop.bantam.ch\/de\/#\/schema\/logo\/image\/","url":"https:\/\/shop.bantam.ch\/wp-content\/uploads\/2022\/12\/bantam-logo.png","contentUrl":"https:\/\/shop.bantam.ch\/wp-content\/uploads\/2022\/12\/bantam-logo.png","width":320,"height":71,"caption":"Bantam Camping AG"},"image":{"@id":"https:\/\/shop.bantam.ch\/de\/#\/schema\/logo\/image\/"}}]}},"_links":{"self":[{"href":"https:\/\/shop.bantam.ch\/de\/wp-json\/wp\/v2\/product\/108391","targetHints":{"allow":["GET"]}}],"collection":[{"href":"https:\/\/shop.bantam.ch\/de\/wp-json\/wp\/v2\/product"}],"about":[{"href":"https:\/\/shop.bantam.ch\/de\/wp-json\/wp\/v2\/types\/product"}],"wp:featuredmedia":[{"embeddable":true,"href":"https:\/\/shop.bantam.ch\/de\/wp-json\/wp\/v2\/media\/108381"}],"wp:attachment":[{"href":"https:\/\/shop.bantam.ch\/de\/wp-json\/wp\/v2\/media?parent=108391"}],"wp:term":[{"taxonomy":"product_featured_cat","embeddable":true,"href":"https:\/\/shop.bantam.ch\/de\/wp-json\/wp\/v2\/product_featured_cat?post=108391"},{"taxonomy":"product_brand","embeddable":true,"href":"https:\/\/shop.bantam.ch\/de\/wp-json\/wp\/v2\/product_brand?post=108391"},{"taxonomy":"product_cat","embeddable":true,"href":"https:\/\/shop.bantam.ch\/de\/wp-json\/wp\/v2\/product_cat?post=108391"},{"taxonomy":"product_tag","embeddable":true,"href":"https:\/\/shop.bantam.ch\/de\/wp-json\/wp\/v2\/product_tag?post=108391"}],"curies":[{"name":"wp","href":"https:\/\/api.w.org\/{rel}","templated":true}]}}