{"id":108263,"date":"2023-02-28T08:32:52","date_gmt":"2023-02-28T07:32:52","guid":{"rendered":"http:\/\/shop.bantam.ch\/produit\/busvorzelt-cross-air\/"},"modified":"2026-04-18T21:40:09","modified_gmt":"2026-04-18T19:40:09","slug":"busvorzelt-cross-air","status":"publish","type":"product","link":"https:\/\/shop.bantam.ch\/de\/produkt\/busvorzelt-cross-air\/","title":{"rendered":"Busvorzelt Kampa Cross AIR"},"content":{"rendered":"<p>Busvorzelt Cross AIR.<\/p>\n<p>Komfort bei jedem Wetter. Dank der innovativen Kampa Luftrahmentechnologie bietet das Cross AIR mit seinen steil ansteigenden W\u00e4nden einen ger\u00e4umigen Wohnbereich. Hin-zu kommt die intelligente Frontkonstruktion\u00a0 mit einer D-f\u00f6rmigen T\u00fcr, die sich zur H\u00e4lfte oder komplett aufrollen l\u00e4sst. Das gro\u00dfe Vordach schafft einen wettergesch\u00fctzten Eingangsbereich. Weitere Cross AIR Vorz\u00fcge: Bodensch\u00fcrze mit Clip-Befestigung, Fenster mit Rollos f\u00fcr mehr Privatsph\u00e4re, Netzwand an der Frontt\u00fcr.<br \/>Mit dem innovativen Weathershield 68D Material bleiben Gewicht und Packgr\u00f6\u00dfe auf ein Mindestma\u00df beschr\u00e4nkt.<\/p>\n<p>Material:<br \/>Polyester<\/p>\n<p>Lieferumfang:<br \/>Quickpitch Abspannleinen<br \/>Handpumpe<br \/>1 Satz Plastik Heringe<br \/>1 Satz Stahl Heringe<br \/>Bodenplane<\/p>\n","protected":false},"excerpt":{"rendered":"<p>Busvorzelt Cross AIR. Komfort bei jedem Wetter. Dank der innovativen Kampa Luftrahmentechnologie bietet das Cross AIR mit seinen steil ansteigenden W\u00e4nden einen ger\u00e4umigen Wohnbereich. Hin-zu kommt die intelligente Frontkonstruktion\u00a0 mit einer D-f\u00f6rmigen T\u00fcr, die sich zur H\u00e4lfte oder komplett aufrollen l\u00e4sst. Das gro\u00dfe Vordach schafft einen wettergesch\u00fctzten Eingangsbereich. Weitere Cross AIR Vorz\u00fcge: Bodensch\u00fcrze mit Clip-Befestigung, [&hellip;]<\/p>\n","protected":false},"featured_media":108261,"template":"","meta":{"_acf_changed":false},"product_featured_cat":[],"product_brand":[3559],"product_cat":[4916],"product_tag":[],"class_list":{"0":"post-108263","1":"product","2":"type-product","3":"status-publish","4":"has-post-thumbnail","6":"product_brand-kampa-de","7":"product_cat-wohnmobil-bus-vorzelte","9":"first","10":"instock","11":"taxable","12":"shipping-taxable","13":"purchasable","14":"product-type-simple"},"acf":[],"yoast_head":"<!-- This site is optimized with the Yoast SEO plugin v27.4 - https:\/\/yoast.com\/product\/yoast-seo-wordpress\/ -->\n<title>Busvorzelt Kampa Cross AIR - Bantam Camping AG<\/title>\n<meta name=\"robots\" content=\"index, follow, max-snippet:-1, max-image-preview:large, max-video-preview:-1\" \/>\n<link rel=\"canonical\" href=\"https:\/\/shop.bantam.ch\/de\/produkt\/busvorzelt-cross-air\/\" \/>\n<meta property=\"og:locale\" content=\"de_DE\" \/>\n<meta property=\"og:type\" content=\"article\" \/>\n<meta property=\"og:title\" content=\"Busvorzelt Kampa Cross AIR - Bantam Camping AG\" \/>\n<meta property=\"og:description\" content=\"Busvorzelt Cross AIR. Komfort bei jedem Wetter. Dank der innovativen Kampa Luftrahmentechnologie bietet das Cross AIR mit seinen steil ansteigenden W\u00e4nden einen ger\u00e4umigen Wohnbereich. Hin-zu kommt die intelligente Frontkonstruktion\u00a0 mit einer D-f\u00f6rmigen T\u00fcr, die sich zur H\u00e4lfte oder komplett aufrollen l\u00e4sst. Das gro\u00dfe Vordach schafft einen wettergesch\u00fctzten Eingangsbereich. Weitere Cross AIR Vorz\u00fcge: Bodensch\u00fcrze mit Clip-Befestigung, [&hellip;]\" \/>\n<meta property=\"og:url\" content=\"https:\/\/shop.bantam.ch\/de\/produkt\/busvorzelt-cross-air\/\" \/>\n<meta property=\"og:site_name\" content=\"Bantam Camping AG\" \/>\n<meta property=\"article:modified_time\" content=\"2026-04-18T19:40:09+00:00\" \/>\n<meta property=\"og:image\" content=\"https:\/\/shop.bantam.ch\/wp-content\/uploads\/2023\/02\/995697311.jpg\" \/>\n\t<meta property=\"og:image:width\" content=\"1000\" \/>\n\t<meta property=\"og:image:height\" content=\"512\" \/>\n\t<meta property=\"og:image:type\" content=\"image\/jpeg\" \/>\n<meta name=\"twitter:card\" content=\"summary_large_image\" \/>\n<meta name=\"twitter:label1\" content=\"Gesch\u00e4tzte Lesezeit\" \/>\n\t<meta name=\"twitter:data1\" content=\"1\u00a0Minute\" \/>\n<script type=\"application\/ld+json\" class=\"yoast-schema-graph\">{\"@context\":\"https:\\\/\\\/schema.org\",\"@graph\":[{\"@type\":\"WebPage\",\"@id\":\"https:\\\/\\\/shop.bantam.ch\\\/de\\\/produkt\\\/busvorzelt-cross-air\\\/\",\"url\":\"https:\\\/\\\/shop.bantam.ch\\\/de\\\/produkt\\\/busvorzelt-cross-air\\\/\",\"name\":\"Busvorzelt Kampa Cross AIR - Bantam Camping AG\",\"isPartOf\":{\"@id\":\"https:\\\/\\\/shop.bantam.ch\\\/de\\\/#website\"},\"primaryImageOfPage\":{\"@id\":\"https:\\\/\\\/shop.bantam.ch\\\/de\\\/produkt\\\/busvorzelt-cross-air\\\/#primaryimage\"},\"image\":{\"@id\":\"https:\\\/\\\/shop.bantam.ch\\\/de\\\/produkt\\\/busvorzelt-cross-air\\\/#primaryimage\"},\"thumbnailUrl\":\"https:\\\/\\\/shop.bantam.ch\\\/wp-content\\\/uploads\\\/2023\\\/02\\\/995697311.jpg\",\"datePublished\":\"2023-02-28T07:32:52+00:00\",\"dateModified\":\"2026-04-18T19:40:09+00:00\",\"breadcrumb\":{\"@id\":\"https:\\\/\\\/shop.bantam.ch\\\/de\\\/produkt\\\/busvorzelt-cross-air\\\/#breadcrumb\"},\"inLanguage\":\"de\",\"potentialAction\":[{\"@type\":\"ReadAction\",\"target\":[\"https:\\\/\\\/shop.bantam.ch\\\/de\\\/produkt\\\/busvorzelt-cross-air\\\/\"]}]},{\"@type\":\"ImageObject\",\"inLanguage\":\"de\",\"@id\":\"https:\\\/\\\/shop.bantam.ch\\\/de\\\/produkt\\\/busvorzelt-cross-air\\\/#primaryimage\",\"url\":\"https:\\\/\\\/shop.bantam.ch\\\/wp-content\\\/uploads\\\/2023\\\/02\\\/995697311.jpg\",\"contentUrl\":\"https:\\\/\\\/shop.bantam.ch\\\/wp-content\\\/uploads\\\/2023\\\/02\\\/995697311.jpg\",\"width\":1000,\"height\":512},{\"@type\":\"BreadcrumbList\",\"@id\":\"https:\\\/\\\/shop.bantam.ch\\\/de\\\/produkt\\\/busvorzelt-cross-air\\\/#breadcrumb\",\"itemListElement\":[{\"@type\":\"ListItem\",\"position\":1,\"name\":\"Accueil\",\"item\":\"https:\\\/\\\/shop.bantam.ch\\\/de\\\/\"},{\"@type\":\"ListItem\",\"position\":2,\"name\":\"Shop\",\"item\":\"https:\\\/\\\/shop.bantam.ch\\\/de\\\/shop\\\/\"},{\"@type\":\"ListItem\",\"position\":3,\"name\":\"Busvorzelt Kampa Cross AIR\"}]},{\"@type\":\"WebSite\",\"@id\":\"https:\\\/\\\/shop.bantam.ch\\\/de\\\/#website\",\"url\":\"https:\\\/\\\/shop.bantam.ch\\\/de\\\/\",\"name\":\"Bantam Camping AG\",\"description\":\"\",\"publisher\":{\"@id\":\"https:\\\/\\\/shop.bantam.ch\\\/de\\\/#organization\"},\"inLanguage\":\"de\"},{\"@type\":\"Organization\",\"@id\":\"https:\\\/\\\/shop.bantam.ch\\\/de\\\/#organization\",\"name\":\"Bantam Camping AG\",\"url\":\"https:\\\/\\\/shop.bantam.ch\\\/de\\\/\",\"logo\":{\"@type\":\"ImageObject\",\"inLanguage\":\"de\",\"@id\":\"https:\\\/\\\/shop.bantam.ch\\\/de\\\/#\\\/schema\\\/logo\\\/image\\\/\",\"url\":\"https:\\\/\\\/shop.bantam.ch\\\/wp-content\\\/uploads\\\/2022\\\/12\\\/bantam-logo.png\",\"contentUrl\":\"https:\\\/\\\/shop.bantam.ch\\\/wp-content\\\/uploads\\\/2022\\\/12\\\/bantam-logo.png\",\"width\":320,\"height\":71,\"caption\":\"Bantam Camping AG\"},\"image\":{\"@id\":\"https:\\\/\\\/shop.bantam.ch\\\/de\\\/#\\\/schema\\\/logo\\\/image\\\/\"}}]}<\/script>\n<!-- \/ Yoast SEO plugin. -->","yoast_head_json":{"title":"Busvorzelt Kampa Cross AIR - Bantam Camping AG","robots":{"index":"index","follow":"follow","max-snippet":"max-snippet:-1","max-image-preview":"max-image-preview:large","max-video-preview":"max-video-preview:-1"},"canonical":"https:\/\/shop.bantam.ch\/de\/produkt\/busvorzelt-cross-air\/","og_locale":"de_DE","og_type":"article","og_title":"Busvorzelt Kampa Cross AIR - Bantam Camping AG","og_description":"Busvorzelt Cross AIR. Komfort bei jedem Wetter. Dank der innovativen Kampa Luftrahmentechnologie bietet das Cross AIR mit seinen steil ansteigenden W\u00e4nden einen ger\u00e4umigen Wohnbereich. Hin-zu kommt die intelligente Frontkonstruktion\u00a0 mit einer D-f\u00f6rmigen T\u00fcr, die sich zur H\u00e4lfte oder komplett aufrollen l\u00e4sst. Das gro\u00dfe Vordach schafft einen wettergesch\u00fctzten Eingangsbereich. Weitere Cross AIR Vorz\u00fcge: Bodensch\u00fcrze mit Clip-Befestigung, [&hellip;]","og_url":"https:\/\/shop.bantam.ch\/de\/produkt\/busvorzelt-cross-air\/","og_site_name":"Bantam Camping AG","article_modified_time":"2026-04-18T19:40:09+00:00","og_image":[{"width":1000,"height":512,"url":"https:\/\/shop.bantam.ch\/wp-content\/uploads\/2023\/02\/995697311.jpg","type":"image\/jpeg"}],"twitter_card":"summary_large_image","twitter_misc":{"Gesch\u00e4tzte Lesezeit":"1\u00a0Minute"},"schema":{"@context":"https:\/\/schema.org","@graph":[{"@type":"WebPage","@id":"https:\/\/shop.bantam.ch\/de\/produkt\/busvorzelt-cross-air\/","url":"https:\/\/shop.bantam.ch\/de\/produkt\/busvorzelt-cross-air\/","name":"Busvorzelt Kampa Cross AIR - Bantam Camping AG","isPartOf":{"@id":"https:\/\/shop.bantam.ch\/de\/#website"},"primaryImageOfPage":{"@id":"https:\/\/shop.bantam.ch\/de\/produkt\/busvorzelt-cross-air\/#primaryimage"},"image":{"@id":"https:\/\/shop.bantam.ch\/de\/produkt\/busvorzelt-cross-air\/#primaryimage"},"thumbnailUrl":"https:\/\/shop.bantam.ch\/wp-content\/uploads\/2023\/02\/995697311.jpg","datePublished":"2023-02-28T07:32:52+00:00","dateModified":"2026-04-18T19:40:09+00:00","breadcrumb":{"@id":"https:\/\/shop.bantam.ch\/de\/produkt\/busvorzelt-cross-air\/#breadcrumb"},"inLanguage":"de","potentialAction":[{"@type":"ReadAction","target":["https:\/\/shop.bantam.ch\/de\/produkt\/busvorzelt-cross-air\/"]}]},{"@type":"ImageObject","inLanguage":"de","@id":"https:\/\/shop.bantam.ch\/de\/produkt\/busvorzelt-cross-air\/#primaryimage","url":"https:\/\/shop.bantam.ch\/wp-content\/uploads\/2023\/02\/995697311.jpg","contentUrl":"https:\/\/shop.bantam.ch\/wp-content\/uploads\/2023\/02\/995697311.jpg","width":1000,"height":512},{"@type":"BreadcrumbList","@id":"https:\/\/shop.bantam.ch\/de\/produkt\/busvorzelt-cross-air\/#breadcrumb","itemListElement":[{"@type":"ListItem","position":1,"name":"Accueil","item":"https:\/\/shop.bantam.ch\/de\/"},{"@type":"ListItem","position":2,"name":"Shop","item":"https:\/\/shop.bantam.ch\/de\/shop\/"},{"@type":"ListItem","position":3,"name":"Busvorzelt Kampa Cross AIR"}]},{"@type":"WebSite","@id":"https:\/\/shop.bantam.ch\/de\/#website","url":"https:\/\/shop.bantam.ch\/de\/","name":"Bantam Camping AG","description":"","publisher":{"@id":"https:\/\/shop.bantam.ch\/de\/#organization"},"inLanguage":"de"},{"@type":"Organization","@id":"https:\/\/shop.bantam.ch\/de\/#organization","name":"Bantam Camping AG","url":"https:\/\/shop.bantam.ch\/de\/","logo":{"@type":"ImageObject","inLanguage":"de","@id":"https:\/\/shop.bantam.ch\/de\/#\/schema\/logo\/image\/","url":"https:\/\/shop.bantam.ch\/wp-content\/uploads\/2022\/12\/bantam-logo.png","contentUrl":"https:\/\/shop.bantam.ch\/wp-content\/uploads\/2022\/12\/bantam-logo.png","width":320,"height":71,"caption":"Bantam Camping AG"},"image":{"@id":"https:\/\/shop.bantam.ch\/de\/#\/schema\/logo\/image\/"}}]}},"_links":{"self":[{"href":"https:\/\/shop.bantam.ch\/de\/wp-json\/wp\/v2\/product\/108263","targetHints":{"allow":["GET"]}}],"collection":[{"href":"https:\/\/shop.bantam.ch\/de\/wp-json\/wp\/v2\/product"}],"about":[{"href":"https:\/\/shop.bantam.ch\/de\/wp-json\/wp\/v2\/types\/product"}],"wp:featuredmedia":[{"embeddable":true,"href":"https:\/\/shop.bantam.ch\/de\/wp-json\/wp\/v2\/media\/108261"}],"wp:attachment":[{"href":"https:\/\/shop.bantam.ch\/de\/wp-json\/wp\/v2\/media?parent=108263"}],"wp:term":[{"taxonomy":"product_featured_cat","embeddable":true,"href":"https:\/\/shop.bantam.ch\/de\/wp-json\/wp\/v2\/product_featured_cat?post=108263"},{"taxonomy":"product_brand","embeddable":true,"href":"https:\/\/shop.bantam.ch\/de\/wp-json\/wp\/v2\/product_brand?post=108263"},{"taxonomy":"product_cat","embeddable":true,"href":"https:\/\/shop.bantam.ch\/de\/wp-json\/wp\/v2\/product_cat?post=108263"},{"taxonomy":"product_tag","embeddable":true,"href":"https:\/\/shop.bantam.ch\/de\/wp-json\/wp\/v2\/product_tag?post=108263"}],"curies":[{"name":"wp","href":"https:\/\/api.w.org\/{rel}","templated":true}]}}