{"id":108230,"date":"2023-02-28T08:31:42","date_gmt":"2023-02-28T07:31:42","guid":{"rendered":"http:\/\/shop.bantam.ch\/produit\/wechselrichter-pur-sinus-inverter-600-w\/"},"modified":"2026-04-17T21:39:07","modified_gmt":"2026-04-17T19:39:07","slug":"wechselrichter-pur-sinus-inverter-600-w","status":"publish","type":"product","link":"https:\/\/shop.bantam.ch\/de\/produkt\/wechselrichter-pur-sinus-inverter-600-w\/","title":{"rendered":"Wechselrichter ANTARION Pur Sinus Inverter 600 W"},"content":{"rendered":"<ul>\n<li>Hoher Wirkungsgrad<\/li>\n<li>Ideal f\u00fcr alle energieintensiven Ger\u00e4te beim Start.<\/li>\n<li>Sch\u00fctzt und konserviert die Batterien von kleinen elektrischen Ger\u00e4ten (Laptop-PC, Digitalkamera, Telefon,&#8230;.).<\/li>\n<li>Fernbedienung mit Energiesparfunktion ab 600 W<\/li>\n<li>Schaltpriorit\u00e4t auf 220 V ab 1000 W aufw\u00e4rts<\/li>\n<li>Eingangsspannung 10.5 -16.5 V,Schutz gegen \u00dcberhitzung, Verpolung, \u00dcberlastung und Kurzschluss. Wirkungsgrad\u00a0 &gt; 85%<\/li>\n<li>Serienm\u00e4\u00dfig mit integrierter Netzvorrangschaltung ab 1.000 W und Fernbedienung ab 600 W<\/li>\n<\/ul>\n<p>Leistungsmerkmale:<\/p>\n<ul>\n<li>Ausgangsleistung: 600 W<\/li>\n<li>Max. Nennleistung (1 Mio.): 690 W<\/li>\n<li>Spitzenleistung (1 s): 1200 W<\/li>\n<li>Ertrag: 90%<\/li>\n<li>Spannung: 12-230 V<\/li>\n<li>Unterspannungs- und \u00dcberspannungsschutz: 10,5 V &#8211; 16,5 V<\/li>\n<li>Ausgangsfrequenz: (Hz) 50<\/li>\n<li>Leerlaufverbrauch im Energiesparmodus: &lt; 0.2 A<\/li>\n<li>USB-Anschluss: 5 V &#8211; 1 A<\/li>\n<li>Verbindungstechnik vorhanden: 10 mm\u00b2<\/li>\n<li>Batterienanschlu\u00dfkabel im Lieferumfang enthalten<\/li>\n<li>Automatische Netzumschaltung (CP100 &#8211; CP3000)<\/li>\n<\/ul>\n","protected":false},"excerpt":{"rendered":"<p>Hoher Wirkungsgrad Ideal f\u00fcr alle energieintensiven Ger\u00e4te beim Start. Sch\u00fctzt und konserviert die Batterien von kleinen elektrischen Ger\u00e4ten (Laptop-PC, Digitalkamera, Telefon,&#8230;.). Fernbedienung mit Energiesparfunktion ab 600 W Schaltpriorit\u00e4t auf 220 V ab 1000 W aufw\u00e4rts Eingangsspannung 10.5 -16.5 V,Schutz gegen \u00dcberhitzung, Verpolung, \u00dcberlastung und Kurzschluss. Wirkungsgrad\u00a0 &gt; 85% Serienm\u00e4\u00dfig mit integrierter Netzvorrangschaltung ab 1.000 W [&hellip;]<\/p>\n","protected":false},"featured_media":108228,"template":"","meta":{"_acf_changed":false},"product_featured_cat":[],"product_brand":[3505],"product_cat":[4170],"product_tag":[],"class_list":{"0":"post-108230","1":"product","2":"type-product","3":"status-publish","4":"has-post-thumbnail","6":"product_brand-antarion-de","7":"product_cat-wechselrichter","9":"first","10":"instock","11":"taxable","12":"shipping-taxable","13":"purchasable","14":"product-type-simple"},"acf":[],"yoast_head":"<!-- This site is optimized with the Yoast SEO plugin v27.4 - https:\/\/yoast.com\/product\/yoast-seo-wordpress\/ -->\n<title>Wechselrichter ANTARION Pur Sinus Inverter 600 W - Bantam Camping AG<\/title>\n<meta name=\"robots\" content=\"index, follow, max-snippet:-1, max-image-preview:large, max-video-preview:-1\" \/>\n<link rel=\"canonical\" href=\"https:\/\/shop.bantam.ch\/de\/produkt\/wechselrichter-pur-sinus-inverter-600-w\/\" \/>\n<meta property=\"og:locale\" content=\"de_DE\" \/>\n<meta property=\"og:type\" content=\"article\" \/>\n<meta property=\"og:title\" content=\"Wechselrichter ANTARION Pur Sinus Inverter 600 W - Bantam Camping AG\" \/>\n<meta property=\"og:description\" content=\"Hoher Wirkungsgrad Ideal f\u00fcr alle energieintensiven Ger\u00e4te beim Start. Sch\u00fctzt und konserviert die Batterien von kleinen elektrischen Ger\u00e4ten (Laptop-PC, Digitalkamera, Telefon,&#8230;.). Fernbedienung mit Energiesparfunktion ab 600 W Schaltpriorit\u00e4t auf 220 V ab 1000 W aufw\u00e4rts Eingangsspannung 10.5 -16.5 V,Schutz gegen \u00dcberhitzung, Verpolung, \u00dcberlastung und Kurzschluss. Wirkungsgrad\u00a0 &gt; 85% Serienm\u00e4\u00dfig mit integrierter Netzvorrangschaltung ab 1.000 W [&hellip;]\" \/>\n<meta property=\"og:url\" content=\"https:\/\/shop.bantam.ch\/de\/produkt\/wechselrichter-pur-sinus-inverter-600-w\/\" \/>\n<meta property=\"og:site_name\" content=\"Bantam Camping AG\" \/>\n<meta property=\"article:modified_time\" content=\"2026-04-17T19:39:07+00:00\" \/>\n<meta property=\"og:image\" content=\"https:\/\/shop.bantam.ch\/wp-content\/uploads\/2023\/02\/996075211.jpg\" \/>\n\t<meta property=\"og:image:width\" content=\"1000\" \/>\n\t<meta property=\"og:image:height\" content=\"628\" \/>\n\t<meta property=\"og:image:type\" content=\"image\/jpeg\" \/>\n<meta name=\"twitter:card\" content=\"summary_large_image\" \/>\n<meta name=\"twitter:label1\" content=\"Gesch\u00e4tzte Lesezeit\" \/>\n\t<meta name=\"twitter:data1\" content=\"1\u00a0Minute\" \/>\n<script type=\"application\/ld+json\" class=\"yoast-schema-graph\">{\"@context\":\"https:\\\/\\\/schema.org\",\"@graph\":[{\"@type\":\"WebPage\",\"@id\":\"https:\\\/\\\/shop.bantam.ch\\\/de\\\/produkt\\\/wechselrichter-pur-sinus-inverter-600-w\\\/\",\"url\":\"https:\\\/\\\/shop.bantam.ch\\\/de\\\/produkt\\\/wechselrichter-pur-sinus-inverter-600-w\\\/\",\"name\":\"Wechselrichter ANTARION Pur Sinus Inverter 600 W - Bantam Camping AG\",\"isPartOf\":{\"@id\":\"https:\\\/\\\/shop.bantam.ch\\\/de\\\/#website\"},\"primaryImageOfPage\":{\"@id\":\"https:\\\/\\\/shop.bantam.ch\\\/de\\\/produkt\\\/wechselrichter-pur-sinus-inverter-600-w\\\/#primaryimage\"},\"image\":{\"@id\":\"https:\\\/\\\/shop.bantam.ch\\\/de\\\/produkt\\\/wechselrichter-pur-sinus-inverter-600-w\\\/#primaryimage\"},\"thumbnailUrl\":\"https:\\\/\\\/shop.bantam.ch\\\/wp-content\\\/uploads\\\/2023\\\/02\\\/996075211.jpg\",\"datePublished\":\"2023-02-28T07:31:42+00:00\",\"dateModified\":\"2026-04-17T19:39:07+00:00\",\"breadcrumb\":{\"@id\":\"https:\\\/\\\/shop.bantam.ch\\\/de\\\/produkt\\\/wechselrichter-pur-sinus-inverter-600-w\\\/#breadcrumb\"},\"inLanguage\":\"de\",\"potentialAction\":[{\"@type\":\"ReadAction\",\"target\":[\"https:\\\/\\\/shop.bantam.ch\\\/de\\\/produkt\\\/wechselrichter-pur-sinus-inverter-600-w\\\/\"]}]},{\"@type\":\"ImageObject\",\"inLanguage\":\"de\",\"@id\":\"https:\\\/\\\/shop.bantam.ch\\\/de\\\/produkt\\\/wechselrichter-pur-sinus-inverter-600-w\\\/#primaryimage\",\"url\":\"https:\\\/\\\/shop.bantam.ch\\\/wp-content\\\/uploads\\\/2023\\\/02\\\/996075211.jpg\",\"contentUrl\":\"https:\\\/\\\/shop.bantam.ch\\\/wp-content\\\/uploads\\\/2023\\\/02\\\/996075211.jpg\",\"width\":1000,\"height\":628},{\"@type\":\"BreadcrumbList\",\"@id\":\"https:\\\/\\\/shop.bantam.ch\\\/de\\\/produkt\\\/wechselrichter-pur-sinus-inverter-600-w\\\/#breadcrumb\",\"itemListElement\":[{\"@type\":\"ListItem\",\"position\":1,\"name\":\"Accueil\",\"item\":\"https:\\\/\\\/shop.bantam.ch\\\/de\\\/\"},{\"@type\":\"ListItem\",\"position\":2,\"name\":\"Shop\",\"item\":\"https:\\\/\\\/shop.bantam.ch\\\/de\\\/shop\\\/\"},{\"@type\":\"ListItem\",\"position\":3,\"name\":\"Wechselrichter ANTARION Pur Sinus Inverter 600 W\"}]},{\"@type\":\"WebSite\",\"@id\":\"https:\\\/\\\/shop.bantam.ch\\\/de\\\/#website\",\"url\":\"https:\\\/\\\/shop.bantam.ch\\\/de\\\/\",\"name\":\"Bantam Camping AG\",\"description\":\"\",\"publisher\":{\"@id\":\"https:\\\/\\\/shop.bantam.ch\\\/de\\\/#organization\"},\"inLanguage\":\"de\"},{\"@type\":\"Organization\",\"@id\":\"https:\\\/\\\/shop.bantam.ch\\\/de\\\/#organization\",\"name\":\"Bantam Camping AG\",\"url\":\"https:\\\/\\\/shop.bantam.ch\\\/de\\\/\",\"logo\":{\"@type\":\"ImageObject\",\"inLanguage\":\"de\",\"@id\":\"https:\\\/\\\/shop.bantam.ch\\\/de\\\/#\\\/schema\\\/logo\\\/image\\\/\",\"url\":\"https:\\\/\\\/shop.bantam.ch\\\/wp-content\\\/uploads\\\/2022\\\/12\\\/bantam-logo.png\",\"contentUrl\":\"https:\\\/\\\/shop.bantam.ch\\\/wp-content\\\/uploads\\\/2022\\\/12\\\/bantam-logo.png\",\"width\":320,\"height\":71,\"caption\":\"Bantam Camping AG\"},\"image\":{\"@id\":\"https:\\\/\\\/shop.bantam.ch\\\/de\\\/#\\\/schema\\\/logo\\\/image\\\/\"}}]}<\/script>\n<!-- \/ Yoast SEO plugin. -->","yoast_head_json":{"title":"Wechselrichter ANTARION Pur Sinus Inverter 600 W - Bantam Camping AG","robots":{"index":"index","follow":"follow","max-snippet":"max-snippet:-1","max-image-preview":"max-image-preview:large","max-video-preview":"max-video-preview:-1"},"canonical":"https:\/\/shop.bantam.ch\/de\/produkt\/wechselrichter-pur-sinus-inverter-600-w\/","og_locale":"de_DE","og_type":"article","og_title":"Wechselrichter ANTARION Pur Sinus Inverter 600 W - Bantam Camping AG","og_description":"Hoher Wirkungsgrad Ideal f\u00fcr alle energieintensiven Ger\u00e4te beim Start. Sch\u00fctzt und konserviert die Batterien von kleinen elektrischen Ger\u00e4ten (Laptop-PC, Digitalkamera, Telefon,&#8230;.). Fernbedienung mit Energiesparfunktion ab 600 W Schaltpriorit\u00e4t auf 220 V ab 1000 W aufw\u00e4rts Eingangsspannung 10.5 -16.5 V,Schutz gegen \u00dcberhitzung, Verpolung, \u00dcberlastung und Kurzschluss. Wirkungsgrad\u00a0 &gt; 85% Serienm\u00e4\u00dfig mit integrierter Netzvorrangschaltung ab 1.000 W [&hellip;]","og_url":"https:\/\/shop.bantam.ch\/de\/produkt\/wechselrichter-pur-sinus-inverter-600-w\/","og_site_name":"Bantam Camping AG","article_modified_time":"2026-04-17T19:39:07+00:00","og_image":[{"width":1000,"height":628,"url":"https:\/\/shop.bantam.ch\/wp-content\/uploads\/2023\/02\/996075211.jpg","type":"image\/jpeg"}],"twitter_card":"summary_large_image","twitter_misc":{"Gesch\u00e4tzte Lesezeit":"1\u00a0Minute"},"schema":{"@context":"https:\/\/schema.org","@graph":[{"@type":"WebPage","@id":"https:\/\/shop.bantam.ch\/de\/produkt\/wechselrichter-pur-sinus-inverter-600-w\/","url":"https:\/\/shop.bantam.ch\/de\/produkt\/wechselrichter-pur-sinus-inverter-600-w\/","name":"Wechselrichter ANTARION Pur Sinus Inverter 600 W - Bantam Camping AG","isPartOf":{"@id":"https:\/\/shop.bantam.ch\/de\/#website"},"primaryImageOfPage":{"@id":"https:\/\/shop.bantam.ch\/de\/produkt\/wechselrichter-pur-sinus-inverter-600-w\/#primaryimage"},"image":{"@id":"https:\/\/shop.bantam.ch\/de\/produkt\/wechselrichter-pur-sinus-inverter-600-w\/#primaryimage"},"thumbnailUrl":"https:\/\/shop.bantam.ch\/wp-content\/uploads\/2023\/02\/996075211.jpg","datePublished":"2023-02-28T07:31:42+00:00","dateModified":"2026-04-17T19:39:07+00:00","breadcrumb":{"@id":"https:\/\/shop.bantam.ch\/de\/produkt\/wechselrichter-pur-sinus-inverter-600-w\/#breadcrumb"},"inLanguage":"de","potentialAction":[{"@type":"ReadAction","target":["https:\/\/shop.bantam.ch\/de\/produkt\/wechselrichter-pur-sinus-inverter-600-w\/"]}]},{"@type":"ImageObject","inLanguage":"de","@id":"https:\/\/shop.bantam.ch\/de\/produkt\/wechselrichter-pur-sinus-inverter-600-w\/#primaryimage","url":"https:\/\/shop.bantam.ch\/wp-content\/uploads\/2023\/02\/996075211.jpg","contentUrl":"https:\/\/shop.bantam.ch\/wp-content\/uploads\/2023\/02\/996075211.jpg","width":1000,"height":628},{"@type":"BreadcrumbList","@id":"https:\/\/shop.bantam.ch\/de\/produkt\/wechselrichter-pur-sinus-inverter-600-w\/#breadcrumb","itemListElement":[{"@type":"ListItem","position":1,"name":"Accueil","item":"https:\/\/shop.bantam.ch\/de\/"},{"@type":"ListItem","position":2,"name":"Shop","item":"https:\/\/shop.bantam.ch\/de\/shop\/"},{"@type":"ListItem","position":3,"name":"Wechselrichter ANTARION Pur Sinus Inverter 600 W"}]},{"@type":"WebSite","@id":"https:\/\/shop.bantam.ch\/de\/#website","url":"https:\/\/shop.bantam.ch\/de\/","name":"Bantam Camping AG","description":"","publisher":{"@id":"https:\/\/shop.bantam.ch\/de\/#organization"},"inLanguage":"de"},{"@type":"Organization","@id":"https:\/\/shop.bantam.ch\/de\/#organization","name":"Bantam Camping AG","url":"https:\/\/shop.bantam.ch\/de\/","logo":{"@type":"ImageObject","inLanguage":"de","@id":"https:\/\/shop.bantam.ch\/de\/#\/schema\/logo\/image\/","url":"https:\/\/shop.bantam.ch\/wp-content\/uploads\/2022\/12\/bantam-logo.png","contentUrl":"https:\/\/shop.bantam.ch\/wp-content\/uploads\/2022\/12\/bantam-logo.png","width":320,"height":71,"caption":"Bantam Camping AG"},"image":{"@id":"https:\/\/shop.bantam.ch\/de\/#\/schema\/logo\/image\/"}}]}},"_links":{"self":[{"href":"https:\/\/shop.bantam.ch\/de\/wp-json\/wp\/v2\/product\/108230","targetHints":{"allow":["GET"]}}],"collection":[{"href":"https:\/\/shop.bantam.ch\/de\/wp-json\/wp\/v2\/product"}],"about":[{"href":"https:\/\/shop.bantam.ch\/de\/wp-json\/wp\/v2\/types\/product"}],"wp:featuredmedia":[{"embeddable":true,"href":"https:\/\/shop.bantam.ch\/de\/wp-json\/wp\/v2\/media\/108228"}],"wp:attachment":[{"href":"https:\/\/shop.bantam.ch\/de\/wp-json\/wp\/v2\/media?parent=108230"}],"wp:term":[{"taxonomy":"product_featured_cat","embeddable":true,"href":"https:\/\/shop.bantam.ch\/de\/wp-json\/wp\/v2\/product_featured_cat?post=108230"},{"taxonomy":"product_brand","embeddable":true,"href":"https:\/\/shop.bantam.ch\/de\/wp-json\/wp\/v2\/product_brand?post=108230"},{"taxonomy":"product_cat","embeddable":true,"href":"https:\/\/shop.bantam.ch\/de\/wp-json\/wp\/v2\/product_cat?post=108230"},{"taxonomy":"product_tag","embeddable":true,"href":"https:\/\/shop.bantam.ch\/de\/wp-json\/wp\/v2\/product_tag?post=108230"}],"curies":[{"name":"wp","href":"https:\/\/api.w.org\/{rel}","templated":true}]}}