{"id":108206,"date":"2023-02-28T08:31:06","date_gmt":"2023-02-28T07:31:06","guid":{"rendered":"http:\/\/shop.bantam.ch\/produit\/busvorzelt-touring-air-tc-rhd\/"},"modified":"2026-04-18T21:39:54","modified_gmt":"2026-04-18T19:39:54","slug":"busvorzelt-touring-air-tc-rhd","status":"publish","type":"product","link":"https:\/\/shop.bantam.ch\/de\/produkt\/busvorzelt-touring-air-tc-rhd\/","title":{"rendered":"Busvorzelt Kampa Touring Air TC RHD"},"content":{"rendered":"<p>&#8222;Drive-Away&#8220;-Vorzelt aus der Serie Touring Air TC f\u00fcr Rechtslenker-Fahrzeuge.<\/p>\n<p>Das Kampa Touring AIR wurde so konzipiert, dass es neben Ihrem Wohnmobil stehen kann und Ihnen maximal Platz bietet, ohne \u00fcber Ihren Stellplatz hinauszuragen. Im Inneren erwartet Sie ein ger\u00e4umiger Wohnbereich, raumhohe Fenster, reichlich Bel\u00fcftung durch Netzeins\u00e4tze und ein gro\u00dfes Innenzelt mit vier Schlafpl\u00e4tzen \u2013 welches standardm\u00e4\u00dfig mitgeliefert wird. Das langlebige Weathershield\u2122 TC-Material reduziert die Kondenswasserbildung und reguliert die Temperatur, damit Sie sich in warmen Regionen wohl f\u00fchlen.<\/p>\n<p>Material: <br \/>Polycotton<\/p>\n<p>Lieferumfang:<br \/>Quickpitch Abspannleinen<br \/>Handpumpe<br \/>1 Satz Plastik Heringe<br \/>1 Satz Stahl Heringe<br \/>Bodenplane\u00a0\u00a0<\/p>\n","protected":false},"excerpt":{"rendered":"<p>&#8222;Drive-Away&#8220;-Vorzelt aus der Serie Touring Air TC f\u00fcr Rechtslenker-Fahrzeuge. Das Kampa Touring AIR wurde so konzipiert, dass es neben Ihrem Wohnmobil stehen kann und Ihnen maximal Platz bietet, ohne \u00fcber Ihren Stellplatz hinauszuragen. Im Inneren erwartet Sie ein ger\u00e4umiger Wohnbereich, raumhohe Fenster, reichlich Bel\u00fcftung durch Netzeins\u00e4tze und ein gro\u00dfes Innenzelt mit vier Schlafpl\u00e4tzen \u2013 welches [&hellip;]<\/p>\n","protected":false},"featured_media":108204,"template":"","meta":{"_acf_changed":false},"product_featured_cat":[],"product_brand":[3559],"product_cat":[4916],"product_tag":[],"class_list":{"0":"post-108206","1":"product","2":"type-product","3":"status-publish","4":"has-post-thumbnail","6":"product_brand-kampa-de","7":"product_cat-wohnmobil-bus-vorzelte","9":"first","10":"instock","11":"taxable","12":"shipping-taxable","13":"purchasable","14":"product-type-simple"},"acf":[],"yoast_head":"<!-- This site is optimized with the Yoast SEO plugin v27.4 - https:\/\/yoast.com\/product\/yoast-seo-wordpress\/ -->\n<title>Busvorzelt Kampa Touring Air TC RHD - Bantam Camping AG<\/title>\n<meta name=\"robots\" content=\"index, follow, max-snippet:-1, max-image-preview:large, max-video-preview:-1\" \/>\n<link rel=\"canonical\" href=\"https:\/\/shop.bantam.ch\/de\/produkt\/busvorzelt-touring-air-tc-rhd\/\" \/>\n<meta property=\"og:locale\" content=\"de_DE\" \/>\n<meta property=\"og:type\" content=\"article\" \/>\n<meta property=\"og:title\" content=\"Busvorzelt Kampa Touring Air TC RHD - Bantam Camping AG\" \/>\n<meta property=\"og:description\" content=\"&#8222;Drive-Away&#8220;-Vorzelt aus der Serie Touring Air TC f\u00fcr Rechtslenker-Fahrzeuge. Das Kampa Touring AIR wurde so konzipiert, dass es neben Ihrem Wohnmobil stehen kann und Ihnen maximal Platz bietet, ohne \u00fcber Ihren Stellplatz hinauszuragen. Im Inneren erwartet Sie ein ger\u00e4umiger Wohnbereich, raumhohe Fenster, reichlich Bel\u00fcftung durch Netzeins\u00e4tze und ein gro\u00dfes Innenzelt mit vier Schlafpl\u00e4tzen \u2013 welches [&hellip;]\" \/>\n<meta property=\"og:url\" content=\"https:\/\/shop.bantam.ch\/de\/produkt\/busvorzelt-touring-air-tc-rhd\/\" \/>\n<meta property=\"og:site_name\" content=\"Bantam Camping AG\" \/>\n<meta property=\"article:modified_time\" content=\"2026-04-18T19:39:54+00:00\" \/>\n<meta property=\"og:image\" content=\"https:\/\/shop.bantam.ch\/wp-content\/uploads\/2023\/02\/995697211.jpg\" \/>\n\t<meta property=\"og:image:width\" content=\"1000\" \/>\n\t<meta property=\"og:image:height\" content=\"530\" \/>\n\t<meta property=\"og:image:type\" content=\"image\/jpeg\" \/>\n<meta name=\"twitter:card\" content=\"summary_large_image\" \/>\n<script type=\"application\/ld+json\" class=\"yoast-schema-graph\">{\"@context\":\"https:\\\/\\\/schema.org\",\"@graph\":[{\"@type\":\"WebPage\",\"@id\":\"https:\\\/\\\/shop.bantam.ch\\\/de\\\/produkt\\\/busvorzelt-touring-air-tc-rhd\\\/\",\"url\":\"https:\\\/\\\/shop.bantam.ch\\\/de\\\/produkt\\\/busvorzelt-touring-air-tc-rhd\\\/\",\"name\":\"Busvorzelt Kampa Touring Air TC RHD - Bantam Camping AG\",\"isPartOf\":{\"@id\":\"https:\\\/\\\/shop.bantam.ch\\\/de\\\/#website\"},\"primaryImageOfPage\":{\"@id\":\"https:\\\/\\\/shop.bantam.ch\\\/de\\\/produkt\\\/busvorzelt-touring-air-tc-rhd\\\/#primaryimage\"},\"image\":{\"@id\":\"https:\\\/\\\/shop.bantam.ch\\\/de\\\/produkt\\\/busvorzelt-touring-air-tc-rhd\\\/#primaryimage\"},\"thumbnailUrl\":\"https:\\\/\\\/shop.bantam.ch\\\/wp-content\\\/uploads\\\/2023\\\/02\\\/995697211.jpg\",\"datePublished\":\"2023-02-28T07:31:06+00:00\",\"dateModified\":\"2026-04-18T19:39:54+00:00\",\"breadcrumb\":{\"@id\":\"https:\\\/\\\/shop.bantam.ch\\\/de\\\/produkt\\\/busvorzelt-touring-air-tc-rhd\\\/#breadcrumb\"},\"inLanguage\":\"de\",\"potentialAction\":[{\"@type\":\"ReadAction\",\"target\":[\"https:\\\/\\\/shop.bantam.ch\\\/de\\\/produkt\\\/busvorzelt-touring-air-tc-rhd\\\/\"]}]},{\"@type\":\"ImageObject\",\"inLanguage\":\"de\",\"@id\":\"https:\\\/\\\/shop.bantam.ch\\\/de\\\/produkt\\\/busvorzelt-touring-air-tc-rhd\\\/#primaryimage\",\"url\":\"https:\\\/\\\/shop.bantam.ch\\\/wp-content\\\/uploads\\\/2023\\\/02\\\/995697211.jpg\",\"contentUrl\":\"https:\\\/\\\/shop.bantam.ch\\\/wp-content\\\/uploads\\\/2023\\\/02\\\/995697211.jpg\",\"width\":1000,\"height\":530},{\"@type\":\"BreadcrumbList\",\"@id\":\"https:\\\/\\\/shop.bantam.ch\\\/de\\\/produkt\\\/busvorzelt-touring-air-tc-rhd\\\/#breadcrumb\",\"itemListElement\":[{\"@type\":\"ListItem\",\"position\":1,\"name\":\"Accueil\",\"item\":\"https:\\\/\\\/shop.bantam.ch\\\/de\\\/\"},{\"@type\":\"ListItem\",\"position\":2,\"name\":\"Shop\",\"item\":\"https:\\\/\\\/shop.bantam.ch\\\/de\\\/shop\\\/\"},{\"@type\":\"ListItem\",\"position\":3,\"name\":\"Busvorzelt Kampa Touring Air TC RHD\"}]},{\"@type\":\"WebSite\",\"@id\":\"https:\\\/\\\/shop.bantam.ch\\\/de\\\/#website\",\"url\":\"https:\\\/\\\/shop.bantam.ch\\\/de\\\/\",\"name\":\"Bantam Camping AG\",\"description\":\"\",\"publisher\":{\"@id\":\"https:\\\/\\\/shop.bantam.ch\\\/de\\\/#organization\"},\"inLanguage\":\"de\"},{\"@type\":\"Organization\",\"@id\":\"https:\\\/\\\/shop.bantam.ch\\\/de\\\/#organization\",\"name\":\"Bantam Camping AG\",\"url\":\"https:\\\/\\\/shop.bantam.ch\\\/de\\\/\",\"logo\":{\"@type\":\"ImageObject\",\"inLanguage\":\"de\",\"@id\":\"https:\\\/\\\/shop.bantam.ch\\\/de\\\/#\\\/schema\\\/logo\\\/image\\\/\",\"url\":\"https:\\\/\\\/shop.bantam.ch\\\/wp-content\\\/uploads\\\/2022\\\/12\\\/bantam-logo.png\",\"contentUrl\":\"https:\\\/\\\/shop.bantam.ch\\\/wp-content\\\/uploads\\\/2022\\\/12\\\/bantam-logo.png\",\"width\":320,\"height\":71,\"caption\":\"Bantam Camping AG\"},\"image\":{\"@id\":\"https:\\\/\\\/shop.bantam.ch\\\/de\\\/#\\\/schema\\\/logo\\\/image\\\/\"}}]}<\/script>\n<!-- \/ Yoast SEO plugin. -->","yoast_head_json":{"title":"Busvorzelt Kampa Touring Air TC RHD - Bantam Camping AG","robots":{"index":"index","follow":"follow","max-snippet":"max-snippet:-1","max-image-preview":"max-image-preview:large","max-video-preview":"max-video-preview:-1"},"canonical":"https:\/\/shop.bantam.ch\/de\/produkt\/busvorzelt-touring-air-tc-rhd\/","og_locale":"de_DE","og_type":"article","og_title":"Busvorzelt Kampa Touring Air TC RHD - Bantam Camping AG","og_description":"&#8222;Drive-Away&#8220;-Vorzelt aus der Serie Touring Air TC f\u00fcr Rechtslenker-Fahrzeuge. Das Kampa Touring AIR wurde so konzipiert, dass es neben Ihrem Wohnmobil stehen kann und Ihnen maximal Platz bietet, ohne \u00fcber Ihren Stellplatz hinauszuragen. Im Inneren erwartet Sie ein ger\u00e4umiger Wohnbereich, raumhohe Fenster, reichlich Bel\u00fcftung durch Netzeins\u00e4tze und ein gro\u00dfes Innenzelt mit vier Schlafpl\u00e4tzen \u2013 welches [&hellip;]","og_url":"https:\/\/shop.bantam.ch\/de\/produkt\/busvorzelt-touring-air-tc-rhd\/","og_site_name":"Bantam Camping AG","article_modified_time":"2026-04-18T19:39:54+00:00","og_image":[{"width":1000,"height":530,"url":"https:\/\/shop.bantam.ch\/wp-content\/uploads\/2023\/02\/995697211.jpg","type":"image\/jpeg"}],"twitter_card":"summary_large_image","schema":{"@context":"https:\/\/schema.org","@graph":[{"@type":"WebPage","@id":"https:\/\/shop.bantam.ch\/de\/produkt\/busvorzelt-touring-air-tc-rhd\/","url":"https:\/\/shop.bantam.ch\/de\/produkt\/busvorzelt-touring-air-tc-rhd\/","name":"Busvorzelt Kampa Touring Air TC RHD - Bantam Camping AG","isPartOf":{"@id":"https:\/\/shop.bantam.ch\/de\/#website"},"primaryImageOfPage":{"@id":"https:\/\/shop.bantam.ch\/de\/produkt\/busvorzelt-touring-air-tc-rhd\/#primaryimage"},"image":{"@id":"https:\/\/shop.bantam.ch\/de\/produkt\/busvorzelt-touring-air-tc-rhd\/#primaryimage"},"thumbnailUrl":"https:\/\/shop.bantam.ch\/wp-content\/uploads\/2023\/02\/995697211.jpg","datePublished":"2023-02-28T07:31:06+00:00","dateModified":"2026-04-18T19:39:54+00:00","breadcrumb":{"@id":"https:\/\/shop.bantam.ch\/de\/produkt\/busvorzelt-touring-air-tc-rhd\/#breadcrumb"},"inLanguage":"de","potentialAction":[{"@type":"ReadAction","target":["https:\/\/shop.bantam.ch\/de\/produkt\/busvorzelt-touring-air-tc-rhd\/"]}]},{"@type":"ImageObject","inLanguage":"de","@id":"https:\/\/shop.bantam.ch\/de\/produkt\/busvorzelt-touring-air-tc-rhd\/#primaryimage","url":"https:\/\/shop.bantam.ch\/wp-content\/uploads\/2023\/02\/995697211.jpg","contentUrl":"https:\/\/shop.bantam.ch\/wp-content\/uploads\/2023\/02\/995697211.jpg","width":1000,"height":530},{"@type":"BreadcrumbList","@id":"https:\/\/shop.bantam.ch\/de\/produkt\/busvorzelt-touring-air-tc-rhd\/#breadcrumb","itemListElement":[{"@type":"ListItem","position":1,"name":"Accueil","item":"https:\/\/shop.bantam.ch\/de\/"},{"@type":"ListItem","position":2,"name":"Shop","item":"https:\/\/shop.bantam.ch\/de\/shop\/"},{"@type":"ListItem","position":3,"name":"Busvorzelt Kampa Touring Air TC RHD"}]},{"@type":"WebSite","@id":"https:\/\/shop.bantam.ch\/de\/#website","url":"https:\/\/shop.bantam.ch\/de\/","name":"Bantam Camping AG","description":"","publisher":{"@id":"https:\/\/shop.bantam.ch\/de\/#organization"},"inLanguage":"de"},{"@type":"Organization","@id":"https:\/\/shop.bantam.ch\/de\/#organization","name":"Bantam Camping AG","url":"https:\/\/shop.bantam.ch\/de\/","logo":{"@type":"ImageObject","inLanguage":"de","@id":"https:\/\/shop.bantam.ch\/de\/#\/schema\/logo\/image\/","url":"https:\/\/shop.bantam.ch\/wp-content\/uploads\/2022\/12\/bantam-logo.png","contentUrl":"https:\/\/shop.bantam.ch\/wp-content\/uploads\/2022\/12\/bantam-logo.png","width":320,"height":71,"caption":"Bantam Camping AG"},"image":{"@id":"https:\/\/shop.bantam.ch\/de\/#\/schema\/logo\/image\/"}}]}},"_links":{"self":[{"href":"https:\/\/shop.bantam.ch\/de\/wp-json\/wp\/v2\/product\/108206","targetHints":{"allow":["GET"]}}],"collection":[{"href":"https:\/\/shop.bantam.ch\/de\/wp-json\/wp\/v2\/product"}],"about":[{"href":"https:\/\/shop.bantam.ch\/de\/wp-json\/wp\/v2\/types\/product"}],"wp:featuredmedia":[{"embeddable":true,"href":"https:\/\/shop.bantam.ch\/de\/wp-json\/wp\/v2\/media\/108204"}],"wp:attachment":[{"href":"https:\/\/shop.bantam.ch\/de\/wp-json\/wp\/v2\/media?parent=108206"}],"wp:term":[{"taxonomy":"product_featured_cat","embeddable":true,"href":"https:\/\/shop.bantam.ch\/de\/wp-json\/wp\/v2\/product_featured_cat?post=108206"},{"taxonomy":"product_brand","embeddable":true,"href":"https:\/\/shop.bantam.ch\/de\/wp-json\/wp\/v2\/product_brand?post=108206"},{"taxonomy":"product_cat","embeddable":true,"href":"https:\/\/shop.bantam.ch\/de\/wp-json\/wp\/v2\/product_cat?post=108206"},{"taxonomy":"product_tag","embeddable":true,"href":"https:\/\/shop.bantam.ch\/de\/wp-json\/wp\/v2\/product_tag?post=108206"}],"curies":[{"name":"wp","href":"https:\/\/api.w.org\/{rel}","templated":true}]}}