{"id":108194,"date":"2023-02-28T08:30:48","date_gmt":"2023-02-28T07:30:48","guid":{"rendered":"http:\/\/shop.bantam.ch\/produit\/dachbett-matratze-fuer-vw-t5-t6-california\/"},"modified":"2026-04-18T21:39:53","modified_gmt":"2026-04-18T19:39:53","slug":"dachbett-matratze-fuer-vw-t5-t6-california","status":"publish","type":"product","link":"https:\/\/shop.bantam.ch\/de\/produkt\/dachbett-matratze-fuer-vw-t5-t6-california\/","title":{"rendered":"Dachbett-Matratze froli f\u00fcr VW T5\/T6 California"},"content":{"rendered":"<p>F\u00fcr mehr Schlafkomfort im Dachbett. Eigens f\u00fcr dieses Fahrzeug entwickelte Matratze f\u00fcr orthop\u00e4disch korrekten Schlaf mit Wohlf\u00fchleffekt. F\u00fcr optimale Unterl\u00fcftung und Trockenheit sorgt der atmungsaktive Bezug. Ausgestattet mit einer Halteschlaufe f\u00fcr die Schwanenhalslampe.<\/p>\n<ul>\n<li>Kaltschaum-Matratze<\/li>\n<li>2-teilig, mit klappbarem Fu\u00dfbereich, einzelne Elemente mittels Rei\u00dfverschluss teilbar<\/li>\n<li>5 cm Kaltschaum, Gesamth\u00f6he ca. 6 cm<\/li>\n<li>Raumgewicht: RG 40\/42 H2-3 mittel-fest<\/li>\n<li>Atmungsaktiver Bezug: anti-allergen und antibakteriell<\/li>\n<li>Teilbarer Rei\u00dfverschluss an der Unterseite<\/li>\n<li>Klettband zur Fixierung der Auflage an der Unterseite<\/li>\n<li>Gewicht ca. 6,9 kg<\/li>\n<\/ul>\n<p>Material:<\/p>\n<p>Oberseite: Bezugsstoff, unversteppt<\/p>\n<p>Unterseite: AirMesh-Gewebe, wei\u00df<\/p>\n","protected":false},"excerpt":{"rendered":"<p>F\u00fcr mehr Schlafkomfort im Dachbett. Eigens f\u00fcr dieses Fahrzeug entwickelte Matratze f\u00fcr orthop\u00e4disch korrekten Schlaf mit Wohlf\u00fchleffekt. F\u00fcr optimale Unterl\u00fcftung und Trockenheit sorgt der atmungsaktive Bezug. Ausgestattet mit einer Halteschlaufe f\u00fcr die Schwanenhalslampe. Kaltschaum-Matratze 2-teilig, mit klappbarem Fu\u00dfbereich, einzelne Elemente mittels Rei\u00dfverschluss teilbar 5 cm Kaltschaum, Gesamth\u00f6he ca. 6 cm Raumgewicht: RG 40\/42 H2-3 mittel-fest [&hellip;]<\/p>\n","protected":false},"featured_media":108190,"template":"","meta":{"_acf_changed":false},"product_featured_cat":[],"product_brand":[3059],"product_cat":[5060],"product_tag":[],"class_list":{"0":"post-108194","1":"product","2":"type-product","3":"status-publish","4":"has-post-thumbnail","6":"product_brand-froli-de","7":"product_cat-matratzen","9":"first","10":"instock","11":"taxable","12":"shipping-taxable","13":"purchasable","14":"product-type-simple"},"acf":[],"yoast_head":"<!-- This site is optimized with the Yoast SEO plugin v27.4 - https:\/\/yoast.com\/product\/yoast-seo-wordpress\/ -->\n<title>Dachbett-Matratze froli f\u00fcr VW T5\/T6 California - Bantam Camping AG<\/title>\n<meta name=\"robots\" content=\"index, follow, max-snippet:-1, max-image-preview:large, max-video-preview:-1\" \/>\n<link rel=\"canonical\" href=\"https:\/\/shop.bantam.ch\/de\/produkt\/dachbett-matratze-fuer-vw-t5-t6-california\/\" \/>\n<meta property=\"og:locale\" content=\"de_DE\" \/>\n<meta property=\"og:type\" content=\"article\" \/>\n<meta property=\"og:title\" content=\"Dachbett-Matratze froli f\u00fcr VW T5\/T6 California - Bantam Camping AG\" \/>\n<meta property=\"og:description\" content=\"F\u00fcr mehr Schlafkomfort im Dachbett. Eigens f\u00fcr dieses Fahrzeug entwickelte Matratze f\u00fcr orthop\u00e4disch korrekten Schlaf mit Wohlf\u00fchleffekt. F\u00fcr optimale Unterl\u00fcftung und Trockenheit sorgt der atmungsaktive Bezug. Ausgestattet mit einer Halteschlaufe f\u00fcr die Schwanenhalslampe. Kaltschaum-Matratze 2-teilig, mit klappbarem Fu\u00dfbereich, einzelne Elemente mittels Rei\u00dfverschluss teilbar 5 cm Kaltschaum, Gesamth\u00f6he ca. 6 cm Raumgewicht: RG 40\/42 H2-3 mittel-fest [&hellip;]\" \/>\n<meta property=\"og:url\" content=\"https:\/\/shop.bantam.ch\/de\/produkt\/dachbett-matratze-fuer-vw-t5-t6-california\/\" \/>\n<meta property=\"og:site_name\" content=\"Bantam Camping AG\" \/>\n<meta property=\"article:modified_time\" content=\"2026-04-18T19:39:53+00:00\" \/>\n<meta property=\"og:image\" content=\"https:\/\/shop.bantam.ch\/wp-content\/uploads\/2023\/02\/994382411.jpg\" \/>\n\t<meta property=\"og:image:width\" content=\"1000\" \/>\n\t<meta property=\"og:image:height\" content=\"659\" \/>\n\t<meta property=\"og:image:type\" content=\"image\/jpeg\" \/>\n<meta name=\"twitter:card\" content=\"summary_large_image\" \/>\n<script type=\"application\/ld+json\" class=\"yoast-schema-graph\">{\"@context\":\"https:\\\/\\\/schema.org\",\"@graph\":[{\"@type\":\"WebPage\",\"@id\":\"https:\\\/\\\/shop.bantam.ch\\\/de\\\/produkt\\\/dachbett-matratze-fuer-vw-t5-t6-california\\\/\",\"url\":\"https:\\\/\\\/shop.bantam.ch\\\/de\\\/produkt\\\/dachbett-matratze-fuer-vw-t5-t6-california\\\/\",\"name\":\"Dachbett-Matratze froli f\u00fcr VW T5\\\/T6 California - Bantam Camping AG\",\"isPartOf\":{\"@id\":\"https:\\\/\\\/shop.bantam.ch\\\/de\\\/#website\"},\"primaryImageOfPage\":{\"@id\":\"https:\\\/\\\/shop.bantam.ch\\\/de\\\/produkt\\\/dachbett-matratze-fuer-vw-t5-t6-california\\\/#primaryimage\"},\"image\":{\"@id\":\"https:\\\/\\\/shop.bantam.ch\\\/de\\\/produkt\\\/dachbett-matratze-fuer-vw-t5-t6-california\\\/#primaryimage\"},\"thumbnailUrl\":\"https:\\\/\\\/shop.bantam.ch\\\/wp-content\\\/uploads\\\/2023\\\/02\\\/994382411.jpg\",\"datePublished\":\"2023-02-28T07:30:48+00:00\",\"dateModified\":\"2026-04-18T19:39:53+00:00\",\"breadcrumb\":{\"@id\":\"https:\\\/\\\/shop.bantam.ch\\\/de\\\/produkt\\\/dachbett-matratze-fuer-vw-t5-t6-california\\\/#breadcrumb\"},\"inLanguage\":\"de\",\"potentialAction\":[{\"@type\":\"ReadAction\",\"target\":[\"https:\\\/\\\/shop.bantam.ch\\\/de\\\/produkt\\\/dachbett-matratze-fuer-vw-t5-t6-california\\\/\"]}]},{\"@type\":\"ImageObject\",\"inLanguage\":\"de\",\"@id\":\"https:\\\/\\\/shop.bantam.ch\\\/de\\\/produkt\\\/dachbett-matratze-fuer-vw-t5-t6-california\\\/#primaryimage\",\"url\":\"https:\\\/\\\/shop.bantam.ch\\\/wp-content\\\/uploads\\\/2023\\\/02\\\/994382411.jpg\",\"contentUrl\":\"https:\\\/\\\/shop.bantam.ch\\\/wp-content\\\/uploads\\\/2023\\\/02\\\/994382411.jpg\",\"width\":1000,\"height\":659},{\"@type\":\"BreadcrumbList\",\"@id\":\"https:\\\/\\\/shop.bantam.ch\\\/de\\\/produkt\\\/dachbett-matratze-fuer-vw-t5-t6-california\\\/#breadcrumb\",\"itemListElement\":[{\"@type\":\"ListItem\",\"position\":1,\"name\":\"Accueil\",\"item\":\"https:\\\/\\\/shop.bantam.ch\\\/de\\\/\"},{\"@type\":\"ListItem\",\"position\":2,\"name\":\"Shop\",\"item\":\"https:\\\/\\\/shop.bantam.ch\\\/de\\\/shop\\\/\"},{\"@type\":\"ListItem\",\"position\":3,\"name\":\"Dachbett-Matratze froli f\u00fcr VW T5\\\/T6 California\"}]},{\"@type\":\"WebSite\",\"@id\":\"https:\\\/\\\/shop.bantam.ch\\\/de\\\/#website\",\"url\":\"https:\\\/\\\/shop.bantam.ch\\\/de\\\/\",\"name\":\"Bantam Camping AG\",\"description\":\"\",\"publisher\":{\"@id\":\"https:\\\/\\\/shop.bantam.ch\\\/de\\\/#organization\"},\"inLanguage\":\"de\"},{\"@type\":\"Organization\",\"@id\":\"https:\\\/\\\/shop.bantam.ch\\\/de\\\/#organization\",\"name\":\"Bantam Camping AG\",\"url\":\"https:\\\/\\\/shop.bantam.ch\\\/de\\\/\",\"logo\":{\"@type\":\"ImageObject\",\"inLanguage\":\"de\",\"@id\":\"https:\\\/\\\/shop.bantam.ch\\\/de\\\/#\\\/schema\\\/logo\\\/image\\\/\",\"url\":\"https:\\\/\\\/shop.bantam.ch\\\/wp-content\\\/uploads\\\/2022\\\/12\\\/bantam-logo.png\",\"contentUrl\":\"https:\\\/\\\/shop.bantam.ch\\\/wp-content\\\/uploads\\\/2022\\\/12\\\/bantam-logo.png\",\"width\":320,\"height\":71,\"caption\":\"Bantam Camping AG\"},\"image\":{\"@id\":\"https:\\\/\\\/shop.bantam.ch\\\/de\\\/#\\\/schema\\\/logo\\\/image\\\/\"}}]}<\/script>\n<!-- \/ Yoast SEO plugin. -->","yoast_head_json":{"title":"Dachbett-Matratze froli f\u00fcr VW T5\/T6 California - Bantam Camping AG","robots":{"index":"index","follow":"follow","max-snippet":"max-snippet:-1","max-image-preview":"max-image-preview:large","max-video-preview":"max-video-preview:-1"},"canonical":"https:\/\/shop.bantam.ch\/de\/produkt\/dachbett-matratze-fuer-vw-t5-t6-california\/","og_locale":"de_DE","og_type":"article","og_title":"Dachbett-Matratze froli f\u00fcr VW T5\/T6 California - Bantam Camping AG","og_description":"F\u00fcr mehr Schlafkomfort im Dachbett. Eigens f\u00fcr dieses Fahrzeug entwickelte Matratze f\u00fcr orthop\u00e4disch korrekten Schlaf mit Wohlf\u00fchleffekt. F\u00fcr optimale Unterl\u00fcftung und Trockenheit sorgt der atmungsaktive Bezug. Ausgestattet mit einer Halteschlaufe f\u00fcr die Schwanenhalslampe. Kaltschaum-Matratze 2-teilig, mit klappbarem Fu\u00dfbereich, einzelne Elemente mittels Rei\u00dfverschluss teilbar 5 cm Kaltschaum, Gesamth\u00f6he ca. 6 cm Raumgewicht: RG 40\/42 H2-3 mittel-fest [&hellip;]","og_url":"https:\/\/shop.bantam.ch\/de\/produkt\/dachbett-matratze-fuer-vw-t5-t6-california\/","og_site_name":"Bantam Camping AG","article_modified_time":"2026-04-18T19:39:53+00:00","og_image":[{"width":1000,"height":659,"url":"https:\/\/shop.bantam.ch\/wp-content\/uploads\/2023\/02\/994382411.jpg","type":"image\/jpeg"}],"twitter_card":"summary_large_image","schema":{"@context":"https:\/\/schema.org","@graph":[{"@type":"WebPage","@id":"https:\/\/shop.bantam.ch\/de\/produkt\/dachbett-matratze-fuer-vw-t5-t6-california\/","url":"https:\/\/shop.bantam.ch\/de\/produkt\/dachbett-matratze-fuer-vw-t5-t6-california\/","name":"Dachbett-Matratze froli f\u00fcr VW T5\/T6 California - Bantam Camping AG","isPartOf":{"@id":"https:\/\/shop.bantam.ch\/de\/#website"},"primaryImageOfPage":{"@id":"https:\/\/shop.bantam.ch\/de\/produkt\/dachbett-matratze-fuer-vw-t5-t6-california\/#primaryimage"},"image":{"@id":"https:\/\/shop.bantam.ch\/de\/produkt\/dachbett-matratze-fuer-vw-t5-t6-california\/#primaryimage"},"thumbnailUrl":"https:\/\/shop.bantam.ch\/wp-content\/uploads\/2023\/02\/994382411.jpg","datePublished":"2023-02-28T07:30:48+00:00","dateModified":"2026-04-18T19:39:53+00:00","breadcrumb":{"@id":"https:\/\/shop.bantam.ch\/de\/produkt\/dachbett-matratze-fuer-vw-t5-t6-california\/#breadcrumb"},"inLanguage":"de","potentialAction":[{"@type":"ReadAction","target":["https:\/\/shop.bantam.ch\/de\/produkt\/dachbett-matratze-fuer-vw-t5-t6-california\/"]}]},{"@type":"ImageObject","inLanguage":"de","@id":"https:\/\/shop.bantam.ch\/de\/produkt\/dachbett-matratze-fuer-vw-t5-t6-california\/#primaryimage","url":"https:\/\/shop.bantam.ch\/wp-content\/uploads\/2023\/02\/994382411.jpg","contentUrl":"https:\/\/shop.bantam.ch\/wp-content\/uploads\/2023\/02\/994382411.jpg","width":1000,"height":659},{"@type":"BreadcrumbList","@id":"https:\/\/shop.bantam.ch\/de\/produkt\/dachbett-matratze-fuer-vw-t5-t6-california\/#breadcrumb","itemListElement":[{"@type":"ListItem","position":1,"name":"Accueil","item":"https:\/\/shop.bantam.ch\/de\/"},{"@type":"ListItem","position":2,"name":"Shop","item":"https:\/\/shop.bantam.ch\/de\/shop\/"},{"@type":"ListItem","position":3,"name":"Dachbett-Matratze froli f\u00fcr VW T5\/T6 California"}]},{"@type":"WebSite","@id":"https:\/\/shop.bantam.ch\/de\/#website","url":"https:\/\/shop.bantam.ch\/de\/","name":"Bantam Camping AG","description":"","publisher":{"@id":"https:\/\/shop.bantam.ch\/de\/#organization"},"inLanguage":"de"},{"@type":"Organization","@id":"https:\/\/shop.bantam.ch\/de\/#organization","name":"Bantam Camping AG","url":"https:\/\/shop.bantam.ch\/de\/","logo":{"@type":"ImageObject","inLanguage":"de","@id":"https:\/\/shop.bantam.ch\/de\/#\/schema\/logo\/image\/","url":"https:\/\/shop.bantam.ch\/wp-content\/uploads\/2022\/12\/bantam-logo.png","contentUrl":"https:\/\/shop.bantam.ch\/wp-content\/uploads\/2022\/12\/bantam-logo.png","width":320,"height":71,"caption":"Bantam Camping AG"},"image":{"@id":"https:\/\/shop.bantam.ch\/de\/#\/schema\/logo\/image\/"}}]}},"_links":{"self":[{"href":"https:\/\/shop.bantam.ch\/de\/wp-json\/wp\/v2\/product\/108194","targetHints":{"allow":["GET"]}}],"collection":[{"href":"https:\/\/shop.bantam.ch\/de\/wp-json\/wp\/v2\/product"}],"about":[{"href":"https:\/\/shop.bantam.ch\/de\/wp-json\/wp\/v2\/types\/product"}],"wp:featuredmedia":[{"embeddable":true,"href":"https:\/\/shop.bantam.ch\/de\/wp-json\/wp\/v2\/media\/108190"}],"wp:attachment":[{"href":"https:\/\/shop.bantam.ch\/de\/wp-json\/wp\/v2\/media?parent=108194"}],"wp:term":[{"taxonomy":"product_featured_cat","embeddable":true,"href":"https:\/\/shop.bantam.ch\/de\/wp-json\/wp\/v2\/product_featured_cat?post=108194"},{"taxonomy":"product_brand","embeddable":true,"href":"https:\/\/shop.bantam.ch\/de\/wp-json\/wp\/v2\/product_brand?post=108194"},{"taxonomy":"product_cat","embeddable":true,"href":"https:\/\/shop.bantam.ch\/de\/wp-json\/wp\/v2\/product_cat?post=108194"},{"taxonomy":"product_tag","embeddable":true,"href":"https:\/\/shop.bantam.ch\/de\/wp-json\/wp\/v2\/product_tag?post=108194"}],"curies":[{"name":"wp","href":"https:\/\/api.w.org\/{rel}","templated":true}]}}