{"id":108154,"date":"2023-02-28T08:29:56","date_gmt":"2023-02-28T07:29:56","guid":{"rendered":"http:\/\/shop.bantam.ch\/produit\/schneidebrett-2-teilig-door-store-chop\/"},"modified":"2026-05-02T21:37:51","modified_gmt":"2026-05-02T19:37:51","slug":"schneidebrett-2-teilig-door-store-chop","status":"publish","type":"product","link":"https:\/\/shop.bantam.ch\/de\/produkt\/schneidebrett-2-teilig-door-store-chop\/","title":{"rendered":"Door Store Chop Joseph Joseph 2-teiliges Schneidebrett"},"content":{"rendered":"<p>Dieses einfallsreiche Schneidebrett-Set nutzt den Platz in Ihrem Schrank optimal aus, indem es auf der R\u00fcckseite der T\u00fcr verstaut wird. Schlanker Aufbewahrungskoffer, ideal f\u00fcr die Montage in engen R\u00e4umen Einfache, werkzeuglose Installation mit starkem Klebeband 3M VHB Doppelseitige Schneidebretter mit rutschfesten F\u00fc\u00dfen Messerfreundliche, strukturierte Schnittfl\u00e4chen Das Set enth\u00e4lt zwei verschieden gro\u00dfe Schneidebretter und einen schlanken Aufbewahrungskoffer.<\/p>\n","protected":false},"excerpt":{"rendered":"<p>Dieses einfallsreiche Schneidebrett-Set nutzt den Platz in Ihrem Schrank optimal aus, indem es auf der R\u00fcckseite der T\u00fcr verstaut wird. Schlanker Aufbewahrungskoffer, ideal f\u00fcr die Montage in engen R\u00e4umen Einfache, werkzeuglose Installation mit starkem Klebeband 3M VHB Doppelseitige Schneidebretter mit rutschfesten F\u00fc\u00dfen Messerfreundliche, strukturierte Schnittfl\u00e4chen Das Set enth\u00e4lt zwei verschieden gro\u00dfe Schneidebretter und einen schlanken [&hellip;]<\/p>\n","protected":false},"featured_media":108142,"template":"","meta":{"_acf_changed":false},"product_featured_cat":[],"product_brand":[3413],"product_cat":[4286],"product_tag":[],"class_list":{"0":"post-108154","1":"product","2":"type-product","3":"status-publish","4":"has-post-thumbnail","6":"product_brand-joseph-joseph-de","7":"product_cat-kuechenhelfer","9":"first","10":"instock","11":"taxable","12":"shipping-taxable","13":"purchasable","14":"product-type-simple"},"acf":[],"yoast_head":"<!-- This site is optimized with the Yoast SEO plugin v27.5 - https:\/\/yoast.com\/product\/yoast-seo-wordpress\/ -->\n<title>Door Store Chop Joseph Joseph 2-teiliges Schneidebrett - Bantam<\/title>\n<meta name=\"robots\" content=\"index, follow, max-snippet:-1, max-image-preview:large, max-video-preview:-1\" \/>\n<link rel=\"canonical\" href=\"https:\/\/shop.bantam.ch\/de\/produkt\/schneidebrett-2-teilig-door-store-chop\/\" \/>\n<meta property=\"og:locale\" content=\"de_DE\" \/>\n<meta property=\"og:type\" content=\"article\" \/>\n<meta property=\"og:title\" content=\"Door Store Chop Joseph Joseph 2-teiliges Schneidebrett - Bantam\" \/>\n<meta property=\"og:description\" content=\"Dieses einfallsreiche Schneidebrett-Set nutzt den Platz in Ihrem Schrank optimal aus, indem es auf der R\u00fcckseite der T\u00fcr verstaut wird. Schlanker Aufbewahrungskoffer, ideal f\u00fcr die Montage in engen R\u00e4umen Einfache, werkzeuglose Installation mit starkem Klebeband 3M VHB Doppelseitige Schneidebretter mit rutschfesten F\u00fc\u00dfen Messerfreundliche, strukturierte Schnittfl\u00e4chen Das Set enth\u00e4lt zwei verschieden gro\u00dfe Schneidebretter und einen schlanken [&hellip;]\" \/>\n<meta property=\"og:url\" content=\"https:\/\/shop.bantam.ch\/de\/produkt\/schneidebrett-2-teilig-door-store-chop\/\" \/>\n<meta property=\"og:site_name\" content=\"Bantam\" \/>\n<meta property=\"article:modified_time\" content=\"2026-05-02T19:37:51+00:00\" \/>\n<meta property=\"og:image\" content=\"https:\/\/shop.bantam.ch\/wp-content\/uploads\/2023\/02\/993507011.jpg\" \/>\n\t<meta property=\"og:image:width\" content=\"596\" \/>\n\t<meta property=\"og:image:height\" content=\"1000\" \/>\n\t<meta property=\"og:image:type\" content=\"image\/jpeg\" \/>\n<meta name=\"twitter:card\" content=\"summary_large_image\" \/>\n<script type=\"application\/ld+json\" class=\"yoast-schema-graph\">{\"@context\":\"https:\\\/\\\/schema.org\",\"@graph\":[{\"@type\":\"WebPage\",\"@id\":\"https:\\\/\\\/shop.bantam.ch\\\/de\\\/produkt\\\/schneidebrett-2-teilig-door-store-chop\\\/\",\"url\":\"https:\\\/\\\/shop.bantam.ch\\\/de\\\/produkt\\\/schneidebrett-2-teilig-door-store-chop\\\/\",\"name\":\"Door Store Chop Joseph Joseph 2-teiliges Schneidebrett - Bantam\",\"isPartOf\":{\"@id\":\"https:\\\/\\\/shop.bantam.ch\\\/de\\\/#website\"},\"primaryImageOfPage\":{\"@id\":\"https:\\\/\\\/shop.bantam.ch\\\/de\\\/produkt\\\/schneidebrett-2-teilig-door-store-chop\\\/#primaryimage\"},\"image\":{\"@id\":\"https:\\\/\\\/shop.bantam.ch\\\/de\\\/produkt\\\/schneidebrett-2-teilig-door-store-chop\\\/#primaryimage\"},\"thumbnailUrl\":\"https:\\\/\\\/shop.bantam.ch\\\/wp-content\\\/uploads\\\/2023\\\/02\\\/993507011.jpg\",\"datePublished\":\"2023-02-28T07:29:56+00:00\",\"dateModified\":\"2026-05-02T19:37:51+00:00\",\"breadcrumb\":{\"@id\":\"https:\\\/\\\/shop.bantam.ch\\\/de\\\/produkt\\\/schneidebrett-2-teilig-door-store-chop\\\/#breadcrumb\"},\"inLanguage\":\"de\",\"potentialAction\":[{\"@type\":\"ReadAction\",\"target\":[\"https:\\\/\\\/shop.bantam.ch\\\/de\\\/produkt\\\/schneidebrett-2-teilig-door-store-chop\\\/\"]}]},{\"@type\":\"ImageObject\",\"inLanguage\":\"de\",\"@id\":\"https:\\\/\\\/shop.bantam.ch\\\/de\\\/produkt\\\/schneidebrett-2-teilig-door-store-chop\\\/#primaryimage\",\"url\":\"https:\\\/\\\/shop.bantam.ch\\\/wp-content\\\/uploads\\\/2023\\\/02\\\/993507011.jpg\",\"contentUrl\":\"https:\\\/\\\/shop.bantam.ch\\\/wp-content\\\/uploads\\\/2023\\\/02\\\/993507011.jpg\",\"width\":596,\"height\":1000},{\"@type\":\"BreadcrumbList\",\"@id\":\"https:\\\/\\\/shop.bantam.ch\\\/de\\\/produkt\\\/schneidebrett-2-teilig-door-store-chop\\\/#breadcrumb\",\"itemListElement\":[{\"@type\":\"ListItem\",\"position\":1,\"name\":\"Accueil\",\"item\":\"https:\\\/\\\/shop.bantam.ch\\\/de\\\/\"},{\"@type\":\"ListItem\",\"position\":2,\"name\":\"Shop\",\"item\":\"https:\\\/\\\/shop.bantam.ch\\\/de\\\/shop\\\/\"},{\"@type\":\"ListItem\",\"position\":3,\"name\":\"Door Store Chop Joseph Joseph 2-teiliges Schneidebrett\"}]},{\"@type\":\"WebSite\",\"@id\":\"https:\\\/\\\/shop.bantam.ch\\\/de\\\/#website\",\"url\":\"https:\\\/\\\/shop.bantam.ch\\\/de\\\/\",\"name\":\"Bantam\",\"description\":\"\",\"publisher\":{\"@id\":\"https:\\\/\\\/shop.bantam.ch\\\/de\\\/#organization\"},\"inLanguage\":\"de\"},{\"@type\":\"Organization\",\"@id\":\"https:\\\/\\\/shop.bantam.ch\\\/de\\\/#organization\",\"name\":\"Bantam\",\"url\":\"https:\\\/\\\/shop.bantam.ch\\\/de\\\/\",\"logo\":{\"@type\":\"ImageObject\",\"inLanguage\":\"de\",\"@id\":\"https:\\\/\\\/shop.bantam.ch\\\/de\\\/#\\\/schema\\\/logo\\\/image\\\/\",\"url\":\"https:\\\/\\\/shop.bantam.ch\\\/wp-content\\\/uploads\\\/2022\\\/12\\\/bantam-logo.png\",\"contentUrl\":\"https:\\\/\\\/shop.bantam.ch\\\/wp-content\\\/uploads\\\/2022\\\/12\\\/bantam-logo.png\",\"width\":320,\"height\":71,\"caption\":\"Bantam\"},\"image\":{\"@id\":\"https:\\\/\\\/shop.bantam.ch\\\/de\\\/#\\\/schema\\\/logo\\\/image\\\/\"}}]}<\/script>\n<!-- \/ Yoast SEO plugin. -->","yoast_head_json":{"title":"Door Store Chop Joseph Joseph 2-teiliges Schneidebrett - Bantam","robots":{"index":"index","follow":"follow","max-snippet":"max-snippet:-1","max-image-preview":"max-image-preview:large","max-video-preview":"max-video-preview:-1"},"canonical":"https:\/\/shop.bantam.ch\/de\/produkt\/schneidebrett-2-teilig-door-store-chop\/","og_locale":"de_DE","og_type":"article","og_title":"Door Store Chop Joseph Joseph 2-teiliges Schneidebrett - Bantam","og_description":"Dieses einfallsreiche Schneidebrett-Set nutzt den Platz in Ihrem Schrank optimal aus, indem es auf der R\u00fcckseite der T\u00fcr verstaut wird. Schlanker Aufbewahrungskoffer, ideal f\u00fcr die Montage in engen R\u00e4umen Einfache, werkzeuglose Installation mit starkem Klebeband 3M VHB Doppelseitige Schneidebretter mit rutschfesten F\u00fc\u00dfen Messerfreundliche, strukturierte Schnittfl\u00e4chen Das Set enth\u00e4lt zwei verschieden gro\u00dfe Schneidebretter und einen schlanken [&hellip;]","og_url":"https:\/\/shop.bantam.ch\/de\/produkt\/schneidebrett-2-teilig-door-store-chop\/","og_site_name":"Bantam","article_modified_time":"2026-05-02T19:37:51+00:00","og_image":[{"width":596,"height":1000,"url":"https:\/\/shop.bantam.ch\/wp-content\/uploads\/2023\/02\/993507011.jpg","type":"image\/jpeg"}],"twitter_card":"summary_large_image","schema":{"@context":"https:\/\/schema.org","@graph":[{"@type":"WebPage","@id":"https:\/\/shop.bantam.ch\/de\/produkt\/schneidebrett-2-teilig-door-store-chop\/","url":"https:\/\/shop.bantam.ch\/de\/produkt\/schneidebrett-2-teilig-door-store-chop\/","name":"Door Store Chop Joseph Joseph 2-teiliges Schneidebrett - Bantam","isPartOf":{"@id":"https:\/\/shop.bantam.ch\/de\/#website"},"primaryImageOfPage":{"@id":"https:\/\/shop.bantam.ch\/de\/produkt\/schneidebrett-2-teilig-door-store-chop\/#primaryimage"},"image":{"@id":"https:\/\/shop.bantam.ch\/de\/produkt\/schneidebrett-2-teilig-door-store-chop\/#primaryimage"},"thumbnailUrl":"https:\/\/shop.bantam.ch\/wp-content\/uploads\/2023\/02\/993507011.jpg","datePublished":"2023-02-28T07:29:56+00:00","dateModified":"2026-05-02T19:37:51+00:00","breadcrumb":{"@id":"https:\/\/shop.bantam.ch\/de\/produkt\/schneidebrett-2-teilig-door-store-chop\/#breadcrumb"},"inLanguage":"de","potentialAction":[{"@type":"ReadAction","target":["https:\/\/shop.bantam.ch\/de\/produkt\/schneidebrett-2-teilig-door-store-chop\/"]}]},{"@type":"ImageObject","inLanguage":"de","@id":"https:\/\/shop.bantam.ch\/de\/produkt\/schneidebrett-2-teilig-door-store-chop\/#primaryimage","url":"https:\/\/shop.bantam.ch\/wp-content\/uploads\/2023\/02\/993507011.jpg","contentUrl":"https:\/\/shop.bantam.ch\/wp-content\/uploads\/2023\/02\/993507011.jpg","width":596,"height":1000},{"@type":"BreadcrumbList","@id":"https:\/\/shop.bantam.ch\/de\/produkt\/schneidebrett-2-teilig-door-store-chop\/#breadcrumb","itemListElement":[{"@type":"ListItem","position":1,"name":"Accueil","item":"https:\/\/shop.bantam.ch\/de\/"},{"@type":"ListItem","position":2,"name":"Shop","item":"https:\/\/shop.bantam.ch\/de\/shop\/"},{"@type":"ListItem","position":3,"name":"Door Store Chop Joseph Joseph 2-teiliges Schneidebrett"}]},{"@type":"WebSite","@id":"https:\/\/shop.bantam.ch\/de\/#website","url":"https:\/\/shop.bantam.ch\/de\/","name":"Bantam","description":"","publisher":{"@id":"https:\/\/shop.bantam.ch\/de\/#organization"},"inLanguage":"de"},{"@type":"Organization","@id":"https:\/\/shop.bantam.ch\/de\/#organization","name":"Bantam","url":"https:\/\/shop.bantam.ch\/de\/","logo":{"@type":"ImageObject","inLanguage":"de","@id":"https:\/\/shop.bantam.ch\/de\/#\/schema\/logo\/image\/","url":"https:\/\/shop.bantam.ch\/wp-content\/uploads\/2022\/12\/bantam-logo.png","contentUrl":"https:\/\/shop.bantam.ch\/wp-content\/uploads\/2022\/12\/bantam-logo.png","width":320,"height":71,"caption":"Bantam"},"image":{"@id":"https:\/\/shop.bantam.ch\/de\/#\/schema\/logo\/image\/"}}]}},"_links":{"self":[{"href":"https:\/\/shop.bantam.ch\/de\/wp-json\/wp\/v2\/product\/108154","targetHints":{"allow":["GET"]}}],"collection":[{"href":"https:\/\/shop.bantam.ch\/de\/wp-json\/wp\/v2\/product"}],"about":[{"href":"https:\/\/shop.bantam.ch\/de\/wp-json\/wp\/v2\/types\/product"}],"wp:featuredmedia":[{"embeddable":true,"href":"https:\/\/shop.bantam.ch\/de\/wp-json\/wp\/v2\/media\/108142"}],"wp:attachment":[{"href":"https:\/\/shop.bantam.ch\/de\/wp-json\/wp\/v2\/media?parent=108154"}],"wp:term":[{"taxonomy":"product_featured_cat","embeddable":true,"href":"https:\/\/shop.bantam.ch\/de\/wp-json\/wp\/v2\/product_featured_cat?post=108154"},{"taxonomy":"product_brand","embeddable":true,"href":"https:\/\/shop.bantam.ch\/de\/wp-json\/wp\/v2\/product_brand?post=108154"},{"taxonomy":"product_cat","embeddable":true,"href":"https:\/\/shop.bantam.ch\/de\/wp-json\/wp\/v2\/product_cat?post=108154"},{"taxonomy":"product_tag","embeddable":true,"href":"https:\/\/shop.bantam.ch\/de\/wp-json\/wp\/v2\/product_tag?post=108154"}],"curies":[{"name":"wp","href":"https:\/\/api.w.org\/{rel}","templated":true}]}}